{"id":84425,"date":"2023-06-19T12:45:03","date_gmt":"2023-06-19T10:45:03","guid":{"rendered":"https:\/\/www.maccaferri.com\/tr\/?page_id=84425"},"modified":"2025-10-08T09:23:00","modified_gmt":"2025-10-08T07:23:00","slug":"informative-technical-package","status":"publish","type":"page","link":"https:\/\/www.maccaferri.com\/tr\/informative-technical-package\/","title":{"rendered":"Informative Technical Package"},"content":{"rendered":"<div class=\"wp-block-mac-slider-hero-block hero-slider\"><div id=\"hero40\" class=\"carousel slide\" data-bs-ride=\"true\"><ol class=\"carousel-indicators box-container\"><li data-bs-target=\"#hero40\" data-bs-slide-to=\"0\" class=\"active\"><\/li><\/ol><div class=\"carousel-inner\"><div class=\"carousel-item active\"><div class=\"hero\"><div class=\"gts__picture\"><img decoding=\"async\" src=\"https:\/\/www.maccaferri.com\/tr\/wp-content\/uploads\/2023\/06\/Immagine-testa-sito-1.png\" style=\"display:none\"\/><div class=\"gts__picture__image\" style=\"background-image:url(https:\/\/www.maccaferri.com\/tr\/wp-content\/uploads\/2023\/06\/Immagine-testa-sito-1.png)\"><\/div><\/div><div class=\"container box-container\"><div class=\"row\"><div class=\"col-12 col-lg-6 col-xl-6 col-xxl-6\"><p><span class=\"hero-index\" style=\"display:none\">0<\/span><\/p><h2 class=\"hero-text-container\"><span class=\"hero-text\">GEOHAZARD M\u0130T\u0130GASYONUNA Y\u00d6NEL\u0130K KAYNAKLAR<\/span><\/h2><a class=\"hero-buttonurl\" href=\"https:\/\/www.maccaferri.com\/informative-technical-package\/#download\"><span class=\"hero-buttontext\">\u015e\u0130MD\u0130 \u0130ND\u0130R<\/span><\/a><\/div><\/div><\/div><\/div><\/div><\/div><button class=\"carousel-control-prev\" href=\"#hero40\" type=\"button\" data-bs-slide=\"prev\"><span class=\"carousel-control-prev-icon\" aria-hidden=\"true\"><\/span><span class=\"visually-hidden\">Previous<\/span><\/button><button class=\"carousel-control-next\" href=\"#hero40\" type=\"button\" data-bs-slide=\"next\"><span class=\"carousel-control-next-icon\" aria-hidden=\"true\"><\/span><span class=\"visually-hidden\">Next<\/span><\/button><\/div><\/div><div class=\"wp-block-columns has-background is-layout-flex wp-container-core-columns-is-layout-9d6595d7 wp-block-columns-is-layout-flex\" style=\"background-color:#004857\"><div class=\"wp-block-column is-layout-flow wp-block-column-is-layout-flow\"><div class=\"wp-block-mac-title-cta-two-block container box-container\" style=\"background:#004857\"><div class=\"row\"><div class=\"col-12 col-lg-5 col-xl-5 col-xxl-5 title-box-txt\"><H2 class=\"wp-block-mac-title-cta-two-block\" style=\"color:#A7C8CB\">TERC\u0130HLER\u0130M\u0130Z<\/H2><\/div><div class=\"col-12 offset-lg-1 offset-xl-1 offset-xxl-1 col-lg-6 col-xl-6 col-xxl-6 title-box-txt\"><div style=\"text-align:right\"><p class=\"wp-block-mac-title-cta-two-block\" style=\"color:#FFFFFF\">Kayal\u0131k d\u00fc\u015f\u00fc\u015f\u00fc ve tehlike azaltma sistemleri, yollar, demiryollar\u0131, madencilik operasyonlar\u0131 ve altyap\u0131n\u0131n g\u00fcvenli\u011fi i\u00e7in hayati \u00f6neme sahiptir. K\u00fc\u00e7\u00fck kazalar bile \u00f6nemli kesintilere ve ekonomik etkilere neden olabilir. Binalar ve hassas tesisler de kayal\u0131k d\u00fc\u015f\u00fc\u015fleri, toprak kaymalar\u0131 ve \u00e7\u0131\u011flar nedeniyle risk alt\u0131ndad\u0131r. 60 y\u0131l\u0131 a\u015fk\u0131n tecr\u00fcbeye sahip olan Maccaferri, geni\u015f bir kayal\u0131k d\u00fc\u015f\u00fc\u015f\u00fc koruma sistemi ve do\u011fal tehlike azaltma \u00e7\u00f6z\u00fcmleri yelpazesi sunmaktad\u0131r. Sertifikal\u0131, test edilmi\u015f ve en son standartlara uygun olan MAC.RO\u2122 sistemleri, kurulumu kolayd\u0131r ve d\u00fcnya \u00e7ap\u0131nda etkili koruma sa\u011flar.<\/p><\/div><div style=\"text-align:right\"><a href=\"https:\/\/www.maccaferri.com\/informative-technical-package\/#download\" target=\"_blank\" class=\"buttonurl\" rel=\"noopener\"><span class=\"buttontext\">\u015e\u0130MD\u0130 \u0130ND\u0130R<\/span><\/a><\/div><\/div><\/div><\/div><\/div><\/div><div class=\"wp-block-columns is-layout-flex wp-container-core-columns-is-layout-9d6595d7 wp-block-columns-is-layout-flex\"><div class=\"wp-block-column is-layout-flow wp-block-column-is-layout-flow\" id=\"download\"><\/div><\/div><div class=\"wp-block-mac-container-block box-container\"><div class=\"wp-block-columns is-layout-flex wp-container-core-columns-is-layout-9d6595d7 wp-block-columns-is-layout-flex\"><div class=\"wp-block-column is-layout-flow wp-block-column-is-layout-flow\"><div class=\"wp-block-mac-card-new-block block-latest-news-container\"><div class=\"card\"><div class=\"content-images\"><img decoding=\"async\" class=\"box-image\" src=\"https:\/\/www.maccaferri.com\/wp-content\/uploads\/2023\/06\/rockfall-1.png\" alt=\"Image Stories\"\/><\/div><div class=\"card-body\"><h6 class=\"wp-block-mac-card-new-block\" style=\"color:#212429\">Brochure Rockfall<\/h6><span class=\"abstract\" style=\"color:#212429\"><\/span><a href=\"https:\/\/www2.maccaferri.com\/l\/965143\/2023-06-26\/5qmxjy\" target=\"_blank\" class=\"cta\" rel=\"noopener\"><span class=\"text\" style=\"color:#004857\">Download<\/span><\/a><div class=\"star\"><span class=\"material-symbols-rounded starrate\">star<\/span><\/div><\/div><\/div><\/div><\/div>\n\n<div class=\"wp-block-column is-layout-flow wp-block-column-is-layout-flow\"><div class=\"wp-block-mac-card-new-block block-latest-news-container\"><div class=\"card\"><div class=\"content-images\"><img decoding=\"async\" class=\"box-image\" src=\"https:\/\/www.maccaferri.com\/wp-content\/uploads\/2023\/06\/hellomac_card.png\" alt=\"Image Stories\"\/><\/div><div class=\"card-body\"><h6 class=\"wp-block-mac-card-new-block\" style=\"color:#212429\">HELLOMAC PPT<\/h6><span class=\"abstract\" style=\"color:#212429\"><\/span><a href=\"https:\/\/www2.maccaferri.com\/l\/965143\/2023-06-26\/5qmxj5\" target=\"_blank\" class=\"cta\" rel=\"noopener\"><span class=\"text\" style=\"color:#004857\">Download<\/span><\/a><div class=\"star\"><span class=\"material-symbols-rounded starrate\">star<\/span><\/div><\/div><\/div><\/div><\/div>\n\n<div class=\"wp-block-column is-layout-flow wp-block-column-is-layout-flow\"><div class=\"wp-block-mac-card-new-block block-latest-news-container\"><div class=\"card\"><div class=\"content-images\"><img decoding=\"async\" class=\"box-image\" src=\"https:\/\/www.maccaferri.com\/wp-content\/uploads\/2023\/06\/MacArmour.png\" alt=\"Image Stories\"\/><\/div><div class=\"card-body\"><h6 class=\"wp-block-mac-card-new-block\" style=\"color:#212429\">MacArmour PPT<\/h6><span class=\"abstract\" style=\"color:#212429\"><\/span><a href=\"https:\/\/www2.maccaferri.com\/l\/965143\/2023-06-26\/5qmxhn\" target=\"_blank\" class=\"cta\" rel=\"noopener\"><span class=\"text\" style=\"color:#004857\">Download<\/span><\/a><div class=\"star\"><span class=\"material-symbols-rounded starrate\">star<\/span><\/div><\/div><\/div><\/div><\/div>\n\n<div class=\"wp-block-column is-layout-flow wp-block-column-is-layout-flow\"><div class=\"wp-block-mac-card-new-block block-latest-news-container\"><div class=\"card\"><div class=\"content-images\"><img decoding=\"async\" class=\"box-image\" src=\"https:\/\/www.maccaferri.com\/wp-content\/uploads\/2023\/06\/Hydaulic-1.png\" alt=\"Image Stories\"\/><\/div><div class=\"card-body\"><h6 class=\"wp-block-mac-card-new-block\" style=\"color:#212429\">Brochure Hydraulic Works<\/h6><span class=\"abstract\" style=\"color:#212429\"><\/span><a href=\"https:\/\/www2.maccaferri.com\/l\/965143\/2023-06-26\/5qmxhc\" target=\"_blank\" class=\"cta\" rel=\"noopener\"><span class=\"text\" style=\"color:#004857\">Downlaod<\/span><\/a><div class=\"star\"><span class=\"material-symbols-rounded starrate\">star<\/span><\/div><\/div><\/div><\/div><\/div><\/div><\/div><p><\/p>","protected":false},"excerpt":{"rendered":"","protected":false},"author":6,"featured_media":0,"parent":0,"menu_order":0,"comment_status":"closed","ping_status":"closed","template":"","meta":{"_acf_changed":false,"_joinchat":[],"footnotes":""},"class_list":["post-84425","page","type-page","status-publish","hentry"],"acf":{"uuid_products":"","product-documents":""},"yoast_head":"<!-- This site is optimized with the Yoast SEO Premium plugin v27.0 (Yoast SEO v27.0) - https:\/\/yoast.com\/product\/yoast-seo-premium-wordpress\/ -->\n<title>Informative Technical Package - Maccaferri T\u00fcrkiye<\/title>\n<meta name=\"description\" content=\"0GEOHAZARD M\u0130T\u0130GASYONUNA Y\u00d6NEL\u0130K KAYNAKLAR\u015e\u0130MD\u0130 \u0130ND\u0130RPreviousNext TERC\u0130HLER\u0130M\u0130ZKayal\u0131k d\u00fc\u015f\u00fc\u015f\u00fc ve tehlike azaltma sistemleri, yollar, demiryollar\u0131,\" \/>\n<meta name=\"robots\" content=\"index, follow, max-snippet:-1, max-image-preview:large, max-video-preview:-1\" \/>\n<link rel=\"canonical\" href=\"https:\/\/www.maccaferri.com\/tr\/informative-technical-package\/\" \/>\n<meta property=\"og:locale\" content=\"tr_TR\" \/>\n<meta property=\"og:type\" content=\"article\" \/>\n<meta property=\"og:title\" content=\"Informative Technical Package - Maccaferri T\u00fcrkiye\" \/>\n<meta property=\"og:description\" content=\"0GEOHAZARD M\u0130T\u0130GASYONUNA Y\u00d6NEL\u0130K KAYNAKLAR\u015e\u0130MD\u0130 \u0130ND\u0130RPreviousNext TERC\u0130HLER\u0130M\u0130ZKayal\u0131k d\u00fc\u015f\u00fc\u015f\u00fc ve tehlike azaltma sistemleri, yollar, demiryollar\u0131,\" \/>\n<meta property=\"og:url\" content=\"https:\/\/www.maccaferri.com\/tr\/informative-technical-package\/\" \/>\n<meta property=\"og:site_name\" content=\"Maccaferri T\u00fcrkiye\" \/>\n<meta property=\"article:modified_time\" content=\"2025-10-08T07:23:00+00:00\" \/>\n<meta property=\"og:image\" content=\"https:\/\/www.maccaferri.com\/tr\/wp-content\/uploads\/2023\/06\/Immagine-testa-sito-1.png\" \/>\n<meta name=\"twitter:card\" content=\"summary_large_image\" \/>\n<meta name=\"twitter:label1\" content=\"Est. reading time\" \/>\n\t<meta name=\"twitter:data1\" content=\"2 minutes\" \/>\n<script type=\"application\/ld+json\" class=\"yoast-schema-graph\">{\"@context\":\"https:\/\/schema.org\",\"@graph\":[{\"@type\":\"WebPage\",\"@id\":\"https:\/\/www.maccaferri.com\/tr\/informative-technical-package\/\",\"url\":\"https:\/\/www.maccaferri.com\/tr\/informative-technical-package\/\",\"name\":\"Informative Technical Package - Maccaferri T\u00fcrkiye\",\"isPartOf\":{\"@id\":\"https:\/\/www.maccaferri.com\/tr\/#website\"},\"primaryImageOfPage\":{\"@id\":\"https:\/\/www.maccaferri.com\/tr\/informative-technical-package\/#primaryimage\"},\"image\":{\"@id\":\"https:\/\/www.maccaferri.com\/tr\/informative-technical-package\/#primaryimage\"},\"thumbnailUrl\":\"https:\/\/www.maccaferri.com\/tr\/wp-content\/uploads\/2023\/06\/Immagine-testa-sito-1.png\",\"datePublished\":\"2023-06-19T10:45:03+00:00\",\"dateModified\":\"2025-10-08T07:23:00+00:00\",\"description\":\"0GEOHAZARD M\u0130T\u0130GASYONUNA Y\u00d6NEL\u0130K KAYNAKLAR\u015e\u0130MD\u0130 \u0130ND\u0130RPreviousNext TERC\u0130HLER\u0130M\u0130ZKayal\u0131k d\u00fc\u015f\u00fc\u015f\u00fc ve tehlike azaltma sistemleri, yollar, demiryollar\u0131,\",\"inLanguage\":\"tr-TR\",\"potentialAction\":[{\"@type\":\"ReadAction\",\"target\":[\"https:\/\/www.maccaferri.com\/tr\/informative-technical-package\/\"]}]},{\"@type\":\"ImageObject\",\"inLanguage\":\"tr-TR\",\"@id\":\"https:\/\/www.maccaferri.com\/tr\/informative-technical-package\/#primaryimage\",\"url\":\"https:\/\/www.maccaferri.com\/tr\/wp-content\/uploads\/2023\/06\/Immagine-testa-sito-1.png\",\"contentUrl\":\"https:\/\/www.maccaferri.com\/tr\/wp-content\/uploads\/2023\/06\/Immagine-testa-sito-1.png\",\"width\":1915,\"height\":530},{\"@type\":\"WebSite\",\"@id\":\"https:\/\/www.maccaferri.com\/tr\/#website\",\"url\":\"https:\/\/www.maccaferri.com\/tr\/\",\"name\":\"Maccaferri T\u00fcrkiye\",\"description\":\"\",\"publisher\":{\"@id\":\"https:\/\/www.maccaferri.com\/tr\/#organization\"},\"potentialAction\":[{\"@type\":\"SearchAction\",\"target\":{\"@type\":\"EntryPoint\",\"urlTemplate\":\"https:\/\/www.maccaferri.com\/tr\/?s={search_term_string}\"},\"query-input\":{\"@type\":\"PropertyValueSpecification\",\"valueRequired\":true,\"valueName\":\"search_term_string\"}}],\"inLanguage\":\"tr-TR\"},{\"@type\":\"Organization\",\"@id\":\"https:\/\/www.maccaferri.com\/tr\/#organization\",\"name\":\"Maccaferri T\u00fcrkiye\",\"url\":\"https:\/\/www.maccaferri.com\/tr\/\",\"logo\":{\"@type\":\"ImageObject\",\"inLanguage\":\"tr-TR\",\"@id\":\"https:\/\/www.maccaferri.com\/tr\/#\/schema\/logo\/image\/\",\"url\":\"https:\/\/www.maccaferri.com\/tr\/wp-content\/uploads\/2022\/07\/logo-maccaferri.png\",\"contentUrl\":\"https:\/\/www.maccaferri.com\/tr\/wp-content\/uploads\/2022\/07\/logo-maccaferri.png\",\"width\":152,\"height\":32,\"caption\":\"Maccaferri T\u00fcrkiye\"},\"image\":{\"@id\":\"https:\/\/www.maccaferri.com\/tr\/#\/schema\/logo\/image\/\"}}]}<\/script>\n<!-- \/ Yoast SEO Premium plugin. -->","yoast_head_json":{"title":"Informative Technical Package - Maccaferri T\u00fcrkiye","description":"0GEOHAZARD M\u0130T\u0130GASYONUNA Y\u00d6NEL\u0130K KAYNAKLAR\u015e\u0130MD\u0130 \u0130ND\u0130RPreviousNext TERC\u0130HLER\u0130M\u0130ZKayal\u0131k d\u00fc\u015f\u00fc\u015f\u00fc ve tehlike azaltma sistemleri, yollar, demiryollar\u0131,","robots":{"index":"index","follow":"follow","max-snippet":"max-snippet:-1","max-image-preview":"max-image-preview:large","max-video-preview":"max-video-preview:-1"},"canonical":"https:\/\/www.maccaferri.com\/tr\/informative-technical-package\/","og_locale":"tr_TR","og_type":"article","og_title":"Informative Technical Package - Maccaferri T\u00fcrkiye","og_description":"0GEOHAZARD M\u0130T\u0130GASYONUNA Y\u00d6NEL\u0130K KAYNAKLAR\u015e\u0130MD\u0130 \u0130ND\u0130RPreviousNext TERC\u0130HLER\u0130M\u0130ZKayal\u0131k d\u00fc\u015f\u00fc\u015f\u00fc ve tehlike azaltma sistemleri, yollar, demiryollar\u0131,","og_url":"https:\/\/www.maccaferri.com\/tr\/informative-technical-package\/","og_site_name":"Maccaferri T\u00fcrkiye","article_modified_time":"2025-10-08T07:23:00+00:00","og_image":[{"url":"https:\/\/www.maccaferri.com\/tr\/wp-content\/uploads\/2023\/06\/Immagine-testa-sito-1.png","type":"","width":"","height":""}],"twitter_card":"summary_large_image","twitter_misc":{"Est. reading time":"2 minutes"},"schema":{"@context":"https:\/\/schema.org","@graph":[{"@type":"WebPage","@id":"https:\/\/www.maccaferri.com\/tr\/informative-technical-package\/","url":"https:\/\/www.maccaferri.com\/tr\/informative-technical-package\/","name":"Informative Technical Package - Maccaferri T\u00fcrkiye","isPartOf":{"@id":"https:\/\/www.maccaferri.com\/tr\/#website"},"primaryImageOfPage":{"@id":"https:\/\/www.maccaferri.com\/tr\/informative-technical-package\/#primaryimage"},"image":{"@id":"https:\/\/www.maccaferri.com\/tr\/informative-technical-package\/#primaryimage"},"thumbnailUrl":"https:\/\/www.maccaferri.com\/tr\/wp-content\/uploads\/2023\/06\/Immagine-testa-sito-1.png","datePublished":"2023-06-19T10:45:03+00:00","dateModified":"2025-10-08T07:23:00+00:00","description":"0GEOHAZARD M\u0130T\u0130GASYONUNA Y\u00d6NEL\u0130K KAYNAKLAR\u015e\u0130MD\u0130 \u0130ND\u0130RPreviousNext TERC\u0130HLER\u0130M\u0130ZKayal\u0131k d\u00fc\u015f\u00fc\u015f\u00fc ve tehlike azaltma sistemleri, yollar, demiryollar\u0131,","inLanguage":"tr-TR","potentialAction":[{"@type":"ReadAction","target":["https:\/\/www.maccaferri.com\/tr\/informative-technical-package\/"]}]},{"@type":"ImageObject","inLanguage":"tr-TR","@id":"https:\/\/www.maccaferri.com\/tr\/informative-technical-package\/#primaryimage","url":"https:\/\/www.maccaferri.com\/tr\/wp-content\/uploads\/2023\/06\/Immagine-testa-sito-1.png","contentUrl":"https:\/\/www.maccaferri.com\/tr\/wp-content\/uploads\/2023\/06\/Immagine-testa-sito-1.png","width":1915,"height":530},{"@type":"WebSite","@id":"https:\/\/www.maccaferri.com\/tr\/#website","url":"https:\/\/www.maccaferri.com\/tr\/","name":"Maccaferri T\u00fcrkiye","description":"","publisher":{"@id":"https:\/\/www.maccaferri.com\/tr\/#organization"},"potentialAction":[{"@type":"SearchAction","target":{"@type":"EntryPoint","urlTemplate":"https:\/\/www.maccaferri.com\/tr\/?s={search_term_string}"},"query-input":{"@type":"PropertyValueSpecification","valueRequired":true,"valueName":"search_term_string"}}],"inLanguage":"tr-TR"},{"@type":"Organization","@id":"https:\/\/www.maccaferri.com\/tr\/#organization","name":"Maccaferri T\u00fcrkiye","url":"https:\/\/www.maccaferri.com\/tr\/","logo":{"@type":"ImageObject","inLanguage":"tr-TR","@id":"https:\/\/www.maccaferri.com\/tr\/#\/schema\/logo\/image\/","url":"https:\/\/www.maccaferri.com\/tr\/wp-content\/uploads\/2022\/07\/logo-maccaferri.png","contentUrl":"https:\/\/www.maccaferri.com\/tr\/wp-content\/uploads\/2022\/07\/logo-maccaferri.png","width":152,"height":32,"caption":"Maccaferri T\u00fcrkiye"},"image":{"@id":"https:\/\/www.maccaferri.com\/tr\/#\/schema\/logo\/image\/"}}]}},"_links":{"self":[{"href":"https:\/\/www.maccaferri.com\/tr\/wp-json\/wp\/v2\/pages\/84425","targetHints":{"allow":["GET"]}}],"collection":[{"href":"https:\/\/www.maccaferri.com\/tr\/wp-json\/wp\/v2\/pages"}],"about":[{"href":"https:\/\/www.maccaferri.com\/tr\/wp-json\/wp\/v2\/types\/page"}],"author":[{"embeddable":true,"href":"https:\/\/www.maccaferri.com\/tr\/wp-json\/wp\/v2\/users\/6"}],"replies":[{"embeddable":true,"href":"https:\/\/www.maccaferri.com\/tr\/wp-json\/wp\/v2\/comments?post=84425"}],"version-history":[{"count":4,"href":"https:\/\/www.maccaferri.com\/tr\/wp-json\/wp\/v2\/pages\/84425\/revisions"}],"predecessor-version":[{"id":100310,"href":"https:\/\/www.maccaferri.com\/tr\/wp-json\/wp\/v2\/pages\/84425\/revisions\/100310"}],"wp:attachment":[{"href":"https:\/\/www.maccaferri.com\/tr\/wp-json\/wp\/v2\/media?parent=84425"}],"curies":[{"name":"wp","href":"https:\/\/api.w.org\/{rel}","templated":true}]}}