{"id":84407,"date":"2023-02-20T12:29:24","date_gmt":"2023-02-20T11:29:24","guid":{"rendered":"https:\/\/www.maccaferri.com\/tr\/?page_id=84407"},"modified":"2025-10-08T09:01:47","modified_gmt":"2025-10-08T07:01:47","slug":"fastmac","status":"publish","type":"page","link":"https:\/\/www.maccaferri.com\/tr\/fastmac\/","title":{"rendered":"FastMac"},"content":{"rendered":"<div class=\"wp-block-mac-h1-title-hero-block container-fluid block-txt-container\" style=\"background:linear-gradient(180deg,rgb(1,94,111) 0%,rgb(0,72,87) 100%)\"><div class=\"row\"><div class=\"col\"><div class=\"gts__picture\"><img decoding=\"async\" src=\"https:\/\/www.maccaferri.com\/tr\/wp-content\/uploads\/2023\/02\/FastMac.png\" style=\"display:none\"\/><div class=\"gts__picture__image\" style=\"background-image:url(https:\/\/www.maccaferri.com\/tr\/wp-content\/uploads\/2023\/02\/FastMac.png)\"><\/div><\/div><div class=\"container box-container\"><div class=\"row\"><div class=\"col title-box-txt\"><h1 class=\"wp-block-mac-h1-title-hero-block\" style=\"color:#ffffff;text-align:none\">FastMac<\/h1><\/div><\/div><\/div><\/div><\/div><\/div><div class=\"wp-block-mac-container-block box-container\"><div class=\"wp-block-columns is-layout-flex wp-container-core-columns-is-layout-9d6595d7 wp-block-columns-is-layout-flex\"><div class=\"wp-block-column is-layout-flow wp-block-column-is-layout-flow\"><div class=\"container content-paragraph box-container\"><div class=\"row\"><div class=\"col-12 col-lg-12 col-xl-12 col-xxl-12\"><div class=\"content-txt\"><h2>Gabionlar, Reno Mattress Plus ve \u00c7ift B\u00fck\u00fcml\u00fc Tel \u00d6rg\u00fc Kurulumu i\u00e7in en h\u0131zl\u0131 ve en kolay ara\u00e7.<\/h2>\n<\/div><\/div><\/div><\/div>\n\n<div class=\"wp-block-mac-container-block box-container\"><div class=\"wp-block-columns is-layout-flex wp-container-core-columns-is-layout-9d6595d7 wp-block-columns-is-layout-flex\"><div class=\"wp-block-column is-layout-flow wp-block-column-is-layout-flow\"><div class=\"container content-paragraph box-container\"><div class=\"row\"><div class=\"col-12 col-lg-12 col-xl-12 col-xxl-12\"><div class=\"content-txt\"><h4>H\u0131zl\u0131 Kalite<\/h4>\n<\/div><\/div><\/div><\/div><\/div><\/div><\/div>\n\n<div class=\"wp-block-mac-container-block box-container\"><div class=\"wp-block-columns is-layout-flex wp-container-core-columns-is-layout-9d6595d7 wp-block-columns-is-layout-flex\"><div class=\"wp-block-column is-layout-flow wp-block-column-is-layout-flow\"><p>Gabion ve Reno Mattress montaj\u0131, y\u00fcksek mukavemetli halkalara sahip pn\u00f6matik ba\u011flama sistemi FastMac ile hi\u00e7 bu kadar kolay olmam\u0131\u015ft\u0131. FastMac, \u00fcniteleri birle\u015ftirmek ve birbirine ba\u011flamak i\u00e7in h\u0131zl\u0131, g\u00fcvenli ve kalite garantili bir sistem sunar. Ba\u011flant\u0131 halkalar\u0131, geleneksel ba\u011flama teline k\u0131yasla montaj ve kurulum s\u00fcrelerini dakikada 65\u2019ten fazla halka takma kapasitesiyle \u00f6nemli \u00f6l\u00e7\u00fcde azalt\u0131r. FastMac sayesinde ba\u011flama i\u015flemi 8 kata kadar daha h\u0131zl\u0131 olabilir, bu da \u00fcr\u00fcne ba\u011fl\u0131 olarak toplam kurulum s\u00fcresinde %70 ila %80 tasarruf sa\u011flar. Ayr\u0131ca, ba\u011flant\u0131 halkalar\u0131 ile monte edilen Gabion ve Reno Mattress yap\u0131lar\u0131 daha uzun \u00f6m\u00fcrl\u00fcd\u00fcr, tasar\u0131m \u00f6mr\u00fc 120 y\u0131l olup, daha y\u00fcksek ve daha e\u015fit diren\u00e7 sunarak genel kaliteyi art\u0131r\u0131r.<\/p><\/div><\/div><\/div>\n\n<div class=\"wp-block-mac-container-block box-container\"><div class=\"wp-block-columns is-layout-flex wp-container-core-columns-is-layout-9d6595d7 wp-block-columns-is-layout-flex\"><div class=\"wp-block-column is-layout-flow wp-block-column-is-layout-flow\"><div class=\"container content-paragraph box-container\"><div class=\"row\"><div class=\"col-12 col-lg-12 col-xl-12 col-xxl-12\"><div class=\"content-txt\"><h4>30 Saniye Meydan Okumas\u0131<\/h4>\n<\/div><\/div><\/div><\/div><\/div><\/div><\/div>\n\n<div class=\"wp-block-mac-container-block box-container\"><div class=\"wp-block-columns is-layout-flex wp-container-core-columns-is-layout-9d6595d7 wp-block-columns-is-layout-flex\"><div class=\"wp-block-column is-layout-flow wp-block-column-is-layout-flow\"><p>\u0130ki a\u011f, biri C-halkalar\u0131 ve FastMac ile ba\u011flanm\u0131\u015f, di\u011feri ba\u011flama teli ile. Hangisi daha h\u0131zl\u0131 olacak?<\/p><\/div><\/div><\/div><\/div><\/div><\/div><div class=\"wp-block-mac-container-block box-container\"><div class=\"wp-block-columns is-layout-flex wp-container-core-columns-is-layout-9d6595d7 wp-block-columns-is-layout-flex\"><div class=\"wp-block-column is-layout-flow wp-block-column-is-layout-flow\"><figure class=\"wp-block-video\"><video controls controlslist=\"nodownload\" poster=\"https:\/\/www.maccaferri.com\/tr\/wp-content\/uploads\/2023\/02\/MicrosoftTeams-image-29.png\" src=\"https:\/\/www.maccaferri.com\/tr\/wp-content\/uploads\/2023\/02\/Maccaferri_FastMac_v03.mp4\"><\/video><\/figure><\/div><\/div><\/div><div style=\"height:100px\" aria-hidden=\"true\" class=\"wp-block-spacer\"><\/div>","protected":false},"excerpt":{"rendered":"","protected":false},"author":6,"featured_media":0,"parent":0,"menu_order":0,"comment_status":"closed","ping_status":"closed","template":"","meta":{"_acf_changed":false,"_joinchat":[],"footnotes":""},"class_list":["post-84407","page","type-page","status-publish","hentry"],"acf":{"uuid_products":"","product-documents":""},"yoast_head":"<!-- This site is optimized with the Yoast SEO Premium plugin v27.0 (Yoast SEO v27.0) - https:\/\/yoast.com\/product\/yoast-seo-premium-wordpress\/ -->\n<title>FastMac - Maccaferri T\u00fcrkiye<\/title>\n<meta name=\"description\" content=\"FastMac Gabion ve Reno Mattress montaj\u0131, y\u00fcksek mukavemetli halkalara sahip pn\u00f6matik ba\u011flama sistemi FastMac ile hi\u00e7 bu kadar kolay olmam\u0131\u015ft\u0131. FastMac,\" \/>\n<meta name=\"robots\" content=\"index, follow, max-snippet:-1, max-image-preview:large, max-video-preview:-1\" \/>\n<link rel=\"canonical\" href=\"https:\/\/www.maccaferri.com\/tr\/fastmac\/\" \/>\n<meta property=\"og:locale\" content=\"tr_TR\" \/>\n<meta property=\"og:type\" content=\"article\" \/>\n<meta property=\"og:title\" content=\"FastMac - Maccaferri T\u00fcrkiye\" \/>\n<meta property=\"og:description\" content=\"FastMac Gabion ve Reno Mattress montaj\u0131, y\u00fcksek mukavemetli halkalara sahip pn\u00f6matik ba\u011flama sistemi FastMac ile hi\u00e7 bu kadar kolay olmam\u0131\u015ft\u0131. FastMac,\" \/>\n<meta property=\"og:url\" content=\"https:\/\/www.maccaferri.com\/tr\/fastmac\/\" \/>\n<meta property=\"og:site_name\" content=\"Maccaferri T\u00fcrkiye\" \/>\n<meta property=\"article:modified_time\" content=\"2025-10-08T07:01:47+00:00\" \/>\n<meta property=\"og:image\" content=\"https:\/\/www.maccaferri.com\/tr\/wp-content\/uploads\/2023\/02\/FastMac.png\" \/>\n<meta name=\"twitter:card\" content=\"summary_large_image\" \/>\n<meta name=\"twitter:label1\" content=\"Est. reading time\" \/>\n\t<meta name=\"twitter:data1\" content=\"1 minute\" \/>\n<script type=\"application\/ld+json\" class=\"yoast-schema-graph\">{\"@context\":\"https:\/\/schema.org\",\"@graph\":[{\"@type\":\"WebPage\",\"@id\":\"https:\/\/www.maccaferri.com\/tr\/fastmac\/\",\"url\":\"https:\/\/www.maccaferri.com\/tr\/fastmac\/\",\"name\":\"FastMac - Maccaferri T\u00fcrkiye\",\"isPartOf\":{\"@id\":\"https:\/\/www.maccaferri.com\/tr\/#website\"},\"primaryImageOfPage\":{\"@id\":\"https:\/\/www.maccaferri.com\/tr\/fastmac\/#primaryimage\"},\"image\":{\"@id\":\"https:\/\/www.maccaferri.com\/tr\/fastmac\/#primaryimage\"},\"thumbnailUrl\":\"https:\/\/www.maccaferri.com\/tr\/wp-content\/uploads\/2023\/02\/FastMac.png\",\"datePublished\":\"2023-02-20T11:29:24+00:00\",\"dateModified\":\"2025-10-08T07:01:47+00:00\",\"description\":\"FastMac Gabion ve Reno Mattress montaj\u0131, y\u00fcksek mukavemetli halkalara sahip pn\u00f6matik ba\u011flama sistemi FastMac ile hi\u00e7 bu kadar kolay olmam\u0131\u015ft\u0131. FastMac,\",\"inLanguage\":\"tr-TR\",\"potentialAction\":[{\"@type\":\"ReadAction\",\"target\":[\"https:\/\/www.maccaferri.com\/tr\/fastmac\/\"]}]},{\"@type\":\"ImageObject\",\"inLanguage\":\"tr-TR\",\"@id\":\"https:\/\/www.maccaferri.com\/tr\/fastmac\/#primaryimage\",\"url\":\"https:\/\/www.maccaferri.com\/tr\/wp-content\/uploads\/2023\/02\/FastMac.png\",\"contentUrl\":\"https:\/\/www.maccaferri.com\/tr\/wp-content\/uploads\/2023\/02\/FastMac.png\",\"width\":1915,\"height\":530},{\"@type\":\"WebSite\",\"@id\":\"https:\/\/www.maccaferri.com\/tr\/#website\",\"url\":\"https:\/\/www.maccaferri.com\/tr\/\",\"name\":\"Maccaferri T\u00fcrkiye\",\"description\":\"\",\"publisher\":{\"@id\":\"https:\/\/www.maccaferri.com\/tr\/#organization\"},\"potentialAction\":[{\"@type\":\"SearchAction\",\"target\":{\"@type\":\"EntryPoint\",\"urlTemplate\":\"https:\/\/www.maccaferri.com\/tr\/?s={search_term_string}\"},\"query-input\":{\"@type\":\"PropertyValueSpecification\",\"valueRequired\":true,\"valueName\":\"search_term_string\"}}],\"inLanguage\":\"tr-TR\"},{\"@type\":\"Organization\",\"@id\":\"https:\/\/www.maccaferri.com\/tr\/#organization\",\"name\":\"Maccaferri T\u00fcrkiye\",\"url\":\"https:\/\/www.maccaferri.com\/tr\/\",\"logo\":{\"@type\":\"ImageObject\",\"inLanguage\":\"tr-TR\",\"@id\":\"https:\/\/www.maccaferri.com\/tr\/#\/schema\/logo\/image\/\",\"url\":\"https:\/\/www.maccaferri.com\/tr\/wp-content\/uploads\/2022\/07\/logo-maccaferri.png\",\"contentUrl\":\"https:\/\/www.maccaferri.com\/tr\/wp-content\/uploads\/2022\/07\/logo-maccaferri.png\",\"width\":152,\"height\":32,\"caption\":\"Maccaferri T\u00fcrkiye\"},\"image\":{\"@id\":\"https:\/\/www.maccaferri.com\/tr\/#\/schema\/logo\/image\/\"}}]}<\/script>\n<!-- \/ Yoast SEO Premium plugin. -->","yoast_head_json":{"title":"FastMac - Maccaferri T\u00fcrkiye","description":"FastMac Gabion ve Reno Mattress montaj\u0131, y\u00fcksek mukavemetli halkalara sahip pn\u00f6matik ba\u011flama sistemi FastMac ile hi\u00e7 bu kadar kolay olmam\u0131\u015ft\u0131. FastMac,","robots":{"index":"index","follow":"follow","max-snippet":"max-snippet:-1","max-image-preview":"max-image-preview:large","max-video-preview":"max-video-preview:-1"},"canonical":"https:\/\/www.maccaferri.com\/tr\/fastmac\/","og_locale":"tr_TR","og_type":"article","og_title":"FastMac - Maccaferri T\u00fcrkiye","og_description":"FastMac Gabion ve Reno Mattress montaj\u0131, y\u00fcksek mukavemetli halkalara sahip pn\u00f6matik ba\u011flama sistemi FastMac ile hi\u00e7 bu kadar kolay olmam\u0131\u015ft\u0131. FastMac,","og_url":"https:\/\/www.maccaferri.com\/tr\/fastmac\/","og_site_name":"Maccaferri T\u00fcrkiye","article_modified_time":"2025-10-08T07:01:47+00:00","og_image":[{"url":"https:\/\/www.maccaferri.com\/tr\/wp-content\/uploads\/2023\/02\/FastMac.png","type":"","width":"","height":""}],"twitter_card":"summary_large_image","twitter_misc":{"Est. reading time":"1 minute"},"schema":{"@context":"https:\/\/schema.org","@graph":[{"@type":"WebPage","@id":"https:\/\/www.maccaferri.com\/tr\/fastmac\/","url":"https:\/\/www.maccaferri.com\/tr\/fastmac\/","name":"FastMac - Maccaferri T\u00fcrkiye","isPartOf":{"@id":"https:\/\/www.maccaferri.com\/tr\/#website"},"primaryImageOfPage":{"@id":"https:\/\/www.maccaferri.com\/tr\/fastmac\/#primaryimage"},"image":{"@id":"https:\/\/www.maccaferri.com\/tr\/fastmac\/#primaryimage"},"thumbnailUrl":"https:\/\/www.maccaferri.com\/tr\/wp-content\/uploads\/2023\/02\/FastMac.png","datePublished":"2023-02-20T11:29:24+00:00","dateModified":"2025-10-08T07:01:47+00:00","description":"FastMac Gabion ve Reno Mattress montaj\u0131, y\u00fcksek mukavemetli halkalara sahip pn\u00f6matik ba\u011flama sistemi FastMac ile hi\u00e7 bu kadar kolay olmam\u0131\u015ft\u0131. FastMac,","inLanguage":"tr-TR","potentialAction":[{"@type":"ReadAction","target":["https:\/\/www.maccaferri.com\/tr\/fastmac\/"]}]},{"@type":"ImageObject","inLanguage":"tr-TR","@id":"https:\/\/www.maccaferri.com\/tr\/fastmac\/#primaryimage","url":"https:\/\/www.maccaferri.com\/tr\/wp-content\/uploads\/2023\/02\/FastMac.png","contentUrl":"https:\/\/www.maccaferri.com\/tr\/wp-content\/uploads\/2023\/02\/FastMac.png","width":1915,"height":530},{"@type":"WebSite","@id":"https:\/\/www.maccaferri.com\/tr\/#website","url":"https:\/\/www.maccaferri.com\/tr\/","name":"Maccaferri T\u00fcrkiye","description":"","publisher":{"@id":"https:\/\/www.maccaferri.com\/tr\/#organization"},"potentialAction":[{"@type":"SearchAction","target":{"@type":"EntryPoint","urlTemplate":"https:\/\/www.maccaferri.com\/tr\/?s={search_term_string}"},"query-input":{"@type":"PropertyValueSpecification","valueRequired":true,"valueName":"search_term_string"}}],"inLanguage":"tr-TR"},{"@type":"Organization","@id":"https:\/\/www.maccaferri.com\/tr\/#organization","name":"Maccaferri T\u00fcrkiye","url":"https:\/\/www.maccaferri.com\/tr\/","logo":{"@type":"ImageObject","inLanguage":"tr-TR","@id":"https:\/\/www.maccaferri.com\/tr\/#\/schema\/logo\/image\/","url":"https:\/\/www.maccaferri.com\/tr\/wp-content\/uploads\/2022\/07\/logo-maccaferri.png","contentUrl":"https:\/\/www.maccaferri.com\/tr\/wp-content\/uploads\/2022\/07\/logo-maccaferri.png","width":152,"height":32,"caption":"Maccaferri T\u00fcrkiye"},"image":{"@id":"https:\/\/www.maccaferri.com\/tr\/#\/schema\/logo\/image\/"}}]}},"_links":{"self":[{"href":"https:\/\/www.maccaferri.com\/tr\/wp-json\/wp\/v2\/pages\/84407","targetHints":{"allow":["GET"]}}],"collection":[{"href":"https:\/\/www.maccaferri.com\/tr\/wp-json\/wp\/v2\/pages"}],"about":[{"href":"https:\/\/www.maccaferri.com\/tr\/wp-json\/wp\/v2\/types\/page"}],"author":[{"embeddable":true,"href":"https:\/\/www.maccaferri.com\/tr\/wp-json\/wp\/v2\/users\/6"}],"replies":[{"embeddable":true,"href":"https:\/\/www.maccaferri.com\/tr\/wp-json\/wp\/v2\/comments?post=84407"}],"version-history":[{"count":4,"href":"https:\/\/www.maccaferri.com\/tr\/wp-json\/wp\/v2\/pages\/84407\/revisions"}],"predecessor-version":[{"id":100304,"href":"https:\/\/www.maccaferri.com\/tr\/wp-json\/wp\/v2\/pages\/84407\/revisions\/100304"}],"wp:attachment":[{"href":"https:\/\/www.maccaferri.com\/tr\/wp-json\/wp\/v2\/media?parent=84407"}],"curies":[{"name":"wp","href":"https:\/\/api.w.org\/{rel}","templated":true}]}}