{"id":84394,"date":"2023-08-30T17:10:50","date_gmt":"2023-08-30T15:10:50","guid":{"rendered":"https:\/\/www.maccaferri.com\/tr\/?page_id=84394"},"modified":"2025-03-24T17:01:15","modified_gmt":"2025-03-24T16:01:15","slug":"geosynthetics","status":"publish","type":"page","link":"https:\/\/www.maccaferri.com\/tr\/geosynthetics\/","title":{"rendered":"GEOSYNTHETICS"},"content":{"rendered":"<div class=\"wp-block-mac-slider-hero-block hero-slider\"><div id=\"hero81\" class=\"carousel slide\" data-bs-ride=\"true\"><ol class=\"carousel-indicators box-container\"><li data-bs-target=\"#hero81\" data-bs-slide-to=\"0\" class=\"active\"><\/li><\/ol><div class=\"carousel-inner\"><div class=\"carousel-item active\"><div class=\"hero\"><div class=\"gts__picture\"><img decoding=\"async\" src=\"https:\/\/www.maccaferri.com\/tr\/wp-content\/uploads\/2023\/08\/Header-pagine-Nuovo-sito-10.png\" style=\"display:none\"\/><div class=\"gts__picture__image\" style=\"background-image:url(https:\/\/www.maccaferri.com\/tr\/wp-content\/uploads\/2023\/08\/Header-pagine-Nuovo-sito-10.png)\"><\/div><\/div><div class=\"container box-container\"><div class=\"row\"><div class=\"col-12 col-lg-6 col-xl-6 col-xxl-6\"><p><span class=\"hero-index\" style=\"display:none\">0<\/span><\/p><h2 class=\"hero-text-container\"><span class=\"hero-text\">JEOS\u0130TET\u0130K<\/span><\/h2><a class=\"hero-buttonurl\" href=\"#download\"><span class=\"hero-buttontext\">Alan\u0131 buradan indirin<\/span><\/a><\/div><\/div><\/div><\/div><\/div><\/div><button class=\"carousel-control-prev\" href=\"#hero81\" type=\"button\" data-bs-slide=\"prev\"><span class=\"carousel-control-prev-icon\" aria-hidden=\"true\"><\/span><span class=\"visually-hidden\">Previous<\/span><\/button><button class=\"carousel-control-next\" href=\"#hero81\" type=\"button\" data-bs-slide=\"next\"><span class=\"carousel-control-next-icon\" aria-hidden=\"true\"><\/span><span class=\"visually-hidden\">Next<\/span><\/button><\/div><\/div><div style=\"height:70px\" aria-hidden=\"true\" class=\"wp-block-spacer\"><\/div><div class=\"wp-block-mac-h2-title-block block-txt-container box-container\"><div class=\"row\"><div class=\"col title-box-txt\"><h2 style=\"color:#212429;text-align:none\">GEOSENTETI\u0307K D\u00dcNYASI<\/h2><\/div><\/div><\/div><div class=\"wp-block-mac-container-block box-container\"><div class=\"wp-block-columns is-layout-flex wp-container-core-columns-is-layout-9d6595d7 wp-block-columns-is-layout-flex\"><div class=\"wp-block-column is-layout-flow wp-block-column-is-layout-flow\"><p>Geosentetikler, mevcut zemini g\u00fc\u00e7lendirmek, ta\u015f\u0131ma kapasitesini art\u0131rmak, otoyollar\u0131n daha uzun \u00f6m\u00fcrl\u00fc olmas\u0131n\u0131 sa\u011flamak, dolgular\u0131 desteklemek, \u00e7\u00f6p s\u0131z\u0131nt\u0131 sular\u0131n\u0131n zemini kirletmesini \u00f6nlemek ve erozyonu s\u0131n\u0131rlamak gibi say\u0131s\u0131z uygulama i\u00e7in kullan\u0131lmaktad\u0131r.<br>Tan\u0131mlanm\u0131\u015f teknik \u00f6zellikleri ve performans \u00f6zellikleri ile geosentetikler, in\u015faatlarda do\u011fal malzemelerin kullan\u0131m\u0131n\u0131n yerini almaktad\u0131r.<br>Geleneksel in\u015faat y\u00f6ntemlerine k\u0131yasla proje maliyetini ve \u00e7evresel etkiyi azaltt\u0131klar\u0131 kan\u0131tlanm\u0131\u015ft\u0131r.<\/p>\n\n<p>Geosentetik \u00fcr\u00fcnlerimiz a\u015fa\u011f\u0131daki ana i\u015flevleri yerine getirmek i\u00e7in kullan\u0131labilir:<\/p>\n\n<ul class=\"wp-block-list\"><li>G\u00fc\u00e7lendirme<\/li>\n\n<li>Stabilizasyon ve Asfalt G\u00fc\u00e7lendirme<\/li>\n\n<li>Drenaj<\/li>\n\n<li>Ay\u0131rma, Filtreleme ve Koruma<\/li>\n\n<li>Bariyer Sistemleri<\/li>\n\n<li>Erozyondan Korunma<\/li><\/ul><\/div><\/div><\/div><div style=\"height:52px\" aria-hidden=\"true\" class=\"wp-block-spacer\"><\/div><div class=\"wp-block-mac-container-block box-container\"><div class=\"wp-block-columns is-layout-flex wp-container-core-columns-is-layout-9d6595d7 wp-block-columns-is-layout-flex\"><div class=\"wp-block-column is-layout-flow wp-block-column-is-layout-flow\"><p style=\"font-size:25px\"><strong>G\u00dc\u00c7LEND\u0130RME<\/strong><\/p>\n\n<p>30 y\u0131l\u0131 a\u015fk\u0131n bir s\u00fcredir, geogridler zemini g\u00fc\u00e7lendirmi\u015f ve kuvvetlendirmi\u015f, zeminin g\u00fc\u00e7lendirilmemi\u015f halinden daha iyi performans g\u00f6stermesini, daha fazla y\u00fck ta\u015f\u0131mas\u0131n\u0131, daha dik a\u00e7\u0131larda durmas\u0131n\u0131 ve<br>oturmay\u0131 azaltmas\u0131n\u0131 sa\u011flam\u0131\u015ft\u0131r.<\/p><\/div>\n\n<div class=\"wp-block-column is-layout-flow wp-block-column-is-layout-flow\"><p style=\"font-size:25px\"><strong>STAB\u0130L\u0130ZASYON VE ASFALT G\u00dc\u00c7LEND\u0130RME<\/strong><\/p>\n\n<p>\u0130ster bir demiryolu ray yata\u011f\u0131, ister yumu\u015fak toprak \u00fczerinde \u00e7ak\u0131ll\u0131 orman yolu in\u015fa ediyor olun, ister g\u00fcnde binlerce ara\u00e7 ta\u015f\u0131yan \u00e7ok \u015feritli bir otoyolu yeniden kapl\u0131yor olun, demiryolu hatt\u0131, yol ve asfalt kaplama performans\u0131n\u0131 iyile\u015ftirecek teknik bilgiye sahibiz.<\/p><\/div><\/div><\/div><div style=\"height:50px\" aria-hidden=\"true\" class=\"wp-block-spacer\"><\/div><div class=\"wp-block-mac-container-block box-container\"><div class=\"wp-block-columns is-layout-flex wp-container-core-columns-is-layout-9d6595d7 wp-block-columns-is-layout-flex\"><div class=\"wp-block-column is-layout-flow wp-block-column-is-layout-flow\"><p style=\"font-size:25px\"><strong>DRENAJ<\/strong><\/p>\n\n<p>Topraktaki a\u015f\u0131r\u0131 su, topra\u011f\u0131 zay\u0131flatarak \u00e7e\u015fitli sorunlara neden olur. Duvarlar\u0131n, otoyollar\u0131n, t\u00fcnellerin ve \u00e7evresel kapaklar\u0131n arkas\u0131ndaki suyu y\u00f6netmek, uzun vadeli yap\u0131 performans\u0131 i\u00e7in hayati \u00f6nem ta\u015f\u0131r.<\/p><\/div>\n\n<div class=\"wp-block-column is-layout-flow wp-block-column-is-layout-flow\"><p style=\"font-size:25px\"><strong>AYIRMA\/ FILTRELEME\/ KORUMA<\/strong><\/p>\n\n<p>Geotekstillerimiz \u015fu anda bir\u00e7ok geoteknik ve hidrolik m\u00fchendisli\u011fi uygulamas\u0131nda kullan\u0131lmaktad\u0131r.<\/p><\/div><\/div><\/div><div style=\"height:50px\" aria-hidden=\"true\" class=\"wp-block-spacer\"><\/div><div class=\"wp-block-mac-container-block box-container\"><div class=\"wp-block-columns is-layout-flex wp-container-core-columns-is-layout-9d6595d7 wp-block-columns-is-layout-flex\"><div class=\"wp-block-column is-layout-flow wp-block-column-is-layout-flow\"><p style=\"font-size:25px\"><strong>BARI\u0307YER SI\u0307STEMLERI\u0307<\/strong><\/p>\n\n<p>Geomembranlar, s\u0131v\u0131lar\u0131n bir yerden ba\u015fka bir yere ta\u015f\u0131nmas\u0131n\u0131 \u00f6nlemek i\u00e7in kullan\u0131l\u0131r; \u00f6rne\u011fin, s\u0131z\u0131nt\u0131 suyunun yeralt\u0131 sular\u0131n\u0131 kirletmesini \u00f6nlemek i\u00e7in d\u00fczenli depolama alanlar\u0131n\u0131 kaplamak, t\u00fcnellere giren yeralt\u0131 sular\u0131n\u0131 kontrol etmek veya geli\u015fmeler dahilinde s\u00f6n\u00fcmleme havuzlar\u0131 yaratmak.<\/p><\/div>\n\n<div class=\"wp-block-column is-layout-flow wp-block-column-is-layout-flow\"><p style=\"font-size:25px\"><strong>EROZYONDAN KORUNMA<\/strong><\/p>\n\n<p>T\u00fcm do\u011fal \u015fevler ve y\u00fczeyler s\u00fcrekli erozyon kuvvetlerine maruz kal\u0131r. Maccaferri, pahal\u0131 arazi kay\u0131plar\u0131n\u0131 s\u0131n\u0131rlamak i\u00e7in beklenen erozyonun \u015fiddetine uygun bir dizi erozyon koruma sistemi sunmaktad\u0131r.<\/p><\/div><\/div><\/div><div style=\"height:100px\" aria-hidden=\"true\" class=\"wp-block-spacer\"><\/div><div class=\"wp-block-mac-h2-title-block block-txt-container box-container\"><div class=\"row\"><div class=\"col title-box-txt\"><h2 style=\"color:#212429;text-align:none\">Ba\u015far\u0131 Hikayesi: Micorosa \u00c7\u00f6p Depolama Alan\u0131<\/h2><\/div><\/div><\/div><div class=\"wp-block-mac-container-block box-container\"><div class=\"wp-block-columns is-layout-flex wp-container-core-columns-is-layout-9d6595d7 wp-block-columns-is-layout-flex\"><div class=\"wp-block-column is-vertically-aligned-center is-layout-flow wp-block-column-is-layout-flow\"><figure class=\"wp-block-video aligncenter\"><video height=\"605\" style=\"aspect-ratio: 879 \/ 605;\" width=\"879\" controls poster=\"https:\/\/www.maccaferri.com\/wp-content\/uploads\/2024\/10\/immagine-15.png\" src=\"https:\/\/www.maccaferri.com\/wp-content\/uploads\/2023\/09\/Untitled-3.mp4\"><\/video><figcaption class=\"wp-element-caption\"><strong>Micorosa D\u00fczenli Depolama Sahas\u0131n\u0131n Islah M\u00fcdahalesi (Brindisi, \u0130talya)<\/strong><\/figcaption><\/figure><\/div><\/div><\/div><div style=\"height:60px\" aria-hidden=\"true\" class=\"wp-block-spacer\"><\/div><div style=\"height:40px\" aria-hidden=\"true\" class=\"wp-block-spacer\"><\/div><div class=\"wp-block-mac-h2-title-block block-txt-container box-container\"><div class=\"row\"><div class=\"col title-box-txt\"><h2 style=\"color:#212429;text-align:none\">Yakla\u015fan Webinar<\/h2><\/div><\/div><\/div><div class=\"wp-block-mac-container-block box-container\"><div class=\"wp-block-columns is-layout-flex wp-container-core-columns-is-layout-9d6595d7 wp-block-columns-is-layout-flex\"><div class=\"wp-block-column is-layout-flow wp-block-column-is-layout-flow\"><div class=\"wp-block-mac-card-height-block block-card-height-block-container\"><div class=\"card\"><div class=\"content-images\"><img decoding=\"async\" class=\"box-image\" src=\"https:\/\/www.maccaferri.com\/tr\/wp-content\/uploads\/2023\/10\/5.jpeg\" alt=\"Image Stories\"\/><\/div><div class=\"card-body\"><h6 class=\"wp-block-mac-card-height-block\" style=\"color:#212429\">\u0130n\u015faat m\u00fchendisli\u011fi yap\u0131lar\u0131nda s\u00fcrd\u00fcr\u00fclebilir su y\u00f6netimi<\/h6><span class=\"abstract\" style=\"color:#212429\"><\/span><a href=\"https:\/\/www.maccaferri.com\/tr\/WEB%C4%B0NARLAR\/sustainable-water-management-in-civil-engineering-structures-3\/\" target=\"_blank\" class=\"cta\" rel=\"noopener\"><span class=\"text\" style=\"color:#004857\">BURADAN BA\u011eLAN<\/span><\/a><div class=\"star\"><span class=\"material-symbols-rounded starrate\">star<\/span><\/div><\/div><\/div><\/div><\/div>\n\n<div class=\"wp-block-column is-layout-flow wp-block-column-is-layout-flow\"><div class=\"wp-block-mac-card-height-block block-card-height-block-container\"><div class=\"card\"><div class=\"content-images\"><img decoding=\"async\" class=\"box-image\" src=\"https:\/\/www.maccaferri.com\/tr\/wp-content\/uploads\/2023\/10\/4.jpeg\" alt=\"Image Stories\"\/><\/div><div class=\"card-body\"><h6 class=\"wp-block-mac-card-height-block\" style=\"color:#212429\">Toprak erozyonunu \u00f6nlerken bitki \u00f6rt\u00fcs\u00fcn\u00fcn olu\u015fumunu nas\u0131l te\u015fvik edebilirsiniz?<\/h6><span class=\"abstract\" style=\"color:#212429\"><\/span><a href=\"https:\/\/www.maccaferri.com\/tr\/WEB%C4%B0NARLAR\/how-to-prevent-soil-erosion-while-promoting-the-establishment-of-vegetation\/\" target=\"_blank\" class=\"cta\" rel=\"noopener\"><span class=\"text\" style=\"color:#004857\">BURADAN BA\u011eLAN<\/span><\/a><div class=\"star\"><span class=\"material-symbols-rounded starrate\">star<\/span><\/div><\/div><\/div><\/div><\/div>\n\n<div class=\"wp-block-column is-layout-flow wp-block-column-is-layout-flow\"><div class=\"wp-block-mac-card-height-block block-card-height-block-container\"><div class=\"card\"><div class=\"content-images\"><img decoding=\"async\" class=\"box-image\" src=\"https:\/\/www.maccaferri.com\/tr\/wp-content\/uploads\/2023\/09\/6.png\" alt=\"Image Stories\"\/><\/div><div class=\"card-body\"><h6 class=\"wp-block-mac-card-height-block\" style=\"color:#212429\">Jeosentetiklerin evrimi: k\u00f6kenlerinden modern ileri \u00e7\u00f6z\u00fcmlere<\/h6><span class=\"abstract\" style=\"color:#212429\"><\/span><a href=\"https:\/\/www.maccaferri.com\/tr\/WEB%C4%B0NARLAR\/geosynthetic-revolution\/\" target=\"_blank\" class=\"cta\" rel=\"noopener\"><span class=\"text\" style=\"color:#004857\">BURADAN BA\u011eLAN<\/span><\/a><div class=\"star\"><span class=\"material-symbols-rounded starrate\">star<\/span><\/div><\/div><\/div><\/div><\/div><\/div><\/div><div class=\"wp-block-mac-container-block box-container\"><div class=\"wp-block-columns is-layout-flex wp-container-core-columns-is-layout-9d6595d7 wp-block-columns-is-layout-flex\"><div class=\"wp-block-column is-layout-flow wp-block-column-is-layout-flow\"><div class=\"wp-block-buttons is-layout-flex wp-block-buttons-is-layout-flex\"><div class=\"wp-block-button\"><a class=\"wp-block-button__link wp-element-button\" href=\"https:\/\/www.maccaferri.com\/tr\/knowledge-centre\/\">\u00d6zel Webinar<\/a><\/div><\/div><\/div><\/div><\/div><div style=\"height:75px\" aria-hidden=\"true\" id=\"download\" class=\"wp-block-spacer\"><\/div><div class=\"wp-block-mac-container-block box-container\"><div class=\"wp-block-columns is-layout-flex wp-container-core-columns-is-layout-9d6595d7 wp-block-columns-is-layout-flex\"><div class=\"wp-block-column is-layout-flow wp-block-column-is-layout-flow\"><div class=\"wp-block-mac-h2-title-block block-txt-container box-container\"><div class=\"row\"><div class=\"col title-box-txt\"><h2 style=\"color:#212429;text-align:none\">\u0130ndirme Alan\u0131<\/h2><\/div><\/div><\/div>\n\n<p>Geosentetikler \u00fczerine \u00f6zel materyalimize eri\u015fmek i\u00e7in a\u015fa\u011f\u0131daki formu doldurun<\/p>\n\n<iframe src=\"https:\/\/www2.maccaferri.com\/l\/965143\/2025-03-24\/5tmfcj\" width=\"100%\" height=\"700\" type=\"text\/html\" frameborder=\"0\" allowTransparency=\"true\" style=\"border: 0\" data-cookieconsent=\"ignore\"><\/iframe><\/div><\/div><\/div><div style=\"height:100px\" aria-hidden=\"true\" class=\"wp-block-spacer\"><\/div>","protected":false},"excerpt":{"rendered":"","protected":false},"author":11460,"featured_media":0,"parent":0,"menu_order":0,"comment_status":"closed","ping_status":"closed","template":"","meta":{"_acf_changed":false,"_joinchat":[],"footnotes":""},"class_list":["post-84394","page","type-page","status-publish","hentry"],"acf":{"uuid_products":"","product-documents":[87097]},"yoast_head":"<!-- This site is optimized with the Yoast SEO Premium plugin v27.0 (Yoast SEO v27.0) - https:\/\/yoast.com\/product\/yoast-seo-premium-wordpress\/ -->\n<title>GEOSYNTHETICS - Maccaferri T\u00fcrkiye<\/title>\n<meta name=\"description\" content=\"0JEOS\u0130TET\u0130KAlan\u0131 buradan indirinPreviousNext GEOSENTETI\u0307K D\u00dcNYASI Geosentetikler, mevcut zemini g\u00fc\u00e7lendirmek, ta\u015f\u0131ma kapasitesini art\u0131rmak, otoyollar\u0131n\" \/>\n<meta name=\"robots\" content=\"index, follow, max-snippet:-1, max-image-preview:large, max-video-preview:-1\" \/>\n<link rel=\"canonical\" href=\"https:\/\/www.maccaferri.com\/tr\/geosynthetics\/\" \/>\n<meta property=\"og:locale\" content=\"tr_TR\" \/>\n<meta property=\"og:type\" content=\"article\" \/>\n<meta property=\"og:title\" content=\"GEOSYNTHETICS - Maccaferri T\u00fcrkiye\" \/>\n<meta property=\"og:description\" content=\"0JEOS\u0130TET\u0130KAlan\u0131 buradan indirinPreviousNext GEOSENTETI\u0307K D\u00dcNYASI Geosentetikler, mevcut zemini g\u00fc\u00e7lendirmek, ta\u015f\u0131ma kapasitesini art\u0131rmak, otoyollar\u0131n\" \/>\n<meta property=\"og:url\" content=\"https:\/\/www.maccaferri.com\/tr\/geosynthetics\/\" \/>\n<meta property=\"og:site_name\" content=\"Maccaferri T\u00fcrkiye\" \/>\n<meta property=\"article:modified_time\" content=\"2025-03-24T16:01:15+00:00\" \/>\n<meta property=\"og:image\" content=\"https:\/\/www.maccaferri.com\/tr\/wp-content\/uploads\/2023\/08\/Header-pagine-Nuovo-sito-10.png\" \/>\n<meta name=\"twitter:card\" content=\"summary_large_image\" \/>\n<meta name=\"twitter:label1\" content=\"Est. reading time\" \/>\n\t<meta name=\"twitter:data1\" content=\"3 minutes\" \/>\n<script type=\"application\/ld+json\" class=\"yoast-schema-graph\">{\"@context\":\"https:\/\/schema.org\",\"@graph\":[{\"@type\":\"WebPage\",\"@id\":\"https:\/\/www.maccaferri.com\/tr\/geosynthetics\/\",\"url\":\"https:\/\/www.maccaferri.com\/tr\/geosynthetics\/\",\"name\":\"GEOSYNTHETICS - Maccaferri T\u00fcrkiye\",\"isPartOf\":{\"@id\":\"https:\/\/www.maccaferri.com\/tr\/#website\"},\"primaryImageOfPage\":{\"@id\":\"https:\/\/www.maccaferri.com\/tr\/geosynthetics\/#primaryimage\"},\"image\":{\"@id\":\"https:\/\/www.maccaferri.com\/tr\/geosynthetics\/#primaryimage\"},\"thumbnailUrl\":\"https:\/\/www.maccaferri.com\/tr\/wp-content\/uploads\/2023\/08\/Header-pagine-Nuovo-sito-10.png\",\"datePublished\":\"2023-08-30T15:10:50+00:00\",\"dateModified\":\"2025-03-24T16:01:15+00:00\",\"description\":\"0JEOS\u0130TET\u0130KAlan\u0131 buradan indirinPreviousNext GEOSENTETI\u0307K D\u00dcNYASI Geosentetikler, mevcut zemini g\u00fc\u00e7lendirmek, ta\u015f\u0131ma kapasitesini art\u0131rmak, otoyollar\u0131n\",\"inLanguage\":\"tr-TR\",\"potentialAction\":[{\"@type\":\"ReadAction\",\"target\":[\"https:\/\/www.maccaferri.com\/tr\/geosynthetics\/\"]}]},{\"@type\":\"ImageObject\",\"inLanguage\":\"tr-TR\",\"@id\":\"https:\/\/www.maccaferri.com\/tr\/geosynthetics\/#primaryimage\",\"url\":\"https:\/\/www.maccaferri.com\/tr\/wp-content\/uploads\/2023\/08\/Header-pagine-Nuovo-sito-10.png\",\"contentUrl\":\"https:\/\/www.maccaferri.com\/tr\/wp-content\/uploads\/2023\/08\/Header-pagine-Nuovo-sito-10.png\",\"width\":1915,\"height\":530},{\"@type\":\"WebSite\",\"@id\":\"https:\/\/www.maccaferri.com\/tr\/#website\",\"url\":\"https:\/\/www.maccaferri.com\/tr\/\",\"name\":\"Maccaferri T\u00fcrkiye\",\"description\":\"\",\"publisher\":{\"@id\":\"https:\/\/www.maccaferri.com\/tr\/#organization\"},\"potentialAction\":[{\"@type\":\"SearchAction\",\"target\":{\"@type\":\"EntryPoint\",\"urlTemplate\":\"https:\/\/www.maccaferri.com\/tr\/?s={search_term_string}\"},\"query-input\":{\"@type\":\"PropertyValueSpecification\",\"valueRequired\":true,\"valueName\":\"search_term_string\"}}],\"inLanguage\":\"tr-TR\"},{\"@type\":\"Organization\",\"@id\":\"https:\/\/www.maccaferri.com\/tr\/#organization\",\"name\":\"Maccaferri T\u00fcrkiye\",\"url\":\"https:\/\/www.maccaferri.com\/tr\/\",\"logo\":{\"@type\":\"ImageObject\",\"inLanguage\":\"tr-TR\",\"@id\":\"https:\/\/www.maccaferri.com\/tr\/#\/schema\/logo\/image\/\",\"url\":\"https:\/\/www.maccaferri.com\/tr\/wp-content\/uploads\/2022\/07\/logo-maccaferri.png\",\"contentUrl\":\"https:\/\/www.maccaferri.com\/tr\/wp-content\/uploads\/2022\/07\/logo-maccaferri.png\",\"width\":152,\"height\":32,\"caption\":\"Maccaferri T\u00fcrkiye\"},\"image\":{\"@id\":\"https:\/\/www.maccaferri.com\/tr\/#\/schema\/logo\/image\/\"}}]}<\/script>\n<!-- \/ Yoast SEO Premium plugin. -->","yoast_head_json":{"title":"GEOSYNTHETICS - Maccaferri T\u00fcrkiye","description":"0JEOS\u0130TET\u0130KAlan\u0131 buradan indirinPreviousNext GEOSENTETI\u0307K D\u00dcNYASI Geosentetikler, mevcut zemini g\u00fc\u00e7lendirmek, ta\u015f\u0131ma kapasitesini art\u0131rmak, otoyollar\u0131n","robots":{"index":"index","follow":"follow","max-snippet":"max-snippet:-1","max-image-preview":"max-image-preview:large","max-video-preview":"max-video-preview:-1"},"canonical":"https:\/\/www.maccaferri.com\/tr\/geosynthetics\/","og_locale":"tr_TR","og_type":"article","og_title":"GEOSYNTHETICS - Maccaferri T\u00fcrkiye","og_description":"0JEOS\u0130TET\u0130KAlan\u0131 buradan indirinPreviousNext GEOSENTETI\u0307K D\u00dcNYASI Geosentetikler, mevcut zemini g\u00fc\u00e7lendirmek, ta\u015f\u0131ma kapasitesini art\u0131rmak, otoyollar\u0131n","og_url":"https:\/\/www.maccaferri.com\/tr\/geosynthetics\/","og_site_name":"Maccaferri T\u00fcrkiye","article_modified_time":"2025-03-24T16:01:15+00:00","og_image":[{"url":"https:\/\/www.maccaferri.com\/tr\/wp-content\/uploads\/2023\/08\/Header-pagine-Nuovo-sito-10.png","type":"","width":"","height":""}],"twitter_card":"summary_large_image","twitter_misc":{"Est. reading time":"3 minutes"},"schema":{"@context":"https:\/\/schema.org","@graph":[{"@type":"WebPage","@id":"https:\/\/www.maccaferri.com\/tr\/geosynthetics\/","url":"https:\/\/www.maccaferri.com\/tr\/geosynthetics\/","name":"GEOSYNTHETICS - Maccaferri T\u00fcrkiye","isPartOf":{"@id":"https:\/\/www.maccaferri.com\/tr\/#website"},"primaryImageOfPage":{"@id":"https:\/\/www.maccaferri.com\/tr\/geosynthetics\/#primaryimage"},"image":{"@id":"https:\/\/www.maccaferri.com\/tr\/geosynthetics\/#primaryimage"},"thumbnailUrl":"https:\/\/www.maccaferri.com\/tr\/wp-content\/uploads\/2023\/08\/Header-pagine-Nuovo-sito-10.png","datePublished":"2023-08-30T15:10:50+00:00","dateModified":"2025-03-24T16:01:15+00:00","description":"0JEOS\u0130TET\u0130KAlan\u0131 buradan indirinPreviousNext GEOSENTETI\u0307K D\u00dcNYASI Geosentetikler, mevcut zemini g\u00fc\u00e7lendirmek, ta\u015f\u0131ma kapasitesini art\u0131rmak, otoyollar\u0131n","inLanguage":"tr-TR","potentialAction":[{"@type":"ReadAction","target":["https:\/\/www.maccaferri.com\/tr\/geosynthetics\/"]}]},{"@type":"ImageObject","inLanguage":"tr-TR","@id":"https:\/\/www.maccaferri.com\/tr\/geosynthetics\/#primaryimage","url":"https:\/\/www.maccaferri.com\/tr\/wp-content\/uploads\/2023\/08\/Header-pagine-Nuovo-sito-10.png","contentUrl":"https:\/\/www.maccaferri.com\/tr\/wp-content\/uploads\/2023\/08\/Header-pagine-Nuovo-sito-10.png","width":1915,"height":530},{"@type":"WebSite","@id":"https:\/\/www.maccaferri.com\/tr\/#website","url":"https:\/\/www.maccaferri.com\/tr\/","name":"Maccaferri T\u00fcrkiye","description":"","publisher":{"@id":"https:\/\/www.maccaferri.com\/tr\/#organization"},"potentialAction":[{"@type":"SearchAction","target":{"@type":"EntryPoint","urlTemplate":"https:\/\/www.maccaferri.com\/tr\/?s={search_term_string}"},"query-input":{"@type":"PropertyValueSpecification","valueRequired":true,"valueName":"search_term_string"}}],"inLanguage":"tr-TR"},{"@type":"Organization","@id":"https:\/\/www.maccaferri.com\/tr\/#organization","name":"Maccaferri T\u00fcrkiye","url":"https:\/\/www.maccaferri.com\/tr\/","logo":{"@type":"ImageObject","inLanguage":"tr-TR","@id":"https:\/\/www.maccaferri.com\/tr\/#\/schema\/logo\/image\/","url":"https:\/\/www.maccaferri.com\/tr\/wp-content\/uploads\/2022\/07\/logo-maccaferri.png","contentUrl":"https:\/\/www.maccaferri.com\/tr\/wp-content\/uploads\/2022\/07\/logo-maccaferri.png","width":152,"height":32,"caption":"Maccaferri T\u00fcrkiye"},"image":{"@id":"https:\/\/www.maccaferri.com\/tr\/#\/schema\/logo\/image\/"}}]}},"_links":{"self":[{"href":"https:\/\/www.maccaferri.com\/tr\/wp-json\/wp\/v2\/pages\/84394","targetHints":{"allow":["GET"]}}],"collection":[{"href":"https:\/\/www.maccaferri.com\/tr\/wp-json\/wp\/v2\/pages"}],"about":[{"href":"https:\/\/www.maccaferri.com\/tr\/wp-json\/wp\/v2\/types\/page"}],"author":[{"embeddable":true,"href":"https:\/\/www.maccaferri.com\/tr\/wp-json\/wp\/v2\/users\/11460"}],"replies":[{"embeddable":true,"href":"https:\/\/www.maccaferri.com\/tr\/wp-json\/wp\/v2\/comments?post=84394"}],"version-history":[{"count":10,"href":"https:\/\/www.maccaferri.com\/tr\/wp-json\/wp\/v2\/pages\/84394\/revisions"}],"predecessor-version":[{"id":90516,"href":"https:\/\/www.maccaferri.com\/tr\/wp-json\/wp\/v2\/pages\/84394\/revisions\/90516"}],"acf:post":[{"embeddable":true,"href":"https:\/\/www.maccaferri.com\/tr\/wp-json\/wp\/v2\/wpdmpro\/87097"}],"wp:attachment":[{"href":"https:\/\/www.maccaferri.com\/tr\/wp-json\/wp\/v2\/media?parent=84394"}],"curies":[{"name":"wp","href":"https:\/\/api.w.org\/{rel}","templated":true}]}}