{"id":84379,"date":"2023-11-28T16:43:23","date_gmt":"2023-11-28T15:43:23","guid":{"rendered":"https:\/\/www.maccaferri.com\/tr\/?page_id=84379"},"modified":"2025-03-25T15:18:03","modified_gmt":"2025-03-25T14:18:03","slug":"snow-avalanche-mitigation","status":"publish","type":"page","link":"https:\/\/www.maccaferri.com\/tr\/snow-avalanche-mitigation\/","title":{"rendered":"SNOW AVALANCHE MITIGATION"},"content":{"rendered":"<div class=\"wp-block-mac-slider-hero-block hero-slider\"><div id=\"hero13\" class=\"carousel slide\" data-bs-ride=\"true\"><ol class=\"carousel-indicators box-container\"><li data-bs-target=\"#hero13\" data-bs-slide-to=\"0\" class=\"active\"><\/li><\/ol><div class=\"carousel-inner\"><div class=\"carousel-item active\"><div class=\"hero\"><div class=\"gts__picture\"><img decoding=\"async\" src=\"https:\/\/www.maccaferri.com\/tr\/wp-content\/uploads\/2023\/11\/ama-dablam-2064522_1920.jpg\" style=\"display:none\"\/><div class=\"gts__picture__image\" style=\"background-image:url(https:\/\/www.maccaferri.com\/tr\/wp-content\/uploads\/2023\/11\/ama-dablam-2064522_1920.jpg)\"><\/div><\/div><div class=\"container box-container\"><div class=\"row\"><div class=\"col-12 col-lg-6 col-xl-6 col-xxl-6\"><p><span class=\"hero-index\" style=\"display:none\">0<\/span><\/p><h2 class=\"hero-text-container\"><span class=\"hero-text\">KAR \u00c7I\u011eI \u00d6NLEME<\/span><\/h2><a class=\"hero-buttonurl\" href=\"#download\"><span class=\"hero-buttontext\">Alan\u0131 buradan indirin<\/span><\/a><\/div><\/div><\/div><\/div><\/div><\/div><button class=\"carousel-control-prev\" href=\"#hero13\" type=\"button\" data-bs-slide=\"prev\"><span class=\"carousel-control-prev-icon\" aria-hidden=\"true\"><\/span><span class=\"visually-hidden\">Previous<\/span><\/button><button class=\"carousel-control-next\" href=\"#hero13\" type=\"button\" data-bs-slide=\"next\"><span class=\"carousel-control-next-icon\" aria-hidden=\"true\"><\/span><span class=\"visually-hidden\">Next<\/span><\/button><\/div><\/div><div style=\"height:30px\" aria-hidden=\"true\" class=\"wp-block-spacer\"><\/div><div style=\"height:50px\" aria-hidden=\"true\" class=\"wp-block-spacer\"><\/div><div class=\"wp-block-mac-h2-title-block block-txt-container box-container\"><div class=\"row\"><div class=\"col title-box-txt\"><h2 style=\"color:#212429;text-align:none\">EN Y\u00dcKSEK KORUMA, KANITLANMI\u015e YEN\u0130L\u0130K<\/h2><\/div><\/div><\/div><div style=\"height:20px\" aria-hidden=\"true\" class=\"wp-block-spacer\"><\/div><div class=\"wp-block-mac-container-block box-container\"><div class=\"wp-block-columns is-layout-flex wp-container-core-columns-is-layout-9d6595d7 wp-block-columns-is-layout-flex\"><div class=\"wp-block-column is-layout-flow wp-block-column-is-layout-flow\"><figure class=\"wp-block-image size-large\"><img fetchpriority=\"high\" decoding=\"async\" width=\"1024\" height=\"537\" src=\"https:\/\/www.maccaferri.com\/tr\/wp-content\/uploads\/2023\/11\/illustrazione_snow_valanga_consfondo-1024x537.jpg\" alt=\"\" class=\"wp-image-56236\" srcset=\"https:\/\/www.maccaferri.com\/tr\/wp-content\/uploads\/2023\/11\/illustrazione_snow_valanga_consfondo-1024x537.jpg 1024w, https:\/\/www.maccaferri.com\/tr\/wp-content\/uploads\/2023\/11\/illustrazione_snow_valanga_consfondo-300x157.jpg 300w, https:\/\/www.maccaferri.com\/tr\/wp-content\/uploads\/2023\/11\/illustrazione_snow_valanga_consfondo-768x403.jpg 768w, https:\/\/www.maccaferri.com\/tr\/wp-content\/uploads\/2023\/11\/illustrazione_snow_valanga_consfondo-120x63.jpg 120w, https:\/\/www.maccaferri.com\/tr\/wp-content\/uploads\/2023\/11\/illustrazione_snow_valanga_consfondo.jpg 1500w\" sizes=\"(max-width: 1024px) 100vw, 1024px\" \/><\/figure>\n\n<div style=\"height:30px\" aria-hidden=\"true\" class=\"wp-block-spacer\"><\/div>\n\n<p class=\"has-text-align-center\">Tonlarca kar ve enkaz\u0131 \u015fa\u015f\u0131rt\u0131c\u0131 h\u0131zlarda ta\u015f\u0131yabilen \u00e7\u0131\u011flar\u0131n \u015fa\u015f\u0131rt\u0131c\u0131 g\u00fcc\u00fc, risklerinin azalt\u0131lmas\u0131na y\u00f6nelik kritik ihtiyac\u0131n alt\u0131n\u0131 \u00e7izmektedir.<\/p><\/div>\n\n<div class=\"wp-block-column is-layout-flow wp-block-column-is-layout-flow\"><figure class=\"wp-block-image size-large\"><img decoding=\"async\" width=\"1024\" height=\"537\" src=\"https:\/\/www.maccaferri.com\/tr\/wp-content\/uploads\/2023\/11\/illustrazione_snow_con-sfondo_v.3-1024x537.jpg\" alt=\"\" class=\"wp-image-56238\" srcset=\"https:\/\/www.maccaferri.com\/tr\/wp-content\/uploads\/2023\/11\/illustrazione_snow_con-sfondo_v.3-1024x537.jpg 1024w, https:\/\/www.maccaferri.com\/tr\/wp-content\/uploads\/2023\/11\/illustrazione_snow_con-sfondo_v.3-300x157.jpg 300w, https:\/\/www.maccaferri.com\/tr\/wp-content\/uploads\/2023\/11\/illustrazione_snow_con-sfondo_v.3-768x403.jpg 768w, https:\/\/www.maccaferri.com\/tr\/wp-content\/uploads\/2023\/11\/illustrazione_snow_con-sfondo_v.3-120x63.jpg 120w, https:\/\/www.maccaferri.com\/tr\/wp-content\/uploads\/2023\/11\/illustrazione_snow_con-sfondo_v.3.jpg 1500w\" sizes=\"(max-width: 1024px) 100vw, 1024px\" \/><\/figure>\n\n<div style=\"height:30px\" aria-hidden=\"true\" class=\"wp-block-spacer\"><\/div>\n\n<p class=\"has-text-align-center\">Onlarca y\u0131ll\u0131k deneyimiyle Maccaferri, en zorlu k\u0131\u015f ko\u015fullar\u0131 ve zorlu saha ortamlar\u0131 i\u00e7in kan\u0131tlanm\u0131\u015f \u00e7\u00f6z\u00fcmler sunan, kar azaltma konusunda g\u00fcvenilir bir liderdir.<\/p><\/div><\/div><\/div><div style=\"height:50px\" aria-hidden=\"true\" class=\"wp-block-spacer\"><\/div><div class=\"wp-block-mac-h2-title-block block-txt-container box-container\"><div class=\"row\"><div class=\"col title-box-txt\"><h2 style=\"color:#212429;text-align:none\">PORTF\u00d6Y\u00dcM\u00dcZ<\/h2><\/div><\/div><\/div><div style=\"height:20px\" aria-hidden=\"true\" class=\"wp-block-spacer\"><\/div><div class=\"wp-block-mac-container-block box-container\"><div class=\"wp-block-columns is-layout-flex wp-container-core-columns-is-layout-9d6595d7 wp-block-columns-is-layout-flex\"><div class=\"wp-block-column is-layout-flow wp-block-column-is-layout-flow\"><div class=\"container-fluid carousel-image-gallery\">\n        <div class=\"row\">\n            <div id=\"carouselImageblock_7ac4a074b466fcac75a70d5b29a13785\" class=\"carousel slide carouselImageGallery\" data-bs-ride=\"carousel\">\n                <!-- \/\/ Indicators -->\n                <ol class=\"carousel-indicators\">\n                                            <li data-bs-target=\"#carouselImageblock_7ac4a074b466fcac75a70d5b29a13785\" data-bs-slide-to=\"0\" class=\"active\" aria-current=\"true\" aria-label=\"Slide\"><\/li>\n                                            <li data-bs-target=\"#carouselImageblock_7ac4a074b466fcac75a70d5b29a13785\" data-bs-slide-to=\"1\" class=\"\" aria-current=\"true\" aria-label=\"Slide\"><\/li>\n                                            <li data-bs-target=\"#carouselImageblock_7ac4a074b466fcac75a70d5b29a13785\" data-bs-slide-to=\"2\" class=\"\" aria-current=\"true\" aria-label=\"Slide\"><\/li>\n                                            <li data-bs-target=\"#carouselImageblock_7ac4a074b466fcac75a70d5b29a13785\" data-bs-slide-to=\"3\" class=\"\" aria-current=\"true\" aria-label=\"Slide\"><\/li>\n                                    <\/ol>\n\n                <div class=\"carousel-inner container\" role=\"listbox\">\n                                            <div class=\"carousel-item active\">\n                        <div class=\"col-12 col-lg-4 col-xl-4 col-xxl-4 space-mobile\">\n                            <div class=\"grid-item-wrapper\">\n                                <div class=\"img-responsive-wrapper\">\n                                    <div class=\"img-responsive\">\n                                        <div class=\"img-wrapper\"><img decoding=\"async\" src=\"https:\/\/www.maccaferri.com\/tr\/wp-content\/uploads\/2025\/01\/AVAMAC-14.jpg\" alt=\"\" \/><\/div>\n                                    <\/div>\n                                <\/div>\n                                <div class=\"griditem-text-wrapper text-center\">\n                                    <p class=\"griditem-text text-center\">AVAMAC yap\u0131lar\u0131, ay\u0131rma b\u00f6lgelerinde kar katmanlar\u0131n\u0131 stabilize eder ve \u00f6zel bile\u015fenleri sayesinde geleneksel kar a\u011flar\u0131na g\u00f6re belirgin avantajlar sunar.\r\n<\/p>\n                   \n                                <\/div>\n                            <\/div>\n                        <\/div>\n                        <\/div>\n                                            <div class=\"carousel-item \">\n                        <div class=\"col-12 col-lg-4 col-xl-4 col-xxl-4 space-mobile\">\n                            <div class=\"grid-item-wrapper\">\n                                <div class=\"img-responsive-wrapper\">\n                                    <div class=\"img-responsive\">\n                                        <div class=\"img-wrapper\"><img decoding=\"async\" src=\"https:\/\/www.maccaferri.com\/tr\/wp-content\/uploads\/2025\/01\/READYMAC-SNOW-15.jpg\" alt=\"\" \/><\/div>\n                                    <\/div>\n                                <\/div>\n                                <div class=\"griditem-text-wrapper text-center\">\n                                    <p class=\"griditem-text text-center\">READYMAC SNOW \u015femsiye sistemleri, esneklikle yerle\u015ftirilerek, \u00e7\u0131\u011f riski olan b\u00f6lgelerde kar birikimini stabilize eder ve y\u00f6netmeliklere ve bilimsel standartlara uyumu garanti eder.\r\n<\/p>\n                   \n                                <\/div>\n                            <\/div>\n                        <\/div>\n                        <\/div>\n                                            <div class=\"carousel-item \">\n                        <div class=\"col-12 col-lg-4 col-xl-4 col-xxl-4 space-mobile\">\n                            <div class=\"grid-item-wrapper\">\n                                <div class=\"img-responsive-wrapper\">\n                                    <div class=\"img-responsive\">\n                                        <div class=\"img-wrapper\"><img decoding=\"async\" src=\"https:\/\/www.maccaferri.com\/tr\/wp-content\/uploads\/2025\/01\/TERRAMESH-15.jpg\" alt=\"\" \/><\/div>\n                                    <\/div>\n                                <\/div>\n                                <div class=\"griditem-text-wrapper text-center\">\n                                    <p class=\"griditem-text text-center\">Maccaferri&#039;nin TERRAMESH \u00e7\u0131\u011f koruma setleri, \u00e7\u0131\u011f g\u00fc\u00e7lerine dayanacak \u015fekilde titizlikle tasarlanm\u0131\u015f olup, da\u011f kasabalar\u0131 ve yollar\u0131n\u0131n g\u00fcvenli\u011fini sa\u011flar.\r\n<\/p>\n                   \n                                <\/div>\n                            <\/div>\n                        <\/div>\n                        <\/div>\n                                            <div class=\"carousel-item \">\n                        <div class=\"col-12 col-lg-4 col-xl-4 col-xxl-4 space-mobile\">\n                            <div class=\"grid-item-wrapper\">\n                                <div class=\"img-responsive-wrapper\">\n                                    <div class=\"img-responsive\">\n                                        <div class=\"img-wrapper\"><img decoding=\"async\" src=\"https:\/\/www.maccaferri.com\/tr\/wp-content\/uploads\/2025\/01\/HELLOMAC-SNOW-15.jpg\" alt=\"\" \/><\/div>\n                                    <\/div>\n                                <\/div>\n                                <div class=\"griditem-text-wrapper text-center\">\n                                    <p class=\"griditem-text text-center\">Maccaferri&#039;nin HELLOMAC SNOW \u00e7\u00f6z\u00fcm\u00fc, ak\u0131ll\u0131 \u00e7\u00f6z\u00fcmler ve ileri d\u00fczey jeoteknik teknolojiyle g\u00fcvenli\u011fi art\u0131r\u0131r, karla kapl\u0131 yama\u00e7lar\u0131n etkili bir \u015fekilde izlenmesini sa\u011flar ve \u00e7\u0131\u011f riskini azalt\u0131r.\r\n<\/p>\n                   \n                                <\/div>\n                            <\/div>\n                        <\/div>\n                        <\/div>\n                                    <\/div>\n            <\/div>\n\n        <\/div>\n    <\/div><\/div><\/div><\/div><div style=\"height:100px\" aria-hidden=\"true\" class=\"wp-block-spacer\"><\/div><div class=\"wp-block-mac-h2-title-block block-txt-container box-container\"><div class=\"row\"><div class=\"col title-box-txt\"><h2 style=\"color:#212429;text-align:none\">\u00d6ZEL WEB\u0130NAR<\/h2><\/div><\/div><\/div><div style=\"height:20px\" aria-hidden=\"true\" class=\"wp-block-spacer\"><\/div><div class=\"wp-block-mac-container-block box-container\"><div class=\"wp-block-columns is-layout-flex wp-container-core-columns-is-layout-9d6595d7 wp-block-columns-is-layout-flex\"><div class=\"wp-block-column is-layout-flow wp-block-column-is-layout-flow\"><div class=\"wp-block-mac-container-block box-container\"><div class=\"wp-block-columns is-layout-flex wp-container-core-columns-is-layout-9d6595d7 wp-block-columns-is-layout-flex\"><div class=\"wp-block-column is-layout-flow wp-block-column-is-layout-flow\"><figure class=\"wp-block-image size-full is-style-default\"><img decoding=\"async\" width=\"1000\" height=\"562\" src=\"https:\/\/www.maccaferri.com\/tr\/wp-content\/uploads\/2023\/12\/immagine-1-1.png\" alt=\"\" class=\"wp-image-56691\" srcset=\"https:\/\/www.maccaferri.com\/tr\/wp-content\/uploads\/2023\/12\/immagine-1-1.png 1000w, https:\/\/www.maccaferri.com\/tr\/wp-content\/uploads\/2023\/12\/immagine-1-1-300x169.png 300w, https:\/\/www.maccaferri.com\/tr\/wp-content\/uploads\/2023\/12\/immagine-1-1-768x432.png 768w, https:\/\/www.maccaferri.com\/tr\/wp-content\/uploads\/2023\/12\/immagine-1-1-120x67.png 120w\" sizes=\"(max-width: 1000px) 100vw, 1000px\" \/><\/figure><\/div>\n\n<div class=\"wp-block-column is-layout-flow wp-block-column-is-layout-flow\"><div style=\"height:60px\" aria-hidden=\"true\" class=\"wp-block-spacer\"><\/div>\n\n<p class=\"has-text-align-center\" style=\"font-size:25px\"><strong>Kar \u00e7\u0131\u011f\u0131n\u0131n azalt\u0131lmas\u0131: G\u00fcvenlik i\u00e7in inovasyon<\/strong><\/p>\n\n<p class=\"has-text-align-center\">Da\u011fl\u0131k b\u00f6lgelerde g\u00fcvenli\u011fi yeniden tan\u0131mlayan ve \u00e7\u0131\u011flar\u0131n korkun\u00e7 g\u00fcc\u00fcn\u00fc ele alan yenilik\u00e7i stratejileri ke\u015ffetmek i\u00e7in \u00e7\u0131\u011f azaltma konulu kaydedilmi\u015f web seminerini izleyin.<\/p>\n\n<div class=\"wp-block-buttons is-content-justification-center is-layout-flex wp-container-core-buttons-is-layout-16018d1d wp-block-buttons-is-layout-flex\"><div class=\"wp-block-button\"><a class=\"wp-block-button__link wp-element-button\" href=\"https:\/\/www.maccaferri.com\/tr\/WEB%C4%B0NARLAR\/snow-avalanche-prevention-and-mitigation-solutions\/\">Ba\u011flant\u0131 burada<\/a><\/div><\/div><\/div><\/div><\/div><\/div><\/div><\/div><div style=\"height:100px\" aria-hidden=\"true\" class=\"wp-block-spacer\"><\/div><div class=\"wp-block-mac-h2-title-block block-txt-container box-container\"><div class=\"row\"><div class=\"col title-box-txt\"><h2 style=\"color:#212429;text-align:none\">\u0130ND\u0130RME ALANI<\/h2><\/div><\/div><\/div><div class=\"wp-block-mac-container-block box-container\"><div class=\"wp-block-columns is-layout-flex wp-container-core-columns-is-layout-9d6595d7 wp-block-columns-is-layout-flex\"><div class=\"wp-block-column is-layout-flow wp-block-column-is-layout-flow\"><p id=\"download\">Kar \u00e7\u00f6z\u00fcmleri \u00fczerinden \u00f6zel materyallerimize eri\u015fmek i\u00e7in a\u015fa\u011f\u0131daki formu doldurun.<\/p>\n\n<iframe src=\"https:\/\/www2.maccaferri.com\/l\/965143\/2025-03-24\/5tmfdb\" width=\"100%\" height=\"700\" type=\"text\/html\" frameborder=\"0\" allowTransparency=\"true\" style=\"border: 0\" data-cookieconsent=\"ignore\"><\/iframe><\/div><\/div><\/div>","protected":false},"excerpt":{"rendered":"","protected":false},"author":11460,"featured_media":0,"parent":0,"menu_order":0,"comment_status":"closed","ping_status":"closed","template":"","meta":{"_acf_changed":false,"_joinchat":[],"footnotes":""},"class_list":["post-84379","page","type-page","status-publish","hentry"],"acf":{"uuid_products":"","product-documents":""},"yoast_head":"<!-- This site is optimized with the Yoast SEO Premium plugin v27.0 (Yoast SEO v27.0) - https:\/\/yoast.com\/product\/yoast-seo-premium-wordpress\/ -->\n<title>SNOW AVALANCHE MITIGATION - Maccaferri T\u00fcrkiye<\/title>\n<meta name=\"description\" content=\"0KAR \u00c7I\u011eI \u00d6NLEMEAlan\u0131 buradan indirinPreviousNext EN Y\u00dcKSEK KORUMA, KANITLANMI\u015e YEN\u0130L\u0130K Tonlarca kar ve enkaz\u0131 \u015fa\u015f\u0131rt\u0131c\u0131 h\u0131zlarda ta\u015f\u0131yabilen \u00e7\u0131\u011flar\u0131n\" \/>\n<meta name=\"robots\" content=\"index, follow, max-snippet:-1, max-image-preview:large, max-video-preview:-1\" \/>\n<link rel=\"canonical\" href=\"https:\/\/www.maccaferri.com\/tr\/snow-avalanche-mitigation\/\" \/>\n<meta property=\"og:locale\" content=\"tr_TR\" \/>\n<meta property=\"og:type\" content=\"article\" \/>\n<meta property=\"og:title\" content=\"SNOW AVALANCHE MITIGATION - Maccaferri T\u00fcrkiye\" \/>\n<meta property=\"og:description\" content=\"0KAR \u00c7I\u011eI \u00d6NLEMEAlan\u0131 buradan indirinPreviousNext EN Y\u00dcKSEK KORUMA, KANITLANMI\u015e YEN\u0130L\u0130K Tonlarca kar ve enkaz\u0131 \u015fa\u015f\u0131rt\u0131c\u0131 h\u0131zlarda ta\u015f\u0131yabilen \u00e7\u0131\u011flar\u0131n\" \/>\n<meta property=\"og:url\" content=\"https:\/\/www.maccaferri.com\/tr\/snow-avalanche-mitigation\/\" \/>\n<meta property=\"og:site_name\" content=\"Maccaferri T\u00fcrkiye\" \/>\n<meta property=\"article:modified_time\" content=\"2025-03-25T14:18:03+00:00\" \/>\n<meta property=\"og:image\" content=\"https:\/\/www.maccaferri.com\/tr\/wp-content\/uploads\/2023\/11\/ama-dablam-2064522_1920.jpg\" \/>\n<meta name=\"twitter:card\" content=\"summary_large_image\" \/>\n<meta name=\"twitter:label1\" content=\"Est. reading time\" \/>\n\t<meta name=\"twitter:data1\" content=\"2 minutes\" \/>\n<script type=\"application\/ld+json\" class=\"yoast-schema-graph\">{\"@context\":\"https:\/\/schema.org\",\"@graph\":[{\"@type\":\"WebPage\",\"@id\":\"https:\/\/www.maccaferri.com\/tr\/snow-avalanche-mitigation\/\",\"url\":\"https:\/\/www.maccaferri.com\/tr\/snow-avalanche-mitigation\/\",\"name\":\"SNOW AVALANCHE MITIGATION - Maccaferri T\u00fcrkiye\",\"isPartOf\":{\"@id\":\"https:\/\/www.maccaferri.com\/tr\/#website\"},\"primaryImageOfPage\":{\"@id\":\"https:\/\/www.maccaferri.com\/tr\/snow-avalanche-mitigation\/#primaryimage\"},\"image\":{\"@id\":\"https:\/\/www.maccaferri.com\/tr\/snow-avalanche-mitigation\/#primaryimage\"},\"thumbnailUrl\":\"https:\/\/www.maccaferri.com\/tr\/wp-content\/uploads\/2023\/11\/ama-dablam-2064522_1920.jpg\",\"datePublished\":\"2023-11-28T15:43:23+00:00\",\"dateModified\":\"2025-03-25T14:18:03+00:00\",\"description\":\"0KAR \u00c7I\u011eI \u00d6NLEMEAlan\u0131 buradan indirinPreviousNext EN Y\u00dcKSEK KORUMA, KANITLANMI\u015e YEN\u0130L\u0130K Tonlarca kar ve enkaz\u0131 \u015fa\u015f\u0131rt\u0131c\u0131 h\u0131zlarda ta\u015f\u0131yabilen \u00e7\u0131\u011flar\u0131n\",\"inLanguage\":\"tr-TR\",\"potentialAction\":[{\"@type\":\"ReadAction\",\"target\":[\"https:\/\/www.maccaferri.com\/tr\/snow-avalanche-mitigation\/\"]}]},{\"@type\":\"ImageObject\",\"inLanguage\":\"tr-TR\",\"@id\":\"https:\/\/www.maccaferri.com\/tr\/snow-avalanche-mitigation\/#primaryimage\",\"url\":\"https:\/\/www.maccaferri.com\/tr\/wp-content\/uploads\/2023\/11\/ama-dablam-2064522_1920.jpg\",\"contentUrl\":\"https:\/\/www.maccaferri.com\/tr\/wp-content\/uploads\/2023\/11\/ama-dablam-2064522_1920.jpg\",\"width\":1920,\"height\":1280},{\"@type\":\"WebSite\",\"@id\":\"https:\/\/www.maccaferri.com\/tr\/#website\",\"url\":\"https:\/\/www.maccaferri.com\/tr\/\",\"name\":\"Maccaferri T\u00fcrkiye\",\"description\":\"\",\"publisher\":{\"@id\":\"https:\/\/www.maccaferri.com\/tr\/#organization\"},\"potentialAction\":[{\"@type\":\"SearchAction\",\"target\":{\"@type\":\"EntryPoint\",\"urlTemplate\":\"https:\/\/www.maccaferri.com\/tr\/?s={search_term_string}\"},\"query-input\":{\"@type\":\"PropertyValueSpecification\",\"valueRequired\":true,\"valueName\":\"search_term_string\"}}],\"inLanguage\":\"tr-TR\"},{\"@type\":\"Organization\",\"@id\":\"https:\/\/www.maccaferri.com\/tr\/#organization\",\"name\":\"Maccaferri T\u00fcrkiye\",\"url\":\"https:\/\/www.maccaferri.com\/tr\/\",\"logo\":{\"@type\":\"ImageObject\",\"inLanguage\":\"tr-TR\",\"@id\":\"https:\/\/www.maccaferri.com\/tr\/#\/schema\/logo\/image\/\",\"url\":\"https:\/\/www.maccaferri.com\/tr\/wp-content\/uploads\/2022\/07\/logo-maccaferri.png\",\"contentUrl\":\"https:\/\/www.maccaferri.com\/tr\/wp-content\/uploads\/2022\/07\/logo-maccaferri.png\",\"width\":152,\"height\":32,\"caption\":\"Maccaferri T\u00fcrkiye\"},\"image\":{\"@id\":\"https:\/\/www.maccaferri.com\/tr\/#\/schema\/logo\/image\/\"}}]}<\/script>\n<!-- \/ Yoast SEO Premium plugin. -->","yoast_head_json":{"title":"SNOW AVALANCHE MITIGATION - Maccaferri T\u00fcrkiye","description":"0KAR \u00c7I\u011eI \u00d6NLEMEAlan\u0131 buradan indirinPreviousNext EN Y\u00dcKSEK KORUMA, KANITLANMI\u015e YEN\u0130L\u0130K Tonlarca kar ve enkaz\u0131 \u015fa\u015f\u0131rt\u0131c\u0131 h\u0131zlarda ta\u015f\u0131yabilen \u00e7\u0131\u011flar\u0131n","robots":{"index":"index","follow":"follow","max-snippet":"max-snippet:-1","max-image-preview":"max-image-preview:large","max-video-preview":"max-video-preview:-1"},"canonical":"https:\/\/www.maccaferri.com\/tr\/snow-avalanche-mitigation\/","og_locale":"tr_TR","og_type":"article","og_title":"SNOW AVALANCHE MITIGATION - Maccaferri T\u00fcrkiye","og_description":"0KAR \u00c7I\u011eI \u00d6NLEMEAlan\u0131 buradan indirinPreviousNext EN Y\u00dcKSEK KORUMA, KANITLANMI\u015e YEN\u0130L\u0130K Tonlarca kar ve enkaz\u0131 \u015fa\u015f\u0131rt\u0131c\u0131 h\u0131zlarda ta\u015f\u0131yabilen \u00e7\u0131\u011flar\u0131n","og_url":"https:\/\/www.maccaferri.com\/tr\/snow-avalanche-mitigation\/","og_site_name":"Maccaferri T\u00fcrkiye","article_modified_time":"2025-03-25T14:18:03+00:00","og_image":[{"url":"https:\/\/www.maccaferri.com\/tr\/wp-content\/uploads\/2023\/11\/ama-dablam-2064522_1920.jpg","type":"","width":"","height":""}],"twitter_card":"summary_large_image","twitter_misc":{"Est. reading time":"2 minutes"},"schema":{"@context":"https:\/\/schema.org","@graph":[{"@type":"WebPage","@id":"https:\/\/www.maccaferri.com\/tr\/snow-avalanche-mitigation\/","url":"https:\/\/www.maccaferri.com\/tr\/snow-avalanche-mitigation\/","name":"SNOW AVALANCHE MITIGATION - Maccaferri T\u00fcrkiye","isPartOf":{"@id":"https:\/\/www.maccaferri.com\/tr\/#website"},"primaryImageOfPage":{"@id":"https:\/\/www.maccaferri.com\/tr\/snow-avalanche-mitigation\/#primaryimage"},"image":{"@id":"https:\/\/www.maccaferri.com\/tr\/snow-avalanche-mitigation\/#primaryimage"},"thumbnailUrl":"https:\/\/www.maccaferri.com\/tr\/wp-content\/uploads\/2023\/11\/ama-dablam-2064522_1920.jpg","datePublished":"2023-11-28T15:43:23+00:00","dateModified":"2025-03-25T14:18:03+00:00","description":"0KAR \u00c7I\u011eI \u00d6NLEMEAlan\u0131 buradan indirinPreviousNext EN Y\u00dcKSEK KORUMA, KANITLANMI\u015e YEN\u0130L\u0130K Tonlarca kar ve enkaz\u0131 \u015fa\u015f\u0131rt\u0131c\u0131 h\u0131zlarda ta\u015f\u0131yabilen \u00e7\u0131\u011flar\u0131n","inLanguage":"tr-TR","potentialAction":[{"@type":"ReadAction","target":["https:\/\/www.maccaferri.com\/tr\/snow-avalanche-mitigation\/"]}]},{"@type":"ImageObject","inLanguage":"tr-TR","@id":"https:\/\/www.maccaferri.com\/tr\/snow-avalanche-mitigation\/#primaryimage","url":"https:\/\/www.maccaferri.com\/tr\/wp-content\/uploads\/2023\/11\/ama-dablam-2064522_1920.jpg","contentUrl":"https:\/\/www.maccaferri.com\/tr\/wp-content\/uploads\/2023\/11\/ama-dablam-2064522_1920.jpg","width":1920,"height":1280},{"@type":"WebSite","@id":"https:\/\/www.maccaferri.com\/tr\/#website","url":"https:\/\/www.maccaferri.com\/tr\/","name":"Maccaferri T\u00fcrkiye","description":"","publisher":{"@id":"https:\/\/www.maccaferri.com\/tr\/#organization"},"potentialAction":[{"@type":"SearchAction","target":{"@type":"EntryPoint","urlTemplate":"https:\/\/www.maccaferri.com\/tr\/?s={search_term_string}"},"query-input":{"@type":"PropertyValueSpecification","valueRequired":true,"valueName":"search_term_string"}}],"inLanguage":"tr-TR"},{"@type":"Organization","@id":"https:\/\/www.maccaferri.com\/tr\/#organization","name":"Maccaferri T\u00fcrkiye","url":"https:\/\/www.maccaferri.com\/tr\/","logo":{"@type":"ImageObject","inLanguage":"tr-TR","@id":"https:\/\/www.maccaferri.com\/tr\/#\/schema\/logo\/image\/","url":"https:\/\/www.maccaferri.com\/tr\/wp-content\/uploads\/2022\/07\/logo-maccaferri.png","contentUrl":"https:\/\/www.maccaferri.com\/tr\/wp-content\/uploads\/2022\/07\/logo-maccaferri.png","width":152,"height":32,"caption":"Maccaferri T\u00fcrkiye"},"image":{"@id":"https:\/\/www.maccaferri.com\/tr\/#\/schema\/logo\/image\/"}}]}},"_links":{"self":[{"href":"https:\/\/www.maccaferri.com\/tr\/wp-json\/wp\/v2\/pages\/84379","targetHints":{"allow":["GET"]}}],"collection":[{"href":"https:\/\/www.maccaferri.com\/tr\/wp-json\/wp\/v2\/pages"}],"about":[{"href":"https:\/\/www.maccaferri.com\/tr\/wp-json\/wp\/v2\/types\/page"}],"author":[{"embeddable":true,"href":"https:\/\/www.maccaferri.com\/tr\/wp-json\/wp\/v2\/users\/11460"}],"replies":[{"embeddable":true,"href":"https:\/\/www.maccaferri.com\/tr\/wp-json\/wp\/v2\/comments?post=84379"}],"version-history":[{"count":11,"href":"https:\/\/www.maccaferri.com\/tr\/wp-json\/wp\/v2\/pages\/84379\/revisions"}],"predecessor-version":[{"id":90638,"href":"https:\/\/www.maccaferri.com\/tr\/wp-json\/wp\/v2\/pages\/84379\/revisions\/90638"}],"wp:attachment":[{"href":"https:\/\/www.maccaferri.com\/tr\/wp-json\/wp\/v2\/media?parent=84379"}],"curies":[{"name":"wp","href":"https:\/\/api.w.org\/{rel}","templated":true}]}}