{"id":84351,"date":"2024-11-14T17:16:22","date_gmt":"2024-11-14T16:16:22","guid":{"rendered":"https:\/\/www.maccaferri.com\/tr\/?page_id=84351"},"modified":"2025-03-31T10:45:26","modified_gmt":"2025-03-31T08:45:26","slug":"sustainable-building-solutions","status":"publish","type":"page","link":"https:\/\/www.maccaferri.com\/tr\/sustainable-building-solutions\/","title":{"rendered":"SUSTAINABLE \u200bBUILDING SOLUTIONS"},"content":{"rendered":"<div class=\"wp-block-mac-slider-hero-block hero-slider\"><div id=\"hero97\" class=\"carousel slide\" data-bs-ride=\"true\"><ol class=\"carousel-indicators box-container\"><li data-bs-target=\"#hero97\" data-bs-slide-to=\"0\" class=\"active\"><\/li><\/ol><div class=\"carousel-inner\"><div class=\"carousel-item active\"><div class=\"hero\"><div class=\"gts__picture\"><img decoding=\"async\" src=\"https:\/\/www.maccaferri.com\/tr\/wp-content\/uploads\/2024\/12\/MECDEF-2.jpg\" style=\"display:none\"\/><div class=\"gts__picture__image\" style=\"background-image:url(https:\/\/www.maccaferri.com\/tr\/wp-content\/uploads\/2024\/12\/MECDEF-2.jpg)\"><\/div><\/div><div class=\"container box-container\"><div class=\"row\"><div class=\"col-12 col-lg-6 col-xl-6 col-xxl-6\"><p><span class=\"hero-index\" style=\"display:none\">0<\/span><\/p><h2 class=\"hero-text-container\"><span class=\"hero-text\">S\u00dcRD\u00dcR\u00dcLEB\u0130L\u0130R B\u0130NA<br>\u00c7\u00d6Z\u00dcMLER\u0130<\/span><\/h2><\/div><\/div><\/div><\/div><\/div><\/div><button class=\"carousel-control-prev\" href=\"#hero97\" type=\"button\" data-bs-slide=\"prev\"><span class=\"carousel-control-prev-icon\" aria-hidden=\"true\"><\/span><span class=\"visually-hidden\">Previous<\/span><\/button><button class=\"carousel-control-next\" href=\"#hero97\" type=\"button\" data-bs-slide=\"next\"><span class=\"carousel-control-next-icon\" aria-hidden=\"true\"><\/span><span class=\"visually-hidden\">Next<\/span><\/button><\/div><\/div><div style=\"height:100px\" aria-hidden=\"true\" class=\"wp-block-spacer\"><\/div><div class=\"wp-block-mac-container-block box-container\"><div class=\"wp-block-columns is-layout-flex wp-container-core-columns-is-layout-9d6595d7 wp-block-columns-is-layout-flex\"><div class=\"wp-block-column is-layout-flow wp-block-column-is-layout-flow\"><figure class=\"wp-block-image size-full\"><img decoding=\"async\" src=\"https:\/\/www.maccaferri.com\/wp-content\/uploads\/2024\/11\/Immagine-1-BIS-800x600px.jpg\" alt=\"\" class=\"wp-image-83756\"\/><\/figure><\/div>\n\n<div class=\"wp-block-column is-layout-flow wp-block-column-is-layout-flow\" style=\"flex-basis:30px\"><\/div>\n\n<div class=\"wp-block-column is-layout-flow wp-block-column-is-layout-flow\"><div style=\"height:100px\" aria-hidden=\"true\" class=\"wp-block-spacer\"><\/div>\n\n<p>\u00c7\u00f6z\u00fcmlerimiz, drenaj ve korumadan yap\u0131 ve kaplamalar\u0131n su ve su yal\u0131t\u0131m\u0131na, enerji tasarrufundan konut konforuna, buhar kontrol\u00fcnden d\u0131\u015f zemin kaplamalar\u0131na kadar sivil ve end\u00fcstriyel in\u015faat sekt\u00f6r\u00fcn\u00fcn \u00e7e\u015fitli teknik taleplerine ak\u0131ll\u0131 ve yenilik\u00e7i \u00e7\u00f6z\u00fcmlerle cevap vermektedir.<\/p><\/div><\/div><\/div><div style=\"height:100px\" aria-hidden=\"true\" class=\"wp-block-spacer\"><\/div><div class=\"wp-block-columns has-background is-layout-flex wp-container-core-columns-is-layout-9d6595d7 wp-block-columns-is-layout-flex\" style=\"background-color:#104857\"><div class=\"wp-block-column is-layout-flow wp-block-column-is-layout-flow\" style=\"flex-basis:10%\"><\/div>\n\n<div class=\"wp-block-column is-layout-flow wp-block-column-is-layout-flow\" style=\"flex-basis:80%\"><div style=\"height:40px\" aria-hidden=\"true\" class=\"wp-block-spacer\"><\/div>\n\n<div class=\"wp-block-mac-h4-title-block block-txt-container box-container\"><div class=\"row\"><div class=\"col title-box-txt\"><h4 style=\"color:#ffffff;text-align:center\">Bu \u00e7\u00f6z\u00fcmler, end\u00fcstri ve \u00e7evre standartlar\u0131na uygun olarak s\u00fcrd\u00fcr\u00fclebilirli\u011fi, dayan\u0131kl\u0131l\u0131\u011f\u0131 ve verimlili\u011fi te\u015fvik ederken in\u015faat zorluklar\u0131n\u0131 ele al\u0131r<\/h4><\/div><\/div><\/div>\n\n<div style=\"height:40px\" aria-hidden=\"true\" class=\"wp-block-spacer\"><\/div><\/div>\n\n<div class=\"wp-block-column is-layout-flow wp-block-column-is-layout-flow\" style=\"flex-basis:10%\"><\/div><\/div><div style=\"height:100px\" aria-hidden=\"true\" class=\"wp-block-spacer\"><\/div><div style=\"width: 100%;\"><div style=\"position: relative; padding-bottom: 56.25%; padding-top: 0; height: 0;\"><iframe title=\"Infografica BIS\" frameborder=\"0\" width=\"1200\" height=\"675\" style=\"position: absolute; top: 0; left: 0; width: 100%; height: 100%;\" src=\"https:\/\/view.genially.com\/675312e6a4905c23acd1aa74\" type=\"text\/html\" allowscriptaccess=\"always\" allowfullscreen=\"true\" scrolling=\"yes\" allownetworking=\"all\"><\/iframe> <\/div> <\/div><div class=\"wp-block-mac-container-block box-container\"><div class=\"wp-block-columns is-layout-flex wp-container-core-columns-is-layout-9d6595d7 wp-block-columns-is-layout-flex\"><div class=\"wp-block-column is-layout-flow wp-block-column-is-layout-flow\"><div style=\"height:100px\" aria-hidden=\"true\" class=\"wp-block-spacer\"><\/div><\/div><\/div><\/div><div class=\"container-fluid carousel-image-gallery\">\n        <div class=\"row\">\n            <div id=\"carouselImageblock_996431b91453ffe7f4d6e5855d2f059b\" class=\"carousel slide carouselImageGallery\" data-bs-ride=\"carousel\">\n                <!-- \/\/ Indicators -->\n                <ol class=\"carousel-indicators\">\n                                            <li data-bs-target=\"#carouselImageblock_996431b91453ffe7f4d6e5855d2f059b\" data-bs-slide-to=\"0\" class=\"active\" aria-current=\"true\" aria-label=\"Slide\"><\/li>\n                                            <li data-bs-target=\"#carouselImageblock_996431b91453ffe7f4d6e5855d2f059b\" data-bs-slide-to=\"1\" class=\"\" aria-current=\"true\" aria-label=\"Slide\"><\/li>\n                                            <li data-bs-target=\"#carouselImageblock_996431b91453ffe7f4d6e5855d2f059b\" data-bs-slide-to=\"2\" class=\"\" aria-current=\"true\" aria-label=\"Slide\"><\/li>\n                                            <li data-bs-target=\"#carouselImageblock_996431b91453ffe7f4d6e5855d2f059b\" data-bs-slide-to=\"3\" class=\"\" aria-current=\"true\" aria-label=\"Slide\"><\/li>\n                                            <li data-bs-target=\"#carouselImageblock_996431b91453ffe7f4d6e5855d2f059b\" data-bs-slide-to=\"4\" class=\"\" aria-current=\"true\" aria-label=\"Slide\"><\/li>\n                                            <li data-bs-target=\"#carouselImageblock_996431b91453ffe7f4d6e5855d2f059b\" data-bs-slide-to=\"5\" class=\"\" aria-current=\"true\" aria-label=\"Slide\"><\/li>\n                                    <\/ol>\n\n                <div class=\"carousel-inner container\" role=\"listbox\">\n                                            <div class=\"carousel-item active\">\n                        <div class=\"col-12 col-lg-4 col-xl-4 col-xxl-4 space-mobile\">\n                            <div class=\"grid-item-wrapper\">\n                                <div class=\"img-responsive-wrapper\">\n                                    <div class=\"img-responsive\">\n                                        <div class=\"img-wrapper\"><img decoding=\"async\" src=\"https:\/\/www.maccaferri.com\/tr\/wp-content\/uploads\/2025\/03\/RoofGarden_Slider2_800x800px-300x300-2.jpg\" alt=\"\" \/><\/div>\n                                    <\/div>\n                                <\/div>\n                                <div class=\"griditem-text-wrapper text-center\">\n                                    <p class=\"griditem-text text-center\">\u00c7at\u0131 Bah\u00e7esi &#8211; Terradrain etkili y\u00fczey ak\u0131\u015f\u0131 y\u00f6netimi sa\u011flar, yap\u0131 stabilitesini art\u0131r\u0131r ve zaman\u0131nda drenaj ile ye\u015fil \u00e7at\u0131larda k\u00f6k \u00e7\u00fcr\u00fcmesini \u00f6nler<\/p>\n                   \n                                <\/div>\n                            <\/div>\n                        <\/div>\n                        <\/div>\n                                            <div class=\"carousel-item \">\n                        <div class=\"col-12 col-lg-4 col-xl-4 col-xxl-4 space-mobile\">\n                            <div class=\"grid-item-wrapper\">\n                                <div class=\"img-responsive-wrapper\">\n                                    <div class=\"img-responsive\">\n                                        <div class=\"img-wrapper\"><img decoding=\"async\" src=\"https:\/\/www.maccaferri.com\/tr\/wp-content\/uploads\/2025\/03\/MetallicRoof_Slider1_800x800px-300x300-1.jpg\" alt=\"\" \/><\/div>\n                                    <\/div>\n                                <\/div>\n                                <div class=\"griditem-text-wrapper text-center\">\n                                    <p class=\"griditem-text text-center\">Metalik \u00c7at\u0131 &#8211; Maccaferri \u00e7at\u0131 kaplama \u00fcr\u00fcnleri nefes alabilen, su ge\u00e7irmez bir membran\u0131 \u00fc\u00e7 boyutlu polimerik bir a\u011f ile birle\u015ftirir.<\/p>\n                   \n                                <\/div>\n                            <\/div>\n                        <\/div>\n                        <\/div>\n                                            <div class=\"carousel-item \">\n                        <div class=\"col-12 col-lg-4 col-xl-4 col-xxl-4 space-mobile\">\n                            <div class=\"grid-item-wrapper\">\n                                <div class=\"img-responsive-wrapper\">\n                                    <div class=\"img-responsive\">\n                                        <div class=\"img-wrapper\"><img decoding=\"async\" src=\"https:\/\/www.maccaferri.com\/tr\/wp-content\/uploads\/2025\/03\/BuildingFoundation_Slider3_800x800px-2-1.jpg\" alt=\"\" \/><\/div>\n                                    <\/div>\n                                <\/div>\n                                <div class=\"griditem-text-wrapper text-center\">\n                                    <p class=\"griditem-text text-center\">Bina Temeli &#8211; Toprakla do\u011frudan temas halinde olan her yap\u0131, \u00f6zelliklerini korumak ve ama\u00e7lanan tasar\u0131m \u00f6mr\u00fcn\u00fc sa\u011flamak i\u00e7in uygun su yal\u0131t\u0131m\u0131 gerektirir.<\/p>\n                   \n                                <\/div>\n                            <\/div>\n                        <\/div>\n                        <\/div>\n                                            <div class=\"carousel-item \">\n                        <div class=\"col-12 col-lg-4 col-xl-4 col-xxl-4 space-mobile\">\n                            <div class=\"grid-item-wrapper\">\n                                <div class=\"img-responsive-wrapper\">\n                                    <div class=\"img-responsive\">\n                                        <div class=\"img-wrapper\"><img decoding=\"async\" src=\"https:\/\/www.maccaferri.com\/tr\/wp-content\/uploads\/2025\/03\/ParkingArea_Slider4_800x800px-300x300-1.jpg\" alt=\"\" \/><\/div>\n                                    <\/div>\n                                <\/div>\n                                <div class=\"griditem-text-wrapper text-center\">\n                                    <p class=\"griditem-text text-center\">Park Alan\u0131 &#8211; Zeminle do\u011frudan temas halinde olan her yap\u0131, \u00f6zelliklerini korumak ve ama\u00e7lanan kullan\u0131m \u00f6mr\u00fcn\u00fc sa\u011flamak i\u00e7in yeterli su korumas\u0131 gerektirir.<\/p>\n                   \n                                <\/div>\n                            <\/div>\n                        <\/div>\n                        <\/div>\n                                            <div class=\"carousel-item \">\n                        <div class=\"col-12 col-lg-4 col-xl-4 col-xxl-4 space-mobile\">\n                            <div class=\"grid-item-wrapper\">\n                                <div class=\"img-responsive-wrapper\">\n                                    <div class=\"img-responsive\">\n                                        <div class=\"img-wrapper\"><img decoding=\"async\" src=\"https:\/\/www.maccaferri.com\/tr\/wp-content\/uploads\/2025\/03\/GreenParking_Slider5_800x800px-300x300-2.jpg\" alt=\"\" \/><\/div>\n                                    <\/div>\n                                <\/div>\n                                <div class=\"griditem-text-wrapper text-center\">\n                                    <p class=\"griditem-text text-center\">Ye\u015fil Park Alan\u0131 &#8211; Ye\u015fil alanlar i\u00e7in multikompozit, park alanlar\u0131ndaki \u00e7imleri koruyarak ara\u00e7 park\u0131ndan kaynaklanan \u00e7im hasar\u0131n\u0131 \u00f6nler.<\/p>\n                   \n                                <\/div>\n                            <\/div>\n                        <\/div>\n                        <\/div>\n                                            <div class=\"carousel-item \">\n                        <div class=\"col-12 col-lg-4 col-xl-4 col-xxl-4 space-mobile\">\n                            <div class=\"grid-item-wrapper\">\n                                <div class=\"img-responsive-wrapper\">\n                                    <div class=\"img-responsive\">\n                                        <div class=\"img-wrapper\"><img decoding=\"async\" src=\"https:\/\/www.maccaferri.com\/tr\/wp-content\/uploads\/2025\/03\/RetainingWall_Slider6_800x800px-300x300-2.jpg\" alt=\"\" \/><\/div>\n                                    <\/div>\n                                <\/div>\n                                <div class=\"griditem-text-wrapper text-center\">\n                                    <p class=\"griditem-text text-center\">\u0130stinat Duvarlar\u0131 &#8211; Toprakla do\u011frudan temas halinde in\u015fa edilen herhangi bir eleman, \u00f6zelliklerini ve beklenen tasar\u0131m \u00f6mr\u00fcn\u00fc korumak i\u00e7in suya kar\u015f\u0131 uygun koruma gerektirir.<\/p>\n                   \n                                <\/div>\n                            <\/div>\n                        <\/div>\n                        <\/div>\n                                    <\/div>\n            <\/div>\n\n        <\/div>\n    <\/div><div class=\"wp-block-mac-container-block box-container\"><div class=\"wp-block-columns is-layout-flex wp-container-core-columns-is-layout-9d6595d7 wp-block-columns-is-layout-flex\"><div class=\"wp-block-column is-layout-flow wp-block-column-is-layout-flow\"><div style=\"height:100px\" aria-hidden=\"true\" class=\"wp-block-spacer\"><\/div>\n\n<div class=\"wp-block-mac-h4-title-block block-txt-container box-container\"><div class=\"row\"><div class=\"col title-box-txt\"><h4 style=\"color:#212429;text-align:left\">Materyallerimizi indirin<\/h4><\/div><\/div><\/div>\n\n<div class=\"wp-block-mac-container-block box-container\"><div class=\"wp-block-columns is-layout-flex wp-container-core-columns-is-layout-9d6595d7 wp-block-columns-is-layout-flex\"><div class=\"wp-block-column is-layout-flow wp-block-column-is-layout-flow\"><div class=\"wp-block-columns is-layout-flex wp-container-core-columns-is-layout-9d6595d7 wp-block-columns-is-layout-flex\"><div class=\"wp-block-column is-layout-flow wp-block-column-is-layout-flow\"><iframe src=\"https:\/\/www2.maccaferri.com\/l\/965143\/2025-03-25\/5tmn77\" width=\"100%\" height=\"700\" type=\"text\/html\" frameborder=\"0\" allowTransparency=\"true\" style=\"border: 0\" data-cookieconsent=\"ignore\"><\/iframe><\/div><\/div><\/div><\/div><\/div><\/div><\/div><\/div><div style=\"height:100px\" aria-hidden=\"true\" class=\"wp-block-spacer\"><\/div><div class=\"wp-block-columns is-layout-flex wp-container-core-columns-is-layout-9d6595d7 wp-block-columns-is-layout-flex\"><div class=\"wp-block-column has-background is-layout-flow wp-block-column-is-layout-flow\" style=\"background-color:#004857\"><div class=\"wp-block-mac-title-cta-two-block container box-container\" style=\"background:#004857\"><div class=\"row\"><div class=\"col-12 col-lg-5 col-xl-5 col-xxl-5 title-box-txt\"><H2 class=\"wp-block-mac-title-cta-two-block\" style=\"color:#A7C8CB\">Uzmanlar\u0131m\u0131zla tan\u0131\u015f\u0131n<\/H2><\/div><div class=\"col-12 offset-lg-1 offset-xl-1 offset-xxl-1 col-lg-6 col-xl-6 col-xxl-6 title-box-txt\"><div style=\"text-align:right\"><p class=\"wp-block-mac-title-cta-two-block\" style=\"color:#FFFFFF\">Sivil ve end\u00fcstriyel yap\u0131lar\u0131n karma\u015f\u0131k d\u00fcnyas\u0131 i\u00e7in kazanan bir orta\u011f\u0131 temsil ediyoruz. Geni\u015f \u00fcr\u00fcn yelpazemiz sayesinde, \u00fcr\u00fcnlerimiz bir\u00e7ok sekt\u00f6r\u00fcn \u00e7e\u015fitli teknik taleplerine cevap vermektedir. Sorular\u0131n\u0131z m\u0131 var veya yard\u0131ma m\u0131 ihtiyac\u0131n\u0131z var?<\/p><\/div><div style=\"text-align:right\"><a href=\"https:\/\/www.maccaferri.com\/tr\/bize-ulasin\/\" target=\"_blank\" class=\"buttonurl\" rel=\"noopener\"><span class=\"buttontext\">Bize ula\u015f\u0131n<\/span><\/a><\/div><\/div><\/div><\/div><\/div><\/div><div style=\"height:100px\" aria-hidden=\"true\" class=\"wp-block-spacer\"><\/div>","protected":false},"excerpt":{"rendered":"","protected":false},"author":6,"featured_media":0,"parent":0,"menu_order":0,"comment_status":"closed","ping_status":"closed","template":"","meta":{"_acf_changed":false,"_joinchat":[],"footnotes":""},"class_list":["post-84351","page","type-page","status-publish","hentry"],"acf":{"uuid_products":"","product-documents":""},"yoast_head":"<!-- This site is optimized with the Yoast SEO Premium plugin v27.0 (Yoast SEO v27.0) - https:\/\/yoast.com\/product\/yoast-seo-premium-wordpress\/ -->\n<title>SUSTAINABLE \u200bBUILDING SOLUTIONS - Maccaferri T\u00fcrkiye<\/title>\n<meta name=\"description\" content=\"0S\u00dcRD\u00dcR\u00dcLEB\u0130L\u0130R B\u0130NA\u00c7\u00d6Z\u00dcMLER\u0130PreviousNext \u00c7\u00f6z\u00fcmlerimiz, drenaj ve korumadan yap\u0131 ve kaplamalar\u0131n su ve su yal\u0131t\u0131m\u0131na, enerji tasarrufundan konut\" \/>\n<meta name=\"robots\" content=\"index, follow, max-snippet:-1, max-image-preview:large, max-video-preview:-1\" \/>\n<link rel=\"canonical\" href=\"https:\/\/www.maccaferri.com\/tr\/sustainable-building-solutions\/\" \/>\n<meta property=\"og:locale\" content=\"tr_TR\" \/>\n<meta property=\"og:type\" content=\"article\" \/>\n<meta property=\"og:title\" content=\"SUSTAINABLE \u200bBUILDING SOLUTIONS - Maccaferri T\u00fcrkiye\" \/>\n<meta property=\"og:description\" content=\"0S\u00dcRD\u00dcR\u00dcLEB\u0130L\u0130R B\u0130NA\u00c7\u00d6Z\u00dcMLER\u0130PreviousNext \u00c7\u00f6z\u00fcmlerimiz, drenaj ve korumadan yap\u0131 ve kaplamalar\u0131n su ve su yal\u0131t\u0131m\u0131na, enerji tasarrufundan konut\" \/>\n<meta property=\"og:url\" content=\"https:\/\/www.maccaferri.com\/tr\/sustainable-building-solutions\/\" \/>\n<meta property=\"og:site_name\" content=\"Maccaferri T\u00fcrkiye\" \/>\n<meta property=\"article:modified_time\" content=\"2025-03-31T08:45:26+00:00\" \/>\n<meta property=\"og:image\" content=\"https:\/\/www.maccaferri.com\/tr\/wp-content\/uploads\/2024\/12\/MECDEF-2.jpg\" \/>\n<meta name=\"twitter:card\" content=\"summary_large_image\" \/>\n<meta name=\"twitter:label1\" content=\"Est. reading time\" \/>\n\t<meta name=\"twitter:data1\" content=\"1 minute\" \/>\n<script type=\"application\/ld+json\" class=\"yoast-schema-graph\">{\"@context\":\"https:\/\/schema.org\",\"@graph\":[{\"@type\":\"WebPage\",\"@id\":\"https:\/\/www.maccaferri.com\/tr\/sustainable-building-solutions\/\",\"url\":\"https:\/\/www.maccaferri.com\/tr\/sustainable-building-solutions\/\",\"name\":\"SUSTAINABLE \u200bBUILDING SOLUTIONS - Maccaferri T\u00fcrkiye\",\"isPartOf\":{\"@id\":\"https:\/\/www.maccaferri.com\/tr\/#website\"},\"primaryImageOfPage\":{\"@id\":\"https:\/\/www.maccaferri.com\/tr\/sustainable-building-solutions\/#primaryimage\"},\"image\":{\"@id\":\"https:\/\/www.maccaferri.com\/tr\/sustainable-building-solutions\/#primaryimage\"},\"thumbnailUrl\":\"https:\/\/www.maccaferri.com\/tr\/wp-content\/uploads\/2024\/12\/MECDEF-2.jpg\",\"datePublished\":\"2024-11-14T16:16:22+00:00\",\"dateModified\":\"2025-03-31T08:45:26+00:00\",\"description\":\"0S\u00dcRD\u00dcR\u00dcLEB\u0130L\u0130R B\u0130NA\u00c7\u00d6Z\u00dcMLER\u0130PreviousNext \u00c7\u00f6z\u00fcmlerimiz, drenaj ve korumadan yap\u0131 ve kaplamalar\u0131n su ve su yal\u0131t\u0131m\u0131na, enerji tasarrufundan konut\",\"inLanguage\":\"tr-TR\",\"potentialAction\":[{\"@type\":\"ReadAction\",\"target\":[\"https:\/\/www.maccaferri.com\/tr\/sustainable-building-solutions\/\"]}]},{\"@type\":\"ImageObject\",\"inLanguage\":\"tr-TR\",\"@id\":\"https:\/\/www.maccaferri.com\/tr\/sustainable-building-solutions\/#primaryimage\",\"url\":\"https:\/\/www.maccaferri.com\/tr\/wp-content\/uploads\/2024\/12\/MECDEF-2.jpg\",\"contentUrl\":\"https:\/\/www.maccaferri.com\/tr\/wp-content\/uploads\/2024\/12\/MECDEF-2.jpg\",\"width\":1000,\"height\":750},{\"@type\":\"WebSite\",\"@id\":\"https:\/\/www.maccaferri.com\/tr\/#website\",\"url\":\"https:\/\/www.maccaferri.com\/tr\/\",\"name\":\"Maccaferri T\u00fcrkiye\",\"description\":\"\",\"publisher\":{\"@id\":\"https:\/\/www.maccaferri.com\/tr\/#organization\"},\"potentialAction\":[{\"@type\":\"SearchAction\",\"target\":{\"@type\":\"EntryPoint\",\"urlTemplate\":\"https:\/\/www.maccaferri.com\/tr\/?s={search_term_string}\"},\"query-input\":{\"@type\":\"PropertyValueSpecification\",\"valueRequired\":true,\"valueName\":\"search_term_string\"}}],\"inLanguage\":\"tr-TR\"},{\"@type\":\"Organization\",\"@id\":\"https:\/\/www.maccaferri.com\/tr\/#organization\",\"name\":\"Maccaferri T\u00fcrkiye\",\"url\":\"https:\/\/www.maccaferri.com\/tr\/\",\"logo\":{\"@type\":\"ImageObject\",\"inLanguage\":\"tr-TR\",\"@id\":\"https:\/\/www.maccaferri.com\/tr\/#\/schema\/logo\/image\/\",\"url\":\"https:\/\/www.maccaferri.com\/tr\/wp-content\/uploads\/2022\/07\/logo-maccaferri.png\",\"contentUrl\":\"https:\/\/www.maccaferri.com\/tr\/wp-content\/uploads\/2022\/07\/logo-maccaferri.png\",\"width\":152,\"height\":32,\"caption\":\"Maccaferri T\u00fcrkiye\"},\"image\":{\"@id\":\"https:\/\/www.maccaferri.com\/tr\/#\/schema\/logo\/image\/\"}}]}<\/script>\n<!-- \/ Yoast SEO Premium plugin. -->","yoast_head_json":{"title":"SUSTAINABLE \u200bBUILDING SOLUTIONS - Maccaferri T\u00fcrkiye","description":"0S\u00dcRD\u00dcR\u00dcLEB\u0130L\u0130R B\u0130NA\u00c7\u00d6Z\u00dcMLER\u0130PreviousNext \u00c7\u00f6z\u00fcmlerimiz, drenaj ve korumadan yap\u0131 ve kaplamalar\u0131n su ve su yal\u0131t\u0131m\u0131na, enerji tasarrufundan konut","robots":{"index":"index","follow":"follow","max-snippet":"max-snippet:-1","max-image-preview":"max-image-preview:large","max-video-preview":"max-video-preview:-1"},"canonical":"https:\/\/www.maccaferri.com\/tr\/sustainable-building-solutions\/","og_locale":"tr_TR","og_type":"article","og_title":"SUSTAINABLE \u200bBUILDING SOLUTIONS - Maccaferri T\u00fcrkiye","og_description":"0S\u00dcRD\u00dcR\u00dcLEB\u0130L\u0130R B\u0130NA\u00c7\u00d6Z\u00dcMLER\u0130PreviousNext \u00c7\u00f6z\u00fcmlerimiz, drenaj ve korumadan yap\u0131 ve kaplamalar\u0131n su ve su yal\u0131t\u0131m\u0131na, enerji tasarrufundan konut","og_url":"https:\/\/www.maccaferri.com\/tr\/sustainable-building-solutions\/","og_site_name":"Maccaferri T\u00fcrkiye","article_modified_time":"2025-03-31T08:45:26+00:00","og_image":[{"url":"https:\/\/www.maccaferri.com\/tr\/wp-content\/uploads\/2024\/12\/MECDEF-2.jpg","type":"","width":"","height":""}],"twitter_card":"summary_large_image","twitter_misc":{"Est. reading time":"1 minute"},"schema":{"@context":"https:\/\/schema.org","@graph":[{"@type":"WebPage","@id":"https:\/\/www.maccaferri.com\/tr\/sustainable-building-solutions\/","url":"https:\/\/www.maccaferri.com\/tr\/sustainable-building-solutions\/","name":"SUSTAINABLE \u200bBUILDING SOLUTIONS - Maccaferri T\u00fcrkiye","isPartOf":{"@id":"https:\/\/www.maccaferri.com\/tr\/#website"},"primaryImageOfPage":{"@id":"https:\/\/www.maccaferri.com\/tr\/sustainable-building-solutions\/#primaryimage"},"image":{"@id":"https:\/\/www.maccaferri.com\/tr\/sustainable-building-solutions\/#primaryimage"},"thumbnailUrl":"https:\/\/www.maccaferri.com\/tr\/wp-content\/uploads\/2024\/12\/MECDEF-2.jpg","datePublished":"2024-11-14T16:16:22+00:00","dateModified":"2025-03-31T08:45:26+00:00","description":"0S\u00dcRD\u00dcR\u00dcLEB\u0130L\u0130R B\u0130NA\u00c7\u00d6Z\u00dcMLER\u0130PreviousNext \u00c7\u00f6z\u00fcmlerimiz, drenaj ve korumadan yap\u0131 ve kaplamalar\u0131n su ve su yal\u0131t\u0131m\u0131na, enerji tasarrufundan konut","inLanguage":"tr-TR","potentialAction":[{"@type":"ReadAction","target":["https:\/\/www.maccaferri.com\/tr\/sustainable-building-solutions\/"]}]},{"@type":"ImageObject","inLanguage":"tr-TR","@id":"https:\/\/www.maccaferri.com\/tr\/sustainable-building-solutions\/#primaryimage","url":"https:\/\/www.maccaferri.com\/tr\/wp-content\/uploads\/2024\/12\/MECDEF-2.jpg","contentUrl":"https:\/\/www.maccaferri.com\/tr\/wp-content\/uploads\/2024\/12\/MECDEF-2.jpg","width":1000,"height":750},{"@type":"WebSite","@id":"https:\/\/www.maccaferri.com\/tr\/#website","url":"https:\/\/www.maccaferri.com\/tr\/","name":"Maccaferri T\u00fcrkiye","description":"","publisher":{"@id":"https:\/\/www.maccaferri.com\/tr\/#organization"},"potentialAction":[{"@type":"SearchAction","target":{"@type":"EntryPoint","urlTemplate":"https:\/\/www.maccaferri.com\/tr\/?s={search_term_string}"},"query-input":{"@type":"PropertyValueSpecification","valueRequired":true,"valueName":"search_term_string"}}],"inLanguage":"tr-TR"},{"@type":"Organization","@id":"https:\/\/www.maccaferri.com\/tr\/#organization","name":"Maccaferri T\u00fcrkiye","url":"https:\/\/www.maccaferri.com\/tr\/","logo":{"@type":"ImageObject","inLanguage":"tr-TR","@id":"https:\/\/www.maccaferri.com\/tr\/#\/schema\/logo\/image\/","url":"https:\/\/www.maccaferri.com\/tr\/wp-content\/uploads\/2022\/07\/logo-maccaferri.png","contentUrl":"https:\/\/www.maccaferri.com\/tr\/wp-content\/uploads\/2022\/07\/logo-maccaferri.png","width":152,"height":32,"caption":"Maccaferri T\u00fcrkiye"},"image":{"@id":"https:\/\/www.maccaferri.com\/tr\/#\/schema\/logo\/image\/"}}]}},"_links":{"self":[{"href":"https:\/\/www.maccaferri.com\/tr\/wp-json\/wp\/v2\/pages\/84351","targetHints":{"allow":["GET"]}}],"collection":[{"href":"https:\/\/www.maccaferri.com\/tr\/wp-json\/wp\/v2\/pages"}],"about":[{"href":"https:\/\/www.maccaferri.com\/tr\/wp-json\/wp\/v2\/types\/page"}],"author":[{"embeddable":true,"href":"https:\/\/www.maccaferri.com\/tr\/wp-json\/wp\/v2\/users\/6"}],"replies":[{"embeddable":true,"href":"https:\/\/www.maccaferri.com\/tr\/wp-json\/wp\/v2\/comments?post=84351"}],"version-history":[{"count":12,"href":"https:\/\/www.maccaferri.com\/tr\/wp-json\/wp\/v2\/pages\/84351\/revisions"}],"predecessor-version":[{"id":90837,"href":"https:\/\/www.maccaferri.com\/tr\/wp-json\/wp\/v2\/pages\/84351\/revisions\/90837"}],"wp:attachment":[{"href":"https:\/\/www.maccaferri.com\/tr\/wp-json\/wp\/v2\/media?parent=84351"}],"curies":[{"name":"wp","href":"https:\/\/api.w.org\/{rel}","templated":true}]}}