{"id":84179,"date":"2024-02-14T17:07:41","date_gmt":"2024-02-14T16:07:41","guid":{"rendered":"https:\/\/www.maccaferri.com\/tr\/?page_id=84179"},"modified":"2025-10-08T08:57:47","modified_gmt":"2025-10-08T06:57:47","slug":"defence-security-2","status":"publish","type":"page","link":"https:\/\/www.maccaferri.com\/tr\/defence-security-2\/","title":{"rendered":"Defence and Security"},"content":{"rendered":"<div class=\"wp-block-mac-slider-hero-block hero-slider\"><div id=\"hero13\" class=\"carousel slide\" data-bs-ride=\"true\"><ol class=\"carousel-indicators box-container\"><li data-bs-target=\"#hero13\" data-bs-slide-to=\"0\" class=\"active\"><\/li><\/ol><div class=\"carousel-inner\"><div class=\"carousel-item active\"><div class=\"hero\"><div class=\"gts__picture\"><img decoding=\"async\" src=\"https:\/\/www.maccaferri.com\/tr\/wp-content\/uploads\/2024\/10\/perimetro-dettaglio-light.jpg\" style=\"display:none\"\/><div class=\"gts__picture__image\" style=\"background-image:url(https:\/\/www.maccaferri.com\/tr\/wp-content\/uploads\/2024\/10\/perimetro-dettaglio-light.jpg)\"><\/div><\/div><div class=\"container box-container\"><div class=\"row\"><div class=\"col-12 col-lg-6 col-xl-6 col-xxl-6\"><p><span class=\"hero-index\" style=\"display:none\">0<\/span><\/p><h2 class=\"hero-text-container\"><span class=\"hero-text\">SAVUNMA VE G\u00dcVENL\u0130K<\/span><\/h2><a class=\"hero-buttonurl\" href=\"#download\"><span class=\"hero-buttontext\">\u0130ndirme alan\u0131 burada<\/span><\/a><\/div><\/div><\/div><\/div><\/div><\/div><button class=\"carousel-control-prev\" href=\"#hero13\" type=\"button\" data-bs-slide=\"prev\"><span class=\"carousel-control-prev-icon\" aria-hidden=\"true\"><\/span><span class=\"visually-hidden\">Previous<\/span><\/button><button class=\"carousel-control-next\" href=\"#hero13\" type=\"button\" data-bs-slide=\"next\"><span class=\"carousel-control-next-icon\" aria-hidden=\"true\"><\/span><span class=\"visually-hidden\">Next<\/span><\/button><\/div><\/div><div style=\"height:30px\" aria-hidden=\"true\" class=\"wp-block-spacer\"><\/div><div class=\"wp-block-mac-container-block box-container\"><div class=\"wp-block-columns is-layout-flex wp-container-core-columns-is-layout-9d6595d7 wp-block-columns-is-layout-flex\"><div class=\"wp-block-column is-layout-flow wp-block-column-is-layout-flow\"><h2 class=\"wp-block-heading has-text-color has-link-color wp-elements-eb5e888e83ae41fde749f0faf8700932\" id=\"h-i-dunya-savasi-gabionlarindan-modern-guvenlige-maccaferri-guvenlik-icin-yenilikler-sunuyor\" style=\"color:#034e51;font-size:30px\"><strong>I. D\u00dcNYA SAVA\u015eI GAB\u0130ONLARINDAN MODERN G\u00dcVENL\u0130\u011eE, MACCAFERRI G\u00dcVENL\u0130K \u0130\u00c7\u0130N YEN\u0130L\u0130KLER SUNUYOR<\/strong><\/h2>\n\n<p class=\"has-medium-font-size\">Maccaferri, bir as\u0131rdan uzun s\u00fcredir, I. D\u00fcnya Sava\u015f\u0131 s\u0131ras\u0131nda gabionlar\u0131n yeniden icat edilmesiyle ba\u015flayarak savunma inovasyonunda \u00f6nc\u00fc olmu\u015ftur. Modern zorluklarla ba\u015fa \u00e7\u0131kmak i\u00e7in geli\u015fen \u015firketin uzmanl\u0131\u011f\u0131, sellere ve do\u011fal afetlere, balistiklere ve patlamalara ve en son olarak da ter\u00f6r sald\u0131r\u0131lar\u0131na kar\u015f\u0131 savunma \u00e7\u00f6z\u00fcmlerine kadar uzanmaktad\u0131r. Maccaferri&#8217;nin 100 y\u0131l\u0131 a\u015fk\u0131n kal\u0131c\u0131 miras\u0131, daha g\u00fcvenli bir gelecek i\u00e7in geli\u015fmi\u015f savunma \u00e7\u00f6z\u00fcmleri \u015fekillendirmeye olan kararl\u0131 ba\u011fl\u0131l\u0131\u011f\u0131n\u0131 yans\u0131tmaktad\u0131r.<\/p><\/div><\/div><\/div><div class=\"wp-block-mac-container-block box-container\"><div class=\"wp-block-columns is-layout-flex wp-container-core-columns-is-layout-9d6595d7 wp-block-columns-is-layout-flex\"><div class=\"wp-block-column is-layout-flow wp-block-column-is-layout-flow\"><figure class=\"wp-block-image size-full\"><img decoding=\"async\" src=\"https:\/\/www.maccaferri.com\/wp-content\/uploads\/2024\/03\/Confronto1-Passato-edited.jpg\" alt=\"\" class=\"wp-image-64128\"\/><\/figure><\/div>\n\n<div class=\"wp-block-column is-layout-flow wp-block-column-is-layout-flow\"><figure class=\"wp-block-image size-full\"><img decoding=\"async\" src=\"https:\/\/www.maccaferri.com\/wp-content\/uploads\/2024\/03\/Defence_Security-min.png\" alt=\"\" class=\"wp-image-64419\"\/><\/figure><\/div><\/div><\/div><div style=\"height:50px\" aria-hidden=\"true\" class=\"wp-block-spacer\"><\/div><div class=\"wp-block-mac-container-block box-container\"><div class=\"wp-block-columns is-layout-flex wp-container-core-columns-is-layout-9d6595d7 wp-block-columns-is-layout-flex\"><div class=\"wp-block-column is-layout-flow wp-block-column-is-layout-flow\"><h2 class=\"wp-block-heading has-text-color has-link-color wp-elements-984b6afbd92bf7f928d08911744e2384\" style=\"color:#034e51;font-size:30px\"><strong>OPERASYON DA\u011eILIMI<\/strong><\/h2>\n\n<p class=\"has-medium-font-size\">Bir y\u00fczy\u0131ll\u0131k deneyime sahip olan Maccaferri, yaln\u0131zca y\u00fcksek kaliteli \u00fcr\u00fcnler sunmakla kalmaz, ayn\u0131 zamanda yetenekli ve g\u00fcvenilir bir ortak olarak \u00f6ne \u00e7\u0131kar. \u015eirketimiz, \u00e7\u00f6z\u00fcmler sunman\u0131n \u00f6tesine ge\u00e7er, \u00e7e\u015fitli ihtiya\u00e7lar\u0131 kar\u015f\u0131lamak i\u00e7in 360\u00b0 destek sunar.<\/p>\n\n<p class=\"has-medium-font-size\">Daha \u00f6nce DefenCell MAC olarak bilinen EBS MAC\u2019lerimiz, tan\u0131nan askeri standartlara g\u00f6re \u00fcretilmi\u015ftir ve operasyonel spektrumda EBS \u00e7evre duvarlar\u0131, Giri\u015f Kontrol\u00fc ve Ara\u00e7 Engelleri, G\u00f6zetleme Noktalar\u0131, Bar\u0131naklar ve S\u0131\u011f\u0131naklar, Cephane ve Patlay\u0131c\u0131 Depolar\u0131 ile At\u0131\u015f Alanlar\u0131 ve E\u011fitim gibi bir dizi uygulama i\u00e7in uygundur.<\/p>\n\n<figure class=\"wp-block-image aligncenter size-full\"><img fetchpriority=\"high\" decoding=\"async\" width=\"1630\" height=\"656\" src=\"https:\/\/www.maccaferri.com\/tr\/wp-content\/uploads\/2024\/10\/immagine-1-1.png\" alt=\"\" class=\"wp-image-80119\" srcset=\"https:\/\/www.maccaferri.com\/tr\/wp-content\/uploads\/2024\/10\/immagine-1-1.png 1630w, https:\/\/www.maccaferri.com\/tr\/wp-content\/uploads\/2024\/10\/immagine-1-1-300x121.png 300w, https:\/\/www.maccaferri.com\/tr\/wp-content\/uploads\/2024\/10\/immagine-1-1-1024x412.png 1024w, https:\/\/www.maccaferri.com\/tr\/wp-content\/uploads\/2024\/10\/immagine-1-1-768x309.png 768w, https:\/\/www.maccaferri.com\/tr\/wp-content\/uploads\/2024\/10\/immagine-1-1-1536x618.png 1536w, https:\/\/www.maccaferri.com\/tr\/wp-content\/uploads\/2024\/10\/immagine-1-1-120x48.png 120w\" sizes=\"(max-width: 1630px) 100vw, 1630px\" \/><\/figure><\/div><\/div><\/div><div style=\"height:50px\" aria-hidden=\"true\" class=\"wp-block-spacer\"><\/div><div class=\"wp-block-mac-container-block box-container\"><div class=\"wp-block-columns is-layout-flex wp-container-core-columns-is-layout-9d6595d7 wp-block-columns-is-layout-flex\"><div class=\"wp-block-column is-layout-flow wp-block-column-is-layout-flow\"><h2 class=\"wp-block-heading has-text-color has-link-color wp-elements-f1b32526fac9d4e01931db9ed096ffce\" style=\"color:#034e51;font-size:30px\"><strong>PORTF\u00d6Y\u00dcM\u00dcZ<\/strong><\/h2>\n\n<p class=\"has-medium-font-size\"><\/p><\/div><\/div><\/div><div class=\"wp-block-mac-container-block box-container\"><div class=\"wp-block-columns is-layout-flex wp-container-core-columns-is-layout-9d6595d7 wp-block-columns-is-layout-flex\"><div class=\"wp-block-column is-layout-flow wp-block-column-is-layout-flow\"><div class=\"container-fluid carousel-image-gallery\">\n        <div class=\"row\">\n            <div id=\"carouselImageblock_a243ac6b3b0f80413e8f47ca2932da15\" class=\"carousel slide carouselImageGallery\" data-bs-ride=\"carousel\">\n                <!-- \/\/ Indicators -->\n                <ol class=\"carousel-indicators\">\n                                            <li data-bs-target=\"#carouselImageblock_a243ac6b3b0f80413e8f47ca2932da15\" data-bs-slide-to=\"0\" class=\"active\" aria-current=\"true\" aria-label=\"Slide\"><\/li>\n                                            <li data-bs-target=\"#carouselImageblock_a243ac6b3b0f80413e8f47ca2932da15\" data-bs-slide-to=\"1\" class=\"\" aria-current=\"true\" aria-label=\"Slide\"><\/li>\n                                            <li data-bs-target=\"#carouselImageblock_a243ac6b3b0f80413e8f47ca2932da15\" data-bs-slide-to=\"2\" class=\"\" aria-current=\"true\" aria-label=\"Slide\"><\/li>\n                                    <\/ol>\n\n                <div class=\"carousel-inner container\" role=\"listbox\">\n                                            <div class=\"carousel-item active\">\n                        <div class=\"col-12 col-lg-4 col-xl-4 col-xxl-4 space-mobile\">\n                            <div class=\"grid-item-wrapper\">\n                                <div class=\"img-responsive-wrapper\">\n                                    <div class=\"img-responsive\">\n                                        <div class=\"img-wrapper\"><img decoding=\"async\" src=\"https:\/\/www.maccaferri.com\/tr\/wp-content\/uploads\/2025\/01\/Prodotto-Defence-FE-18.jpg\" alt=\"\" \/><\/div>\n                                    <\/div>\n                                <\/div>\n                                <div class=\"griditem-text-wrapper text-center\">\n                                    <p class=\"griditem-text text-center\">Maccaferri\u2019nin savunma bariyerlerinin \u00f6zel bir versiyonu olan EBS MAC FE, sel korumas\u0131 i\u00e7in tasarlanm\u0131\u015ft\u0131r. Bu mod\u00fcler sistem, acil durumlarda h\u0131zl\u0131 bir \u015fekilde konu\u015fland\u0131r\u0131lmak \u00fczere tasarlanm\u0131\u015f olup, ayn\u0131 zamanda uzun vadeli koruma sa\u011flamak i\u00e7in peyzaj tasar\u0131mlar\u0131na sorunsuz bir \u015fekilde entegre edilebilir.<\/p>\n                   \n                                <\/div>\n                            <\/div>\n                        <\/div>\n                        <\/div>\n                                            <div class=\"carousel-item \">\n                        <div class=\"col-12 col-lg-4 col-xl-4 col-xxl-4 space-mobile\">\n                            <div class=\"grid-item-wrapper\">\n                                <div class=\"img-responsive-wrapper\">\n                                    <div class=\"img-responsive\">\n                                        <div class=\"img-wrapper\"><img decoding=\"async\" src=\"https:\/\/www.maccaferri.com\/tr\/wp-content\/uploads\/2025\/01\/Prodotto-Defence-17.png\" alt=\"\" \/><\/div>\n                                    <\/div>\n                                <\/div>\n                                <div class=\"griditem-text-wrapper text-center\">\n                                    <p class=\"griditem-text text-center\">EBS MAC, \u00e7e\u015fitli m\u00fchimmat, patlay\u0131c\u0131lar ve ara\u00e7 sald\u0131r\u0131lar\u0131na kar\u015f\u0131 koruma sa\u011flamak i\u00e7in \u00f6zel olarak geli\u015ftirilmi\u015f \u00e7ok h\u00fccreli bir yap\u0131d\u0131r.<\/p>\n                   \n                                <\/div>\n                            <\/div>\n                        <\/div>\n                        <\/div>\n                                            <div class=\"carousel-item \">\n                        <div class=\"col-12 col-lg-4 col-xl-4 col-xxl-4 space-mobile\">\n                            <div class=\"grid-item-wrapper\">\n                                <div class=\"img-responsive-wrapper\">\n                                    <div class=\"img-responsive\">\n                                        <div class=\"img-wrapper\"><img decoding=\"async\" src=\"https:\/\/www.maccaferri.com\/tr\/wp-content\/uploads\/2025\/01\/Prodotto-MacSafe-17.jpg\" alt=\"\" \/><\/div>\n                                    <\/div>\n                                <\/div>\n                                <div class=\"griditem-text-wrapper text-center\">\n                                    <p class=\"griditem-text text-center\">MacSafe\u00ae, Maccaferri taraf\u0131ndan geli\u015ftirilen, kamu alanlar\u0131nda gizli ve etkili koruma sa\u011flamak i\u00e7in geli\u015ftirilen bir sald\u0131rgan ara\u00e7 m\u00fcdahale \u00f6nleme sistemidir.<\/p>\n                   \n                                <\/div>\n                            <\/div>\n                        <\/div>\n                        <\/div>\n                                    <\/div>\n            <\/div>\n\n        <\/div>\n    <\/div><\/div><\/div><\/div><div style=\"height:50px\" aria-hidden=\"true\" class=\"wp-block-spacer\"><\/div><div class=\"wp-block-mac-container-block box-container\"><div class=\"wp-block-columns is-layout-flex wp-container-core-columns-is-layout-9d6595d7 wp-block-columns-is-layout-flex\"><div class=\"wp-block-column is-layout-flow wp-block-column-is-layout-flow\"><h2 class=\"wp-block-heading has-text-color has-link-color wp-elements-497ca2c3ed39a2ba80484b815180efe5\" style=\"color:#034e51;font-size:30px\"><strong>EBS MAC\u2019LER\u0130M\u0130Z\u0130N NASIL KURULDU\u011eUNU \u00d6\u011eREN\u0130N!<\/strong><\/h2>\n\n<p class=\"has-medium-font-size\">\u015eimdi Savunma Videosunu izleyin<\/p>\n\n<figure class=\"wp-block-video\"><video controls controlslist=\"nodownload\" poster=\"https:\/\/www.maccaferri.com\/tr\/wp-content\/uploads\/2024\/10\/Screenshot-2024-10-18-123914.png\" src=\"https:\/\/www.maccaferri.com\/tr\/wp-content\/uploads\/2024\/10\/EBS-MAC.mp4\"><\/video><\/figure><\/div><\/div><\/div><div style=\"height:100px\" aria-hidden=\"true\" class=\"wp-block-spacer\"><\/div><div class=\"wp-block-mac-container-block box-container\"><div class=\"wp-block-columns is-layout-flex wp-container-core-columns-is-layout-9d6595d7 wp-block-columns-is-layout-flex\"><div class=\"wp-block-column is-layout-flow wp-block-column-is-layout-flow\"><h2 class=\"wp-block-heading has-text-color has-link-color wp-elements-6d543d58485ab6a4bb322607cf178bde\" style=\"color:#034e51;font-size:30px\"><strong>\u0130ND\u0130RME ALANI<\/strong><\/h2>\n\n<p id=\"download\">A\u015fa\u011f\u0131daki formu doldurarak, savunma ve g\u00fcvenlik \u00fczerine \u00f6zel materyallerimize eri\u015febilirsiniz.<\/p>\n\n<iframe src=\"https:\/\/www2.maccaferri.com\/l\/965143\/2025-06-10\/5txsz7\" width=\"100%\" height=\"500\" type=\"text\/html\" frameborder=\"0\" allowTransparency=\"true\" style=\"border: 0\"><\/iframe><\/div><\/div><\/div><div style=\"height:100px\" aria-hidden=\"true\" class=\"wp-block-spacer\"><\/div>","protected":false},"excerpt":{"rendered":"","protected":false},"author":24301,"featured_media":0,"parent":0,"menu_order":0,"comment_status":"closed","ping_status":"closed","template":"","meta":{"_acf_changed":false,"_joinchat":[],"footnotes":""},"class_list":["post-84179","page","type-page","status-publish","hentry"],"acf":{"uuid_products":"","product-documents":""},"yoast_head":"<!-- This site is optimized with the Yoast SEO Premium plugin v27.0 (Yoast SEO v27.0) - https:\/\/yoast.com\/product\/yoast-seo-premium-wordpress\/ -->\n<title>Defence and Security - Maccaferri T\u00fcrkiye<\/title>\n<meta name=\"description\" content=\"0SAVUNMA VE G\u00dcVENL\u0130K\u0130ndirme alan\u0131 buradaPreviousNext I. D\u00dcNYA SAVA\u015eI GAB\u0130ONLARINDAN MODERN G\u00dcVENL\u0130\u011eE, MACCAFERRI G\u00dcVENL\u0130K \u0130\u00c7\u0130N YEN\u0130L\u0130KLER SUNUYOR\" \/>\n<meta name=\"robots\" content=\"index, follow, max-snippet:-1, max-image-preview:large, max-video-preview:-1\" \/>\n<link rel=\"canonical\" href=\"https:\/\/www.maccaferri.com\/tr\/defence-security-2\/\" \/>\n<meta property=\"og:locale\" content=\"tr_TR\" \/>\n<meta property=\"og:type\" content=\"article\" \/>\n<meta property=\"og:title\" content=\"Defence and Security - Maccaferri T\u00fcrkiye\" \/>\n<meta property=\"og:description\" content=\"0SAVUNMA VE G\u00dcVENL\u0130K\u0130ndirme alan\u0131 buradaPreviousNext I. D\u00dcNYA SAVA\u015eI GAB\u0130ONLARINDAN MODERN G\u00dcVENL\u0130\u011eE, MACCAFERRI G\u00dcVENL\u0130K \u0130\u00c7\u0130N YEN\u0130L\u0130KLER SUNUYOR\" \/>\n<meta property=\"og:url\" content=\"https:\/\/www.maccaferri.com\/tr\/defence-security-2\/\" \/>\n<meta property=\"og:site_name\" content=\"Maccaferri T\u00fcrkiye\" \/>\n<meta property=\"article:modified_time\" content=\"2025-10-08T06:57:47+00:00\" \/>\n<meta property=\"og:image\" content=\"https:\/\/www.maccaferri.com\/tr\/wp-content\/uploads\/2024\/10\/perimetro-dettaglio-light.jpg\" \/>\n<meta name=\"twitter:card\" content=\"summary_large_image\" \/>\n<meta name=\"twitter:label1\" content=\"Est. reading time\" \/>\n\t<meta name=\"twitter:data1\" content=\"2 minutes\" \/>\n<script type=\"application\/ld+json\" class=\"yoast-schema-graph\">{\"@context\":\"https:\/\/schema.org\",\"@graph\":[{\"@type\":\"WebPage\",\"@id\":\"https:\/\/www.maccaferri.com\/tr\/defence-security-2\/\",\"url\":\"https:\/\/www.maccaferri.com\/tr\/defence-security-2\/\",\"name\":\"Defence and Security - Maccaferri T\u00fcrkiye\",\"isPartOf\":{\"@id\":\"https:\/\/www.maccaferri.com\/tr\/#website\"},\"primaryImageOfPage\":{\"@id\":\"https:\/\/www.maccaferri.com\/tr\/defence-security-2\/#primaryimage\"},\"image\":{\"@id\":\"https:\/\/www.maccaferri.com\/tr\/defence-security-2\/#primaryimage\"},\"thumbnailUrl\":\"https:\/\/www.maccaferri.com\/tr\/wp-content\/uploads\/2024\/10\/perimetro-dettaglio-light.jpg\",\"datePublished\":\"2024-02-14T16:07:41+00:00\",\"dateModified\":\"2025-10-08T06:57:47+00:00\",\"description\":\"0SAVUNMA VE G\u00dcVENL\u0130K\u0130ndirme alan\u0131 buradaPreviousNext I. D\u00dcNYA SAVA\u015eI GAB\u0130ONLARINDAN MODERN G\u00dcVENL\u0130\u011eE, MACCAFERRI G\u00dcVENL\u0130K \u0130\u00c7\u0130N YEN\u0130L\u0130KLER SUNUYOR\",\"inLanguage\":\"tr-TR\",\"potentialAction\":[{\"@type\":\"ReadAction\",\"target\":[\"https:\/\/www.maccaferri.com\/tr\/defence-security-2\/\"]}]},{\"@type\":\"ImageObject\",\"inLanguage\":\"tr-TR\",\"@id\":\"https:\/\/www.maccaferri.com\/tr\/defence-security-2\/#primaryimage\",\"url\":\"https:\/\/www.maccaferri.com\/tr\/wp-content\/uploads\/2024\/10\/perimetro-dettaglio-light.jpg\",\"contentUrl\":\"https:\/\/www.maccaferri.com\/tr\/wp-content\/uploads\/2024\/10\/perimetro-dettaglio-light.jpg\",\"width\":1800,\"height\":1013},{\"@type\":\"WebSite\",\"@id\":\"https:\/\/www.maccaferri.com\/tr\/#website\",\"url\":\"https:\/\/www.maccaferri.com\/tr\/\",\"name\":\"Maccaferri T\u00fcrkiye\",\"description\":\"\",\"publisher\":{\"@id\":\"https:\/\/www.maccaferri.com\/tr\/#organization\"},\"potentialAction\":[{\"@type\":\"SearchAction\",\"target\":{\"@type\":\"EntryPoint\",\"urlTemplate\":\"https:\/\/www.maccaferri.com\/tr\/?s={search_term_string}\"},\"query-input\":{\"@type\":\"PropertyValueSpecification\",\"valueRequired\":true,\"valueName\":\"search_term_string\"}}],\"inLanguage\":\"tr-TR\"},{\"@type\":\"Organization\",\"@id\":\"https:\/\/www.maccaferri.com\/tr\/#organization\",\"name\":\"Maccaferri T\u00fcrkiye\",\"url\":\"https:\/\/www.maccaferri.com\/tr\/\",\"logo\":{\"@type\":\"ImageObject\",\"inLanguage\":\"tr-TR\",\"@id\":\"https:\/\/www.maccaferri.com\/tr\/#\/schema\/logo\/image\/\",\"url\":\"https:\/\/www.maccaferri.com\/tr\/wp-content\/uploads\/2022\/07\/logo-maccaferri.png\",\"contentUrl\":\"https:\/\/www.maccaferri.com\/tr\/wp-content\/uploads\/2022\/07\/logo-maccaferri.png\",\"width\":152,\"height\":32,\"caption\":\"Maccaferri T\u00fcrkiye\"},\"image\":{\"@id\":\"https:\/\/www.maccaferri.com\/tr\/#\/schema\/logo\/image\/\"}}]}<\/script>\n<!-- \/ Yoast SEO Premium plugin. -->","yoast_head_json":{"title":"Defence and Security - Maccaferri T\u00fcrkiye","description":"0SAVUNMA VE G\u00dcVENL\u0130K\u0130ndirme alan\u0131 buradaPreviousNext I. D\u00dcNYA SAVA\u015eI GAB\u0130ONLARINDAN MODERN G\u00dcVENL\u0130\u011eE, MACCAFERRI G\u00dcVENL\u0130K \u0130\u00c7\u0130N YEN\u0130L\u0130KLER SUNUYOR","robots":{"index":"index","follow":"follow","max-snippet":"max-snippet:-1","max-image-preview":"max-image-preview:large","max-video-preview":"max-video-preview:-1"},"canonical":"https:\/\/www.maccaferri.com\/tr\/defence-security-2\/","og_locale":"tr_TR","og_type":"article","og_title":"Defence and Security - Maccaferri T\u00fcrkiye","og_description":"0SAVUNMA VE G\u00dcVENL\u0130K\u0130ndirme alan\u0131 buradaPreviousNext I. D\u00dcNYA SAVA\u015eI GAB\u0130ONLARINDAN MODERN G\u00dcVENL\u0130\u011eE, MACCAFERRI G\u00dcVENL\u0130K \u0130\u00c7\u0130N YEN\u0130L\u0130KLER SUNUYOR","og_url":"https:\/\/www.maccaferri.com\/tr\/defence-security-2\/","og_site_name":"Maccaferri T\u00fcrkiye","article_modified_time":"2025-10-08T06:57:47+00:00","og_image":[{"url":"https:\/\/www.maccaferri.com\/tr\/wp-content\/uploads\/2024\/10\/perimetro-dettaglio-light.jpg","type":"","width":"","height":""}],"twitter_card":"summary_large_image","twitter_misc":{"Est. reading time":"2 minutes"},"schema":{"@context":"https:\/\/schema.org","@graph":[{"@type":"WebPage","@id":"https:\/\/www.maccaferri.com\/tr\/defence-security-2\/","url":"https:\/\/www.maccaferri.com\/tr\/defence-security-2\/","name":"Defence and Security - Maccaferri T\u00fcrkiye","isPartOf":{"@id":"https:\/\/www.maccaferri.com\/tr\/#website"},"primaryImageOfPage":{"@id":"https:\/\/www.maccaferri.com\/tr\/defence-security-2\/#primaryimage"},"image":{"@id":"https:\/\/www.maccaferri.com\/tr\/defence-security-2\/#primaryimage"},"thumbnailUrl":"https:\/\/www.maccaferri.com\/tr\/wp-content\/uploads\/2024\/10\/perimetro-dettaglio-light.jpg","datePublished":"2024-02-14T16:07:41+00:00","dateModified":"2025-10-08T06:57:47+00:00","description":"0SAVUNMA VE G\u00dcVENL\u0130K\u0130ndirme alan\u0131 buradaPreviousNext I. D\u00dcNYA SAVA\u015eI GAB\u0130ONLARINDAN MODERN G\u00dcVENL\u0130\u011eE, MACCAFERRI G\u00dcVENL\u0130K \u0130\u00c7\u0130N YEN\u0130L\u0130KLER SUNUYOR","inLanguage":"tr-TR","potentialAction":[{"@type":"ReadAction","target":["https:\/\/www.maccaferri.com\/tr\/defence-security-2\/"]}]},{"@type":"ImageObject","inLanguage":"tr-TR","@id":"https:\/\/www.maccaferri.com\/tr\/defence-security-2\/#primaryimage","url":"https:\/\/www.maccaferri.com\/tr\/wp-content\/uploads\/2024\/10\/perimetro-dettaglio-light.jpg","contentUrl":"https:\/\/www.maccaferri.com\/tr\/wp-content\/uploads\/2024\/10\/perimetro-dettaglio-light.jpg","width":1800,"height":1013},{"@type":"WebSite","@id":"https:\/\/www.maccaferri.com\/tr\/#website","url":"https:\/\/www.maccaferri.com\/tr\/","name":"Maccaferri T\u00fcrkiye","description":"","publisher":{"@id":"https:\/\/www.maccaferri.com\/tr\/#organization"},"potentialAction":[{"@type":"SearchAction","target":{"@type":"EntryPoint","urlTemplate":"https:\/\/www.maccaferri.com\/tr\/?s={search_term_string}"},"query-input":{"@type":"PropertyValueSpecification","valueRequired":true,"valueName":"search_term_string"}}],"inLanguage":"tr-TR"},{"@type":"Organization","@id":"https:\/\/www.maccaferri.com\/tr\/#organization","name":"Maccaferri T\u00fcrkiye","url":"https:\/\/www.maccaferri.com\/tr\/","logo":{"@type":"ImageObject","inLanguage":"tr-TR","@id":"https:\/\/www.maccaferri.com\/tr\/#\/schema\/logo\/image\/","url":"https:\/\/www.maccaferri.com\/tr\/wp-content\/uploads\/2022\/07\/logo-maccaferri.png","contentUrl":"https:\/\/www.maccaferri.com\/tr\/wp-content\/uploads\/2022\/07\/logo-maccaferri.png","width":152,"height":32,"caption":"Maccaferri T\u00fcrkiye"},"image":{"@id":"https:\/\/www.maccaferri.com\/tr\/#\/schema\/logo\/image\/"}}]}},"_links":{"self":[{"href":"https:\/\/www.maccaferri.com\/tr\/wp-json\/wp\/v2\/pages\/84179","targetHints":{"allow":["GET"]}}],"collection":[{"href":"https:\/\/www.maccaferri.com\/tr\/wp-json\/wp\/v2\/pages"}],"about":[{"href":"https:\/\/www.maccaferri.com\/tr\/wp-json\/wp\/v2\/types\/page"}],"author":[{"embeddable":true,"href":"https:\/\/www.maccaferri.com\/tr\/wp-json\/wp\/v2\/users\/24301"}],"replies":[{"embeddable":true,"href":"https:\/\/www.maccaferri.com\/tr\/wp-json\/wp\/v2\/comments?post=84179"}],"version-history":[{"count":9,"href":"https:\/\/www.maccaferri.com\/tr\/wp-json\/wp\/v2\/pages\/84179\/revisions"}],"predecessor-version":[{"id":100301,"href":"https:\/\/www.maccaferri.com\/tr\/wp-json\/wp\/v2\/pages\/84179\/revisions\/100301"}],"wp:attachment":[{"href":"https:\/\/www.maccaferri.com\/tr\/wp-json\/wp\/v2\/media?parent=84179"}],"curies":[{"name":"wp","href":"https:\/\/api.w.org\/{rel}","templated":true}]}}