{"id":7894,"date":"2023-01-18T13:19:02","date_gmt":"2023-01-18T12:19:02","guid":{"rendered":"https:\/\/www.maccaferri.com\/tr?page_id=7894"},"modified":"2024-11-18T10:56:27","modified_gmt":"2024-11-18T09:56:27","slug":"thank-you","status":"publish","type":"page","link":"https:\/\/www.maccaferri.com\/tr\/thank-you\/","title":{"rendered":"Thank you"},"content":{"rendered":"<div class=\"wp-block-mac-h1-title-hero-block container-fluid block-txt-container ico-contact-us\" style=\"background:linear-gradient(180deg,rgb(1,94,111) 0%,rgb(0,72,87) 100%)\"><div class=\"row\"><div class=\"col\"><div class=\"gts__picture\"><img style=\"display:none\"\/><div class=\"gts__picture__image\" style=\"background-image:url(undefined)\"><\/div><\/div><div class=\"container box-container\"><div class=\"row\"><div class=\"col title-box-txt\"><h1 class=\"wp-block-mac-h1-title-hero-block ico-contact-us\" style=\"color:#ffffff;text-align:center\">FORMU DOLDURDU\u011eUNUZ I\u00c7IN TE\u015eEKK\u00dcR EDERIZ.<\/h1><\/div><\/div><\/div><\/div><\/div><\/div><div style=\"height:100px\" aria-hidden=\"true\" class=\"wp-block-spacer\"><\/div><p class=\"has-text-align-center has-large-font-size\"><strong>T\u00fcm bilgileri ba\u015far\u0131yla ald\u0131k.<\/strong><\/p><div style=\"height:120px\" aria-hidden=\"true\" class=\"wp-block-spacer\"><\/div><p class=\"has-text-align-center\" style=\"font-size:27px\"><em><em><em><strong>Projenizi daha ileriye ta\u015f\u0131y\u0131n<\/strong><\/em><\/em><\/em><\/p><div style=\"height:47px\" aria-hidden=\"true\" class=\"wp-block-spacer\"><\/div><div class=\"wp-block-columns is-layout-flex wp-container-core-columns-is-layout-9d6595d7 wp-block-columns-is-layout-flex\"><div class=\"wp-block-column is-vertically-aligned-center has-medium-font-size is-layout-flow wp-block-column-is-layout-flow\"><figure class=\"wp-block-image aligncenter size-full is-resized is-style-default\"><img decoding=\"async\" src=\"https:\/\/www.maccaferri.com\/wp-content\/uploads\/2024\/10\/lente.jpg\" alt=\"\" class=\"wp-image-83129\" style=\"width:150px\"\/><\/figure>\n\n<p class=\"has-text-align-center has-medium-font-size\"><em><em><em>Kaynaklar\u0131m\u0131z\u0131 ke\u015ffedin<\/em><\/em><\/em><\/p>\n\n<div class=\"wp-block-buttons is-content-justification-center is-layout-flex wp-container-core-buttons-is-layout-16018d1d wp-block-buttons-is-layout-flex\"><div class=\"wp-block-button has-custom-font-size is-style-fill has-small-font-size\"><a class=\"wp-block-button__link wp-element-button\" href=\"https:\/\/www.maccaferri.com\/tr\/knowledge-centre\/?_gl=1*12oi4ic*_up*MQ..*_ga*MTYzNTMxNDAwNS4xNzMwMzgzOTQx*_ga_G3M9415Z9W*MTczMDM4Mzk0MS4xLjAuMTczMDM4Mzk0MS4wLjAuMA..*_ga_5ZNY5P8FLW*MTczMDM4Mzk0MS4xLjAuMTczMDM4Mzk0MS4wLjAuMA..\">DAHA FAZLASINI KE\u015eFED\u0130N<\/a><\/div><\/div><\/div>\n\n<div class=\"wp-block-column is-vertically-aligned-center is-layout-flow wp-block-column-is-layout-flow\"><figure class=\"wp-block-image aligncenter size-full is-resized is-style-default\"><img decoding=\"async\" src=\"https:\/\/www.maccaferri.com\/wp-content\/uploads\/2024\/10\/software.jpg\" alt=\"\" class=\"wp-image-83126\" style=\"width:150px\"\/><\/figure>\n\n<p class=\"has-text-align-center has-medium-font-size\"><em>Yaz\u0131l\u0131m Paketimizi ke\u015ffedin<\/em><\/p>\n\n<div class=\"wp-block-buttons is-content-justification-center is-layout-flex wp-container-core-buttons-is-layout-16018d1d wp-block-buttons-is-layout-flex\"><div class=\"wp-block-button has-custom-font-size is-style-fill has-small-font-size\"><a class=\"wp-block-button__link wp-element-button\" href=\"https:\/\/www.maccaferri.com\/tr\/maccaferri-software\/?_gl=1*12oi4ic*_up*MQ..*_ga*MTYzNTMxNDAwNS4xNzMwMzgzOTQx*_ga_G3M9415Z9W*MTczMDM4Mzk0MS4xLjAuMTczMDM4Mzk0MS4wLjAuMA..*_ga_5ZNY5P8FLW*MTczMDM4Mzk0MS4xLjAuMTczMDM4Mzk0MS4wLjAuMA..\">DAHA FAZLASINI KE\u015eFED\u0130N<\/a><\/div><\/div><\/div>\n\n<div class=\"wp-block-column is-vertically-aligned-center is-layout-flow wp-block-column-is-layout-flow\"><figure class=\"wp-block-image aligncenter size-full is-resized is-style-default\"><img decoding=\"async\" src=\"https:\/\/www.maccaferri.com\/wp-content\/uploads\/2024\/10\/documento.jpg\" alt=\"\" class=\"wp-image-83121\" style=\"width:150px\"\/><\/figure>\n\n<p class=\"has-text-align-center has-medium-font-size\"><em><em>Ba\u015far\u0131 Hikayelerimizi \u00f6\u011frenin<\/em><\/em><\/p>\n\n<div class=\"wp-block-buttons is-content-justification-center is-layout-flex wp-container-core-buttons-is-layout-16018d1d wp-block-buttons-is-layout-flex\"><div class=\"wp-block-button has-custom-font-size is-style-fill has-small-font-size\"><a class=\"wp-block-button__link wp-element-button\" href=\"https:\/\/www.maccaferri.com\/tr\/basari-hikayeleri\/?_gl=1*12oi4ic*_up*MQ..*_ga*MTYzNTMxNDAwNS4xNzMwMzgzOTQx*_ga_G3M9415Z9W*MTczMDM4Mzk0MS4xLjAuMTczMDM4Mzk0MS4wLjAuMA..*_ga_5ZNY5P8FLW*MTczMDM4Mzk0MS4xLjAuMTczMDM4Mzk0MS4wLjAuMA..\">DAHA FAZLASINI KE\u015eFED\u0130N<\/a><\/div><\/div><\/div><\/div><div style=\"height:73px\" aria-hidden=\"true\" class=\"wp-block-spacer\"><\/div><div class=\"wp-block-columns is-layout-flex wp-container-core-columns-is-layout-9d6595d7 wp-block-columns-is-layout-flex\"><\/div>","protected":false},"excerpt":{"rendered":"<p>T\u00fcm bilgileri ba\u015far\u0131yla ald\u0131k. Projenizi daha ileriye ta\u015f\u0131y\u0131n Kaynaklar\u0131m\u0131z\u0131 ke\u015ffedin Yaz\u0131l\u0131m Paketimizi ke\u015ffedin Ba\u015far\u0131 Hikayelerimizi \u00f6\u011frenin<\/p>\n","protected":false},"author":1,"featured_media":0,"parent":0,"menu_order":0,"comment_status":"closed","ping_status":"closed","template":"","meta":{"_acf_changed":false,"_joinchat":[],"footnotes":""},"class_list":["post-7894","page","type-page","status-publish","hentry"],"acf":{"uuid_products":"","product-documents":""},"yoast_head":"<!-- This site is optimized with the Yoast SEO Premium plugin v27.0 (Yoast SEO v27.0) - https:\/\/yoast.com\/product\/yoast-seo-premium-wordpress\/ -->\n<title>Thank you - Maccaferri T\u00fcrkiye<\/title>\n<meta name=\"description\" content=\"FORMU DOLDURDU\u011eUNUZ I\u00c7IN TE\u015eEKK\u00dcR EDERIZ. T\u00fcm bilgileri ba\u015far\u0131yla ald\u0131k. Projenizi daha ileriye ta\u015f\u0131y\u0131n Kaynaklar\u0131m\u0131z\u0131 ke\u015ffedin DAHA FAZLASINI KE\u015eFED\u0130N\" \/>\n<meta name=\"robots\" content=\"index, follow, max-snippet:-1, max-image-preview:large, max-video-preview:-1\" \/>\n<link rel=\"canonical\" href=\"https:\/\/www.maccaferri.com\/tr\/thank-you\/\" \/>\n<meta property=\"og:locale\" content=\"tr_TR\" \/>\n<meta property=\"og:type\" content=\"article\" \/>\n<meta property=\"og:title\" content=\"Thank you - Maccaferri T\u00fcrkiye\" \/>\n<meta property=\"og:description\" content=\"FORMU DOLDURDU\u011eUNUZ I\u00c7IN TE\u015eEKK\u00dcR EDERIZ. T\u00fcm bilgileri ba\u015far\u0131yla ald\u0131k. Projenizi daha ileriye ta\u015f\u0131y\u0131n Kaynaklar\u0131m\u0131z\u0131 ke\u015ffedin DAHA FAZLASINI KE\u015eFED\u0130N\" \/>\n<meta property=\"og:url\" content=\"https:\/\/www.maccaferri.com\/tr\/thank-you\/\" \/>\n<meta property=\"og:site_name\" content=\"Maccaferri T\u00fcrkiye\" \/>\n<meta property=\"article:modified_time\" content=\"2024-11-18T09:56:27+00:00\" \/>\n<meta property=\"og:image\" content=\"https:\/\/www.maccaferri.com\/wp-content\/uploads\/2024\/10\/lente.jpg\" \/>\n<meta name=\"twitter:card\" content=\"summary_large_image\" \/>\n<meta name=\"twitter:label1\" content=\"Est. reading time\" \/>\n\t<meta name=\"twitter:data1\" content=\"1 minute\" \/>\n<script type=\"application\/ld+json\" class=\"yoast-schema-graph\">{\"@context\":\"https:\/\/schema.org\",\"@graph\":[{\"@type\":\"WebPage\",\"@id\":\"https:\/\/www.maccaferri.com\/tr\/thank-you\/\",\"url\":\"https:\/\/www.maccaferri.com\/tr\/thank-you\/\",\"name\":\"Thank you - Maccaferri T\u00fcrkiye\",\"isPartOf\":{\"@id\":\"https:\/\/www.maccaferri.com\/tr\/#website\"},\"primaryImageOfPage\":{\"@id\":\"https:\/\/www.maccaferri.com\/tr\/thank-you\/#primaryimage\"},\"image\":{\"@id\":\"https:\/\/www.maccaferri.com\/tr\/thank-you\/#primaryimage\"},\"thumbnailUrl\":\"https:\/\/www.maccaferri.com\/wp-content\/uploads\/2024\/10\/lente.jpg\",\"datePublished\":\"2023-01-18T12:19:02+00:00\",\"dateModified\":\"2024-11-18T09:56:27+00:00\",\"description\":\"FORMU DOLDURDU\u011eUNUZ I\u00c7IN TE\u015eEKK\u00dcR EDERIZ. T\u00fcm bilgileri ba\u015far\u0131yla ald\u0131k. Projenizi daha ileriye ta\u015f\u0131y\u0131n Kaynaklar\u0131m\u0131z\u0131 ke\u015ffedin DAHA FAZLASINI KE\u015eFED\u0130N\",\"inLanguage\":\"tr-TR\",\"potentialAction\":[{\"@type\":\"ReadAction\",\"target\":[\"https:\/\/www.maccaferri.com\/tr\/thank-you\/\"]}]},{\"@type\":\"ImageObject\",\"inLanguage\":\"tr-TR\",\"@id\":\"https:\/\/www.maccaferri.com\/tr\/thank-you\/#primaryimage\",\"url\":\"https:\/\/www.maccaferri.com\/wp-content\/uploads\/2024\/10\/lente.jpg\",\"contentUrl\":\"https:\/\/www.maccaferri.com\/wp-content\/uploads\/2024\/10\/lente.jpg\"},{\"@type\":\"WebSite\",\"@id\":\"https:\/\/www.maccaferri.com\/tr\/#website\",\"url\":\"https:\/\/www.maccaferri.com\/tr\/\",\"name\":\"Maccaferri T\u00fcrkiye\",\"description\":\"\",\"publisher\":{\"@id\":\"https:\/\/www.maccaferri.com\/tr\/#organization\"},\"potentialAction\":[{\"@type\":\"SearchAction\",\"target\":{\"@type\":\"EntryPoint\",\"urlTemplate\":\"https:\/\/www.maccaferri.com\/tr\/?s={search_term_string}\"},\"query-input\":{\"@type\":\"PropertyValueSpecification\",\"valueRequired\":true,\"valueName\":\"search_term_string\"}}],\"inLanguage\":\"tr-TR\"},{\"@type\":\"Organization\",\"@id\":\"https:\/\/www.maccaferri.com\/tr\/#organization\",\"name\":\"Maccaferri T\u00fcrkiye\",\"url\":\"https:\/\/www.maccaferri.com\/tr\/\",\"logo\":{\"@type\":\"ImageObject\",\"inLanguage\":\"tr-TR\",\"@id\":\"https:\/\/www.maccaferri.com\/tr\/#\/schema\/logo\/image\/\",\"url\":\"https:\/\/www.maccaferri.com\/tr\/wp-content\/uploads\/2022\/07\/logo-maccaferri.png\",\"contentUrl\":\"https:\/\/www.maccaferri.com\/tr\/wp-content\/uploads\/2022\/07\/logo-maccaferri.png\",\"width\":152,\"height\":32,\"caption\":\"Maccaferri T\u00fcrkiye\"},\"image\":{\"@id\":\"https:\/\/www.maccaferri.com\/tr\/#\/schema\/logo\/image\/\"}}]}<\/script>\n<!-- \/ Yoast SEO Premium plugin. -->","yoast_head_json":{"title":"Thank you - Maccaferri T\u00fcrkiye","description":"FORMU DOLDURDU\u011eUNUZ I\u00c7IN TE\u015eEKK\u00dcR EDERIZ. T\u00fcm bilgileri ba\u015far\u0131yla ald\u0131k. Projenizi daha ileriye ta\u015f\u0131y\u0131n Kaynaklar\u0131m\u0131z\u0131 ke\u015ffedin DAHA FAZLASINI KE\u015eFED\u0130N","robots":{"index":"index","follow":"follow","max-snippet":"max-snippet:-1","max-image-preview":"max-image-preview:large","max-video-preview":"max-video-preview:-1"},"canonical":"https:\/\/www.maccaferri.com\/tr\/thank-you\/","og_locale":"tr_TR","og_type":"article","og_title":"Thank you - Maccaferri T\u00fcrkiye","og_description":"FORMU DOLDURDU\u011eUNUZ I\u00c7IN TE\u015eEKK\u00dcR EDERIZ. T\u00fcm bilgileri ba\u015far\u0131yla ald\u0131k. Projenizi daha ileriye ta\u015f\u0131y\u0131n Kaynaklar\u0131m\u0131z\u0131 ke\u015ffedin DAHA FAZLASINI KE\u015eFED\u0130N","og_url":"https:\/\/www.maccaferri.com\/tr\/thank-you\/","og_site_name":"Maccaferri T\u00fcrkiye","article_modified_time":"2024-11-18T09:56:27+00:00","og_image":[{"url":"https:\/\/www.maccaferri.com\/wp-content\/uploads\/2024\/10\/lente.jpg","type":"","width":"","height":""}],"twitter_card":"summary_large_image","twitter_misc":{"Est. reading time":"1 minute"},"schema":{"@context":"https:\/\/schema.org","@graph":[{"@type":"WebPage","@id":"https:\/\/www.maccaferri.com\/tr\/thank-you\/","url":"https:\/\/www.maccaferri.com\/tr\/thank-you\/","name":"Thank you - Maccaferri T\u00fcrkiye","isPartOf":{"@id":"https:\/\/www.maccaferri.com\/tr\/#website"},"primaryImageOfPage":{"@id":"https:\/\/www.maccaferri.com\/tr\/thank-you\/#primaryimage"},"image":{"@id":"https:\/\/www.maccaferri.com\/tr\/thank-you\/#primaryimage"},"thumbnailUrl":"https:\/\/www.maccaferri.com\/wp-content\/uploads\/2024\/10\/lente.jpg","datePublished":"2023-01-18T12:19:02+00:00","dateModified":"2024-11-18T09:56:27+00:00","description":"FORMU DOLDURDU\u011eUNUZ I\u00c7IN TE\u015eEKK\u00dcR EDERIZ. T\u00fcm bilgileri ba\u015far\u0131yla ald\u0131k. Projenizi daha ileriye ta\u015f\u0131y\u0131n Kaynaklar\u0131m\u0131z\u0131 ke\u015ffedin DAHA FAZLASINI KE\u015eFED\u0130N","inLanguage":"tr-TR","potentialAction":[{"@type":"ReadAction","target":["https:\/\/www.maccaferri.com\/tr\/thank-you\/"]}]},{"@type":"ImageObject","inLanguage":"tr-TR","@id":"https:\/\/www.maccaferri.com\/tr\/thank-you\/#primaryimage","url":"https:\/\/www.maccaferri.com\/wp-content\/uploads\/2024\/10\/lente.jpg","contentUrl":"https:\/\/www.maccaferri.com\/wp-content\/uploads\/2024\/10\/lente.jpg"},{"@type":"WebSite","@id":"https:\/\/www.maccaferri.com\/tr\/#website","url":"https:\/\/www.maccaferri.com\/tr\/","name":"Maccaferri T\u00fcrkiye","description":"","publisher":{"@id":"https:\/\/www.maccaferri.com\/tr\/#organization"},"potentialAction":[{"@type":"SearchAction","target":{"@type":"EntryPoint","urlTemplate":"https:\/\/www.maccaferri.com\/tr\/?s={search_term_string}"},"query-input":{"@type":"PropertyValueSpecification","valueRequired":true,"valueName":"search_term_string"}}],"inLanguage":"tr-TR"},{"@type":"Organization","@id":"https:\/\/www.maccaferri.com\/tr\/#organization","name":"Maccaferri T\u00fcrkiye","url":"https:\/\/www.maccaferri.com\/tr\/","logo":{"@type":"ImageObject","inLanguage":"tr-TR","@id":"https:\/\/www.maccaferri.com\/tr\/#\/schema\/logo\/image\/","url":"https:\/\/www.maccaferri.com\/tr\/wp-content\/uploads\/2022\/07\/logo-maccaferri.png","contentUrl":"https:\/\/www.maccaferri.com\/tr\/wp-content\/uploads\/2022\/07\/logo-maccaferri.png","width":152,"height":32,"caption":"Maccaferri T\u00fcrkiye"},"image":{"@id":"https:\/\/www.maccaferri.com\/tr\/#\/schema\/logo\/image\/"}}]}},"_links":{"self":[{"href":"https:\/\/www.maccaferri.com\/tr\/wp-json\/wp\/v2\/pages\/7894","targetHints":{"allow":["GET"]}}],"collection":[{"href":"https:\/\/www.maccaferri.com\/tr\/wp-json\/wp\/v2\/pages"}],"about":[{"href":"https:\/\/www.maccaferri.com\/tr\/wp-json\/wp\/v2\/types\/page"}],"author":[{"embeddable":true,"href":"https:\/\/www.maccaferri.com\/tr\/wp-json\/wp\/v2\/users\/1"}],"replies":[{"embeddable":true,"href":"https:\/\/www.maccaferri.com\/tr\/wp-json\/wp\/v2\/comments?post=7894"}],"version-history":[{"count":4,"href":"https:\/\/www.maccaferri.com\/tr\/wp-json\/wp\/v2\/pages\/7894\/revisions"}],"predecessor-version":[{"id":80902,"href":"https:\/\/www.maccaferri.com\/tr\/wp-json\/wp\/v2\/pages\/7894\/revisions\/80902"}],"wp:attachment":[{"href":"https:\/\/www.maccaferri.com\/tr\/wp-json\/wp\/v2\/media?parent=7894"}],"curies":[{"name":"wp","href":"https:\/\/api.w.org\/{rel}","templated":true}]}}