{"id":59938,"date":"2025-03-24T17:26:42","date_gmt":"2025-03-24T16:26:42","guid":{"rendered":"https:\/\/www.maccaferri.com\/tr\/?page_id=59938"},"modified":"2025-05-29T15:38:06","modified_gmt":"2025-05-29T13:38:06","slug":"multicomposite-geosynthetics","status":"publish","type":"page","link":"https:\/\/www.maccaferri.com\/tr\/multicomposite-geosynthetics\/","title":{"rendered":"MULTICOMPOSITE GEOSYNTHETICS"},"content":{"rendered":"<div class=\"wp-block-mac-slider-hero-block hero-slider\"><div id=\"hero78\" class=\"carousel slide\" data-bs-ride=\"true\"><ol class=\"carousel-indicators box-container\"><li data-bs-target=\"#hero78\" data-bs-slide-to=\"0\" class=\"active\"><\/li><\/ol><div class=\"carousel-inner\"><div class=\"carousel-item active\"><div class=\"hero\"><div class=\"gts__picture\"><img decoding=\"async\" src=\"https:\/\/www.maccaferri.com\/wp-content\/uploads\/2023\/08\/tricomp-1-scaled.jpg\" style=\"display:none\" \/><div class=\"gts__picture__image\" style=\"background-image:url(https:\/\/www.maccaferri.com\/wp-content\/uploads\/2023\/08\/tricomp-1-scaled.jpg)\"><\/div><\/div><div class=\"container box-container\"><div class=\"row\"><div class=\"col-12 col-lg-6 col-xl-6 col-xxl-6\"><p><span class=\"hero-index\" style=\"display:none\">0<\/span><\/p><h2 class=\"hero-text-container\"><span class=\"hero-text\">\u00c7OK KOMPOZI\u0307TLI\u0307 GEOSENTETI\u0307KLER<\/span><\/h2><a class=\"hero-buttonurl\" href=\"#download\"><span class=\"hero-buttontext\">Alan\u0131 buradan indirin<\/span><\/a><\/div><\/div><\/div><\/div><\/div><\/div><button class=\"carousel-control-prev\" type=\"button\" data-bs-slide=\"prev\"><span class=\"carousel-control-prev-icon\" aria-hidden=\"true\"><\/span><span class=\"visually-hidden\">Previous<\/span><\/button><button class=\"carousel-control-next\" type=\"button\" data-bs-slide=\"next\"><span class=\"carousel-control-next-icon\" aria-hidden=\"true\"><\/span><span class=\"visually-hidden\">Next<\/span><\/button><\/div><\/div><div style=\"height:100px\" aria-hidden=\"true\" class=\"wp-block-spacer\"><\/div><div class=\"wp-block-mac-container-block box-container\"><div class=\"wp-block-columns is-layout-flex wp-container-core-columns-is-layout-9d6595d7 wp-block-columns-is-layout-flex\"><div class=\"wp-block-column is-layout-flow wp-block-column-is-layout-flow\"><p class=\"has-large-font-size\"><strong>OLANAKLARLA DOLU BIR D\u00dcNYANIN KILIDINI A\u00c7IN<\/strong><\/p>\n\n<div style=\"height:50px\" aria-hidden=\"true\" class=\"wp-block-spacer\"><\/div>\n\n<p>\u00c7e\u015fitli i\u015flevlere hizmet eden \u00e7ok y\u00f6nl\u00fc bir \u00e7\u00f6z\u00fcm sunarak geosentetik alan\u0131n\u0131 yeniden tan\u0131mlayan Maccaferri&#8217;nin Multicomposites geosentetiklerinin yenilik\u00e7i potansiyelini ke\u015ffedin. Ola\u011fan\u00fcst\u00fc proje sonu\u00e7lar\u0131 ve kolayla\u015ft\u0131r\u0131lm\u0131\u015f i\u015f ak\u0131\u015flar\u0131 i\u00e7in performans\u0131, hassasiyeti ve maliyet verimlili\u011fini art\u0131ran Multigeocomposites ile kendinizi geosentetiklerin d\u00f6n\u00fc\u015ft\u00fcr\u00fcc\u00fc gelece\u011fine b\u0131rak\u0131n.<\/p>\n\n<div style=\"height:70px\" aria-hidden=\"true\" class=\"wp-block-spacer\"><\/div>\n\n<figure class=\"wp-block-image size-large is-style-default\"><img decoding=\"async\" src=\"https:\/\/www.maccaferri.com\/wp-content\/uploads\/2023\/08\/FIRMA-GSY1-1024x438.png\" alt=\"\" class=\"wp-image-53682\"\/><\/figure><\/div><\/div><\/div><div style=\"height:75px\" aria-hidden=\"true\" class=\"wp-block-spacer\"><\/div><div class=\"wp-block-mac-container-block box-container\"><div class=\"wp-block-columns is-layout-flex wp-container-core-columns-is-layout-9d6595d7 wp-block-columns-is-layout-flex\"><div class=\"wp-block-column is-layout-flow wp-block-column-is-layout-flow\"><p style=\"font-size:30px\"><strong>EROZYON KONTROL\u00dc<\/strong><\/p>\n\n<p>\u00c7e\u015fitli geosentetik unsurlar\u0131 \u00e7oklu kompozitimizde bir araya getirmek erozyonu etkili bir \u015fekilde azaltarak yama\u00e7larda ve nehir kenarlar\u0131nda araziyi stabilize eder.<\/p><\/div>\n\n<div class=\"wp-block-column is-layout-flow wp-block-column-is-layout-flow\"><p style=\"font-size:30px\"><strong>G\u00dc\u00c7LEND\u0130RME<\/strong><\/p>\n\n<p>Farkl\u0131 geosentetikleri bir araya getiren multikompozit, topra\u011f\u0131n mukavemetini g\u00fc\u00e7lendirerek zorlu arazilerde esnek yollar ve istinat duvarlar\u0131 in\u015fa edilmesini sa\u011flar.<\/p><\/div><\/div><\/div><div style=\"height:70px\" aria-hidden=\"true\" class=\"wp-block-spacer\"><\/div><div class=\"wp-block-mac-container-block box-container\"><div class=\"wp-block-columns is-layout-flex wp-container-core-columns-is-layout-9d6595d7 wp-block-columns-is-layout-flex\"><div class=\"wp-block-column is-layout-flow wp-block-column-is-layout-flow\"><p style=\"font-size:30px\"><strong>F\u0130LTRASYON<\/strong><\/p>\n\n<p>\u00c7ok y\u00f6nl\u00fc geosentetik multikompozitimiz \u00fcst\u00fcn bir filtreleme sistemi olarak i\u015flev g\u00f6r\u00fcr, optimum drenaj ve su kalitesi i\u00e7in toprak par\u00e7ac\u0131klar\u0131n\u0131 tutarken su ak\u0131\u015f\u0131na izin verir.<\/p><\/div>\n\n<div class=\"wp-block-column is-layout-flow wp-block-column-is-layout-flow\"><p style=\"font-size:30px\"><strong>DRENAJ<\/strong><\/p>\n\n<p>\u00c7e\u015fitli geosentetik bile\u015fenleri i\u00e7eren \u00e7ok kompozit \u00e7\u00f6z\u00fcm\u00fcm\u00fcz, suyu kritik alanlardan uzakta toplama ve kanalize etme konusunda m\u00fckemmeldir ve verimli drenaj sa\u011flar.<\/p><\/div><\/div><\/div><div style=\"height:70px\" aria-hidden=\"true\" class=\"wp-block-spacer\"><\/div><div class=\"wp-block-mac-container-block box-container\"><div class=\"wp-block-columns is-layout-flex wp-container-core-columns-is-layout-9d6595d7 wp-block-columns-is-layout-flex\"><div class=\"wp-block-column is-layout-flow wp-block-column-is-layout-flow\"><p style=\"font-size:30px\"><strong>BAR\u0130YER<\/strong><\/p>\n\n<p>\u00c7e\u015fitli geosentetiklerden olu\u015fan multikompozit, bir ge\u00e7irimsiz bariyer, kirleticileri etkili bir \u015fekilde i\u00e7erir ve \u00e7evresel b\u00fct\u00fcnl\u00fc\u011f\u00fc korur.<\/p><\/div>\n\n<div class=\"wp-block-column is-layout-flow wp-block-column-is-layout-flow\"><p style=\"font-size:30px\"><strong>KORUMA<\/strong><\/p>\n\n<p>Geosentetik malzemelerin bir kombinasyonu olan multikompozitimiz, hayati \u00f6nem ta\u015f\u0131yan yap\u0131lar\u0131 delinmelere, UV hasar\u0131na ve fiziksel a\u015f\u0131nmaya kar\u015f\u0131 koruyarak sa\u011flam bir koruma sa\u011flar.<\/p><\/div><\/div><\/div><div style=\"height:70px\" aria-hidden=\"true\" class=\"wp-block-spacer\"><\/div><div class=\"wp-block-mac-container-block box-container\"><div class=\"wp-block-columns is-layout-flex wp-container-core-columns-is-layout-9d6595d7 wp-block-columns-is-layout-flex\"><div class=\"wp-block-column is-layout-flow wp-block-column-is-layout-flow\"><p style=\"font-size:30px\"><strong>AYIRMA<\/strong><\/p>\n\n<p>Geosentetiklerin bir kar\u0131\u015f\u0131m\u0131n\u0131 kullanan yenilik\u00e7i multikompozitimiz, in\u015faat projelerinde farkl\u0131 \u00f6zelliklerini koruyarak farkl\u0131 toprak katmanlar\u0131 aras\u0131nda net bir ayr\u0131m sa\u011flar.<\/p><\/div>\n\n<div class=\"wp-block-column is-layout-flow wp-block-column-is-layout-flow\"><p style=\"font-size:30px\"><strong>\u2026 SONSUZ OLASILIKLAR<\/strong><\/p><\/div><\/div><\/div><div style=\"height:70px\" aria-hidden=\"true\" class=\"wp-block-spacer\"><\/div><div class=\"wp-block-mac-h2-title-block block-txt-container box-container\"><div class=\"row\"><div class=\"col title-box-txt\"><h2 style=\"color:#212429;text-align:none\">Ba\u015far\u0131 Hikayesi: Cava D\u00e8 Tirreni<\/h2><\/div><\/div><\/div><div class=\"wp-block-mac-container-block box-container\"><div class=\"wp-block-columns is-layout-flex wp-container-core-columns-is-layout-9d6595d7 wp-block-columns-is-layout-flex\"><div class=\"wp-block-column is-layout-flow wp-block-column-is-layout-flow\"><figure class=\"wp-block-video\"><video height=\"826\" style=\"aspect-ratio: 1200 \/ 826;\" width=\"1200\" controls poster=\"https:\/\/www.maccaferri.com\/tr\/wp-content\/uploads\/2024\/10\/immagine-15.png\" src=\"https:\/\/www.maccaferri.com\/wp-content\/uploads\/2023\/08\/643e1591-b2ea-4ed8-8fec-7ac0e41e26c6-1.mp4\"><\/video><\/figure><\/div><\/div><\/div><div style=\"height:50px\" aria-hidden=\"true\" class=\"wp-block-spacer\"><\/div><div class=\"wp-block-mac-container-block box-container\"><div class=\"wp-block-columns is-layout-flex wp-container-core-columns-is-layout-9d6595d7 wp-block-columns-is-layout-flex\"><div class=\"wp-block-column is-layout-flow wp-block-column-is-layout-flow\"><div class=\"wp-block-mac-container-block box-container\"><div class=\"wp-block-columns is-layout-flex wp-container-core-columns-is-layout-9d6595d7 wp-block-columns-is-layout-flex\"><div class=\"wp-block-column is-layout-flow wp-block-column-is-layout-flow\"><div class=\"wp-block-mac-h2-title-block block-txt-container box-container\"><div class=\"row\"><div class=\"col title-box-txt\"><h2 style=\"color:#212429;text-align:center\">\u00d6zel web semineri<\/h2><\/div><\/div><\/div>\n\n<p class=\"has-text-align-center\" style=\"font-size:15px\"><strong>Geosentetiklerin Evrimi: k\u00f6kenlerinden modern geli\u015fmi\u015f \u00e7\u00f6z\u00fcmlere<\/strong><\/p>\n\n<p class=\"has-text-align-center\" style=\"font-size:15px\">100 y\u0131l\u0131 a\u015fk\u0131n bir s\u00fcredir, gelece\u011fin ihtiya\u00e7lar\u0131n\u0131 \u00f6ng\u00f6r\u00fcrken bug\u00fcn\u00fcn ihtiya\u00e7lar\u0131n\u0131 da kar\u015f\u0131layabilecek do\u011fa dostu m\u00fchendislik \u00e7\u00f6z\u00fcmleri geli\u015ftirmek i\u00e7in m\u00fc\u015fterilerimizle birlikte \u00e7al\u0131\u015f\u0131yoruz.<\/p>\n\n<div class=\"wp-block-buttons is-content-justification-center is-layout-flex wp-container-core-buttons-is-layout-16018d1d wp-block-buttons-is-layout-flex\"><div class=\"wp-block-button\"><a class=\"wp-block-button__link wp-element-button\" href=\"https:\/\/www.maccaferri.com\/tr\/webinar\/geosynthetic-revolution\/\">ba\u011flant\u0131 burada<\/a><\/div><\/div><\/div>\n\n<div class=\"wp-block-column is-layout-flow wp-block-column-is-layout-flow\"><div style=\"height:50px\" aria-hidden=\"true\" class=\"wp-block-spacer\"><\/div>\n\n<figure class=\"wp-block-image aligncenter size-large\"><img decoding=\"async\" src=\"https:\/\/www.maccaferri.com\/wp-content\/uploads\/2023\/08\/vlcsnap-2023-08-21-15h34m18s395-1-1-1024x576.png\" alt=\"\" class=\"wp-image-54069\"\/><\/figure><\/div><\/div><\/div><\/div><\/div><\/div><div style=\"height:50px\" aria-hidden=\"true\" class=\"wp-block-spacer\"><\/div><div class=\"wp-block-mac-h2-title-block block-txt-container box-container download\"><div class=\"row\"><div class=\"col title-box-txt\"><h2 style=\"color:#212429;text-align:none\">\u0130ND\u0130RME ALANI<\/h2><\/div><\/div><\/div><div class=\"wp-block-mac-container-block box-container\"><div class=\"wp-block-columns is-layout-flex wp-container-core-columns-is-layout-9d6595d7 wp-block-columns-is-layout-flex\"><div class=\"wp-block-column is-layout-flow wp-block-column-is-layout-flow\"><p class=\"has-medium-font-size\" id=\"download\">\u00c7oklu kompozit geosentetikler \u00fczerindeki \u00f6zel malzememize eri\u015fmek i\u00e7in a\u015fa\u011f\u0131daki formu doldurun.<\/p><\/div><\/div><\/div><div class=\"wp-block-mac-container-block box-container\"><div class=\"wp-block-columns is-layout-flex wp-container-core-columns-is-layout-9d6595d7 wp-block-columns-is-layout-flex\"><div class=\"wp-block-column is-layout-flow wp-block-column-is-layout-flow\"><iframe src=\"https:\/\/www2.maccaferri.com\/l\/965143\/2025-03-24\/5tmf37\" width=\"100%\" height=\"800\" type=\"text\/html\" frameborder=\"0\" allowTransparency=\"true\" style=\"border: 0\" data-cookieconsent=\"ignore\"><\/iframe><\/div><\/div><\/div><div style=\"height:100px\" aria-hidden=\"true\" class=\"wp-block-spacer\"><\/div><p><\/p>","protected":false},"excerpt":{"rendered":"","protected":false},"author":21,"featured_media":0,"parent":0,"menu_order":0,"comment_status":"closed","ping_status":"closed","template":"","meta":{"_acf_changed":false,"_joinchat":[],"footnotes":""},"class_list":["post-59938","page","type-page","status-publish","hentry"],"acf":{"uuid_products":"","product-documents":""},"yoast_head":"<!-- This site is optimized with the Yoast SEO Premium plugin v27.0 (Yoast SEO v27.0) - https:\/\/yoast.com\/product\/yoast-seo-premium-wordpress\/ -->\n<title>MULTICOMPOSITE GEOSYNTHETICS - Maccaferri T\u00fcrkiye<\/title>\n<meta name=\"description\" content=\"0\u00c7OK KOMPOZI\u0307TLI\u0307 GEOSENTETI\u0307KLERAlan\u0131 buradan indirinPreviousNext OLANAKLARLA DOLU BIR D\u00dcNYANIN KILIDINI A\u00c7IN \u00c7e\u015fitli i\u015flevlere hizmet eden \u00e7ok y\u00f6nl\u00fc bir\" \/>\n<meta name=\"robots\" content=\"index, follow, max-snippet:-1, max-image-preview:large, max-video-preview:-1\" \/>\n<link rel=\"canonical\" href=\"https:\/\/www.maccaferri.com\/tr\/multicomposite-geosynthetics\/\" \/>\n<meta property=\"og:locale\" content=\"tr_TR\" \/>\n<meta property=\"og:type\" content=\"article\" \/>\n<meta property=\"og:title\" content=\"MULTICOMPOSITE GEOSYNTHETICS - Maccaferri T\u00fcrkiye\" \/>\n<meta property=\"og:description\" content=\"0\u00c7OK KOMPOZI\u0307TLI\u0307 GEOSENTETI\u0307KLERAlan\u0131 buradan indirinPreviousNext OLANAKLARLA DOLU BIR D\u00dcNYANIN KILIDINI A\u00c7IN \u00c7e\u015fitli i\u015flevlere hizmet eden \u00e7ok y\u00f6nl\u00fc bir\" \/>\n<meta property=\"og:url\" content=\"https:\/\/www.maccaferri.com\/tr\/multicomposite-geosynthetics\/\" \/>\n<meta property=\"og:site_name\" content=\"Maccaferri T\u00fcrkiye\" \/>\n<meta property=\"article:modified_time\" content=\"2025-05-29T13:38:06+00:00\" \/>\n<meta property=\"og:image\" content=\"https:\/\/www.maccaferri.com\/wp-content\/uploads\/2023\/08\/tricomp-1-scaled.jpg\" \/>\n<meta name=\"twitter:card\" content=\"summary_large_image\" \/>\n<meta name=\"twitter:label1\" content=\"Est. reading time\" \/>\n\t<meta name=\"twitter:data1\" content=\"2 minutes\" \/>\n<script type=\"application\/ld+json\" class=\"yoast-schema-graph\">{\"@context\":\"https:\/\/schema.org\",\"@graph\":[{\"@type\":\"WebPage\",\"@id\":\"https:\/\/www.maccaferri.com\/tr\/multicomposite-geosynthetics\/\",\"url\":\"https:\/\/www.maccaferri.com\/tr\/multicomposite-geosynthetics\/\",\"name\":\"MULTICOMPOSITE GEOSYNTHETICS - Maccaferri T\u00fcrkiye\",\"isPartOf\":{\"@id\":\"https:\/\/www.maccaferri.com\/tr\/#website\"},\"primaryImageOfPage\":{\"@id\":\"https:\/\/www.maccaferri.com\/tr\/multicomposite-geosynthetics\/#primaryimage\"},\"image\":{\"@id\":\"https:\/\/www.maccaferri.com\/tr\/multicomposite-geosynthetics\/#primaryimage\"},\"thumbnailUrl\":\"https:\/\/www.maccaferri.com\/wp-content\/uploads\/2023\/08\/tricomp-1-scaled.jpg\",\"datePublished\":\"2025-03-24T16:26:42+00:00\",\"dateModified\":\"2025-05-29T13:38:06+00:00\",\"description\":\"0\u00c7OK KOMPOZI\u0307TLI\u0307 GEOSENTETI\u0307KLERAlan\u0131 buradan indirinPreviousNext OLANAKLARLA DOLU BIR D\u00dcNYANIN KILIDINI A\u00c7IN \u00c7e\u015fitli i\u015flevlere hizmet eden \u00e7ok y\u00f6nl\u00fc bir\",\"inLanguage\":\"tr-TR\",\"potentialAction\":[{\"@type\":\"ReadAction\",\"target\":[\"https:\/\/www.maccaferri.com\/tr\/multicomposite-geosynthetics\/\"]}]},{\"@type\":\"ImageObject\",\"inLanguage\":\"tr-TR\",\"@id\":\"https:\/\/www.maccaferri.com\/tr\/multicomposite-geosynthetics\/#primaryimage\",\"url\":\"https:\/\/www.maccaferri.com\/wp-content\/uploads\/2023\/08\/tricomp-1-scaled.jpg\",\"contentUrl\":\"https:\/\/www.maccaferri.com\/wp-content\/uploads\/2023\/08\/tricomp-1-scaled.jpg\"},{\"@type\":\"WebSite\",\"@id\":\"https:\/\/www.maccaferri.com\/tr\/#website\",\"url\":\"https:\/\/www.maccaferri.com\/tr\/\",\"name\":\"Maccaferri T\u00fcrkiye\",\"description\":\"\",\"publisher\":{\"@id\":\"https:\/\/www.maccaferri.com\/tr\/#organization\"},\"potentialAction\":[{\"@type\":\"SearchAction\",\"target\":{\"@type\":\"EntryPoint\",\"urlTemplate\":\"https:\/\/www.maccaferri.com\/tr\/?s={search_term_string}\"},\"query-input\":{\"@type\":\"PropertyValueSpecification\",\"valueRequired\":true,\"valueName\":\"search_term_string\"}}],\"inLanguage\":\"tr-TR\"},{\"@type\":\"Organization\",\"@id\":\"https:\/\/www.maccaferri.com\/tr\/#organization\",\"name\":\"Maccaferri T\u00fcrkiye\",\"url\":\"https:\/\/www.maccaferri.com\/tr\/\",\"logo\":{\"@type\":\"ImageObject\",\"inLanguage\":\"tr-TR\",\"@id\":\"https:\/\/www.maccaferri.com\/tr\/#\/schema\/logo\/image\/\",\"url\":\"https:\/\/www.maccaferri.com\/tr\/wp-content\/uploads\/2022\/07\/logo-maccaferri.png\",\"contentUrl\":\"https:\/\/www.maccaferri.com\/tr\/wp-content\/uploads\/2022\/07\/logo-maccaferri.png\",\"width\":152,\"height\":32,\"caption\":\"Maccaferri T\u00fcrkiye\"},\"image\":{\"@id\":\"https:\/\/www.maccaferri.com\/tr\/#\/schema\/logo\/image\/\"}}]}<\/script>\n<!-- \/ Yoast SEO Premium plugin. -->","yoast_head_json":{"title":"MULTICOMPOSITE GEOSYNTHETICS - Maccaferri T\u00fcrkiye","description":"0\u00c7OK KOMPOZI\u0307TLI\u0307 GEOSENTETI\u0307KLERAlan\u0131 buradan indirinPreviousNext OLANAKLARLA DOLU BIR D\u00dcNYANIN KILIDINI A\u00c7IN \u00c7e\u015fitli i\u015flevlere hizmet eden \u00e7ok y\u00f6nl\u00fc bir","robots":{"index":"index","follow":"follow","max-snippet":"max-snippet:-1","max-image-preview":"max-image-preview:large","max-video-preview":"max-video-preview:-1"},"canonical":"https:\/\/www.maccaferri.com\/tr\/multicomposite-geosynthetics\/","og_locale":"tr_TR","og_type":"article","og_title":"MULTICOMPOSITE GEOSYNTHETICS - Maccaferri T\u00fcrkiye","og_description":"0\u00c7OK KOMPOZI\u0307TLI\u0307 GEOSENTETI\u0307KLERAlan\u0131 buradan indirinPreviousNext OLANAKLARLA DOLU BIR D\u00dcNYANIN KILIDINI A\u00c7IN \u00c7e\u015fitli i\u015flevlere hizmet eden \u00e7ok y\u00f6nl\u00fc bir","og_url":"https:\/\/www.maccaferri.com\/tr\/multicomposite-geosynthetics\/","og_site_name":"Maccaferri T\u00fcrkiye","article_modified_time":"2025-05-29T13:38:06+00:00","og_image":[{"url":"https:\/\/www.maccaferri.com\/wp-content\/uploads\/2023\/08\/tricomp-1-scaled.jpg","type":"","width":"","height":""}],"twitter_card":"summary_large_image","twitter_misc":{"Est. reading time":"2 minutes"},"schema":{"@context":"https:\/\/schema.org","@graph":[{"@type":"WebPage","@id":"https:\/\/www.maccaferri.com\/tr\/multicomposite-geosynthetics\/","url":"https:\/\/www.maccaferri.com\/tr\/multicomposite-geosynthetics\/","name":"MULTICOMPOSITE GEOSYNTHETICS - Maccaferri T\u00fcrkiye","isPartOf":{"@id":"https:\/\/www.maccaferri.com\/tr\/#website"},"primaryImageOfPage":{"@id":"https:\/\/www.maccaferri.com\/tr\/multicomposite-geosynthetics\/#primaryimage"},"image":{"@id":"https:\/\/www.maccaferri.com\/tr\/multicomposite-geosynthetics\/#primaryimage"},"thumbnailUrl":"https:\/\/www.maccaferri.com\/wp-content\/uploads\/2023\/08\/tricomp-1-scaled.jpg","datePublished":"2025-03-24T16:26:42+00:00","dateModified":"2025-05-29T13:38:06+00:00","description":"0\u00c7OK KOMPOZI\u0307TLI\u0307 GEOSENTETI\u0307KLERAlan\u0131 buradan indirinPreviousNext OLANAKLARLA DOLU BIR D\u00dcNYANIN KILIDINI A\u00c7IN \u00c7e\u015fitli i\u015flevlere hizmet eden \u00e7ok y\u00f6nl\u00fc bir","inLanguage":"tr-TR","potentialAction":[{"@type":"ReadAction","target":["https:\/\/www.maccaferri.com\/tr\/multicomposite-geosynthetics\/"]}]},{"@type":"ImageObject","inLanguage":"tr-TR","@id":"https:\/\/www.maccaferri.com\/tr\/multicomposite-geosynthetics\/#primaryimage","url":"https:\/\/www.maccaferri.com\/wp-content\/uploads\/2023\/08\/tricomp-1-scaled.jpg","contentUrl":"https:\/\/www.maccaferri.com\/wp-content\/uploads\/2023\/08\/tricomp-1-scaled.jpg"},{"@type":"WebSite","@id":"https:\/\/www.maccaferri.com\/tr\/#website","url":"https:\/\/www.maccaferri.com\/tr\/","name":"Maccaferri T\u00fcrkiye","description":"","publisher":{"@id":"https:\/\/www.maccaferri.com\/tr\/#organization"},"potentialAction":[{"@type":"SearchAction","target":{"@type":"EntryPoint","urlTemplate":"https:\/\/www.maccaferri.com\/tr\/?s={search_term_string}"},"query-input":{"@type":"PropertyValueSpecification","valueRequired":true,"valueName":"search_term_string"}}],"inLanguage":"tr-TR"},{"@type":"Organization","@id":"https:\/\/www.maccaferri.com\/tr\/#organization","name":"Maccaferri T\u00fcrkiye","url":"https:\/\/www.maccaferri.com\/tr\/","logo":{"@type":"ImageObject","inLanguage":"tr-TR","@id":"https:\/\/www.maccaferri.com\/tr\/#\/schema\/logo\/image\/","url":"https:\/\/www.maccaferri.com\/tr\/wp-content\/uploads\/2022\/07\/logo-maccaferri.png","contentUrl":"https:\/\/www.maccaferri.com\/tr\/wp-content\/uploads\/2022\/07\/logo-maccaferri.png","width":152,"height":32,"caption":"Maccaferri T\u00fcrkiye"},"image":{"@id":"https:\/\/www.maccaferri.com\/tr\/#\/schema\/logo\/image\/"}}]}},"_links":{"self":[{"href":"https:\/\/www.maccaferri.com\/tr\/wp-json\/wp\/v2\/pages\/59938","targetHints":{"allow":["GET"]}}],"collection":[{"href":"https:\/\/www.maccaferri.com\/tr\/wp-json\/wp\/v2\/pages"}],"about":[{"href":"https:\/\/www.maccaferri.com\/tr\/wp-json\/wp\/v2\/types\/page"}],"author":[{"embeddable":true,"href":"https:\/\/www.maccaferri.com\/tr\/wp-json\/wp\/v2\/users\/21"}],"replies":[{"embeddable":true,"href":"https:\/\/www.maccaferri.com\/tr\/wp-json\/wp\/v2\/comments?post=59938"}],"version-history":[{"count":6,"href":"https:\/\/www.maccaferri.com\/tr\/wp-json\/wp\/v2\/pages\/59938\/revisions"}],"predecessor-version":[{"id":94148,"href":"https:\/\/www.maccaferri.com\/tr\/wp-json\/wp\/v2\/pages\/59938\/revisions\/94148"}],"wp:attachment":[{"href":"https:\/\/www.maccaferri.com\/tr\/wp-json\/wp\/v2\/media?parent=59938"}],"curies":[{"name":"wp","href":"https:\/\/api.w.org\/{rel}","templated":true}]}}