{"id":3514,"date":"2022-12-14T12:27:40","date_gmt":"2022-12-14T11:27:40","guid":{"rendered":"https:\/\/www.maccaferri.com\/tr\/?page_id=3514"},"modified":"2025-12-16T12:02:44","modified_gmt":"2025-12-16T11:02:44","slug":"maccaferri-software","status":"publish","type":"page","link":"https:\/\/www.maccaferri.com\/tr\/maccaferri-software\/","title":{"rendered":"Maccaferri Yaz\u0131l\u0131m Paketi"},"content":{"rendered":"<div class=\"wp-block-mac-h1-title-hero-block container-fluid block-txt-container\" style=\"background:linear-gradient(180deg,rgb(1,94,111) 0%,rgb(0,72,87) 100%)\"><div class=\"row\"><div class=\"col\"><div class=\"gts__picture\"><img decoding=\"async\" src=\"https:\/\/www.maccaferri.com\/tr\/wp-content\/uploads\/2023\/01\/software-15.jpeg\" style=\"display:none\"\/><div class=\"gts__picture__image\" style=\"background-image:url(https:\/\/www.maccaferri.com\/tr\/wp-content\/uploads\/2023\/01\/software-15.jpeg)\"><\/div><\/div><div class=\"container box-container\"><div class=\"row\"><div class=\"col title-box-txt\"><h1 class=\"wp-block-mac-h1-title-hero-block\" style=\"color:#ffffff;text-align:none\">Maccaferri Yaz\u0131l\u0131m Paketi<\/h1><\/div><\/div><\/div><\/div><\/div><\/div><div style=\"height:100px\" aria-hidden=\"true\" class=\"wp-block-spacer\"><\/div><div class=\"wp-block-columns is-layout-flex wp-container-core-columns-is-layout-9d6595d7 wp-block-columns-is-layout-flex\"><div class=\"wp-block-column is-layout-flow wp-block-column-is-layout-flow\"><div class=\"wp-block-mac-container-block box-container\"><div class=\"wp-block-columns is-layout-flex wp-container-core-columns-is-layout-9d6595d7 wp-block-columns-is-layout-flex\"><div class=\"wp-block-column is-layout-flow wp-block-column-is-layout-flow\"><div class=\"wp-block-mac-h5-txt-paragraph-block block-txt-container box-container\"><div class=\"row\"><div class=\"col paragraph-box-txt\"><h5 class=\"wp-block-mac-h5-txt-paragraph-block\" style=\"color:#212429;text-align:left\">Geli\u015ftirilmi\u015f \u00f6nde gelen enstit\u00fcler ve \u00fcniversitelerle ortakl\u0131kla, d\u00fcnya \u00e7ap\u0131nda kabul g\u00f6rm\u00fc\u015f ve kullan\u0131c\u0131 dostu yaz\u0131l\u0131m paketimiz, m\u00fchendislerin etkili ve g\u00fcvenilir sivil m\u00fchendislik \u00e7\u00f6z\u00fcmleri tasarlamas\u0131na ve sunmas\u0131na olanak tan\u0131r. Onlarca y\u0131l s\u00fcren saha deneyimi ve s\u0131k\u0131 test kampanyalar\u0131nda toplanan deneysel verilere dayanarak, \u00fccretsiz yaz\u0131l\u0131m \u00e7\u00f6z\u00fcmlerimiz d\u00fcnya genelindeki sivil ve zemin m\u00fchendislerinin gereksinimlerine uygunken, ayn\u0131 zamanda maliyet etkinli\u011fi ve iyile\u015ftirilmi\u015f in\u015faat kolayl\u0131\u011f\u0131 gibi ek faydalar da sunmaktad\u0131r.<br><br>Yaz\u0131l\u0131m \u00e7\u00f6z\u00fcmlerimiz i\u00e7in e\u011fitim almak ve en farkl\u0131 ko\u015fullarda y\u00fcksek kaliteli ve zorlu m\u00fchendislik \u00e7\u00f6z\u00fcmlerinin tasar\u0131m\u0131na ba\u015flamak i\u00e7in bize ula\u015f\u0131n.<\/h5><\/div><\/div><\/div><\/div><\/div><\/div><\/div><\/div><div class=\"wp-block-mac-container-block box-container\"><div class=\"wp-block-columns is-layout-flex wp-container-core-columns-is-layout-9d6595d7 wp-block-columns-is-layout-flex\"><div class=\"wp-block-column is-layout-flow wp-block-column-is-layout-flow\"><figure class=\"wp-block-image size-full\"><img fetchpriority=\"high\" decoding=\"async\" width=\"430\" height=\"330\" src=\"https:\/\/www.maccaferri.com\/tr\/wp-content\/uploads\/sites\/34\/2022\/12\/maccaferri-software.png\" alt=\"\" class=\"wp-image-3075\" srcset=\"https:\/\/www.maccaferri.com\/tr\/wp-content\/uploads\/2022\/12\/maccaferri-software.png 430w, https:\/\/www.maccaferri.com\/tr\/wp-content\/uploads\/2022\/12\/maccaferri-software-300x230.png 300w\" sizes=\"(max-width: 430px) 100vw, 430px\" \/><\/figure><\/div>\n\n<div class=\"wp-block-column is-layout-flow wp-block-column-is-layout-flow\"><div style=\"height:50px\" aria-hidden=\"true\" class=\"wp-block-spacer\"><\/div>\n\n<div class=\"wp-block-mac-h2-title-bold-block block-txt-container box-container\"><div class=\"row\"><div class=\"col title-box-txt\"><h2 style=\"color:#004857;text-align:center\">Yaz\u0131l\u0131m Online<\/h2><\/div><\/div><\/div>\n\n<p class=\"has-text-align-left has-medium-font-size\"><br>Ziyaret edin: Maccaferri eDesign yaz\u0131l\u0131m platformu. Herhangi bir yerden \u00e7evrimi\u00e7i tasar\u0131m yap\u0131n. \u0130ndirme gerektirmez.<\/p>\n\n<ul style=\"font-size:19px\" class=\"wp-block-list\"><li><strong>Mac S-Design<\/strong>: E\u011fimlerinizi daha g\u00fcvenli hale getirin <\/li>\n\n<li><strong>MacTube Design:<\/strong> Sahilinizi koruyun <\/li>\n\n<li><strong>MacBars Design<\/strong>: Baraj\u0131n\u0131z\u0131 stabilize edin<\/li>\n\n<li><strong>MACRA Design:<\/strong> Nehir hidrolik yap\u0131lar\u0131n\u0131n tasar\u0131m\u0131<\/li>\n\n<li><strong>REQUALIFE<\/strong>: S\u00fcrd\u00fcr\u00fclebilir bir gelecek i\u00e7in su yataklar\u0131n\u0131 tasarlay\u0131n<\/li>\n\n<li><strong>ECoMac Design<\/strong>: Toprak erozyonunu \u00f6nleyin<\/li>\n\n<li><strong>MacQuay Design<\/strong>: \u0130skele yap\u0131n\u0131z\u0131 koruyun<\/li>\n\n<li><strong>MacRo Design<\/strong>: Kaya y\u00fczeyi kaplama sistemleri<\/li>\n\n<li><strong>GROUNDMAC<\/strong>: Topra\u011f\u0131n\u0131z\u0131 Geli\u015ftirin<\/li><\/ul>\n\n<div class=\"wp-block-buttons is-content-justification-center is-layout-flex wp-container-core-buttons-is-layout-16018d1d wp-block-buttons-is-layout-flex\"><div class=\"wp-block-button\"><a class=\"wp-block-button__link wp-element-button\" href=\"https:\/\/edesign.maccaferri.com\/\">Platforma git<\/a><\/div><\/div><\/div><\/div><\/div><div style=\"height:150px\" aria-hidden=\"true\" class=\"wp-block-spacer\"><\/div><div class=\"wp-block-mac-container-block box-container\"><div class=\"wp-block-columns is-layout-flex wp-container-core-columns-is-layout-9d6595d7 wp-block-columns-is-layout-flex\"><div class=\"wp-block-column is-layout-flow wp-block-column-is-layout-flow\"><div class=\"wp-block-mac-h2-title-bold-block block-txt-container box-container\"><div class=\"row\"><div class=\"col title-box-txt\"><h2 style=\"color:#004857;text-align:left\">\u0130ndirilebilir Tasar\u0131m Yaz\u0131l\u0131m\u0131<\/h2><\/div><\/div><\/div>\n\n<p class=\"has-text-align-left has-medium-font-size\">\u0130ndirilebilir tasar\u0131m yaz\u0131l\u0131m\u0131m\u0131z\u0131 ke\u015ffedin:<\/p>\n\n<ul style=\"font-size:19px\" class=\"wp-block-list\"><li><strong>MACFLOW Studio:<\/strong> Etkili drenaj \u00e7\u00f6z\u00fcmlerinin tasar\u0131m\u0131<\/li>\n\n<li><strong>MacStars 4.0<\/strong>: g\u00fc\u00e7lendirilmi\u015f toprak e\u011fimleri, duvarlar ve karma\u015f\u0131k hibrit yap\u0131lar\u0131n tasar\u0131m\u0131<\/li>\n\n<li><strong>GAWAC<\/strong>: Gabion Duvar Projesi<\/li><\/ul>\n\n<div class=\"wp-block-buttons is-layout-flex wp-block-buttons-is-layout-flex\"><div class=\"wp-block-button aligncenter\"><a class=\"wp-block-button__link wp-element-button\" href=\"https:\/\/www.maccaferri.com\/tr\/search?category-link=&amp;r=&amp;sectors-select=&amp;applications-select=&amp;solutions-select=&amp;products-select=&amp;location-select=&amp;full=on&amp;find_softwares=1\">YAZILIM AL<\/a><\/div><\/div><\/div>\n\n<div class=\"wp-block-column is-layout-flow wp-block-column-is-layout-flow\"><div style=\"height:100px\" aria-hidden=\"true\" class=\"wp-block-spacer\"><\/div>\n\n<figure class=\"wp-block-image size-large\"><img decoding=\"async\" width=\"1024\" height=\"686\" src=\"https:\/\/www.maccaferri.com\/tr\/wp-content\/uploads\/sites\/34\/2022\/12\/maccaferri-software-downloadable-1024x686.png\" alt=\"\" class=\"wp-image-3728\" srcset=\"https:\/\/www.maccaferri.com\/tr\/wp-content\/uploads\/2022\/12\/maccaferri-software-downloadable-1024x686.png 1024w, https:\/\/www.maccaferri.com\/tr\/wp-content\/uploads\/2022\/12\/maccaferri-software-downloadable-300x201.png 300w, https:\/\/www.maccaferri.com\/tr\/wp-content\/uploads\/2022\/12\/maccaferri-software-downloadable-768x514.png 768w, https:\/\/www.maccaferri.com\/tr\/wp-content\/uploads\/2022\/12\/maccaferri-software-downloadable-1536x1029.png 1536w, https:\/\/www.maccaferri.com\/tr\/wp-content\/uploads\/2022\/12\/maccaferri-software-downloadable.png 1583w\" sizes=\"(max-width: 1024px) 100vw, 1024px\" \/><\/figure><\/div><\/div><\/div><div style=\"height:100px\" aria-hidden=\"true\" class=\"wp-block-spacer\"><\/div>","protected":false},"excerpt":{"rendered":"","protected":false},"author":2,"featured_media":0,"parent":0,"menu_order":0,"comment_status":"closed","ping_status":"closed","template":"","meta":{"_acf_changed":false,"_joinchat":[],"footnotes":""},"class_list":["post-3514","page","type-page","status-publish","hentry"],"acf":{"uuid_products":"","product-documents":""},"yoast_head":"<!-- This site is optimized with the Yoast SEO Premium plugin v27.0 (Yoast SEO v27.0) - https:\/\/yoast.com\/product\/yoast-seo-premium-wordpress\/ -->\n<title>Maccaferri Yaz\u0131l\u0131m Paketi - Maccaferri T\u00fcrkiye<\/title>\n<meta name=\"description\" content=\"Maccaferri Yaz\u0131l\u0131m Paketi Geli\u015ftirilmi\u015f \u00f6nde gelen enstit\u00fcler ve \u00fcniversitelerle ortakl\u0131kla, d\u00fcnya \u00e7ap\u0131nda kabul g\u00f6rm\u00fc\u015f ve kullan\u0131c\u0131 dostu yaz\u0131l\u0131m\" \/>\n<meta name=\"robots\" content=\"index, follow, max-snippet:-1, max-image-preview:large, max-video-preview:-1\" \/>\n<link rel=\"canonical\" href=\"https:\/\/www.maccaferri.com\/tr\/maccaferri-software\/\" \/>\n<meta property=\"og:locale\" content=\"tr_TR\" \/>\n<meta property=\"og:type\" content=\"article\" \/>\n<meta property=\"og:title\" content=\"Maccaferri Yaz\u0131l\u0131m Paketi - Maccaferri T\u00fcrkiye\" \/>\n<meta property=\"og:description\" content=\"Maccaferri Yaz\u0131l\u0131m Paketi Geli\u015ftirilmi\u015f \u00f6nde gelen enstit\u00fcler ve \u00fcniversitelerle ortakl\u0131kla, d\u00fcnya \u00e7ap\u0131nda kabul g\u00f6rm\u00fc\u015f ve kullan\u0131c\u0131 dostu yaz\u0131l\u0131m\" \/>\n<meta property=\"og:url\" content=\"https:\/\/www.maccaferri.com\/tr\/maccaferri-software\/\" \/>\n<meta property=\"og:site_name\" content=\"Maccaferri T\u00fcrkiye\" \/>\n<meta property=\"article:modified_time\" content=\"2025-12-16T11:02:44+00:00\" \/>\n<meta property=\"og:image\" content=\"https:\/\/www.maccaferri.com\/tr\/wp-content\/uploads\/2023\/01\/software-15.jpeg\" \/>\n<meta name=\"twitter:card\" content=\"summary_large_image\" \/>\n<meta name=\"twitter:label1\" content=\"Est. reading time\" \/>\n\t<meta name=\"twitter:data1\" content=\"2 minutes\" \/>\n<script type=\"application\/ld+json\" class=\"yoast-schema-graph\">{\"@context\":\"https:\/\/schema.org\",\"@graph\":[{\"@type\":\"WebPage\",\"@id\":\"https:\/\/www.maccaferri.com\/tr\/maccaferri-software\/\",\"url\":\"https:\/\/www.maccaferri.com\/tr\/maccaferri-software\/\",\"name\":\"Maccaferri Yaz\u0131l\u0131m Paketi - Maccaferri T\u00fcrkiye\",\"isPartOf\":{\"@id\":\"https:\/\/www.maccaferri.com\/tr\/#website\"},\"primaryImageOfPage\":{\"@id\":\"https:\/\/www.maccaferri.com\/tr\/maccaferri-software\/#primaryimage\"},\"image\":{\"@id\":\"https:\/\/www.maccaferri.com\/tr\/maccaferri-software\/#primaryimage\"},\"thumbnailUrl\":\"https:\/\/www.maccaferri.com\/tr\/wp-content\/uploads\/2023\/01\/software-15.jpeg\",\"datePublished\":\"2022-12-14T11:27:40+00:00\",\"dateModified\":\"2025-12-16T11:02:44+00:00\",\"description\":\"Maccaferri Yaz\u0131l\u0131m Paketi Geli\u015ftirilmi\u015f \u00f6nde gelen enstit\u00fcler ve \u00fcniversitelerle ortakl\u0131kla, d\u00fcnya \u00e7ap\u0131nda kabul g\u00f6rm\u00fc\u015f ve kullan\u0131c\u0131 dostu yaz\u0131l\u0131m\",\"inLanguage\":\"tr-TR\",\"potentialAction\":[{\"@type\":\"ReadAction\",\"target\":[\"https:\/\/www.maccaferri.com\/tr\/maccaferri-software\/\"]}]},{\"@type\":\"ImageObject\",\"inLanguage\":\"tr-TR\",\"@id\":\"https:\/\/www.maccaferri.com\/tr\/maccaferri-software\/#primaryimage\",\"url\":\"https:\/\/www.maccaferri.com\/tr\/wp-content\/uploads\/2023\/01\/software-15.jpeg\",\"contentUrl\":\"https:\/\/www.maccaferri.com\/tr\/wp-content\/uploads\/2023\/01\/software-15.jpeg\",\"width\":1280,\"height\":720},{\"@type\":\"WebSite\",\"@id\":\"https:\/\/www.maccaferri.com\/tr\/#website\",\"url\":\"https:\/\/www.maccaferri.com\/tr\/\",\"name\":\"Maccaferri T\u00fcrkiye\",\"description\":\"\",\"publisher\":{\"@id\":\"https:\/\/www.maccaferri.com\/tr\/#organization\"},\"potentialAction\":[{\"@type\":\"SearchAction\",\"target\":{\"@type\":\"EntryPoint\",\"urlTemplate\":\"https:\/\/www.maccaferri.com\/tr\/?s={search_term_string}\"},\"query-input\":{\"@type\":\"PropertyValueSpecification\",\"valueRequired\":true,\"valueName\":\"search_term_string\"}}],\"inLanguage\":\"tr-TR\"},{\"@type\":\"Organization\",\"@id\":\"https:\/\/www.maccaferri.com\/tr\/#organization\",\"name\":\"Maccaferri T\u00fcrkiye\",\"url\":\"https:\/\/www.maccaferri.com\/tr\/\",\"logo\":{\"@type\":\"ImageObject\",\"inLanguage\":\"tr-TR\",\"@id\":\"https:\/\/www.maccaferri.com\/tr\/#\/schema\/logo\/image\/\",\"url\":\"https:\/\/www.maccaferri.com\/tr\/wp-content\/uploads\/2022\/07\/logo-maccaferri.png\",\"contentUrl\":\"https:\/\/www.maccaferri.com\/tr\/wp-content\/uploads\/2022\/07\/logo-maccaferri.png\",\"width\":152,\"height\":32,\"caption\":\"Maccaferri T\u00fcrkiye\"},\"image\":{\"@id\":\"https:\/\/www.maccaferri.com\/tr\/#\/schema\/logo\/image\/\"}}]}<\/script>\n<!-- \/ Yoast SEO Premium plugin. -->","yoast_head_json":{"title":"Maccaferri Yaz\u0131l\u0131m Paketi - Maccaferri T\u00fcrkiye","description":"Maccaferri Yaz\u0131l\u0131m Paketi Geli\u015ftirilmi\u015f \u00f6nde gelen enstit\u00fcler ve \u00fcniversitelerle ortakl\u0131kla, d\u00fcnya \u00e7ap\u0131nda kabul g\u00f6rm\u00fc\u015f ve kullan\u0131c\u0131 dostu yaz\u0131l\u0131m","robots":{"index":"index","follow":"follow","max-snippet":"max-snippet:-1","max-image-preview":"max-image-preview:large","max-video-preview":"max-video-preview:-1"},"canonical":"https:\/\/www.maccaferri.com\/tr\/maccaferri-software\/","og_locale":"tr_TR","og_type":"article","og_title":"Maccaferri Yaz\u0131l\u0131m Paketi - Maccaferri T\u00fcrkiye","og_description":"Maccaferri Yaz\u0131l\u0131m Paketi Geli\u015ftirilmi\u015f \u00f6nde gelen enstit\u00fcler ve \u00fcniversitelerle ortakl\u0131kla, d\u00fcnya \u00e7ap\u0131nda kabul g\u00f6rm\u00fc\u015f ve kullan\u0131c\u0131 dostu yaz\u0131l\u0131m","og_url":"https:\/\/www.maccaferri.com\/tr\/maccaferri-software\/","og_site_name":"Maccaferri T\u00fcrkiye","article_modified_time":"2025-12-16T11:02:44+00:00","og_image":[{"url":"https:\/\/www.maccaferri.com\/tr\/wp-content\/uploads\/2023\/01\/software-15.jpeg","type":"","width":"","height":""}],"twitter_card":"summary_large_image","twitter_misc":{"Est. reading time":"2 minutes"},"schema":{"@context":"https:\/\/schema.org","@graph":[{"@type":"WebPage","@id":"https:\/\/www.maccaferri.com\/tr\/maccaferri-software\/","url":"https:\/\/www.maccaferri.com\/tr\/maccaferri-software\/","name":"Maccaferri Yaz\u0131l\u0131m Paketi - Maccaferri T\u00fcrkiye","isPartOf":{"@id":"https:\/\/www.maccaferri.com\/tr\/#website"},"primaryImageOfPage":{"@id":"https:\/\/www.maccaferri.com\/tr\/maccaferri-software\/#primaryimage"},"image":{"@id":"https:\/\/www.maccaferri.com\/tr\/maccaferri-software\/#primaryimage"},"thumbnailUrl":"https:\/\/www.maccaferri.com\/tr\/wp-content\/uploads\/2023\/01\/software-15.jpeg","datePublished":"2022-12-14T11:27:40+00:00","dateModified":"2025-12-16T11:02:44+00:00","description":"Maccaferri Yaz\u0131l\u0131m Paketi Geli\u015ftirilmi\u015f \u00f6nde gelen enstit\u00fcler ve \u00fcniversitelerle ortakl\u0131kla, d\u00fcnya \u00e7ap\u0131nda kabul g\u00f6rm\u00fc\u015f ve kullan\u0131c\u0131 dostu yaz\u0131l\u0131m","inLanguage":"tr-TR","potentialAction":[{"@type":"ReadAction","target":["https:\/\/www.maccaferri.com\/tr\/maccaferri-software\/"]}]},{"@type":"ImageObject","inLanguage":"tr-TR","@id":"https:\/\/www.maccaferri.com\/tr\/maccaferri-software\/#primaryimage","url":"https:\/\/www.maccaferri.com\/tr\/wp-content\/uploads\/2023\/01\/software-15.jpeg","contentUrl":"https:\/\/www.maccaferri.com\/tr\/wp-content\/uploads\/2023\/01\/software-15.jpeg","width":1280,"height":720},{"@type":"WebSite","@id":"https:\/\/www.maccaferri.com\/tr\/#website","url":"https:\/\/www.maccaferri.com\/tr\/","name":"Maccaferri T\u00fcrkiye","description":"","publisher":{"@id":"https:\/\/www.maccaferri.com\/tr\/#organization"},"potentialAction":[{"@type":"SearchAction","target":{"@type":"EntryPoint","urlTemplate":"https:\/\/www.maccaferri.com\/tr\/?s={search_term_string}"},"query-input":{"@type":"PropertyValueSpecification","valueRequired":true,"valueName":"search_term_string"}}],"inLanguage":"tr-TR"},{"@type":"Organization","@id":"https:\/\/www.maccaferri.com\/tr\/#organization","name":"Maccaferri T\u00fcrkiye","url":"https:\/\/www.maccaferri.com\/tr\/","logo":{"@type":"ImageObject","inLanguage":"tr-TR","@id":"https:\/\/www.maccaferri.com\/tr\/#\/schema\/logo\/image\/","url":"https:\/\/www.maccaferri.com\/tr\/wp-content\/uploads\/2022\/07\/logo-maccaferri.png","contentUrl":"https:\/\/www.maccaferri.com\/tr\/wp-content\/uploads\/2022\/07\/logo-maccaferri.png","width":152,"height":32,"caption":"Maccaferri T\u00fcrkiye"},"image":{"@id":"https:\/\/www.maccaferri.com\/tr\/#\/schema\/logo\/image\/"}}]}},"_links":{"self":[{"href":"https:\/\/www.maccaferri.com\/tr\/wp-json\/wp\/v2\/pages\/3514","targetHints":{"allow":["GET"]}}],"collection":[{"href":"https:\/\/www.maccaferri.com\/tr\/wp-json\/wp\/v2\/pages"}],"about":[{"href":"https:\/\/www.maccaferri.com\/tr\/wp-json\/wp\/v2\/types\/page"}],"author":[{"embeddable":true,"href":"https:\/\/www.maccaferri.com\/tr\/wp-json\/wp\/v2\/users\/2"}],"replies":[{"embeddable":true,"href":"https:\/\/www.maccaferri.com\/tr\/wp-json\/wp\/v2\/comments?post=3514"}],"version-history":[{"count":38,"href":"https:\/\/www.maccaferri.com\/tr\/wp-json\/wp\/v2\/pages\/3514\/revisions"}],"predecessor-version":[{"id":106527,"href":"https:\/\/www.maccaferri.com\/tr\/wp-json\/wp\/v2\/pages\/3514\/revisions\/106527"}],"wp:attachment":[{"href":"https:\/\/www.maccaferri.com\/tr\/wp-json\/wp\/v2\/media?parent=3514"}],"curies":[{"name":"wp","href":"https:\/\/api.w.org\/{rel}","templated":true}]}}