{"id":1398,"date":"2022-07-29T11:40:29","date_gmt":"2022-07-29T09:40:29","guid":{"rendered":"https:\/\/www.maccaferri.com\/tr\/?page_id=1398"},"modified":"2023-04-20T11:13:47","modified_gmt":"2023-04-20T09:13:47","slug":"inovasyon","status":"publish","type":"page","link":"https:\/\/www.maccaferri.com\/tr\/inovasyon\/","title":{"rendered":"Inovasyon"},"content":{"rendered":"<div class=\"wp-block-mac-h1-title-hero-block container-fluid block-txt-container\" style=\"background:linear-gradient(180deg,rgb(1,94,111) 0%,rgb(0,72,87) 100%)\"><div class=\"row\"><div class=\"col\"><div class=\"gts__picture\"><img decoding=\"async\" src=\"https:\/\/www.maccaferri.com\/tr\/wp-content\/uploads\/sites\/34\/2022\/12\/Adv-2-1.jpg\" style=\"display:none\"\/><div class=\"gts__picture__image\" style=\"background-image:url(https:\/\/www.maccaferri.com\/tr\/wp-content\/uploads\/sites\/34\/2022\/12\/Adv-2-1.jpg)\"><\/div><\/div><div class=\"container box-container\"><div class=\"row\"><div class=\"col title-box-txt\"><h1 class=\"wp-block-mac-h1-title-hero-block\" style=\"color:#ffffff;text-align:none\">Inovasyon<\/h1><\/div><\/div><\/div><\/div><\/div><\/div><div class=\"wp-block-mac-h2-title-block block-txt-container box-container\"><div class=\"row\"><div class=\"col title-box-txt\"><h2 style=\"color:#212429;text-align:none\">MACCAFERRI \u00d6ZEL YAZILIMLAR<\/h2><\/div><\/div><\/div><div class=\"wp-block-columns is-layout-flex wp-container-core-columns-is-layout-9d6595d7 wp-block-columns-is-layout-flex\"><div class=\"wp-block-column is-layout-flow wp-block-column-is-layout-flow\"><div class=\"wp-block-mac-container-block box-container\"><div class=\"wp-block-columns is-layout-flex wp-container-core-columns-is-layout-9d6595d7 wp-block-columns-is-layout-flex\"><div class=\"wp-block-column is-layout-flow wp-block-column-is-layout-flow\"><div class=\"wp-block-columns is-layout-flex wp-container-core-columns-is-layout-9d6595d7 wp-block-columns-is-layout-flex\"><div class=\"wp-block-column is-layout-flow wp-block-column-is-layout-flow\"><p class=\"has-medium-font-size\">Lider enstit\u00fc ve \u00fcniversitelerle yap\u0131lan ortakl\u0131kla geli\u015ftirilmi\u015f olan d\u00fcnya \u00e7ap\u0131nda kabul g\u00f6rm\u00fc\u015f kullan\u0131c\u0131 dostu yaz\u0131l\u0131m paketimiz m\u00fchendislere etkin ve g\u00fcvenilir in\u015faat m\u00fchendisli\u011fi \u00e7\u00f6z\u00fcmleri tasarlayarak sunmada g\u00fc\u00e7 kazand\u0131r\u0131yor.<\/p>\n\n<p class=\"has-medium-font-size\">On y\u0131llara dayanan saha deneyimi ve titiz test kampanyalar\u0131nda toplanan deneysel verilere dayanan \u00fccretsiz yaz\u0131l\u0131m \u00e7\u00f6z\u00fcmlerimiz d\u00fcnya genelindeki in\u015faat ve jeoteknik m\u00fchendislerinin gereksinimlerine uyum sa\u011flarken uygun maliyet ve iyile\u015ftirilmi\u015f in\u015fa edilebilirlik gibi ek faydalar sunmaktad\u0131r.<\/p>\n\n<p class=\"has-medium-font-size\">Yaz\u0131l\u0131m \u00e7\u00f6z\u00fcmlerimiz ile ilgili e\u011fitim almak ve \u00e7ok \u00e7e\u015fitli \u015fartlarda en ileri ve zorlay\u0131c\u0131 m\u00fchendislik \u00e7\u00f6z\u00fcmlerinin tasar\u0131m\u0131n\u0131 ba\u015flamak i\u00e7in bizimle ileti\u015fime ge\u00e7in.<\/p>\n\n<p><\/p><\/div>\n\n<div class=\"wp-block-column is-layout-flow wp-block-column-is-layout-flow\"><figure class=\"wp-block-image aligncenter size-full\"><img fetchpriority=\"high\" decoding=\"async\" width=\"628\" height=\"375\" src=\"https:\/\/www.maccaferri.com\/tr\/wp-content\/uploads\/sites\/34\/2022\/12\/catterre.png\" alt=\"\" class=\"wp-image-3138\" srcset=\"https:\/\/www.maccaferri.com\/tr\/wp-content\/uploads\/2022\/12\/catterre.png 628w, https:\/\/www.maccaferri.com\/tr\/wp-content\/uploads\/2022\/12\/catterre-300x179.png 300w\" sizes=\"(max-width: 628px) 100vw, 628px\" \/><\/figure><\/div><\/div><\/div><\/div><\/div><\/div><\/div><div class=\"wp-block-mac-banner-title-cta  box-container block-cta\" style=\"background:#015E6F\"><div class=\"container box-container\"><div class=\"row\"><div class=\"col-2 col-sm-2 col-md-2 col-lg-2 col-xl-2 col-xxl-2\"><div class=\"box-image\"><img decoding=\"async\" class=\"image\" src=\"https:\/\/www.maccaferri.com\/tr\/wp-content\/uploads\/sites\/34\/2022\/11\/img-banner-software.png\" alt=\"Image\"\/><\/div><\/div><div class=\"col-7 col-sm-7 col-md-7 col-lg-7 col-xl-7 col-xxl-7\"><div class=\"banner-box-txt\" style=\"text-align:default\"><h4 class=\"title\">GELECE\u011e\u0130 TASARLAMAK \u0130\u00c7\u0130N <br>YAZILIMLARIMIZI KULLANIN<\/h4><\/div><\/div><div class=\"col-3 col-sm-3 col-md-3 col-lg-3 col-xl-3 col-xxl-3\"><div class=\"button-box-txt\"><a href=\"https:\/\/www.maccaferri.com\/tr\/maccaferri-software\" target=\"_blank\" class=\"buttonurl\" rel=\"noopener\"><span class=\"buttontext\">platforma gi\u0307t<\/span><\/a><\/div><\/div><\/div><\/div><\/div><div style=\"height:100px\" aria-hidden=\"true\" class=\"wp-block-spacer\"><\/div><div class=\"wp-block-mac-h2-title-block block-txt-container box-container\"><div class=\"row\"><div class=\"col title-box-txt\"><h2 style=\"color:#212429;text-align:none\">MACCAFERRI BIM HEDEFLER\u0130<\/h2><\/div><\/div><\/div><div class=\"wp-block-mac-container-block box-container\"><div class=\"wp-block-columns is-layout-flex wp-container-core-columns-is-layout-9d6595d7 wp-block-columns-is-layout-flex\"><div class=\"wp-block-column is-layout-flow wp-block-column-is-layout-flow\"><div class=\"wp-block-columns is-layout-flex wp-container-core-columns-is-layout-9d6595d7 wp-block-columns-is-layout-flex\"><div class=\"wp-block-column is-layout-flow wp-block-column-is-layout-flow\"><figure class=\"wp-block-image size-large\"><img decoding=\"async\" width=\"1024\" height=\"675\" src=\"https:\/\/www.maccaferri.com\/tr\/wp-content\/uploads\/sites\/34\/2022\/12\/Maccaferri-BIM-Objects-1024x675.png\" alt=\"\" class=\"wp-image-3547\" srcset=\"https:\/\/www.maccaferri.com\/tr\/wp-content\/uploads\/2022\/12\/Maccaferri-BIM-Objects-1024x675.png 1024w, https:\/\/www.maccaferri.com\/tr\/wp-content\/uploads\/2022\/12\/Maccaferri-BIM-Objects-300x198.png 300w, https:\/\/www.maccaferri.com\/tr\/wp-content\/uploads\/2022\/12\/Maccaferri-BIM-Objects-768x506.png 768w, https:\/\/www.maccaferri.com\/tr\/wp-content\/uploads\/2022\/12\/Maccaferri-BIM-Objects.png 1121w\" sizes=\"(max-width: 1024px) 100vw, 1024px\" \/><\/figure>\n\n<p><\/p><\/div>\n\n<div class=\"wp-block-column is-layout-flow wp-block-column-is-layout-flow\"><p class=\"has-medium-font-size\"><strong>Building Information Modeling<\/strong> (BIM) is an intelligent 3D model-based process. An <strong>amazing new tool<\/strong> for engineering and construction professionals.<\/p>\n\n<p class=\"has-medium-font-size\">Maccaferri is committed to promoting <strong>collaboration between industry stakeholders<\/strong> throughout a project&#8217;s life cycle.<\/p>\n\n<p class=\"has-medium-font-size\">With this objective in mind, we make <strong>our solutions available <\/strong>also as Building Information Model Objects, encouraging the adoption of BIM technology to improve design and construction processes, and preventing on-site operation inaccuracies. <\/p><\/div><\/div><\/div><\/div><\/div><div class=\"wp-block-columns is-layout-flex wp-container-core-columns-is-layout-9d6595d7 wp-block-columns-is-layout-flex\"><div class=\"wp-block-column is-layout-flow wp-block-column-is-layout-flow\"><div class=\"wp-block-mac-container-block box-container\"><div class=\"wp-block-columns is-layout-flex wp-container-core-columns-is-layout-9d6595d7 wp-block-columns-is-layout-flex\"><div class=\"wp-block-column is-layout-flow wp-block-column-is-layout-flow\"><div class=\"wp-block-mac-banner-title-cta  box-container block-cta\" style=\"background:#015E6F\"><div class=\"container box-container\"><div class=\"row\"><div class=\"col-2 col-sm-2 col-md-2 col-lg-2 col-xl-2 col-xxl-2\"><div class=\"box-image\"><img decoding=\"async\" class=\"image\" src=\"https:\/\/www.maccaferri.com\/tr\/wp-content\/uploads\/sites\/34\/2022\/11\/img-banner-software.png\" alt=\"Image\"\/><\/div><\/div><div class=\"col-7 col-sm-7 col-md-7 col-lg-7 col-xl-7 col-xxl-7\"><div class=\"banner-box-txt\" style=\"text-align:default\"><h4 class=\"title\">USE OUR BIM OBJECTS TO DESIGN THE FUTURE<\/h4><\/div><\/div><div class=\"col-3 col-sm-3 col-md-3 col-lg-3 col-xl-3 col-xxl-3\"><div class=\"button-box-txt\"><a href=\"https:\/\/www.maccaferri.com\/tr\/bim-objects-library\" target=\"_blank\" class=\"buttonurl\" rel=\"noopener\"><span class=\"buttontext\">go to the library<\/span><\/a><\/div><\/div><\/div><\/div><\/div><\/div><\/div><\/div><\/div><\/div>","protected":false},"excerpt":{"rendered":"","protected":false},"author":1,"featured_media":0,"parent":0,"menu_order":0,"comment_status":"closed","ping_status":"closed","template":"","meta":{"_acf_changed":false,"_joinchat":[],"footnotes":""},"class_list":["post-1398","page","type-page","status-publish","hentry"],"acf":{"uuid_products":"","product-documents":""},"yoast_head":"<!-- This site is optimized with the Yoast SEO Premium plugin v27.0 (Yoast SEO v27.0) - https:\/\/yoast.com\/product\/yoast-seo-premium-wordpress\/ -->\n<title>Inovasyon - Maccaferri T\u00fcrkiye<\/title>\n<meta name=\"description\" content=\"Inovasyon MACCAFERRI \u00d6ZEL YAZILIMLAR Lider enstit\u00fc ve \u00fcniversitelerle yap\u0131lan ortakl\u0131kla geli\u015ftirilmi\u015f olan d\u00fcnya \u00e7ap\u0131nda kabul g\u00f6rm\u00fc\u015f kullan\u0131c\u0131 dostu\" \/>\n<meta name=\"robots\" content=\"index, follow, max-snippet:-1, max-image-preview:large, max-video-preview:-1\" \/>\n<link rel=\"canonical\" href=\"https:\/\/www.maccaferri.com\/tr\/inovasyon\/\" \/>\n<meta property=\"og:locale\" content=\"tr_TR\" \/>\n<meta property=\"og:type\" content=\"article\" \/>\n<meta property=\"og:title\" content=\"Inovasyon - Maccaferri T\u00fcrkiye\" \/>\n<meta property=\"og:description\" content=\"Inovasyon MACCAFERRI \u00d6ZEL YAZILIMLAR Lider enstit\u00fc ve \u00fcniversitelerle yap\u0131lan ortakl\u0131kla geli\u015ftirilmi\u015f olan d\u00fcnya \u00e7ap\u0131nda kabul g\u00f6rm\u00fc\u015f kullan\u0131c\u0131 dostu\" \/>\n<meta property=\"og:url\" content=\"https:\/\/www.maccaferri.com\/tr\/inovasyon\/\" \/>\n<meta property=\"og:site_name\" content=\"Maccaferri T\u00fcrkiye\" \/>\n<meta property=\"article:modified_time\" content=\"2023-04-20T09:13:47+00:00\" \/>\n<meta property=\"og:image\" content=\"https:\/\/www.maccaferri.com\/tr\/wp-content\/uploads\/sites\/34\/2022\/12\/Adv-2-1.jpg\" \/>\n<meta name=\"twitter:card\" content=\"summary_large_image\" \/>\n<meta name=\"twitter:label1\" content=\"Est. reading time\" \/>\n\t<meta name=\"twitter:data1\" content=\"3 minutes\" \/>\n<script type=\"application\/ld+json\" class=\"yoast-schema-graph\">{\"@context\":\"https:\/\/schema.org\",\"@graph\":[{\"@type\":\"WebPage\",\"@id\":\"https:\/\/www.maccaferri.com\/tr\/inovasyon\/\",\"url\":\"https:\/\/www.maccaferri.com\/tr\/inovasyon\/\",\"name\":\"Inovasyon - Maccaferri T\u00fcrkiye\",\"isPartOf\":{\"@id\":\"https:\/\/www.maccaferri.com\/tr\/#website\"},\"primaryImageOfPage\":{\"@id\":\"https:\/\/www.maccaferri.com\/tr\/inovasyon\/#primaryimage\"},\"image\":{\"@id\":\"https:\/\/www.maccaferri.com\/tr\/inovasyon\/#primaryimage\"},\"thumbnailUrl\":\"https:\/\/www.maccaferri.com\/tr\/wp-content\/uploads\/sites\/34\/2022\/12\/Adv-2-1.jpg\",\"datePublished\":\"2022-07-29T09:40:29+00:00\",\"dateModified\":\"2023-04-20T09:13:47+00:00\",\"description\":\"Inovasyon MACCAFERRI \u00d6ZEL YAZILIMLAR Lider enstit\u00fc ve \u00fcniversitelerle yap\u0131lan ortakl\u0131kla geli\u015ftirilmi\u015f olan d\u00fcnya \u00e7ap\u0131nda kabul g\u00f6rm\u00fc\u015f kullan\u0131c\u0131 dostu\",\"inLanguage\":\"tr-TR\",\"potentialAction\":[{\"@type\":\"ReadAction\",\"target\":[\"https:\/\/www.maccaferri.com\/tr\/inovasyon\/\"]}]},{\"@type\":\"ImageObject\",\"inLanguage\":\"tr-TR\",\"@id\":\"https:\/\/www.maccaferri.com\/tr\/inovasyon\/#primaryimage\",\"url\":\"https:\/\/www.maccaferri.com\/tr\/wp-content\/uploads\/sites\/34\/2022\/12\/Adv-2-1.jpg\",\"contentUrl\":\"https:\/\/www.maccaferri.com\/tr\/wp-content\/uploads\/sites\/34\/2022\/12\/Adv-2-1.jpg\"},{\"@type\":\"WebSite\",\"@id\":\"https:\/\/www.maccaferri.com\/tr\/#website\",\"url\":\"https:\/\/www.maccaferri.com\/tr\/\",\"name\":\"Maccaferri T\u00fcrkiye\",\"description\":\"\",\"publisher\":{\"@id\":\"https:\/\/www.maccaferri.com\/tr\/#organization\"},\"potentialAction\":[{\"@type\":\"SearchAction\",\"target\":{\"@type\":\"EntryPoint\",\"urlTemplate\":\"https:\/\/www.maccaferri.com\/tr\/?s={search_term_string}\"},\"query-input\":{\"@type\":\"PropertyValueSpecification\",\"valueRequired\":true,\"valueName\":\"search_term_string\"}}],\"inLanguage\":\"tr-TR\"},{\"@type\":\"Organization\",\"@id\":\"https:\/\/www.maccaferri.com\/tr\/#organization\",\"name\":\"Maccaferri T\u00fcrkiye\",\"url\":\"https:\/\/www.maccaferri.com\/tr\/\",\"logo\":{\"@type\":\"ImageObject\",\"inLanguage\":\"tr-TR\",\"@id\":\"https:\/\/www.maccaferri.com\/tr\/#\/schema\/logo\/image\/\",\"url\":\"https:\/\/www.maccaferri.com\/tr\/wp-content\/uploads\/2022\/07\/logo-maccaferri.png\",\"contentUrl\":\"https:\/\/www.maccaferri.com\/tr\/wp-content\/uploads\/2022\/07\/logo-maccaferri.png\",\"width\":152,\"height\":32,\"caption\":\"Maccaferri T\u00fcrkiye\"},\"image\":{\"@id\":\"https:\/\/www.maccaferri.com\/tr\/#\/schema\/logo\/image\/\"}}]}<\/script>\n<!-- \/ Yoast SEO Premium plugin. -->","yoast_head_json":{"title":"Inovasyon - Maccaferri T\u00fcrkiye","description":"Inovasyon MACCAFERRI \u00d6ZEL YAZILIMLAR Lider enstit\u00fc ve \u00fcniversitelerle yap\u0131lan ortakl\u0131kla geli\u015ftirilmi\u015f olan d\u00fcnya \u00e7ap\u0131nda kabul g\u00f6rm\u00fc\u015f kullan\u0131c\u0131 dostu","robots":{"index":"index","follow":"follow","max-snippet":"max-snippet:-1","max-image-preview":"max-image-preview:large","max-video-preview":"max-video-preview:-1"},"canonical":"https:\/\/www.maccaferri.com\/tr\/inovasyon\/","og_locale":"tr_TR","og_type":"article","og_title":"Inovasyon - Maccaferri T\u00fcrkiye","og_description":"Inovasyon MACCAFERRI \u00d6ZEL YAZILIMLAR Lider enstit\u00fc ve \u00fcniversitelerle yap\u0131lan ortakl\u0131kla geli\u015ftirilmi\u015f olan d\u00fcnya \u00e7ap\u0131nda kabul g\u00f6rm\u00fc\u015f kullan\u0131c\u0131 dostu","og_url":"https:\/\/www.maccaferri.com\/tr\/inovasyon\/","og_site_name":"Maccaferri T\u00fcrkiye","article_modified_time":"2023-04-20T09:13:47+00:00","og_image":[{"url":"https:\/\/www.maccaferri.com\/tr\/wp-content\/uploads\/sites\/34\/2022\/12\/Adv-2-1.jpg","type":"","width":"","height":""}],"twitter_card":"summary_large_image","twitter_misc":{"Est. reading time":"3 minutes"},"schema":{"@context":"https:\/\/schema.org","@graph":[{"@type":"WebPage","@id":"https:\/\/www.maccaferri.com\/tr\/inovasyon\/","url":"https:\/\/www.maccaferri.com\/tr\/inovasyon\/","name":"Inovasyon - Maccaferri T\u00fcrkiye","isPartOf":{"@id":"https:\/\/www.maccaferri.com\/tr\/#website"},"primaryImageOfPage":{"@id":"https:\/\/www.maccaferri.com\/tr\/inovasyon\/#primaryimage"},"image":{"@id":"https:\/\/www.maccaferri.com\/tr\/inovasyon\/#primaryimage"},"thumbnailUrl":"https:\/\/www.maccaferri.com\/tr\/wp-content\/uploads\/sites\/34\/2022\/12\/Adv-2-1.jpg","datePublished":"2022-07-29T09:40:29+00:00","dateModified":"2023-04-20T09:13:47+00:00","description":"Inovasyon MACCAFERRI \u00d6ZEL YAZILIMLAR Lider enstit\u00fc ve \u00fcniversitelerle yap\u0131lan ortakl\u0131kla geli\u015ftirilmi\u015f olan d\u00fcnya \u00e7ap\u0131nda kabul g\u00f6rm\u00fc\u015f kullan\u0131c\u0131 dostu","inLanguage":"tr-TR","potentialAction":[{"@type":"ReadAction","target":["https:\/\/www.maccaferri.com\/tr\/inovasyon\/"]}]},{"@type":"ImageObject","inLanguage":"tr-TR","@id":"https:\/\/www.maccaferri.com\/tr\/inovasyon\/#primaryimage","url":"https:\/\/www.maccaferri.com\/tr\/wp-content\/uploads\/sites\/34\/2022\/12\/Adv-2-1.jpg","contentUrl":"https:\/\/www.maccaferri.com\/tr\/wp-content\/uploads\/sites\/34\/2022\/12\/Adv-2-1.jpg"},{"@type":"WebSite","@id":"https:\/\/www.maccaferri.com\/tr\/#website","url":"https:\/\/www.maccaferri.com\/tr\/","name":"Maccaferri T\u00fcrkiye","description":"","publisher":{"@id":"https:\/\/www.maccaferri.com\/tr\/#organization"},"potentialAction":[{"@type":"SearchAction","target":{"@type":"EntryPoint","urlTemplate":"https:\/\/www.maccaferri.com\/tr\/?s={search_term_string}"},"query-input":{"@type":"PropertyValueSpecification","valueRequired":true,"valueName":"search_term_string"}}],"inLanguage":"tr-TR"},{"@type":"Organization","@id":"https:\/\/www.maccaferri.com\/tr\/#organization","name":"Maccaferri T\u00fcrkiye","url":"https:\/\/www.maccaferri.com\/tr\/","logo":{"@type":"ImageObject","inLanguage":"tr-TR","@id":"https:\/\/www.maccaferri.com\/tr\/#\/schema\/logo\/image\/","url":"https:\/\/www.maccaferri.com\/tr\/wp-content\/uploads\/2022\/07\/logo-maccaferri.png","contentUrl":"https:\/\/www.maccaferri.com\/tr\/wp-content\/uploads\/2022\/07\/logo-maccaferri.png","width":152,"height":32,"caption":"Maccaferri T\u00fcrkiye"},"image":{"@id":"https:\/\/www.maccaferri.com\/tr\/#\/schema\/logo\/image\/"}}]}},"_links":{"self":[{"href":"https:\/\/www.maccaferri.com\/tr\/wp-json\/wp\/v2\/pages\/1398","targetHints":{"allow":["GET"]}}],"collection":[{"href":"https:\/\/www.maccaferri.com\/tr\/wp-json\/wp\/v2\/pages"}],"about":[{"href":"https:\/\/www.maccaferri.com\/tr\/wp-json\/wp\/v2\/types\/page"}],"author":[{"embeddable":true,"href":"https:\/\/www.maccaferri.com\/tr\/wp-json\/wp\/v2\/users\/1"}],"replies":[{"embeddable":true,"href":"https:\/\/www.maccaferri.com\/tr\/wp-json\/wp\/v2\/comments?post=1398"}],"version-history":[{"count":47,"href":"https:\/\/www.maccaferri.com\/tr\/wp-json\/wp\/v2\/pages\/1398\/revisions"}],"predecessor-version":[{"id":12787,"href":"https:\/\/www.maccaferri.com\/tr\/wp-json\/wp\/v2\/pages\/1398\/revisions\/12787"}],"wp:attachment":[{"href":"https:\/\/www.maccaferri.com\/tr\/wp-json\/wp\/v2\/media?parent=1398"}],"curies":[{"name":"wp","href":"https:\/\/api.w.org\/{rel}","templated":true}]}}