{"id":1375,"date":"2022-07-28T15:26:58","date_gmt":"2022-07-28T13:26:58","guid":{"rendered":"https:\/\/www.maccaferri.com\/tr\/?page_id=1375"},"modified":"2023-06-01T17:31:14","modified_gmt":"2023-06-01T15:31:14","slug":"surdurulebilirlik","status":"publish","type":"page","link":"https:\/\/www.maccaferri.com\/tr\/surdurulebilirlik\/","title":{"rendered":"S\u00fcrd\u00fcr\u00fclebilirlik"},"content":{"rendered":"<div class=\"wp-block-mac-h1-title-hero-block container-fluid block-txt-container\" style=\"background:linear-gradient(180deg,rgb(1,94,111) 0%,rgb(0,72,87) 100%)\"><div class=\"row\"><div class=\"col\"><div class=\"gts__picture\"><img decoding=\"async\" src=\"https:\/\/www.maccaferri.com\/tr\/wp-content\/uploads\/sites\/34\/2022\/12\/Sustainability_Gabion_3.jpg\" style=\"display:none\"\/><div class=\"gts__picture__image\" style=\"background-image:url(https:\/\/www.maccaferri.com\/tr\/wp-content\/uploads\/sites\/34\/2022\/12\/Sustainability_Gabion_3.jpg)\"><\/div><\/div><div class=\"container box-container\"><div class=\"row\"><div class=\"col title-box-txt\"><h1 class=\"wp-block-mac-h1-title-hero-block\" style=\"color:#ffffff;text-align:none\">S\u00fcrd\u00fcr\u00fclebilirlik<\/h1><\/div><\/div><\/div><\/div><\/div><\/div><div class=\"wp-block-mac-container-block box-container\"><div class=\"wp-block-columns is-layout-flex wp-container-core-columns-is-layout-9d6595d7 wp-block-columns-is-layout-flex\"><div class=\"wp-block-column is-layout-flow wp-block-column-is-layout-flow\"><div style=\"height:100px\" aria-hidden=\"true\" class=\"wp-block-spacer\"><\/div>\n\n<p class=\"has-medium-font-size\">\u00c7evresel, ekonomik ve sosyal a\u00e7\u0131lar\u0131 b\u00fct\u00fcnsel bir yakla\u015f\u0131mla ele almaya fazlas\u0131yla ba\u011fl\u0131y\u0131z. Ger\u00e7ekten de bir projenin t\u00fcm ya\u015fam d\u00f6ng\u00fcs\u00fc boyunca s\u00fcrd\u00fcr\u00fclebilir yakla\u015f\u0131mlar ve \u00e7\u00f6z\u00fcmlerin benimsenmesine kesin olarak inan\u0131yoruz.<\/p>\n\n<p class=\"has-medium-font-size\">\u00dcretim ve yap\u0131m a\u015famalar\u0131ndan ge\u00e7en bir m\u00fchendislik sisteminin tasar\u0131m a\u015famas\u0131ndan i\u015fletmeden al\u0131nmaya kadar: t\u00fcm m\u00fchendislik \u00e7\u00f6z\u00fcmlerimiz \u00fcr\u00fcn\u00fcn \u00f6tesine ge\u00e7en uzun vadeli faydalar olu\u015fturmay\u0131 hedeflemektedir.<\/p><\/div><\/div><\/div><figure class=\"wp-block-image aligncenter size-full\"><img decoding=\"async\" src=\"https:\/\/www.maccaferri.com\/tr\/wp-content\/uploads\/sites\/34\/2022\/09\/test-img-cta-right.png\" alt=\"\" class=\"wp-image-1986\"\/><\/figure><p><\/p><div class=\"wp-block-mac-h2-title-block block-txt-container box-container\"><div class=\"row\"><div class=\"col title-box-txt\"><h2 style=\"color:#212429;text-align:center\">S\u00fcrd\u00fcr\u00fclebilir Kalk\u0131nma Hedefleri (SKH)<\/h2><\/div><\/div><\/div><div class=\"wp-block-mac-container-block box-container\"><div class=\"wp-block-columns is-layout-flex wp-container-core-columns-is-layout-9d6595d7 wp-block-columns-is-layout-flex\"><div class=\"wp-block-column is-layout-flow wp-block-column-is-layout-flow\"><div class=\"wp-block-mac-h5-txt-paragraph-block block-txt-container box-container\"><div class=\"row\"><div class=\"col paragraph-box-txt\"><h5 class=\"wp-block-mac-h5-txt-paragraph-block\" style=\"color:#212429;text-align:none\">SKH\u2019lar BM taraf\u0131ndan acil eylem \u00e7a\u011fr\u0131s\u0131 olarak belirlenmi\u015ftir: biz bu zorlu\u011fu kabullenerek kendimizi bu zorluklar\u0131n \u00fcstesinden birer birer, ad\u0131m ad\u0131m gelmeye kendimizi adad\u0131k.<\/h5><\/div><\/div><\/div><\/div><\/div><\/div><div class=\"wp-block-mac-container-block box-container\"><div class=\"wp-block-columns is-layout-flex wp-container-core-columns-is-layout-9d6595d7 wp-block-columns-is-layout-flex\"><div class=\"wp-block-column is-layout-flow wp-block-column-is-layout-flow\"><p>Kurum ve yetkili mercilerin yan\u0131 s\u0131ra i\u015fletmelerden de BM S\u00fcrd\u00fcr\u00fclebilir Kalk\u0131nma i\u00e7in 2030 G\u00fcndemi kapsam\u0131nda belirlenmi\u015f hedeflerle uyumlu halk ve \u00e7evre sa\u011fl\u0131\u011f\u0131 ve g\u00fcvenli\u011fini koruyan s\u00fcrd\u00fcr\u00fclebilir \u00e7\u00f6z\u00fcmler geli\u015ftirmeleri istenmi\u015ftir.<\/p>\n\n<p>2030 G\u00fcndemi, 2030 y\u0131l\u0131na kadar ula\u015f\u0131lmas\u0131 d\u00fc\u015f\u00fcn\u00fclen daha geni\u015f kapsaml\u0131 169 ili\u015fkili \u00e7evresel, ekonomik, sosyal ve kurumsal hedef plan\u0131 alt\u0131nda \u00e7er\u00e7evelenmi\u015f 17 S\u00fcrd\u00fcr\u00fclebilir Kalk\u0131nma Hedefi (SKH) i\u00e7ermektedir.<\/p>\n\n<p>2030 G\u00fcndeminin imzalanmas\u0131ndan yedi y\u0131l sonra sivil toplumda, kurumsal d\u00fcnyada ve h\u00fck\u00fcmetler i\u00e7inde entegre yakla\u015f\u0131m\u0131 benimseyerek b\u00fcy\u00fck sosyoekonomik de\u011fi\u015fim ile birden fazla ve karma\u015f\u0131k \u00e7evresel ve kurumsal zorluklar\u0131 ele alacak somut tedbirler alma ihtiyac\u0131na ait artan fark\u0131ndal\u0131k vard\u0131r. Bir\u00e7ok i\u015fletme stratejik ve i\u015f planlamas\u0131na s\u00fcrd\u00fcr\u00fclebilirlik ilkesini entegre ederek 2030 G\u00fcndemini ele alm\u0131\u015ft\u0131r.<\/p>\n\n<p>BM bu SKH\u2019lar\u0131 acil eylem \u00e7a\u011fr\u0131s\u0131 olarak tan\u0131mlarken \u00e7evresel s\u00fcrd\u00fcr\u00fclebilirli\u011fi vizyonunun dayana\u011f\u0131 yapan Maccaferri enerjisini iklim de\u011fi\u015fikli\u011fiyle m\u00fccadele ve \u00e7evresel ekosistemin korunmas\u0131na y\u00f6nelik hedefler \u00fczerinde toplayarak gecikmeden yan\u0131t vermi\u015ftir.<\/p>\n\n<div style=\"height:100px\" aria-hidden=\"true\" class=\"wp-block-spacer\"><\/div><\/div><\/div><\/div><div class=\"wp-block-mac-container-block box-container\"><div class=\"wp-block-columns is-layout-flex wp-container-core-columns-is-layout-9d6595d7 wp-block-columns-is-layout-flex\"><div class=\"wp-block-column is-layout-flow wp-block-column-is-layout-flow\" style=\"flex-basis:33.33%\"><figure class=\"wp-block-image size-full\"><img fetchpriority=\"high\" decoding=\"async\" width=\"598\" height=\"491\" src=\"https:\/\/www.maccaferri.com\/tr\/wp-content\/uploads\/sites\/34\/2022\/12\/sdg-1.png\" alt=\"\" class=\"wp-image-3101\" srcset=\"https:\/\/www.maccaferri.com\/tr\/wp-content\/uploads\/2022\/12\/sdg-1.png 598w, https:\/\/www.maccaferri.com\/tr\/wp-content\/uploads\/2022\/12\/sdg-1-300x246.png 300w\" sizes=\"(max-width: 598px) 100vw, 598px\" \/><\/figure><\/div>\n\n<div class=\"wp-block-column is-layout-flow wp-block-column-is-layout-flow\" style=\"flex-basis:66.66%\"><figure class=\"wp-block-image size-full\"><img decoding=\"async\" width=\"743\" height=\"376\" src=\"https:\/\/www.maccaferri.com\/tr\/wp-content\/uploads\/sites\/34\/2022\/12\/sdg2.png\" alt=\"\" class=\"wp-image-3104\" srcset=\"https:\/\/www.maccaferri.com\/tr\/wp-content\/uploads\/2022\/12\/sdg2.png 743w, https:\/\/www.maccaferri.com\/tr\/wp-content\/uploads\/2022\/12\/sdg2-300x152.png 300w\" sizes=\"(max-width: 743px) 100vw, 743px\" \/><\/figure><\/div><\/div><\/div><div style=\"height:100px\" aria-hidden=\"true\" class=\"wp-block-spacer\"><\/div><div class=\"wp-block-mac-h2-title-bold-block block-txt-container box-container\"><div class=\"row\"><div class=\"col title-box-txt\"><h2 style=\"color:#004857;text-align:center\">TAAHH\u00dcD\u00dcM\u00dcZ<\/h2><\/div><\/div><\/div><div class=\"wp-block-mac-block-left-description-right-image container-media box-container\"><div class=\"row\"><div class=\"col-12 col-lg-6 col-xl-6 col-xxl-6 title-box-txt order-lg-first order-last\" style=\"text-align:default\"><p class=\"description\" style=\"color:#212429\"><strong>TEMIZ ENERJININ BENIMSENMESINI TE\u015eVIK ETMEK<\/strong><br><br>Uygun fiyatl\u0131 ve temiz enerjiye eri\u015fimi te\u015fvik eden \u00e7\u00f6z\u00fcmler geli\u015ftiriyoruz.<br><br>Ye\u015fil enerjinin k\u00fcresel enerji kar\u0131\u015f\u0131m\u0131ndaki pay\u0131n\u0131 en \u00fcst d\u00fczeye \u00e7\u0131karmak i\u00e7in yetkililerle ortakla\u015fa \u00e7al\u0131\u015f\u0131yoruz.<\/p><\/div><div class=\"col-12 col-lg-6 col-xl-6 col-xxl-6\"><div class=\"box-image\"><img decoding=\"async\" class=\"image\" src=\"https:\/\/www.maccaferri.com\/tr\/wp-content\/uploads\/2023\/06\/SDG-Foto-7-2-min-14.png\" alt=\"Image\"\/><\/div><\/div><\/div><\/div><div class=\"wp-block-mac-block-left-image-right-description container-media box-container\"><div class=\"row\"><div class=\"col-12 col-lg-6 col-xl-6 col-xxl-6\"><div class=\"box-image\"><img decoding=\"async\" class=\"image\" src=\"https:\/\/www.maccaferri.com\/tr\/wp-content\/uploads\/2023\/06\/SDG-Foto-8-1-14.png\" alt=\"Image\"\/><\/div><\/div><div class=\"col-12 col-lg-6 col-xl-6 col-xxl-6 title-box-txt\" style=\"text-align:default\"><p class=\"description\" style=\"color:#212429\"><strong>YEREL TOPLULUKLARIN KATILIMI<\/strong><br><strong><br><\/strong>Kapsay\u0131c\u0131 b\u00fcy\u00fcmeyi te\u015fvik ediyor, herhangi bir \u00f6zel e\u011fitim almadan yerel insan g\u00fcc\u00fc taraf\u0131ndan kolayca kurulabilecek \u00e7\u00f6z\u00fcmler geli\u015ftiriyoruz.<br><br>Bir\u00e7ok toplum artan say\u0131da do\u011fal afet olay\u0131ndan muzdarip, bu nedenle m\u00fcdahale etmek ve <strong>ekonomilerini eski haline<\/strong> getirmek i\u00e7in h\u0131zl\u0131 ve etkili \u00f6nlemler \u00fczerinde \u00e7al\u0131\u015f\u0131yoruz.<\/p><\/div><\/div><\/div><div class=\"wp-block-mac-block-left-description-right-image container-media box-container\"><div class=\"row\"><div class=\"col-12 col-lg-6 col-xl-6 col-xxl-6 title-box-txt order-lg-first order-last\" style=\"text-align:default\"><p class=\"description\" style=\"color:#212429\"><strong>YENILIK\u00c7ILI\u011eI TE\u015eVIK ETMEK<\/strong><br><br>Bir yap\u0131n\u0131n uzun vadeli ekonomik ve \u00e7evresel etkilerini tasar\u0131m faaliyetinin merkezine koymak i\u00e7in <strong>s\u00fcrekli iyile\u015ftirmeyi<\/strong> te\u015fvik ediyoruz.<br><br>Tasar\u0131m s\u00fcrecimiz, test kampanyalar\u0131na ve \u00e7\u00f6z\u00fcmlerimizin <strong>performans de\u011ferlendirmesine<\/strong> y\u00f6nelik yat\u0131r\u0131mlara odaklanmaktad\u0131r.<\/p><\/div><div class=\"col-12 col-lg-6 col-xl-6 col-xxl-6\"><div class=\"box-image\"><img decoding=\"async\" class=\"image\" src=\"https:\/\/www.maccaferri.com\/tr\/wp-content\/uploads\/2023\/06\/SDG-Foto-9-1-min-14.png\" alt=\"Image\"\/><\/div><\/div><\/div><\/div><div class=\"wp-block-mac-block-left-image-right-description container-media box-container\"><div class=\"row\"><div class=\"col-12 col-lg-6 col-xl-6 col-xxl-6\"><div class=\"box-image\"><img decoding=\"async\" class=\"image\" src=\"https:\/\/www.maccaferri.com\/tr\/wp-content\/uploads\/2023\/06\/SDG-Foto-11-1-min-14.png\" alt=\"Image\"\/><\/div><\/div><div class=\"col-12 col-lg-6 col-xl-6 col-xxl-6 title-box-txt\" style=\"text-align:default\"><p class=\"description\" style=\"color:#212429\"><strong>INSANLARIN G\u00dcVENLI\u011eI VE VARLIKLARIN KORUNMASI<\/strong><br><strong><br><\/strong>Kar\u015f\u0131la\u015ft\u0131\u011f\u0131m\u0131z her bir g\u00fcvenlik sorunu i\u00e7in \u00f6zelle\u015ftirilmi\u015f \u00f6z\u00fcmler geli\u015ftirmek, <strong>riskleri en aza indirmemizi<\/strong> sa\u011flar.<br><br>\u0130nsanlar, tarihi ve k\u00fclt\u00fcrel miras ve altyap\u0131 korunmal\u0131d\u0131r.<\/p><\/div><\/div><\/div><div class=\"wp-block-mac-block-left-description-right-image container-media box-container\"><div class=\"row\"><div class=\"col-12 col-lg-6 col-xl-6 col-xxl-6 title-box-txt order-lg-first order-last\" style=\"text-align:default\"><p class=\"description\" style=\"color:#212429\"><strong>SORUMLU TASARIM VE \u00dcRETI\u0307M<\/strong><br><br>Tasar\u0131m optimizasyonu yoluyla, kaynaklar\u0131 korumak ve israf\u0131 \u00f6nlemek i\u00e7in s\u00fcrd\u00fcr\u00fclebilir malzeme y\u00f6netimini te\u015fvik ediyoruz.&nbsp; Ba\u015far\u0131lar\u0131m\u0131z malzemelerin <strong>azalt\u0131lmas\u0131n\u0131, yeniden kullan\u0131lmas\u0131n\u0131 ve geri d\u00f6n\u00fc\u015ft\u00fcr\u00fclmesini <\/strong>i\u00e7ermektedir.<br><br>Ayr\u0131ca, <strong>\u015feffafl\u0131\u011f\u0131 <\/strong>taahh\u00fct ediyor, objektif, g\u00fcvenilir ve ya\u015fam d\u00f6ng\u00fcs\u00fc hakk\u0131nda kar\u015f\u0131la\u015ft\u0131r\u0131labilir bilgiler \u00fcr\u00fcnlerimizin \u00e7evresel etkileri.<br><a href=\"https:\/\/www.maccaferri.com\/epd-certification\" target=\"_blank\" rel=\"noreferrer noopener\">Daha fazla bilgi &gt;&gt;&gt;<\/a><\/p><\/div><div class=\"col-12 col-lg-6 col-xl-6 col-xxl-6\"><div class=\"box-image\"><img decoding=\"async\" class=\"image\" src=\"https:\/\/www.maccaferri.com\/tr\/wp-content\/uploads\/2023\/06\/SDG-Foto-12-1-min-14.png\" alt=\"Image\"\/><\/div><\/div><\/div><\/div><div class=\"wp-block-mac-block-left-image-right-description container-media box-container\"><div class=\"row\"><div class=\"col-12 col-lg-6 col-xl-6 col-xxl-6\"><div class=\"box-image\"><img decoding=\"async\" class=\"image\" src=\"https:\/\/www.maccaferri.com\/tr\/wp-content\/uploads\/2023\/06\/SDG-Foto-13-11-1-14.png\" alt=\"Image\"\/><\/div><\/div><div class=\"col-12 col-lg-6 col-xl-6 col-xxl-6 title-box-txt\" style=\"text-align:default\"><p class=\"description\" style=\"color:#212429\"><strong>DO\u011eAL \u00c7EVREYE ENTEGRASYON<\/strong><br><strong><br>M\u00fchendislik yap\u0131lar\u0131m\u0131z\u0131n doalla\u015ft\u0131r\u0131lmas\u0131n\u0131<\/strong> \u00f6nemsiyor ve tasar\u0131m a\u015famas\u0131nda bitki \u00f6rt\u00fcs\u00fc ve bitkilendirme tekniklerini entegre etmenin \u00e7\u00f6z\u00fcmlerimizin ekolojik bir de\u011feri oldu\u011funa inan\u0131yoruz.<br><br>Yap\u0131lar\u0131m\u0131z\u0131n genel esteti\u011fini iyile\u015ftirmek ve onlar\u0131 kentsel \u00e7evrelerimize daha iyi entegre etmek i\u00e7in \u00e7al\u0131\u015f\u0131yoruz.<\/p><\/div><\/div><\/div><h2 class=\"wp-block-heading\"> <\/h2><div class=\"wp-block-mac-block-left-description-right-image container-media box-container\"><div class=\"row\"><div class=\"col-12 col-lg-6 col-xl-6 col-xxl-6 title-box-txt order-lg-first order-last\" style=\"text-align:default\"><p class=\"description\" style=\"color:#212429\"><strong>BIYO\u00c7E\u015eITLILI\u011eE SAYGI DUYMAK VE GELI\u015eTIRMEK<\/strong><br><strong><br><\/strong>\u00c7\u00f6z\u00fcmlerimizin <strong>\u00e7evresel etkilerini azaltmaya<\/strong> ve teknik performans ile do\u011fal entegrasyon aras\u0131nda bir denge kurmaya \u00e7al\u0131\u015f\u0131yoruz.<br><br>Taahh\u00fctlerimizden biri de <strong>biyo\u00e7e\u015fitlili\u011fi art\u0131ran<\/strong>, farkl\u0131 t\u00fcrler i\u00e7in m\u00fckemmel ya\u015fam alanlar\u0131 sa\u011flayan ve ayn\u0131 zamanda vah\u015fi ya\u015fam\u0131n varl\u0131\u011f\u0131n\u0131 dikkate alan ve ona sayg\u0131 duyan \u00e7\u00f6z\u00fcmleri tercih etmektir.<\/p><\/div><div class=\"col-12 col-lg-6 col-xl-6 col-xxl-6\"><div class=\"box-image\"><img decoding=\"async\" class=\"image\" src=\"https:\/\/www.maccaferri.com\/tr\/wp-content\/uploads\/2023\/06\/SDG-Foto-14-15-1-min-14.png\" alt=\"Image\"\/><\/div><\/div><\/div><\/div><div style=\"height:100px\" aria-hidden=\"true\" class=\"wp-block-spacer\"><\/div><div class=\"wp-block-buttons is-content-justification-center is-layout-flex wp-container-core-buttons-is-layout-16018d1d wp-block-buttons-is-layout-flex\"><div class=\"wp-block-button\"><a class=\"wp-block-button__link\" href=\"https:\/\/www.maccaferri.com\/tr\/download\/maccaferri-sustainability-2022-2\" target=\"_blank\" rel=\"noreferrer noopener\">sunumun tamam\u0131n\u0131 indirin<\/a><\/div><\/div><div style=\"height:100px\" aria-hidden=\"true\" class=\"wp-block-spacer\"><\/div>","protected":false},"excerpt":{"rendered":"","protected":false},"author":1,"featured_media":0,"parent":0,"menu_order":0,"comment_status":"closed","ping_status":"closed","template":"","meta":{"_acf_changed":false,"_joinchat":[],"footnotes":""},"class_list":["post-1375","page","type-page","status-publish","hentry"],"acf":{"uuid_products":"","product-documents":""},"yoast_head":"<!-- This site is optimized with the Yoast SEO Premium plugin v27.0 (Yoast SEO v27.0) - https:\/\/yoast.com\/product\/yoast-seo-premium-wordpress\/ -->\n<title>S\u00fcrd\u00fcr\u00fclebilirlik - Maccaferri T\u00fcrkiye<\/title>\n<meta name=\"description\" content=\"S\u00fcrd\u00fcr\u00fclebilirlik \u00c7evresel, ekonomik ve sosyal a\u00e7\u0131lar\u0131 b\u00fct\u00fcnsel bir yakla\u015f\u0131mla ele almaya fazlas\u0131yla ba\u011fl\u0131y\u0131z. Ger\u00e7ekten de bir projenin t\u00fcm ya\u015fam d\u00f6ng\u00fcs\u00fc\" \/>\n<meta name=\"robots\" content=\"index, follow, max-snippet:-1, max-image-preview:large, max-video-preview:-1\" \/>\n<link rel=\"canonical\" href=\"https:\/\/www.maccaferri.com\/tr\/surdurulebilirlik\/\" \/>\n<meta property=\"og:locale\" content=\"tr_TR\" \/>\n<meta property=\"og:type\" content=\"article\" \/>\n<meta property=\"og:title\" content=\"S\u00fcrd\u00fcr\u00fclebilirlik - Maccaferri T\u00fcrkiye\" \/>\n<meta property=\"og:description\" content=\"S\u00fcrd\u00fcr\u00fclebilirlik \u00c7evresel, ekonomik ve sosyal a\u00e7\u0131lar\u0131 b\u00fct\u00fcnsel bir yakla\u015f\u0131mla ele almaya fazlas\u0131yla ba\u011fl\u0131y\u0131z. Ger\u00e7ekten de bir projenin t\u00fcm ya\u015fam d\u00f6ng\u00fcs\u00fc\" \/>\n<meta property=\"og:url\" content=\"https:\/\/www.maccaferri.com\/tr\/surdurulebilirlik\/\" \/>\n<meta property=\"og:site_name\" content=\"Maccaferri T\u00fcrkiye\" \/>\n<meta property=\"article:modified_time\" content=\"2023-06-01T15:31:14+00:00\" \/>\n<meta property=\"og:image\" content=\"https:\/\/www.maccaferri.com\/tr\/wp-content\/uploads\/sites\/34\/2022\/12\/Sustainability_Gabion_3.jpg\" \/>\n<meta name=\"twitter:card\" content=\"summary_large_image\" \/>\n<meta name=\"twitter:label1\" content=\"Est. reading time\" \/>\n\t<meta name=\"twitter:data1\" content=\"6 minutes\" \/>\n<script type=\"application\/ld+json\" class=\"yoast-schema-graph\">{\"@context\":\"https:\/\/schema.org\",\"@graph\":[{\"@type\":\"WebPage\",\"@id\":\"https:\/\/www.maccaferri.com\/tr\/surdurulebilirlik\/\",\"url\":\"https:\/\/www.maccaferri.com\/tr\/surdurulebilirlik\/\",\"name\":\"S\u00fcrd\u00fcr\u00fclebilirlik - Maccaferri T\u00fcrkiye\",\"isPartOf\":{\"@id\":\"https:\/\/www.maccaferri.com\/tr\/#website\"},\"primaryImageOfPage\":{\"@id\":\"https:\/\/www.maccaferri.com\/tr\/surdurulebilirlik\/#primaryimage\"},\"image\":{\"@id\":\"https:\/\/www.maccaferri.com\/tr\/surdurulebilirlik\/#primaryimage\"},\"thumbnailUrl\":\"https:\/\/www.maccaferri.com\/tr\/wp-content\/uploads\/sites\/34\/2022\/12\/Sustainability_Gabion_3.jpg\",\"datePublished\":\"2022-07-28T13:26:58+00:00\",\"dateModified\":\"2023-06-01T15:31:14+00:00\",\"description\":\"S\u00fcrd\u00fcr\u00fclebilirlik \u00c7evresel, ekonomik ve sosyal a\u00e7\u0131lar\u0131 b\u00fct\u00fcnsel bir yakla\u015f\u0131mla ele almaya fazlas\u0131yla ba\u011fl\u0131y\u0131z. Ger\u00e7ekten de bir projenin t\u00fcm ya\u015fam d\u00f6ng\u00fcs\u00fc\",\"inLanguage\":\"tr-TR\",\"potentialAction\":[{\"@type\":\"ReadAction\",\"target\":[\"https:\/\/www.maccaferri.com\/tr\/surdurulebilirlik\/\"]}]},{\"@type\":\"ImageObject\",\"inLanguage\":\"tr-TR\",\"@id\":\"https:\/\/www.maccaferri.com\/tr\/surdurulebilirlik\/#primaryimage\",\"url\":\"https:\/\/www.maccaferri.com\/tr\/wp-content\/uploads\/sites\/34\/2022\/12\/Sustainability_Gabion_3.jpg\",\"contentUrl\":\"https:\/\/www.maccaferri.com\/tr\/wp-content\/uploads\/sites\/34\/2022\/12\/Sustainability_Gabion_3.jpg\"},{\"@type\":\"WebSite\",\"@id\":\"https:\/\/www.maccaferri.com\/tr\/#website\",\"url\":\"https:\/\/www.maccaferri.com\/tr\/\",\"name\":\"Maccaferri T\u00fcrkiye\",\"description\":\"\",\"publisher\":{\"@id\":\"https:\/\/www.maccaferri.com\/tr\/#organization\"},\"potentialAction\":[{\"@type\":\"SearchAction\",\"target\":{\"@type\":\"EntryPoint\",\"urlTemplate\":\"https:\/\/www.maccaferri.com\/tr\/?s={search_term_string}\"},\"query-input\":{\"@type\":\"PropertyValueSpecification\",\"valueRequired\":true,\"valueName\":\"search_term_string\"}}],\"inLanguage\":\"tr-TR\"},{\"@type\":\"Organization\",\"@id\":\"https:\/\/www.maccaferri.com\/tr\/#organization\",\"name\":\"Maccaferri T\u00fcrkiye\",\"url\":\"https:\/\/www.maccaferri.com\/tr\/\",\"logo\":{\"@type\":\"ImageObject\",\"inLanguage\":\"tr-TR\",\"@id\":\"https:\/\/www.maccaferri.com\/tr\/#\/schema\/logo\/image\/\",\"url\":\"https:\/\/www.maccaferri.com\/tr\/wp-content\/uploads\/2022\/07\/logo-maccaferri.png\",\"contentUrl\":\"https:\/\/www.maccaferri.com\/tr\/wp-content\/uploads\/2022\/07\/logo-maccaferri.png\",\"width\":152,\"height\":32,\"caption\":\"Maccaferri T\u00fcrkiye\"},\"image\":{\"@id\":\"https:\/\/www.maccaferri.com\/tr\/#\/schema\/logo\/image\/\"}}]}<\/script>\n<!-- \/ Yoast SEO Premium plugin. -->","yoast_head_json":{"title":"S\u00fcrd\u00fcr\u00fclebilirlik - Maccaferri T\u00fcrkiye","description":"S\u00fcrd\u00fcr\u00fclebilirlik \u00c7evresel, ekonomik ve sosyal a\u00e7\u0131lar\u0131 b\u00fct\u00fcnsel bir yakla\u015f\u0131mla ele almaya fazlas\u0131yla ba\u011fl\u0131y\u0131z. Ger\u00e7ekten de bir projenin t\u00fcm ya\u015fam d\u00f6ng\u00fcs\u00fc","robots":{"index":"index","follow":"follow","max-snippet":"max-snippet:-1","max-image-preview":"max-image-preview:large","max-video-preview":"max-video-preview:-1"},"canonical":"https:\/\/www.maccaferri.com\/tr\/surdurulebilirlik\/","og_locale":"tr_TR","og_type":"article","og_title":"S\u00fcrd\u00fcr\u00fclebilirlik - Maccaferri T\u00fcrkiye","og_description":"S\u00fcrd\u00fcr\u00fclebilirlik \u00c7evresel, ekonomik ve sosyal a\u00e7\u0131lar\u0131 b\u00fct\u00fcnsel bir yakla\u015f\u0131mla ele almaya fazlas\u0131yla ba\u011fl\u0131y\u0131z. Ger\u00e7ekten de bir projenin t\u00fcm ya\u015fam d\u00f6ng\u00fcs\u00fc","og_url":"https:\/\/www.maccaferri.com\/tr\/surdurulebilirlik\/","og_site_name":"Maccaferri T\u00fcrkiye","article_modified_time":"2023-06-01T15:31:14+00:00","og_image":[{"url":"https:\/\/www.maccaferri.com\/tr\/wp-content\/uploads\/sites\/34\/2022\/12\/Sustainability_Gabion_3.jpg","type":"","width":"","height":""}],"twitter_card":"summary_large_image","twitter_misc":{"Est. reading time":"6 minutes"},"schema":{"@context":"https:\/\/schema.org","@graph":[{"@type":"WebPage","@id":"https:\/\/www.maccaferri.com\/tr\/surdurulebilirlik\/","url":"https:\/\/www.maccaferri.com\/tr\/surdurulebilirlik\/","name":"S\u00fcrd\u00fcr\u00fclebilirlik - Maccaferri T\u00fcrkiye","isPartOf":{"@id":"https:\/\/www.maccaferri.com\/tr\/#website"},"primaryImageOfPage":{"@id":"https:\/\/www.maccaferri.com\/tr\/surdurulebilirlik\/#primaryimage"},"image":{"@id":"https:\/\/www.maccaferri.com\/tr\/surdurulebilirlik\/#primaryimage"},"thumbnailUrl":"https:\/\/www.maccaferri.com\/tr\/wp-content\/uploads\/sites\/34\/2022\/12\/Sustainability_Gabion_3.jpg","datePublished":"2022-07-28T13:26:58+00:00","dateModified":"2023-06-01T15:31:14+00:00","description":"S\u00fcrd\u00fcr\u00fclebilirlik \u00c7evresel, ekonomik ve sosyal a\u00e7\u0131lar\u0131 b\u00fct\u00fcnsel bir yakla\u015f\u0131mla ele almaya fazlas\u0131yla ba\u011fl\u0131y\u0131z. Ger\u00e7ekten de bir projenin t\u00fcm ya\u015fam d\u00f6ng\u00fcs\u00fc","inLanguage":"tr-TR","potentialAction":[{"@type":"ReadAction","target":["https:\/\/www.maccaferri.com\/tr\/surdurulebilirlik\/"]}]},{"@type":"ImageObject","inLanguage":"tr-TR","@id":"https:\/\/www.maccaferri.com\/tr\/surdurulebilirlik\/#primaryimage","url":"https:\/\/www.maccaferri.com\/tr\/wp-content\/uploads\/sites\/34\/2022\/12\/Sustainability_Gabion_3.jpg","contentUrl":"https:\/\/www.maccaferri.com\/tr\/wp-content\/uploads\/sites\/34\/2022\/12\/Sustainability_Gabion_3.jpg"},{"@type":"WebSite","@id":"https:\/\/www.maccaferri.com\/tr\/#website","url":"https:\/\/www.maccaferri.com\/tr\/","name":"Maccaferri T\u00fcrkiye","description":"","publisher":{"@id":"https:\/\/www.maccaferri.com\/tr\/#organization"},"potentialAction":[{"@type":"SearchAction","target":{"@type":"EntryPoint","urlTemplate":"https:\/\/www.maccaferri.com\/tr\/?s={search_term_string}"},"query-input":{"@type":"PropertyValueSpecification","valueRequired":true,"valueName":"search_term_string"}}],"inLanguage":"tr-TR"},{"@type":"Organization","@id":"https:\/\/www.maccaferri.com\/tr\/#organization","name":"Maccaferri T\u00fcrkiye","url":"https:\/\/www.maccaferri.com\/tr\/","logo":{"@type":"ImageObject","inLanguage":"tr-TR","@id":"https:\/\/www.maccaferri.com\/tr\/#\/schema\/logo\/image\/","url":"https:\/\/www.maccaferri.com\/tr\/wp-content\/uploads\/2022\/07\/logo-maccaferri.png","contentUrl":"https:\/\/www.maccaferri.com\/tr\/wp-content\/uploads\/2022\/07\/logo-maccaferri.png","width":152,"height":32,"caption":"Maccaferri T\u00fcrkiye"},"image":{"@id":"https:\/\/www.maccaferri.com\/tr\/#\/schema\/logo\/image\/"}}]}},"_links":{"self":[{"href":"https:\/\/www.maccaferri.com\/tr\/wp-json\/wp\/v2\/pages\/1375","targetHints":{"allow":["GET"]}}],"collection":[{"href":"https:\/\/www.maccaferri.com\/tr\/wp-json\/wp\/v2\/pages"}],"about":[{"href":"https:\/\/www.maccaferri.com\/tr\/wp-json\/wp\/v2\/types\/page"}],"author":[{"embeddable":true,"href":"https:\/\/www.maccaferri.com\/tr\/wp-json\/wp\/v2\/users\/1"}],"replies":[{"embeddable":true,"href":"https:\/\/www.maccaferri.com\/tr\/wp-json\/wp\/v2\/comments?post=1375"}],"version-history":[{"count":42,"href":"https:\/\/www.maccaferri.com\/tr\/wp-json\/wp\/v2\/pages\/1375\/revisions"}],"predecessor-version":[{"id":22392,"href":"https:\/\/www.maccaferri.com\/tr\/wp-json\/wp\/v2\/pages\/1375\/revisions\/22392"}],"wp:attachment":[{"href":"https:\/\/www.maccaferri.com\/tr\/wp-json\/wp\/v2\/media?parent=1375"}],"curies":[{"name":"wp","href":"https:\/\/api.w.org\/{rel}","templated":true}]}}