{"id":84959,"date":"2023-11-28T16:43:23","date_gmt":"2023-11-28T15:43:23","guid":{"rendered":"https:\/\/www.maccaferri.com\/sk\/?page_id=84959"},"modified":"2025-05-28T15:00:07","modified_gmt":"2025-05-28T13:00:07","slug":"snow-avalanche-mitigation","status":"publish","type":"page","link":"https:\/\/www.maccaferri.com\/sk\/snow-avalanche-mitigation\/","title":{"rendered":"SNOW AVALANCHE MITIGATION"},"content":{"rendered":"<div class=\"wp-block-mac-slider-hero-block hero-slider\"><div id=\"hero13\" class=\"carousel slide\" data-bs-ride=\"true\"><ol class=\"carousel-indicators box-container\"><li data-bs-target=\"#hero13\" data-bs-slide-to=\"0\" class=\"active\"><\/li><\/ol><div class=\"carousel-inner\"><div class=\"carousel-item active\"><div class=\"hero\"><div class=\"gts__picture\"><img decoding=\"async\" src=\"https:\/\/www.maccaferri.com\/sk\/wp-content\/uploads\/2023\/11\/ama-dablam-2064522_1920.jpg\" style=\"display:none\"\/><div class=\"gts__picture__image\" style=\"background-image:url(https:\/\/www.maccaferri.com\/sk\/wp-content\/uploads\/2023\/11\/ama-dablam-2064522_1920.jpg)\"><\/div><\/div><div class=\"container box-container\"><div class=\"row\"><div class=\"col-12 col-lg-6 col-xl-6 col-xxl-6\"><p><span class=\"hero-index\" style=\"display:none\">0<\/span><\/p><h2 class=\"hero-text-container\"><span class=\"hero-text\">SNOW AVALANCHE PREVENTION<\/span><\/h2><a class=\"hero-buttonurl\" href=\"#download\"><span class=\"hero-buttontext\">Stiahnite si materi\u00e1ly tu<\/span><\/a><\/div><\/div><\/div><\/div><\/div><\/div><button class=\"carousel-control-prev\" href=\"#hero13\" type=\"button\" data-bs-slide=\"prev\"><span class=\"carousel-control-prev-icon\" aria-hidden=\"true\"><\/span><span class=\"visually-hidden\">Previous<\/span><\/button><button class=\"carousel-control-next\" href=\"#hero13\" type=\"button\" data-bs-slide=\"next\"><span class=\"carousel-control-next-icon\" aria-hidden=\"true\"><\/span><span class=\"visually-hidden\">Next<\/span><\/button><\/div><\/div><div style=\"height:30px\" aria-hidden=\"true\" class=\"wp-block-spacer\"><\/div><div style=\"height:50px\" aria-hidden=\"true\" class=\"wp-block-spacer\"><\/div><div class=\"wp-block-mac-h2-title-block block-txt-container box-container\"><div class=\"row\"><div class=\"col title-box-txt\"><h2 style=\"color:#212429;text-align:none\">OCHRANA VRCHOLU, DOK\u00c1ZAN\u00c1 INOV\u00c1CIA<\/h2><\/div><\/div><\/div><div style=\"height:20px\" aria-hidden=\"true\" class=\"wp-block-spacer\"><\/div><div class=\"wp-block-mac-container-block box-container\"><div class=\"wp-block-columns is-layout-flex wp-container-core-columns-is-layout-9d6595d7 wp-block-columns-is-layout-flex\"><div class=\"wp-block-column is-layout-flow wp-block-column-is-layout-flow\"><figure class=\"wp-block-image size-large\"><img fetchpriority=\"high\" decoding=\"async\" width=\"1024\" height=\"537\" src=\"https:\/\/www.maccaferri.com\/sk\/wp-content\/uploads\/2023\/11\/illustrazione_snow_valanga_consfondo-1024x537.jpg\" alt=\"\" class=\"wp-image-56269\" srcset=\"https:\/\/www.maccaferri.com\/sk\/wp-content\/uploads\/2023\/11\/illustrazione_snow_valanga_consfondo-1024x537.jpg 1024w, https:\/\/www.maccaferri.com\/sk\/wp-content\/uploads\/2023\/11\/illustrazione_snow_valanga_consfondo-300x157.jpg 300w, https:\/\/www.maccaferri.com\/sk\/wp-content\/uploads\/2023\/11\/illustrazione_snow_valanga_consfondo-768x403.jpg 768w, https:\/\/www.maccaferri.com\/sk\/wp-content\/uploads\/2023\/11\/illustrazione_snow_valanga_consfondo-120x63.jpg 120w, https:\/\/www.maccaferri.com\/sk\/wp-content\/uploads\/2023\/11\/illustrazione_snow_valanga_consfondo.jpg 1500w\" sizes=\"(max-width: 1024px) 100vw, 1024px\" \/><\/figure>\n\n<div style=\"height:30px\" aria-hidden=\"true\" class=\"wp-block-spacer\"><\/div>\n\n<p class=\"has-text-align-center\">Ohromuj\u00faca sila lav\u00edn, ktor\u00e1 dok\u00e1\u017ee pren\u00e1\u0161a\u0165 tony snehu a trosiek ohromuj\u00facimi r\u00fdchlos\u0165ami, zd\u00f4raz\u0148uje kritick\u00fa potrebu zmierni\u0165 ich riziko.<\/p><\/div>\n\n<div class=\"wp-block-column is-layout-flow wp-block-column-is-layout-flow\"><figure class=\"wp-block-image size-large\"><img decoding=\"async\" width=\"1024\" height=\"537\" src=\"https:\/\/www.maccaferri.com\/sk\/wp-content\/uploads\/2023\/11\/illustrazione_snow_con-sfondo_v.3-1024x537.jpg\" alt=\"\" class=\"wp-image-56271\" srcset=\"https:\/\/www.maccaferri.com\/sk\/wp-content\/uploads\/2023\/11\/illustrazione_snow_con-sfondo_v.3-1024x537.jpg 1024w, https:\/\/www.maccaferri.com\/sk\/wp-content\/uploads\/2023\/11\/illustrazione_snow_con-sfondo_v.3-300x157.jpg 300w, https:\/\/www.maccaferri.com\/sk\/wp-content\/uploads\/2023\/11\/illustrazione_snow_con-sfondo_v.3-768x403.jpg 768w, https:\/\/www.maccaferri.com\/sk\/wp-content\/uploads\/2023\/11\/illustrazione_snow_con-sfondo_v.3-120x63.jpg 120w, https:\/\/www.maccaferri.com\/sk\/wp-content\/uploads\/2023\/11\/illustrazione_snow_con-sfondo_v.3.jpg 1500w\" sizes=\"(max-width: 1024px) 100vw, 1024px\" \/><\/figure>\n\n<div style=\"height:30px\" aria-hidden=\"true\" class=\"wp-block-spacer\"><\/div>\n\n<p class=\"has-text-align-center\">S desiatkami rokov sk\u00fasenost\u00ed je Maccaferri d\u00f4veryhodn\u00fdm l\u00eddrom v oblasti zmiernenia rizika lav\u00edn, pon\u00fakaj\u00facim overen\u00e9 rie\u0161enia pre najn\u00e1ro\u010dnej\u0161ie zimn\u00e9 podmienky a v\u00fdzvy ter\u00e9nu.<\/p><\/div><\/div><\/div><div style=\"height:50px\" aria-hidden=\"true\" class=\"wp-block-spacer\"><\/div><div class=\"wp-block-mac-h2-title-block block-txt-container box-container\"><div class=\"row\"><div class=\"col title-box-txt\"><h2 style=\"color:#212429;text-align:none\">NA\u0160E PORTF\u00d3LIO<\/h2><\/div><\/div><\/div><div style=\"height:20px\" aria-hidden=\"true\" class=\"wp-block-spacer\"><\/div><div class=\"wp-block-mac-container-block box-container\"><div class=\"wp-block-columns is-layout-flex wp-container-core-columns-is-layout-9d6595d7 wp-block-columns-is-layout-flex\"><div class=\"wp-block-column is-layout-flow wp-block-column-is-layout-flow\"><div class=\"container-fluid carousel-image-gallery\">\n        <div class=\"row\">\n            <div id=\"carouselImageblock_5b515805da37bafcbc46a00cf49d5889\" class=\"carousel slide carouselImageGallery\" data-bs-ride=\"carousel\">\n                <!-- \/\/ Indicators -->\n                <ol class=\"carousel-indicators\">\n                                            <li data-bs-target=\"#carouselImageblock_5b515805da37bafcbc46a00cf49d5889\" data-bs-slide-to=\"0\" class=\"active\" aria-current=\"true\" aria-label=\"Slide\"><\/li>\n                                            <li data-bs-target=\"#carouselImageblock_5b515805da37bafcbc46a00cf49d5889\" data-bs-slide-to=\"1\" class=\"\" aria-current=\"true\" aria-label=\"Slide\"><\/li>\n                                            <li data-bs-target=\"#carouselImageblock_5b515805da37bafcbc46a00cf49d5889\" data-bs-slide-to=\"2\" class=\"\" aria-current=\"true\" aria-label=\"Slide\"><\/li>\n                                            <li data-bs-target=\"#carouselImageblock_5b515805da37bafcbc46a00cf49d5889\" data-bs-slide-to=\"3\" class=\"\" aria-current=\"true\" aria-label=\"Slide\"><\/li>\n                                    <\/ol>\n\n                <div class=\"carousel-inner container\" role=\"listbox\">\n                                            <div class=\"carousel-item active\">\n                        <div class=\"col-12 col-lg-4 col-xl-4 col-xxl-4 space-mobile\">\n                            <div class=\"grid-item-wrapper\">\n                                <div class=\"img-responsive-wrapper\">\n                                    <div class=\"img-responsive\">\n                                        <div class=\"img-wrapper\"><img decoding=\"async\" src=\"https:\/\/www.maccaferri.com\/sk\/wp-content\/uploads\/2025\/01\/AVAMAC-12.jpg\" alt=\"\" \/><\/div>\n                                    <\/div>\n                                <\/div>\n                                <div class=\"griditem-text-wrapper text-center\">\n                                    <p class=\"griditem-text text-center\">Strukt\u00fary AVAMAC stabilizuj\u00fa vrstvy snehu v z\u00f3nach oddelenia, poskytuj\u00face jasn\u00e9 v\u00fdhody v porovnan\u00ed s tradi\u010dn\u00fdmi snehov\u00fdmi sie\u0165ami v\u010faka \u0161pecializovan\u00fdm komponentom.\r\n<\/p>\n                   \n                                <\/div>\n                            <\/div>\n                        <\/div>\n                        <\/div>\n                                            <div class=\"carousel-item \">\n                        <div class=\"col-12 col-lg-4 col-xl-4 col-xxl-4 space-mobile\">\n                            <div class=\"grid-item-wrapper\">\n                                <div class=\"img-responsive-wrapper\">\n                                    <div class=\"img-responsive\">\n                                        <div class=\"img-wrapper\"><img decoding=\"async\" src=\"https:\/\/www.maccaferri.com\/sk\/wp-content\/uploads\/2025\/01\/READYMAC-SNOW-13.jpg\" alt=\"\" \/><\/div>\n                                    <\/div>\n                                <\/div>\n                                <div class=\"griditem-text-wrapper text-center\">\n                                    <p class=\"griditem-text text-center\">Syst\u00e9my d\u00e1\u017ednikov READYMAC SNOW, ukotven\u00e9 s flexibilitou, stabilizuj\u00fa snehov\u00fa pokr\u00fdvku v z\u00f3nach n\u00e1chyln\u00fdch na lav\u00edny, zabezpe\u010duj\u00fac s\u00falad s predpismi a vedeck\u00fdmi normami.\r\n<\/p>\n                   \n                                <\/div>\n                            <\/div>\n                        <\/div>\n                        <\/div>\n                                            <div class=\"carousel-item \">\n                        <div class=\"col-12 col-lg-4 col-xl-4 col-xxl-4 space-mobile\">\n                            <div class=\"grid-item-wrapper\">\n                                <div class=\"img-responsive-wrapper\">\n                                    <div class=\"img-responsive\">\n                                        <div class=\"img-wrapper\"><img decoding=\"async\" src=\"https:\/\/www.maccaferri.com\/sk\/wp-content\/uploads\/2025\/01\/TERRAMESH-13.jpg\" alt=\"\" \/><\/div>\n                                    <\/div>\n                                <\/div>\n                                <div class=\"griditem-text-wrapper text-center\">\n                                    <p class=\"griditem-text text-center\">Poh\u013eady na ochranu proti lav\u00ednam TERRAMESH od Maccaferri s\u00fa starostlivo navrhnut\u00e9 tak, aby vydr\u017eali silu lav\u00edn, zabezpe\u010duj\u00fac bezpe\u010dnos\u0165 horsk\u00fdch miest a ciest.\r\n<\/p>\n                   \n                                <\/div>\n                            <\/div>\n                        <\/div>\n                        <\/div>\n                                            <div class=\"carousel-item \">\n                        <div class=\"col-12 col-lg-4 col-xl-4 col-xxl-4 space-mobile\">\n                            <div class=\"grid-item-wrapper\">\n                                <div class=\"img-responsive-wrapper\">\n                                    <div class=\"img-responsive\">\n                                        <div class=\"img-wrapper\"><img decoding=\"async\" src=\"https:\/\/www.maccaferri.com\/sk\/wp-content\/uploads\/2025\/01\/HELLOMAC-SNOW-13.jpg\" alt=\"\" \/><\/div>\n                                    <\/div>\n                                <\/div>\n                                <div class=\"griditem-text-wrapper text-center\">\n                                    <p class=\"griditem-text text-center\">HELLOMAC SNOW od Maccaferri zvy\u0161uje bezpe\u010dnos\u0165 prostredn\u00edctvom inteligentn\u00fdch rie\u0161en\u00ed a pokro\u010dilej geotechnickej technol\u00f3gie, umo\u017e\u0148uj\u00fac efekt\u00edvny monitoring zasne\u017een\u00fdch svahov a zmiernenie rizika lav\u00edn.\r\n<\/p>\n                   \n                                <\/div>\n                            <\/div>\n                        <\/div>\n                        <\/div>\n                                    <\/div>\n            <\/div>\n\n        <\/div>\n    <\/div><\/div><\/div><\/div><div style=\"height:100px\" aria-hidden=\"true\" class=\"wp-block-spacer\"><\/div><div class=\"wp-block-mac-h2-title-block block-txt-container box-container\"><div class=\"row\"><div class=\"col title-box-txt\"><h2 style=\"color:#212429;text-align:none\">V\u00c4\u010c\u0160\u00cd WEBIN\u00c1R<\/h2><\/div><\/div><\/div><div style=\"height:20px\" aria-hidden=\"true\" class=\"wp-block-spacer\"><\/div><div class=\"wp-block-mac-container-block box-container\"><div class=\"wp-block-columns is-layout-flex wp-container-core-columns-is-layout-9d6595d7 wp-block-columns-is-layout-flex\"><div class=\"wp-block-column is-layout-flow wp-block-column-is-layout-flow\"><div class=\"wp-block-mac-container-block box-container\"><div class=\"wp-block-columns is-layout-flex wp-container-core-columns-is-layout-9d6595d7 wp-block-columns-is-layout-flex\"><div class=\"wp-block-column is-layout-flow wp-block-column-is-layout-flow\"><figure class=\"wp-block-image size-full is-style-default\"><img decoding=\"async\" width=\"1000\" height=\"562\" src=\"https:\/\/www.maccaferri.com\/sk\/wp-content\/uploads\/2023\/12\/immagine-1-1.png\" alt=\"\" class=\"wp-image-56781\" srcset=\"https:\/\/www.maccaferri.com\/sk\/wp-content\/uploads\/2023\/12\/immagine-1-1.png 1000w, https:\/\/www.maccaferri.com\/sk\/wp-content\/uploads\/2023\/12\/immagine-1-1-300x169.png 300w, https:\/\/www.maccaferri.com\/sk\/wp-content\/uploads\/2023\/12\/immagine-1-1-768x432.png 768w, https:\/\/www.maccaferri.com\/sk\/wp-content\/uploads\/2023\/12\/immagine-1-1-120x67.png 120w\" sizes=\"(max-width: 1000px) 100vw, 1000px\" \/><\/figure><\/div>\n\n<div class=\"wp-block-column is-layout-flow wp-block-column-is-layout-flow\"><div style=\"height:60px\" aria-hidden=\"true\" class=\"wp-block-spacer\"><\/div>\n\n<p class=\"has-text-align-center\" style=\"font-size:25px\"><strong>Zmiernenie rizika lav\u00edn: Inov\u00e1cie pre bezpe\u010dnos\u0165<\/strong><\/p>\n\n<p class=\"has-text-align-center\">Sledujte zaznamenan\u00fd webin\u00e1r o zmiernen\u00ed rizika lav\u00edn a presk\u00famajte inovat\u00edvne strat\u00e9gie, ktor\u00e9 predefinuj\u00fa bezpe\u010dnos\u0165 v horsk\u00fdch oblastiach a rie\u0161ia obrovsk\u00fa silu lav\u00edn.<\/p>\n\n<div class=\"wp-block-buttons is-content-justification-center is-layout-flex wp-container-core-buttons-is-layout-16018d1d wp-block-buttons-is-layout-flex\"><div class=\"wp-block-button\"><a class=\"wp-block-button__link wp-element-button\" href=\"https:\/\/www.maccaferri.com\/sk\/webin%C3%A1re\/snow-avalanche-mitigation-innovation-for-safety\/\">Odkaz TU<\/a><\/div><\/div><\/div><\/div><\/div><\/div><\/div><\/div><div style=\"height:100px\" aria-hidden=\"true\" class=\"wp-block-spacer\"><\/div><div class=\"wp-block-mac-h2-title-block block-txt-container box-container\"><div class=\"row\"><div class=\"col title-box-txt\"><h2 style=\"color:#212429;text-align:none\">STIAHNITE SI OBLAS\u0164<\/h2><\/div><\/div><\/div><div class=\"wp-block-mac-container-block box-container\"><div class=\"wp-block-columns is-layout-flex wp-container-core-columns-is-layout-9d6595d7 wp-block-columns-is-layout-flex\"><div class=\"wp-block-column is-layout-flow wp-block-column-is-layout-flow\"><p id=\"download\">Vypl\u0148te formul\u00e1r ni\u017e\u0161ie a z\u00edskajte pr\u00edstup k na\u0161im exkluz\u00edvnym materi\u00e1lom o rie\u0161eniach pre sneh.<\/p>\n\n<iframe src=\"https:\/\/www2.maccaferri.com\/l\/965143\/2025-03-13\/5tl2m1\" width=\"100%\" height=\"700\" type=\"text\/html\" frameborder=\"0\" allowTransparency=\"true\" style=\"border: 0\"data-cookieconsent=\"ignore\"><\/iframe><\/div><\/div><\/div>","protected":false},"excerpt":{"rendered":"","protected":false},"author":11460,"featured_media":0,"parent":0,"menu_order":0,"comment_status":"closed","ping_status":"closed","template":"","meta":{"_acf_changed":false,"_joinchat":[],"footnotes":""},"class_list":["post-84959","page","type-page","status-publish","hentry"],"acf":{"uuid_products":"","product-documents":""},"yoast_head":"<!-- This site is optimized with the Yoast SEO Premium plugin v27.0 (Yoast SEO v27.0) - https:\/\/yoast.com\/product\/yoast-seo-premium-wordpress\/ -->\n<title>SNOW AVALANCHE MITIGATION - Maccaferri Central Europe<\/title>\n<meta name=\"description\" content=\"0SNOW AVALANCHE PREVENTIONStiahnite si materi\u00e1ly tuPreviousNext OCHRANA VRCHOLU, DOK\u00c1ZAN\u00c1 INOV\u00c1CIA Ohromuj\u00faca sila lav\u00edn, ktor\u00e1 dok\u00e1\u017ee pren\u00e1\u0161a\u0165 tony snehu\" \/>\n<meta name=\"robots\" content=\"index, follow, max-snippet:-1, max-image-preview:large, max-video-preview:-1\" \/>\n<link rel=\"canonical\" href=\"https:\/\/www.maccaferri.com\/sk\/snow-avalanche-mitigation\/\" \/>\n<meta property=\"og:locale\" content=\"sk_SK\" \/>\n<meta property=\"og:type\" content=\"article\" \/>\n<meta property=\"og:title\" content=\"SNOW AVALANCHE MITIGATION - Maccaferri Central Europe\" \/>\n<meta property=\"og:description\" content=\"0SNOW AVALANCHE PREVENTIONStiahnite si materi\u00e1ly tuPreviousNext OCHRANA VRCHOLU, DOK\u00c1ZAN\u00c1 INOV\u00c1CIA Ohromuj\u00faca sila lav\u00edn, ktor\u00e1 dok\u00e1\u017ee pren\u00e1\u0161a\u0165 tony snehu\" \/>\n<meta property=\"og:url\" content=\"https:\/\/www.maccaferri.com\/sk\/snow-avalanche-mitigation\/\" \/>\n<meta property=\"og:site_name\" content=\"Maccaferri Central Europe\" \/>\n<meta property=\"article:modified_time\" content=\"2025-05-28T13:00:07+00:00\" \/>\n<meta property=\"og:image\" content=\"https:\/\/www.maccaferri.com\/sk\/wp-content\/uploads\/2023\/11\/ama-dablam-2064522_1920.jpg\" \/>\n<meta name=\"twitter:card\" content=\"summary_large_image\" \/>\n<meta name=\"twitter:label1\" content=\"Est. reading time\" \/>\n\t<meta name=\"twitter:data1\" content=\"2 minutes\" \/>\n<script type=\"application\/ld+json\" class=\"yoast-schema-graph\">{\"@context\":\"https:\/\/schema.org\",\"@graph\":[{\"@type\":\"WebPage\",\"@id\":\"https:\/\/www.maccaferri.com\/sk\/snow-avalanche-mitigation\/\",\"url\":\"https:\/\/www.maccaferri.com\/sk\/snow-avalanche-mitigation\/\",\"name\":\"SNOW AVALANCHE MITIGATION - Maccaferri Central Europe\",\"isPartOf\":{\"@id\":\"https:\/\/www.maccaferri.com\/sk\/#website\"},\"primaryImageOfPage\":{\"@id\":\"https:\/\/www.maccaferri.com\/sk\/snow-avalanche-mitigation\/#primaryimage\"},\"image\":{\"@id\":\"https:\/\/www.maccaferri.com\/sk\/snow-avalanche-mitigation\/#primaryimage\"},\"thumbnailUrl\":\"https:\/\/www.maccaferri.com\/sk\/wp-content\/uploads\/2023\/11\/ama-dablam-2064522_1920.jpg\",\"datePublished\":\"2023-11-28T15:43:23+00:00\",\"dateModified\":\"2025-05-28T13:00:07+00:00\",\"description\":\"0SNOW AVALANCHE PREVENTIONStiahnite si materi\u00e1ly tuPreviousNext OCHRANA VRCHOLU, DOK\u00c1ZAN\u00c1 INOV\u00c1CIA Ohromuj\u00faca sila lav\u00edn, ktor\u00e1 dok\u00e1\u017ee pren\u00e1\u0161a\u0165 tony snehu\",\"inLanguage\":\"sk-SK\",\"potentialAction\":[{\"@type\":\"ReadAction\",\"target\":[\"https:\/\/www.maccaferri.com\/sk\/snow-avalanche-mitigation\/\"]}]},{\"@type\":\"ImageObject\",\"inLanguage\":\"sk-SK\",\"@id\":\"https:\/\/www.maccaferri.com\/sk\/snow-avalanche-mitigation\/#primaryimage\",\"url\":\"https:\/\/www.maccaferri.com\/sk\/wp-content\/uploads\/2023\/11\/ama-dablam-2064522_1920.jpg\",\"contentUrl\":\"https:\/\/www.maccaferri.com\/sk\/wp-content\/uploads\/2023\/11\/ama-dablam-2064522_1920.jpg\",\"width\":1920,\"height\":1280},{\"@type\":\"WebSite\",\"@id\":\"https:\/\/www.maccaferri.com\/sk\/#website\",\"url\":\"https:\/\/www.maccaferri.com\/sk\/\",\"name\":\"Maccaferri Central Europe\",\"description\":\"\",\"publisher\":{\"@id\":\"https:\/\/www.maccaferri.com\/sk\/#organization\"},\"potentialAction\":[{\"@type\":\"SearchAction\",\"target\":{\"@type\":\"EntryPoint\",\"urlTemplate\":\"https:\/\/www.maccaferri.com\/sk\/?s={search_term_string}\"},\"query-input\":{\"@type\":\"PropertyValueSpecification\",\"valueRequired\":true,\"valueName\":\"search_term_string\"}}],\"inLanguage\":\"sk-SK\"},{\"@type\":\"Organization\",\"@id\":\"https:\/\/www.maccaferri.com\/sk\/#organization\",\"name\":\"Maccaferri Central Europe\",\"url\":\"https:\/\/www.maccaferri.com\/sk\/\",\"logo\":{\"@type\":\"ImageObject\",\"inLanguage\":\"sk-SK\",\"@id\":\"https:\/\/www.maccaferri.com\/sk\/#\/schema\/logo\/image\/\",\"url\":\"https:\/\/www.maccaferri.com\/sk\/wp-content\/uploads\/2022\/07\/logo-maccaferri.png\",\"contentUrl\":\"https:\/\/www.maccaferri.com\/sk\/wp-content\/uploads\/2022\/07\/logo-maccaferri.png\",\"width\":152,\"height\":32,\"caption\":\"Maccaferri Central Europe\"},\"image\":{\"@id\":\"https:\/\/www.maccaferri.com\/sk\/#\/schema\/logo\/image\/\"}}]}<\/script>\n<!-- \/ Yoast SEO Premium plugin. -->","yoast_head_json":{"title":"SNOW AVALANCHE MITIGATION - Maccaferri Central Europe","description":"0SNOW AVALANCHE PREVENTIONStiahnite si materi\u00e1ly tuPreviousNext OCHRANA VRCHOLU, DOK\u00c1ZAN\u00c1 INOV\u00c1CIA Ohromuj\u00faca sila lav\u00edn, ktor\u00e1 dok\u00e1\u017ee pren\u00e1\u0161a\u0165 tony snehu","robots":{"index":"index","follow":"follow","max-snippet":"max-snippet:-1","max-image-preview":"max-image-preview:large","max-video-preview":"max-video-preview:-1"},"canonical":"https:\/\/www.maccaferri.com\/sk\/snow-avalanche-mitigation\/","og_locale":"sk_SK","og_type":"article","og_title":"SNOW AVALANCHE MITIGATION - Maccaferri Central Europe","og_description":"0SNOW AVALANCHE PREVENTIONStiahnite si materi\u00e1ly tuPreviousNext OCHRANA VRCHOLU, DOK\u00c1ZAN\u00c1 INOV\u00c1CIA Ohromuj\u00faca sila lav\u00edn, ktor\u00e1 dok\u00e1\u017ee pren\u00e1\u0161a\u0165 tony snehu","og_url":"https:\/\/www.maccaferri.com\/sk\/snow-avalanche-mitigation\/","og_site_name":"Maccaferri Central Europe","article_modified_time":"2025-05-28T13:00:07+00:00","og_image":[{"url":"https:\/\/www.maccaferri.com\/sk\/wp-content\/uploads\/2023\/11\/ama-dablam-2064522_1920.jpg","type":"","width":"","height":""}],"twitter_card":"summary_large_image","twitter_misc":{"Est. reading time":"2 minutes"},"schema":{"@context":"https:\/\/schema.org","@graph":[{"@type":"WebPage","@id":"https:\/\/www.maccaferri.com\/sk\/snow-avalanche-mitigation\/","url":"https:\/\/www.maccaferri.com\/sk\/snow-avalanche-mitigation\/","name":"SNOW AVALANCHE MITIGATION - Maccaferri Central Europe","isPartOf":{"@id":"https:\/\/www.maccaferri.com\/sk\/#website"},"primaryImageOfPage":{"@id":"https:\/\/www.maccaferri.com\/sk\/snow-avalanche-mitigation\/#primaryimage"},"image":{"@id":"https:\/\/www.maccaferri.com\/sk\/snow-avalanche-mitigation\/#primaryimage"},"thumbnailUrl":"https:\/\/www.maccaferri.com\/sk\/wp-content\/uploads\/2023\/11\/ama-dablam-2064522_1920.jpg","datePublished":"2023-11-28T15:43:23+00:00","dateModified":"2025-05-28T13:00:07+00:00","description":"0SNOW AVALANCHE PREVENTIONStiahnite si materi\u00e1ly tuPreviousNext OCHRANA VRCHOLU, DOK\u00c1ZAN\u00c1 INOV\u00c1CIA Ohromuj\u00faca sila lav\u00edn, ktor\u00e1 dok\u00e1\u017ee pren\u00e1\u0161a\u0165 tony snehu","inLanguage":"sk-SK","potentialAction":[{"@type":"ReadAction","target":["https:\/\/www.maccaferri.com\/sk\/snow-avalanche-mitigation\/"]}]},{"@type":"ImageObject","inLanguage":"sk-SK","@id":"https:\/\/www.maccaferri.com\/sk\/snow-avalanche-mitigation\/#primaryimage","url":"https:\/\/www.maccaferri.com\/sk\/wp-content\/uploads\/2023\/11\/ama-dablam-2064522_1920.jpg","contentUrl":"https:\/\/www.maccaferri.com\/sk\/wp-content\/uploads\/2023\/11\/ama-dablam-2064522_1920.jpg","width":1920,"height":1280},{"@type":"WebSite","@id":"https:\/\/www.maccaferri.com\/sk\/#website","url":"https:\/\/www.maccaferri.com\/sk\/","name":"Maccaferri Central Europe","description":"","publisher":{"@id":"https:\/\/www.maccaferri.com\/sk\/#organization"},"potentialAction":[{"@type":"SearchAction","target":{"@type":"EntryPoint","urlTemplate":"https:\/\/www.maccaferri.com\/sk\/?s={search_term_string}"},"query-input":{"@type":"PropertyValueSpecification","valueRequired":true,"valueName":"search_term_string"}}],"inLanguage":"sk-SK"},{"@type":"Organization","@id":"https:\/\/www.maccaferri.com\/sk\/#organization","name":"Maccaferri Central Europe","url":"https:\/\/www.maccaferri.com\/sk\/","logo":{"@type":"ImageObject","inLanguage":"sk-SK","@id":"https:\/\/www.maccaferri.com\/sk\/#\/schema\/logo\/image\/","url":"https:\/\/www.maccaferri.com\/sk\/wp-content\/uploads\/2022\/07\/logo-maccaferri.png","contentUrl":"https:\/\/www.maccaferri.com\/sk\/wp-content\/uploads\/2022\/07\/logo-maccaferri.png","width":152,"height":32,"caption":"Maccaferri Central Europe"},"image":{"@id":"https:\/\/www.maccaferri.com\/sk\/#\/schema\/logo\/image\/"}}]}},"_links":{"self":[{"href":"https:\/\/www.maccaferri.com\/sk\/wp-json\/wp\/v2\/pages\/84959","targetHints":{"allow":["GET"]}}],"collection":[{"href":"https:\/\/www.maccaferri.com\/sk\/wp-json\/wp\/v2\/pages"}],"about":[{"href":"https:\/\/www.maccaferri.com\/sk\/wp-json\/wp\/v2\/types\/page"}],"author":[{"embeddable":true,"href":"https:\/\/www.maccaferri.com\/sk\/wp-json\/wp\/v2\/users\/11460"}],"replies":[{"embeddable":true,"href":"https:\/\/www.maccaferri.com\/sk\/wp-json\/wp\/v2\/comments?post=84959"}],"version-history":[{"count":2,"href":"https:\/\/www.maccaferri.com\/sk\/wp-json\/wp\/v2\/pages\/84959\/revisions"}],"predecessor-version":[{"id":87705,"href":"https:\/\/www.maccaferri.com\/sk\/wp-json\/wp\/v2\/pages\/84959\/revisions\/87705"}],"wp:attachment":[{"href":"https:\/\/www.maccaferri.com\/sk\/wp-json\/wp\/v2\/media?parent=84959"}],"curies":[{"name":"wp","href":"https:\/\/api.w.org\/{rel}","templated":true}]}}