{"id":82165,"date":"2023-02-20T12:29:24","date_gmt":"2023-02-20T11:29:24","guid":{"rendered":"https:\/\/www.maccaferri.com\/sk\/?page_id=82165"},"modified":"2025-03-18T17:26:04","modified_gmt":"2025-03-18T16:26:04","slug":"fastmac","status":"publish","type":"page","link":"https:\/\/www.maccaferri.com\/sk\/fastmac\/","title":{"rendered":"FastMac"},"content":{"rendered":"<div class=\"wp-block-mac-h1-title-hero-block container-fluid block-txt-container\" style=\"background:linear-gradient(180deg,rgb(1,94,111) 0%,rgb(0,72,87) 100%)\"><div class=\"row\"><div class=\"col\"><div class=\"gts__picture\"><img decoding=\"async\" src=\"https:\/\/www.maccaferri.com\/sk\/wp-content\/uploads\/2023\/02\/FastMac.png\" style=\"display:none\"\/><div class=\"gts__picture__image\" style=\"background-image:url(https:\/\/www.maccaferri.com\/sk\/wp-content\/uploads\/2023\/02\/FastMac.png)\"><\/div><\/div><div class=\"container box-container\"><div class=\"row\"><div class=\"col title-box-txt\"><h1 class=\"wp-block-mac-h1-title-hero-block\" style=\"color:#ffffff;text-align:none\">FastMac<\/h1><\/div><\/div><\/div><\/div><\/div><\/div><div class=\"wp-block-mac-container-block box-container\"><div class=\"wp-block-columns is-layout-flex wp-container-core-columns-is-layout-9d6595d7 wp-block-columns-is-layout-flex\"><div class=\"wp-block-column is-layout-flow wp-block-column-is-layout-flow\"><div class=\"container content-paragraph box-container\"><div class=\"row\"><div class=\"col-12 col-lg-12 col-xl-12 col-xxl-12\"><div class=\"content-txt\"><h2>Najr\u00fdchlej\u0161\u00ed a najjednoduch\u0161\u00ed n\u00e1stroj na in\u0161tal\u00e1ciu gabi\u00f3nov, Reno matracov Plus a dvojz\u00e1krutov\u00fdch oce\u013eov\u00fdch siet\u00ed.<\/h2>\n<\/div><\/div><\/div><\/div>\n\n<div class=\"wp-block-mac-container-block box-container\"><div class=\"wp-block-columns is-layout-flex wp-container-core-columns-is-layout-9d6595d7 wp-block-columns-is-layout-flex\"><div class=\"wp-block-column is-layout-flow wp-block-column-is-layout-flow\"><div class=\"container content-paragraph box-container\"><div class=\"row\"><div class=\"col-12 col-lg-12 col-xl-12 col-xxl-12\"><div class=\"content-txt\"><h4><strong>R\u00fdchla kvalita<\/strong><\/h4>\n<\/div><\/div><\/div><\/div><\/div><\/div><\/div>\n\n<div class=\"wp-block-mac-container-block box-container\"><div class=\"wp-block-columns is-layout-flex wp-container-core-columns-is-layout-9d6595d7 wp-block-columns-is-layout-flex\"><div class=\"wp-block-column is-layout-flow wp-block-column-is-layout-flow\"><p><strong>Skladanie gabi\u00f3nov a Reno matracov nebolo nikdy jednoduch\u0161ie ako s FastMac<\/strong>,<strong> pneumatick\u00fdm syst\u00e9mom <\/strong>viazania s <strong>nap\u00ednac\u00edmi uz\u00e1vermi<\/strong>. FastMac zaru\u010duje r\u00fdchly, bezpe\u010dn\u00fd a kvalitn\u00fd syst\u00e9m na mont\u00e1\u017e a prepojenie jednotliv\u00fdch jednotiek. Uz\u00e1very s nap\u00ednac\u00edmi kr\u00fa\u017ekami v\u00fdrazne zni\u017euj\u00fa oper\u00e1cie mont\u00e1\u017ee a in\u0161tal\u00e1cie v porovnan\u00ed s konven\u010dn\u00fdmi viazac\u00edmi dr\u00f4tmi, s kapacitou in\u0161tal\u00e1cie viac <strong>ako 65 kr\u00fa\u017ekov za min\u00fatu<\/strong>. V\u010faka FastMac m\u00f4\u017ee by\u0165 \u010dinnos\u0165 viazania a\u017e <strong>8-kr\u00e1t r\u00fdchlej\u0161ia<\/strong>, \u010do \u0161etr\u00ed celkov\u00fd \u010das in\u0161tal\u00e1cie, ktor\u00fd m\u00f4\u017ee by\u0165 skr\u00e1ten\u00fd o 70 % a\u017e 80 %, v z\u00e1vislosti od produktu. Navy\u0161e, \u0161trukt\u00fary gabi\u00f3nov a Reno matracov zostaven\u00e9 pomocou uz\u00e1verov s nap\u00ednac\u00edmi kr\u00fa\u017ekami vykazuj\u00fa vy\u0161\u0161iu trvanlivos\u0165, s n\u00e1vrhovou \u017eivotnos\u0165ou 120 rokov, v\u00e4\u010d\u0161ou a rovnomernej\u0161ou odolnos\u0165ou, <strong>\u010do vedie k zv\u00fd\u0161eniu celkovej kvality<\/strong>.<\/p><\/div><\/div><\/div>\n\n<div class=\"wp-block-mac-container-block box-container\"><div class=\"wp-block-columns is-layout-flex wp-container-core-columns-is-layout-9d6595d7 wp-block-columns-is-layout-flex\"><div class=\"wp-block-column is-layout-flow wp-block-column-is-layout-flow\"><div class=\"container content-paragraph box-container\"><div class=\"row\"><div class=\"col-12 col-lg-12 col-xl-12 col-xxl-12\"><div class=\"content-txt\"><h4><strong>30-sekundov\u00e1 v\u00fdzva<\/strong><\/h4>\n<\/div><\/div><\/div><\/div><\/div><\/div><\/div>\n\n<div class=\"wp-block-mac-container-block box-container\"><div class=\"wp-block-columns is-layout-flex wp-container-core-columns-is-layout-9d6595d7 wp-block-columns-is-layout-flex\"><div class=\"wp-block-column is-layout-flow wp-block-column-is-layout-flow\"><p><strong>Dve siete<\/strong>, jedna zviazan\u00e1 pomocou<strong> C-kr\u00fa\u017ekov a Fastmac<\/strong>, druh\u00e1 zviazan\u00e1 viazac\u00edm dr\u00f4tom. Ktor\u00e1 bude najr\u00fdchlej\u0161ia?<\/p><\/div><\/div><\/div><\/div><\/div><\/div><div class=\"wp-block-mac-container-block box-container\"><div class=\"wp-block-columns is-layout-flex wp-container-core-columns-is-layout-9d6595d7 wp-block-columns-is-layout-flex\"><div class=\"wp-block-column is-layout-flow wp-block-column-is-layout-flow\"><figure class=\"wp-block-video\"><video controls controlslist=\"nodownload\" poster=\"https:\/\/www.maccaferri.com\/sk\/wp-content\/uploads\/2023\/02\/MicrosoftTeams-image-29.png\" src=\"https:\/\/www.maccaferri.com\/sk\/wp-content\/uploads\/2023\/02\/Maccaferri_FastMac_v03.mp4\"><\/video><\/figure><\/div><\/div><\/div><div style=\"height:100px\" aria-hidden=\"true\" class=\"wp-block-spacer\"><\/div>","protected":false},"excerpt":{"rendered":"","protected":false},"author":6,"featured_media":0,"parent":0,"menu_order":0,"comment_status":"closed","ping_status":"closed","template":"","meta":{"_acf_changed":false,"_joinchat":[],"footnotes":""},"class_list":["post-82165","page","type-page","status-publish","hentry"],"acf":{"uuid_products":"","product-documents":""},"yoast_head":"<!-- This site is optimized with the Yoast SEO Premium plugin v27.0 (Yoast SEO v27.0) - https:\/\/yoast.com\/product\/yoast-seo-premium-wordpress\/ -->\n<title>FastMac - Maccaferri Central Europe<\/title>\n<meta name=\"description\" content=\"FastMac Skladanie gabi\u00f3nov a Reno matracov nebolo nikdy jednoduch\u0161ie ako s FastMac, pneumatick\u00fdm syst\u00e9mom viazania s nap\u00ednac\u00edmi uz\u00e1vermi. FastMac zaru\u010duje\" \/>\n<meta name=\"robots\" content=\"index, follow, max-snippet:-1, max-image-preview:large, max-video-preview:-1\" \/>\n<link rel=\"canonical\" href=\"https:\/\/www.maccaferri.com\/sk\/fastmac\/\" \/>\n<meta property=\"og:locale\" content=\"sk_SK\" \/>\n<meta property=\"og:type\" content=\"article\" \/>\n<meta property=\"og:title\" content=\"FastMac - Maccaferri Central Europe\" \/>\n<meta property=\"og:description\" content=\"FastMac Skladanie gabi\u00f3nov a Reno matracov nebolo nikdy jednoduch\u0161ie ako s FastMac, pneumatick\u00fdm syst\u00e9mom viazania s nap\u00ednac\u00edmi uz\u00e1vermi. FastMac zaru\u010duje\" \/>\n<meta property=\"og:url\" content=\"https:\/\/www.maccaferri.com\/sk\/fastmac\/\" \/>\n<meta property=\"og:site_name\" content=\"Maccaferri Central Europe\" \/>\n<meta property=\"article:modified_time\" content=\"2025-03-18T16:26:04+00:00\" \/>\n<meta property=\"og:image\" content=\"https:\/\/www.maccaferri.com\/sk\/wp-content\/uploads\/2023\/02\/FastMac.png\" \/>\n<meta name=\"twitter:card\" content=\"summary_large_image\" \/>\n<meta name=\"twitter:label1\" content=\"Est. reading time\" \/>\n\t<meta name=\"twitter:data1\" content=\"1 minute\" \/>\n<script type=\"application\/ld+json\" class=\"yoast-schema-graph\">{\"@context\":\"https:\/\/schema.org\",\"@graph\":[{\"@type\":\"WebPage\",\"@id\":\"https:\/\/www.maccaferri.com\/sk\/fastmac\/\",\"url\":\"https:\/\/www.maccaferri.com\/sk\/fastmac\/\",\"name\":\"FastMac - Maccaferri Central Europe\",\"isPartOf\":{\"@id\":\"https:\/\/www.maccaferri.com\/sk\/#website\"},\"primaryImageOfPage\":{\"@id\":\"https:\/\/www.maccaferri.com\/sk\/fastmac\/#primaryimage\"},\"image\":{\"@id\":\"https:\/\/www.maccaferri.com\/sk\/fastmac\/#primaryimage\"},\"thumbnailUrl\":\"https:\/\/www.maccaferri.com\/sk\/wp-content\/uploads\/2023\/02\/FastMac.png\",\"datePublished\":\"2023-02-20T11:29:24+00:00\",\"dateModified\":\"2025-03-18T16:26:04+00:00\",\"description\":\"FastMac Skladanie gabi\u00f3nov a Reno matracov nebolo nikdy jednoduch\u0161ie ako s FastMac, pneumatick\u00fdm syst\u00e9mom viazania s nap\u00ednac\u00edmi uz\u00e1vermi. FastMac zaru\u010duje\",\"inLanguage\":\"sk-SK\",\"potentialAction\":[{\"@type\":\"ReadAction\",\"target\":[\"https:\/\/www.maccaferri.com\/sk\/fastmac\/\"]}]},{\"@type\":\"ImageObject\",\"inLanguage\":\"sk-SK\",\"@id\":\"https:\/\/www.maccaferri.com\/sk\/fastmac\/#primaryimage\",\"url\":\"https:\/\/www.maccaferri.com\/sk\/wp-content\/uploads\/2023\/02\/FastMac.png\",\"contentUrl\":\"https:\/\/www.maccaferri.com\/sk\/wp-content\/uploads\/2023\/02\/FastMac.png\",\"width\":1915,\"height\":530},{\"@type\":\"WebSite\",\"@id\":\"https:\/\/www.maccaferri.com\/sk\/#website\",\"url\":\"https:\/\/www.maccaferri.com\/sk\/\",\"name\":\"Maccaferri Central Europe\",\"description\":\"\",\"publisher\":{\"@id\":\"https:\/\/www.maccaferri.com\/sk\/#organization\"},\"potentialAction\":[{\"@type\":\"SearchAction\",\"target\":{\"@type\":\"EntryPoint\",\"urlTemplate\":\"https:\/\/www.maccaferri.com\/sk\/?s={search_term_string}\"},\"query-input\":{\"@type\":\"PropertyValueSpecification\",\"valueRequired\":true,\"valueName\":\"search_term_string\"}}],\"inLanguage\":\"sk-SK\"},{\"@type\":\"Organization\",\"@id\":\"https:\/\/www.maccaferri.com\/sk\/#organization\",\"name\":\"Maccaferri Central Europe\",\"url\":\"https:\/\/www.maccaferri.com\/sk\/\",\"logo\":{\"@type\":\"ImageObject\",\"inLanguage\":\"sk-SK\",\"@id\":\"https:\/\/www.maccaferri.com\/sk\/#\/schema\/logo\/image\/\",\"url\":\"https:\/\/www.maccaferri.com\/sk\/wp-content\/uploads\/2022\/07\/logo-maccaferri.png\",\"contentUrl\":\"https:\/\/www.maccaferri.com\/sk\/wp-content\/uploads\/2022\/07\/logo-maccaferri.png\",\"width\":152,\"height\":32,\"caption\":\"Maccaferri Central Europe\"},\"image\":{\"@id\":\"https:\/\/www.maccaferri.com\/sk\/#\/schema\/logo\/image\/\"}}]}<\/script>\n<!-- \/ Yoast SEO Premium plugin. -->","yoast_head_json":{"title":"FastMac - Maccaferri Central Europe","description":"FastMac Skladanie gabi\u00f3nov a Reno matracov nebolo nikdy jednoduch\u0161ie ako s FastMac, pneumatick\u00fdm syst\u00e9mom viazania s nap\u00ednac\u00edmi uz\u00e1vermi. FastMac zaru\u010duje","robots":{"index":"index","follow":"follow","max-snippet":"max-snippet:-1","max-image-preview":"max-image-preview:large","max-video-preview":"max-video-preview:-1"},"canonical":"https:\/\/www.maccaferri.com\/sk\/fastmac\/","og_locale":"sk_SK","og_type":"article","og_title":"FastMac - Maccaferri Central Europe","og_description":"FastMac Skladanie gabi\u00f3nov a Reno matracov nebolo nikdy jednoduch\u0161ie ako s FastMac, pneumatick\u00fdm syst\u00e9mom viazania s nap\u00ednac\u00edmi uz\u00e1vermi. FastMac zaru\u010duje","og_url":"https:\/\/www.maccaferri.com\/sk\/fastmac\/","og_site_name":"Maccaferri Central Europe","article_modified_time":"2025-03-18T16:26:04+00:00","og_image":[{"url":"https:\/\/www.maccaferri.com\/sk\/wp-content\/uploads\/2023\/02\/FastMac.png","type":"","width":"","height":""}],"twitter_card":"summary_large_image","twitter_misc":{"Est. reading time":"1 minute"},"schema":{"@context":"https:\/\/schema.org","@graph":[{"@type":"WebPage","@id":"https:\/\/www.maccaferri.com\/sk\/fastmac\/","url":"https:\/\/www.maccaferri.com\/sk\/fastmac\/","name":"FastMac - Maccaferri Central Europe","isPartOf":{"@id":"https:\/\/www.maccaferri.com\/sk\/#website"},"primaryImageOfPage":{"@id":"https:\/\/www.maccaferri.com\/sk\/fastmac\/#primaryimage"},"image":{"@id":"https:\/\/www.maccaferri.com\/sk\/fastmac\/#primaryimage"},"thumbnailUrl":"https:\/\/www.maccaferri.com\/sk\/wp-content\/uploads\/2023\/02\/FastMac.png","datePublished":"2023-02-20T11:29:24+00:00","dateModified":"2025-03-18T16:26:04+00:00","description":"FastMac Skladanie gabi\u00f3nov a Reno matracov nebolo nikdy jednoduch\u0161ie ako s FastMac, pneumatick\u00fdm syst\u00e9mom viazania s nap\u00ednac\u00edmi uz\u00e1vermi. FastMac zaru\u010duje","inLanguage":"sk-SK","potentialAction":[{"@type":"ReadAction","target":["https:\/\/www.maccaferri.com\/sk\/fastmac\/"]}]},{"@type":"ImageObject","inLanguage":"sk-SK","@id":"https:\/\/www.maccaferri.com\/sk\/fastmac\/#primaryimage","url":"https:\/\/www.maccaferri.com\/sk\/wp-content\/uploads\/2023\/02\/FastMac.png","contentUrl":"https:\/\/www.maccaferri.com\/sk\/wp-content\/uploads\/2023\/02\/FastMac.png","width":1915,"height":530},{"@type":"WebSite","@id":"https:\/\/www.maccaferri.com\/sk\/#website","url":"https:\/\/www.maccaferri.com\/sk\/","name":"Maccaferri Central Europe","description":"","publisher":{"@id":"https:\/\/www.maccaferri.com\/sk\/#organization"},"potentialAction":[{"@type":"SearchAction","target":{"@type":"EntryPoint","urlTemplate":"https:\/\/www.maccaferri.com\/sk\/?s={search_term_string}"},"query-input":{"@type":"PropertyValueSpecification","valueRequired":true,"valueName":"search_term_string"}}],"inLanguage":"sk-SK"},{"@type":"Organization","@id":"https:\/\/www.maccaferri.com\/sk\/#organization","name":"Maccaferri Central Europe","url":"https:\/\/www.maccaferri.com\/sk\/","logo":{"@type":"ImageObject","inLanguage":"sk-SK","@id":"https:\/\/www.maccaferri.com\/sk\/#\/schema\/logo\/image\/","url":"https:\/\/www.maccaferri.com\/sk\/wp-content\/uploads\/2022\/07\/logo-maccaferri.png","contentUrl":"https:\/\/www.maccaferri.com\/sk\/wp-content\/uploads\/2022\/07\/logo-maccaferri.png","width":152,"height":32,"caption":"Maccaferri Central Europe"},"image":{"@id":"https:\/\/www.maccaferri.com\/sk\/#\/schema\/logo\/image\/"}}]}},"_links":{"self":[{"href":"https:\/\/www.maccaferri.com\/sk\/wp-json\/wp\/v2\/pages\/82165","targetHints":{"allow":["GET"]}}],"collection":[{"href":"https:\/\/www.maccaferri.com\/sk\/wp-json\/wp\/v2\/pages"}],"about":[{"href":"https:\/\/www.maccaferri.com\/sk\/wp-json\/wp\/v2\/types\/page"}],"author":[{"embeddable":true,"href":"https:\/\/www.maccaferri.com\/sk\/wp-json\/wp\/v2\/users\/6"}],"replies":[{"embeddable":true,"href":"https:\/\/www.maccaferri.com\/sk\/wp-json\/wp\/v2\/comments?post=82165"}],"version-history":[{"count":4,"href":"https:\/\/www.maccaferri.com\/sk\/wp-json\/wp\/v2\/pages\/82165\/revisions"}],"predecessor-version":[{"id":87894,"href":"https:\/\/www.maccaferri.com\/sk\/wp-json\/wp\/v2\/pages\/82165\/revisions\/87894"}],"wp:attachment":[{"href":"https:\/\/www.maccaferri.com\/sk\/wp-json\/wp\/v2\/media?parent=82165"}],"curies":[{"name":"wp","href":"https:\/\/api.w.org\/{rel}","templated":true}]}}