{"id":82083,"date":"2024-11-14T17:16:22","date_gmt":"2024-11-14T16:16:22","guid":{"rendered":"https:\/\/www.maccaferri.com\/sk\/?page_id=82083"},"modified":"2025-03-18T12:26:29","modified_gmt":"2025-03-18T11:26:29","slug":"sustainable-building-solutions","status":"publish","type":"page","link":"https:\/\/www.maccaferri.com\/sk\/sustainable-building-solutions\/","title":{"rendered":"SUSTAINABLE \u200bBUILDING SOLUTIONS"},"content":{"rendered":"<div class=\"wp-block-mac-slider-hero-block hero-slider\"><div id=\"hero97\" class=\"carousel slide\" data-bs-ride=\"true\"><ol class=\"carousel-indicators box-container\"><li data-bs-target=\"#hero97\" data-bs-slide-to=\"0\" class=\"active\"><\/li><\/ol><div class=\"carousel-inner\"><div class=\"carousel-item active\"><div class=\"hero\"><div class=\"gts__picture\"><img decoding=\"async\" src=\"https:\/\/www.maccaferri.com\/sk\/wp-content\/uploads\/2024\/12\/MECDEF-2.jpg\" style=\"display:none\"\/><div class=\"gts__picture__image\" style=\"background-image:url(https:\/\/www.maccaferri.com\/sk\/wp-content\/uploads\/2024\/12\/MECDEF-2.jpg)\"><\/div><\/div><div class=\"container box-container\"><div class=\"row\"><div class=\"col-12 col-lg-6 col-xl-6 col-xxl-6\"><p><span class=\"hero-index\" style=\"display:none\">0<\/span><\/p><h2 class=\"hero-text-container\"><span class=\"hero-text\">TRVAL\u00c9 STAVEBN\u00c9 <br>RIE\u0160ENIA<\/span><\/h2><\/div><\/div><\/div><\/div><\/div><\/div><button class=\"carousel-control-prev\" href=\"#hero97\" type=\"button\" data-bs-slide=\"prev\"><span class=\"carousel-control-prev-icon\" aria-hidden=\"true\"><\/span><span class=\"visually-hidden\">Previous<\/span><\/button><button class=\"carousel-control-next\" href=\"#hero97\" type=\"button\" data-bs-slide=\"next\"><span class=\"carousel-control-next-icon\" aria-hidden=\"true\"><\/span><span class=\"visually-hidden\">Next<\/span><\/button><\/div><\/div><div style=\"height:100px\" aria-hidden=\"true\" class=\"wp-block-spacer\"><\/div><div class=\"wp-block-mac-container-block box-container\"><div class=\"wp-block-columns is-layout-flex wp-container-core-columns-is-layout-9d6595d7 wp-block-columns-is-layout-flex\"><div class=\"wp-block-column is-layout-flow wp-block-column-is-layout-flow\"><figure class=\"wp-block-image size-full\"><img decoding=\"async\" src=\"https:\/\/www.maccaferri.com\/wp-content\/uploads\/2024\/11\/Immagine-1-BIS-800x600px.jpg\" alt=\"\" class=\"wp-image-83756\"\/><\/figure><\/div>\n\n<div class=\"wp-block-column is-layout-flow wp-block-column-is-layout-flow\" style=\"flex-basis:30px\"><\/div>\n\n<div class=\"wp-block-column is-layout-flow wp-block-column-is-layout-flow\"><div style=\"height:100px\" aria-hidden=\"true\" class=\"wp-block-spacer\"><\/div>\n\n<p>Na\u0161e rie\u0161enia sp\u013a\u0148aj\u00fa r\u00f4zne technick\u00e9 po\u017eiadavky v ob\u010dianskej a priemyselnej v\u00fdstavbe, ako s\u00fa odvodnenie a ochrana pred vodou, hydroizol\u00e1cia kon\u0161trukci\u00ed a kryt\u00edn, \u00faspora energie pri zachovan\u00ed pohodlia b\u00fdvania, pri\u010dom vyu\u017e\u00edvame inteligentn\u00e9 a inovat\u00edvne technol\u00f3gie.<\/p><\/div><\/div><\/div><div style=\"height:100px\" aria-hidden=\"true\" class=\"wp-block-spacer\"><\/div><div class=\"wp-block-columns has-background is-layout-flex wp-container-core-columns-is-layout-9d6595d7 wp-block-columns-is-layout-flex\" style=\"background-color:#104857\"><div class=\"wp-block-column is-layout-flow wp-block-column-is-layout-flow\" style=\"flex-basis:10%\"><\/div>\n\n<div class=\"wp-block-column is-layout-flow wp-block-column-is-layout-flow\" style=\"flex-basis:80%\"><div style=\"height:40px\" aria-hidden=\"true\" class=\"wp-block-spacer\"><\/div>\n\n<div class=\"wp-block-mac-h4-title-block block-txt-container box-container\"><div class=\"row\"><div class=\"col title-box-txt\"><h4 style=\"color:#ffffff;text-align:center\">Tieto rie\u0161enia \u010delia stavebn\u00fdm v\u00fdzvam a z\u00e1rove\u0148 podporuj\u00fa udr\u017eate\u013enos\u0165, odolnos\u0165 a efekt\u00edvnos\u0165 v s\u00falade s priemyseln\u00fdmi a environment\u00e1lnymi normami<\/h4><\/div><\/div><\/div>\n\n<div style=\"height:40px\" aria-hidden=\"true\" class=\"wp-block-spacer\"><\/div><\/div>\n\n<div class=\"wp-block-column is-layout-flow wp-block-column-is-layout-flow\" style=\"flex-basis:10%\"><\/div><\/div><div style=\"height:100px\" aria-hidden=\"true\" class=\"wp-block-spacer\"><\/div><div style=\"width: 100%;\"><div style=\"position: relative; padding-bottom: 56.25%; padding-top: 0; height: 0;\"><iframe title=\"Infografica BIS\" frameborder=\"0\" width=\"1200\" height=\"675\" style=\"position: absolute; top: 0; left: 0; width: 100%; height: 100%;\" src=\"https:\/\/view.genially.com\/675312e6a4905c23acd1aa74\" type=\"text\/html\" allowscriptaccess=\"always\" allowfullscreen=\"true\" scrolling=\"yes\" allownetworking=\"all\"><\/iframe> <\/div> <\/div><div class=\"wp-block-mac-container-block box-container\"><div class=\"wp-block-columns is-layout-flex wp-container-core-columns-is-layout-9d6595d7 wp-block-columns-is-layout-flex\"><div class=\"wp-block-column is-layout-flow wp-block-column-is-layout-flow\"><div style=\"height:100px\" aria-hidden=\"true\" class=\"wp-block-spacer\"><\/div><\/div><\/div><\/div><div class=\"container-fluid carousel-image-gallery\">\n        <div class=\"row\">\n            <div id=\"carouselImageblock_0a1f97585943d381a249763b96c768c8\" class=\"carousel slide carouselImageGallery\" data-bs-ride=\"carousel\">\n                <!-- \/\/ Indicators -->\n                <ol class=\"carousel-indicators\">\n                                            <li data-bs-target=\"#carouselImageblock_0a1f97585943d381a249763b96c768c8\" data-bs-slide-to=\"0\" class=\"active\" aria-current=\"true\" aria-label=\"Slide\"><\/li>\n                                            <li data-bs-target=\"#carouselImageblock_0a1f97585943d381a249763b96c768c8\" data-bs-slide-to=\"1\" class=\"\" aria-current=\"true\" aria-label=\"Slide\"><\/li>\n                                            <li data-bs-target=\"#carouselImageblock_0a1f97585943d381a249763b96c768c8\" data-bs-slide-to=\"2\" class=\"\" aria-current=\"true\" aria-label=\"Slide\"><\/li>\n                                            <li data-bs-target=\"#carouselImageblock_0a1f97585943d381a249763b96c768c8\" data-bs-slide-to=\"3\" class=\"\" aria-current=\"true\" aria-label=\"Slide\"><\/li>\n                                            <li data-bs-target=\"#carouselImageblock_0a1f97585943d381a249763b96c768c8\" data-bs-slide-to=\"4\" class=\"\" aria-current=\"true\" aria-label=\"Slide\"><\/li>\n                                            <li data-bs-target=\"#carouselImageblock_0a1f97585943d381a249763b96c768c8\" data-bs-slide-to=\"5\" class=\"\" aria-current=\"true\" aria-label=\"Slide\"><\/li>\n                                    <\/ol>\n\n                <div class=\"carousel-inner container\" role=\"listbox\">\n                                            <div class=\"carousel-item active\">\n                        <div class=\"col-12 col-lg-4 col-xl-4 col-xxl-4 space-mobile\">\n                            <div class=\"grid-item-wrapper\">\n                                <div class=\"img-responsive-wrapper\">\n                                    <div class=\"img-responsive\">\n                                        <div class=\"img-wrapper\"><img decoding=\"async\" src=\"https:\/\/www.maccaferri.com\/sk\/wp-content\/uploads\/2025\/03\/BuildingFoundation_Slider3_800x800px-2-2.jpg\" alt=\"\" \/><\/div>\n                                    <\/div>\n                                <\/div>\n                                <div class=\"griditem-text-wrapper text-center\">\n                                    <p class=\"griditem-text text-center\">Z\u00e1kladov\u00e1 kon\u0161trukcia \u2013 Ak\u00e1ko\u013evek stavba v priamom kontakte so zemou si vy\u017eaduje spr\u00e1vnu hydroizol\u00e1ciu, ktor\u00e1 zachov\u00e1 jej vlastnosti a zabezpe\u010d\u00ed predpokladan\u00fa d\u013a\u017eku \u017eivotnosti.<\/p>\n                   \n                                <\/div>\n                            <\/div>\n                        <\/div>\n                        <\/div>\n                                            <div class=\"carousel-item \">\n                        <div class=\"col-12 col-lg-4 col-xl-4 col-xxl-4 space-mobile\">\n                            <div class=\"grid-item-wrapper\">\n                                <div class=\"img-responsive-wrapper\">\n                                    <div class=\"img-responsive\">\n                                        <div class=\"img-wrapper\"><img decoding=\"async\" src=\"https:\/\/www.maccaferri.com\/sk\/wp-content\/uploads\/2025\/03\/GreenParking_Slider5_800x800px-300x300-3.jpg\" alt=\"\" \/><\/div>\n                                    <\/div>\n                                <\/div>\n                                <div class=\"griditem-text-wrapper text-center\">\n                                    <p class=\"griditem-text text-center\">Zelen\u00e9 parkovisko \u2013 Multikompozit pre zelen\u00e9 plochy chr\u00e1ni tr\u00e1vniky v parkovac\u00edch z\u00f3nach, \u010d\u00edm zabra\u0148uje po\u0161kodeniu tr\u00e1vy sp\u00f4soben\u00e9mu parkovan\u00edm vozidiel.<\/p>\n                   \n                                <\/div>\n                            <\/div>\n                        <\/div>\n                        <\/div>\n                                            <div class=\"carousel-item \">\n                        <div class=\"col-12 col-lg-4 col-xl-4 col-xxl-4 space-mobile\">\n                            <div class=\"grid-item-wrapper\">\n                                <div class=\"img-responsive-wrapper\">\n                                    <div class=\"img-responsive\">\n                                        <div class=\"img-wrapper\"><img decoding=\"async\" src=\"https:\/\/www.maccaferri.com\/sk\/wp-content\/uploads\/2025\/03\/MetallicRoof_Slider1_800x800px-300x300-2.jpg\" alt=\"\" \/><\/div>\n                                    <\/div>\n                                <\/div>\n                                <div class=\"griditem-text-wrapper text-center\">\n                                    <p class=\"griditem-text text-center\">Kovov\u00e1 strecha \u2013 Stavebn\u00e9 produkty Maccaferri kombinuj\u00fa priedu\u0161n\u00fa, vodotesn\u00fa membr\u00e1nu s trojrozmern\u00fdm polym\u00e9rov\u00fdm sie\u0165ov\u00fdm materi\u00e1lom.<\/p>\n                   \n                                <\/div>\n                            <\/div>\n                        <\/div>\n                        <\/div>\n                                            <div class=\"carousel-item \">\n                        <div class=\"col-12 col-lg-4 col-xl-4 col-xxl-4 space-mobile\">\n                            <div class=\"grid-item-wrapper\">\n                                <div class=\"img-responsive-wrapper\">\n                                    <div class=\"img-responsive\">\n                                        <div class=\"img-wrapper\"><img decoding=\"async\" src=\"https:\/\/www.maccaferri.com\/sk\/wp-content\/uploads\/2025\/03\/RoofGarden_Slider2_800x800px-300x300-3.jpg\" alt=\"\" \/><\/div>\n                                    <\/div>\n                                <\/div>\n                                <div class=\"griditem-text-wrapper text-center\">\n                                    <p class=\"griditem-text text-center\">Zelen\u00e1 strecha \u2013 Terradrain zabezpe\u010duje efekt\u00edvne riadenie odtoku vody, zlep\u0161uje stabilitu kon\u0161trukcie a zabra\u0148uje hnilobe kore\u0148ov v zelen\u00fdch strech\u00e1ch v\u010faka v\u010dasn\u00e9mu odvodneniu.<\/p>\n                   \n                                <\/div>\n                            <\/div>\n                        <\/div>\n                        <\/div>\n                                            <div class=\"carousel-item \">\n                        <div class=\"col-12 col-lg-4 col-xl-4 col-xxl-4 space-mobile\">\n                            <div class=\"grid-item-wrapper\">\n                                <div class=\"img-responsive-wrapper\">\n                                    <div class=\"img-responsive\">\n                                        <div class=\"img-wrapper\"><img decoding=\"async\" src=\"https:\/\/www.maccaferri.com\/sk\/wp-content\/uploads\/2025\/03\/RetainingWall_Slider6_800x800px-300x300-3.jpg\" alt=\"\" \/><\/div>\n                                    <\/div>\n                                <\/div>\n                                <div class=\"griditem-text-wrapper text-center\">\n                                    <p class=\"griditem-text text-center\">Oporn\u00e9 m\u00fary &#8211; Ak\u00e1ko\u013evek stavba v priamom kontakte so zemou si vy\u017eaduje spr\u00e1vnu hydroizol\u00e1ciu, ktor\u00e1 zachov\u00e1 jej vlastnosti a zabezpe\u010d\u00ed predpokladan\u00fa d\u013a\u017eku \u017eivotnosti.<\/p>\n                   \n                                <\/div>\n                            <\/div>\n                        <\/div>\n                        <\/div>\n                                            <div class=\"carousel-item \">\n                        <div class=\"col-12 col-lg-4 col-xl-4 col-xxl-4 space-mobile\">\n                            <div class=\"grid-item-wrapper\">\n                                <div class=\"img-responsive-wrapper\">\n                                    <div class=\"img-responsive\">\n                                        <div class=\"img-wrapper\"><img decoding=\"async\" src=\"https:\/\/www.maccaferri.com\/sk\/wp-content\/uploads\/2025\/03\/ParkingArea_Slider4_800x800px-300x300-2.jpg\" alt=\"\" \/><\/div>\n                                    <\/div>\n                                <\/div>\n                                <div class=\"griditem-text-wrapper text-center\">\n                                    <p class=\"griditem-text text-center\">Parkovisko \u2013 Ak\u00e1ko\u013evek stavba v priamom kontakte so zemou si vy\u017eaduje spr\u00e1vnu hydroizol\u00e1ciu, ktor\u00e1 zachov\u00e1 jej vlastnosti a zabezpe\u010d\u00ed predpokladan\u00fa d\u013a\u017eku \u017eivotnosti.<\/p>\n                   \n                                <\/div>\n                            <\/div>\n                        <\/div>\n                        <\/div>\n                                    <\/div>\n            <\/div>\n\n        <\/div>\n    <\/div><div class=\"wp-block-mac-container-block box-container\"><div class=\"wp-block-columns is-layout-flex wp-container-core-columns-is-layout-9d6595d7 wp-block-columns-is-layout-flex\"><div class=\"wp-block-column is-layout-flow wp-block-column-is-layout-flow\"><div style=\"height:100px\" aria-hidden=\"true\" class=\"wp-block-spacer\"><\/div>\n\n<div class=\"wp-block-mac-h4-title-block block-txt-container box-container\"><div class=\"row\"><div class=\"col title-box-txt\"><h4 style=\"color:#212429;text-align:left\">Download our materials<\/h4><\/div><\/div><\/div>\n\n<div class=\"wp-block-mac-container-block box-container\"><div class=\"wp-block-columns is-layout-flex wp-container-core-columns-is-layout-9d6595d7 wp-block-columns-is-layout-flex\"><div class=\"wp-block-column is-layout-flow wp-block-column-is-layout-flow\"><div class=\"wp-block-columns is-layout-flex wp-container-core-columns-is-layout-9d6595d7 wp-block-columns-is-layout-flex\"><div class=\"wp-block-column is-layout-flow wp-block-column-is-layout-flow\"><iframe src=\"https:\/\/www2.maccaferri.com\/l\/965143\/2025-03-13\/5tl1z1\" width=\"100%\" height=\"700\" type=\"text\/html\" frameborder=\"0\" allowTransparency=\"true\" style=\"border: 0\"data-cookieconsent=\"ignore\"><\/iframe><\/div><\/div><\/div><\/div><\/div><\/div><\/div><\/div><div style=\"height:100px\" aria-hidden=\"true\" class=\"wp-block-spacer\"><\/div><div class=\"wp-block-columns is-layout-flex wp-container-core-columns-is-layout-9d6595d7 wp-block-columns-is-layout-flex\"><div class=\"wp-block-column has-background is-layout-flow wp-block-column-is-layout-flow\" style=\"background-color:#004857\"><div class=\"wp-block-mac-title-cta-two-block container box-container\" style=\"background:#004857\"><div class=\"row\"><div class=\"col-12 col-lg-5 col-xl-5 col-xxl-5 title-box-txt\"><H2 class=\"wp-block-mac-title-cta-two-block\" style=\"color:#A7C8CB\">Meet our experts<\/H2><\/div><div class=\"col-12 offset-lg-1 offset-xl-1 offset-xxl-1 col-lg-6 col-xl-6 col-xxl-6 title-box-txt\"><div style=\"text-align:right\"><p class=\"wp-block-mac-title-cta-two-block\" style=\"color:#FFFFFF\">We represent a winning partner for the complex world of civil and industrial constructions. Thanks to a wide range, our products are the answer to the various technical demands of multiple sectors. Have questions or need assistance?<\/p><\/div><div style=\"text-align:right\"><a href=\"https:\/\/www.maccaferri.com\/sk\/napiste-nm\/\" target=\"_blank\" class=\"buttonurl\" rel=\"noopener\"><span class=\"buttontext\">Contact  Us<\/span><\/a><\/div><\/div><\/div><\/div><\/div><\/div><div style=\"height:100px\" aria-hidden=\"true\" class=\"wp-block-spacer\"><\/div>","protected":false},"excerpt":{"rendered":"","protected":false},"author":6,"featured_media":0,"parent":0,"menu_order":0,"comment_status":"closed","ping_status":"closed","template":"","meta":{"_acf_changed":false,"_joinchat":[],"footnotes":""},"class_list":["post-82083","page","type-page","status-publish","hentry"],"acf":{"uuid_products":"","product-documents":""},"yoast_head":"<!-- This site is optimized with the Yoast SEO Premium plugin v27.0 (Yoast SEO v27.0) - https:\/\/yoast.com\/product\/yoast-seo-premium-wordpress\/ -->\n<title>SUSTAINABLE \u200bBUILDING SOLUTIONS - Maccaferri Central Europe<\/title>\n<meta name=\"description\" content=\"0TRVAL\u00c9 STAVEBN\u00c9 RIE\u0160ENIAPreviousNext Na\u0161e rie\u0161enia sp\u013a\u0148aj\u00fa r\u00f4zne technick\u00e9 po\u017eiadavky v ob\u010dianskej a priemyselnej v\u00fdstavbe, ako s\u00fa odvodnenie a ochrana\" \/>\n<meta name=\"robots\" content=\"index, follow, max-snippet:-1, max-image-preview:large, max-video-preview:-1\" \/>\n<link rel=\"canonical\" href=\"https:\/\/www.maccaferri.com\/sk\/sustainable-building-solutions\/\" \/>\n<meta property=\"og:locale\" content=\"sk_SK\" \/>\n<meta property=\"og:type\" content=\"article\" \/>\n<meta property=\"og:title\" content=\"SUSTAINABLE \u200bBUILDING SOLUTIONS - Maccaferri Central Europe\" \/>\n<meta property=\"og:description\" content=\"0TRVAL\u00c9 STAVEBN\u00c9 RIE\u0160ENIAPreviousNext Na\u0161e rie\u0161enia sp\u013a\u0148aj\u00fa r\u00f4zne technick\u00e9 po\u017eiadavky v ob\u010dianskej a priemyselnej v\u00fdstavbe, ako s\u00fa odvodnenie a ochrana\" \/>\n<meta property=\"og:url\" content=\"https:\/\/www.maccaferri.com\/sk\/sustainable-building-solutions\/\" \/>\n<meta property=\"og:site_name\" content=\"Maccaferri Central Europe\" \/>\n<meta property=\"article:modified_time\" content=\"2025-03-18T11:26:29+00:00\" \/>\n<meta property=\"og:image\" content=\"https:\/\/www.maccaferri.com\/sk\/wp-content\/uploads\/2024\/12\/MECDEF-2.jpg\" \/>\n<meta name=\"twitter:card\" content=\"summary_large_image\" \/>\n<meta name=\"twitter:label1\" content=\"Est. reading time\" \/>\n\t<meta name=\"twitter:data1\" content=\"1 minute\" \/>\n<script type=\"application\/ld+json\" class=\"yoast-schema-graph\">{\"@context\":\"https:\/\/schema.org\",\"@graph\":[{\"@type\":\"WebPage\",\"@id\":\"https:\/\/www.maccaferri.com\/sk\/sustainable-building-solutions\/\",\"url\":\"https:\/\/www.maccaferri.com\/sk\/sustainable-building-solutions\/\",\"name\":\"SUSTAINABLE \u200bBUILDING SOLUTIONS - Maccaferri Central Europe\",\"isPartOf\":{\"@id\":\"https:\/\/www.maccaferri.com\/sk\/#website\"},\"primaryImageOfPage\":{\"@id\":\"https:\/\/www.maccaferri.com\/sk\/sustainable-building-solutions\/#primaryimage\"},\"image\":{\"@id\":\"https:\/\/www.maccaferri.com\/sk\/sustainable-building-solutions\/#primaryimage\"},\"thumbnailUrl\":\"https:\/\/www.maccaferri.com\/sk\/wp-content\/uploads\/2024\/12\/MECDEF-2.jpg\",\"datePublished\":\"2024-11-14T16:16:22+00:00\",\"dateModified\":\"2025-03-18T11:26:29+00:00\",\"description\":\"0TRVAL\u00c9 STAVEBN\u00c9 RIE\u0160ENIAPreviousNext Na\u0161e rie\u0161enia sp\u013a\u0148aj\u00fa r\u00f4zne technick\u00e9 po\u017eiadavky v ob\u010dianskej a priemyselnej v\u00fdstavbe, ako s\u00fa odvodnenie a ochrana\",\"inLanguage\":\"sk-SK\",\"potentialAction\":[{\"@type\":\"ReadAction\",\"target\":[\"https:\/\/www.maccaferri.com\/sk\/sustainable-building-solutions\/\"]}]},{\"@type\":\"ImageObject\",\"inLanguage\":\"sk-SK\",\"@id\":\"https:\/\/www.maccaferri.com\/sk\/sustainable-building-solutions\/#primaryimage\",\"url\":\"https:\/\/www.maccaferri.com\/sk\/wp-content\/uploads\/2024\/12\/MECDEF-2.jpg\",\"contentUrl\":\"https:\/\/www.maccaferri.com\/sk\/wp-content\/uploads\/2024\/12\/MECDEF-2.jpg\",\"width\":1000,\"height\":750},{\"@type\":\"WebSite\",\"@id\":\"https:\/\/www.maccaferri.com\/sk\/#website\",\"url\":\"https:\/\/www.maccaferri.com\/sk\/\",\"name\":\"Maccaferri Central Europe\",\"description\":\"\",\"publisher\":{\"@id\":\"https:\/\/www.maccaferri.com\/sk\/#organization\"},\"potentialAction\":[{\"@type\":\"SearchAction\",\"target\":{\"@type\":\"EntryPoint\",\"urlTemplate\":\"https:\/\/www.maccaferri.com\/sk\/?s={search_term_string}\"},\"query-input\":{\"@type\":\"PropertyValueSpecification\",\"valueRequired\":true,\"valueName\":\"search_term_string\"}}],\"inLanguage\":\"sk-SK\"},{\"@type\":\"Organization\",\"@id\":\"https:\/\/www.maccaferri.com\/sk\/#organization\",\"name\":\"Maccaferri Central Europe\",\"url\":\"https:\/\/www.maccaferri.com\/sk\/\",\"logo\":{\"@type\":\"ImageObject\",\"inLanguage\":\"sk-SK\",\"@id\":\"https:\/\/www.maccaferri.com\/sk\/#\/schema\/logo\/image\/\",\"url\":\"https:\/\/www.maccaferri.com\/sk\/wp-content\/uploads\/2022\/07\/logo-maccaferri.png\",\"contentUrl\":\"https:\/\/www.maccaferri.com\/sk\/wp-content\/uploads\/2022\/07\/logo-maccaferri.png\",\"width\":152,\"height\":32,\"caption\":\"Maccaferri Central Europe\"},\"image\":{\"@id\":\"https:\/\/www.maccaferri.com\/sk\/#\/schema\/logo\/image\/\"}}]}<\/script>\n<!-- \/ Yoast SEO Premium plugin. -->","yoast_head_json":{"title":"SUSTAINABLE \u200bBUILDING SOLUTIONS - Maccaferri Central Europe","description":"0TRVAL\u00c9 STAVEBN\u00c9 RIE\u0160ENIAPreviousNext Na\u0161e rie\u0161enia sp\u013a\u0148aj\u00fa r\u00f4zne technick\u00e9 po\u017eiadavky v ob\u010dianskej a priemyselnej v\u00fdstavbe, ako s\u00fa odvodnenie a ochrana","robots":{"index":"index","follow":"follow","max-snippet":"max-snippet:-1","max-image-preview":"max-image-preview:large","max-video-preview":"max-video-preview:-1"},"canonical":"https:\/\/www.maccaferri.com\/sk\/sustainable-building-solutions\/","og_locale":"sk_SK","og_type":"article","og_title":"SUSTAINABLE \u200bBUILDING SOLUTIONS - Maccaferri Central Europe","og_description":"0TRVAL\u00c9 STAVEBN\u00c9 RIE\u0160ENIAPreviousNext Na\u0161e rie\u0161enia sp\u013a\u0148aj\u00fa r\u00f4zne technick\u00e9 po\u017eiadavky v ob\u010dianskej a priemyselnej v\u00fdstavbe, ako s\u00fa odvodnenie a ochrana","og_url":"https:\/\/www.maccaferri.com\/sk\/sustainable-building-solutions\/","og_site_name":"Maccaferri Central Europe","article_modified_time":"2025-03-18T11:26:29+00:00","og_image":[{"url":"https:\/\/www.maccaferri.com\/sk\/wp-content\/uploads\/2024\/12\/MECDEF-2.jpg","type":"","width":"","height":""}],"twitter_card":"summary_large_image","twitter_misc":{"Est. reading time":"1 minute"},"schema":{"@context":"https:\/\/schema.org","@graph":[{"@type":"WebPage","@id":"https:\/\/www.maccaferri.com\/sk\/sustainable-building-solutions\/","url":"https:\/\/www.maccaferri.com\/sk\/sustainable-building-solutions\/","name":"SUSTAINABLE \u200bBUILDING SOLUTIONS - Maccaferri Central Europe","isPartOf":{"@id":"https:\/\/www.maccaferri.com\/sk\/#website"},"primaryImageOfPage":{"@id":"https:\/\/www.maccaferri.com\/sk\/sustainable-building-solutions\/#primaryimage"},"image":{"@id":"https:\/\/www.maccaferri.com\/sk\/sustainable-building-solutions\/#primaryimage"},"thumbnailUrl":"https:\/\/www.maccaferri.com\/sk\/wp-content\/uploads\/2024\/12\/MECDEF-2.jpg","datePublished":"2024-11-14T16:16:22+00:00","dateModified":"2025-03-18T11:26:29+00:00","description":"0TRVAL\u00c9 STAVEBN\u00c9 RIE\u0160ENIAPreviousNext Na\u0161e rie\u0161enia sp\u013a\u0148aj\u00fa r\u00f4zne technick\u00e9 po\u017eiadavky v ob\u010dianskej a priemyselnej v\u00fdstavbe, ako s\u00fa odvodnenie a ochrana","inLanguage":"sk-SK","potentialAction":[{"@type":"ReadAction","target":["https:\/\/www.maccaferri.com\/sk\/sustainable-building-solutions\/"]}]},{"@type":"ImageObject","inLanguage":"sk-SK","@id":"https:\/\/www.maccaferri.com\/sk\/sustainable-building-solutions\/#primaryimage","url":"https:\/\/www.maccaferri.com\/sk\/wp-content\/uploads\/2024\/12\/MECDEF-2.jpg","contentUrl":"https:\/\/www.maccaferri.com\/sk\/wp-content\/uploads\/2024\/12\/MECDEF-2.jpg","width":1000,"height":750},{"@type":"WebSite","@id":"https:\/\/www.maccaferri.com\/sk\/#website","url":"https:\/\/www.maccaferri.com\/sk\/","name":"Maccaferri Central Europe","description":"","publisher":{"@id":"https:\/\/www.maccaferri.com\/sk\/#organization"},"potentialAction":[{"@type":"SearchAction","target":{"@type":"EntryPoint","urlTemplate":"https:\/\/www.maccaferri.com\/sk\/?s={search_term_string}"},"query-input":{"@type":"PropertyValueSpecification","valueRequired":true,"valueName":"search_term_string"}}],"inLanguage":"sk-SK"},{"@type":"Organization","@id":"https:\/\/www.maccaferri.com\/sk\/#organization","name":"Maccaferri Central Europe","url":"https:\/\/www.maccaferri.com\/sk\/","logo":{"@type":"ImageObject","inLanguage":"sk-SK","@id":"https:\/\/www.maccaferri.com\/sk\/#\/schema\/logo\/image\/","url":"https:\/\/www.maccaferri.com\/sk\/wp-content\/uploads\/2022\/07\/logo-maccaferri.png","contentUrl":"https:\/\/www.maccaferri.com\/sk\/wp-content\/uploads\/2022\/07\/logo-maccaferri.png","width":152,"height":32,"caption":"Maccaferri Central Europe"},"image":{"@id":"https:\/\/www.maccaferri.com\/sk\/#\/schema\/logo\/image\/"}}]}},"_links":{"self":[{"href":"https:\/\/www.maccaferri.com\/sk\/wp-json\/wp\/v2\/pages\/82083","targetHints":{"allow":["GET"]}}],"collection":[{"href":"https:\/\/www.maccaferri.com\/sk\/wp-json\/wp\/v2\/pages"}],"about":[{"href":"https:\/\/www.maccaferri.com\/sk\/wp-json\/wp\/v2\/types\/page"}],"author":[{"embeddable":true,"href":"https:\/\/www.maccaferri.com\/sk\/wp-json\/wp\/v2\/users\/6"}],"replies":[{"embeddable":true,"href":"https:\/\/www.maccaferri.com\/sk\/wp-json\/wp\/v2\/comments?post=82083"}],"version-history":[{"count":9,"href":"https:\/\/www.maccaferri.com\/sk\/wp-json\/wp\/v2\/pages\/82083\/revisions"}],"predecessor-version":[{"id":87820,"href":"https:\/\/www.maccaferri.com\/sk\/wp-json\/wp\/v2\/pages\/82083\/revisions\/87820"}],"wp:attachment":[{"href":"https:\/\/www.maccaferri.com\/sk\/wp-json\/wp\/v2\/media?parent=82083"}],"curies":[{"name":"wp","href":"https:\/\/api.w.org\/{rel}","templated":true}]}}