{"id":60069,"date":"2025-03-18T13:05:23","date_gmt":"2025-03-18T12:05:23","guid":{"rendered":"https:\/\/www.maccaferri.com\/sk\/?page_id=60069"},"modified":"2025-03-18T13:05:27","modified_gmt":"2025-03-18T12:05:27","slug":"epd","status":"publish","type":"page","link":"https:\/\/www.maccaferri.com\/sk\/epd\/","title":{"rendered":"EPD"},"content":{"rendered":"<div class=\"wp-block-columns is-layout-flex wp-container-core-columns-is-layout-9d6595d7 wp-block-columns-is-layout-flex\"><div class=\"wp-block-column is-layout-flow wp-block-column-is-layout-flow\"><div class=\"wp-block-mac-h1-title-hero-block container-fluid block-txt-container\" style=\"background:linear-gradient(180deg,rgb(1,94,111) 0%,rgb(0,72,87) 100%)\"><div class=\"row\"><div class=\"col\"><div class=\"gts__picture\"><img decoding=\"async\" src=\"https:\/\/www.maccaferri.com\/wp-content\/uploads\/2023\/06\/EPD-min.png\" style=\"display:none\"\/><div class=\"gts__picture__image\" style=\"background-image:url(https:\/\/www.maccaferri.com\/wp-content\/uploads\/2023\/06\/EPD-min.png)\"><\/div><\/div><div class=\"container box-container\"><div class=\"row\"><div class=\"col title-box-txt\"><h1 class=\"wp-block-mac-h1-title-hero-block\" style=\"color:#ffffff;text-align:none\">EPD<\/h1><\/div><\/div><\/div><\/div><\/div><\/div>\n\n<div class=\"wp-block-group is-layout-flow wp-block-group-is-layout-flow\"><div class=\"container content-paragraph box-container\"><div class=\"row\"><div class=\"col-12 col-lg-12 col-xl-12 col-xxl-12\"><div class=\"content-txt\"><h2>ENVIRONMENT\u00c1LNE PREHL\u00c1SENIE O PRODUKTE<\/h2>\n<\/div><\/div><\/div><\/div><\/div>\n\n<div class=\"wp-block-columns is-layout-flex wp-container-core-columns-is-layout-9d6595d7 wp-block-columns-is-layout-flex\"><div class=\"wp-block-column is-layout-flow wp-block-column-is-layout-flow\"><div class=\"wp-block-group has-background is-layout-flow wp-block-group-is-layout-flow\" style=\"background-color:#004857\"><div class=\"wp-block-group has-background is-layout-flow wp-block-group-is-layout-flow\" style=\"background-color:#004857\"><div class=\"wp-block-mac-title-cta-two-block container box-container\" style=\"background:#004857\"><div class=\"row\"><div class=\"col-12 col-lg-5 col-xl-5 col-xxl-5 title-box-txt\"><H2 class=\"wp-block-mac-title-cta-two-block\" style=\"color:#A7C8CB\">\u010cO JE EPD?<\/H2><\/div><div class=\"col-12 offset-lg-1 offset-xl-1 offset-xxl-1 col-lg-6 col-xl-6 col-xxl-6 title-box-txt\"><div style=\"text-align:right\"><p class=\"wp-block-mac-title-cta-two-block\" style=\"color:#FFFFFF\">EPD je nez\u00e1visle overen\u00fd a registrovan\u00fd dokument, ktor\u00fd poskytuje transparentn\u00e9 inform\u00e1cie o environment\u00e1lnych dopadoch produktov po\u010das cel\u00e9ho ich \u017eivotn\u00e9ho cyklu.<br>EPD\u00ae je certifikovan\u00e9 environment\u00e1lne produktov\u00e9 vyhl\u00e1senie, ktor\u00e9 uv\u00e1dza environment\u00e1lne \u00fadaje po\u010das \u017eivotn\u00e9ho cyklu produktov v s\u00falade s medzin\u00e1rodnou normou ISO 14025.<br>Syst\u00e9m je medzin\u00e1rodn\u00fd, overen\u00fd nez\u00e1vislou tre\u0165ou stranou a poskytuje flexibiln\u00e9 inform\u00e1cie.<br>Dosiahli sme certifik\u00e1ciu EPD\u00ae, ktor\u00e1 upriamuje na\u0161u pozornos\u0165 venovan\u00fa environment\u00e1lnym dopadom produktov po\u010das ich v\u00fdroby v r\u00e1mci cel\u00e9ho \u017eivotn\u00e9ho cyklu.<\/p><\/div><div style=\"text-align:right\"><a href=\"https:\/\/www.environdec.com\/home\" target=\"_blank\" class=\"buttonurl\" rel=\"noopener\"><span class=\"buttontext\">Zistite viac<\/span><\/a><\/div><\/div><\/div><\/div><\/div><\/div><\/div><\/div>\n\n<div class=\"wp-block-mac-container-block box-container\"><div class=\"wp-block-columns is-layout-flex wp-container-core-columns-is-layout-9d6595d7 wp-block-columns-is-layout-flex\"><div class=\"wp-block-column is-layout-flow wp-block-column-is-layout-flow\"><div class=\"container content-paragraph box-container\"><div class=\"row\"><div class=\"col-12 col-lg-12 col-xl-12 col-xxl-12\"><div class=\"content-txt\"><div class=\"vc_row wpb_row vc_row-fluid\">\n<div class=\"wpb_column vc_column_container vc_col-sm-12\">\n<div class=\"vc_column-inner \">\n<div class=\"wpb_wrapper\">\n<h3 class=\"vc_custom_heading\">CERTIFIKOVAN\u00c9 PRODUKTY EPD<\/h3>\n<\/div>\n<\/div>\n<\/div>\n<\/div>\n<\/div><\/div><\/div><\/div><\/div><\/div><\/div>\n\n<div class=\"wp-block-mac-container-block box-container\"><div class=\"wp-block-columns is-layout-flex wp-container-core-columns-is-layout-9d6595d7 wp-block-columns-is-layout-flex\"><div class=\"wp-block-column is-layout-flow wp-block-column-is-layout-flow\"><figure class=\"wp-block-image size-full is-resized\"><img decoding=\"async\" src=\"https:\/\/www.maccaferri.com\/wp-content\/uploads\/2023\/01\/Gabions-1.jpg\" alt=\"\" class=\"wp-image-6250\" style=\"width:166px;height:115px\"\/><figcaption class=\"wp-element-caption\"><a href=\"https:\/\/www.environdec.com\/Detail\/epd1465\"><strong>Gabions \u2013 Certifik\u00e1t \u010d. EPD-Kiwa-EE-000381-EN<\/strong><\/a><\/figcaption><\/figure><\/div>\n\n<div class=\"wp-block-column is-layout-flow wp-block-column-is-layout-flow\"><figure class=\"wp-block-image size-full is-resized\"><img decoding=\"async\" src=\"https:\/\/www.maccaferri.com\/wp-content\/uploads\/2023\/01\/Terramesh.jpg\" alt=\"\" class=\"wp-image-6267\" style=\"width:166px;height:115px\"\/><figcaption class=\"wp-element-caption\"><a href=\"https:\/\/www.environdec.com\/Detail\/epd1468\"><strong>Terramesh\u00ae \u2013 Certifik\u00e1t \u010d. EPD-Kiwa-EE-000384-EN<\/strong><\/a><\/figcaption><\/figure><\/div>\n\n<div class=\"wp-block-column is-layout-flow wp-block-column-is-layout-flow\"><figure class=\"wp-block-image size-full is-resized\"><img decoding=\"async\" src=\"https:\/\/www.maccaferri.com\/wp-content\/uploads\/2023\/01\/Reno-Mat-1.jpg\" alt=\"\" class=\"wp-image-6268\" style=\"width:166px;height:115px\"\/><figcaption class=\"wp-element-caption\"><a href=\"https:\/\/www.environdec.com\/Detail\/eod1466\"><strong>Reno Mattress\u00ae \u2013 Certifik\u00e1t \u010d. EPD-Kiwa-EE-000382EN<\/strong><\/a><\/figcaption><\/figure><\/div><\/div><\/div>\n\n<div class=\"wp-block-mac-container-block box-container\"><div class=\"wp-block-columns is-layout-flex wp-container-core-columns-is-layout-9d6595d7 wp-block-columns-is-layout-flex\"><div class=\"wp-block-column is-layout-flow wp-block-column-is-layout-flow\"><figure class=\"wp-block-image size-full is-resized\"><img decoding=\"async\" src=\"https:\/\/www.maccaferri.com\/wp-content\/uploads\/2023\/01\/MacMat-R-Polymer-1.jpg\" alt=\"\" class=\"wp-image-6269\" style=\"width:166px;height:115px\"\/><figcaption class=\"wp-element-caption\"><a href=\"https:\/\/www.environdec.com\/Detail\/epd1469\"><strong>MacMat \u2013 Certifik\u00e1t \u010d. EPD-Kiwa-EE-000378-EN<\/strong><\/a><\/figcaption><\/figure><\/div>\n\n<div class=\"wp-block-column is-layout-flow wp-block-column-is-layout-flow\"><figure class=\"wp-block-image size-full is-resized\"><img decoding=\"async\" src=\"https:\/\/www.maccaferri.com\/wp-content\/uploads\/2023\/01\/MacDrain-M-1.jpg\" alt=\"\" class=\"wp-image-6270\" style=\"aspect-ratio:1.4434782608695653;width:166px;height:auto\"\/><figcaption class=\"wp-element-caption\"><a href=\"https:\/\/www.environdec.com\/Detail\/epd1471\"><strong>MacDrain\u00ae M\u2013 Certifik\u00e1t \u010d. EPD-Kiwa-EE-000376-EN<\/strong><\/a><\/figcaption><\/figure><\/div>\n\n<div class=\"wp-block-column is-layout-flow wp-block-column-is-layout-flow\"><figure class=\"wp-block-image size-full is-resized\"><img decoding=\"async\" src=\"https:\/\/www.maccaferri.com\/wp-content\/uploads\/2023\/01\/Paraweb-1.jpg\" alt=\"\" class=\"wp-image-6271\" style=\"aspect-ratio:1.4434782608695653;width:166px;height:auto\"\/><figcaption class=\"wp-element-caption\"><a href=\"https:\/\/www.environdec.com\/Detail\/?Epd=14908\"><strong>ParaWeb \u2013 Certifik\u00e1t \u010d. EPD-Kiwa-EE-000374-EN<\/strong><\/a><\/figcaption><\/figure><\/div><\/div><\/div>\n\n<div class=\"wp-block-mac-container-block box-container\"><div class=\"wp-block-columns is-layout-flex wp-container-core-columns-is-layout-9d6595d7 wp-block-columns-is-layout-flex\"><div class=\"wp-block-column is-layout-flow wp-block-column-is-layout-flow\"><figure class=\"wp-block-image size-full is-resized\"><img decoding=\"async\" src=\"https:\/\/www.maccaferri.com\/wp-content\/uploads\/2023\/01\/DT-Netting-1.jpg\" alt=\"\" class=\"wp-image-6276\" style=\"width:166px;height:115px\"\/><figcaption class=\"wp-element-caption\"><a href=\"https:\/\/www.environdec.com\/Detail\/epd1467\"><strong>DT Mesh \u2013 Certifik\u00e1t \u010d. EPD-Kiwa-EE-000383-EN<\/strong><\/a><\/figcaption><\/figure><\/div>\n\n<div class=\"wp-block-column is-layout-flow wp-block-column-is-layout-flow\"><figure class=\"wp-block-image size-full is-resized\"><img decoding=\"async\" src=\"https:\/\/www.maccaferri.com\/wp-content\/uploads\/2023\/01\/ParaLink.jpg\" alt=\"\" class=\"wp-image-6277\" style=\"width:166px;height:115px\"\/><figcaption class=\"wp-element-caption\"><a href=\"https:\/\/www.environdec.com\/Detail\/epd1463\"><strong>ParaLink \u2013 Certifik\u00e1t \u010d. EPD-Kiwa-EE-000373-EN<\/strong><\/a><\/figcaption><\/figure><\/div>\n\n<div class=\"wp-block-column is-layout-flow wp-block-column-is-layout-flow\"><figure class=\"wp-block-image size-full is-resized\"><img decoding=\"async\" src=\"https:\/\/www.maccaferri.com\/wp-content\/uploads\/2023\/01\/MacDrain-W-1.jpg\" alt=\"\" class=\"wp-image-6278\" style=\"aspect-ratio:1.4434782608695653;width:166px;height:auto\"\/><figcaption class=\"wp-element-caption\"><a href=\"https:\/\/www.environdec.com\/Detail\/epd1470\"><strong>MacDrain\u00ae W \u2013 Certifik\u00e1t EPD-Kiwa-EE-000377-EN<\/strong><\/a><\/figcaption><\/figure><\/div><\/div><\/div>\n\n<div class=\"wp-block-mac-container-block box-container\"><div class=\"wp-block-columns is-layout-flex wp-container-core-columns-is-layout-9d6595d7 wp-block-columns-is-layout-flex\"><div class=\"wp-block-column is-layout-flow wp-block-column-is-layout-flow\"><figure class=\"wp-block-image size-full is-resized\"><img decoding=\"async\" src=\"https:\/\/www.maccaferri.com\/wp-content\/uploads\/2023\/01\/PARA-GRID-1.jpg\" alt=\"\" class=\"wp-image-6279\" style=\"width:166px;height:115px\"\/><figcaption class=\"wp-element-caption\"><a href=\"https:\/\/www.environdec.com\/Detail\/epd1461\"><strong>ParaGrid \u2013 Certifik\u00e1t \u010d. EPD-Kiwa-EE-000372-EN<\/strong><\/a><\/figcaption><\/figure><\/div>\n\n<div class=\"wp-block-column is-layout-flow wp-block-column-is-layout-flow\"><figure class=\"wp-block-image size-full is-resized\"><img decoding=\"async\" src=\"https:\/\/www.maccaferri.com\/wp-content\/uploads\/2023\/01\/Paradrain-1.jpg\" alt=\"\" class=\"wp-image-6280\" style=\"width:166px;height:115px\"\/><figcaption class=\"wp-element-caption\"><a href=\"https:\/\/www.environdec.com\/Detail\/epd1464\"><strong>ParaDrain\u00ae \u2013 Certifik\u00e1t \u010d. EPD-Kiwa-EE-000375-EN<\/strong><\/a><\/figcaption><\/figure><\/div>\n\n<div class=\"wp-block-column is-layout-flow wp-block-column-is-layout-flow\"><figure class=\"wp-block-image size-full is-resized\"><img decoding=\"async\" src=\"https:\/\/www.maccaferri.com\/wp-content\/uploads\/2024\/06\/6_2.jpg\" alt=\"\" class=\"wp-image-75968\" style=\"object-fit:cover;width:166px;height:115px\"\/><figcaption class=\"wp-element-caption\"><a href=\"https:\/\/www.kiwa.com\/49c539\/globalassets\/germany\/veroffentlichte-epds\/2024\/3105024\/epd-kiwa-ee-000385-en.pdf\"><strong>Dr\u00f4t s metalickou povrchovou ochranou \u2013 Certifik\u00e1t \u010d. EPD-Kiwa-EE-000385-EN<\/strong><\/a><\/figcaption><\/figure><\/div><\/div><\/div>\n\n<div class=\"wp-block-mac-container-block box-container\"><div class=\"wp-block-mac-container-block box-container\"><div class=\"wp-block-columns is-layout-flex wp-container-core-columns-is-layout-9d6595d7 wp-block-columns-is-layout-flex\"><div class=\"wp-block-column is-layout-flow wp-block-column-is-layout-flow\"><figure class=\"wp-block-image size-full is-resized\"><img decoding=\"async\" src=\"https:\/\/www.maccaferri.com\/wp-content\/uploads\/2023\/01\/MacMat-R-Polymer-1.jpg\" alt=\"\" class=\"wp-image-6269\" style=\"aspect-ratio:1.4434782608695653;object-fit:cover;width:166px;height:auto\"\/><figcaption class=\"wp-element-caption\"><a href=\"https:\/\/www.kiwa.com\/498dee\/globalassets\/germany\/veroffentlichte-epds\/2024\/0524\/epd-kiwa-ee-000379-en.pdf\"><strong>Polym\u00e9rov\u00e9 vystu\u017een\u00e9 geomre\u017ee s trojrozmernou \u0161trukt\u00farou \u2013 Certifik\u00e1t \u010d. EPD-Kiwa-EE-000379-EN<\/strong><\/a><\/figcaption><\/figure><\/div>\n\n<div class=\"wp-block-column is-layout-flow wp-block-column-is-layout-flow\"><figure class=\"wp-block-image size-full is-resized\"><img decoding=\"async\" src=\"https:\/\/www.maccaferri.com\/wp-content\/uploads\/2024\/06\/MacMat.png\" alt=\"\" class=\"wp-image-75983\" style=\"object-fit:cover;width:166px;height:115px\"\/><figcaption class=\"wp-element-caption\"><a href=\"https:\/\/www.kiwa.com\/498dee\/globalassets\/germany\/veroffentlichte-epds\/2024\/0524\/epd-kiwa-ee-000380-en.pdf\"><strong><a href=\"https:\/\/www.kiwa.com\/498dee\/globalassets\/germany\/veroffentlichte-epds\/2024\/0524\/epd-kiwa-ee-000380-en.pdf\"><strong><br><\/strong><\/a><\/strong><a href=\"https:\/\/www.kiwa.com\/498dee\/globalassets\/germany\/veroffentlichte-epds\/2024\/0524\/epd-kiwa-ee-000380-en.pdf\"><strong>MACMAT R STEEL \u2013 Certifik\u00e1t \u010d. EPD-Kiwa-EE-000380-EN<\/strong><\/a><\/a><\/figcaption><\/figure><\/div>\n\n<div class=\"wp-block-column is-layout-flow wp-block-column-is-layout-flow\"><figure class=\"wp-block-image size-full is-resized\"><img decoding=\"async\" src=\"https:\/\/www.maccaferri.com\/wp-content\/uploads\/2024\/11\/Immagine3-1.jpg\" alt=\"\" class=\"wp-image-86098\" style=\"object-fit:cover;width:166px;height:115px\"\/><\/figure>\n\n<p><a href=\"https:\/\/www.kiwa.com\/4ab01e\/globalassets\/germany\/veroffentlichte-epds\/2024\/10-2024\/epd-kiwa-ee-000413-en.pdf\"><strong>ZV\u00c1RAN\u00c9 MRE\u017dE \u2013 Certifik\u00e1t \u010d. EPD-Kiwa-EE-00413-EN<\/strong><\/a><\/p><\/div><\/div><\/div>\n\n<div class=\"wp-block-mac-container-block box-container\"><div class=\"wp-block-columns is-layout-flex wp-container-core-columns-is-layout-9d6595d7 wp-block-columns-is-layout-flex\"><div class=\"wp-block-column is-layout-flow wp-block-column-is-layout-flow\"><figure class=\"wp-block-image size-full is-resized\"><img fetchpriority=\"high\" decoding=\"async\" width=\"1000\" height=\"749\" src=\"https:\/\/www.maccaferri.com\/sk\/wp-content\/uploads\/2025\/03\/Immagine211-3.jpg\" alt=\"\" class=\"wp-image-87856\" style=\"object-fit:cover;width:166px;height:115px\" srcset=\"https:\/\/www.maccaferri.com\/sk\/wp-content\/uploads\/2025\/03\/Immagine211-3.jpg 1000w, https:\/\/www.maccaferri.com\/sk\/wp-content\/uploads\/2025\/03\/Immagine211-3-300x225.jpg 300w, https:\/\/www.maccaferri.com\/sk\/wp-content\/uploads\/2025\/03\/Immagine211-3-768x575.jpg 768w, https:\/\/www.maccaferri.com\/sk\/wp-content\/uploads\/2025\/03\/Immagine211-3-120x90.jpg 120w\" sizes=\"(max-width: 1000px) 100vw, 1000px\" \/><figcaption class=\"wp-element-caption\"><a href=\"https:\/\/www.kiwa.com\/498dee\/globalassets\/germany\/veroffentlichte-epds\/2024\/0524\/epd-kiwa-ee-000379-en.pdf\"><strong>PoliMac STEELGRID a MACARMOURL \u2013 Certifik\u00e1t \u010d. EPD-Kiwa-EE-000414-EN<\/strong><\/a><\/figcaption><\/figure><\/div>\n\n<div class=\"wp-block-column is-layout-flow wp-block-column-is-layout-flow\"><figure class=\"wp-block-image size-full is-resized\"><img decoding=\"async\" width=\"678\" height=\"509\" src=\"https:\/\/www.maccaferri.com\/sk\/wp-content\/uploads\/2025\/03\/galimac-2.png\" alt=\"\" class=\"wp-image-87861\" style=\"object-fit:cover;width:166px;height:115px\" srcset=\"https:\/\/www.maccaferri.com\/sk\/wp-content\/uploads\/2025\/03\/galimac-2.png 678w, https:\/\/www.maccaferri.com\/sk\/wp-content\/uploads\/2025\/03\/galimac-2-300x225.png 300w, https:\/\/www.maccaferri.com\/sk\/wp-content\/uploads\/2025\/03\/galimac-2-120x90.png 120w\" sizes=\"(max-width: 678px) 100vw, 678px\" \/><figcaption class=\"wp-element-caption\"><a href=\"https:\/\/www.kiwa.com\/498dee\/globalassets\/germany\/veroffentlichte-epds\/2024\/0524\/epd-kiwa-ee-000380-en.pdf\"><strong>GalMac STEELGRID a MACARMOUR \u2013 Certifik\u00e1t \u010d. EPD-Kiwa-EE-000415-EN<\/strong><\/a><\/figcaption><\/figure><\/div>\n\n<div class=\"wp-block-column is-layout-flow wp-block-column-is-layout-flow\"><\/div><\/div><\/div><\/div><\/div><\/div><div class=\"wp-block-group has-white-background-color has-background is-layout-flow wp-block-group-is-layout-flow\"><div style=\"height:100px\" aria-hidden=\"true\" class=\"wp-block-spacer\"><\/div><\/div><div class=\"wp-block-group has-background is-layout-flow wp-block-group-is-layout-flow\" style=\"background-color:#abb7c2a3\"><div class=\"container content-paragraph box-container\"><div class=\"row\"><div class=\"col-12 col-lg-12 col-xl-12 col-xxl-12\"><div class=\"content-txt\"><h3 class=\"vc_custom_heading\">F\u00c1ZY \u017dIVOTN\u00c9HO CYKLU PRODUKTU<\/h3>\n<\/div><\/div><\/div><\/div><\/div><div class=\"wp-block-group has-background is-layout-flow wp-block-group-is-layout-flow\" style=\"background-color:#abb7c2a3\"><div class=\"wp-block-mac-container-block box-container\"><div class=\"wp-block-columns is-layout-flex wp-container-core-columns-is-layout-9d6595d7 wp-block-columns-is-layout-flex\"><div class=\"wp-block-column is-layout-flow wp-block-column-is-layout-flow\"><p class=\"has-text-align-center\">Dod\u00e1vka surov\u00edn<\/p>\n\n<figure class=\"wp-block-image size-full is-resized\"><img decoding=\"async\" src=\"https:\/\/www.maccaferri.com\/wp-content\/uploads\/2023\/01\/Fase_A1_2-400x400-1.png\" alt=\"\" class=\"wp-image-6281\" style=\"width:343px;height:343px\"\/><\/figure><\/div>\n\n<div class=\"wp-block-column is-layout-flow wp-block-column-is-layout-flow\"><p class=\"has-text-align-center\">Preprava surov\u00edn do v\u00fdroby<\/p>\n\n<figure class=\"wp-block-image size-full\"><img decoding=\"async\" src=\"https:\/\/www.maccaferri.com\/wp-content\/uploads\/2023\/01\/Fase_A2_21-400x400-1.png\" alt=\"\" class=\"wp-image-6282\"\/><\/figure><\/div>\n\n<div class=\"wp-block-column is-layout-flow wp-block-column-is-layout-flow\"><p class=\"has-text-align-center\">V\u00fdroba<\/p>\n\n<figure class=\"wp-block-image size-full\"><img decoding=\"async\" src=\"https:\/\/www.maccaferri.com\/wp-content\/uploads\/2023\/01\/Fase_A3_2-400x400-1.png\" alt=\"\" class=\"wp-image-6283\"\/><\/figure><\/div><\/div><\/div>\n\n<div style=\"height:100px\" aria-hidden=\"true\" class=\"wp-block-spacer\"><\/div><\/div>","protected":false},"excerpt":{"rendered":"","protected":false},"author":21,"featured_media":0,"parent":0,"menu_order":0,"comment_status":"closed","ping_status":"closed","template":"","meta":{"_acf_changed":false,"_joinchat":[],"footnotes":""},"class_list":["post-60069","page","type-page","status-publish","hentry"],"acf":{"uuid_products":"","product-documents":""},"yoast_head":"<!-- This site is optimized with the Yoast SEO Premium plugin v27.0 (Yoast SEO v27.0) - https:\/\/yoast.com\/product\/yoast-seo-premium-wordpress\/ -->\n<title>EPD - Maccaferri Central Europe<\/title>\n<meta name=\"description\" content=\"EPD \u010cO JE EPD?EPD je nez\u00e1visle overen\u00fd a registrovan\u00fd dokument, ktor\u00fd poskytuje transparentn\u00e9 inform\u00e1cie o environment\u00e1lnych dopadoch produktov po\u010das\" \/>\n<meta name=\"robots\" content=\"index, follow, max-snippet:-1, max-image-preview:large, max-video-preview:-1\" \/>\n<link rel=\"canonical\" href=\"https:\/\/www.maccaferri.com\/sk\/epd\/\" \/>\n<meta property=\"og:locale\" content=\"sk_SK\" \/>\n<meta property=\"og:type\" content=\"article\" \/>\n<meta property=\"og:title\" content=\"EPD - Maccaferri Central Europe\" \/>\n<meta property=\"og:description\" content=\"EPD \u010cO JE EPD?EPD je nez\u00e1visle overen\u00fd a registrovan\u00fd dokument, ktor\u00fd poskytuje transparentn\u00e9 inform\u00e1cie o environment\u00e1lnych dopadoch produktov po\u010das\" \/>\n<meta property=\"og:url\" content=\"https:\/\/www.maccaferri.com\/sk\/epd\/\" \/>\n<meta property=\"og:site_name\" content=\"Maccaferri Central Europe\" \/>\n<meta property=\"article:modified_time\" content=\"2025-03-18T12:05:27+00:00\" \/>\n<meta property=\"og:image\" content=\"https:\/\/www.maccaferri.com\/wp-content\/uploads\/2023\/06\/EPD-min.png\" \/>\n<meta name=\"twitter:card\" content=\"summary_large_image\" \/>\n<meta name=\"twitter:label1\" content=\"Est. reading time\" \/>\n\t<meta name=\"twitter:data1\" content=\"5 minutes\" \/>\n<script type=\"application\/ld+json\" class=\"yoast-schema-graph\">{\"@context\":\"https:\/\/schema.org\",\"@graph\":[{\"@type\":\"WebPage\",\"@id\":\"https:\/\/www.maccaferri.com\/sk\/epd\/\",\"url\":\"https:\/\/www.maccaferri.com\/sk\/epd\/\",\"name\":\"EPD - Maccaferri Central Europe\",\"isPartOf\":{\"@id\":\"https:\/\/www.maccaferri.com\/sk\/#website\"},\"primaryImageOfPage\":{\"@id\":\"https:\/\/www.maccaferri.com\/sk\/epd\/#primaryimage\"},\"image\":{\"@id\":\"https:\/\/www.maccaferri.com\/sk\/epd\/#primaryimage\"},\"thumbnailUrl\":\"https:\/\/www.maccaferri.com\/wp-content\/uploads\/2023\/06\/EPD-min.png\",\"datePublished\":\"2025-03-18T12:05:23+00:00\",\"dateModified\":\"2025-03-18T12:05:27+00:00\",\"description\":\"EPD \u010cO JE EPD?EPD je nez\u00e1visle overen\u00fd a registrovan\u00fd dokument, ktor\u00fd poskytuje transparentn\u00e9 inform\u00e1cie o environment\u00e1lnych dopadoch produktov po\u010das\",\"inLanguage\":\"sk-SK\",\"potentialAction\":[{\"@type\":\"ReadAction\",\"target\":[\"https:\/\/www.maccaferri.com\/sk\/epd\/\"]}]},{\"@type\":\"ImageObject\",\"inLanguage\":\"sk-SK\",\"@id\":\"https:\/\/www.maccaferri.com\/sk\/epd\/#primaryimage\",\"url\":\"https:\/\/www.maccaferri.com\/wp-content\/uploads\/2023\/06\/EPD-min.png\",\"contentUrl\":\"https:\/\/www.maccaferri.com\/wp-content\/uploads\/2023\/06\/EPD-min.png\"},{\"@type\":\"WebSite\",\"@id\":\"https:\/\/www.maccaferri.com\/sk\/#website\",\"url\":\"https:\/\/www.maccaferri.com\/sk\/\",\"name\":\"Maccaferri Central Europe\",\"description\":\"\",\"publisher\":{\"@id\":\"https:\/\/www.maccaferri.com\/sk\/#organization\"},\"potentialAction\":[{\"@type\":\"SearchAction\",\"target\":{\"@type\":\"EntryPoint\",\"urlTemplate\":\"https:\/\/www.maccaferri.com\/sk\/?s={search_term_string}\"},\"query-input\":{\"@type\":\"PropertyValueSpecification\",\"valueRequired\":true,\"valueName\":\"search_term_string\"}}],\"inLanguage\":\"sk-SK\"},{\"@type\":\"Organization\",\"@id\":\"https:\/\/www.maccaferri.com\/sk\/#organization\",\"name\":\"Maccaferri Central Europe\",\"url\":\"https:\/\/www.maccaferri.com\/sk\/\",\"logo\":{\"@type\":\"ImageObject\",\"inLanguage\":\"sk-SK\",\"@id\":\"https:\/\/www.maccaferri.com\/sk\/#\/schema\/logo\/image\/\",\"url\":\"https:\/\/www.maccaferri.com\/sk\/wp-content\/uploads\/2022\/07\/logo-maccaferri.png\",\"contentUrl\":\"https:\/\/www.maccaferri.com\/sk\/wp-content\/uploads\/2022\/07\/logo-maccaferri.png\",\"width\":152,\"height\":32,\"caption\":\"Maccaferri Central Europe\"},\"image\":{\"@id\":\"https:\/\/www.maccaferri.com\/sk\/#\/schema\/logo\/image\/\"}}]}<\/script>\n<!-- \/ Yoast SEO Premium plugin. -->","yoast_head_json":{"title":"EPD - Maccaferri Central Europe","description":"EPD \u010cO JE EPD?EPD je nez\u00e1visle overen\u00fd a registrovan\u00fd dokument, ktor\u00fd poskytuje transparentn\u00e9 inform\u00e1cie o environment\u00e1lnych dopadoch produktov po\u010das","robots":{"index":"index","follow":"follow","max-snippet":"max-snippet:-1","max-image-preview":"max-image-preview:large","max-video-preview":"max-video-preview:-1"},"canonical":"https:\/\/www.maccaferri.com\/sk\/epd\/","og_locale":"sk_SK","og_type":"article","og_title":"EPD - Maccaferri Central Europe","og_description":"EPD \u010cO JE EPD?EPD je nez\u00e1visle overen\u00fd a registrovan\u00fd dokument, ktor\u00fd poskytuje transparentn\u00e9 inform\u00e1cie o environment\u00e1lnych dopadoch produktov po\u010das","og_url":"https:\/\/www.maccaferri.com\/sk\/epd\/","og_site_name":"Maccaferri Central Europe","article_modified_time":"2025-03-18T12:05:27+00:00","og_image":[{"url":"https:\/\/www.maccaferri.com\/wp-content\/uploads\/2023\/06\/EPD-min.png","type":"","width":"","height":""}],"twitter_card":"summary_large_image","twitter_misc":{"Est. reading time":"5 minutes"},"schema":{"@context":"https:\/\/schema.org","@graph":[{"@type":"WebPage","@id":"https:\/\/www.maccaferri.com\/sk\/epd\/","url":"https:\/\/www.maccaferri.com\/sk\/epd\/","name":"EPD - Maccaferri Central Europe","isPartOf":{"@id":"https:\/\/www.maccaferri.com\/sk\/#website"},"primaryImageOfPage":{"@id":"https:\/\/www.maccaferri.com\/sk\/epd\/#primaryimage"},"image":{"@id":"https:\/\/www.maccaferri.com\/sk\/epd\/#primaryimage"},"thumbnailUrl":"https:\/\/www.maccaferri.com\/wp-content\/uploads\/2023\/06\/EPD-min.png","datePublished":"2025-03-18T12:05:23+00:00","dateModified":"2025-03-18T12:05:27+00:00","description":"EPD \u010cO JE EPD?EPD je nez\u00e1visle overen\u00fd a registrovan\u00fd dokument, ktor\u00fd poskytuje transparentn\u00e9 inform\u00e1cie o environment\u00e1lnych dopadoch produktov po\u010das","inLanguage":"sk-SK","potentialAction":[{"@type":"ReadAction","target":["https:\/\/www.maccaferri.com\/sk\/epd\/"]}]},{"@type":"ImageObject","inLanguage":"sk-SK","@id":"https:\/\/www.maccaferri.com\/sk\/epd\/#primaryimage","url":"https:\/\/www.maccaferri.com\/wp-content\/uploads\/2023\/06\/EPD-min.png","contentUrl":"https:\/\/www.maccaferri.com\/wp-content\/uploads\/2023\/06\/EPD-min.png"},{"@type":"WebSite","@id":"https:\/\/www.maccaferri.com\/sk\/#website","url":"https:\/\/www.maccaferri.com\/sk\/","name":"Maccaferri Central Europe","description":"","publisher":{"@id":"https:\/\/www.maccaferri.com\/sk\/#organization"},"potentialAction":[{"@type":"SearchAction","target":{"@type":"EntryPoint","urlTemplate":"https:\/\/www.maccaferri.com\/sk\/?s={search_term_string}"},"query-input":{"@type":"PropertyValueSpecification","valueRequired":true,"valueName":"search_term_string"}}],"inLanguage":"sk-SK"},{"@type":"Organization","@id":"https:\/\/www.maccaferri.com\/sk\/#organization","name":"Maccaferri Central Europe","url":"https:\/\/www.maccaferri.com\/sk\/","logo":{"@type":"ImageObject","inLanguage":"sk-SK","@id":"https:\/\/www.maccaferri.com\/sk\/#\/schema\/logo\/image\/","url":"https:\/\/www.maccaferri.com\/sk\/wp-content\/uploads\/2022\/07\/logo-maccaferri.png","contentUrl":"https:\/\/www.maccaferri.com\/sk\/wp-content\/uploads\/2022\/07\/logo-maccaferri.png","width":152,"height":32,"caption":"Maccaferri Central Europe"},"image":{"@id":"https:\/\/www.maccaferri.com\/sk\/#\/schema\/logo\/image\/"}}]}},"_links":{"self":[{"href":"https:\/\/www.maccaferri.com\/sk\/wp-json\/wp\/v2\/pages\/60069","targetHints":{"allow":["GET"]}}],"collection":[{"href":"https:\/\/www.maccaferri.com\/sk\/wp-json\/wp\/v2\/pages"}],"about":[{"href":"https:\/\/www.maccaferri.com\/sk\/wp-json\/wp\/v2\/types\/page"}],"author":[{"embeddable":true,"href":"https:\/\/www.maccaferri.com\/sk\/wp-json\/wp\/v2\/users\/21"}],"replies":[{"embeddable":true,"href":"https:\/\/www.maccaferri.com\/sk\/wp-json\/wp\/v2\/comments?post=60069"}],"version-history":[{"count":2,"href":"https:\/\/www.maccaferri.com\/sk\/wp-json\/wp\/v2\/pages\/60069\/revisions"}],"predecessor-version":[{"id":87867,"href":"https:\/\/www.maccaferri.com\/sk\/wp-json\/wp\/v2\/pages\/60069\/revisions\/87867"}],"wp:attachment":[{"href":"https:\/\/www.maccaferri.com\/sk\/wp-json\/wp\/v2\/media?parent=60069"}],"curies":[{"name":"wp","href":"https:\/\/api.w.org\/{rel}","templated":true}]}}