{"id":60051,"date":"2025-03-17T15:05:49","date_gmt":"2025-03-17T14:05:49","guid":{"rendered":"https:\/\/www.maccaferri.com\/sk\/?page_id=60051"},"modified":"2025-03-17T15:05:52","modified_gmt":"2025-03-17T14:05:52","slug":"multicomposite-geosynthetics","status":"publish","type":"page","link":"https:\/\/www.maccaferri.com\/sk\/multicomposite-geosynthetics\/","title":{"rendered":"MULTICOMPOSITE GEOSYNTHETICS"},"content":{"rendered":"<div class=\"wp-block-mac-slider-hero-block hero-slider\"><div id=\"hero78\" class=\"carousel slide\" data-bs-ride=\"true\"><ol class=\"carousel-indicators box-container\"><li data-bs-target=\"#hero78\" data-bs-slide-to=\"0\" class=\"active\"><\/li><\/ol><div class=\"carousel-inner\"><div class=\"carousel-item active\"><div class=\"hero\"><div class=\"gts__picture\"><img decoding=\"async\" src=\"https:\/\/www.maccaferri.com\/wp-content\/uploads\/2023\/08\/tricomp-1-scaled.jpg\" style=\"display:none\"\/><div class=\"gts__picture__image\" style=\"background-image:url(https:\/\/www.maccaferri.com\/wp-content\/uploads\/2023\/08\/tricomp-1-scaled.jpg)\"><\/div><\/div><div class=\"container box-container\"><div class=\"row\"><div class=\"col-12 col-lg-6 col-xl-6 col-xxl-6\"><p><span class=\"hero-index\" style=\"display:none\">0<\/span><\/p><h2 class=\"hero-text-container\"><span class=\"hero-text\">MULTICOMPOSITE GEOSYNTHETICS<\/span><\/h2><a class=\"hero-buttonurl\" href=\"#download\"><span class=\"hero-buttontext\">Oblas\u0165 na stiahnutie tu<\/span><\/a><\/div><\/div><\/div><\/div><\/div><\/div><button class=\"carousel-control-prev\" href=\"#hero78\" type=\"button\" data-bs-slide=\"prev\"><span class=\"carousel-control-prev-icon\" aria-hidden=\"true\"><\/span><span class=\"visually-hidden\">Previous<\/span><\/button><button class=\"carousel-control-next\" href=\"#hero78\" type=\"button\" data-bs-slide=\"next\"><span class=\"carousel-control-next-icon\" aria-hidden=\"true\"><\/span><span class=\"visually-hidden\">Next<\/span><\/button><\/div><\/div><div style=\"height:100px\" aria-hidden=\"true\" class=\"wp-block-spacer\"><\/div><div class=\"wp-block-mac-container-block box-container\"><div class=\"wp-block-columns is-layout-flex wp-container-core-columns-is-layout-9d6595d7 wp-block-columns-is-layout-flex\"><div class=\"wp-block-column is-layout-flow wp-block-column-is-layout-flow\"><p class=\"has-large-font-size\"><strong>ODOMKNITE SVET MO\u017dNOST\u00cd<\/strong><\/p>\n\n<div style=\"height:50px\" aria-hidden=\"true\" class=\"wp-block-spacer\"><\/div>\n\n<p>Objavte inovat\u00edvny potenci\u00e1l viackompozitn\u00fdch geosyntet\u00edk od Maccaferri, ktor\u00e9 nanovo definuj\u00fa oblas\u0165 geosyntet\u00edk a pon\u00fakaj\u00fa univerz\u00e1lne rie\u0161enie pre r\u00f4zne funkcie. Ponorte sa do premenliv\u00e9ho bud\u00facna geosyntet\u00edk s viackompozitmi, ktor\u00e9 zvy\u0161uj\u00fa v\u00fdkonnos\u0165, presnos\u0165 a n\u00e1kladov\u00fa efekt\u00edvnos\u0165 pre vynikaj\u00face v\u00fdsledky projektov a optimalizovan\u00e9 pracovn\u00e9 postupy.<\/p>\n\n<div style=\"height:70px\" aria-hidden=\"true\" class=\"wp-block-spacer\"><\/div>\n\n<figure class=\"wp-block-image size-large is-style-default\"><img decoding=\"async\" src=\"https:\/\/www.maccaferri.com\/wp-content\/uploads\/2023\/08\/FIRMA-GSY1-1024x438.png\" alt=\"\" class=\"wp-image-53682\"\/><\/figure><\/div><\/div><\/div><div style=\"height:75px\" aria-hidden=\"true\" class=\"wp-block-spacer\"><\/div><div class=\"wp-block-mac-container-block box-container\"><div class=\"wp-block-columns is-layout-flex wp-container-core-columns-is-layout-9d6595d7 wp-block-columns-is-layout-flex\"><div class=\"wp-block-column is-layout-flow wp-block-column-is-layout-flow\"><p style=\"font-size:30px\"><strong>KONTROLA ER\u00d3ZIE<\/strong><\/p>\n\n<p>Kombin\u00e1ciou r\u00f4znych geosyntetick\u00fdch prvkov v na\u0161om viackompozite \u00fa\u010dinne zmier\u0148ujeme er\u00f3ziu a stabilizujeme ter\u00e9n na svahoch a brehoch riek.<\/p><\/div>\n\n<div class=\"wp-block-column is-layout-flow wp-block-column-is-layout-flow\"><p style=\"font-size:30px\"><strong>SPEVNENIE<\/strong><\/p>\n\n<p>Viackompozit, ktor\u00fd integruje r\u00f4zne geosyntetik\u00e1, posil\u0148uje pevnos\u0165 p\u00f4dy, \u010d\u00edm umo\u017e\u0148uje v\u00fdstavbu odoln\u00fdch ciest a oporn\u00fdch m\u00farov na n\u00e1ro\u010dn\u00fdch ter\u00e9noch.<\/p><\/div><\/div><\/div><div style=\"height:70px\" aria-hidden=\"true\" class=\"wp-block-spacer\"><\/div><div class=\"wp-block-mac-container-block box-container\"><div class=\"wp-block-columns is-layout-flex wp-container-core-columns-is-layout-9d6595d7 wp-block-columns-is-layout-flex\"><div class=\"wp-block-column is-layout-flow wp-block-column-is-layout-flow\"><p style=\"font-size:30px\"><strong>FILTROVANIE<\/strong><\/p>\n\n<p>N\u00e1\u0161 univerz\u00e1lny geosyntetick\u00fd viackompozit funguje ako vynikaj\u00faci filtra\u010dn\u00fd syst\u00e9m, ktor\u00fd umo\u017e\u0148uje prietok vody a z\u00e1rove\u0148 zadr\u017eiava \u010dastice p\u00f4dy pre optim\u00e1lnu dren\u00e1\u017e a kvalitu vody.<\/p><\/div>\n\n<div class=\"wp-block-column is-layout-flow wp-block-column-is-layout-flow\"><p style=\"font-size:30px\"><strong>DREN\u00c1\u017d<\/strong><\/p>\n\n<p>Na\u0161e viackompozitn\u00e9 rie\u0161enie, ktor\u00e9 obsahuje r\u00f4zne geosyntetick\u00e9 komponenty, vynik\u00e1 v zbere a odv\u00e1dzan\u00ed vody z kritick\u00fdch oblast\u00ed, \u010d\u00edm zabezpe\u010duje efekt\u00edvnu dren\u00e1\u017e.<\/p><\/div><\/div><\/div><div style=\"height:70px\" aria-hidden=\"true\" class=\"wp-block-spacer\"><\/div><div class=\"wp-block-mac-container-block box-container\"><div class=\"wp-block-columns is-layout-flex wp-container-core-columns-is-layout-9d6595d7 wp-block-columns-is-layout-flex\"><div class=\"wp-block-column is-layout-flow wp-block-column-is-layout-flow\"><p style=\"font-size:30px\"><strong>BARI\u00c9RA<\/strong><\/p>\n\n<p>Viackompozit, pozost\u00e1vaj\u00faci z r\u00f4znych geosyntet\u00edk, tvor\u00ed nepriepustn\u00fa bari\u00e9ru, ktor\u00e1 \u00fa\u010dinne zadr\u017eiava kontaminanty a zachov\u00e1va integritu \u017eivotn\u00e9ho prostredia.<\/p><\/div>\n\n<div class=\"wp-block-column is-layout-flow wp-block-column-is-layout-flow\"><p style=\"font-size:30px\"><strong>OCHRANA<\/strong><\/p>\n\n<p>Kombin\u00e1ciou geosyntetick\u00fdch materi\u00e1lov n\u00e1\u0161 viackompozit poskytuje siln\u00fa ochranu, chr\u00e1ni d\u00f4le\u017eit\u00e9 kon\u0161trukcie pred prepichnut\u00edm, po\u0161koden\u00edm UV \u017eiaren\u00edm a fyzick\u00fdm opotrebovan\u00edm.<\/p><\/div><\/div><\/div><div style=\"height:70px\" aria-hidden=\"true\" class=\"wp-block-spacer\"><\/div><div class=\"wp-block-mac-container-block box-container\"><div class=\"wp-block-columns is-layout-flex wp-container-core-columns-is-layout-9d6595d7 wp-block-columns-is-layout-flex\"><div class=\"wp-block-column is-layout-flow wp-block-column-is-layout-flow\"><p style=\"font-size:30px\"><strong>ODDELENIE<\/strong><\/p>\n\n<p>N\u00e1\u0161 inovat\u00edvny viackompozit, ktor\u00fd vyu\u017e\u00edva zmes geosyntet\u00edk, udr\u017eiava jasn\u00e9 oddelenie medzi r\u00f4znymi vrstvami p\u00f4dy a zachov\u00e1va ich jedine\u010dn\u00e9 vlastnosti v stavebn\u00fdch projektoch.<\/p><\/div>\n\n<div class=\"wp-block-column is-layout-flow wp-block-column-is-layout-flow\"><p style=\"font-size:30px\"><strong>\u2026 NEKONE\u010cN\u00c9 MO\u017dNOSTI<\/strong><\/p><\/div><\/div><\/div><div style=\"height:70px\" aria-hidden=\"true\" class=\"wp-block-spacer\"><\/div><div class=\"wp-block-mac-h2-title-block block-txt-container box-container\"><div class=\"row\"><div class=\"col title-box-txt\"><h2 style=\"color:#212429;text-align:none\">Pr\u00edbeh \u00faspechu: Cava D\u00e8 Tirreni<\/h2><\/div><\/div><\/div><div class=\"wp-block-mac-container-block box-container\"><div class=\"wp-block-columns is-layout-flex wp-container-core-columns-is-layout-9d6595d7 wp-block-columns-is-layout-flex\"><div class=\"wp-block-column is-layout-flow wp-block-column-is-layout-flow\"><figure class=\"wp-block-video\"><video height=\"705\" style=\"aspect-ratio: 1024 \/ 705;\" width=\"1024\" controls poster=\"https:\/\/www.maccaferri.com\/sk\/wp-content\/uploads\/2024\/10\/immagine-13.png\" src=\"https:\/\/www.maccaferri.com\/wp-content\/uploads\/2023\/08\/643e1591-b2ea-4ed8-8fec-7ac0e41e26c6-1.mp4\"><\/video><\/figure><\/div><\/div><\/div><div style=\"height:50px\" aria-hidden=\"true\" class=\"wp-block-spacer\"><\/div><div class=\"wp-block-mac-container-block box-container\"><div class=\"wp-block-columns is-layout-flex wp-container-core-columns-is-layout-9d6595d7 wp-block-columns-is-layout-flex\"><div class=\"wp-block-column is-layout-flow wp-block-column-is-layout-flow\"><div class=\"wp-block-mac-container-block box-container\"><div class=\"wp-block-columns is-layout-flex wp-container-core-columns-is-layout-9d6595d7 wp-block-columns-is-layout-flex\"><div class=\"wp-block-column is-layout-flow wp-block-column-is-layout-flow\"><div class=\"wp-block-mac-h2-title-block block-txt-container box-container\"><div class=\"row\"><div class=\"col title-box-txt\"><h2 style=\"color:#212429;text-align:center\">\u0160pecializovan\u00fd webin\u00e1r<\/h2><\/div><\/div><\/div>\n\n<p class=\"has-text-align-center\" style=\"font-size:15px\"><strong>Evol\u00facia geosyntet\u00edk: od po\u010diatkov k modern\u00fdm pokro\u010dil\u00fdm rie\u0161eniam<\/strong><\/p>\n\n<p class=\"has-text-align-center\" style=\"font-size:15px\">U\u017e viac ako 100 rokov spolupracujeme s klientmi na v\u00fdvoji in\u017einierskych rie\u0161en\u00ed zoh\u013ead\u0148uj\u00facich pr\u00edrodu, ktor\u00e9 sp\u013a\u0148aj\u00fa potreby s\u00fa\u010dasnosti a predv\u00eddaj\u00fa potreby bud\u00facnosti.<\/p>\n\n<div class=\"wp-block-buttons is-content-justification-center is-layout-flex wp-container-core-buttons-is-layout-16018d1d wp-block-buttons-is-layout-flex\"><div class=\"wp-block-button\"><a class=\"wp-block-button__link wp-element-button\" href=\"https:\/\/www.maccaferri.com\/sk\/webinar\/geosynthetic-revolution\/\">odkaz tu<\/a><\/div><\/div><\/div>\n\n<div class=\"wp-block-column is-layout-flow wp-block-column-is-layout-flow\"><div style=\"height:50px\" aria-hidden=\"true\" class=\"wp-block-spacer\"><\/div>\n\n<figure class=\"wp-block-image aligncenter size-large\"><img decoding=\"async\" src=\"https:\/\/www.maccaferri.com\/wp-content\/uploads\/2023\/08\/vlcsnap-2023-08-21-15h34m18s395-1-1-1024x576.png\" alt=\"\" class=\"wp-image-54069\"\/><\/figure><\/div><\/div><\/div><\/div><\/div><\/div><div style=\"height:50px\" aria-hidden=\"true\" class=\"wp-block-spacer\"><\/div><div class=\"wp-block-mac-h2-title-block block-txt-container box-container download\"><div class=\"row\"><div class=\"col title-box-txt\"><h2 style=\"color:#212429;text-align:none\">OBLAS\u0164 NA STIAHNUTIE<\/h2><\/div><\/div><\/div><div class=\"wp-block-mac-container-block box-container\"><div class=\"wp-block-columns is-layout-flex wp-container-core-columns-is-layout-9d6595d7 wp-block-columns-is-layout-flex\"><div class=\"wp-block-column is-layout-flow wp-block-column-is-layout-flow\"><p class=\"has-medium-font-size\" id=\"download\">Vypl\u0148te formul\u00e1r ni\u017e\u0161ie a z\u00edskajte pr\u00edstup k na\u0161im exkluz\u00edvnym materi\u00e1lom o viackompozitn\u00fdch geosyntetik\u00e1ch.<\/p><\/div><\/div><\/div><div class=\"wp-block-mac-container-block box-container\"><div class=\"wp-block-columns is-layout-flex wp-container-core-columns-is-layout-9d6595d7 wp-block-columns-is-layout-flex\"><div class=\"wp-block-column is-layout-flow wp-block-column-is-layout-flow\"><iframe src=\"https:\/\/www2.maccaferri.com\/l\/965143\/2025-03-13\/5tl2y4\" width=\"100%\" height=\"700\" type=\"text\/html\" frameborder=\"0\" allowTransparency=\"true\" style=\"border: 0\"data-cookieconsent=\"ignore\"><\/iframe><\/div><\/div><\/div><div style=\"height:100px\" aria-hidden=\"true\" class=\"wp-block-spacer\"><\/div><p><\/p>","protected":false},"excerpt":{"rendered":"","protected":false},"author":21,"featured_media":0,"parent":0,"menu_order":0,"comment_status":"closed","ping_status":"closed","template":"","meta":{"_acf_changed":false,"_joinchat":[],"footnotes":""},"class_list":["post-60051","page","type-page","status-publish","hentry"],"acf":{"uuid_products":"","product-documents":""},"yoast_head":"<!-- This site is optimized with the Yoast SEO Premium plugin v27.0 (Yoast SEO v27.0) - https:\/\/yoast.com\/product\/yoast-seo-premium-wordpress\/ -->\n<title>MULTICOMPOSITE GEOSYNTHETICS - Maccaferri Central Europe<\/title>\n<meta name=\"description\" content=\"0MULTICOMPOSITE GEOSYNTHETICSOblas\u0165 na stiahnutie tuPreviousNext ODOMKNITE SVET MO\u017dNOST\u00cd Objavte inovat\u00edvny potenci\u00e1l viackompozitn\u00fdch geosyntet\u00edk od\" \/>\n<meta name=\"robots\" content=\"index, follow, max-snippet:-1, max-image-preview:large, max-video-preview:-1\" \/>\n<link rel=\"canonical\" href=\"https:\/\/www.maccaferri.com\/sk\/multicomposite-geosynthetics\/\" \/>\n<meta property=\"og:locale\" content=\"sk_SK\" \/>\n<meta property=\"og:type\" content=\"article\" \/>\n<meta property=\"og:title\" content=\"MULTICOMPOSITE GEOSYNTHETICS - Maccaferri Central Europe\" \/>\n<meta property=\"og:description\" content=\"0MULTICOMPOSITE GEOSYNTHETICSOblas\u0165 na stiahnutie tuPreviousNext ODOMKNITE SVET MO\u017dNOST\u00cd Objavte inovat\u00edvny potenci\u00e1l viackompozitn\u00fdch geosyntet\u00edk od\" \/>\n<meta property=\"og:url\" content=\"https:\/\/www.maccaferri.com\/sk\/multicomposite-geosynthetics\/\" \/>\n<meta property=\"og:site_name\" content=\"Maccaferri Central Europe\" \/>\n<meta property=\"article:modified_time\" content=\"2025-03-17T14:05:52+00:00\" \/>\n<meta property=\"og:image\" content=\"https:\/\/www.maccaferri.com\/wp-content\/uploads\/2023\/08\/tricomp-1-scaled.jpg\" \/>\n<meta name=\"twitter:card\" content=\"summary_large_image\" \/>\n<meta name=\"twitter:label1\" content=\"Est. reading time\" \/>\n\t<meta name=\"twitter:data1\" content=\"2 minutes\" \/>\n<script type=\"application\/ld+json\" class=\"yoast-schema-graph\">{\"@context\":\"https:\/\/schema.org\",\"@graph\":[{\"@type\":\"WebPage\",\"@id\":\"https:\/\/www.maccaferri.com\/sk\/multicomposite-geosynthetics\/\",\"url\":\"https:\/\/www.maccaferri.com\/sk\/multicomposite-geosynthetics\/\",\"name\":\"MULTICOMPOSITE GEOSYNTHETICS - Maccaferri Central Europe\",\"isPartOf\":{\"@id\":\"https:\/\/www.maccaferri.com\/sk\/#website\"},\"primaryImageOfPage\":{\"@id\":\"https:\/\/www.maccaferri.com\/sk\/multicomposite-geosynthetics\/#primaryimage\"},\"image\":{\"@id\":\"https:\/\/www.maccaferri.com\/sk\/multicomposite-geosynthetics\/#primaryimage\"},\"thumbnailUrl\":\"https:\/\/www.maccaferri.com\/wp-content\/uploads\/2023\/08\/tricomp-1-scaled.jpg\",\"datePublished\":\"2025-03-17T14:05:49+00:00\",\"dateModified\":\"2025-03-17T14:05:52+00:00\",\"description\":\"0MULTICOMPOSITE GEOSYNTHETICSOblas\u0165 na stiahnutie tuPreviousNext ODOMKNITE SVET MO\u017dNOST\u00cd Objavte inovat\u00edvny potenci\u00e1l viackompozitn\u00fdch geosyntet\u00edk od\",\"inLanguage\":\"sk-SK\",\"potentialAction\":[{\"@type\":\"ReadAction\",\"target\":[\"https:\/\/www.maccaferri.com\/sk\/multicomposite-geosynthetics\/\"]}]},{\"@type\":\"ImageObject\",\"inLanguage\":\"sk-SK\",\"@id\":\"https:\/\/www.maccaferri.com\/sk\/multicomposite-geosynthetics\/#primaryimage\",\"url\":\"https:\/\/www.maccaferri.com\/wp-content\/uploads\/2023\/08\/tricomp-1-scaled.jpg\",\"contentUrl\":\"https:\/\/www.maccaferri.com\/wp-content\/uploads\/2023\/08\/tricomp-1-scaled.jpg\"},{\"@type\":\"WebSite\",\"@id\":\"https:\/\/www.maccaferri.com\/sk\/#website\",\"url\":\"https:\/\/www.maccaferri.com\/sk\/\",\"name\":\"Maccaferri Central Europe\",\"description\":\"\",\"publisher\":{\"@id\":\"https:\/\/www.maccaferri.com\/sk\/#organization\"},\"potentialAction\":[{\"@type\":\"SearchAction\",\"target\":{\"@type\":\"EntryPoint\",\"urlTemplate\":\"https:\/\/www.maccaferri.com\/sk\/?s={search_term_string}\"},\"query-input\":{\"@type\":\"PropertyValueSpecification\",\"valueRequired\":true,\"valueName\":\"search_term_string\"}}],\"inLanguage\":\"sk-SK\"},{\"@type\":\"Organization\",\"@id\":\"https:\/\/www.maccaferri.com\/sk\/#organization\",\"name\":\"Maccaferri Central Europe\",\"url\":\"https:\/\/www.maccaferri.com\/sk\/\",\"logo\":{\"@type\":\"ImageObject\",\"inLanguage\":\"sk-SK\",\"@id\":\"https:\/\/www.maccaferri.com\/sk\/#\/schema\/logo\/image\/\",\"url\":\"https:\/\/www.maccaferri.com\/sk\/wp-content\/uploads\/2022\/07\/logo-maccaferri.png\",\"contentUrl\":\"https:\/\/www.maccaferri.com\/sk\/wp-content\/uploads\/2022\/07\/logo-maccaferri.png\",\"width\":152,\"height\":32,\"caption\":\"Maccaferri Central Europe\"},\"image\":{\"@id\":\"https:\/\/www.maccaferri.com\/sk\/#\/schema\/logo\/image\/\"}}]}<\/script>\n<!-- \/ Yoast SEO Premium plugin. -->","yoast_head_json":{"title":"MULTICOMPOSITE GEOSYNTHETICS - Maccaferri Central Europe","description":"0MULTICOMPOSITE GEOSYNTHETICSOblas\u0165 na stiahnutie tuPreviousNext ODOMKNITE SVET MO\u017dNOST\u00cd Objavte inovat\u00edvny potenci\u00e1l viackompozitn\u00fdch geosyntet\u00edk od","robots":{"index":"index","follow":"follow","max-snippet":"max-snippet:-1","max-image-preview":"max-image-preview:large","max-video-preview":"max-video-preview:-1"},"canonical":"https:\/\/www.maccaferri.com\/sk\/multicomposite-geosynthetics\/","og_locale":"sk_SK","og_type":"article","og_title":"MULTICOMPOSITE GEOSYNTHETICS - Maccaferri Central Europe","og_description":"0MULTICOMPOSITE GEOSYNTHETICSOblas\u0165 na stiahnutie tuPreviousNext ODOMKNITE SVET MO\u017dNOST\u00cd Objavte inovat\u00edvny potenci\u00e1l viackompozitn\u00fdch geosyntet\u00edk od","og_url":"https:\/\/www.maccaferri.com\/sk\/multicomposite-geosynthetics\/","og_site_name":"Maccaferri Central Europe","article_modified_time":"2025-03-17T14:05:52+00:00","og_image":[{"url":"https:\/\/www.maccaferri.com\/wp-content\/uploads\/2023\/08\/tricomp-1-scaled.jpg","type":"","width":"","height":""}],"twitter_card":"summary_large_image","twitter_misc":{"Est. reading time":"2 minutes"},"schema":{"@context":"https:\/\/schema.org","@graph":[{"@type":"WebPage","@id":"https:\/\/www.maccaferri.com\/sk\/multicomposite-geosynthetics\/","url":"https:\/\/www.maccaferri.com\/sk\/multicomposite-geosynthetics\/","name":"MULTICOMPOSITE GEOSYNTHETICS - Maccaferri Central Europe","isPartOf":{"@id":"https:\/\/www.maccaferri.com\/sk\/#website"},"primaryImageOfPage":{"@id":"https:\/\/www.maccaferri.com\/sk\/multicomposite-geosynthetics\/#primaryimage"},"image":{"@id":"https:\/\/www.maccaferri.com\/sk\/multicomposite-geosynthetics\/#primaryimage"},"thumbnailUrl":"https:\/\/www.maccaferri.com\/wp-content\/uploads\/2023\/08\/tricomp-1-scaled.jpg","datePublished":"2025-03-17T14:05:49+00:00","dateModified":"2025-03-17T14:05:52+00:00","description":"0MULTICOMPOSITE GEOSYNTHETICSOblas\u0165 na stiahnutie tuPreviousNext ODOMKNITE SVET MO\u017dNOST\u00cd Objavte inovat\u00edvny potenci\u00e1l viackompozitn\u00fdch geosyntet\u00edk od","inLanguage":"sk-SK","potentialAction":[{"@type":"ReadAction","target":["https:\/\/www.maccaferri.com\/sk\/multicomposite-geosynthetics\/"]}]},{"@type":"ImageObject","inLanguage":"sk-SK","@id":"https:\/\/www.maccaferri.com\/sk\/multicomposite-geosynthetics\/#primaryimage","url":"https:\/\/www.maccaferri.com\/wp-content\/uploads\/2023\/08\/tricomp-1-scaled.jpg","contentUrl":"https:\/\/www.maccaferri.com\/wp-content\/uploads\/2023\/08\/tricomp-1-scaled.jpg"},{"@type":"WebSite","@id":"https:\/\/www.maccaferri.com\/sk\/#website","url":"https:\/\/www.maccaferri.com\/sk\/","name":"Maccaferri Central Europe","description":"","publisher":{"@id":"https:\/\/www.maccaferri.com\/sk\/#organization"},"potentialAction":[{"@type":"SearchAction","target":{"@type":"EntryPoint","urlTemplate":"https:\/\/www.maccaferri.com\/sk\/?s={search_term_string}"},"query-input":{"@type":"PropertyValueSpecification","valueRequired":true,"valueName":"search_term_string"}}],"inLanguage":"sk-SK"},{"@type":"Organization","@id":"https:\/\/www.maccaferri.com\/sk\/#organization","name":"Maccaferri Central Europe","url":"https:\/\/www.maccaferri.com\/sk\/","logo":{"@type":"ImageObject","inLanguage":"sk-SK","@id":"https:\/\/www.maccaferri.com\/sk\/#\/schema\/logo\/image\/","url":"https:\/\/www.maccaferri.com\/sk\/wp-content\/uploads\/2022\/07\/logo-maccaferri.png","contentUrl":"https:\/\/www.maccaferri.com\/sk\/wp-content\/uploads\/2022\/07\/logo-maccaferri.png","width":152,"height":32,"caption":"Maccaferri Central Europe"},"image":{"@id":"https:\/\/www.maccaferri.com\/sk\/#\/schema\/logo\/image\/"}}]}},"_links":{"self":[{"href":"https:\/\/www.maccaferri.com\/sk\/wp-json\/wp\/v2\/pages\/60051","targetHints":{"allow":["GET"]}}],"collection":[{"href":"https:\/\/www.maccaferri.com\/sk\/wp-json\/wp\/v2\/pages"}],"about":[{"href":"https:\/\/www.maccaferri.com\/sk\/wp-json\/wp\/v2\/types\/page"}],"author":[{"embeddable":true,"href":"https:\/\/www.maccaferri.com\/sk\/wp-json\/wp\/v2\/users\/21"}],"replies":[{"embeddable":true,"href":"https:\/\/www.maccaferri.com\/sk\/wp-json\/wp\/v2\/comments?post=60051"}],"version-history":[{"count":4,"href":"https:\/\/www.maccaferri.com\/sk\/wp-json\/wp\/v2\/pages\/60051\/revisions"}],"predecessor-version":[{"id":87700,"href":"https:\/\/www.maccaferri.com\/sk\/wp-json\/wp\/v2\/pages\/60051\/revisions\/87700"}],"wp:attachment":[{"href":"https:\/\/www.maccaferri.com\/sk\/wp-json\/wp\/v2\/media?parent=60051"}],"curies":[{"name":"wp","href":"https:\/\/api.w.org\/{rel}","templated":true}]}}