{"id":60048,"date":"2025-03-20T11:05:13","date_gmt":"2025-03-20T10:05:13","guid":{"rendered":"https:\/\/www.maccaferri.com\/sk\/?page_id=60048"},"modified":"2025-03-20T11:05:16","modified_gmt":"2025-03-20T10:05:16","slug":"geosynthetics","status":"publish","type":"page","link":"https:\/\/www.maccaferri.com\/sk\/geosynthetics\/","title":{"rendered":"GEOSYNTHETICS"},"content":{"rendered":"<div class=\"wp-block-mac-slider-hero-block hero-slider\"><div id=\"hero81\" class=\"carousel slide\" data-bs-ride=\"true\"><ol class=\"carousel-indicators box-container\"><li data-bs-target=\"#hero81\" data-bs-slide-to=\"0\" class=\"active\"><\/li><\/ol><div class=\"carousel-inner\"><div class=\"carousel-item active\"><div class=\"hero\"><div class=\"gts__picture\"><img decoding=\"async\" src=\"https:\/\/www.maccaferri.com\/wp-content\/uploads\/2023\/08\/Header-pagine-Nuovo-sito-10.png\" style=\"display:none\"\/><div class=\"gts__picture__image\" style=\"background-image:url(https:\/\/www.maccaferri.com\/wp-content\/uploads\/2023\/08\/Header-pagine-Nuovo-sito-10.png)\"><\/div><\/div><div class=\"container box-container\"><div class=\"row\"><div class=\"col-12 col-lg-6 col-xl-6 col-xxl-6\"><p><span class=\"hero-index\" style=\"display:none\">0<\/span><\/p><h2 class=\"hero-text-container\"><span class=\"hero-text\">GEOSYNTETIKA<\/span><\/h2><a class=\"hero-buttonurl\" href=\"#download1\"><span class=\"hero-buttontext\">Stiahnu\u0165 bal\u00ed\u010dek<\/span><\/a><\/div><\/div><\/div><\/div><\/div><\/div><button class=\"carousel-control-prev\" href=\"#hero81\" type=\"button\" data-bs-slide=\"prev\"><span class=\"carousel-control-prev-icon\" aria-hidden=\"true\"><\/span><span class=\"visually-hidden\">Previous<\/span><\/button><button class=\"carousel-control-next\" href=\"#hero81\" type=\"button\" data-bs-slide=\"next\"><span class=\"carousel-control-next-icon\" aria-hidden=\"true\"><\/span><span class=\"visually-hidden\">Next<\/span><\/button><\/div><\/div><div style=\"height:70px\" aria-hidden=\"true\" class=\"wp-block-spacer\"><\/div><div class=\"wp-block-mac-h2-title-block block-txt-container box-container\"><div class=\"row\"><div class=\"col title-box-txt\"><h2 style=\"color:#212429;text-align:none\">SVET GEOSYNTET\u00cdK<\/h2><\/div><\/div><\/div><div class=\"wp-block-mac-container-block box-container\"><div class=\"wp-block-columns is-layout-flex wp-container-core-columns-is-layout-9d6595d7 wp-block-columns-is-layout-flex\"><div class=\"wp-block-column is-layout-flow wp-block-column-is-layout-flow\"><p>Geosyntetik\u00e1 sa pou\u017e\u00edvaj\u00fa v r\u00f4znych aplik\u00e1ci\u00e1ch ako s\u00fa zosilnenie existuj\u00facej zeminy, zlep\u0161enie \u00fanosnosti, pred\u013a\u017eenie \u017eivotnosti komunik\u00e1ci\u00ed, spevnenie n\u00e1sypov, zabr\u00e1nenie kontamin\u00e1cie zeminy v\u00fdluhmi zo sk\u00e1dok a zamedzenie er\u00f3zie.<\/p>\n\n<p>S definov\u00fdmi technick\u00fdmi chrarakteristikami a vlastnos\u0165ami, geosyntetik\u00e1 nahr\u00e1dzaj\u00fa pou\u017e\u00edvanie pr\u00edrodn\u00fdch materi\u00e1lov v stavebn\u00edctve.<\/p>\n\n<p>Dok\u00e1zalo sa, \u017ee geosyntetik\u00e1 zni\u017euj\u00fa n\u00e1klady na projekt a environment\u00e1lny dopad v porovnan\u00ed s tradi\u010dn\u00fdmi stavebn\u00fdmi met\u00f3dami.<\/p>\n\n<p>Na\u0161e geosyntetick\u00e9 produkty m\u00f4\u017eu by\u0165 pou\u017eit\u00e9 v sektoroch:<\/p>\n\n<ul class=\"wp-block-list\"><li>Vystu\u017eovanie podlo\u017eia n\u00e1sypov<\/li>\n\n<li>Zlep\u0161ovanie podlo\u017eia a vystu\u017eovanie vozoviek<\/li>\n\n<li>Odvodnenie<\/li>\n\n<li>Separ\u00e1cia, filtr\u00e1cia a ochrana<\/li>\n\n<li>Bari\u00e9rov\u00e9 syst\u00e9my<\/li>\n\n<li>Protier\u00f3zne opatrenia<\/li><\/ul><\/div><\/div><\/div><div style=\"height:52px\" aria-hidden=\"true\" class=\"wp-block-spacer\"><\/div><div class=\"wp-block-mac-container-block box-container\"><div class=\"wp-block-columns is-layout-flex wp-container-core-columns-is-layout-9d6595d7 wp-block-columns-is-layout-flex\"><div class=\"wp-block-column is-layout-flow wp-block-column-is-layout-flow\"><p style=\"font-size:25px\"><strong>VYSTU\u017dOVANIE PODLO\u017dIA N\u00c1SYPOV<\/strong><\/p>\n\n<p>U\u017e viac ako 30 rokov geosyntetik\u00e1 zosil\u0148uj\u00fa a posil\u0148uj\u00fa zeminu, \u010do umo\u017e\u0148uje zemine dosahova\u0165 lep\u0161iu stabilitu, ne\u017e by dosiahla v nezosilnenej podobe &#8211; zvl\u00e1da v\u00e4\u010d\u0161ie za\u0165a\u017eenie, strm\u0161ie sklony a zni\u017eova\u0165 sadanie.<\/p><\/div>\n\n<div class=\"wp-block-column is-layout-flow wp-block-column-is-layout-flow\"><p style=\"font-size:25px\"><strong>ZLEP\u0160OVANIE PODLO\u017dIA A VYSTU\u017dOVANIE VOZOVIEK<\/strong><\/p>\n\n<p>\u010ci u\u017e staviate \u017eelezni\u010dn\u00fa tra\u0165, \u0161trkovo-lesn\u00fa cestu cez m\u00e4kk\u00fa zeminu alebo obnovujete viacpr\u00fadov\u00fa dia\u013enicu, ktor\u00e1 denne prepravuje tis\u00edce vozidiel, m\u00e1me odborn\u00e9 znalosti na zv\u00fd\u0161enie technick\u00fdch parametrov pre \u017eelezni\u010dn\u00e9 trate, cesty a asfaltov\u00e9 povrchy.<\/p><\/div><\/div><\/div><div style=\"height:50px\" aria-hidden=\"true\" class=\"wp-block-spacer\"><\/div><div class=\"wp-block-mac-container-block box-container\"><div class=\"wp-block-columns is-layout-flex wp-container-core-columns-is-layout-9d6595d7 wp-block-columns-is-layout-flex\"><div class=\"wp-block-column is-layout-flow wp-block-column-is-layout-flow\"><p style=\"font-size:25px\"><strong>ODVODNENIE<\/strong><\/p>\n\n<p>Nadbyto\u010dn\u00e1 voda zeminu oslabuje, \u010do sp\u00f4sobuje r\u00f4zne probl\u00e9my. Usmerni\u0165 tok vody za oporn\u00fdmi m\u00farmi, pri dia\u013eniciach, v tuneloch je k\u013e\u00fa\u010dov\u00e9 pre dlhodob\u00fa \u017eivotnos\u0165 kon\u0161trukcie.<\/p><\/div>\n\n<div class=\"wp-block-column is-layout-flow wp-block-column-is-layout-flow\"><p style=\"font-size:25px\"><strong>SEPAR\u00c1CIA, FILTR\u00c1CIA A OCHRANA<\/strong><\/p>\n\n<p>Na\u0161e geotext\u00edlie sa v s\u00fa\u010dasnosti pou\u017e\u00edvaj\u00fa v mnoh\u00fdch geotechnick\u00fdch a hydrotechnick\u00fdch aplik\u00e1ci\u00e1ch.<\/p><\/div><\/div><\/div><div style=\"height:50px\" aria-hidden=\"true\" class=\"wp-block-spacer\"><\/div><div class=\"wp-block-mac-container-block box-container\"><div class=\"wp-block-columns is-layout-flex wp-container-core-columns-is-layout-9d6595d7 wp-block-columns-is-layout-flex\"><div class=\"wp-block-column is-layout-flow wp-block-column-is-layout-flow\"><p style=\"font-size:25px\"><strong>BARI\u00c9ROV\u00c9 SYST\u00c9MY<\/strong><\/p>\n\n<p>Geomembr\u00e1ny sa pou\u017e\u00edvaj\u00fa na zabr\u00e1nenie migr\u00e1cie tekut\u00edn z jedn\u00e9ho miesta na druh\u00e9; napr\u00edklad na vystlanie skl\u00e1dok, aby sa zabr\u00e1nilo kontamin\u00e1cii podzemnej vody v\u00fdluhmi, riadenie pr\u00edtoku podzemnej vody do tunelov alebo vytv\u00e1ranie zadr\u017eovac\u00edch n\u00e1dr\u017e\u00ed v r\u00e1mci v\u00fdstavby.<\/p><\/div>\n\n<div class=\"wp-block-column is-layout-flow wp-block-column-is-layout-flow\"><p style=\"font-size:25px\"><strong>PROTIER\u00d3ZNE OPATRENIA<\/strong><\/p>\n\n<p>V\u0161etky svahy a povrchy s\u00fa vystaven\u00e9 neust\u00e1lym er\u00f3znym sil\u00e1m. Aby sa minimalizovali n\u00e1klady, Maccaferri pon\u00faka radu syst\u00e9mov ochrany proti er\u00f3zii, ktor\u00e9 s\u00fa prisp\u00f4soben\u00e9 z\u00e1va\u017enosti o\u010dak\u00e1vanej er\u00f3zie.<\/p><\/div><\/div><\/div><div style=\"height:100px\" aria-hidden=\"true\" class=\"wp-block-spacer\"><\/div><div class=\"wp-block-mac-h2-title-block block-txt-container box-container\"><div class=\"row\"><div class=\"col title-box-txt\"><h2 style=\"color:#212429;text-align:none\">\u00daspe\u0161n\u00e9 projekty: Skl\u00e1dka Micorosa<\/h2><\/div><\/div><\/div><div class=\"wp-block-mac-container-block box-container\"><div class=\"wp-block-columns is-layout-flex wp-container-core-columns-is-layout-9d6595d7 wp-block-columns-is-layout-flex\"><div class=\"wp-block-column is-vertically-aligned-center is-layout-flow wp-block-column-is-layout-flow\"><figure class=\"wp-block-video aligncenter\"><video controls controlslist=\"nodownload\" poster=\"https:\/\/www.maccaferri.com\/sk\/wp-content\/uploads\/2024\/10\/immagine-13.png\" src=\"https:\/\/www.maccaferri.com\/wp-content\/uploads\/2023\/09\/Untitled-3.mp4\"><\/video><figcaption class=\"wp-element-caption\"><strong>Rekon\u0161trukcia skl\u00e1dky Micorosa Landfill (Brindisi, Italy)<\/strong><\/figcaption><\/figure><\/div><\/div><\/div><div style=\"height:40px\" aria-hidden=\"true\" class=\"wp-block-spacer\"><\/div><div class=\"wp-block-mac-h2-title-block block-txt-container box-container\"><div class=\"row\"><div class=\"col title-box-txt\"><h2 style=\"color:#212429;text-align:none\">Pripravovan\u00fd webin\u00e1rPripravovan\u00fd webin\u00e1r<\/h2><\/div><\/div><\/div><div class=\"wp-block-mac-container-block box-container\"><div class=\"wp-block-columns is-layout-flex wp-container-core-columns-is-layout-9d6595d7 wp-block-columns-is-layout-flex\"><div class=\"wp-block-column is-layout-flow wp-block-column-is-layout-flow\"><div class=\"wp-block-mac-card-height-block block-card-height-block-container\"><div class=\"card\"><div class=\"content-images\"><img decoding=\"async\" class=\"box-image\" src=\"https:\/\/www.maccaferri.com\/wp-content\/uploads\/2023\/09\/5.png\" alt=\"Image Stories\"\/><\/div><div class=\"card-body\"><h6 class=\"wp-block-mac-card-height-block\" style=\"color:#212429\">Udr\u017eate\u013en\u00e9 hospod\u00e1renie s vodou v stavebn\u00fdch kon\u0161trukci\u00e1ch.<\/h6><span class=\"abstract\" style=\"color:#212429\"><\/span><a href=\"https:\/\/www.maccaferri.com\/sk\/webin%C3%A1re\/sustainable-water-management-in-civil-engineering-structures-3\/\" target=\"_blank\" class=\"cta\" rel=\"noopener\"><span class=\"text\" style=\"color:#004857\">ODKAZ TU<\/span><\/a><div class=\"star\"><span class=\"material-symbols-rounded starrate\">star<\/span><\/div><\/div><\/div><\/div><\/div>\n\n<div class=\"wp-block-column is-layout-flow wp-block-column-is-layout-flow\"><div class=\"wp-block-mac-card-height-block block-card-height-block-container\"><div class=\"card\"><div class=\"content-images\"><img decoding=\"async\" class=\"box-image\" src=\"https:\/\/www.maccaferri.com\/wp-content\/uploads\/2023\/09\/4.png\" alt=\"Image Stories\"\/><\/div><div class=\"card-body\"><h6 class=\"wp-block-mac-card-height-block\" style=\"color:#212429\">Ako predch\u00e1dza\u0165 er\u00f3zii p\u00f4dy a z\u00e1rove\u0148 podpori\u0165 zakladanie veget\u00e1cie<\/h6><span class=\"abstract\" style=\"color:#212429\"><\/span><a href=\"https:\/\/www.maccaferri.com\/sk\/webin%C3%A1re\/how-to-prevent-soil-erosion-while-promoting-the-establishment-of-vegetation\/\" target=\"_blank\" class=\"cta\" rel=\"noopener\"><span class=\"text\" style=\"color:#004857\">ODKAZ TU<\/span><\/a><div class=\"star\"><span class=\"material-symbols-rounded starrate\">star<\/span><\/div><\/div><\/div><\/div><\/div>\n\n<div class=\"wp-block-column is-layout-flow wp-block-column-is-layout-flow\"><div class=\"wp-block-mac-card-height-block block-card-height-block-container\"><div class=\"card\"><div class=\"content-images\"><img decoding=\"async\" class=\"box-image\" src=\"https:\/\/www.maccaferri.com\/wp-content\/uploads\/2023\/09\/6.png\" alt=\"Image Stories\"\/><\/div><div class=\"card-body\"><h6 class=\"wp-block-mac-card-height-block\" style=\"color:#212429\">Evol\u00facia geosyntetiky: od p\u00f4vodu po modern\u00e9 pokro\u010dil\u00e9 rie\u0161enia<\/h6><span class=\"abstract\" style=\"color:#212429\"><\/span><a href=\"https:\/\/www.maccaferri.com\/sk\/webin%C3%A1re\/geosynthetic-revolution\/\" target=\"_blank\" class=\"cta\" rel=\"noopener\"><span class=\"text\" style=\"color:#004857\">ODKAZ TU<\/span><\/a><div class=\"star\"><span class=\"material-symbols-rounded starrate\">star<\/span><\/div><\/div><\/div><\/div><\/div><\/div><\/div><div class=\"wp-block-mac-container-block box-container\"><div class=\"wp-block-columns is-layout-flex wp-container-core-columns-is-layout-9d6595d7 wp-block-columns-is-layout-flex\"><div class=\"wp-block-column is-layout-flow wp-block-column-is-layout-flow\"><div class=\"wp-block-buttons is-layout-flex wp-block-buttons-is-layout-flex\"><div class=\"wp-block-button\"><a class=\"wp-block-button__link wp-element-button\" href=\"https:\/\/www.maccaferri.com\/sk\/centrum-vedy\/\">V\u0161etky ostatn\u00e9 webin\u00e1re<\/a><\/div><\/div><\/div><\/div><\/div><div style=\"height:60px\" aria-hidden=\"true\" class=\"wp-block-spacer\"><\/div><div class=\"wp-block-mac-container-block box-container\"><div class=\"wp-block-columns is-layout-flex wp-container-core-columns-is-layout-9d6595d7 wp-block-columns-is-layout-flex\"><div class=\"wp-block-column is-layout-flow wp-block-column-is-layout-flow\"><h2 class=\"wp-block-heading has-text-color has-link-color wp-elements-469bb06fd957a6c225f8bb18e7c0a2cc\" id=\"h-oblast-na-stiahnutie\" style=\"color:#034e51;font-size:30px\"><strong>OBLAS\u0164 NA STIAHNUTIE<\/strong><\/h2>\n\n<p id=\"download\">Vypl\u0148te ni\u017e\u0161ie uveden\u00fd formul\u00e1r a z\u00edskajte pr\u00edstup k n\u00e1\u0161mu exkluz\u00edvnemu materi\u00e1lu o geosyntetik\u00e1ch.<\/p>\n\n<iframe src=\"https:\/\/www2.maccaferri.com\/l\/965143\/2025-03-18\/5tlms7\" width=\"100%\" height=\"700\" type=\"text\/html\" frameborder=\"0\" allowTransparency=\"true\" style=\"border: 0\"data-cookieconsent=\"ignore\"><\/iframe><\/div><\/div><\/div>","protected":false},"excerpt":{"rendered":"","protected":false},"author":21,"featured_media":0,"parent":0,"menu_order":0,"comment_status":"closed","ping_status":"closed","template":"","meta":{"_acf_changed":false,"_joinchat":[],"footnotes":""},"class_list":["post-60048","page","type-page","status-publish","hentry"],"acf":{"uuid_products":"","product-documents":[84714]},"yoast_head":"<!-- This site is optimized with the Yoast SEO Premium plugin v27.0 (Yoast SEO v27.0) - https:\/\/yoast.com\/product\/yoast-seo-premium-wordpress\/ -->\n<title>GEOSYNTHETICS - Maccaferri Central Europe<\/title>\n<meta name=\"description\" content=\"0GEOSYNTETIKAStiahnu\u0165 bal\u00ed\u010dekPreviousNext SVET GEOSYNTET\u00cdK Geosyntetik\u00e1 sa pou\u017e\u00edvaj\u00fa v r\u00f4znych aplik\u00e1ci\u00e1ch ako s\u00fa zosilnenie existuj\u00facej zeminy, zlep\u0161enie\" \/>\n<meta name=\"robots\" content=\"index, follow, max-snippet:-1, max-image-preview:large, max-video-preview:-1\" \/>\n<link rel=\"canonical\" href=\"https:\/\/www.maccaferri.com\/sk\/geosynthetics\/\" \/>\n<meta property=\"og:locale\" content=\"sk_SK\" \/>\n<meta property=\"og:type\" content=\"article\" \/>\n<meta property=\"og:title\" content=\"GEOSYNTHETICS - Maccaferri Central Europe\" \/>\n<meta property=\"og:description\" content=\"0GEOSYNTETIKAStiahnu\u0165 bal\u00ed\u010dekPreviousNext SVET GEOSYNTET\u00cdK Geosyntetik\u00e1 sa pou\u017e\u00edvaj\u00fa v r\u00f4znych aplik\u00e1ci\u00e1ch ako s\u00fa zosilnenie existuj\u00facej zeminy, zlep\u0161enie\" \/>\n<meta property=\"og:url\" content=\"https:\/\/www.maccaferri.com\/sk\/geosynthetics\/\" \/>\n<meta property=\"og:site_name\" content=\"Maccaferri Central Europe\" \/>\n<meta property=\"article:modified_time\" content=\"2025-03-20T10:05:16+00:00\" \/>\n<meta property=\"og:image\" content=\"https:\/\/www.maccaferri.com\/wp-content\/uploads\/2023\/08\/Header-pagine-Nuovo-sito-10.png\" \/>\n<meta name=\"twitter:card\" content=\"summary_large_image\" \/>\n<meta name=\"twitter:label1\" content=\"Est. reading time\" \/>\n\t<meta name=\"twitter:data1\" content=\"3 minutes\" \/>\n<script type=\"application\/ld+json\" class=\"yoast-schema-graph\">{\"@context\":\"https:\/\/schema.org\",\"@graph\":[{\"@type\":\"WebPage\",\"@id\":\"https:\/\/www.maccaferri.com\/sk\/geosynthetics\/\",\"url\":\"https:\/\/www.maccaferri.com\/sk\/geosynthetics\/\",\"name\":\"GEOSYNTHETICS - Maccaferri Central Europe\",\"isPartOf\":{\"@id\":\"https:\/\/www.maccaferri.com\/sk\/#website\"},\"primaryImageOfPage\":{\"@id\":\"https:\/\/www.maccaferri.com\/sk\/geosynthetics\/#primaryimage\"},\"image\":{\"@id\":\"https:\/\/www.maccaferri.com\/sk\/geosynthetics\/#primaryimage\"},\"thumbnailUrl\":\"https:\/\/www.maccaferri.com\/wp-content\/uploads\/2023\/08\/Header-pagine-Nuovo-sito-10.png\",\"datePublished\":\"2025-03-20T10:05:13+00:00\",\"dateModified\":\"2025-03-20T10:05:16+00:00\",\"description\":\"0GEOSYNTETIKAStiahnu\u0165 bal\u00ed\u010dekPreviousNext SVET GEOSYNTET\u00cdK Geosyntetik\u00e1 sa pou\u017e\u00edvaj\u00fa v r\u00f4znych aplik\u00e1ci\u00e1ch ako s\u00fa zosilnenie existuj\u00facej zeminy, zlep\u0161enie\",\"inLanguage\":\"sk-SK\",\"potentialAction\":[{\"@type\":\"ReadAction\",\"target\":[\"https:\/\/www.maccaferri.com\/sk\/geosynthetics\/\"]}]},{\"@type\":\"ImageObject\",\"inLanguage\":\"sk-SK\",\"@id\":\"https:\/\/www.maccaferri.com\/sk\/geosynthetics\/#primaryimage\",\"url\":\"https:\/\/www.maccaferri.com\/wp-content\/uploads\/2023\/08\/Header-pagine-Nuovo-sito-10.png\",\"contentUrl\":\"https:\/\/www.maccaferri.com\/wp-content\/uploads\/2023\/08\/Header-pagine-Nuovo-sito-10.png\"},{\"@type\":\"WebSite\",\"@id\":\"https:\/\/www.maccaferri.com\/sk\/#website\",\"url\":\"https:\/\/www.maccaferri.com\/sk\/\",\"name\":\"Maccaferri Central Europe\",\"description\":\"\",\"publisher\":{\"@id\":\"https:\/\/www.maccaferri.com\/sk\/#organization\"},\"potentialAction\":[{\"@type\":\"SearchAction\",\"target\":{\"@type\":\"EntryPoint\",\"urlTemplate\":\"https:\/\/www.maccaferri.com\/sk\/?s={search_term_string}\"},\"query-input\":{\"@type\":\"PropertyValueSpecification\",\"valueRequired\":true,\"valueName\":\"search_term_string\"}}],\"inLanguage\":\"sk-SK\"},{\"@type\":\"Organization\",\"@id\":\"https:\/\/www.maccaferri.com\/sk\/#organization\",\"name\":\"Maccaferri Central Europe\",\"url\":\"https:\/\/www.maccaferri.com\/sk\/\",\"logo\":{\"@type\":\"ImageObject\",\"inLanguage\":\"sk-SK\",\"@id\":\"https:\/\/www.maccaferri.com\/sk\/#\/schema\/logo\/image\/\",\"url\":\"https:\/\/www.maccaferri.com\/sk\/wp-content\/uploads\/2022\/07\/logo-maccaferri.png\",\"contentUrl\":\"https:\/\/www.maccaferri.com\/sk\/wp-content\/uploads\/2022\/07\/logo-maccaferri.png\",\"width\":152,\"height\":32,\"caption\":\"Maccaferri Central Europe\"},\"image\":{\"@id\":\"https:\/\/www.maccaferri.com\/sk\/#\/schema\/logo\/image\/\"}}]}<\/script>\n<!-- \/ Yoast SEO Premium plugin. -->","yoast_head_json":{"title":"GEOSYNTHETICS - Maccaferri Central Europe","description":"0GEOSYNTETIKAStiahnu\u0165 bal\u00ed\u010dekPreviousNext SVET GEOSYNTET\u00cdK Geosyntetik\u00e1 sa pou\u017e\u00edvaj\u00fa v r\u00f4znych aplik\u00e1ci\u00e1ch ako s\u00fa zosilnenie existuj\u00facej zeminy, zlep\u0161enie","robots":{"index":"index","follow":"follow","max-snippet":"max-snippet:-1","max-image-preview":"max-image-preview:large","max-video-preview":"max-video-preview:-1"},"canonical":"https:\/\/www.maccaferri.com\/sk\/geosynthetics\/","og_locale":"sk_SK","og_type":"article","og_title":"GEOSYNTHETICS - Maccaferri Central Europe","og_description":"0GEOSYNTETIKAStiahnu\u0165 bal\u00ed\u010dekPreviousNext SVET GEOSYNTET\u00cdK Geosyntetik\u00e1 sa pou\u017e\u00edvaj\u00fa v r\u00f4znych aplik\u00e1ci\u00e1ch ako s\u00fa zosilnenie existuj\u00facej zeminy, zlep\u0161enie","og_url":"https:\/\/www.maccaferri.com\/sk\/geosynthetics\/","og_site_name":"Maccaferri Central Europe","article_modified_time":"2025-03-20T10:05:16+00:00","og_image":[{"url":"https:\/\/www.maccaferri.com\/wp-content\/uploads\/2023\/08\/Header-pagine-Nuovo-sito-10.png","type":"","width":"","height":""}],"twitter_card":"summary_large_image","twitter_misc":{"Est. reading time":"3 minutes"},"schema":{"@context":"https:\/\/schema.org","@graph":[{"@type":"WebPage","@id":"https:\/\/www.maccaferri.com\/sk\/geosynthetics\/","url":"https:\/\/www.maccaferri.com\/sk\/geosynthetics\/","name":"GEOSYNTHETICS - Maccaferri Central Europe","isPartOf":{"@id":"https:\/\/www.maccaferri.com\/sk\/#website"},"primaryImageOfPage":{"@id":"https:\/\/www.maccaferri.com\/sk\/geosynthetics\/#primaryimage"},"image":{"@id":"https:\/\/www.maccaferri.com\/sk\/geosynthetics\/#primaryimage"},"thumbnailUrl":"https:\/\/www.maccaferri.com\/wp-content\/uploads\/2023\/08\/Header-pagine-Nuovo-sito-10.png","datePublished":"2025-03-20T10:05:13+00:00","dateModified":"2025-03-20T10:05:16+00:00","description":"0GEOSYNTETIKAStiahnu\u0165 bal\u00ed\u010dekPreviousNext SVET GEOSYNTET\u00cdK Geosyntetik\u00e1 sa pou\u017e\u00edvaj\u00fa v r\u00f4znych aplik\u00e1ci\u00e1ch ako s\u00fa zosilnenie existuj\u00facej zeminy, zlep\u0161enie","inLanguage":"sk-SK","potentialAction":[{"@type":"ReadAction","target":["https:\/\/www.maccaferri.com\/sk\/geosynthetics\/"]}]},{"@type":"ImageObject","inLanguage":"sk-SK","@id":"https:\/\/www.maccaferri.com\/sk\/geosynthetics\/#primaryimage","url":"https:\/\/www.maccaferri.com\/wp-content\/uploads\/2023\/08\/Header-pagine-Nuovo-sito-10.png","contentUrl":"https:\/\/www.maccaferri.com\/wp-content\/uploads\/2023\/08\/Header-pagine-Nuovo-sito-10.png"},{"@type":"WebSite","@id":"https:\/\/www.maccaferri.com\/sk\/#website","url":"https:\/\/www.maccaferri.com\/sk\/","name":"Maccaferri Central Europe","description":"","publisher":{"@id":"https:\/\/www.maccaferri.com\/sk\/#organization"},"potentialAction":[{"@type":"SearchAction","target":{"@type":"EntryPoint","urlTemplate":"https:\/\/www.maccaferri.com\/sk\/?s={search_term_string}"},"query-input":{"@type":"PropertyValueSpecification","valueRequired":true,"valueName":"search_term_string"}}],"inLanguage":"sk-SK"},{"@type":"Organization","@id":"https:\/\/www.maccaferri.com\/sk\/#organization","name":"Maccaferri Central Europe","url":"https:\/\/www.maccaferri.com\/sk\/","logo":{"@type":"ImageObject","inLanguage":"sk-SK","@id":"https:\/\/www.maccaferri.com\/sk\/#\/schema\/logo\/image\/","url":"https:\/\/www.maccaferri.com\/sk\/wp-content\/uploads\/2022\/07\/logo-maccaferri.png","contentUrl":"https:\/\/www.maccaferri.com\/sk\/wp-content\/uploads\/2022\/07\/logo-maccaferri.png","width":152,"height":32,"caption":"Maccaferri Central Europe"},"image":{"@id":"https:\/\/www.maccaferri.com\/sk\/#\/schema\/logo\/image\/"}}]}},"_links":{"self":[{"href":"https:\/\/www.maccaferri.com\/sk\/wp-json\/wp\/v2\/pages\/60048","targetHints":{"allow":["GET"]}}],"collection":[{"href":"https:\/\/www.maccaferri.com\/sk\/wp-json\/wp\/v2\/pages"}],"about":[{"href":"https:\/\/www.maccaferri.com\/sk\/wp-json\/wp\/v2\/types\/page"}],"author":[{"embeddable":true,"href":"https:\/\/www.maccaferri.com\/sk\/wp-json\/wp\/v2\/users\/21"}],"replies":[{"embeddable":true,"href":"https:\/\/www.maccaferri.com\/sk\/wp-json\/wp\/v2\/comments?post=60048"}],"version-history":[{"count":3,"href":"https:\/\/www.maccaferri.com\/sk\/wp-json\/wp\/v2\/pages\/60048\/revisions"}],"predecessor-version":[{"id":87969,"href":"https:\/\/www.maccaferri.com\/sk\/wp-json\/wp\/v2\/pages\/60048\/revisions\/87969"}],"acf:post":[{"embeddable":true,"href":"https:\/\/www.maccaferri.com\/sk\/wp-json\/wp\/v2\/wpdmpro\/84714"}],"wp:attachment":[{"href":"https:\/\/www.maccaferri.com\/sk\/wp-json\/wp\/v2\/media?parent=60048"}],"curies":[{"name":"wp","href":"https:\/\/api.w.org\/{rel}","templated":true}]}}