{"id":60043,"date":"2025-02-18T11:40:53","date_gmt":"2025-02-18T10:40:53","guid":{"rendered":"https:\/\/www.maccaferri.com\/sk\/?page_id=60043"},"modified":"2025-03-20T12:44:17","modified_gmt":"2025-03-20T11:44:17","slug":"polimac","status":"publish","type":"page","link":"https:\/\/www.maccaferri.com\/sk\/polimac\/","title":{"rendered":"PoliMac"},"content":{"rendered":"<div class=\"wp-block-cover is-light\" style=\"min-height:100vh;aspect-ratio:unset;\"><span aria-hidden=\"true\" class=\"wp-block-cover__background has-background-dim-10 has-background-dim\"><\/span><video class=\"wp-block-cover__video-background intrinsic-ignore\" autoplay muted loop playsinline src=\"https:\/\/www.maccaferri.com\/wp-content\/uploads\/2023\/03\/LOOP-POLIMAC-MAccaferri-1.mp4\" style=\"object-position:52% 51%\" data-object-fit=\"cover\" data-object-position=\"52% 51%\"><\/video><div class=\"wp-block-cover__inner-container is-layout-flow wp-block-cover-is-layout-flow\"><p class=\"has-text-align-center has-small-font-size\"><\/p><\/div><\/div><div class=\"wp-block-mac-container-block box-container\"><div class=\"wp-block-columns is-layout-flex wp-container-core-columns-is-layout-9d6595d7 wp-block-columns-is-layout-flex\"><div class=\"wp-block-column is-layout-flow wp-block-column-is-layout-flow\"><\/div><\/div><\/div><div class=\"container content-paragraph box-container\"><div class=\"row\"><div class=\"col-12 col-lg-12 col-xl-12 col-xxl-12\"><div class=\"content-txt\"><h1 style=\"text-align: center\"><span style=\"color: #004857\"><strong>PoliMac\u00ae <\/strong><\/span><\/h1>\n<\/div><\/div><\/div><\/div><div class=\"wp-block-mac-container-block box-container\"><div class=\"wp-block-columns is-layout-flex wp-container-core-columns-is-layout-9d6595d7 wp-block-columns-is-layout-flex\"><div class=\"wp-block-column is-layout-flow wp-block-column-is-layout-flow\"><div class=\"container content-paragraph box-container\"><div class=\"row\"><div class=\"col-12 col-lg-12 col-xl-12 col-xxl-12\"><div class=\"content-txt\"><h4 style=\"text-align: center;\">Odolnej\u0161\u00ed<\/h4>\n<\/div><\/div><\/div><\/div>\n\n<p class=\"has-text-align-center\">Sp\u013a\u0148a \u0161pecifick\u00e9 po\u017eiadavky, ktor\u00e9 s\u00fa kladen\u00e9 na stavebn\u00e9 materi\u00e1ly, kon\u0161trukcie a in\u017einierske rie\u0161enia.<\/p><\/div>\n\n<div class=\"wp-block-column is-layout-flow wp-block-column-is-layout-flow\"><div class=\"container content-paragraph box-container\"><div class=\"row\"><div class=\"col-12 col-lg-12 col-xl-12 col-xxl-12\"><div class=\"content-txt\"><h4 style=\"text-align: center;\">Dlh\u0161ia \u017eivotnos\u0165<\/h4>\n<\/div><\/div><\/div><\/div>\n\n<p class=\"has-text-align-center\">Maximalizuje dlhodob\u00fa \u017eivotnos\u0165 a efekt\u00edvnos\u0165.<\/p><\/div>\n\n<div class=\"wp-block-column is-layout-flow wp-block-column-is-layout-flow\"><div class=\"container content-paragraph box-container\"><div class=\"row\"><div class=\"col-12 col-lg-12 col-xl-12 col-xxl-12\"><div class=\"content-txt\"><h4 style=\"text-align: center;\">\u0160etrn\u00fd k \u017eivotn\u00e9mu prostrediu<\/h4>\n<\/div><\/div><\/div><\/div>\n\n<p class=\"has-text-align-center\">Sp\u013a\u0148a environment\u00e1lne po\u017eiadavky po\u010das n\u00e1vrhu a realiz\u00e1cie projektu.<\/p><\/div><\/div><\/div><div style=\"height:43px\" aria-hidden=\"true\" class=\"wp-block-spacer\"><\/div><div class=\"wp-block-mac-editor-block container-fluid\" style=\"background:#004857\"><div class=\"row\"><div class=\"col\"><div class=\"gts__picture\"><img style=\"display:none\"\/><div class=\"gts__picture__image\" style=\"background-image:url(undefined)\"><\/div><\/div><div class=\"container box-container\"><div class=\"row\"><div class=\"col title-box-txt\"><div style=\"text-align:center\"><h2 class=\"wp-block-mac-editor-block\" style=\"color:#FFFFFF\">O 120 rokov bud\u00fa environment\u00e1lne podmienky agres\u00edvnej\u0161ie. My m\u00e1me rie\u0161enie u\u017e dnes.<\/h2><\/div><div style=\"text-align:center\"><p class=\"wp-block-mac-editor-block\" style=\"color:#FFFFFF\"><\/p><\/div><div style=\"text-align:right\"><a target=\"_blank\" class=\"buttonurl\" rel=\"noopener\"><span class=\"buttontext\"><\/span><\/a><\/div><\/div><\/div><\/div><\/div><\/div><\/div><div class=\"wp-block-columns is-layout-flex wp-container-core-columns-is-layout-9d6595d7 wp-block-columns-is-layout-flex\"><div class=\"wp-block-column is-layout-flow wp-block-column-is-layout-flow\"><div style=\"height:50px\" aria-hidden=\"true\" class=\"wp-block-spacer\"><\/div><\/div><\/div><div class=\"wp-block-mac-h4-title-bold-block block-txt-container box-container\"><div class=\"row\"><div class=\"col title-box-txt\"><h4 style=\"color:#004857;text-align:center\">Polim\u00e9rov\u00e1 ochrana PoliMac\u00ae je aplikovan\u00e1 na produkty spolo\u010dnosti Maccaferri, aby zabezpe\u010dila ich dlhodob\u00fa \u017eivotnos\u0165, vy\u0161\u0161iu odolnos\u0165 a n\u00e1kladov\u00fa efekt\u00edvnos\u0165 v r\u00e1mci modern\u00fdch stavebn\u00fdch projektov.<\/h4><\/div><\/div><\/div><div class=\"wp-block-mac-container-block box-container\"><div class=\"container\"><h2><\/h2><div class=\"row\"><\/div><\/div><\/div><div style=\"height:100px\" aria-hidden=\"true\" class=\"wp-block-spacer\"><\/div><div class=\"wp-block-mac-container-block box-container\"><div class=\"wp-block-columns is-layout-flex wp-container-core-columns-is-layout-9d6595d7 wp-block-columns-is-layout-flex\"><div class=\"wp-block-column is-layout-flow wp-block-column-is-layout-flow\"><div class=\"wp-block-mac-h4-title-block block-txt-container box-container\"><div class=\"row\"><div class=\"col title-box-txt\"><h4 style=\"color:#212429;text-align:center\">ZISTITE VIAC O POLIMAC\u00ae<\/h4><\/div><\/div><\/div>\n\n<div class=\"wp-block-buttons is-horizontal is-content-justification-center is-layout-flex wp-container-core-buttons-is-layout-499968f5 wp-block-buttons-is-layout-flex\"><div class=\"wp-block-button\"><a class=\"wp-block-button__link wp-element-button\" href=\"https:\/\/www2.maccaferri.com\/l\/965143\/2025-02-18\/5tgcwr\">Stiahnite si cel\u00fd dokument<\/a><\/div><\/div><\/div><\/div><\/div><div style=\"height:100px\" aria-hidden=\"true\" class=\"wp-block-spacer\"><\/div>","protected":false},"excerpt":{"rendered":"","protected":false},"author":21,"featured_media":0,"parent":0,"menu_order":0,"comment_status":"closed","ping_status":"closed","template":"","meta":{"_acf_changed":false,"_joinchat":[],"footnotes":""},"class_list":["post-60043","page","type-page","status-publish","hentry"],"acf":{"uuid_products":"","product-documents":""},"yoast_head":"<!-- This site is optimized with the Yoast SEO Premium plugin v27.0 (Yoast SEO v27.0) - https:\/\/yoast.com\/product\/yoast-seo-premium-wordpress\/ -->\n<title>PoliMac - Maccaferri Central Europe<\/title>\n<meta name=\"description\" content=\"Sp\u013a\u0148a \u0161pecifick\u00e9 po\u017eiadavky, ktor\u00e9 s\u00fa kladen\u00e9 na stavebn\u00e9 materi\u00e1ly, kon\u0161trukcie a in\u017einierske rie\u0161enia. Maximalizuje dlhodob\u00fa \u017eivotnos\u0165 a efekt\u00edvnos\u0165.\" \/>\n<meta name=\"robots\" content=\"index, follow, max-snippet:-1, max-image-preview:large, max-video-preview:-1\" \/>\n<link rel=\"canonical\" href=\"https:\/\/www.maccaferri.com\/sk\/polimac\/\" \/>\n<meta property=\"og:locale\" content=\"sk_SK\" \/>\n<meta property=\"og:type\" content=\"article\" \/>\n<meta property=\"og:title\" content=\"PoliMac - Maccaferri Central Europe\" \/>\n<meta property=\"og:description\" content=\"Sp\u013a\u0148a \u0161pecifick\u00e9 po\u017eiadavky, ktor\u00e9 s\u00fa kladen\u00e9 na stavebn\u00e9 materi\u00e1ly, kon\u0161trukcie a in\u017einierske rie\u0161enia. Maximalizuje dlhodob\u00fa \u017eivotnos\u0165 a efekt\u00edvnos\u0165.\" \/>\n<meta property=\"og:url\" content=\"https:\/\/www.maccaferri.com\/sk\/polimac\/\" \/>\n<meta property=\"og:site_name\" content=\"Maccaferri Central Europe\" \/>\n<meta property=\"article:modified_time\" content=\"2025-03-20T11:44:17+00:00\" \/>\n<meta name=\"twitter:card\" content=\"summary_large_image\" \/>\n<meta name=\"twitter:label1\" content=\"Est. reading time\" \/>\n\t<meta name=\"twitter:data1\" content=\"1 minute\" \/>\n<script type=\"application\/ld+json\" class=\"yoast-schema-graph\">{\"@context\":\"https:\/\/schema.org\",\"@graph\":[{\"@type\":\"WebPage\",\"@id\":\"https:\/\/www.maccaferri.com\/sk\/polimac\/\",\"url\":\"https:\/\/www.maccaferri.com\/sk\/polimac\/\",\"name\":\"PoliMac - Maccaferri Central Europe\",\"isPartOf\":{\"@id\":\"https:\/\/www.maccaferri.com\/sk\/#website\"},\"datePublished\":\"2025-02-18T10:40:53+00:00\",\"dateModified\":\"2025-03-20T11:44:17+00:00\",\"description\":\"Sp\u013a\u0148a \u0161pecifick\u00e9 po\u017eiadavky, ktor\u00e9 s\u00fa kladen\u00e9 na stavebn\u00e9 materi\u00e1ly, kon\u0161trukcie a in\u017einierske rie\u0161enia. Maximalizuje dlhodob\u00fa \u017eivotnos\u0165 a efekt\u00edvnos\u0165.\",\"inLanguage\":\"sk-SK\",\"potentialAction\":[{\"@type\":\"ReadAction\",\"target\":[\"https:\/\/www.maccaferri.com\/sk\/polimac\/\"]}]},{\"@type\":\"WebSite\",\"@id\":\"https:\/\/www.maccaferri.com\/sk\/#website\",\"url\":\"https:\/\/www.maccaferri.com\/sk\/\",\"name\":\"Maccaferri Central Europe\",\"description\":\"\",\"publisher\":{\"@id\":\"https:\/\/www.maccaferri.com\/sk\/#organization\"},\"potentialAction\":[{\"@type\":\"SearchAction\",\"target\":{\"@type\":\"EntryPoint\",\"urlTemplate\":\"https:\/\/www.maccaferri.com\/sk\/?s={search_term_string}\"},\"query-input\":{\"@type\":\"PropertyValueSpecification\",\"valueRequired\":true,\"valueName\":\"search_term_string\"}}],\"inLanguage\":\"sk-SK\"},{\"@type\":\"Organization\",\"@id\":\"https:\/\/www.maccaferri.com\/sk\/#organization\",\"name\":\"Maccaferri Central Europe\",\"url\":\"https:\/\/www.maccaferri.com\/sk\/\",\"logo\":{\"@type\":\"ImageObject\",\"inLanguage\":\"sk-SK\",\"@id\":\"https:\/\/www.maccaferri.com\/sk\/#\/schema\/logo\/image\/\",\"url\":\"https:\/\/www.maccaferri.com\/sk\/wp-content\/uploads\/2022\/07\/logo-maccaferri.png\",\"contentUrl\":\"https:\/\/www.maccaferri.com\/sk\/wp-content\/uploads\/2022\/07\/logo-maccaferri.png\",\"width\":152,\"height\":32,\"caption\":\"Maccaferri Central Europe\"},\"image\":{\"@id\":\"https:\/\/www.maccaferri.com\/sk\/#\/schema\/logo\/image\/\"}}]}<\/script>\n<!-- \/ Yoast SEO Premium plugin. -->","yoast_head_json":{"title":"PoliMac - Maccaferri Central Europe","description":"Sp\u013a\u0148a \u0161pecifick\u00e9 po\u017eiadavky, ktor\u00e9 s\u00fa kladen\u00e9 na stavebn\u00e9 materi\u00e1ly, kon\u0161trukcie a in\u017einierske rie\u0161enia. Maximalizuje dlhodob\u00fa \u017eivotnos\u0165 a efekt\u00edvnos\u0165.","robots":{"index":"index","follow":"follow","max-snippet":"max-snippet:-1","max-image-preview":"max-image-preview:large","max-video-preview":"max-video-preview:-1"},"canonical":"https:\/\/www.maccaferri.com\/sk\/polimac\/","og_locale":"sk_SK","og_type":"article","og_title":"PoliMac - Maccaferri Central Europe","og_description":"Sp\u013a\u0148a \u0161pecifick\u00e9 po\u017eiadavky, ktor\u00e9 s\u00fa kladen\u00e9 na stavebn\u00e9 materi\u00e1ly, kon\u0161trukcie a in\u017einierske rie\u0161enia. Maximalizuje dlhodob\u00fa \u017eivotnos\u0165 a efekt\u00edvnos\u0165.","og_url":"https:\/\/www.maccaferri.com\/sk\/polimac\/","og_site_name":"Maccaferri Central Europe","article_modified_time":"2025-03-20T11:44:17+00:00","twitter_card":"summary_large_image","twitter_misc":{"Est. reading time":"1 minute"},"schema":{"@context":"https:\/\/schema.org","@graph":[{"@type":"WebPage","@id":"https:\/\/www.maccaferri.com\/sk\/polimac\/","url":"https:\/\/www.maccaferri.com\/sk\/polimac\/","name":"PoliMac - Maccaferri Central Europe","isPartOf":{"@id":"https:\/\/www.maccaferri.com\/sk\/#website"},"datePublished":"2025-02-18T10:40:53+00:00","dateModified":"2025-03-20T11:44:17+00:00","description":"Sp\u013a\u0148a \u0161pecifick\u00e9 po\u017eiadavky, ktor\u00e9 s\u00fa kladen\u00e9 na stavebn\u00e9 materi\u00e1ly, kon\u0161trukcie a in\u017einierske rie\u0161enia. Maximalizuje dlhodob\u00fa \u017eivotnos\u0165 a efekt\u00edvnos\u0165.","inLanguage":"sk-SK","potentialAction":[{"@type":"ReadAction","target":["https:\/\/www.maccaferri.com\/sk\/polimac\/"]}]},{"@type":"WebSite","@id":"https:\/\/www.maccaferri.com\/sk\/#website","url":"https:\/\/www.maccaferri.com\/sk\/","name":"Maccaferri Central Europe","description":"","publisher":{"@id":"https:\/\/www.maccaferri.com\/sk\/#organization"},"potentialAction":[{"@type":"SearchAction","target":{"@type":"EntryPoint","urlTemplate":"https:\/\/www.maccaferri.com\/sk\/?s={search_term_string}"},"query-input":{"@type":"PropertyValueSpecification","valueRequired":true,"valueName":"search_term_string"}}],"inLanguage":"sk-SK"},{"@type":"Organization","@id":"https:\/\/www.maccaferri.com\/sk\/#organization","name":"Maccaferri Central Europe","url":"https:\/\/www.maccaferri.com\/sk\/","logo":{"@type":"ImageObject","inLanguage":"sk-SK","@id":"https:\/\/www.maccaferri.com\/sk\/#\/schema\/logo\/image\/","url":"https:\/\/www.maccaferri.com\/sk\/wp-content\/uploads\/2022\/07\/logo-maccaferri.png","contentUrl":"https:\/\/www.maccaferri.com\/sk\/wp-content\/uploads\/2022\/07\/logo-maccaferri.png","width":152,"height":32,"caption":"Maccaferri Central Europe"},"image":{"@id":"https:\/\/www.maccaferri.com\/sk\/#\/schema\/logo\/image\/"}}]}},"_links":{"self":[{"href":"https:\/\/www.maccaferri.com\/sk\/wp-json\/wp\/v2\/pages\/60043","targetHints":{"allow":["GET"]}}],"collection":[{"href":"https:\/\/www.maccaferri.com\/sk\/wp-json\/wp\/v2\/pages"}],"about":[{"href":"https:\/\/www.maccaferri.com\/sk\/wp-json\/wp\/v2\/types\/page"}],"author":[{"embeddable":true,"href":"https:\/\/www.maccaferri.com\/sk\/wp-json\/wp\/v2\/users\/21"}],"replies":[{"embeddable":true,"href":"https:\/\/www.maccaferri.com\/sk\/wp-json\/wp\/v2\/comments?post=60043"}],"version-history":[{"count":6,"href":"https:\/\/www.maccaferri.com\/sk\/wp-json\/wp\/v2\/pages\/60043\/revisions"}],"predecessor-version":[{"id":87992,"href":"https:\/\/www.maccaferri.com\/sk\/wp-json\/wp\/v2\/pages\/60043\/revisions\/87992"}],"wp:attachment":[{"href":"https:\/\/www.maccaferri.com\/sk\/wp-json\/wp\/v2\/media?parent=60043"}],"curies":[{"name":"wp","href":"https:\/\/api.w.org\/{rel}","templated":true}]}}