{"id":3514,"date":"2022-12-14T12:27:40","date_gmt":"2022-12-14T11:27:40","guid":{"rendered":"https:\/\/www.maccaferri.com\/cet\/?page_id=3514"},"modified":"2025-12-16T11:41:09","modified_gmt":"2025-12-16T10:41:09","slug":"maccaferri-softverovy-balik","status":"publish","type":"page","link":"https:\/\/www.maccaferri.com\/sk\/maccaferri-softverovy-balik\/","title":{"rendered":"Maccaferri Softv\u00e9rov\u00fd bal\u00edk"},"content":{"rendered":"<div class=\"wp-block-mac-h1-title-hero-block container-fluid block-txt-container\" style=\"background:linear-gradient(180deg,rgb(1,94,111) 0%,rgb(0,72,87) 100%)\"><div class=\"row\"><div class=\"col\"><div class=\"gts__picture\"><img decoding=\"async\" src=\"https:\/\/www.maccaferri.com\/sk\/wp-content\/uploads\/2023\/01\/software-10.jpeg\" style=\"display:none\"\/><div class=\"gts__picture__image\" style=\"background-image:url(https:\/\/www.maccaferri.com\/sk\/wp-content\/uploads\/2023\/01\/software-10.jpeg)\"><\/div><\/div><div class=\"container box-container\"><div class=\"row\"><div class=\"col title-box-txt\"><h1 class=\"wp-block-mac-h1-title-hero-block\" style=\"color:#ffffff;text-align:none\">Maccaferri Softv\u00e9rov\u00fd bal\u00edk<\/h1><\/div><\/div><\/div><\/div><\/div><\/div><div style=\"height:100px\" aria-hidden=\"true\" class=\"wp-block-spacer\"><\/div><div class=\"wp-block-columns is-layout-flex wp-container-core-columns-is-layout-9d6595d7 wp-block-columns-is-layout-flex\"><div class=\"wp-block-column is-layout-flow wp-block-column-is-layout-flow\"><div class=\"wp-block-mac-container-block box-container\"><div class=\"wp-block-columns is-layout-flex wp-container-core-columns-is-layout-9d6595d7 wp-block-columns-is-layout-flex\"><div class=\"wp-block-column is-layout-flow wp-block-column-is-layout-flow\"><div class=\"wp-block-mac-h5-txt-paragraph-block block-txt-container box-container\"><div class=\"row\"><div class=\"col paragraph-box-txt\"><h5 class=\"wp-block-mac-h5-txt-paragraph-block\" style=\"color:#212429;text-align:left\">N\u00e1\u0161 celosvetovo uzn\u00e1van\u00fd a pou\u017e\u00edvate\u013esky pr\u00edvetiv\u00fd bal\u00edk softv\u00e9ru, vyvinut\u00fd v spolupr\u00e1ci s popredn\u00fdmi in\u0161tit\u00faciami a univerzitami, umo\u017e\u0148uje in\u017einierom navrhova\u0165 a dod\u00e1va\u0165 efekt\u00edvne a spo\u013eahliv\u00e9 stavebn\u00e9 rie\u0161enia.<br>Na\u0161e bezplatn\u00e9 softv\u00e9rov\u00e9 rie\u0161enia, zalo\u017een\u00e9 na experiment\u00e1lnych \u00fadajoch z\u00edskan\u00fdch po\u010das desa\u0165ro\u010d\u00ed sk\u00fasenost\u00ed v ter\u00e9ne a pr\u00edsnych testovac\u00edch kampan\u00ed, vyhovuj\u00fa po\u017eiadavk\u00e1m stavebn\u00fdch a geotechnick\u00fdch in\u017einierov na celom svete, pri\u010dom pon\u00fakaj\u00fa aj \u010fal\u0161ie v\u00fdhody v podobe n\u00e1kladovej efekt\u00edvnosti a lep\u0161ej realizovate\u013enosti stavieb.<br><br>Kontaktujte n\u00e1s a nechajte sa za\u0161koli\u0165 do na\u0161ich softv\u00e9rov\u00fdch rie\u0161en\u00ed a za\u010dnite navrhova\u0165 \u0161pi\u010dkov\u00e9 a n\u00e1ro\u010dn\u00e9 technick\u00e9 rie\u0161enia v najr\u00f4znej\u0161\u00edch podmienkach.<\/h5><\/div><\/div><\/div><\/div><\/div><\/div><\/div><\/div><div class=\"wp-block-mac-container-block box-container\"><div class=\"wp-block-columns is-layout-flex wp-container-core-columns-is-layout-9d6595d7 wp-block-columns-is-layout-flex\"><div class=\"wp-block-column is-layout-flow wp-block-column-is-layout-flow\"><figure class=\"wp-block-image size-full\"><img fetchpriority=\"high\" decoding=\"async\" width=\"430\" height=\"330\" src=\"https:\/\/www.maccaferri.com\/cet\/wp-content\/uploads\/sites\/29\/2022\/12\/maccaferri-software.png\" alt=\"\" class=\"wp-image-3075\" srcset=\"https:\/\/www.maccaferri.com\/sk\/wp-content\/uploads\/2022\/12\/maccaferri-software.png 430w, https:\/\/www.maccaferri.com\/sk\/wp-content\/uploads\/2022\/12\/maccaferri-software-300x230.png 300w\" sizes=\"(max-width: 430px) 100vw, 430px\" \/><\/figure><\/div>\n\n<div class=\"wp-block-column is-layout-flow wp-block-column-is-layout-flow\"><div style=\"height:50px\" aria-hidden=\"true\" class=\"wp-block-spacer\"><\/div>\n\n<div class=\"wp-block-mac-h2-title-bold-block block-txt-container box-container\"><div class=\"row\"><div class=\"col title-box-txt\"><h2 style=\"color:#004857;text-align:center\">Online softv\u00e9r<\/h2><\/div><\/div><\/div>\n\n<p class=\"has-text-align-left has-medium-font-size\">Nav\u0161t\u00edvte softv\u00e9rov\u00fa platformu Maccaferri eDesign. Navrhujte online odkia\u013eko\u013evek. Nie je potrebn\u00e9 s\u0165ahovanie.<\/p>\n\n<ul style=\"font-size:19px\" class=\"wp-block-list\"><li><strong>Mac S-Design<\/strong>: zabezpe\u010dte svoj svah<\/li>\n\n<li><strong>MacTube Design<\/strong>: chr\u00e1\u0148te svoje pobre\u017eie<\/li>\n\n<li><strong>MacBars Design<\/strong>: Stabilizujte v\u00e1\u0161 hr\u00e1dzu<\/li>\n\n<li><strong>MACRA Design<\/strong>: projektovanie rie\u010dnych vodn\u00fdch diel<\/li>\n\n<li><strong>REQUALIFE<\/strong>: navrhovanie vodn\u00fdch tokov pre udr\u017eate\u013en\u00fa bud\u00facnos\u0165<\/li>\n\n<li><strong>ECoMac Design<\/strong>: zabra\u0148te er\u00f3zii p\u00f4dy<\/li>\n\n<li><strong>MacQuay Design<\/strong>: chr\u00e1\u0148te svoju \u0161trukt\u00faru pr\u00edstaviska<\/li>\n\n<li><strong>MacRo Design:<\/strong> Syst\u00e9my opl\u00e1\u0161tenia skaln\u00fdch stien<\/li>\n\n<li><strong>GROUNDMAC<\/strong>: Zlep\u0161ite svoju p\u00f4du<\/li><\/ul>\n\n<div class=\"wp-block-buttons is-content-justification-center is-layout-flex wp-container-core-buttons-is-layout-16018d1d wp-block-buttons-is-layout-flex\"><div class=\"wp-block-button\"><a class=\"wp-block-button__link wp-element-button\" href=\"https:\/\/edesign.maccaferri.com\/\">Prejs\u0165 na platformu<\/a><\/div><\/div><\/div><\/div><\/div><div style=\"height:150px\" aria-hidden=\"true\" class=\"wp-block-spacer\"><\/div><div class=\"wp-block-mac-container-block box-container\"><div class=\"wp-block-columns is-layout-flex wp-container-core-columns-is-layout-9d6595d7 wp-block-columns-is-layout-flex\"><div class=\"wp-block-column is-layout-flow wp-block-column-is-layout-flow\"><div class=\"wp-block-mac-h2-title-bold-block block-txt-container box-container\"><div class=\"row\"><div class=\"col title-box-txt\"><h2 style=\"color:#004857;text-align:left\">N\u00e1vrhov\u00fd softv\u00e9r na stiahnutie<\/h2><\/div><\/div><\/div>\n\n<p class=\"has-text-align-left has-medium-font-size\">Objavte n\u00e1\u0161 softv\u00e9r na navrhovanie na stiahnutie:<\/p>\n\n<ul style=\"font-size:19px\" class=\"wp-block-list\"><li><strong>MACFLOW Studio<\/strong>: n\u00e1vrh \u00fa\u010dinn\u00fdch rie\u0161en\u00ed odvodnenia<\/li>\n\n<li><strong>MacStars 4.0<\/strong>: n\u00e1vrh zosilnen\u00fdch svahov p\u00f4dy, m\u00farov a komplexn\u00fdch hybridn\u00fdch \u0161trukt\u00far<\/li>\n\n<li><strong>GAWAC<\/strong>: Projekt oporn\u00e9ho m\u00faru z gabi\u00f3nov<\/li><\/ul>\n\n<div class=\"wp-block-buttons is-layout-flex wp-block-buttons-is-layout-flex\"><div class=\"wp-block-button aligncenter\"><a class=\"wp-block-button__link wp-element-button\" href=\"https:\/\/www.maccaferri.com\/sk\/search?category-link=&amp;r=&amp;sectors-select=&amp;applications-select=&amp;solutions-select=&amp;products-select=&amp;location-select=&amp;full=on&amp;find_softwares=1\">Z\u00cdSKAJTE SOFTV\u00c9R<\/a><\/div><\/div><\/div>\n\n<div class=\"wp-block-column is-layout-flow wp-block-column-is-layout-flow\"><div style=\"height:100px\" aria-hidden=\"true\" class=\"wp-block-spacer\"><\/div>\n\n<figure class=\"wp-block-image size-large\"><img decoding=\"async\" width=\"1024\" height=\"686\" src=\"https:\/\/www.maccaferri.com\/cet\/wp-content\/uploads\/sites\/29\/2022\/12\/maccaferri-software-downloadable-1024x686.png\" alt=\"\" class=\"wp-image-3728\" srcset=\"https:\/\/www.maccaferri.com\/sk\/wp-content\/uploads\/2022\/12\/maccaferri-software-downloadable-1024x686.png 1024w, https:\/\/www.maccaferri.com\/sk\/wp-content\/uploads\/2022\/12\/maccaferri-software-downloadable-300x201.png 300w, https:\/\/www.maccaferri.com\/sk\/wp-content\/uploads\/2022\/12\/maccaferri-software-downloadable-768x514.png 768w, https:\/\/www.maccaferri.com\/sk\/wp-content\/uploads\/2022\/12\/maccaferri-software-downloadable-1536x1029.png 1536w, https:\/\/www.maccaferri.com\/sk\/wp-content\/uploads\/2022\/12\/maccaferri-software-downloadable.png 1583w\" sizes=\"(max-width: 1024px) 100vw, 1024px\" \/><\/figure><\/div><\/div><\/div><div style=\"height:100px\" aria-hidden=\"true\" class=\"wp-block-spacer\"><\/div>","protected":false},"excerpt":{"rendered":"","protected":false},"author":2,"featured_media":0,"parent":0,"menu_order":0,"comment_status":"closed","ping_status":"closed","template":"","meta":{"_acf_changed":false,"_joinchat":[],"footnotes":""},"class_list":["post-3514","page","type-page","status-publish","hentry"],"acf":{"uuid_products":"","product-documents":""},"yoast_head":"<!-- This site is optimized with the Yoast SEO Premium plugin v27.0 (Yoast SEO v27.0) - https:\/\/yoast.com\/product\/yoast-seo-premium-wordpress\/ -->\n<title>Maccaferri Softv\u00e9rov\u00fd bal\u00edk - Maccaferri Central Europe<\/title>\n<meta name=\"description\" content=\"Maccaferri Softv\u00e9rov\u00fd bal\u00edk N\u00e1\u0161 celosvetovo uzn\u00e1van\u00fd a pou\u017e\u00edvate\u013esky pr\u00edvetiv\u00fd bal\u00edk softv\u00e9ru, vyvinut\u00fd v spolupr\u00e1ci s popredn\u00fdmi in\u0161tit\u00faciami a\" \/>\n<meta name=\"robots\" content=\"index, follow, max-snippet:-1, max-image-preview:large, max-video-preview:-1\" \/>\n<link rel=\"canonical\" href=\"https:\/\/www.maccaferri.com\/sk\/maccaferri-softverovy-balik\/\" \/>\n<meta property=\"og:locale\" content=\"sk_SK\" \/>\n<meta property=\"og:type\" content=\"article\" \/>\n<meta property=\"og:title\" content=\"Maccaferri Softv\u00e9rov\u00fd bal\u00edk - Maccaferri Central Europe\" \/>\n<meta property=\"og:description\" content=\"Maccaferri Softv\u00e9rov\u00fd bal\u00edk N\u00e1\u0161 celosvetovo uzn\u00e1van\u00fd a pou\u017e\u00edvate\u013esky pr\u00edvetiv\u00fd bal\u00edk softv\u00e9ru, vyvinut\u00fd v spolupr\u00e1ci s popredn\u00fdmi in\u0161tit\u00faciami a\" \/>\n<meta property=\"og:url\" content=\"https:\/\/www.maccaferri.com\/sk\/maccaferri-softverovy-balik\/\" \/>\n<meta property=\"og:site_name\" content=\"Maccaferri Central Europe\" \/>\n<meta property=\"article:modified_time\" content=\"2025-12-16T10:41:09+00:00\" \/>\n<meta property=\"og:image\" content=\"https:\/\/www.maccaferri.com\/sk\/wp-content\/uploads\/2023\/01\/software-10.jpeg\" \/>\n<meta name=\"twitter:card\" content=\"summary_large_image\" \/>\n<meta name=\"twitter:label1\" content=\"Est. reading time\" \/>\n\t<meta name=\"twitter:data1\" content=\"2 minutes\" \/>\n<script type=\"application\/ld+json\" class=\"yoast-schema-graph\">{\"@context\":\"https:\/\/schema.org\",\"@graph\":[{\"@type\":\"WebPage\",\"@id\":\"https:\/\/www.maccaferri.com\/sk\/maccaferri-softverovy-balik\/\",\"url\":\"https:\/\/www.maccaferri.com\/sk\/maccaferri-softverovy-balik\/\",\"name\":\"Maccaferri Softv\u00e9rov\u00fd bal\u00edk - Maccaferri Central Europe\",\"isPartOf\":{\"@id\":\"https:\/\/www.maccaferri.com\/sk\/#website\"},\"primaryImageOfPage\":{\"@id\":\"https:\/\/www.maccaferri.com\/sk\/maccaferri-softverovy-balik\/#primaryimage\"},\"image\":{\"@id\":\"https:\/\/www.maccaferri.com\/sk\/maccaferri-softverovy-balik\/#primaryimage\"},\"thumbnailUrl\":\"https:\/\/www.maccaferri.com\/sk\/wp-content\/uploads\/2023\/01\/software-10.jpeg\",\"datePublished\":\"2022-12-14T11:27:40+00:00\",\"dateModified\":\"2025-12-16T10:41:09+00:00\",\"description\":\"Maccaferri Softv\u00e9rov\u00fd bal\u00edk N\u00e1\u0161 celosvetovo uzn\u00e1van\u00fd a pou\u017e\u00edvate\u013esky pr\u00edvetiv\u00fd bal\u00edk softv\u00e9ru, vyvinut\u00fd v spolupr\u00e1ci s popredn\u00fdmi in\u0161tit\u00faciami a\",\"inLanguage\":\"sk-SK\",\"potentialAction\":[{\"@type\":\"ReadAction\",\"target\":[\"https:\/\/www.maccaferri.com\/sk\/maccaferri-softverovy-balik\/\"]}]},{\"@type\":\"ImageObject\",\"inLanguage\":\"sk-SK\",\"@id\":\"https:\/\/www.maccaferri.com\/sk\/maccaferri-softverovy-balik\/#primaryimage\",\"url\":\"https:\/\/www.maccaferri.com\/sk\/wp-content\/uploads\/2023\/01\/software-10.jpeg\",\"contentUrl\":\"https:\/\/www.maccaferri.com\/sk\/wp-content\/uploads\/2023\/01\/software-10.jpeg\",\"width\":1280,\"height\":720},{\"@type\":\"WebSite\",\"@id\":\"https:\/\/www.maccaferri.com\/sk\/#website\",\"url\":\"https:\/\/www.maccaferri.com\/sk\/\",\"name\":\"Maccaferri Central Europe\",\"description\":\"\",\"publisher\":{\"@id\":\"https:\/\/www.maccaferri.com\/sk\/#organization\"},\"potentialAction\":[{\"@type\":\"SearchAction\",\"target\":{\"@type\":\"EntryPoint\",\"urlTemplate\":\"https:\/\/www.maccaferri.com\/sk\/?s={search_term_string}\"},\"query-input\":{\"@type\":\"PropertyValueSpecification\",\"valueRequired\":true,\"valueName\":\"search_term_string\"}}],\"inLanguage\":\"sk-SK\"},{\"@type\":\"Organization\",\"@id\":\"https:\/\/www.maccaferri.com\/sk\/#organization\",\"name\":\"Maccaferri Central Europe\",\"url\":\"https:\/\/www.maccaferri.com\/sk\/\",\"logo\":{\"@type\":\"ImageObject\",\"inLanguage\":\"sk-SK\",\"@id\":\"https:\/\/www.maccaferri.com\/sk\/#\/schema\/logo\/image\/\",\"url\":\"https:\/\/www.maccaferri.com\/sk\/wp-content\/uploads\/2022\/07\/logo-maccaferri.png\",\"contentUrl\":\"https:\/\/www.maccaferri.com\/sk\/wp-content\/uploads\/2022\/07\/logo-maccaferri.png\",\"width\":152,\"height\":32,\"caption\":\"Maccaferri Central Europe\"},\"image\":{\"@id\":\"https:\/\/www.maccaferri.com\/sk\/#\/schema\/logo\/image\/\"}}]}<\/script>\n<!-- \/ Yoast SEO Premium plugin. -->","yoast_head_json":{"title":"Maccaferri Softv\u00e9rov\u00fd bal\u00edk - Maccaferri Central Europe","description":"Maccaferri Softv\u00e9rov\u00fd bal\u00edk N\u00e1\u0161 celosvetovo uzn\u00e1van\u00fd a pou\u017e\u00edvate\u013esky pr\u00edvetiv\u00fd bal\u00edk softv\u00e9ru, vyvinut\u00fd v spolupr\u00e1ci s popredn\u00fdmi in\u0161tit\u00faciami a","robots":{"index":"index","follow":"follow","max-snippet":"max-snippet:-1","max-image-preview":"max-image-preview:large","max-video-preview":"max-video-preview:-1"},"canonical":"https:\/\/www.maccaferri.com\/sk\/maccaferri-softverovy-balik\/","og_locale":"sk_SK","og_type":"article","og_title":"Maccaferri Softv\u00e9rov\u00fd bal\u00edk - Maccaferri Central Europe","og_description":"Maccaferri Softv\u00e9rov\u00fd bal\u00edk N\u00e1\u0161 celosvetovo uzn\u00e1van\u00fd a pou\u017e\u00edvate\u013esky pr\u00edvetiv\u00fd bal\u00edk softv\u00e9ru, vyvinut\u00fd v spolupr\u00e1ci s popredn\u00fdmi in\u0161tit\u00faciami a","og_url":"https:\/\/www.maccaferri.com\/sk\/maccaferri-softverovy-balik\/","og_site_name":"Maccaferri Central Europe","article_modified_time":"2025-12-16T10:41:09+00:00","og_image":[{"url":"https:\/\/www.maccaferri.com\/sk\/wp-content\/uploads\/2023\/01\/software-10.jpeg","type":"","width":"","height":""}],"twitter_card":"summary_large_image","twitter_misc":{"Est. reading time":"2 minutes"},"schema":{"@context":"https:\/\/schema.org","@graph":[{"@type":"WebPage","@id":"https:\/\/www.maccaferri.com\/sk\/maccaferri-softverovy-balik\/","url":"https:\/\/www.maccaferri.com\/sk\/maccaferri-softverovy-balik\/","name":"Maccaferri Softv\u00e9rov\u00fd bal\u00edk - Maccaferri Central Europe","isPartOf":{"@id":"https:\/\/www.maccaferri.com\/sk\/#website"},"primaryImageOfPage":{"@id":"https:\/\/www.maccaferri.com\/sk\/maccaferri-softverovy-balik\/#primaryimage"},"image":{"@id":"https:\/\/www.maccaferri.com\/sk\/maccaferri-softverovy-balik\/#primaryimage"},"thumbnailUrl":"https:\/\/www.maccaferri.com\/sk\/wp-content\/uploads\/2023\/01\/software-10.jpeg","datePublished":"2022-12-14T11:27:40+00:00","dateModified":"2025-12-16T10:41:09+00:00","description":"Maccaferri Softv\u00e9rov\u00fd bal\u00edk N\u00e1\u0161 celosvetovo uzn\u00e1van\u00fd a pou\u017e\u00edvate\u013esky pr\u00edvetiv\u00fd bal\u00edk softv\u00e9ru, vyvinut\u00fd v spolupr\u00e1ci s popredn\u00fdmi in\u0161tit\u00faciami a","inLanguage":"sk-SK","potentialAction":[{"@type":"ReadAction","target":["https:\/\/www.maccaferri.com\/sk\/maccaferri-softverovy-balik\/"]}]},{"@type":"ImageObject","inLanguage":"sk-SK","@id":"https:\/\/www.maccaferri.com\/sk\/maccaferri-softverovy-balik\/#primaryimage","url":"https:\/\/www.maccaferri.com\/sk\/wp-content\/uploads\/2023\/01\/software-10.jpeg","contentUrl":"https:\/\/www.maccaferri.com\/sk\/wp-content\/uploads\/2023\/01\/software-10.jpeg","width":1280,"height":720},{"@type":"WebSite","@id":"https:\/\/www.maccaferri.com\/sk\/#website","url":"https:\/\/www.maccaferri.com\/sk\/","name":"Maccaferri Central Europe","description":"","publisher":{"@id":"https:\/\/www.maccaferri.com\/sk\/#organization"},"potentialAction":[{"@type":"SearchAction","target":{"@type":"EntryPoint","urlTemplate":"https:\/\/www.maccaferri.com\/sk\/?s={search_term_string}"},"query-input":{"@type":"PropertyValueSpecification","valueRequired":true,"valueName":"search_term_string"}}],"inLanguage":"sk-SK"},{"@type":"Organization","@id":"https:\/\/www.maccaferri.com\/sk\/#organization","name":"Maccaferri Central Europe","url":"https:\/\/www.maccaferri.com\/sk\/","logo":{"@type":"ImageObject","inLanguage":"sk-SK","@id":"https:\/\/www.maccaferri.com\/sk\/#\/schema\/logo\/image\/","url":"https:\/\/www.maccaferri.com\/sk\/wp-content\/uploads\/2022\/07\/logo-maccaferri.png","contentUrl":"https:\/\/www.maccaferri.com\/sk\/wp-content\/uploads\/2022\/07\/logo-maccaferri.png","width":152,"height":32,"caption":"Maccaferri Central Europe"},"image":{"@id":"https:\/\/www.maccaferri.com\/sk\/#\/schema\/logo\/image\/"}}]}},"_links":{"self":[{"href":"https:\/\/www.maccaferri.com\/sk\/wp-json\/wp\/v2\/pages\/3514","targetHints":{"allow":["GET"]}}],"collection":[{"href":"https:\/\/www.maccaferri.com\/sk\/wp-json\/wp\/v2\/pages"}],"about":[{"href":"https:\/\/www.maccaferri.com\/sk\/wp-json\/wp\/v2\/types\/page"}],"author":[{"embeddable":true,"href":"https:\/\/www.maccaferri.com\/sk\/wp-json\/wp\/v2\/users\/2"}],"replies":[{"embeddable":true,"href":"https:\/\/www.maccaferri.com\/sk\/wp-json\/wp\/v2\/comments?post=3514"}],"version-history":[{"count":38,"href":"https:\/\/www.maccaferri.com\/sk\/wp-json\/wp\/v2\/pages\/3514\/revisions"}],"predecessor-version":[{"id":103038,"href":"https:\/\/www.maccaferri.com\/sk\/wp-json\/wp\/v2\/pages\/3514\/revisions\/103038"}],"wp:attachment":[{"href":"https:\/\/www.maccaferri.com\/sk\/wp-json\/wp\/v2\/media?parent=3514"}],"curies":[{"name":"wp","href":"https:\/\/api.w.org\/{rel}","templated":true}]}}