{"id":1398,"date":"2022-07-29T11:40:29","date_gmt":"2022-07-29T09:40:29","guid":{"rendered":"https:\/\/www.maccaferri.com\/cet\/?page_id=1398"},"modified":"2023-04-20T11:11:40","modified_gmt":"2023-04-20T09:11:40","slug":"inovacie","status":"publish","type":"page","link":"https:\/\/www.maccaferri.com\/sk\/inovacie\/","title":{"rendered":"Inov\u00e1cie"},"content":{"rendered":"<div class=\"wp-block-mac-h1-title-hero-block container-fluid block-txt-container\" style=\"background:linear-gradient(180deg,rgb(1,94,111) 0%,rgb(0,72,87) 100%)\"><div class=\"row\"><div class=\"col\"><div class=\"gts__picture\"><img decoding=\"async\" src=\"https:\/\/www.maccaferri.com\/cet\/wp-content\/uploads\/sites\/29\/2022\/12\/Adv-2-1.jpg\" style=\"display:none\"\/><div class=\"gts__picture__image\" style=\"background-image:url(https:\/\/www.maccaferri.com\/cet\/wp-content\/uploads\/sites\/29\/2022\/12\/Adv-2-1.jpg)\"><\/div><\/div><div class=\"container box-container\"><div class=\"row\"><div class=\"col title-box-txt\"><h1 class=\"wp-block-mac-h1-title-hero-block\" style=\"color:#ffffff;text-align:none\">Inov\u00e1cie<\/h1><\/div><\/div><\/div><\/div><\/div><\/div><div class=\"wp-block-mac-h2-title-block block-txt-container box-container\"><div class=\"row\"><div class=\"col title-box-txt\"><h2 style=\"color:#212429;text-align:none\">SOFTV\u00c9RY NA MIERU MACCAFERRI<\/h2><\/div><\/div><\/div><div class=\"wp-block-columns is-layout-flex wp-container-core-columns-is-layout-9d6595d7 wp-block-columns-is-layout-flex\"><div class=\"wp-block-column is-layout-flow wp-block-column-is-layout-flow\"><div class=\"wp-block-mac-container-block box-container\"><div class=\"wp-block-columns is-layout-flex wp-container-core-columns-is-layout-9d6595d7 wp-block-columns-is-layout-flex\"><div class=\"wp-block-column is-layout-flow wp-block-column-is-layout-flow\"><div class=\"wp-block-columns is-layout-flex wp-container-core-columns-is-layout-9d6595d7 wp-block-columns-is-layout-flex\"><div class=\"wp-block-column is-layout-flow wp-block-column-is-layout-flow\"><p class=\"has-medium-font-size\">N\u00e1\u0161 celosvetovo uzn\u00e1van\u00fd a u\u017eivate\u013esky pr\u00edstupn\u00fd bal\u00edk softv\u00e9rov, <strong>vyvinut\u00fd v spolupr\u00e1ci<\/strong> s popredn\u00fdmi in\u0161tit\u00faciami a univerzitami, umo\u017e\u0148uje in\u017einierom navrhova\u0165 a dod\u00e1va\u0165 efekt\u00edvne a spo\u013eahliv\u00e9 rie\u0161enia v oblasti stavebn\u00edctva.<\/p>\n\n<p class=\"has-medium-font-size\"><strong>Na z\u00e1klade experiment\u00e1lnych \u00fadajov<\/strong>, zozbieran\u00fdch po\u010das desa\u0165ro\u010d\u00ed sk\u00fasenost\u00ed v ter\u00e9ne a z pr\u00edsnych testovac\u00edch kampan\u00ed, na\u0161e <strong>bezplatn\u00e9 softv\u00e9rov\u00e9<\/strong> rie\u0161enia vyhovuj\u00fa po\u017eiadavk\u00e1m stavebn\u00fdch a geotechnick\u00fdch in\u017einierov na celom svete a z\u00e1rove\u0148 pon\u00fakaj\u00fa \u010fal\u0161ie v\u00fdhody v podobe n\u00e1kladovej efekt\u00edvnosti a lep\u0161ej realizovate\u013enosti.<\/p>\n\n<p class=\"has-medium-font-size\"><strong>Kontaktujte n\u00e1s, aby ste sa nechali za\u0161koli\u0165<\/strong> do na\u0161ich softv\u00e9rov\u00fdch rie\u0161en\u00ed a za\u010dali navrhova\u0165 \u0161pi\u010dkov\u00e9 a n\u00e1ro\u010dn\u00e9 in\u017einierske rie\u0161enia v najr\u00f4znej\u0161\u00edch podmienkach<\/p>\n\n<p><\/p><\/div>\n\n<div class=\"wp-block-column is-layout-flow wp-block-column-is-layout-flow\"><figure class=\"wp-block-image aligncenter size-full\"><img fetchpriority=\"high\" decoding=\"async\" width=\"628\" height=\"375\" src=\"https:\/\/www.maccaferri.com\/cet\/wp-content\/uploads\/sites\/29\/2022\/12\/catterre.png\" alt=\"\" class=\"wp-image-3138\" srcset=\"https:\/\/www.maccaferri.com\/sk\/wp-content\/uploads\/2022\/12\/catterre.png 628w, https:\/\/www.maccaferri.com\/sk\/wp-content\/uploads\/2022\/12\/catterre-300x179.png 300w\" sizes=\"(max-width: 628px) 100vw, 628px\" \/><\/figure><\/div><\/div><\/div><\/div><\/div><\/div><\/div><div class=\"wp-block-mac-banner-title-cta  box-container block-cta\" style=\"background:#015E6F\"><div class=\"container box-container\"><div class=\"row\"><div class=\"col-2 col-sm-2 col-md-2 col-lg-2 col-xl-2 col-xxl-2\"><div class=\"box-image\"><img decoding=\"async\" class=\"image\" src=\"https:\/\/www.maccaferri.com\/cet\/wp-content\/uploads\/sites\/29\/2022\/11\/img-banner-software.png\" alt=\"Image\"\/><\/div><\/div><div class=\"col-7 col-sm-7 col-md-7 col-lg-7 col-xl-7 col-xxl-7\"><div class=\"banner-box-txt\" style=\"text-align:default\"><h4 class=\"title\">POU\u017d\u00cdVA\u0164 N\u00c1\u0160 SOFTV\u00c9R<br>NAVRHN\u00da\u0164 BUD\u00daCNOS\u0164<\/h4><\/div><\/div><div class=\"col-3 col-sm-3 col-md-3 col-lg-3 col-xl-3 col-xxl-3\"><div class=\"button-box-txt\"><a href=\"https:\/\/www.maccaferri.com\/sk\/maccaferri-softverovy-balik\" target=\"_blank\" class=\"buttonurl\" rel=\"noopener\"><span class=\"buttontext\">prejdite na platformu<\/span><\/a><\/div><\/div><\/div><\/div><\/div><div style=\"height:100px\" aria-hidden=\"true\" class=\"wp-block-spacer\"><\/div><div class=\"wp-block-mac-h2-title-block block-txt-container box-container\"><div class=\"row\"><div class=\"col title-box-txt\"><h2 style=\"color:#212429;text-align:none\">MACCAFERRI BIM OBJECTS<\/h2><\/div><\/div><\/div><div class=\"wp-block-mac-container-block box-container\"><div class=\"wp-block-columns is-layout-flex wp-container-core-columns-is-layout-9d6595d7 wp-block-columns-is-layout-flex\"><div class=\"wp-block-column is-layout-flow wp-block-column-is-layout-flow\"><div class=\"wp-block-columns is-layout-flex wp-container-core-columns-is-layout-9d6595d7 wp-block-columns-is-layout-flex\"><div class=\"wp-block-column is-layout-flow wp-block-column-is-layout-flow\"><figure class=\"wp-block-image size-large\"><img decoding=\"async\" width=\"1024\" height=\"675\" src=\"https:\/\/www.maccaferri.com\/cet\/wp-content\/uploads\/sites\/29\/2022\/12\/Maccaferri-BIM-Objects-1024x675.png\" alt=\"\" class=\"wp-image-3547\" srcset=\"https:\/\/www.maccaferri.com\/sk\/wp-content\/uploads\/2022\/12\/Maccaferri-BIM-Objects-1024x675.png 1024w, https:\/\/www.maccaferri.com\/sk\/wp-content\/uploads\/2022\/12\/Maccaferri-BIM-Objects-300x198.png 300w, https:\/\/www.maccaferri.com\/sk\/wp-content\/uploads\/2022\/12\/Maccaferri-BIM-Objects-768x506.png 768w, https:\/\/www.maccaferri.com\/sk\/wp-content\/uploads\/2022\/12\/Maccaferri-BIM-Objects.png 1121w\" sizes=\"(max-width: 1024px) 100vw, 1024px\" \/><\/figure>\n\n<p><\/p><\/div>\n\n<div class=\"wp-block-column is-layout-flow wp-block-column-is-layout-flow\"><p class=\"has-medium-font-size\"><strong>Informa\u010dn\u00e9 modelovanie budov (BIM)<\/strong> je inteligentn\u00fd proces zalo\u017een\u00fd na 3D modeli. Je to <strong>\u00fa\u017easn\u00fd nov\u00fd n\u00e1stroj<\/strong> pre odborn\u00edkov v oblasti in\u017einierstva a stavebn\u00edctva.<\/p>\n\n<p class=\"has-medium-font-size\">Spolo\u010dnos\u0165 Maccaferri sa zaviazala podporova\u0165 <strong>spolupr\u00e1cu medzi zainteresovan\u00fdmi stranami v odvetv\u00ed<\/strong> po\u010das cel\u00e9ho \u017eivotn\u00e9ho cyklu projektu.<\/p>\n\n<p class=\"has-medium-font-size\">S t\u00fdmto cie\u013eom spr\u00edstup\u0148ujeme <strong>na\u0161e rie\u0161enia<\/strong> aj ako objekty informa\u010dn\u00e9ho modelu budovy, \u010d\u00edm podporujeme zav\u00e1dzanie technol\u00f3gie BIM na zlep\u0161enie procesov projektovania a v\u00fdstavby a predch\u00e1dzame nepresnostiam pri prev\u00e1dzke na stavbe.<\/p><\/div><\/div><\/div><\/div><\/div><div class=\"wp-block-columns is-layout-flex wp-container-core-columns-is-layout-9d6595d7 wp-block-columns-is-layout-flex\"><div class=\"wp-block-column is-layout-flow wp-block-column-is-layout-flow\"><div class=\"wp-block-mac-container-block box-container\"><div class=\"wp-block-columns is-layout-flex wp-container-core-columns-is-layout-9d6595d7 wp-block-columns-is-layout-flex\"><div class=\"wp-block-column is-layout-flow wp-block-column-is-layout-flow\"><div class=\"wp-block-mac-banner-title-cta  box-container block-cta\" style=\"background:#015E6F\"><div class=\"container box-container\"><div class=\"row\"><div class=\"col-2 col-sm-2 col-md-2 col-lg-2 col-xl-2 col-xxl-2\"><div class=\"box-image\"><img decoding=\"async\" class=\"image\" src=\"https:\/\/www.maccaferri.com\/cet\/wp-content\/uploads\/sites\/29\/2022\/11\/img-banner-software.png\" alt=\"Image\"\/><\/div><\/div><div class=\"col-7 col-sm-7 col-md-7 col-lg-7 col-xl-7 col-xxl-7\"><div class=\"banner-box-txt\" style=\"text-align:default\"><h4 class=\"title\">POU\u017dITE NA\u0160E OBJEKTY BIM NA NAVRHOVANIE BUD\u00daCNOSTI<\/h4><\/div><\/div><div class=\"col-3 col-sm-3 col-md-3 col-lg-3 col-xl-3 col-xxl-3\"><div class=\"button-box-txt\"><a href=\"https:\/\/www.maccaferri.com\/sk\/kniznica-objektov-bim\" target=\"_blank\" class=\"buttonurl\" rel=\"noopener\"><span class=\"buttontext\">\u00eds\u0165 do kni\u017enice<\/span><\/a><\/div><\/div><\/div><\/div><\/div><\/div><\/div><\/div><\/div><\/div>","protected":false},"excerpt":{"rendered":"","protected":false},"author":1,"featured_media":0,"parent":0,"menu_order":0,"comment_status":"closed","ping_status":"closed","template":"","meta":{"_acf_changed":false,"_joinchat":[],"footnotes":""},"class_list":["post-1398","page","type-page","status-publish","hentry"],"acf":{"uuid_products":"","product-documents":""},"yoast_head":"<!-- This site is optimized with the Yoast SEO Premium plugin v27.0 (Yoast SEO v27.0) - https:\/\/yoast.com\/product\/yoast-seo-premium-wordpress\/ -->\n<title>Inov\u00e1cie - Maccaferri Central Europe<\/title>\n<meta name=\"description\" content=\"Inov\u00e1cie SOFTV\u00c9RY NA MIERU MACCAFERRI N\u00e1\u0161 celosvetovo uzn\u00e1van\u00fd a u\u017eivate\u013esky pr\u00edstupn\u00fd bal\u00edk softv\u00e9rov, vyvinut\u00fd v spolupr\u00e1ci s popredn\u00fdmi in\u0161tit\u00faciami a\" \/>\n<meta name=\"robots\" content=\"index, follow, max-snippet:-1, max-image-preview:large, max-video-preview:-1\" \/>\n<link rel=\"canonical\" href=\"https:\/\/www.maccaferri.com\/sk\/inovacie\/\" \/>\n<meta property=\"og:locale\" content=\"sk_SK\" \/>\n<meta property=\"og:type\" content=\"article\" \/>\n<meta property=\"og:title\" content=\"Inov\u00e1cie - Maccaferri Central Europe\" \/>\n<meta property=\"og:description\" content=\"Inov\u00e1cie SOFTV\u00c9RY NA MIERU MACCAFERRI N\u00e1\u0161 celosvetovo uzn\u00e1van\u00fd a u\u017eivate\u013esky pr\u00edstupn\u00fd bal\u00edk softv\u00e9rov, vyvinut\u00fd v spolupr\u00e1ci s popredn\u00fdmi in\u0161tit\u00faciami a\" \/>\n<meta property=\"og:url\" content=\"https:\/\/www.maccaferri.com\/sk\/inovacie\/\" \/>\n<meta property=\"og:site_name\" content=\"Maccaferri Central Europe\" \/>\n<meta property=\"article:modified_time\" content=\"2023-04-20T09:11:40+00:00\" \/>\n<meta property=\"og:image\" content=\"https:\/\/www.maccaferri.com\/cet\/wp-content\/uploads\/sites\/29\/2022\/12\/Adv-2-1.jpg\" \/>\n<meta name=\"twitter:card\" content=\"summary_large_image\" \/>\n<meta name=\"twitter:label1\" content=\"Est. reading time\" \/>\n\t<meta name=\"twitter:data1\" content=\"3 minutes\" \/>\n<script type=\"application\/ld+json\" class=\"yoast-schema-graph\">{\"@context\":\"https:\/\/schema.org\",\"@graph\":[{\"@type\":\"WebPage\",\"@id\":\"https:\/\/www.maccaferri.com\/sk\/inovacie\/\",\"url\":\"https:\/\/www.maccaferri.com\/sk\/inovacie\/\",\"name\":\"Inov\u00e1cie - Maccaferri Central Europe\",\"isPartOf\":{\"@id\":\"https:\/\/www.maccaferri.com\/sk\/#website\"},\"primaryImageOfPage\":{\"@id\":\"https:\/\/www.maccaferri.com\/sk\/inovacie\/#primaryimage\"},\"image\":{\"@id\":\"https:\/\/www.maccaferri.com\/sk\/inovacie\/#primaryimage\"},\"thumbnailUrl\":\"https:\/\/www.maccaferri.com\/cet\/wp-content\/uploads\/sites\/29\/2022\/12\/Adv-2-1.jpg\",\"datePublished\":\"2022-07-29T09:40:29+00:00\",\"dateModified\":\"2023-04-20T09:11:40+00:00\",\"description\":\"Inov\u00e1cie SOFTV\u00c9RY NA MIERU MACCAFERRI N\u00e1\u0161 celosvetovo uzn\u00e1van\u00fd a u\u017eivate\u013esky pr\u00edstupn\u00fd bal\u00edk softv\u00e9rov, vyvinut\u00fd v spolupr\u00e1ci s popredn\u00fdmi in\u0161tit\u00faciami a\",\"inLanguage\":\"sk-SK\",\"potentialAction\":[{\"@type\":\"ReadAction\",\"target\":[\"https:\/\/www.maccaferri.com\/sk\/inovacie\/\"]}]},{\"@type\":\"ImageObject\",\"inLanguage\":\"sk-SK\",\"@id\":\"https:\/\/www.maccaferri.com\/sk\/inovacie\/#primaryimage\",\"url\":\"https:\/\/www.maccaferri.com\/cet\/wp-content\/uploads\/sites\/29\/2022\/12\/Adv-2-1.jpg\",\"contentUrl\":\"https:\/\/www.maccaferri.com\/cet\/wp-content\/uploads\/sites\/29\/2022\/12\/Adv-2-1.jpg\"},{\"@type\":\"WebSite\",\"@id\":\"https:\/\/www.maccaferri.com\/sk\/#website\",\"url\":\"https:\/\/www.maccaferri.com\/sk\/\",\"name\":\"Maccaferri Central Europe\",\"description\":\"\",\"publisher\":{\"@id\":\"https:\/\/www.maccaferri.com\/sk\/#organization\"},\"potentialAction\":[{\"@type\":\"SearchAction\",\"target\":{\"@type\":\"EntryPoint\",\"urlTemplate\":\"https:\/\/www.maccaferri.com\/sk\/?s={search_term_string}\"},\"query-input\":{\"@type\":\"PropertyValueSpecification\",\"valueRequired\":true,\"valueName\":\"search_term_string\"}}],\"inLanguage\":\"sk-SK\"},{\"@type\":\"Organization\",\"@id\":\"https:\/\/www.maccaferri.com\/sk\/#organization\",\"name\":\"Maccaferri Central Europe\",\"url\":\"https:\/\/www.maccaferri.com\/sk\/\",\"logo\":{\"@type\":\"ImageObject\",\"inLanguage\":\"sk-SK\",\"@id\":\"https:\/\/www.maccaferri.com\/sk\/#\/schema\/logo\/image\/\",\"url\":\"https:\/\/www.maccaferri.com\/sk\/wp-content\/uploads\/2022\/07\/logo-maccaferri.png\",\"contentUrl\":\"https:\/\/www.maccaferri.com\/sk\/wp-content\/uploads\/2022\/07\/logo-maccaferri.png\",\"width\":152,\"height\":32,\"caption\":\"Maccaferri Central Europe\"},\"image\":{\"@id\":\"https:\/\/www.maccaferri.com\/sk\/#\/schema\/logo\/image\/\"}}]}<\/script>\n<!-- \/ Yoast SEO Premium plugin. -->","yoast_head_json":{"title":"Inov\u00e1cie - Maccaferri Central Europe","description":"Inov\u00e1cie SOFTV\u00c9RY NA MIERU MACCAFERRI N\u00e1\u0161 celosvetovo uzn\u00e1van\u00fd a u\u017eivate\u013esky pr\u00edstupn\u00fd bal\u00edk softv\u00e9rov, vyvinut\u00fd v spolupr\u00e1ci s popredn\u00fdmi in\u0161tit\u00faciami a","robots":{"index":"index","follow":"follow","max-snippet":"max-snippet:-1","max-image-preview":"max-image-preview:large","max-video-preview":"max-video-preview:-1"},"canonical":"https:\/\/www.maccaferri.com\/sk\/inovacie\/","og_locale":"sk_SK","og_type":"article","og_title":"Inov\u00e1cie - Maccaferri Central Europe","og_description":"Inov\u00e1cie SOFTV\u00c9RY NA MIERU MACCAFERRI N\u00e1\u0161 celosvetovo uzn\u00e1van\u00fd a u\u017eivate\u013esky pr\u00edstupn\u00fd bal\u00edk softv\u00e9rov, vyvinut\u00fd v spolupr\u00e1ci s popredn\u00fdmi in\u0161tit\u00faciami a","og_url":"https:\/\/www.maccaferri.com\/sk\/inovacie\/","og_site_name":"Maccaferri Central Europe","article_modified_time":"2023-04-20T09:11:40+00:00","og_image":[{"url":"https:\/\/www.maccaferri.com\/cet\/wp-content\/uploads\/sites\/29\/2022\/12\/Adv-2-1.jpg","type":"","width":"","height":""}],"twitter_card":"summary_large_image","twitter_misc":{"Est. reading time":"3 minutes"},"schema":{"@context":"https:\/\/schema.org","@graph":[{"@type":"WebPage","@id":"https:\/\/www.maccaferri.com\/sk\/inovacie\/","url":"https:\/\/www.maccaferri.com\/sk\/inovacie\/","name":"Inov\u00e1cie - Maccaferri Central Europe","isPartOf":{"@id":"https:\/\/www.maccaferri.com\/sk\/#website"},"primaryImageOfPage":{"@id":"https:\/\/www.maccaferri.com\/sk\/inovacie\/#primaryimage"},"image":{"@id":"https:\/\/www.maccaferri.com\/sk\/inovacie\/#primaryimage"},"thumbnailUrl":"https:\/\/www.maccaferri.com\/cet\/wp-content\/uploads\/sites\/29\/2022\/12\/Adv-2-1.jpg","datePublished":"2022-07-29T09:40:29+00:00","dateModified":"2023-04-20T09:11:40+00:00","description":"Inov\u00e1cie SOFTV\u00c9RY NA MIERU MACCAFERRI N\u00e1\u0161 celosvetovo uzn\u00e1van\u00fd a u\u017eivate\u013esky pr\u00edstupn\u00fd bal\u00edk softv\u00e9rov, vyvinut\u00fd v spolupr\u00e1ci s popredn\u00fdmi in\u0161tit\u00faciami a","inLanguage":"sk-SK","potentialAction":[{"@type":"ReadAction","target":["https:\/\/www.maccaferri.com\/sk\/inovacie\/"]}]},{"@type":"ImageObject","inLanguage":"sk-SK","@id":"https:\/\/www.maccaferri.com\/sk\/inovacie\/#primaryimage","url":"https:\/\/www.maccaferri.com\/cet\/wp-content\/uploads\/sites\/29\/2022\/12\/Adv-2-1.jpg","contentUrl":"https:\/\/www.maccaferri.com\/cet\/wp-content\/uploads\/sites\/29\/2022\/12\/Adv-2-1.jpg"},{"@type":"WebSite","@id":"https:\/\/www.maccaferri.com\/sk\/#website","url":"https:\/\/www.maccaferri.com\/sk\/","name":"Maccaferri Central Europe","description":"","publisher":{"@id":"https:\/\/www.maccaferri.com\/sk\/#organization"},"potentialAction":[{"@type":"SearchAction","target":{"@type":"EntryPoint","urlTemplate":"https:\/\/www.maccaferri.com\/sk\/?s={search_term_string}"},"query-input":{"@type":"PropertyValueSpecification","valueRequired":true,"valueName":"search_term_string"}}],"inLanguage":"sk-SK"},{"@type":"Organization","@id":"https:\/\/www.maccaferri.com\/sk\/#organization","name":"Maccaferri Central Europe","url":"https:\/\/www.maccaferri.com\/sk\/","logo":{"@type":"ImageObject","inLanguage":"sk-SK","@id":"https:\/\/www.maccaferri.com\/sk\/#\/schema\/logo\/image\/","url":"https:\/\/www.maccaferri.com\/sk\/wp-content\/uploads\/2022\/07\/logo-maccaferri.png","contentUrl":"https:\/\/www.maccaferri.com\/sk\/wp-content\/uploads\/2022\/07\/logo-maccaferri.png","width":152,"height":32,"caption":"Maccaferri Central Europe"},"image":{"@id":"https:\/\/www.maccaferri.com\/sk\/#\/schema\/logo\/image\/"}}]}},"_links":{"self":[{"href":"https:\/\/www.maccaferri.com\/sk\/wp-json\/wp\/v2\/pages\/1398","targetHints":{"allow":["GET"]}}],"collection":[{"href":"https:\/\/www.maccaferri.com\/sk\/wp-json\/wp\/v2\/pages"}],"about":[{"href":"https:\/\/www.maccaferri.com\/sk\/wp-json\/wp\/v2\/types\/page"}],"author":[{"embeddable":true,"href":"https:\/\/www.maccaferri.com\/sk\/wp-json\/wp\/v2\/users\/1"}],"replies":[{"embeddable":true,"href":"https:\/\/www.maccaferri.com\/sk\/wp-json\/wp\/v2\/comments?post=1398"}],"version-history":[{"count":51,"href":"https:\/\/www.maccaferri.com\/sk\/wp-json\/wp\/v2\/pages\/1398\/revisions"}],"predecessor-version":[{"id":12306,"href":"https:\/\/www.maccaferri.com\/sk\/wp-json\/wp\/v2\/pages\/1398\/revisions\/12306"}],"wp:attachment":[{"href":"https:\/\/www.maccaferri.com\/sk\/wp-json\/wp\/v2\/media?parent=1398"}],"curies":[{"name":"wp","href":"https:\/\/api.w.org\/{rel}","templated":true}]}}