{"id":1375,"date":"2022-07-28T15:26:58","date_gmt":"2022-07-28T13:26:58","guid":{"rendered":"https:\/\/www.maccaferri.com\/cet\/?page_id=1375"},"modified":"2023-06-01T17:21:45","modified_gmt":"2023-06-01T15:21:45","slug":"udrzatelnost","status":"publish","type":"page","link":"https:\/\/www.maccaferri.com\/sk\/udrzatelnost\/","title":{"rendered":"Udr\u017eate\u013enos\u0165"},"content":{"rendered":"<div class=\"wp-block-mac-h1-title-hero-block container-fluid block-txt-container\" style=\"background:linear-gradient(180deg,rgb(1,94,111) 0%,rgb(0,72,87) 100%)\"><div class=\"row\"><div class=\"col\"><div class=\"gts__picture\"><img decoding=\"async\" src=\"https:\/\/www.maccaferri.com\/cet\/wp-content\/uploads\/sites\/29\/2022\/12\/Sustainability_Gabion_3.jpg\" style=\"display:none\"\/><div class=\"gts__picture__image\" style=\"background-image:url(https:\/\/www.maccaferri.com\/cet\/wp-content\/uploads\/sites\/29\/2022\/12\/Sustainability_Gabion_3.jpg)\"><\/div><\/div><div class=\"container box-container\"><div class=\"row\"><div class=\"col title-box-txt\"><h1 class=\"wp-block-mac-h1-title-hero-block\" style=\"color:#ffffff;text-align:none\">Udr\u017eate\u013enos\u0165<\/h1><\/div><\/div><\/div><\/div><\/div><\/div><div class=\"wp-block-mac-container-block box-container\"><div class=\"wp-block-columns is-layout-flex wp-container-core-columns-is-layout-9d6595d7 wp-block-columns-is-layout-flex\"><div class=\"wp-block-column is-layout-flow wp-block-column-is-layout-flow\"><div style=\"height:100px\" aria-hidden=\"true\" class=\"wp-block-spacer\"><\/div>\n\n<p class=\"has-medium-font-size\">Sme pevne odhodlan\u00ed rie\u0161i\u0165 <strong>environment\u00e1lne, hospod\u00e1rske a soci\u00e1lne<\/strong> aspekty holistick\u00fdm pr\u00edstupom. Pevne ver\u00edme v prijatie <strong>udr\u017eate\u013en\u00fdch pr\u00edstupov<\/strong> a rie\u0161en\u00ed po\u010das cel\u00e9ho \u017eivotn\u00e9ho cyklu projektu.<\/p>\n\n<p class=\"has-medium-font-size\">Od f\u00e1zy n\u00e1vrhu in\u017einiersk\u00e9ho diela, ktor\u00fd prech\u00e1dza f\u00e1zou v\u00fdroby a v\u00fdstavby, a\u017e po odovzdanie stavby: v\u0161etky na\u0161e in\u017einierske rie\u0161enia sa zameriavaj\u00fa na vytv\u00e1ranie <strong>dlhodob\u00fdch v\u00fdhod<\/strong>, ktor\u00e9 presahuj\u00fa samotn\u00fd produkt.<\/p>\n\n<p class=\"has-medium-font-size\">Rie\u0161enia Maccaferri <strong>zmier\u0148uj\u00fa pr\u00edrodn\u00e9 a antropog\u00e9nne rizik\u00e1<\/strong>, re\u0161pektuj\u00fa \u017eivotn\u00e9 prostredie, zvy\u0161uj\u00fa bezpe\u010dnos\u0165 \u013eud a zlep\u0161uj\u00fa ich \u017eivot.<\/p><\/div><\/div><\/div><figure class=\"wp-block-image aligncenter size-full\"><img decoding=\"async\" src=\"https:\/\/www.maccaferri.com\/cet\/wp-content\/uploads\/sites\/29\/2022\/09\/test-img-cta-right.png\" alt=\"\" class=\"wp-image-1986\"\/><\/figure><p><\/p><p><\/p><div class=\"wp-block-mac-h2-title-block block-txt-container box-container\"><div class=\"row\"><div class=\"col title-box-txt\"><h2 style=\"color:#212429;text-align:center\">Ciele trvalo udr\u017eate\u013en\u00e9ho rozvoja<\/h2><\/div><\/div><\/div><div class=\"wp-block-mac-container-block box-container\"><div class=\"wp-block-columns is-layout-flex wp-container-core-columns-is-layout-9d6595d7 wp-block-columns-is-layout-flex\"><div class=\"wp-block-column is-layout-flow wp-block-column-is-layout-flow\"><div class=\"wp-block-mac-h5-txt-paragraph-block block-txt-container box-container\"><div class=\"row\"><div class=\"col paragraph-box-txt\"><h5 class=\"wp-block-mac-h5-txt-paragraph-block\" style=\"color:#212429;text-align:none\">OSN stanovila ciele trvalo udr\u017eate\u013en\u00e9ho rozvoja ako naliehav\u00fa v\u00fdzvu na prijatie opatren\u00ed: prijali sme t\u00fato v\u00fdzvu a zaviazali sme sa, \u017ee ich postupne dosiahneme.<\/h5><\/div><\/div><\/div><\/div><\/div><\/div><div class=\"wp-block-mac-container-block box-container\"><div class=\"wp-block-columns is-layout-flex wp-container-core-columns-is-layout-9d6595d7 wp-block-columns-is-layout-flex\"><div class=\"wp-block-column is-layout-flow wp-block-column-is-layout-flow\"><p>In\u0161tit\u00facie a \u00farady podniky vyz\u00fdvaj\u00fa, aby vypracovali udr\u017eate\u013en\u00e9 rie\u0161enia, ktor\u00e9 zabezpe\u010dia spokojnos\u0165 a bezpe\u010dnos\u0165 komun\u00edt a \u017eivotn\u00e9ho prostredia v s\u00falade s cie\u013emi stanoven\u00fdmi OSN v <strong>Agende 2030<\/strong> pre udr\u017eate\u013en\u00fd rozvoj.<\/p>\n\n<p>Agendu 2030 tvor\u00ed <strong>17 cie\u013eov udr\u017eate\u013en\u00e9ho rozvoja (SDGs)<\/strong> v r\u00e1mci \u0161ir\u0161ieho pl\u00e1nu 169 s\u00favisiacich environment\u00e1lnych, hospod\u00e1rskych, soci\u00e1lnych a in\u0161titucion\u00e1lnych cie\u013eov, ktor\u00e9 maj\u00fa by\u0165 dosiahnut\u00e9 do roku 2030.<\/p>\n\n<p>Sedem rokov po podp\u00edsan\u00ed Agendy 2030 sa v spolo\u010dnosti, v podnikoch a medzi vl\u00e1dami zvy\u0161uje povedomie o potrebe prija\u0165 integrovan\u00fd pr\u00edstup, konkr\u00e9tne opatrenia na rie\u0161enie ve\u013ek\u00e9ho soci\u00e1lno-ekonomick\u00e9ho posunu, ako aj viacn\u00e1sobn\u00e9 a zlo\u017eit\u00e9 environment\u00e1lne a in\u0161titucion\u00e1lne v\u00fdzvy. Mnoh\u00e9 podniky rie\u0161ili <strong>Agendu 2030<\/strong> za\u010dlenen\u00edm z\u00e1sad udr\u017eate\u013enosti do svojej strat\u00e9gie a obchodn\u00e9ho pl\u00e1novania.<\/p>\n\n<p>OSN definovala ciele trvalo udr\u017eate\u013en\u00e9ho rozvoja ako <strong>naliehav\u00fa v\u00fdzvu na prijatie opatren\u00ed<\/strong>. Pre spolo\u010dnos\u0165 Maccaferri je environment\u00e1lna udr\u017eate\u013enos\u0165 z\u00e1kladom v\u00edzie, pri\u010dom pohotovo reagovala a zamerala svoju energiu na ciele zameran\u00e9 na boj proti zmene kl\u00edmy a ochranu environment\u00e1lneho ekosyst\u00e9mu.<\/p>\n\n<div style=\"height:100px\" aria-hidden=\"true\" class=\"wp-block-spacer\"><\/div><\/div><\/div><\/div><div class=\"wp-block-mac-container-block box-container\"><div class=\"wp-block-columns is-layout-flex wp-container-core-columns-is-layout-9d6595d7 wp-block-columns-is-layout-flex\"><div class=\"wp-block-column is-layout-flow wp-block-column-is-layout-flow\" style=\"flex-basis:33.33%\"><figure class=\"wp-block-image size-full\"><img fetchpriority=\"high\" decoding=\"async\" width=\"598\" height=\"491\" src=\"https:\/\/www.maccaferri.com\/cet\/wp-content\/uploads\/sites\/29\/2022\/12\/sdg-1.png\" alt=\"\" class=\"wp-image-3101\" srcset=\"https:\/\/www.maccaferri.com\/sk\/wp-content\/uploads\/2022\/12\/sdg-1.png 598w, https:\/\/www.maccaferri.com\/sk\/wp-content\/uploads\/2022\/12\/sdg-1-300x246.png 300w\" sizes=\"(max-width: 598px) 100vw, 598px\" \/><\/figure><\/div>\n\n<div class=\"wp-block-column is-layout-flow wp-block-column-is-layout-flow\" style=\"flex-basis:66.66%\"><figure class=\"wp-block-image size-full\"><img decoding=\"async\" width=\"743\" height=\"376\" src=\"https:\/\/www.maccaferri.com\/cet\/wp-content\/uploads\/sites\/29\/2022\/12\/sdg2.png\" alt=\"\" class=\"wp-image-3104\" srcset=\"https:\/\/www.maccaferri.com\/sk\/wp-content\/uploads\/2022\/12\/sdg2.png 743w, https:\/\/www.maccaferri.com\/sk\/wp-content\/uploads\/2022\/12\/sdg2-300x152.png 300w\" sizes=\"(max-width: 743px) 100vw, 743px\" \/><\/figure><\/div><\/div><\/div><div style=\"height:100px\" aria-hidden=\"true\" class=\"wp-block-spacer\"><\/div><div class=\"wp-block-mac-h2-title-bold-block block-txt-container box-container\"><div class=\"row\"><div class=\"col title-box-txt\"><h2 style=\"color:#004857;text-align:center\">N\u00c1\u0160 Z\u00c1V\u00c4ZOK<\/h2><\/div><\/div><\/div><div class=\"wp-block-mac-block-left-description-right-image container-media box-container\"><div class=\"row\"><div class=\"col-12 col-lg-6 col-xl-6 col-xxl-6 title-box-txt order-lg-first order-last\" style=\"text-align:default\"><p class=\"description\" style=\"color:#212429\"><strong>PODPORA ZAV\u00c1DZANIA \u010cISTEJ ENERGIE<\/strong><br><br>Vyv\u00edjame rie\u0161enia, ktor\u00e9 podporuj\u00fa pr\u00edstup k cenovo dostupnej a \u010distej energii.<br><br>Spolupracujeme s \u00faradmi s cie\u013eom <strong>maximalizova\u0165 podiel zelenej energie<\/strong> v glob\u00e1lnom energetickom mixe.<\/p><\/div><div class=\"col-12 col-lg-6 col-xl-6 col-xxl-6\"><div class=\"box-image\"><img decoding=\"async\" class=\"image\" src=\"https:\/\/www.maccaferri.com\/sk\/wp-content\/uploads\/2023\/06\/SDG-Foto-7-2-min-11.png\" alt=\"Image\"\/><\/div><\/div><\/div><\/div><div class=\"wp-block-mac-block-left-image-right-description container-media box-container\"><div class=\"row\"><div class=\"col-12 col-lg-6 col-xl-6 col-xxl-6\"><div class=\"box-image\"><img decoding=\"async\" class=\"image\" src=\"https:\/\/www.maccaferri.com\/sk\/wp-content\/uploads\/2023\/06\/SDG-Foto-8-1-11.png\" alt=\"Image\"\/><\/div><\/div><div class=\"col-12 col-lg-6 col-xl-6 col-xxl-6 title-box-txt\" style=\"text-align:default\"><p class=\"description\" style=\"color:#212429\"><strong>ZAPOJENIE MIESTNYCH SPOLO\u010cENSTIEV<\/strong><br><strong><br><\/strong>Podporujeme inkluz\u00edvny rast a vyv\u00edjame rie\u0161enia, ktor\u00e9 m\u00f4\u017ee \u013eahko nain\u0161talova\u0165 <strong>miestna pracovn\u00e1<\/strong> <strong>sila <\/strong>bez \u0161peci\u00e1lneho \u0161kolenia.<br><br>Mnoh\u00e9 komunity trpia \u010doraz v\u00e4\u010d\u0161\u00edm po\u010dtom pr\u00edrodn\u00fdch katastrof, preto pracujeme na r\u00fdchlych a \u00fa\u010dinn\u00fdch opatreniach na z\u00e1sah a <strong>obnovu ich ekonom\u00edk.<\/strong><\/p><\/div><\/div><\/div><div class=\"wp-block-mac-block-left-description-right-image container-media box-container\"><div class=\"row\"><div class=\"col-12 col-lg-6 col-xl-6 col-xxl-6 title-box-txt order-lg-first order-last\" style=\"text-align:default\"><p class=\"description\" style=\"color:#212429\"><strong>PODPORA INOV\u00c1CI\u00cd<\/strong><br><br>Podporujeme <strong>neust\u00e1le zlep\u0161ovanie<\/strong>, aby sa dlhodob\u00e9 ekonomick\u00e9 a environment\u00e1lne vplyvy stavby stali stredobodom projektovej \u010dinnosti.<br><br>N\u00e1\u0161 proces n\u00e1vrhu je zameran\u00fd na testovacie kampane a invest\u00edcie do <strong>hodnotenia v\u00fdkonnosti <\/strong>na\u0161ich rie\u0161en\u00ed.<\/p><\/div><div class=\"col-12 col-lg-6 col-xl-6 col-xxl-6\"><div class=\"box-image\"><img decoding=\"async\" class=\"image\" src=\"https:\/\/www.maccaferri.com\/sk\/wp-content\/uploads\/2023\/06\/SDG-Foto-9-1-min-11.png\" alt=\"Image\"\/><\/div><\/div><\/div><\/div><div class=\"wp-block-mac-block-left-image-right-description container-media box-container\"><div class=\"row\"><div class=\"col-12 col-lg-6 col-xl-6 col-xxl-6\"><div class=\"box-image\"><img decoding=\"async\" class=\"image\" src=\"https:\/\/www.maccaferri.com\/sk\/wp-content\/uploads\/2023\/06\/SDG-Foto-11-1-min-11.png\" alt=\"Image\"\/><\/div><\/div><div class=\"col-12 col-lg-6 col-xl-6 col-xxl-6 title-box-txt\" style=\"text-align:default\"><p class=\"description\" style=\"color:#212429\"><strong>BEZPE\u010cNOS\u0164 OS\u00d4B A OCHRANA MAJETKU<\/strong><br><strong><br><\/strong>Vyv\u00edjanie rie\u0161en\u00ed na mieru pre ka\u017ed\u00fd bezpe\u010dnostn\u00fd probl\u00e9m, ktor\u00e9mu \u010del\u00edme, n\u00e1m umo\u017e\u0148uje <strong>minimalizova\u0165 rizik\u00e1<\/strong>.<br><br>Je potrebn\u00e9 chr\u00e1ni\u0165 \u013eud\u00ed, historick\u00e9 a kult\u00farne dedi\u010dstvo a infra\u0161trukt\u00faru.<\/p><\/div><\/div><\/div><div class=\"wp-block-mac-block-left-description-right-image container-media box-container\"><div class=\"row\"><div class=\"col-12 col-lg-6 col-xl-6 col-xxl-6 title-box-txt order-lg-first order-last\" style=\"text-align:default\"><p class=\"description\" style=\"color:#212429\"><strong>ZODPOVEDN\u00dd DIZAJN A V\u00ddROBA<\/strong><br><br>Optimaliz\u00e1ciou dizajnu podporujeme udr\u017eate\u013en\u00e9 hospod\u00e1renie s materi\u00e1lmi s cie\u013eom \u0161etri\u0165 zdroje a predch\u00e1dza\u0165 vzniku odpadu.&nbsp; Na\u0161e \u00faspechy zah\u0155\u0148aj\u00fa <strong>zni\u017eovanie, op\u00e4tovn\u00e9 pou\u017e\u00edvanie a recykl\u00e1ciu<\/strong> materi\u00e1lov.<br><br>Taktie\u017e sa zav\u00e4zujeme k <strong>transparentnosti <\/strong>a poskytujeme objekt\u00edvne, spo\u013eahliv\u00e9 a porovnate\u013en\u00e9 inform\u00e1cie o \u017eivotnom cykle vplyve na\u0161ich v\u00fdrobkov na \u017eivotn\u00e9 prostredie.<br><a href=\"https:\/\/www.maccaferri.com\/epd\" target=\"_blank\" rel=\"noreferrer noopener\">Zisti\u0165 viac &gt;&gt;&gt;<\/a><\/p><\/div><div class=\"col-12 col-lg-6 col-xl-6 col-xxl-6\"><div class=\"box-image\"><img decoding=\"async\" class=\"image\" src=\"https:\/\/www.maccaferri.com\/sk\/wp-content\/uploads\/2023\/06\/SDG-Foto-12-1-min-11.png\" alt=\"Image\"\/><\/div><\/div><\/div><\/div><div class=\"wp-block-mac-block-left-image-right-description container-media box-container\"><div class=\"row\"><div class=\"col-12 col-lg-6 col-xl-6 col-xxl-6\"><div class=\"box-image\"><img decoding=\"async\" class=\"image\" src=\"https:\/\/www.maccaferri.com\/sk\/wp-content\/uploads\/2023\/06\/SDG-Foto-13-11-1-11.png\" alt=\"Image\"\/><\/div><\/div><div class=\"col-12 col-lg-6 col-xl-6 col-xxl-6 title-box-txt\" style=\"text-align:default\"><p class=\"description\" style=\"color:#212429\"><strong>INTEGR\u00c1CIA DO PR\u00cdRODN\u00c9HO PROSTREDIA<\/strong><br><strong><br><\/strong>Z\u00e1le\u017e\u00ed n\u00e1m na <strong>naturaliz\u00e1cii na\u0161ich in\u017einierskych stavieb<\/strong> a sme presved\u010den\u00ed, \u017ee za\u010dlenenie veget\u00e1cie a v\u00fdsadbov\u00fdch techn\u00edk u\u017e vo f\u00e1ze n\u00e1vrhu je \u010fal\u0161ou ekologickou hodnotou na\u0161ich rie\u0161en\u00ed.<br><br>Pracujeme na zlep\u0161en\u00ed celkovej estetiky na\u0161ich stavieb, aby sme ich lep\u0161ie za\u010dlenili do mestsk\u00e9ho prostredia.<\/p><\/div><\/div><\/div><h2 class=\"wp-block-heading\"> <\/h2><div class=\"wp-block-mac-block-left-description-right-image container-media box-container\"><div class=\"row\"><div class=\"col-12 col-lg-6 col-xl-6 col-xxl-6 title-box-txt order-lg-first order-last\" style=\"text-align:default\"><p class=\"description\" style=\"color:#212429\"><strong>RE\u0160PEKTOVANIE A ZVY\u0160OVANIE BIODIVERZITY<\/strong><br><strong><br><\/strong>Sna\u017e\u00edme sa <strong>zn\u00ed\u017ei\u0165 vplyv<\/strong> na\u0161ich rie\u0161en\u00ed <strong>na \u017eivotn\u00e9 prostredie<\/strong> a dosiahnu\u0165 rovnov\u00e1hu medzi technick\u00fdm v\u00fdkonom a prirodzenou integr\u00e1ciou.<br><br>Jedn\u00fdm z na\u0161ich z\u00e1v\u00e4zkov je uprednost\u0148ova\u0165<strong> rie\u0161enia, ktor\u00e9 zvy\u0161uj\u00fa biodiverzitu<\/strong>, poskytuj\u00fa dokonal\u00e9 prostredie pre r\u00f4zne druhy a zoh\u013ead\u0148uj\u00fa aj pr\u00edtomnos\u0165 vo\u013ene \u017eij\u00facich \u017eivo\u010d\u00edchov a re\u0161pektuj\u00fa ich.<\/p><\/div><div class=\"col-12 col-lg-6 col-xl-6 col-xxl-6\"><div class=\"box-image\"><img decoding=\"async\" class=\"image\" src=\"https:\/\/www.maccaferri.com\/sk\/wp-content\/uploads\/2023\/06\/SDG-Foto-14-15-1-min-11.png\" alt=\"Image\"\/><\/div><\/div><\/div><\/div><div style=\"height:100px\" aria-hidden=\"true\" class=\"wp-block-spacer\"><\/div><div class=\"wp-block-buttons is-content-justification-center is-layout-flex wp-container-core-buttons-is-layout-16018d1d wp-block-buttons-is-layout-flex\"><div class=\"wp-block-button\"><a class=\"wp-block-button__link\" href=\"https:\/\/www.maccaferri.com\/sk\/download\/maccaferri-sustainability-2022-2\" target=\"_blank\" rel=\"noreferrer noopener\">STIAHNITE SI CEL\u00da PREZENT\u00c1CIU<\/a><\/div><\/div><div style=\"height:100px\" aria-hidden=\"true\" class=\"wp-block-spacer\"><\/div>","protected":false},"excerpt":{"rendered":"","protected":false},"author":1,"featured_media":0,"parent":0,"menu_order":0,"comment_status":"closed","ping_status":"closed","template":"","meta":{"_acf_changed":false,"_joinchat":[],"footnotes":""},"class_list":["post-1375","page","type-page","status-publish","hentry"],"acf":{"uuid_products":"","product-documents":""},"yoast_head":"<!-- This site is optimized with the Yoast SEO Premium plugin v27.0 (Yoast SEO v27.0) - https:\/\/yoast.com\/product\/yoast-seo-premium-wordpress\/ -->\n<title>Udr\u017eate\u013enos\u0165 - Maccaferri Central Europe<\/title>\n<meta name=\"description\" content=\"Udr\u017eate\u013enos\u0165 Sme pevne odhodlan\u00ed rie\u0161i\u0165 environment\u00e1lne, hospod\u00e1rske a soci\u00e1lne aspekty holistick\u00fdm pr\u00edstupom. Pevne ver\u00edme v prijatie udr\u017eate\u013en\u00fdch\" \/>\n<meta name=\"robots\" content=\"index, follow, max-snippet:-1, max-image-preview:large, max-video-preview:-1\" \/>\n<link rel=\"canonical\" href=\"https:\/\/www.maccaferri.com\/sk\/udrzatelnost\/\" \/>\n<meta property=\"og:locale\" content=\"sk_SK\" \/>\n<meta property=\"og:type\" content=\"article\" \/>\n<meta property=\"og:title\" content=\"Udr\u017eate\u013enos\u0165 - Maccaferri Central Europe\" \/>\n<meta property=\"og:description\" content=\"Udr\u017eate\u013enos\u0165 Sme pevne odhodlan\u00ed rie\u0161i\u0165 environment\u00e1lne, hospod\u00e1rske a soci\u00e1lne aspekty holistick\u00fdm pr\u00edstupom. Pevne ver\u00edme v prijatie udr\u017eate\u013en\u00fdch\" \/>\n<meta property=\"og:url\" content=\"https:\/\/www.maccaferri.com\/sk\/udrzatelnost\/\" \/>\n<meta property=\"og:site_name\" content=\"Maccaferri Central Europe\" \/>\n<meta property=\"article:modified_time\" content=\"2023-06-01T15:21:45+00:00\" \/>\n<meta property=\"og:image\" content=\"https:\/\/www.maccaferri.com\/cet\/wp-content\/uploads\/sites\/29\/2022\/12\/Sustainability_Gabion_3.jpg\" \/>\n<meta name=\"twitter:card\" content=\"summary_large_image\" \/>\n<meta name=\"twitter:label1\" content=\"Est. reading time\" \/>\n\t<meta name=\"twitter:data1\" content=\"6 minutes\" \/>\n<script type=\"application\/ld+json\" class=\"yoast-schema-graph\">{\"@context\":\"https:\/\/schema.org\",\"@graph\":[{\"@type\":\"WebPage\",\"@id\":\"https:\/\/www.maccaferri.com\/sk\/udrzatelnost\/\",\"url\":\"https:\/\/www.maccaferri.com\/sk\/udrzatelnost\/\",\"name\":\"Udr\u017eate\u013enos\u0165 - Maccaferri Central Europe\",\"isPartOf\":{\"@id\":\"https:\/\/www.maccaferri.com\/sk\/#website\"},\"primaryImageOfPage\":{\"@id\":\"https:\/\/www.maccaferri.com\/sk\/udrzatelnost\/#primaryimage\"},\"image\":{\"@id\":\"https:\/\/www.maccaferri.com\/sk\/udrzatelnost\/#primaryimage\"},\"thumbnailUrl\":\"https:\/\/www.maccaferri.com\/cet\/wp-content\/uploads\/sites\/29\/2022\/12\/Sustainability_Gabion_3.jpg\",\"datePublished\":\"2022-07-28T13:26:58+00:00\",\"dateModified\":\"2023-06-01T15:21:45+00:00\",\"description\":\"Udr\u017eate\u013enos\u0165 Sme pevne odhodlan\u00ed rie\u0161i\u0165 environment\u00e1lne, hospod\u00e1rske a soci\u00e1lne aspekty holistick\u00fdm pr\u00edstupom. Pevne ver\u00edme v prijatie udr\u017eate\u013en\u00fdch\",\"inLanguage\":\"sk-SK\",\"potentialAction\":[{\"@type\":\"ReadAction\",\"target\":[\"https:\/\/www.maccaferri.com\/sk\/udrzatelnost\/\"]}]},{\"@type\":\"ImageObject\",\"inLanguage\":\"sk-SK\",\"@id\":\"https:\/\/www.maccaferri.com\/sk\/udrzatelnost\/#primaryimage\",\"url\":\"https:\/\/www.maccaferri.com\/cet\/wp-content\/uploads\/sites\/29\/2022\/12\/Sustainability_Gabion_3.jpg\",\"contentUrl\":\"https:\/\/www.maccaferri.com\/cet\/wp-content\/uploads\/sites\/29\/2022\/12\/Sustainability_Gabion_3.jpg\"},{\"@type\":\"WebSite\",\"@id\":\"https:\/\/www.maccaferri.com\/sk\/#website\",\"url\":\"https:\/\/www.maccaferri.com\/sk\/\",\"name\":\"Maccaferri Central Europe\",\"description\":\"\",\"publisher\":{\"@id\":\"https:\/\/www.maccaferri.com\/sk\/#organization\"},\"potentialAction\":[{\"@type\":\"SearchAction\",\"target\":{\"@type\":\"EntryPoint\",\"urlTemplate\":\"https:\/\/www.maccaferri.com\/sk\/?s={search_term_string}\"},\"query-input\":{\"@type\":\"PropertyValueSpecification\",\"valueRequired\":true,\"valueName\":\"search_term_string\"}}],\"inLanguage\":\"sk-SK\"},{\"@type\":\"Organization\",\"@id\":\"https:\/\/www.maccaferri.com\/sk\/#organization\",\"name\":\"Maccaferri Central Europe\",\"url\":\"https:\/\/www.maccaferri.com\/sk\/\",\"logo\":{\"@type\":\"ImageObject\",\"inLanguage\":\"sk-SK\",\"@id\":\"https:\/\/www.maccaferri.com\/sk\/#\/schema\/logo\/image\/\",\"url\":\"https:\/\/www.maccaferri.com\/sk\/wp-content\/uploads\/2022\/07\/logo-maccaferri.png\",\"contentUrl\":\"https:\/\/www.maccaferri.com\/sk\/wp-content\/uploads\/2022\/07\/logo-maccaferri.png\",\"width\":152,\"height\":32,\"caption\":\"Maccaferri Central Europe\"},\"image\":{\"@id\":\"https:\/\/www.maccaferri.com\/sk\/#\/schema\/logo\/image\/\"}}]}<\/script>\n<!-- \/ Yoast SEO Premium plugin. -->","yoast_head_json":{"title":"Udr\u017eate\u013enos\u0165 - Maccaferri Central Europe","description":"Udr\u017eate\u013enos\u0165 Sme pevne odhodlan\u00ed rie\u0161i\u0165 environment\u00e1lne, hospod\u00e1rske a soci\u00e1lne aspekty holistick\u00fdm pr\u00edstupom. Pevne ver\u00edme v prijatie udr\u017eate\u013en\u00fdch","robots":{"index":"index","follow":"follow","max-snippet":"max-snippet:-1","max-image-preview":"max-image-preview:large","max-video-preview":"max-video-preview:-1"},"canonical":"https:\/\/www.maccaferri.com\/sk\/udrzatelnost\/","og_locale":"sk_SK","og_type":"article","og_title":"Udr\u017eate\u013enos\u0165 - Maccaferri Central Europe","og_description":"Udr\u017eate\u013enos\u0165 Sme pevne odhodlan\u00ed rie\u0161i\u0165 environment\u00e1lne, hospod\u00e1rske a soci\u00e1lne aspekty holistick\u00fdm pr\u00edstupom. Pevne ver\u00edme v prijatie udr\u017eate\u013en\u00fdch","og_url":"https:\/\/www.maccaferri.com\/sk\/udrzatelnost\/","og_site_name":"Maccaferri Central Europe","article_modified_time":"2023-06-01T15:21:45+00:00","og_image":[{"url":"https:\/\/www.maccaferri.com\/cet\/wp-content\/uploads\/sites\/29\/2022\/12\/Sustainability_Gabion_3.jpg","type":"","width":"","height":""}],"twitter_card":"summary_large_image","twitter_misc":{"Est. reading time":"6 minutes"},"schema":{"@context":"https:\/\/schema.org","@graph":[{"@type":"WebPage","@id":"https:\/\/www.maccaferri.com\/sk\/udrzatelnost\/","url":"https:\/\/www.maccaferri.com\/sk\/udrzatelnost\/","name":"Udr\u017eate\u013enos\u0165 - Maccaferri Central Europe","isPartOf":{"@id":"https:\/\/www.maccaferri.com\/sk\/#website"},"primaryImageOfPage":{"@id":"https:\/\/www.maccaferri.com\/sk\/udrzatelnost\/#primaryimage"},"image":{"@id":"https:\/\/www.maccaferri.com\/sk\/udrzatelnost\/#primaryimage"},"thumbnailUrl":"https:\/\/www.maccaferri.com\/cet\/wp-content\/uploads\/sites\/29\/2022\/12\/Sustainability_Gabion_3.jpg","datePublished":"2022-07-28T13:26:58+00:00","dateModified":"2023-06-01T15:21:45+00:00","description":"Udr\u017eate\u013enos\u0165 Sme pevne odhodlan\u00ed rie\u0161i\u0165 environment\u00e1lne, hospod\u00e1rske a soci\u00e1lne aspekty holistick\u00fdm pr\u00edstupom. Pevne ver\u00edme v prijatie udr\u017eate\u013en\u00fdch","inLanguage":"sk-SK","potentialAction":[{"@type":"ReadAction","target":["https:\/\/www.maccaferri.com\/sk\/udrzatelnost\/"]}]},{"@type":"ImageObject","inLanguage":"sk-SK","@id":"https:\/\/www.maccaferri.com\/sk\/udrzatelnost\/#primaryimage","url":"https:\/\/www.maccaferri.com\/cet\/wp-content\/uploads\/sites\/29\/2022\/12\/Sustainability_Gabion_3.jpg","contentUrl":"https:\/\/www.maccaferri.com\/cet\/wp-content\/uploads\/sites\/29\/2022\/12\/Sustainability_Gabion_3.jpg"},{"@type":"WebSite","@id":"https:\/\/www.maccaferri.com\/sk\/#website","url":"https:\/\/www.maccaferri.com\/sk\/","name":"Maccaferri Central Europe","description":"","publisher":{"@id":"https:\/\/www.maccaferri.com\/sk\/#organization"},"potentialAction":[{"@type":"SearchAction","target":{"@type":"EntryPoint","urlTemplate":"https:\/\/www.maccaferri.com\/sk\/?s={search_term_string}"},"query-input":{"@type":"PropertyValueSpecification","valueRequired":true,"valueName":"search_term_string"}}],"inLanguage":"sk-SK"},{"@type":"Organization","@id":"https:\/\/www.maccaferri.com\/sk\/#organization","name":"Maccaferri Central Europe","url":"https:\/\/www.maccaferri.com\/sk\/","logo":{"@type":"ImageObject","inLanguage":"sk-SK","@id":"https:\/\/www.maccaferri.com\/sk\/#\/schema\/logo\/image\/","url":"https:\/\/www.maccaferri.com\/sk\/wp-content\/uploads\/2022\/07\/logo-maccaferri.png","contentUrl":"https:\/\/www.maccaferri.com\/sk\/wp-content\/uploads\/2022\/07\/logo-maccaferri.png","width":152,"height":32,"caption":"Maccaferri Central Europe"},"image":{"@id":"https:\/\/www.maccaferri.com\/sk\/#\/schema\/logo\/image\/"}}]}},"_links":{"self":[{"href":"https:\/\/www.maccaferri.com\/sk\/wp-json\/wp\/v2\/pages\/1375","targetHints":{"allow":["GET"]}}],"collection":[{"href":"https:\/\/www.maccaferri.com\/sk\/wp-json\/wp\/v2\/pages"}],"about":[{"href":"https:\/\/www.maccaferri.com\/sk\/wp-json\/wp\/v2\/types\/page"}],"author":[{"embeddable":true,"href":"https:\/\/www.maccaferri.com\/sk\/wp-json\/wp\/v2\/users\/1"}],"replies":[{"embeddable":true,"href":"https:\/\/www.maccaferri.com\/sk\/wp-json\/wp\/v2\/comments?post=1375"}],"version-history":[{"count":43,"href":"https:\/\/www.maccaferri.com\/sk\/wp-json\/wp\/v2\/pages\/1375\/revisions"}],"predecessor-version":[{"id":21798,"href":"https:\/\/www.maccaferri.com\/sk\/wp-json\/wp\/v2\/pages\/1375\/revisions\/21798"}],"wp:attachment":[{"href":"https:\/\/www.maccaferri.com\/sk\/wp-json\/wp\/v2\/media?parent=1375"}],"curies":[{"name":"wp","href":"https:\/\/api.w.org\/{rel}","templated":true}]}}