{"id":1398,"date":"2022-07-29T11:40:29","date_gmt":"2022-07-29T09:40:29","guid":{"rendered":"https:\/\/www.maccaferri.com\/ru\/?page_id=1398"},"modified":"2025-01-13T15:57:10","modified_gmt":"2025-01-13T14:57:10","slug":"%d0%b8%d0%bd%d0%bd%d0%be%d0%b2%d0%b0%d1%86%d0%b8%d0%b8","status":"publish","type":"page","link":"https:\/\/www.maccaferri.com\/ru\/%d0%b8%d0%bd%d0%bd%d0%be%d0%b2%d0%b0%d1%86%d0%b8%d0%b8\/","title":{"rendered":"\u0418\u043d\u043d\u043e\u0432\u0430\u0446\u0438\u0438"},"content":{"rendered":"<div class=\"wp-block-cover has-parallax rbc-is-hidden-on-tablet rbc-is-hidden-on-mobile\" style=\"min-height:900px;aspect-ratio:unset;\"><span aria-hidden=\"true\" class=\"wp-block-cover__background has-background-dim-0 has-background-dim\"><\/span><div class=\"wp-block-cover__image-background wp-image-88805 has-parallax\" style=\"background-position:50% 50%;background-image:url(https:\/\/www.maccaferri.com\/wp-content\/uploads\/2024\/12\/HERO_Innovazione-1440x900-1.jpg)\"><\/div><div class=\"wp-block-cover__inner-container is-layout-constrained wp-block-cover-is-layout-constrained\"><div class=\"wp-block-mac-container-block box-container\"><div class=\"wp-block-columns is-layout-flex wp-container-core-columns-is-layout-9d6595d7 wp-block-columns-is-layout-flex\"><div class=\"wp-block-column is-layout-flow wp-block-column-is-layout-flow\"><div style=\"height:65px\" aria-hidden=\"true\" class=\"wp-block-spacer\"><\/div>\n\n<p class=\"has-text-align-left has-white-color has-text-color has-link-color wp-elements-a51e3e5cb7f79b11cf9569bd401865b7\" style=\"font-size:80px\"><strong>Yenili\u011fi<\/strong><\/p>\n\n<div style=\"height:30px\" aria-hidden=\"true\" class=\"wp-block-spacer\"><\/div>\n\n<p class=\"has-text-align-left has-white-color has-text-color has-link-color wp-elements-7a43881dd1dcd1a79420b2d82e12b1b5\" style=\"font-size:80px\"><strong>Yayg\u0131nla\u015ft\u0131r\u0131yoruz<\/strong><\/p>\n\n<div class=\"wp-block-columns is-layout-flex wp-container-core-columns-is-layout-9d6595d7 wp-block-columns-is-layout-flex\"><div class=\"wp-block-column is-layout-flow wp-block-column-is-layout-flow\"><p class=\"has-text-align-left has-white-color has-text-color has-background has-link-color wp-elements-4bf9affd8fc8d3a8ecd6caed6f72e214\" style=\"background-color:#ffffff00;margin-left:0px;padding-left:0px;font-size:20px\">Gabion kafesin icad\u0131yla ba\u015flad\u0131k ve bu bulu\u015f, in\u015faat ve \u00e7evre m\u00fchendisli\u011fi sekt\u00f6r\u00fcnde devrim yaratt\u0131. O g\u00fcnden bu yana, de\u011fi\u015fimin \u00f6nc\u00fcs\u00fc olduk ve ara\u015ft\u0131rma ve geli\u015ftirme alan\u0131ndaki g\u00fc\u00e7l\u00fc ba\u011fl\u0131l\u0131\u011f\u0131m\u0131z sayesinde s\u00fcrekli yenilikler yapmaya devam ediyoruz.<\/p><\/div>\n\n<div class=\"wp-block-column is-layout-flow wp-block-column-is-layout-flow\"><\/div><\/div>\n\n<div style=\"height:406px\" aria-hidden=\"true\" class=\"wp-block-spacer\"><\/div><\/div><\/div><\/div>\n\n<div class=\"wp-block-mac-container-block box-container\"><div class=\"wp-block-columns is-layout-flex wp-container-core-columns-is-layout-9d6595d7 wp-block-columns-is-layout-flex\"><div class=\"wp-block-column is-layout-flow wp-block-column-is-layout-flow\"><\/div>\n\n<div class=\"wp-block-column is-layout-flow wp-block-column-is-layout-flow\"><\/div><\/div><\/div><\/div><\/div><div class=\"wp-block-cover rbc-is-hidden-on-wide rbc-is-hidden-on-desktop\" style=\"min-height:900px;aspect-ratio:unset;\"><span aria-hidden=\"true\" class=\"wp-block-cover__background has-background-dim-0 has-background-dim\"><\/span><img decoding=\"async\" class=\"wp-block-cover__image-background wp-image-88805\" alt=\"\" src=\"https:\/\/www.maccaferri.com\/wp-content\/uploads\/2024\/12\/HERO_Innovazione-1440x900-1.jpg\" data-object-fit=\"cover\"\/><div class=\"wp-block-cover__inner-container is-layout-constrained wp-block-cover-is-layout-constrained\"><div class=\"wp-block-mac-container-block box-container\"><div class=\"wp-block-columns is-layout-flex wp-container-core-columns-is-layout-9d6595d7 wp-block-columns-is-layout-flex\"><div class=\"wp-block-column is-layout-flow wp-block-column-is-layout-flow\"><div style=\"height:30px\" aria-hidden=\"true\" class=\"wp-block-spacer\"><\/div>\n\n<h1 class=\"wp-block-heading has-x-large-font-size\">Yenili\u011fi Yayg\u0131nla\u015ft\u0131r\u0131yoruz<\/h1>\n\n<div style=\"height:35px\" aria-hidden=\"true\" class=\"wp-block-spacer\"><\/div>\n\n<p>We began with the invention of the gabion, which revolutionized the civil and environmental engineering sector. Since then, we\u2019ve been leaders in change, continuously innovating through a strong commitment to research and development.<\/p><\/div><\/div><\/div>\n\n<div class=\"wp-block-mac-container-block box-container\"><div class=\"wp-block-columns is-layout-flex wp-container-core-columns-is-layout-9d6595d7 wp-block-columns-is-layout-flex\"><div class=\"wp-block-column is-layout-flow wp-block-column-is-layout-flow\"><\/div>\n\n<div class=\"wp-block-column is-layout-flow wp-block-column-is-layout-flow\"><\/div><\/div><\/div><\/div><\/div><div class=\"wp-block-mac-container-block box-container\"><div style=\"height:100px\" aria-hidden=\"true\" class=\"wp-block-spacer\"><\/div>\n\n<div class=\"wp-block-columns is-layout-flex wp-container-core-columns-is-layout-9d6595d7 wp-block-columns-is-layout-flex\"><div class=\"wp-block-column is-vertically-aligned-center is-layout-flow wp-block-column-is-layout-flow\" style=\"flex-basis:40%\"><p style=\"font-size:25px\"><strong>G\u00fcvenli\u011fi Daha Ak\u0131ll\u0131 Hale Getiriyoruz<\/strong><\/p>\n\n<p class=\"has-medium-font-size\">We believe in digital technologies, which is why we continually invest in the digitalization of our solutions, especially those focused on the safety of people and their surrounding environment.<\/p>\n\n<p class=\"has-medium-font-size\">HELLOMAC Erken Uyar\u0131 sistemlerimizle, son y\u0131llarda altyap\u0131 ve in\u015faat sekt\u00f6rlerini daha ak\u0131ll\u0131 hale getiren IoT (Nesnelerin \u0130nterneti) alan\u0131nda \u00f6nc\u00fc bir oyuncu olarak kendimizi daha da sa\u011flamla\u015ft\u0131rmay\u0131 hedefliyoruz.<\/p><\/div>\n\n<div class=\"wp-block-column is-layout-flow wp-block-column-is-layout-flow\" style=\"flex-basis:60%\"><figure class=\"wp-block-image size-full\"><img decoding=\"async\" src=\"https:\/\/www.maccaferri.com\/wp-content\/uploads\/2024\/12\/1-Rendiamo-la-sicurezza-piu-smart-630x450-1.jpg\" alt=\"\" class=\"wp-image-88820\"\/><\/figure><\/div><\/div><\/div><div style=\"height:100px\" aria-hidden=\"true\" class=\"wp-block-spacer\"><\/div><div class=\"wp-block-cover\" style=\"min-height:700px;aspect-ratio:unset;\"><span aria-hidden=\"true\" class=\"wp-block-cover__background has-background-dim-0 has-background-dim\"><\/span><img decoding=\"async\" class=\"wp-block-cover__image-background wp-image-88815\" alt=\"\" src=\"https:\/\/www.maccaferri.com\/wp-content\/uploads\/2024\/12\/2-Tecnologie-verdi-1440x820-1.jpg\" data-object-fit=\"cover\"\/><div class=\"wp-block-cover__inner-container is-layout-constrained wp-block-cover-is-layout-constrained\"><div class=\"wp-block-mac-container-block box-container\"><div class=\"wp-block-columns is-layout-flex wp-container-core-columns-is-layout-9d6595d7 wp-block-columns-is-layout-flex\"><div class=\"wp-block-column is-layout-flow wp-block-column-is-layout-flow\"><\/div>\n\n<div class=\"wp-block-column is-layout-flow wp-block-column-is-layout-flow\" style=\"flex-basis:40%\"><p style=\"font-size:25px\"><strong>Ger\u00e7ekten Ye\u015fil Teknolojiler<\/strong><\/p>\n\n<p class=\"has-medium-font-size\"><strong>S\u00fcrd\u00fcr\u00fclebilirli\u011fi dayan\u0131kl\u0131l\u0131kla birle\u015ftirmek, in\u015faat ve \u00e7evre m\u00fchendisli\u011finde en b\u00fcy\u00fck zorluktur. Geri d\u00f6n\u00fc\u015ft\u00fcr\u00fclm\u00fc\u015f malzemeler kullanan, \u00e7evre dostu ve d\u00fc\u015f\u00fck etkili \u00e7\u00f6z\u00fcmler geli\u015ftirmek i\u00e7in Ar-Ge\u2019ye yat\u0131r\u0131m yap\u0131yoruz ve bu \u00e7\u00f6z\u00fcmlerimizin verimli, g\u00fcvenli ve uzun \u00f6m\u00fcrl\u00fc olmas\u0131n\u0131 sa\u011fl\u0131yoruz.<\/strong><\/p>\n\n<p class=\"has-medium-font-size\"><strong>\u00c7\u00f6z\u00fcmlerimiz h\u0131zl\u0131 kurulum ve optimize edilmi\u015f malzemeler sayesinde d\u00fc\u015f\u00fck karbon ayak izine sahip ve s\u00fcrd\u00fcr\u00fclebilirdir.<\/strong><\/p><\/div><\/div><\/div><\/div><\/div><div class=\"wp-block-mac-container-block box-container\"><div style=\"height:100px\" aria-hidden=\"true\" class=\"wp-block-spacer\"><\/div>\n\n<div class=\"wp-block-columns is-layout-flex wp-container-core-columns-is-layout-9d6595d7 wp-block-columns-is-layout-flex\"><div class=\"wp-block-column is-vertically-aligned-center is-layout-flow wp-block-column-is-layout-flow\" style=\"flex-basis:40%\"><p style=\"font-size:25px\"><strong>A\u00e7\u0131k \u0130novasyon<\/strong><\/p>\n\n<p class=\"has-medium-font-size\">Ger\u00e7ek bir inovasyonun, payla\u015f\u0131ld\u0131\u011f\u0131nda anlam kazand\u0131\u011f\u0131na inan\u0131yoruz.<\/p>\n\n<p class=\"has-medium-font-size\">\u00dcniversiteler ve ara\u015ft\u0131rma merkezleriyle i\u015f birli\u011fi yaparak, herkesin etkili ve g\u00fcvenilir \u00e7\u00f6z\u00fcmler tasarlamas\u0131na yard\u0131mc\u0131 olacak \u00fccretsiz yaz\u0131l\u0131m ara\u00e7lar\u0131 geli\u015ftirdik.<\/p>\n\n<p class=\"has-medium-font-size\">Bu kullan\u0131c\u0131 dostu ve hemen kullan\u0131ma haz\u0131r yaz\u0131l\u0131m ara\u00e7lar\u0131, on y\u0131llar\u0131n saha verileri ve titiz testlere dayanmaktad\u0131r.<\/p><\/div>\n\n<div class=\"wp-block-column is-layout-flow wp-block-column-is-layout-flow\" style=\"flex-basis:60%\"><figure class=\"wp-block-image size-full\"><img decoding=\"async\" src=\"https:\/\/www.maccaferri.com\/wp-content\/uploads\/2024\/12\/3-Open-innovation-630x400-1.png\" alt=\"\" class=\"wp-image-88825\"\/><\/figure><\/div><\/div><\/div><div style=\"height:100px\" aria-hidden=\"true\" class=\"wp-block-spacer\"><\/div><h3 class=\"wp-block-heading has-text-align-center has-text-color has-link-color wp-elements-3b1999087124baaa46b9b88710af8ae3\" style=\"color:#035d6f\"><strong>Yaz\u0131l\u0131mlar\u0131m\u0131zla Gelece\u011fi Tasarlay\u0131n<\/strong><\/h3><div class=\"wp-block-buttons is-content-justification-center is-layout-flex wp-container-core-buttons-is-layout-16018d1d wp-block-buttons-is-layout-flex\"><div class=\"wp-block-button\"><a class=\"wp-block-button__link wp-element-button\" href=\"https:\/\/www.maccaferri.com\/ru\/maccaferri-%D0%BF%D1%80%D0%BE%D0%B3%D1%80%D0%B0%D0%BC%D0%BC%D0%BD%D1%8B%D0%B9-%D0%BA%D0%BE%D0%BC%D0%BF%D0%BB%D0%B5%D0%BA%D1%81\/\" target=\"_blank\" rel=\"noreferrer noopener\">PLATFORMA G\u0130D\u0130N<\/a><\/div><\/div><div style=\"height:100px\" aria-hidden=\"true\" class=\"wp-block-spacer\"><\/div><div class=\"wp-block-cover\"><span aria-hidden=\"true\" class=\"wp-block-cover__background has-background-dim-100 has-background-dim\" style=\"background-color:#185e6f\"><\/span><div class=\"wp-block-cover__inner-container is-layout-constrained wp-block-cover-is-layout-constrained\"><div style=\"height:100px\" aria-hidden=\"true\" class=\"wp-block-spacer\"><\/div>\n\n<div class=\"wp-block-mac-container-block box-container\"><div class=\"wp-block-columns is-layout-flex wp-container-core-columns-is-layout-9d6595d7 wp-block-columns-is-layout-flex\"><div class=\"wp-block-column is-layout-flow wp-block-column-is-layout-flow\"><figure class=\"wp-block-image size-large is-style-default\"><img fetchpriority=\"high\" decoding=\"async\" width=\"1024\" height=\"675\" src=\"https:\/\/www.maccaferri.com\/wp-content\/uploads\/2022\/12\/Maccaferri-BIM-Objects-1024x675.png\" alt=\"\" class=\"wp-image-3547\" srcset=\"https:\/\/www.maccaferri.com\/ru\/wp-content\/uploads\/2022\/12\/Maccaferri-BIM-Objects-1024x675.png 1024w, https:\/\/www.maccaferri.com\/ru\/wp-content\/uploads\/2022\/12\/Maccaferri-BIM-Objects-300x198.png 300w, https:\/\/www.maccaferri.com\/ru\/wp-content\/uploads\/2022\/12\/Maccaferri-BIM-Objects-768x506.png 768w, https:\/\/www.maccaferri.com\/ru\/wp-content\/uploads\/2022\/12\/Maccaferri-BIM-Objects.png 1121w\" sizes=\"(max-width: 1024px) 100vw, 1024px\" \/><\/figure><\/div>\n\n<div class=\"wp-block-column is-layout-flow wp-block-column-is-layout-flow\" style=\"flex-basis:40%\"><p style=\"font-size:25px\"><strong>BIM \u041e\u0411\u042a\u0415\u041a\u0422\u042b \u041c\u0410\u041a\u041a\u0410\u0424\u0415\u0420\u0420\u0418<\/strong><\/p>\n\n<p class=\"has-medium-font-size\"><strong><br>\u0418\u043d\u0444\u043e\u0440\u043c\u0430\u0446\u0438\u043e\u043d\u043d\u043e\u0435 \u043c\u043e\u0434\u0435\u043b\u0438\u0440\u043e\u0432\u0430\u043d\u0438\u0435 \u0437\u0434\u0430\u043d\u0438\u0439<\/strong>\u00a0(BIM), ak\u0131ll\u0131 ve 3D modele dayal\u0131 bir s\u00fcre\u00e7tir. M\u00fchendislik ve in\u015faat profesyonelleri i\u00e7in harika bir yeni ara\u00e7t\u0131r.<\/p>\n\n<p class=\"has-medium-font-size\">Maccaferri, projelerin ya\u015fam d\u00f6ng\u00fcs\u00fc boyunca sekt\u00f6r payda\u015flar\u0131 aras\u0131nda i\u015f birli\u011fini te\u015fvik etmeye kararl\u0131d\u0131r.<\/p>\n\n<p class=\"has-medium-font-size\">Bu ama\u00e7 do\u011frultusunda, \u00e7\u00f6z\u00fcmlerimizi Bina Bilgi Modelleme Nesneleri olarak da sunuyoruz ve BIM teknolojisinin benimsenmesini te\u015fvik ederek tasar\u0131m ve in\u015faat s\u00fcre\u00e7lerini iyile\u015ftiriyor ve sahadaki hatal\u0131 uygulamalar\u0131 \u00f6nl\u00fcyoruz.<\/p><\/div><\/div><\/div>\n\n<div style=\"height:65px\" aria-hidden=\"true\" class=\"wp-block-spacer\"><\/div>\n\n<h3 class=\"wp-block-heading has-text-align-center has-white-color has-text-color has-link-color wp-elements-0b4ea217799868b2478840b8cadfe006\"><strong>BIM Nesnelerimizi Ke\u015ffedin<\/strong><\/h3>\n\n<div class=\"wp-block-buttons is-content-justification-center is-layout-flex wp-container-core-buttons-is-layout-16018d1d wp-block-buttons-is-layout-flex\"><div class=\"wp-block-button\"><a class=\"wp-block-button__link has-luminous-vivid-orange-background-color has-background wp-element-button\" href=\"https:\/\/www.maccaferri.com\/ru\/%D0%B1%D0%B8%D0%B1%D0%BB%D0%B8%D0%BE%D1%82%D0%B5%D0%BA%D0%B0-%D0%BE%D0%B1%D1%8A%D0%B5%D0%BA%D1%82%D0%BE%D0%B2-bim\" target=\"_blank\" rel=\"noreferrer noopener\"><strong>\u041f\u0415\u0420\u0415\u0419\u0422\u0418 \u0412 \u0411\u0418\u0411\u041b\u0418\u041e\u0422\u0415\u041a\u0423<\/strong><\/a><\/div><\/div>\n\n<div style=\"height:100px\" aria-hidden=\"true\" class=\"wp-block-spacer\"><\/div><\/div><\/div>","protected":false},"excerpt":{"rendered":"<p>Yaz\u0131l\u0131mlar\u0131m\u0131zla Gelece\u011fi Tasarlay\u0131n<\/p>\n","protected":false},"author":1,"featured_media":0,"parent":0,"menu_order":0,"comment_status":"closed","ping_status":"closed","template":"","meta":{"_acf_changed":false,"_joinchat":[],"footnotes":""},"class_list":["post-1398","page","type-page","status-publish","hentry"],"acf":{"uuid_products":"","product-documents":""},"yoast_head":"<!-- This site is optimized with the Yoast SEO Premium plugin v27.0 (Yoast SEO v27.0) - https:\/\/yoast.com\/product\/yoast-seo-premium-wordpress\/ -->\n<title>\u0418\u043d\u043d\u043e\u0432\u0430\u0446\u0438\u0438 - Maccaferri \u0420\u043e\u0441\u0441\u0438\u044f<\/title>\n<meta name=\"description\" content=\"Yenili\u011fi Yayg\u0131nla\u015ft\u0131r\u0131yoruz Gabion kafesin icad\u0131yla ba\u015flad\u0131k ve bu bulu\u015f, in\u015faat ve \u00e7evre m\u00fchendisli\u011fi sekt\u00f6r\u00fcnde devrim yaratt\u0131. O g\u00fcnden bu yana,\" \/>\n<meta name=\"robots\" content=\"index, follow, max-snippet:-1, max-image-preview:large, max-video-preview:-1\" \/>\n<link rel=\"canonical\" href=\"https:\/\/www.maccaferri.com\/ru\/%d0%b8%d0%bd%d0%bd%d0%be%d0%b2%d0%b0%d1%86%d0%b8%d0%b8\/\" \/>\n<meta property=\"og:locale\" content=\"ru_RU\" \/>\n<meta property=\"og:type\" content=\"article\" \/>\n<meta property=\"og:title\" content=\"\u0418\u043d\u043d\u043e\u0432\u0430\u0446\u0438\u0438 - Maccaferri \u0420\u043e\u0441\u0441\u0438\u044f\" \/>\n<meta property=\"og:description\" content=\"Yenili\u011fi Yayg\u0131nla\u015ft\u0131r\u0131yoruz Gabion kafesin icad\u0131yla ba\u015flad\u0131k ve bu bulu\u015f, in\u015faat ve \u00e7evre m\u00fchendisli\u011fi sekt\u00f6r\u00fcnde devrim yaratt\u0131. O g\u00fcnden bu yana,\" \/>\n<meta property=\"og:url\" content=\"https:\/\/www.maccaferri.com\/ru\/%d0%b8%d0%bd%d0%bd%d0%be%d0%b2%d0%b0%d1%86%d0%b8%d0%b8\/\" \/>\n<meta property=\"og:site_name\" content=\"Maccaferri \u0420\u043e\u0441\u0441\u0438\u044f\" \/>\n<meta property=\"article:modified_time\" content=\"2025-01-13T14:57:10+00:00\" \/>\n<meta name=\"twitter:card\" content=\"summary_large_image\" \/>\n<meta name=\"twitter:label1\" content=\"Est. reading time\" \/>\n\t<meta name=\"twitter:data1\" content=\"3 minutes\" \/>\n<script type=\"application\/ld+json\" class=\"yoast-schema-graph\">{\"@context\":\"https:\/\/schema.org\",\"@graph\":[{\"@type\":\"WebPage\",\"@id\":\"https:\/\/www.maccaferri.com\/ru\/%d0%b8%d0%bd%d0%bd%d0%be%d0%b2%d0%b0%d1%86%d0%b8%d0%b8\/\",\"url\":\"https:\/\/www.maccaferri.com\/ru\/%d0%b8%d0%bd%d0%bd%d0%be%d0%b2%d0%b0%d1%86%d0%b8%d0%b8\/\",\"name\":\"\u0418\u043d\u043d\u043e\u0432\u0430\u0446\u0438\u0438 - Maccaferri \u0420\u043e\u0441\u0441\u0438\u044f\",\"isPartOf\":{\"@id\":\"https:\/\/www.maccaferri.com\/ru\/#website\"},\"primaryImageOfPage\":{\"@id\":\"https:\/\/www.maccaferri.com\/ru\/%d0%b8%d0%bd%d0%bd%d0%be%d0%b2%d0%b0%d1%86%d0%b8%d0%b8\/#primaryimage\"},\"image\":{\"@id\":\"https:\/\/www.maccaferri.com\/ru\/%d0%b8%d0%bd%d0%bd%d0%be%d0%b2%d0%b0%d1%86%d0%b8%d0%b8\/#primaryimage\"},\"thumbnailUrl\":\"https:\/\/www.maccaferri.com\/wp-content\/uploads\/2024\/12\/HERO_Innovazione-1440x900-1.jpg\",\"datePublished\":\"2022-07-29T09:40:29+00:00\",\"dateModified\":\"2025-01-13T14:57:10+00:00\",\"description\":\"Yenili\u011fi Yayg\u0131nla\u015ft\u0131r\u0131yoruz Gabion kafesin icad\u0131yla ba\u015flad\u0131k ve bu bulu\u015f, in\u015faat ve \u00e7evre m\u00fchendisli\u011fi sekt\u00f6r\u00fcnde devrim yaratt\u0131. O g\u00fcnden bu yana,\",\"inLanguage\":\"ru-RU\",\"potentialAction\":[{\"@type\":\"ReadAction\",\"target\":[\"https:\/\/www.maccaferri.com\/ru\/%d0%b8%d0%bd%d0%bd%d0%be%d0%b2%d0%b0%d1%86%d0%b8%d0%b8\/\"]}]},{\"@type\":\"ImageObject\",\"inLanguage\":\"ru-RU\",\"@id\":\"https:\/\/www.maccaferri.com\/ru\/%d0%b8%d0%bd%d0%bd%d0%be%d0%b2%d0%b0%d1%86%d0%b8%d0%b8\/#primaryimage\",\"url\":\"https:\/\/www.maccaferri.com\/wp-content\/uploads\/2024\/12\/HERO_Innovazione-1440x900-1.jpg\",\"contentUrl\":\"https:\/\/www.maccaferri.com\/wp-content\/uploads\/2024\/12\/HERO_Innovazione-1440x900-1.jpg\"},{\"@type\":\"WebSite\",\"@id\":\"https:\/\/www.maccaferri.com\/ru\/#website\",\"url\":\"https:\/\/www.maccaferri.com\/ru\/\",\"name\":\"Maccaferri \u0420\u043e\u0441\u0441\u0438\u044f\",\"description\":\"\",\"publisher\":{\"@id\":\"https:\/\/www.maccaferri.com\/ru\/#organization\"},\"potentialAction\":[{\"@type\":\"SearchAction\",\"target\":{\"@type\":\"EntryPoint\",\"urlTemplate\":\"https:\/\/www.maccaferri.com\/ru\/?s={search_term_string}\"},\"query-input\":{\"@type\":\"PropertyValueSpecification\",\"valueRequired\":true,\"valueName\":\"search_term_string\"}}],\"inLanguage\":\"ru-RU\"},{\"@type\":\"Organization\",\"@id\":\"https:\/\/www.maccaferri.com\/ru\/#organization\",\"name\":\"Maccaferri \u0420\u043e\u0441\u0441\u0438\u044f\",\"url\":\"https:\/\/www.maccaferri.com\/ru\/\",\"logo\":{\"@type\":\"ImageObject\",\"inLanguage\":\"ru-RU\",\"@id\":\"https:\/\/www.maccaferri.com\/ru\/#\/schema\/logo\/image\/\",\"url\":\"https:\/\/www.maccaferri.com\/ru\/wp-content\/uploads\/2022\/07\/logo-maccaferri.png\",\"contentUrl\":\"https:\/\/www.maccaferri.com\/ru\/wp-content\/uploads\/2022\/07\/logo-maccaferri.png\",\"width\":152,\"height\":32,\"caption\":\"Maccaferri \u0420\u043e\u0441\u0441\u0438\u044f\"},\"image\":{\"@id\":\"https:\/\/www.maccaferri.com\/ru\/#\/schema\/logo\/image\/\"}}]}<\/script>\n<!-- \/ Yoast SEO Premium plugin. -->","yoast_head_json":{"title":"\u0418\u043d\u043d\u043e\u0432\u0430\u0446\u0438\u0438 - Maccaferri \u0420\u043e\u0441\u0441\u0438\u044f","description":"Yenili\u011fi Yayg\u0131nla\u015ft\u0131r\u0131yoruz Gabion kafesin icad\u0131yla ba\u015flad\u0131k ve bu bulu\u015f, in\u015faat ve \u00e7evre m\u00fchendisli\u011fi sekt\u00f6r\u00fcnde devrim yaratt\u0131. O g\u00fcnden bu yana,","robots":{"index":"index","follow":"follow","max-snippet":"max-snippet:-1","max-image-preview":"max-image-preview:large","max-video-preview":"max-video-preview:-1"},"canonical":"https:\/\/www.maccaferri.com\/ru\/%d0%b8%d0%bd%d0%bd%d0%be%d0%b2%d0%b0%d1%86%d0%b8%d0%b8\/","og_locale":"ru_RU","og_type":"article","og_title":"\u0418\u043d\u043d\u043e\u0432\u0430\u0446\u0438\u0438 - Maccaferri \u0420\u043e\u0441\u0441\u0438\u044f","og_description":"Yenili\u011fi Yayg\u0131nla\u015ft\u0131r\u0131yoruz Gabion kafesin icad\u0131yla ba\u015flad\u0131k ve bu bulu\u015f, in\u015faat ve \u00e7evre m\u00fchendisli\u011fi sekt\u00f6r\u00fcnde devrim yaratt\u0131. O g\u00fcnden bu yana,","og_url":"https:\/\/www.maccaferri.com\/ru\/%d0%b8%d0%bd%d0%bd%d0%be%d0%b2%d0%b0%d1%86%d0%b8%d0%b8\/","og_site_name":"Maccaferri \u0420\u043e\u0441\u0441\u0438\u044f","article_modified_time":"2025-01-13T14:57:10+00:00","twitter_card":"summary_large_image","twitter_misc":{"Est. reading time":"3 minutes"},"schema":{"@context":"https:\/\/schema.org","@graph":[{"@type":"WebPage","@id":"https:\/\/www.maccaferri.com\/ru\/%d0%b8%d0%bd%d0%bd%d0%be%d0%b2%d0%b0%d1%86%d0%b8%d0%b8\/","url":"https:\/\/www.maccaferri.com\/ru\/%d0%b8%d0%bd%d0%bd%d0%be%d0%b2%d0%b0%d1%86%d0%b8%d0%b8\/","name":"\u0418\u043d\u043d\u043e\u0432\u0430\u0446\u0438\u0438 - Maccaferri \u0420\u043e\u0441\u0441\u0438\u044f","isPartOf":{"@id":"https:\/\/www.maccaferri.com\/ru\/#website"},"primaryImageOfPage":{"@id":"https:\/\/www.maccaferri.com\/ru\/%d0%b8%d0%bd%d0%bd%d0%be%d0%b2%d0%b0%d1%86%d0%b8%d0%b8\/#primaryimage"},"image":{"@id":"https:\/\/www.maccaferri.com\/ru\/%d0%b8%d0%bd%d0%bd%d0%be%d0%b2%d0%b0%d1%86%d0%b8%d0%b8\/#primaryimage"},"thumbnailUrl":"https:\/\/www.maccaferri.com\/wp-content\/uploads\/2024\/12\/HERO_Innovazione-1440x900-1.jpg","datePublished":"2022-07-29T09:40:29+00:00","dateModified":"2025-01-13T14:57:10+00:00","description":"Yenili\u011fi Yayg\u0131nla\u015ft\u0131r\u0131yoruz Gabion kafesin icad\u0131yla ba\u015flad\u0131k ve bu bulu\u015f, in\u015faat ve \u00e7evre m\u00fchendisli\u011fi sekt\u00f6r\u00fcnde devrim yaratt\u0131. O g\u00fcnden bu yana,","inLanguage":"ru-RU","potentialAction":[{"@type":"ReadAction","target":["https:\/\/www.maccaferri.com\/ru\/%d0%b8%d0%bd%d0%bd%d0%be%d0%b2%d0%b0%d1%86%d0%b8%d0%b8\/"]}]},{"@type":"ImageObject","inLanguage":"ru-RU","@id":"https:\/\/www.maccaferri.com\/ru\/%d0%b8%d0%bd%d0%bd%d0%be%d0%b2%d0%b0%d1%86%d0%b8%d0%b8\/#primaryimage","url":"https:\/\/www.maccaferri.com\/wp-content\/uploads\/2024\/12\/HERO_Innovazione-1440x900-1.jpg","contentUrl":"https:\/\/www.maccaferri.com\/wp-content\/uploads\/2024\/12\/HERO_Innovazione-1440x900-1.jpg"},{"@type":"WebSite","@id":"https:\/\/www.maccaferri.com\/ru\/#website","url":"https:\/\/www.maccaferri.com\/ru\/","name":"Maccaferri \u0420\u043e\u0441\u0441\u0438\u044f","description":"","publisher":{"@id":"https:\/\/www.maccaferri.com\/ru\/#organization"},"potentialAction":[{"@type":"SearchAction","target":{"@type":"EntryPoint","urlTemplate":"https:\/\/www.maccaferri.com\/ru\/?s={search_term_string}"},"query-input":{"@type":"PropertyValueSpecification","valueRequired":true,"valueName":"search_term_string"}}],"inLanguage":"ru-RU"},{"@type":"Organization","@id":"https:\/\/www.maccaferri.com\/ru\/#organization","name":"Maccaferri \u0420\u043e\u0441\u0441\u0438\u044f","url":"https:\/\/www.maccaferri.com\/ru\/","logo":{"@type":"ImageObject","inLanguage":"ru-RU","@id":"https:\/\/www.maccaferri.com\/ru\/#\/schema\/logo\/image\/","url":"https:\/\/www.maccaferri.com\/ru\/wp-content\/uploads\/2022\/07\/logo-maccaferri.png","contentUrl":"https:\/\/www.maccaferri.com\/ru\/wp-content\/uploads\/2022\/07\/logo-maccaferri.png","width":152,"height":32,"caption":"Maccaferri \u0420\u043e\u0441\u0441\u0438\u044f"},"image":{"@id":"https:\/\/www.maccaferri.com\/ru\/#\/schema\/logo\/image\/"}}]}},"_links":{"self":[{"href":"https:\/\/www.maccaferri.com\/ru\/wp-json\/wp\/v2\/pages\/1398","targetHints":{"allow":["GET"]}}],"collection":[{"href":"https:\/\/www.maccaferri.com\/ru\/wp-json\/wp\/v2\/pages"}],"about":[{"href":"https:\/\/www.maccaferri.com\/ru\/wp-json\/wp\/v2\/types\/page"}],"author":[{"embeddable":true,"href":"https:\/\/www.maccaferri.com\/ru\/wp-json\/wp\/v2\/users\/1"}],"replies":[{"embeddable":true,"href":"https:\/\/www.maccaferri.com\/ru\/wp-json\/wp\/v2\/comments?post=1398"}],"version-history":[{"count":51,"href":"https:\/\/www.maccaferri.com\/ru\/wp-json\/wp\/v2\/pages\/1398\/revisions"}],"predecessor-version":[{"id":82130,"href":"https:\/\/www.maccaferri.com\/ru\/wp-json\/wp\/v2\/pages\/1398\/revisions\/82130"}],"wp:attachment":[{"href":"https:\/\/www.maccaferri.com\/ru\/wp-json\/wp\/v2\/media?parent=1398"}],"curies":[{"name":"wp","href":"https:\/\/api.w.org\/{rel}","templated":true}]}}