{"id":3514,"date":"2022-12-14T12:27:40","date_gmt":"2022-12-14T11:27:40","guid":{"rendered":"https:\/\/www.maccaferri.com\/sr\/?page_id=3514"},"modified":"2025-12-16T12:54:21","modified_gmt":"2025-12-16T11:54:21","slug":"maccaferri-softverski-paket","status":"publish","type":"page","link":"https:\/\/www.maccaferri.com\/rs\/maccaferri-softverski-paket\/","title":{"rendered":"Maccaferri Softverski paket"},"content":{"rendered":"<div class=\"wp-block-mac-h1-title-hero-block container-fluid block-txt-container\" style=\"background:linear-gradient(180deg,rgb(1,94,111) 0%,rgb(0,72,87) 100%)\"><div class=\"row\"><div class=\"col\"><div class=\"gts__picture\"><img decoding=\"async\" src=\"https:\/\/www.maccaferri.com\/rs\/wp-content\/uploads\/2023\/01\/software-11.jpeg\" style=\"display:none\"\/><div class=\"gts__picture__image\" style=\"background-image:url(https:\/\/www.maccaferri.com\/rs\/wp-content\/uploads\/2023\/01\/software-11.jpeg)\"><\/div><\/div><div class=\"container box-container\"><div class=\"row\"><div class=\"col title-box-txt\"><h1 class=\"wp-block-mac-h1-title-hero-block\" style=\"color:#ffffff;text-align:none\">Maccaferri Softverski paket<\/h1><\/div><\/div><\/div><\/div><\/div><\/div><div style=\"height:100px\" aria-hidden=\"true\" class=\"wp-block-spacer\"><\/div><div class=\"wp-block-columns is-layout-flex wp-container-core-columns-is-layout-9d6595d7 wp-block-columns-is-layout-flex\"><div class=\"wp-block-column is-layout-flow wp-block-column-is-layout-flow\"><div class=\"wp-block-mac-container-block box-container\"><div class=\"wp-block-columns is-layout-flex wp-container-core-columns-is-layout-9d6595d7 wp-block-columns-is-layout-flex\"><div class=\"wp-block-column is-layout-flow wp-block-column-is-layout-flow\"><div class=\"wp-block-mac-h5-txt-paragraph-block block-txt-container box-container\"><div class=\"row\"><div class=\"col paragraph-box-txt\"><h5 class=\"wp-block-mac-h5-txt-paragraph-block\" style=\"color:#212429;text-align:left\">Razvijen u partnerstvu sa vodec\u0301im institutima i univerzitetima, na\u0161 \u0161irom sveta prihvac\u0301en i prilago\u0111en paket softvera omoguc\u0301ava in\u017eenjerima da dizajniraju i isporu\u010de efikasna i pouzdana re\u0161enja u gra\u0111evinarstvu.<br>Na osnovu eksperimentalnih podataka prikupljenih tokom decenija terenskog iskustva i rigoroznih kampanja testiranja, na\u0161a besplatna softverska re\u0161enja odgovaraju zahtevima gra\u0111evinskih i geotehni\u010dkih in\u017eenjera \u0161irom sveta, a istovremeno nude dodatne prednosti ekonomi\u010dnosti i pobolj\u0161ane moguc\u0301nosti izgradnje.<br><br>Stupite u kontakt sa nama da biste se obu\u010dili o na\u0161im softverskim re\u0161enjima i zapo\u010deli dizajn vrhunskih i izazovnih in\u017eenjerskih re\u0161enja u najrazli\u010ditijim uslovima.<\/h5><\/div><\/div><\/div><\/div><\/div><\/div><\/div><\/div><div class=\"wp-block-mac-container-block box-container\"><div class=\"wp-block-columns is-layout-flex wp-container-core-columns-is-layout-9d6595d7 wp-block-columns-is-layout-flex\"><div class=\"wp-block-column is-layout-flow wp-block-column-is-layout-flow\"><figure class=\"wp-block-image size-full\"><img fetchpriority=\"high\" decoding=\"async\" width=\"430\" height=\"330\" src=\"https:\/\/www.maccaferri.com\/sr\/wp-content\/uploads\/sites\/38\/2022\/12\/maccaferri-software.png\" alt=\"\" class=\"wp-image-3075\" srcset=\"https:\/\/www.maccaferri.com\/rs\/wp-content\/uploads\/2022\/12\/maccaferri-software.png 430w, https:\/\/www.maccaferri.com\/rs\/wp-content\/uploads\/2022\/12\/maccaferri-software-300x230.png 300w\" sizes=\"(max-width: 430px) 100vw, 430px\" \/><\/figure><\/div>\n\n<div class=\"wp-block-column is-layout-flow wp-block-column-is-layout-flow\"><div style=\"height:50px\" aria-hidden=\"true\" class=\"wp-block-spacer\"><\/div>\n\n<div class=\"wp-block-mac-h2-title-bold-block block-txt-container box-container\"><div class=\"row\"><div class=\"col title-box-txt\"><h2 style=\"color:#004857;text-align:center\">Online Softver<\/h2><\/div><\/div><\/div>\n\n<p class=\"has-text-align-left has-medium-font-size\">Posetite softversku platformu Maccaferri eDesign. Dizajnirajte onlajn sa bilo kog mesta. Nije potrebno preuzimanje.<\/p>\n\n<ul style=\"font-size:19px\" class=\"wp-block-list\"><li><strong>Mac S-Design<\/strong>: u\u010dinite svoju padinu bezbednijom<\/li>\n\n<li><strong>MacTube Design<\/strong>: za\u0161titi svoju obalu<\/li>\n\n<li><strong>MacBars Design<\/strong>: stabilizujte svoju branu<\/li>\n\n<li><strong>MACRA Design<\/strong>: projektovanje re\u010dnih hidrauli\u010dnih radova<\/li>\n\n<li><strong>REQUALIFE<\/strong>: projektovanje vodotoka za odr\u017eivu buduc\u0301nost<\/li>\n\n<li><strong>ECoMac Design<\/strong>: spre\u010dite eroziju tla<\/li>\n\n<li><strong>MacQuay Design<\/strong>: za\u0161titite svoju pristani\u0161nu konstrukciju<\/li>\n\n<li><strong>MacRo Design: <\/strong>Sistemi za oblaganje stenovitih povr\u0161ina<\/li>\n\n<li><strong>GROUNDMAC<\/strong>: Izbolj\u0161ajte svojo zemljo<br><\/li><\/ul>\n\n<div class=\"wp-block-buttons is-content-justification-center is-layout-flex wp-container-core-buttons-is-layout-16018d1d wp-block-buttons-is-layout-flex\"><div class=\"wp-block-button\"><a class=\"wp-block-button__link wp-element-button\" href=\"https:\/\/edesign.maccaferri.com\/\">Idi na platformu<\/a><\/div><\/div><\/div><\/div><\/div><div style=\"height:150px\" aria-hidden=\"true\" class=\"wp-block-spacer\"><\/div><div class=\"wp-block-mac-container-block box-container\"><div class=\"wp-block-columns is-layout-flex wp-container-core-columns-is-layout-9d6595d7 wp-block-columns-is-layout-flex\"><div class=\"wp-block-column is-layout-flow wp-block-column-is-layout-flow\"><div class=\"wp-block-mac-h2-title-bold-block block-txt-container box-container\"><div class=\"row\"><div class=\"col title-box-txt\"><h2 style=\"color:#004857;text-align:left\">Softver za dizajn koji se mo\u017ee preuzeti<\/h2><\/div><\/div><\/div>\n\n<p class=\"has-text-align-left has-medium-font-size\">Otkrijte na\u0161 softver za dizajn koji mo\u017eete preuzeti:<\/p>\n\n<ul style=\"font-size:19px\" class=\"wp-block-list\"><li><strong>MACFLOW Studio<\/strong>: projektovanje efikasnih drena\u017enih re\u0161enja<\/li>\n\n<li><strong>MacStars 4.0<\/strong>: dizajn oja\u010danih kosina zemlje, zidova i kompleksnih hibridnih struktura<\/li>\n\n<li><strong>GAWAC<\/strong>: Projekat zidova za zadr\u017eavanje u gavionima<\/li><\/ul>\n\n<div class=\"wp-block-buttons is-layout-flex wp-block-buttons-is-layout-flex\"><div class=\"wp-block-button aligncenter\"><a class=\"wp-block-button__link wp-element-button\" href=\"https:\/\/www.maccaferri.com\/rs\/search?category-link=&amp;r=&amp;sectors-select=&amp;applications-select=&amp;solutions-select=&amp;products-select=&amp;location-select=&amp;full=on&amp;find_softwares=1\">NABAVITE SOFTVER<\/a><\/div><\/div><\/div>\n\n<div class=\"wp-block-column is-layout-flow wp-block-column-is-layout-flow\"><div style=\"height:100px\" aria-hidden=\"true\" class=\"wp-block-spacer\"><\/div>\n\n<figure class=\"wp-block-image size-large\"><img decoding=\"async\" width=\"1024\" height=\"686\" src=\"https:\/\/www.maccaferri.com\/sr\/wp-content\/uploads\/sites\/38\/2022\/12\/maccaferri-software-downloadable-1024x686.png\" alt=\"\" class=\"wp-image-3728\" srcset=\"https:\/\/www.maccaferri.com\/rs\/wp-content\/uploads\/2022\/12\/maccaferri-software-downloadable-1024x686.png 1024w, https:\/\/www.maccaferri.com\/rs\/wp-content\/uploads\/2022\/12\/maccaferri-software-downloadable-300x201.png 300w, https:\/\/www.maccaferri.com\/rs\/wp-content\/uploads\/2022\/12\/maccaferri-software-downloadable-768x514.png 768w, https:\/\/www.maccaferri.com\/rs\/wp-content\/uploads\/2022\/12\/maccaferri-software-downloadable-1536x1029.png 1536w, https:\/\/www.maccaferri.com\/rs\/wp-content\/uploads\/2022\/12\/maccaferri-software-downloadable.png 1583w\" sizes=\"(max-width: 1024px) 100vw, 1024px\" \/><\/figure><\/div><\/div><\/div><div style=\"height:100px\" aria-hidden=\"true\" class=\"wp-block-spacer\"><\/div>","protected":false},"excerpt":{"rendered":"","protected":false},"author":2,"featured_media":0,"parent":0,"menu_order":0,"comment_status":"closed","ping_status":"closed","template":"","meta":{"_acf_changed":false,"_joinchat":[],"footnotes":""},"class_list":["post-3514","page","type-page","status-publish","hentry"],"acf":{"uuid_products":"","product-documents":""},"yoast_head":"<!-- This site is optimized with the Yoast SEO Premium plugin v27.0 (Yoast SEO v27.0) - https:\/\/yoast.com\/product\/yoast-seo-premium-wordpress\/ -->\n<title>Maccaferri Softverski paket - Maccaferri Republika Srbija<\/title>\n<meta name=\"description\" content=\"Excerpt\" \/>\n<meta name=\"robots\" content=\"index, follow, max-snippet:-1, max-image-preview:large, max-video-preview:-1\" \/>\n<link rel=\"canonical\" href=\"https:\/\/www.maccaferri.com\/rs\/maccaferri-softverski-paket\/\" \/>\n<meta property=\"og:locale\" content=\"sr_RS\" \/>\n<meta property=\"og:type\" content=\"article\" \/>\n<meta property=\"og:title\" content=\"Maccaferri Softverski paket - Maccaferri Republika Srbija\" \/>\n<meta property=\"og:description\" content=\"Excerpt\" \/>\n<meta property=\"og:url\" content=\"https:\/\/www.maccaferri.com\/rs\/maccaferri-softverski-paket\/\" \/>\n<meta property=\"og:site_name\" content=\"Maccaferri Republika Srbija\" \/>\n<meta property=\"article:modified_time\" content=\"2025-12-16T11:54:21+00:00\" \/>\n<meta property=\"og:image\" content=\"https:\/\/www.maccaferri.com\/rs\/wp-content\/uploads\/2023\/01\/software-11.jpeg\" \/>\n<meta name=\"twitter:card\" content=\"summary_large_image\" \/>\n<meta name=\"twitter:label1\" content=\"Est. reading time\" \/>\n\t<meta name=\"twitter:data1\" content=\"2 minutes\" \/>\n<script type=\"application\/ld+json\" class=\"yoast-schema-graph\">{\"@context\":\"https:\/\/schema.org\",\"@graph\":[{\"@type\":\"WebPage\",\"@id\":\"https:\/\/www.maccaferri.com\/rs\/maccaferri-softverski-paket\/\",\"url\":\"https:\/\/www.maccaferri.com\/rs\/maccaferri-softverski-paket\/\",\"name\":\"Maccaferri Softverski paket - Maccaferri Republika Srbija\",\"isPartOf\":{\"@id\":\"https:\/\/www.maccaferri.com\/rs\/#website\"},\"primaryImageOfPage\":{\"@id\":\"https:\/\/www.maccaferri.com\/rs\/maccaferri-softverski-paket\/#primaryimage\"},\"image\":{\"@id\":\"https:\/\/www.maccaferri.com\/rs\/maccaferri-softverski-paket\/#primaryimage\"},\"thumbnailUrl\":\"https:\/\/www.maccaferri.com\/rs\/wp-content\/uploads\/2023\/01\/software-11.jpeg\",\"datePublished\":\"2022-12-14T11:27:40+00:00\",\"dateModified\":\"2025-12-16T11:54:21+00:00\",\"description\":\"Excerpt\",\"inLanguage\":\"sr-RS\",\"potentialAction\":[{\"@type\":\"ReadAction\",\"target\":[\"https:\/\/www.maccaferri.com\/rs\/maccaferri-softverski-paket\/\"]}]},{\"@type\":\"ImageObject\",\"inLanguage\":\"sr-RS\",\"@id\":\"https:\/\/www.maccaferri.com\/rs\/maccaferri-softverski-paket\/#primaryimage\",\"url\":\"https:\/\/www.maccaferri.com\/rs\/wp-content\/uploads\/2023\/01\/software-11.jpeg\",\"contentUrl\":\"https:\/\/www.maccaferri.com\/rs\/wp-content\/uploads\/2023\/01\/software-11.jpeg\",\"width\":1280,\"height\":720},{\"@type\":\"WebSite\",\"@id\":\"https:\/\/www.maccaferri.com\/rs\/#website\",\"url\":\"https:\/\/www.maccaferri.com\/rs\/\",\"name\":\"Maccaferri Republika Srbija\",\"description\":\"\",\"publisher\":{\"@id\":\"https:\/\/www.maccaferri.com\/rs\/#organization\"},\"potentialAction\":[{\"@type\":\"SearchAction\",\"target\":{\"@type\":\"EntryPoint\",\"urlTemplate\":\"https:\/\/www.maccaferri.com\/rs\/?s={search_term_string}\"},\"query-input\":{\"@type\":\"PropertyValueSpecification\",\"valueRequired\":true,\"valueName\":\"search_term_string\"}}],\"inLanguage\":\"sr-RS\"},{\"@type\":\"Organization\",\"@id\":\"https:\/\/www.maccaferri.com\/rs\/#organization\",\"name\":\"Maccaferri Republika Srbija\",\"url\":\"https:\/\/www.maccaferri.com\/rs\/\",\"logo\":{\"@type\":\"ImageObject\",\"inLanguage\":\"sr-RS\",\"@id\":\"https:\/\/www.maccaferri.com\/rs\/#\/schema\/logo\/image\/\",\"url\":\"https:\/\/www.maccaferri.com\/rs\/wp-content\/uploads\/2022\/07\/logo-maccaferri.png\",\"contentUrl\":\"https:\/\/www.maccaferri.com\/rs\/wp-content\/uploads\/2022\/07\/logo-maccaferri.png\",\"width\":152,\"height\":32,\"caption\":\"Maccaferri Republika Srbija\"},\"image\":{\"@id\":\"https:\/\/www.maccaferri.com\/rs\/#\/schema\/logo\/image\/\"}}]}<\/script>\n<!-- \/ Yoast SEO Premium plugin. -->","yoast_head_json":{"title":"Maccaferri Softverski paket - Maccaferri Republika Srbija","description":"Excerpt","robots":{"index":"index","follow":"follow","max-snippet":"max-snippet:-1","max-image-preview":"max-image-preview:large","max-video-preview":"max-video-preview:-1"},"canonical":"https:\/\/www.maccaferri.com\/rs\/maccaferri-softverski-paket\/","og_locale":"sr_RS","og_type":"article","og_title":"Maccaferri Softverski paket - Maccaferri Republika Srbija","og_description":"Excerpt","og_url":"https:\/\/www.maccaferri.com\/rs\/maccaferri-softverski-paket\/","og_site_name":"Maccaferri Republika Srbija","article_modified_time":"2025-12-16T11:54:21+00:00","og_image":[{"url":"https:\/\/www.maccaferri.com\/rs\/wp-content\/uploads\/2023\/01\/software-11.jpeg","type":"","width":"","height":""}],"twitter_card":"summary_large_image","twitter_misc":{"Est. reading time":"2 minutes"},"schema":{"@context":"https:\/\/schema.org","@graph":[{"@type":"WebPage","@id":"https:\/\/www.maccaferri.com\/rs\/maccaferri-softverski-paket\/","url":"https:\/\/www.maccaferri.com\/rs\/maccaferri-softverski-paket\/","name":"Maccaferri Softverski paket - Maccaferri Republika Srbija","isPartOf":{"@id":"https:\/\/www.maccaferri.com\/rs\/#website"},"primaryImageOfPage":{"@id":"https:\/\/www.maccaferri.com\/rs\/maccaferri-softverski-paket\/#primaryimage"},"image":{"@id":"https:\/\/www.maccaferri.com\/rs\/maccaferri-softverski-paket\/#primaryimage"},"thumbnailUrl":"https:\/\/www.maccaferri.com\/rs\/wp-content\/uploads\/2023\/01\/software-11.jpeg","datePublished":"2022-12-14T11:27:40+00:00","dateModified":"2025-12-16T11:54:21+00:00","description":"Excerpt","inLanguage":"sr-RS","potentialAction":[{"@type":"ReadAction","target":["https:\/\/www.maccaferri.com\/rs\/maccaferri-softverski-paket\/"]}]},{"@type":"ImageObject","inLanguage":"sr-RS","@id":"https:\/\/www.maccaferri.com\/rs\/maccaferri-softverski-paket\/#primaryimage","url":"https:\/\/www.maccaferri.com\/rs\/wp-content\/uploads\/2023\/01\/software-11.jpeg","contentUrl":"https:\/\/www.maccaferri.com\/rs\/wp-content\/uploads\/2023\/01\/software-11.jpeg","width":1280,"height":720},{"@type":"WebSite","@id":"https:\/\/www.maccaferri.com\/rs\/#website","url":"https:\/\/www.maccaferri.com\/rs\/","name":"Maccaferri Republika Srbija","description":"","publisher":{"@id":"https:\/\/www.maccaferri.com\/rs\/#organization"},"potentialAction":[{"@type":"SearchAction","target":{"@type":"EntryPoint","urlTemplate":"https:\/\/www.maccaferri.com\/rs\/?s={search_term_string}"},"query-input":{"@type":"PropertyValueSpecification","valueRequired":true,"valueName":"search_term_string"}}],"inLanguage":"sr-RS"},{"@type":"Organization","@id":"https:\/\/www.maccaferri.com\/rs\/#organization","name":"Maccaferri Republika Srbija","url":"https:\/\/www.maccaferri.com\/rs\/","logo":{"@type":"ImageObject","inLanguage":"sr-RS","@id":"https:\/\/www.maccaferri.com\/rs\/#\/schema\/logo\/image\/","url":"https:\/\/www.maccaferri.com\/rs\/wp-content\/uploads\/2022\/07\/logo-maccaferri.png","contentUrl":"https:\/\/www.maccaferri.com\/rs\/wp-content\/uploads\/2022\/07\/logo-maccaferri.png","width":152,"height":32,"caption":"Maccaferri Republika Srbija"},"image":{"@id":"https:\/\/www.maccaferri.com\/rs\/#\/schema\/logo\/image\/"}}]}},"_links":{"self":[{"href":"https:\/\/www.maccaferri.com\/rs\/wp-json\/wp\/v2\/pages\/3514","targetHints":{"allow":["GET"]}}],"collection":[{"href":"https:\/\/www.maccaferri.com\/rs\/wp-json\/wp\/v2\/pages"}],"about":[{"href":"https:\/\/www.maccaferri.com\/rs\/wp-json\/wp\/v2\/types\/page"}],"author":[{"embeddable":true,"href":"https:\/\/www.maccaferri.com\/rs\/wp-json\/wp\/v2\/users\/2"}],"replies":[{"embeddable":true,"href":"https:\/\/www.maccaferri.com\/rs\/wp-json\/wp\/v2\/comments?post=3514"}],"version-history":[{"count":39,"href":"https:\/\/www.maccaferri.com\/rs\/wp-json\/wp\/v2\/pages\/3514\/revisions"}],"predecessor-version":[{"id":102016,"href":"https:\/\/www.maccaferri.com\/rs\/wp-json\/wp\/v2\/pages\/3514\/revisions\/102016"}],"wp:attachment":[{"href":"https:\/\/www.maccaferri.com\/rs\/wp-json\/wp\/v2\/media?parent=3514"}],"curies":[{"name":"wp","href":"https:\/\/api.w.org\/{rel}","templated":true}]}}