{"id":1375,"date":"2022-07-28T15:26:58","date_gmt":"2022-07-28T13:26:58","guid":{"rendered":"https:\/\/www.maccaferri.com\/sr\/?page_id=1375"},"modified":"2023-06-01T17:34:37","modified_gmt":"2023-06-01T15:34:37","slug":"odrzivost","status":"publish","type":"page","link":"https:\/\/www.maccaferri.com\/rs\/odrzivost\/","title":{"rendered":"Odr\u017eivost"},"content":{"rendered":"<div class=\"wp-block-mac-h1-title-hero-block container-fluid block-txt-container\" style=\"background:linear-gradient(180deg,rgb(1,94,111) 0%,rgb(0,72,87) 100%)\"><div class=\"row\"><div class=\"col\"><div class=\"gts__picture\"><img decoding=\"async\" src=\"https:\/\/www.maccaferri.com\/sr\/wp-content\/uploads\/sites\/38\/2022\/12\/Sustainability_Gabion_3.jpg\" style=\"display:none\"\/><div class=\"gts__picture__image\" style=\"background-image:url(https:\/\/www.maccaferri.com\/sr\/wp-content\/uploads\/sites\/38\/2022\/12\/Sustainability_Gabion_3.jpg)\"><\/div><\/div><div class=\"container box-container\"><div class=\"row\"><div class=\"col title-box-txt\"><h1 class=\"wp-block-mac-h1-title-hero-block\" style=\"color:#ffffff;text-align:none\">Odr\u017eivost<\/h1><\/div><\/div><\/div><\/div><\/div><\/div><div class=\"wp-block-mac-container-block box-container\"><div class=\"wp-block-columns is-layout-flex wp-container-core-columns-is-layout-9d6595d7 wp-block-columns-is-layout-flex\"><div class=\"wp-block-column is-layout-flow wp-block-column-is-layout-flow\"><div style=\"height:100px\" aria-hidden=\"true\" class=\"wp-block-spacer\"><\/div>\n\n<p class=\"has-medium-font-size\">Sna\u017eno smo posve\u0107eni rje\u0161avanju ekolo\u0161kih, ekonomskih i dru\u0161tvenih aspekata uz holisti\u010dki pristup<\/p>\n\n<p class=\"has-medium-font-size\">Zaista, \u010dvrsto verujemo u usvajanje odr\u017eivih pristupa i re\u0161enja tokom cijelog \u017eivotnog ciklusa projekta<\/p>\n\n<p class=\"has-medium-font-size\">Od faze dizajna in\u017eenjerskog sistema kroz faze proizvodnje i izgradnje do isporuke: sva na\u0161a in\u017eenjerska re\u0161enja imaju za cilj stvaranje dugoro\u010dnih prednosti koje nadilaze sam proizvod<\/p><\/div><\/div><\/div><figure class=\"wp-block-image aligncenter size-full\"><img decoding=\"async\" src=\"https:\/\/www.maccaferri.com\/sr\/wp-content\/uploads\/sites\/38\/2022\/09\/test-img-cta-right.png\" alt=\"\" class=\"wp-image-1986\"\/><\/figure><p><\/p><p><\/p><div class=\"wp-block-mac-h2-title-block block-txt-container box-container\"><div class=\"row\"><div class=\"col title-box-txt\"><h2 style=\"color:#212429;text-align:center\">Ciljevi odr\u017eivog razvoja<\/h2><\/div><\/div><\/div><div class=\"wp-block-mac-container-block box-container\"><div class=\"wp-block-columns is-layout-flex wp-container-core-columns-is-layout-9d6595d7 wp-block-columns-is-layout-flex\"><div class=\"wp-block-column is-layout-flow wp-block-column-is-layout-flow\"><div class=\"wp-block-mac-h5-txt-paragraph-block block-txt-container box-container\"><div class=\"row\"><div class=\"col paragraph-box-txt\"><h5 class=\"wp-block-mac-h5-txt-paragraph-block\" style=\"color:#212429;text-align:none\">Ciljevi odr\u017eivog razvoja UN su postavile SDG kao hitan poziv na akciju: prihvatili smo izazov i obavezali se da \u0107emo ih posti\u0107i jedan po jedan, korak po korak.<br><\/h5><\/div><\/div><\/div><\/div><\/div><\/div><div class=\"wp-block-mac-container-block box-container\"><div class=\"wp-block-columns is-layout-flex wp-container-core-columns-is-layout-9d6595d7 wp-block-columns-is-layout-flex\"><div class=\"wp-block-column is-layout-flow wp-block-column-is-layout-flow\"><p>&nbsp;Zajedno sa institucijama i vlastima, preduze\u0107a su sada pozvana da razvijaju odr\u017eiva re\u0161enja koja \u0161tite dobrobit i sigurnost zajednice i okoline, u skladu s ciljevima koje su postavile UN u Agendi za odr\u017eivi razvoj 2030.<\/p>\n\n<p>&nbsp;Agenda 2030. sastoji se od 17 ciljeva odr\u017eivog razvoja (SDG) uokvirenih u okviru \u0161ireg plana od 169 povezanih ekolo\u0161kih, ekonomskih, dru\u0161tvenih i institucionalnih ciljeva koje treba posti\u0107i do 2030 godine.<\/p>\n\n<p>&nbsp;Sedam godina nakon potpisivanja Agende 2030, raste svest u civilnom dru\u0161tvu, u korporativnom svetu i me\u0111u vladama da prihvate integrirani pristup i preduzmu opipljive mere za re\u0161avanje velikog dru\u0161tveno-ekonomskog preokreta, kao i vi\u0161estrukih i slo\u017eenih ekolo\u0161kih i institucionalnih izazova. Mnoge kompanije su se pozabavile Agendom 2030 integri\u0161u\u0107i princip odr\u017eivosti u svoju strategiju i poslovno planiranje.<\/p>\n\n<p>&nbsp;UN su definisale SDG kao hitan poziv na akciju, dok je Maccaferri, kojem ekolo\u0161ka odr\u017eivost \u010dini okosnicu svoje vizije, odmah odgovorio, fokusiraju\u0107i svoju energiju na ciljeve usmerene na borbu protiv klimatskih promena i o\u010duvanje ekolo\u0161kog ekosistema.<\/p>\n\n<div style=\"height:100px\" aria-hidden=\"true\" class=\"wp-block-spacer\"><\/div><\/div><\/div><\/div><div class=\"wp-block-mac-container-block box-container\"><div class=\"wp-block-columns is-layout-flex wp-container-core-columns-is-layout-9d6595d7 wp-block-columns-is-layout-flex\"><div class=\"wp-block-column is-layout-flow wp-block-column-is-layout-flow\" style=\"flex-basis:33.33%\"><figure class=\"wp-block-image size-full\"><img fetchpriority=\"high\" decoding=\"async\" width=\"598\" height=\"491\" src=\"https:\/\/www.maccaferri.com\/sr\/wp-content\/uploads\/sites\/38\/2022\/12\/sdg-1.png\" alt=\"\" class=\"wp-image-3101\" srcset=\"https:\/\/www.maccaferri.com\/rs\/wp-content\/uploads\/2022\/12\/sdg-1.png 598w, https:\/\/www.maccaferri.com\/rs\/wp-content\/uploads\/2022\/12\/sdg-1-300x246.png 300w\" sizes=\"(max-width: 598px) 100vw, 598px\" \/><\/figure><\/div>\n\n<div class=\"wp-block-column is-layout-flow wp-block-column-is-layout-flow\" style=\"flex-basis:66.66%\"><figure class=\"wp-block-image size-full\"><img decoding=\"async\" width=\"743\" height=\"376\" src=\"https:\/\/www.maccaferri.com\/sr\/wp-content\/uploads\/sites\/38\/2022\/12\/sdg2.png\" alt=\"\" class=\"wp-image-3104\" srcset=\"https:\/\/www.maccaferri.com\/rs\/wp-content\/uploads\/2022\/12\/sdg2.png 743w, https:\/\/www.maccaferri.com\/rs\/wp-content\/uploads\/2022\/12\/sdg2-300x152.png 300w\" sizes=\"(max-width: 743px) 100vw, 743px\" \/><\/figure><\/div><\/div><\/div><div style=\"height:100px\" aria-hidden=\"true\" class=\"wp-block-spacer\"><\/div><div class=\"wp-block-mac-h2-title-bold-block block-txt-container box-container\"><div class=\"row\"><div class=\"col title-box-txt\"><h2 style=\"color:#004857;text-align:center\">NA\u0160A OBAVEZA<\/h2><\/div><\/div><\/div><div class=\"wp-block-mac-block-left-description-right-image container-media box-container\"><div class=\"row\"><div class=\"col-12 col-lg-6 col-xl-6 col-xxl-6 title-box-txt order-lg-first order-last\" style=\"text-align:default\"><p class=\"description\" style=\"color:#212429\"><strong>PROMOVISANJE USVAJANJA \u010cISTE ENERGIJE<\/strong><br><br>Razvijamo re\u0161enja koja podsti\u010du pristup pristupa\u010dnoj i \u010distoj energiji.<br><br>Radimo u partnerstvu sa vlastima na <strong>maksimiziranju udela zelene energije<\/strong> u globalnom energetskom miksu.<\/p><\/div><div class=\"col-12 col-lg-6 col-xl-6 col-xxl-6\"><div class=\"box-image\"><img decoding=\"async\" class=\"image\" src=\"https:\/\/www.maccaferri.com\/rs\/wp-content\/uploads\/2023\/06\/SDG-Foto-7-2-min-15.png\" alt=\"Image\"\/><\/div><\/div><\/div><\/div><div class=\"wp-block-mac-block-left-image-right-description container-media box-container\"><div class=\"row\"><div class=\"col-12 col-lg-6 col-xl-6 col-xxl-6\"><div class=\"box-image\"><img decoding=\"async\" class=\"image\" src=\"https:\/\/www.maccaferri.com\/rs\/wp-content\/uploads\/2023\/06\/SDG-Foto-8-1-15.png\" alt=\"Image\"\/><\/div><\/div><div class=\"col-12 col-lg-6 col-xl-6 col-xxl-6 title-box-txt\" style=\"text-align:default\"><p class=\"description\" style=\"color:#212429\"><strong>UKLJU\u010cIVANJE LOKALNIH ZAJEDNICA<\/strong><br><strong><br><\/strong>Promovi\u0161emo inkluzivni rast, razvijajuc\u0301i re\u0161enja koja mogu lako da se instaliraju od strane <strong>lokalnog osoblja<\/strong> bez posebne obuke.<br><br>Mnoge zajednice trpe sve vec\u0301i broj prirodnih katastrofa, stoga radimo na brzim i efikasnim merama da interveni\u0161emo i <strong>obnovimo njihovu ekonomiju<\/strong>.<\/p><\/div><\/div><\/div><div class=\"wp-block-mac-block-left-description-right-image container-media box-container\"><div class=\"row\"><div class=\"col-12 col-lg-6 col-xl-6 col-xxl-6 title-box-txt order-lg-first order-last\" style=\"text-align:default\"><p class=\"description\" style=\"color:#212429\"><strong><strong>NEGOVANJE INOVACIJA<\/strong><\/strong><br><br>Podsti\u010demo&nbsp;<strong>kontinuirano pobolj\u0161anje<\/strong>&nbsp;kako bismo dugoro\u010dne ekonomske i ekolo\u0161ke uticaje strukture postavili u centar aktivnosti projektovanja.<br><br>Na\u0161 proces dizajna je fokusiran na test kampanje i ulaganja u&nbsp;<strong>procenu performansi<\/strong>&nbsp;na\u0161ih re\u0161enja.<\/p><\/div><div class=\"col-12 col-lg-6 col-xl-6 col-xxl-6\"><div class=\"box-image\"><img decoding=\"async\" class=\"image\" src=\"https:\/\/www.maccaferri.com\/rs\/wp-content\/uploads\/2023\/06\/SDG-Foto-9-1-min-15.png\" alt=\"Image\"\/><\/div><\/div><\/div><\/div><div class=\"wp-block-mac-block-left-image-right-description container-media box-container\"><div class=\"row\"><div class=\"col-12 col-lg-6 col-xl-6 col-xxl-6\"><div class=\"box-image\"><img decoding=\"async\" class=\"image\" src=\"https:\/\/www.maccaferri.com\/rs\/wp-content\/uploads\/2023\/06\/SDG-Foto-11-1-min-15.png\" alt=\"Image\"\/><\/div><\/div><div class=\"col-12 col-lg-6 col-xl-6 col-xxl-6 title-box-txt\" style=\"text-align:default\"><p class=\"description\" style=\"color:#212429\"><strong>BEZBEDNOST LJUDI I ZA\u0160TITA IMOVINE<\/strong><br><strong><br><\/strong>Razvoj prilago\u0111enih re\u0161enja za svaki bezbednosni problem sa kojim se suo\u010davamo omoguc\u0301ava nam da <strong>minimiziramo rizike<\/strong>.<br><br>Ljudi, istorijsko i kulturno nasle\u0111e i infrastruktura moraju biti za\u0161tic\u0301eni.<\/p><\/div><\/div><\/div><div class=\"wp-block-mac-block-left-description-right-image container-media box-container\"><div class=\"row\"><div class=\"col-12 col-lg-6 col-xl-6 col-xxl-6 title-box-txt order-lg-first order-last\" style=\"text-align:default\"><p class=\"description\" style=\"color:#212429\"><strong>ODGOVORAN DIZAJN I PROIZVODNJA<\/strong><br><br>Kroz optimizaciju dizajna, promovi\u0161emo odr\u017eivo upravljanje materijalima kako bismo u\u0161tedeli resurse i izbegli otpad. Na\u0161a dostignuc\u0301a uklju\u010duju <strong>smanjenje<\/strong>, <strong>ponovnu upotrebu<\/strong> i <strong>recikliranje <\/strong>materijala.<br><br>Tako\u0111e, obavezujemo se na <strong>transparentnost<\/strong>, pru\u017eajuc\u0301i objektivne, pouzdane i uporedive informacije o uticaju na\u0161ih proizvoda na \u017eivotnu sredinu tokom \u017eivotnog ciklusa.<br><a href=\"https:\/\/www.maccaferri.com\/epd-certification\" target=\"_blank\" rel=\"noreferrer noopener\">Nau\u010di vi\u0161e &gt;&gt;&gt;<\/a><\/p><\/div><div class=\"col-12 col-lg-6 col-xl-6 col-xxl-6\"><div class=\"box-image\"><img decoding=\"async\" class=\"image\" src=\"https:\/\/www.maccaferri.com\/rs\/wp-content\/uploads\/2023\/06\/SDG-Foto-12-1-min-15.png\" alt=\"Image\"\/><\/div><\/div><\/div><\/div><div class=\"wp-block-mac-block-left-image-right-description container-media box-container\"><div class=\"row\"><div class=\"col-12 col-lg-6 col-xl-6 col-xxl-6\"><div class=\"box-image\"><img decoding=\"async\" class=\"image\" src=\"https:\/\/www.maccaferri.com\/rs\/wp-content\/uploads\/2023\/06\/SDG-Foto-13-11-1-15.png\" alt=\"Image\"\/><\/div><\/div><div class=\"col-12 col-lg-6 col-xl-6 col-xxl-6 title-box-txt\" style=\"text-align:default\"><p class=\"description\" style=\"color:#212429\"><strong>INTEGRACIJA U PRIRODNU SREDINU<\/strong><br><strong><br><\/strong>Brinemo o <strong>naturalizaciji na\u0161ih in\u017eenjerskih objekata<\/strong> i verujemo da je integracija vegetacije i tehnika sadnje u fazi projektovanja dodatna ekolo\u0161ka vrednost na\u0161ih re\u0161enja.<br><br>Radimo na pobolj\u0161anju ukupne estetike na\u0161ih struktura, kako bismo ih bolje integrisali u na\u0161e urbano okru\u017eenje.<\/p><\/div><\/div><\/div><h2 class=\"wp-block-heading\"> <\/h2><div class=\"wp-block-mac-block-left-description-right-image container-media box-container\"><div class=\"row\"><div class=\"col-12 col-lg-6 col-xl-6 col-xxl-6 title-box-txt order-lg-first order-last\" style=\"text-align:default\"><p class=\"description\" style=\"color:#212429\"><strong>PO\u0160TOVANJE I UNAPRE\u0110IVANJE BIODIVERZITETA<\/strong><br><strong><br><\/strong>Trudimo se da <strong>smanjimo uticaj na\u0161ih re\u0161enja na \u017eivotnu sredinu<\/strong> i da postignemo ravnote\u017eu izme\u0111u tehni\u010dkih performansi i prirodne integracije.<br><br>Jedna od na\u0161ih obaveza je da favorizujemo <strong>re\u0161enja koja pobolj\u0161avaju biodiverzitet<\/strong>, obezbe\u0111uju savr\u0161ena stani\u0161ta za razli\u010dite vrste, a tako\u0111e uzimamo u obzir prisustvo divljih \u017eivotinja i po\u0161tujemo ih.<\/p><\/div><div class=\"col-12 col-lg-6 col-xl-6 col-xxl-6\"><div class=\"box-image\"><img decoding=\"async\" class=\"image\" src=\"https:\/\/www.maccaferri.com\/rs\/wp-content\/uploads\/2023\/06\/SDG-Foto-14-15-1-min-15.png\" alt=\"Image\"\/><\/div><\/div><\/div><\/div><div style=\"height:100px\" aria-hidden=\"true\" class=\"wp-block-spacer\"><\/div><div class=\"wp-block-buttons is-content-justification-center is-layout-flex wp-container-core-buttons-is-layout-16018d1d wp-block-buttons-is-layout-flex\"><div class=\"wp-block-button\"><a class=\"wp-block-button__link\" href=\"https:\/\/www.maccaferri.com\/rs\/download\/maccaferri-sustainability-2022-2\" target=\"_blank\" rel=\"noreferrer noopener\">PREUZMITE KOMPLETNU PREZENTACIJU<\/a><\/div><\/div><div style=\"height:100px\" aria-hidden=\"true\" class=\"wp-block-spacer\"><\/div>","protected":false},"excerpt":{"rendered":"","protected":false},"author":1,"featured_media":0,"parent":0,"menu_order":0,"comment_status":"closed","ping_status":"closed","template":"","meta":{"_acf_changed":false,"_joinchat":[],"footnotes":""},"class_list":["post-1375","page","type-page","status-publish","hentry"],"acf":{"uuid_products":"","product-documents":""},"yoast_head":"<!-- This site is optimized with the Yoast SEO Premium plugin v27.0 (Yoast SEO v27.0) - https:\/\/yoast.com\/product\/yoast-seo-premium-wordpress\/ -->\n<title>Odr\u017eivost - Maccaferri Republika Srbija<\/title>\n<meta name=\"description\" content=\"Excerpt\" \/>\n<meta name=\"robots\" content=\"index, follow, max-snippet:-1, max-image-preview:large, max-video-preview:-1\" \/>\n<link rel=\"canonical\" href=\"https:\/\/www.maccaferri.com\/rs\/odrzivost\/\" \/>\n<meta property=\"og:locale\" content=\"sr_RS\" \/>\n<meta property=\"og:type\" content=\"article\" \/>\n<meta property=\"og:title\" content=\"Odr\u017eivost - Maccaferri Republika Srbija\" \/>\n<meta property=\"og:description\" content=\"Excerpt\" \/>\n<meta property=\"og:url\" content=\"https:\/\/www.maccaferri.com\/rs\/odrzivost\/\" \/>\n<meta property=\"og:site_name\" content=\"Maccaferri Republika Srbija\" \/>\n<meta property=\"article:modified_time\" content=\"2023-06-01T15:34:37+00:00\" \/>\n<meta property=\"og:image\" content=\"https:\/\/www.maccaferri.com\/sr\/wp-content\/uploads\/sites\/38\/2022\/12\/Sustainability_Gabion_3.jpg\" \/>\n<meta name=\"twitter:card\" content=\"summary_large_image\" \/>\n<meta name=\"twitter:label1\" content=\"Est. reading time\" \/>\n\t<meta name=\"twitter:data1\" content=\"6 minutes\" \/>\n<script type=\"application\/ld+json\" class=\"yoast-schema-graph\">{\"@context\":\"https:\/\/schema.org\",\"@graph\":[{\"@type\":\"WebPage\",\"@id\":\"https:\/\/www.maccaferri.com\/rs\/odrzivost\/\",\"url\":\"https:\/\/www.maccaferri.com\/rs\/odrzivost\/\",\"name\":\"Odr\u017eivost - Maccaferri Republika Srbija\",\"isPartOf\":{\"@id\":\"https:\/\/www.maccaferri.com\/rs\/#website\"},\"primaryImageOfPage\":{\"@id\":\"https:\/\/www.maccaferri.com\/rs\/odrzivost\/#primaryimage\"},\"image\":{\"@id\":\"https:\/\/www.maccaferri.com\/rs\/odrzivost\/#primaryimage\"},\"thumbnailUrl\":\"https:\/\/www.maccaferri.com\/sr\/wp-content\/uploads\/sites\/38\/2022\/12\/Sustainability_Gabion_3.jpg\",\"datePublished\":\"2022-07-28T13:26:58+00:00\",\"dateModified\":\"2023-06-01T15:34:37+00:00\",\"description\":\"Excerpt\",\"inLanguage\":\"sr-RS\",\"potentialAction\":[{\"@type\":\"ReadAction\",\"target\":[\"https:\/\/www.maccaferri.com\/rs\/odrzivost\/\"]}]},{\"@type\":\"ImageObject\",\"inLanguage\":\"sr-RS\",\"@id\":\"https:\/\/www.maccaferri.com\/rs\/odrzivost\/#primaryimage\",\"url\":\"https:\/\/www.maccaferri.com\/sr\/wp-content\/uploads\/sites\/38\/2022\/12\/Sustainability_Gabion_3.jpg\",\"contentUrl\":\"https:\/\/www.maccaferri.com\/sr\/wp-content\/uploads\/sites\/38\/2022\/12\/Sustainability_Gabion_3.jpg\"},{\"@type\":\"WebSite\",\"@id\":\"https:\/\/www.maccaferri.com\/rs\/#website\",\"url\":\"https:\/\/www.maccaferri.com\/rs\/\",\"name\":\"Maccaferri Republika Srbija\",\"description\":\"\",\"publisher\":{\"@id\":\"https:\/\/www.maccaferri.com\/rs\/#organization\"},\"potentialAction\":[{\"@type\":\"SearchAction\",\"target\":{\"@type\":\"EntryPoint\",\"urlTemplate\":\"https:\/\/www.maccaferri.com\/rs\/?s={search_term_string}\"},\"query-input\":{\"@type\":\"PropertyValueSpecification\",\"valueRequired\":true,\"valueName\":\"search_term_string\"}}],\"inLanguage\":\"sr-RS\"},{\"@type\":\"Organization\",\"@id\":\"https:\/\/www.maccaferri.com\/rs\/#organization\",\"name\":\"Maccaferri Republika Srbija\",\"url\":\"https:\/\/www.maccaferri.com\/rs\/\",\"logo\":{\"@type\":\"ImageObject\",\"inLanguage\":\"sr-RS\",\"@id\":\"https:\/\/www.maccaferri.com\/rs\/#\/schema\/logo\/image\/\",\"url\":\"https:\/\/www.maccaferri.com\/rs\/wp-content\/uploads\/2022\/07\/logo-maccaferri.png\",\"contentUrl\":\"https:\/\/www.maccaferri.com\/rs\/wp-content\/uploads\/2022\/07\/logo-maccaferri.png\",\"width\":152,\"height\":32,\"caption\":\"Maccaferri Republika Srbija\"},\"image\":{\"@id\":\"https:\/\/www.maccaferri.com\/rs\/#\/schema\/logo\/image\/\"}}]}<\/script>\n<!-- \/ Yoast SEO Premium plugin. -->","yoast_head_json":{"title":"Odr\u017eivost - Maccaferri Republika Srbija","description":"Excerpt","robots":{"index":"index","follow":"follow","max-snippet":"max-snippet:-1","max-image-preview":"max-image-preview:large","max-video-preview":"max-video-preview:-1"},"canonical":"https:\/\/www.maccaferri.com\/rs\/odrzivost\/","og_locale":"sr_RS","og_type":"article","og_title":"Odr\u017eivost - Maccaferri Republika Srbija","og_description":"Excerpt","og_url":"https:\/\/www.maccaferri.com\/rs\/odrzivost\/","og_site_name":"Maccaferri Republika Srbija","article_modified_time":"2023-06-01T15:34:37+00:00","og_image":[{"url":"https:\/\/www.maccaferri.com\/sr\/wp-content\/uploads\/sites\/38\/2022\/12\/Sustainability_Gabion_3.jpg","type":"","width":"","height":""}],"twitter_card":"summary_large_image","twitter_misc":{"Est. reading time":"6 minutes"},"schema":{"@context":"https:\/\/schema.org","@graph":[{"@type":"WebPage","@id":"https:\/\/www.maccaferri.com\/rs\/odrzivost\/","url":"https:\/\/www.maccaferri.com\/rs\/odrzivost\/","name":"Odr\u017eivost - Maccaferri Republika Srbija","isPartOf":{"@id":"https:\/\/www.maccaferri.com\/rs\/#website"},"primaryImageOfPage":{"@id":"https:\/\/www.maccaferri.com\/rs\/odrzivost\/#primaryimage"},"image":{"@id":"https:\/\/www.maccaferri.com\/rs\/odrzivost\/#primaryimage"},"thumbnailUrl":"https:\/\/www.maccaferri.com\/sr\/wp-content\/uploads\/sites\/38\/2022\/12\/Sustainability_Gabion_3.jpg","datePublished":"2022-07-28T13:26:58+00:00","dateModified":"2023-06-01T15:34:37+00:00","description":"Excerpt","inLanguage":"sr-RS","potentialAction":[{"@type":"ReadAction","target":["https:\/\/www.maccaferri.com\/rs\/odrzivost\/"]}]},{"@type":"ImageObject","inLanguage":"sr-RS","@id":"https:\/\/www.maccaferri.com\/rs\/odrzivost\/#primaryimage","url":"https:\/\/www.maccaferri.com\/sr\/wp-content\/uploads\/sites\/38\/2022\/12\/Sustainability_Gabion_3.jpg","contentUrl":"https:\/\/www.maccaferri.com\/sr\/wp-content\/uploads\/sites\/38\/2022\/12\/Sustainability_Gabion_3.jpg"},{"@type":"WebSite","@id":"https:\/\/www.maccaferri.com\/rs\/#website","url":"https:\/\/www.maccaferri.com\/rs\/","name":"Maccaferri Republika Srbija","description":"","publisher":{"@id":"https:\/\/www.maccaferri.com\/rs\/#organization"},"potentialAction":[{"@type":"SearchAction","target":{"@type":"EntryPoint","urlTemplate":"https:\/\/www.maccaferri.com\/rs\/?s={search_term_string}"},"query-input":{"@type":"PropertyValueSpecification","valueRequired":true,"valueName":"search_term_string"}}],"inLanguage":"sr-RS"},{"@type":"Organization","@id":"https:\/\/www.maccaferri.com\/rs\/#organization","name":"Maccaferri Republika Srbija","url":"https:\/\/www.maccaferri.com\/rs\/","logo":{"@type":"ImageObject","inLanguage":"sr-RS","@id":"https:\/\/www.maccaferri.com\/rs\/#\/schema\/logo\/image\/","url":"https:\/\/www.maccaferri.com\/rs\/wp-content\/uploads\/2022\/07\/logo-maccaferri.png","contentUrl":"https:\/\/www.maccaferri.com\/rs\/wp-content\/uploads\/2022\/07\/logo-maccaferri.png","width":152,"height":32,"caption":"Maccaferri Republika Srbija"},"image":{"@id":"https:\/\/www.maccaferri.com\/rs\/#\/schema\/logo\/image\/"}}]}},"_links":{"self":[{"href":"https:\/\/www.maccaferri.com\/rs\/wp-json\/wp\/v2\/pages\/1375","targetHints":{"allow":["GET"]}}],"collection":[{"href":"https:\/\/www.maccaferri.com\/rs\/wp-json\/wp\/v2\/pages"}],"about":[{"href":"https:\/\/www.maccaferri.com\/rs\/wp-json\/wp\/v2\/types\/page"}],"author":[{"embeddable":true,"href":"https:\/\/www.maccaferri.com\/rs\/wp-json\/wp\/v2\/users\/1"}],"replies":[{"embeddable":true,"href":"https:\/\/www.maccaferri.com\/rs\/wp-json\/wp\/v2\/comments?post=1375"}],"version-history":[{"count":46,"href":"https:\/\/www.maccaferri.com\/rs\/wp-json\/wp\/v2\/pages\/1375\/revisions"}],"predecessor-version":[{"id":22353,"href":"https:\/\/www.maccaferri.com\/rs\/wp-json\/wp\/v2\/pages\/1375\/revisions\/22353"}],"wp:attachment":[{"href":"https:\/\/www.maccaferri.com\/rs\/wp-json\/wp\/v2\/media?parent=1375"}],"curies":[{"name":"wp","href":"https:\/\/api.w.org\/{rel}","templated":true}]}}