{"id":81557,"date":"2023-06-19T12:45:03","date_gmt":"2023-06-19T10:45:03","guid":{"rendered":"https:\/\/www.maccaferri.com\/ro\/?page_id=81557"},"modified":"2025-10-07T15:55:35","modified_gmt":"2025-10-07T13:55:35","slug":"informative-technical-package","status":"publish","type":"page","link":"https:\/\/www.maccaferri.com\/ro\/informative-technical-package\/","title":{"rendered":"Informative Technical Package"},"content":{"rendered":"<div class=\"wp-block-mac-slider-hero-block hero-slider\"><div id=\"hero40\" class=\"carousel slide\" data-bs-ride=\"true\"><ol class=\"carousel-indicators box-container\"><li data-bs-target=\"#hero40\" data-bs-slide-to=\"0\" class=\"active\"><\/li><\/ol><div class=\"carousel-inner\"><div class=\"carousel-item active\"><div class=\"hero\"><div class=\"gts__picture\"><img decoding=\"async\" src=\"https:\/\/www.maccaferri.com\/ro\/wp-content\/uploads\/2023\/06\/Immagine-testa-sito-1.png\" style=\"display:none\"\/><div class=\"gts__picture__image\" style=\"background-image:url(https:\/\/www.maccaferri.com\/ro\/wp-content\/uploads\/2023\/06\/Immagine-testa-sito-1.png)\"><\/div><\/div><div class=\"container box-container\"><div class=\"row\"><div class=\"col-12 col-lg-6 col-xl-6 col-xxl-6\"><p><span class=\"hero-index\" style=\"display:none\">0<\/span><\/p><h2 class=\"hero-text-container\"><span class=\"hero-text\">RESURSE PENTRU PREVENIREA PERICOLULUI GEORISIC<\/span><\/h2><a class=\"hero-buttonurl\" href=\"https:\/\/www.maccaferri.com\/informative-technical-package\/#download\"><span class=\"hero-buttontext\">DESCARC\u0102 ACUM<\/span><\/a><\/div><\/div><\/div><\/div><\/div><\/div><button class=\"carousel-control-prev\" href=\"#hero40\" type=\"button\" data-bs-slide=\"prev\"><span class=\"carousel-control-prev-icon\" aria-hidden=\"true\"><\/span><span class=\"visually-hidden\">Previous<\/span><\/button><button class=\"carousel-control-next\" href=\"#hero40\" type=\"button\" data-bs-slide=\"next\"><span class=\"carousel-control-next-icon\" aria-hidden=\"true\"><\/span><span class=\"visually-hidden\">Next<\/span><\/button><\/div><\/div><div class=\"wp-block-columns has-background is-layout-flex wp-container-core-columns-is-layout-9d6595d7 wp-block-columns-is-layout-flex\" style=\"background-color:#004857\"><div class=\"wp-block-column is-layout-flow wp-block-column-is-layout-flow\"><div class=\"wp-block-mac-title-cta-two-block container box-container\" style=\"background:#004857\"><div class=\"row\"><div class=\"col-12 col-lg-5 col-xl-5 col-xxl-5 title-box-txt\"><H2 class=\"wp-block-mac-title-cta-two-block\" style=\"color:#A7C8CB\">ALEGERILE NOASTRE<\/H2><\/div><div class=\"col-12 offset-lg-1 offset-xl-1 offset-xxl-1 col-lg-6 col-xl-6 col-xxl-6 title-box-txt\"><div style=\"text-align:right\"><p class=\"wp-block-mac-title-cta-two-block\" style=\"color:#FFFFFF\">Sistemele de protec\u021bie \u00eempotriva c\u0103derilor de st\u00e2nci \u0219i de prevenire a riscurilor sunt esen\u021biale pentru siguran\u021ba drumurilor, c\u0103ilor ferate, opera\u021biunilor miniere \u0219i infrastructurii. Chiar \u0219i incidentele mici pot cauza perturb\u0103ri semnificative \u0219i impacturi economice. Cl\u0103dirile \u0219i instala\u021biile vulnerabile sunt, de asemenea, expuse riscului de c\u0103deri de st\u00e2nci, alunec\u0103ri de teren \u0219i avalan\u0219e. Cu peste 60 de ani de experien\u021b\u0103, Maccaferri ofer\u0103 o gam\u0103 larg\u0103 de sisteme de protec\u021bie \u00eempotriva c\u0103derilor de st\u00e2nci \u0219i solu\u021bii de mitigare a riscurilor naturale. Certificate, testate \u0219i conforme cu cele mai recente standarde, sistemele lor MAC.RO\u2122 sunt u\u0219or de instalat \u0219i ofer\u0103 protec\u021bie eficient\u0103 \u00een \u00eentreaga lume.<\/p><\/div><div style=\"text-align:right\"><a href=\"https:\/\/www.maccaferri.com\/informative-technical-package\/#download\" target=\"_blank\" class=\"buttonurl\" rel=\"noopener\"><span class=\"buttontext\">Download Now<\/span><\/a><\/div><\/div><\/div><\/div><\/div><\/div><div class=\"wp-block-columns is-layout-flex wp-container-core-columns-is-layout-9d6595d7 wp-block-columns-is-layout-flex\"><div class=\"wp-block-column is-layout-flow wp-block-column-is-layout-flow\" id=\"download\"><\/div><\/div><div class=\"wp-block-mac-container-block box-container\"><div class=\"wp-block-columns is-layout-flex wp-container-core-columns-is-layout-9d6595d7 wp-block-columns-is-layout-flex\"><div class=\"wp-block-column is-layout-flow wp-block-column-is-layout-flow\"><div class=\"wp-block-mac-card-new-block block-latest-news-container\"><div class=\"card\"><div class=\"content-images\"><img decoding=\"async\" class=\"box-image\" src=\"https:\/\/www.maccaferri.com\/wp-content\/uploads\/2023\/06\/rockfall-1.png\" alt=\"Image Stories\"\/><\/div><div class=\"card-body\"><h6 class=\"wp-block-mac-card-new-block\" style=\"color:#212429\">Brochure Rockfall<\/h6><span class=\"abstract\" style=\"color:#212429\"><\/span><a href=\"https:\/\/www2.maccaferri.com\/l\/965143\/2023-06-26\/5qmxjy\" target=\"_blank\" class=\"cta\" rel=\"noopener\"><span class=\"text\" style=\"color:#004857\">Download<\/span><\/a><div class=\"star\"><span class=\"material-symbols-rounded starrate\">star<\/span><\/div><\/div><\/div><\/div><\/div>\n\n<div class=\"wp-block-column is-layout-flow wp-block-column-is-layout-flow\"><div class=\"wp-block-mac-card-new-block block-latest-news-container\"><div class=\"card\"><div class=\"content-images\"><img decoding=\"async\" class=\"box-image\" src=\"https:\/\/www.maccaferri.com\/wp-content\/uploads\/2023\/06\/hellomac_card.png\" alt=\"Image Stories\"\/><\/div><div class=\"card-body\"><h6 class=\"wp-block-mac-card-new-block\" style=\"color:#212429\">HELLOMAC PPT<\/h6><span class=\"abstract\" style=\"color:#212429\"><\/span><a href=\"https:\/\/www2.maccaferri.com\/l\/965143\/2023-06-26\/5qmxj5\" target=\"_blank\" class=\"cta\" rel=\"noopener\"><span class=\"text\" style=\"color:#004857\">Download<\/span><\/a><div class=\"star\"><span class=\"material-symbols-rounded starrate\">star<\/span><\/div><\/div><\/div><\/div><\/div>\n\n<div class=\"wp-block-column is-layout-flow wp-block-column-is-layout-flow\"><div class=\"wp-block-mac-card-new-block block-latest-news-container\"><div class=\"card\"><div class=\"content-images\"><img decoding=\"async\" class=\"box-image\" src=\"https:\/\/www.maccaferri.com\/wp-content\/uploads\/2023\/06\/MacArmour.png\" alt=\"Image Stories\"\/><\/div><div class=\"card-body\"><h6 class=\"wp-block-mac-card-new-block\" style=\"color:#212429\">MacArmour PPT<\/h6><span class=\"abstract\" style=\"color:#212429\"><\/span><a href=\"https:\/\/www2.maccaferri.com\/l\/965143\/2023-06-26\/5qmxhn\" target=\"_blank\" class=\"cta\" rel=\"noopener\"><span class=\"text\" style=\"color:#004857\">Download<\/span><\/a><div class=\"star\"><span class=\"material-symbols-rounded starrate\">star<\/span><\/div><\/div><\/div><\/div><\/div>\n\n<div class=\"wp-block-column is-layout-flow wp-block-column-is-layout-flow\"><div class=\"wp-block-mac-card-new-block block-latest-news-container\"><div class=\"card\"><div class=\"content-images\"><img decoding=\"async\" class=\"box-image\" src=\"https:\/\/www.maccaferri.com\/wp-content\/uploads\/2023\/06\/Hydaulic-1.png\" alt=\"Image Stories\"\/><\/div><div class=\"card-body\"><h6 class=\"wp-block-mac-card-new-block\" style=\"color:#212429\">Brochure Hydraulic Works<\/h6><span class=\"abstract\" style=\"color:#212429\"><\/span><a href=\"https:\/\/www2.maccaferri.com\/l\/965143\/2023-06-26\/5qmxhc\" target=\"_blank\" class=\"cta\" rel=\"noopener\"><span class=\"text\" style=\"color:#004857\">Downlaod<\/span><\/a><div class=\"star\"><span class=\"material-symbols-rounded starrate\">star<\/span><\/div><\/div><\/div><\/div><\/div><\/div><\/div>","protected":false},"excerpt":{"rendered":"","protected":false},"author":6,"featured_media":0,"parent":0,"menu_order":0,"comment_status":"closed","ping_status":"closed","template":"","meta":{"_acf_changed":false,"_joinchat":[],"footnotes":""},"class_list":["post-81557","page","type-page","status-publish","hentry"],"acf":{"uuid_products":"","product-documents":""},"yoast_head":"<!-- This site is optimized with the Yoast SEO Premium plugin v27.0 (Yoast SEO v27.0) - https:\/\/yoast.com\/product\/yoast-seo-premium-wordpress\/ -->\n<title>Informative Technical Package - Maccaferri Rom\u00e2nia<\/title>\n<meta name=\"description\" content=\"0RESURSE PENTRU PREVENIREA PERICOLULUI GEORISICDESCARC\u0102 ACUMPreviousNext ALEGERILE NOASTRESistemele de protec\u021bie \u00eempotriva c\u0103derilor de st\u00e2nci \u0219i de\" \/>\n<meta name=\"robots\" content=\"index, follow, max-snippet:-1, max-image-preview:large, max-video-preview:-1\" \/>\n<link rel=\"canonical\" href=\"https:\/\/www.maccaferri.com\/ro\/informative-technical-package\/\" \/>\n<meta property=\"og:locale\" content=\"ro_RO\" \/>\n<meta property=\"og:type\" content=\"article\" \/>\n<meta property=\"og:title\" content=\"Informative Technical Package - Maccaferri Rom\u00e2nia\" \/>\n<meta property=\"og:description\" content=\"0RESURSE PENTRU PREVENIREA PERICOLULUI GEORISICDESCARC\u0102 ACUMPreviousNext ALEGERILE NOASTRESistemele de protec\u021bie \u00eempotriva c\u0103derilor de st\u00e2nci \u0219i de\" \/>\n<meta property=\"og:url\" content=\"https:\/\/www.maccaferri.com\/ro\/informative-technical-package\/\" \/>\n<meta property=\"og:site_name\" content=\"Maccaferri Rom\u00e2nia\" \/>\n<meta property=\"article:modified_time\" content=\"2025-10-07T13:55:35+00:00\" \/>\n<meta property=\"og:image\" content=\"https:\/\/www.maccaferri.com\/ro\/wp-content\/uploads\/2023\/06\/Immagine-testa-sito-1.png\" \/>\n<meta name=\"twitter:card\" content=\"summary_large_image\" \/>\n<meta name=\"twitter:label1\" content=\"Est. reading time\" \/>\n\t<meta name=\"twitter:data1\" content=\"2 minutes\" \/>\n<script type=\"application\/ld+json\" class=\"yoast-schema-graph\">{\"@context\":\"https:\/\/schema.org\",\"@graph\":[{\"@type\":\"WebPage\",\"@id\":\"https:\/\/www.maccaferri.com\/ro\/informative-technical-package\/\",\"url\":\"https:\/\/www.maccaferri.com\/ro\/informative-technical-package\/\",\"name\":\"Informative Technical Package - Maccaferri Rom\u00e2nia\",\"isPartOf\":{\"@id\":\"https:\/\/www.maccaferri.com\/ro\/#website\"},\"primaryImageOfPage\":{\"@id\":\"https:\/\/www.maccaferri.com\/ro\/informative-technical-package\/#primaryimage\"},\"image\":{\"@id\":\"https:\/\/www.maccaferri.com\/ro\/informative-technical-package\/#primaryimage\"},\"thumbnailUrl\":\"https:\/\/www.maccaferri.com\/ro\/wp-content\/uploads\/2023\/06\/Immagine-testa-sito-1.png\",\"datePublished\":\"2023-06-19T10:45:03+00:00\",\"dateModified\":\"2025-10-07T13:55:35+00:00\",\"description\":\"0RESURSE PENTRU PREVENIREA PERICOLULUI GEORISICDESCARC\u0102 ACUMPreviousNext ALEGERILE NOASTRESistemele de protec\u021bie \u00eempotriva c\u0103derilor de st\u00e2nci \u0219i de\",\"inLanguage\":\"ro-RO\",\"potentialAction\":[{\"@type\":\"ReadAction\",\"target\":[\"https:\/\/www.maccaferri.com\/ro\/informative-technical-package\/\"]}]},{\"@type\":\"ImageObject\",\"inLanguage\":\"ro-RO\",\"@id\":\"https:\/\/www.maccaferri.com\/ro\/informative-technical-package\/#primaryimage\",\"url\":\"https:\/\/www.maccaferri.com\/ro\/wp-content\/uploads\/2023\/06\/Immagine-testa-sito-1.png\",\"contentUrl\":\"https:\/\/www.maccaferri.com\/ro\/wp-content\/uploads\/2023\/06\/Immagine-testa-sito-1.png\",\"width\":1915,\"height\":530},{\"@type\":\"WebSite\",\"@id\":\"https:\/\/www.maccaferri.com\/ro\/#website\",\"url\":\"https:\/\/www.maccaferri.com\/ro\/\",\"name\":\"Maccaferri Rom\u00e2nia\",\"description\":\"\",\"publisher\":{\"@id\":\"https:\/\/www.maccaferri.com\/ro\/#organization\"},\"potentialAction\":[{\"@type\":\"SearchAction\",\"target\":{\"@type\":\"EntryPoint\",\"urlTemplate\":\"https:\/\/www.maccaferri.com\/ro\/?s={search_term_string}\"},\"query-input\":{\"@type\":\"PropertyValueSpecification\",\"valueRequired\":true,\"valueName\":\"search_term_string\"}}],\"inLanguage\":\"ro-RO\"},{\"@type\":\"Organization\",\"@id\":\"https:\/\/www.maccaferri.com\/ro\/#organization\",\"name\":\"Maccaferri Rom\u00e2nia\",\"url\":\"https:\/\/www.maccaferri.com\/ro\/\",\"logo\":{\"@type\":\"ImageObject\",\"inLanguage\":\"ro-RO\",\"@id\":\"https:\/\/www.maccaferri.com\/ro\/#\/schema\/logo\/image\/\",\"url\":\"https:\/\/www.maccaferri.com\/ro\/wp-content\/uploads\/2022\/07\/logo-maccaferri.png\",\"contentUrl\":\"https:\/\/www.maccaferri.com\/ro\/wp-content\/uploads\/2022\/07\/logo-maccaferri.png\",\"width\":152,\"height\":32,\"caption\":\"Maccaferri Rom\u00e2nia\"},\"image\":{\"@id\":\"https:\/\/www.maccaferri.com\/ro\/#\/schema\/logo\/image\/\"}}]}<\/script>\n<!-- \/ Yoast SEO Premium plugin. -->","yoast_head_json":{"title":"Informative Technical Package - Maccaferri Rom\u00e2nia","description":"0RESURSE PENTRU PREVENIREA PERICOLULUI GEORISICDESCARC\u0102 ACUMPreviousNext ALEGERILE NOASTRESistemele de protec\u021bie \u00eempotriva c\u0103derilor de st\u00e2nci \u0219i de","robots":{"index":"index","follow":"follow","max-snippet":"max-snippet:-1","max-image-preview":"max-image-preview:large","max-video-preview":"max-video-preview:-1"},"canonical":"https:\/\/www.maccaferri.com\/ro\/informative-technical-package\/","og_locale":"ro_RO","og_type":"article","og_title":"Informative Technical Package - Maccaferri Rom\u00e2nia","og_description":"0RESURSE PENTRU PREVENIREA PERICOLULUI GEORISICDESCARC\u0102 ACUMPreviousNext ALEGERILE NOASTRESistemele de protec\u021bie \u00eempotriva c\u0103derilor de st\u00e2nci \u0219i de","og_url":"https:\/\/www.maccaferri.com\/ro\/informative-technical-package\/","og_site_name":"Maccaferri Rom\u00e2nia","article_modified_time":"2025-10-07T13:55:35+00:00","og_image":[{"url":"https:\/\/www.maccaferri.com\/ro\/wp-content\/uploads\/2023\/06\/Immagine-testa-sito-1.png","type":"","width":"","height":""}],"twitter_card":"summary_large_image","twitter_misc":{"Est. reading time":"2 minutes"},"schema":{"@context":"https:\/\/schema.org","@graph":[{"@type":"WebPage","@id":"https:\/\/www.maccaferri.com\/ro\/informative-technical-package\/","url":"https:\/\/www.maccaferri.com\/ro\/informative-technical-package\/","name":"Informative Technical Package - Maccaferri Rom\u00e2nia","isPartOf":{"@id":"https:\/\/www.maccaferri.com\/ro\/#website"},"primaryImageOfPage":{"@id":"https:\/\/www.maccaferri.com\/ro\/informative-technical-package\/#primaryimage"},"image":{"@id":"https:\/\/www.maccaferri.com\/ro\/informative-technical-package\/#primaryimage"},"thumbnailUrl":"https:\/\/www.maccaferri.com\/ro\/wp-content\/uploads\/2023\/06\/Immagine-testa-sito-1.png","datePublished":"2023-06-19T10:45:03+00:00","dateModified":"2025-10-07T13:55:35+00:00","description":"0RESURSE PENTRU PREVENIREA PERICOLULUI GEORISICDESCARC\u0102 ACUMPreviousNext ALEGERILE NOASTRESistemele de protec\u021bie \u00eempotriva c\u0103derilor de st\u00e2nci \u0219i de","inLanguage":"ro-RO","potentialAction":[{"@type":"ReadAction","target":["https:\/\/www.maccaferri.com\/ro\/informative-technical-package\/"]}]},{"@type":"ImageObject","inLanguage":"ro-RO","@id":"https:\/\/www.maccaferri.com\/ro\/informative-technical-package\/#primaryimage","url":"https:\/\/www.maccaferri.com\/ro\/wp-content\/uploads\/2023\/06\/Immagine-testa-sito-1.png","contentUrl":"https:\/\/www.maccaferri.com\/ro\/wp-content\/uploads\/2023\/06\/Immagine-testa-sito-1.png","width":1915,"height":530},{"@type":"WebSite","@id":"https:\/\/www.maccaferri.com\/ro\/#website","url":"https:\/\/www.maccaferri.com\/ro\/","name":"Maccaferri Rom\u00e2nia","description":"","publisher":{"@id":"https:\/\/www.maccaferri.com\/ro\/#organization"},"potentialAction":[{"@type":"SearchAction","target":{"@type":"EntryPoint","urlTemplate":"https:\/\/www.maccaferri.com\/ro\/?s={search_term_string}"},"query-input":{"@type":"PropertyValueSpecification","valueRequired":true,"valueName":"search_term_string"}}],"inLanguage":"ro-RO"},{"@type":"Organization","@id":"https:\/\/www.maccaferri.com\/ro\/#organization","name":"Maccaferri Rom\u00e2nia","url":"https:\/\/www.maccaferri.com\/ro\/","logo":{"@type":"ImageObject","inLanguage":"ro-RO","@id":"https:\/\/www.maccaferri.com\/ro\/#\/schema\/logo\/image\/","url":"https:\/\/www.maccaferri.com\/ro\/wp-content\/uploads\/2022\/07\/logo-maccaferri.png","contentUrl":"https:\/\/www.maccaferri.com\/ro\/wp-content\/uploads\/2022\/07\/logo-maccaferri.png","width":152,"height":32,"caption":"Maccaferri Rom\u00e2nia"},"image":{"@id":"https:\/\/www.maccaferri.com\/ro\/#\/schema\/logo\/image\/"}}]}},"_links":{"self":[{"href":"https:\/\/www.maccaferri.com\/ro\/wp-json\/wp\/v2\/pages\/81557","targetHints":{"allow":["GET"]}}],"collection":[{"href":"https:\/\/www.maccaferri.com\/ro\/wp-json\/wp\/v2\/pages"}],"about":[{"href":"https:\/\/www.maccaferri.com\/ro\/wp-json\/wp\/v2\/types\/page"}],"author":[{"embeddable":true,"href":"https:\/\/www.maccaferri.com\/ro\/wp-json\/wp\/v2\/users\/6"}],"replies":[{"embeddable":true,"href":"https:\/\/www.maccaferri.com\/ro\/wp-json\/wp\/v2\/comments?post=81557"}],"version-history":[{"count":5,"href":"https:\/\/www.maccaferri.com\/ro\/wp-json\/wp\/v2\/pages\/81557\/revisions"}],"predecessor-version":[{"id":95783,"href":"https:\/\/www.maccaferri.com\/ro\/wp-json\/wp\/v2\/pages\/81557\/revisions\/95783"}],"wp:attachment":[{"href":"https:\/\/www.maccaferri.com\/ro\/wp-json\/wp\/v2\/media?parent=81557"}],"curies":[{"name":"wp","href":"https:\/\/api.w.org\/{rel}","templated":true}]}}