{"id":81539,"date":"2023-02-20T12:29:24","date_gmt":"2023-02-20T11:29:24","guid":{"rendered":"https:\/\/www.maccaferri.com\/ro\/?page_id=81539"},"modified":"2025-06-03T17:26:57","modified_gmt":"2025-06-03T15:26:57","slug":"fastmac","status":"publish","type":"page","link":"https:\/\/www.maccaferri.com\/ro\/fastmac\/","title":{"rendered":"FastMac"},"content":{"rendered":"<div class=\"wp-block-mac-h1-title-hero-block container-fluid block-txt-container\" style=\"background:linear-gradient(180deg,rgb(1,94,111) 0%,rgb(0,72,87) 100%)\"><div class=\"row\"><div class=\"col\"><div class=\"gts__picture\"><img decoding=\"async\" src=\"https:\/\/www.maccaferri.com\/ro\/wp-content\/uploads\/2025\/06\/FastMac_min.jpg\" style=\"display:none\"\/><div class=\"gts__picture__image\" style=\"background-image:url(https:\/\/www.maccaferri.com\/ro\/wp-content\/uploads\/2025\/06\/FastMac_min.jpg)\"><\/div><\/div><div class=\"container box-container\"><div class=\"row\"><div class=\"col title-box-txt\"><h1 class=\"wp-block-mac-h1-title-hero-block\" style=\"color:#ffffff;text-align:none\">FastMac<\/h1><\/div><\/div><\/div><\/div><\/div><\/div><div class=\"wp-block-mac-container-block box-container\"><div class=\"wp-block-columns is-layout-flex wp-container-core-columns-is-layout-9d6595d7 wp-block-columns-is-layout-flex\"><div class=\"wp-block-column is-layout-flow wp-block-column-is-layout-flow\"><div class=\"container content-paragraph box-container\"><div class=\"row\"><div class=\"col-12 col-lg-12 col-xl-12 col-xxl-12\"><div class=\"content-txt\"><h2>Cel mai rapid \u0219i u\u0219or instrument pentru instalarea gabioanelor, Reno Mattress Plus \u0219i a plaselor din s\u00e2rm\u0103 dublu r\u0103sucit\u0103.<\/h2>\n<\/div><\/div><\/div><\/div>\n\n<div class=\"wp-block-mac-container-block box-container\"><div class=\"wp-block-columns is-layout-flex wp-container-core-columns-is-layout-9d6595d7 wp-block-columns-is-layout-flex\"><div class=\"wp-block-column is-layout-flow wp-block-column-is-layout-flow\"><div class=\"container content-paragraph box-container\"><div class=\"row\"><div class=\"col-12 col-lg-12 col-xl-12 col-xxl-12\"><div class=\"content-txt\"><h4>Calitate rapid\u0103<\/h4>\n<\/div><\/div><\/div><\/div><\/div><\/div><\/div>\n\n<div class=\"wp-block-mac-container-block box-container\"><div class=\"wp-block-columns is-layout-flex wp-container-core-columns-is-layout-9d6595d7 wp-block-columns-is-layout-flex\"><div class=\"wp-block-column is-layout-flow wp-block-column-is-layout-flow\"><p>Asamblarea gabioanelor \u0219i a saltelelor Reno nu a fost niciodat\u0103 at\u00e2t de u\u0219oar\u0103 ca cu FastMac, un sistem pneumatic de fixare cu inele de prindere de mare rezisten\u021b\u0103. FastMac garanteaz\u0103 un sistem rapid, sigur \u0219i de \u00eenalt\u0103 calitate pentru asamblarea \u0219i conectarea unit\u0103\u021bilor. Inelele de prindere reduc drastic timpul de asamblare \u0219i instalare comparativ cu s\u00e2rma de legare tradi\u021bional\u0103, av\u00e2nd o capacitate de instalare de peste 65 de inele pe minut. Datorit\u0103 FastMac, activitatea de legare poate fi de p\u00e2n\u0103 la 8 ori mai rapid\u0103, economisind \u00eentre 70% \u0219i 80% din timpul total de instalare, \u00een func\u021bie de produs. \u00cen plus, structurile din gabioane \u0219i Reno Mattress asamblate cu inele de prindere prezint\u0103 o durabilitate \u00eembun\u0103t\u0103\u021bit\u0103, cu o durat\u0103 de via\u021b\u0103 estimat\u0103 la 120 de ani, o rezisten\u021b\u0103 mai mare \u0219i mai uniform\u0103, ceea ce duce la o \u00eembun\u0103t\u0103\u021bire general\u0103 a calit\u0103\u021bii.<\/p><\/div><\/div><\/div>\n\n<div class=\"wp-block-mac-container-block box-container\"><div class=\"wp-block-columns is-layout-flex wp-container-core-columns-is-layout-9d6595d7 wp-block-columns-is-layout-flex\"><div class=\"wp-block-column is-layout-flow wp-block-column-is-layout-flow\"><div class=\"container content-paragraph box-container\"><div class=\"row\"><div class=\"col-12 col-lg-12 col-xl-12 col-xxl-12\"><div class=\"content-txt\"><h4>Provocarea de 30 de secunde<\/h4>\n<\/div><\/div><\/div><\/div><\/div><\/div><\/div>\n\n<div class=\"wp-block-mac-container-block box-container\"><div class=\"wp-block-columns is-layout-flex wp-container-core-columns-is-layout-9d6595d7 wp-block-columns-is-layout-flex\"><div class=\"wp-block-column is-layout-flow wp-block-column-is-layout-flow\"><p>Dou\u0103 plase, una legat\u0103 cu inele C \u0219i FastMac, alta cu s\u00e2rm\u0103 de legare. Care va fi mai rapid\u0103?<\/p><\/div><\/div><\/div><\/div><\/div><\/div><div class=\"wp-block-mac-container-block box-container\"><div class=\"wp-block-columns is-layout-flex wp-container-core-columns-is-layout-9d6595d7 wp-block-columns-is-layout-flex\"><div class=\"wp-block-column is-layout-flow wp-block-column-is-layout-flow\"><figure class=\"wp-block-video\"><video controls controlslist=\"nodownload\" poster=\"https:\/\/www.maccaferri.com\/ro\/wp-content\/uploads\/2023\/02\/MicrosoftTeams-image-29.png\" src=\"https:\/\/www.maccaferri.com\/ro\/wp-content\/uploads\/2023\/02\/Maccaferri_FastMac_v03.mp4\"><\/video><\/figure><\/div><\/div><\/div><div style=\"height:100px\" aria-hidden=\"true\" class=\"wp-block-spacer\"><\/div>","protected":false},"excerpt":{"rendered":"","protected":false},"author":6,"featured_media":0,"parent":0,"menu_order":0,"comment_status":"closed","ping_status":"closed","template":"","meta":{"_acf_changed":false,"_joinchat":[],"footnotes":""},"class_list":["post-81539","page","type-page","status-publish","hentry"],"acf":{"uuid_products":"","product-documents":""},"yoast_head":"<!-- This site is optimized with the Yoast SEO Premium plugin v27.0 (Yoast SEO v27.0) - https:\/\/yoast.com\/product\/yoast-seo-premium-wordpress\/ -->\n<title>FastMac - Maccaferri Rom\u00e2nia<\/title>\n<meta name=\"description\" content=\"FastMac Asamblarea gabioanelor \u0219i a saltelelor Reno nu a fost niciodat\u0103 at\u00e2t de u\u0219oar\u0103 ca cu FastMac, un sistem pneumatic de fixare cu inele de prindere\" \/>\n<meta name=\"robots\" content=\"index, follow, max-snippet:-1, max-image-preview:large, max-video-preview:-1\" \/>\n<link rel=\"canonical\" href=\"https:\/\/www.maccaferri.com\/ro\/fastmac\/\" \/>\n<meta property=\"og:locale\" content=\"ro_RO\" \/>\n<meta property=\"og:type\" content=\"article\" \/>\n<meta property=\"og:title\" content=\"FastMac - Maccaferri Rom\u00e2nia\" \/>\n<meta property=\"og:description\" content=\"FastMac Asamblarea gabioanelor \u0219i a saltelelor Reno nu a fost niciodat\u0103 at\u00e2t de u\u0219oar\u0103 ca cu FastMac, un sistem pneumatic de fixare cu inele de prindere\" \/>\n<meta property=\"og:url\" content=\"https:\/\/www.maccaferri.com\/ro\/fastmac\/\" \/>\n<meta property=\"og:site_name\" content=\"Maccaferri Rom\u00e2nia\" \/>\n<meta property=\"article:modified_time\" content=\"2025-06-03T15:26:57+00:00\" \/>\n<meta property=\"og:image\" content=\"https:\/\/www.maccaferri.com\/ro\/wp-content\/uploads\/2025\/06\/FastMac_min.jpg\" \/>\n<meta name=\"twitter:card\" content=\"summary_large_image\" \/>\n<meta name=\"twitter:label1\" content=\"Est. reading time\" \/>\n\t<meta name=\"twitter:data1\" content=\"1 minute\" \/>\n<script type=\"application\/ld+json\" class=\"yoast-schema-graph\">{\"@context\":\"https:\/\/schema.org\",\"@graph\":[{\"@type\":\"WebPage\",\"@id\":\"https:\/\/www.maccaferri.com\/ro\/fastmac\/\",\"url\":\"https:\/\/www.maccaferri.com\/ro\/fastmac\/\",\"name\":\"FastMac - Maccaferri Rom\u00e2nia\",\"isPartOf\":{\"@id\":\"https:\/\/www.maccaferri.com\/ro\/#website\"},\"primaryImageOfPage\":{\"@id\":\"https:\/\/www.maccaferri.com\/ro\/fastmac\/#primaryimage\"},\"image\":{\"@id\":\"https:\/\/www.maccaferri.com\/ro\/fastmac\/#primaryimage\"},\"thumbnailUrl\":\"https:\/\/www.maccaferri.com\/ro\/wp-content\/uploads\/2025\/06\/FastMac_min.jpg\",\"datePublished\":\"2023-02-20T11:29:24+00:00\",\"dateModified\":\"2025-06-03T15:26:57+00:00\",\"description\":\"FastMac Asamblarea gabioanelor \u0219i a saltelelor Reno nu a fost niciodat\u0103 at\u00e2t de u\u0219oar\u0103 ca cu FastMac, un sistem pneumatic de fixare cu inele de prindere\",\"inLanguage\":\"ro-RO\",\"potentialAction\":[{\"@type\":\"ReadAction\",\"target\":[\"https:\/\/www.maccaferri.com\/ro\/fastmac\/\"]}]},{\"@type\":\"ImageObject\",\"inLanguage\":\"ro-RO\",\"@id\":\"https:\/\/www.maccaferri.com\/ro\/fastmac\/#primaryimage\",\"url\":\"https:\/\/www.maccaferri.com\/ro\/wp-content\/uploads\/2025\/06\/FastMac_min.jpg\",\"contentUrl\":\"https:\/\/www.maccaferri.com\/ro\/wp-content\/uploads\/2025\/06\/FastMac_min.jpg\",\"width\":1915,\"height\":530,\"caption\":\"xr:d:DAFZOvOAx8k:5,j:47121314557,t:23021615\"},{\"@type\":\"WebSite\",\"@id\":\"https:\/\/www.maccaferri.com\/ro\/#website\",\"url\":\"https:\/\/www.maccaferri.com\/ro\/\",\"name\":\"Maccaferri Rom\u00e2nia\",\"description\":\"\",\"publisher\":{\"@id\":\"https:\/\/www.maccaferri.com\/ro\/#organization\"},\"potentialAction\":[{\"@type\":\"SearchAction\",\"target\":{\"@type\":\"EntryPoint\",\"urlTemplate\":\"https:\/\/www.maccaferri.com\/ro\/?s={search_term_string}\"},\"query-input\":{\"@type\":\"PropertyValueSpecification\",\"valueRequired\":true,\"valueName\":\"search_term_string\"}}],\"inLanguage\":\"ro-RO\"},{\"@type\":\"Organization\",\"@id\":\"https:\/\/www.maccaferri.com\/ro\/#organization\",\"name\":\"Maccaferri Rom\u00e2nia\",\"url\":\"https:\/\/www.maccaferri.com\/ro\/\",\"logo\":{\"@type\":\"ImageObject\",\"inLanguage\":\"ro-RO\",\"@id\":\"https:\/\/www.maccaferri.com\/ro\/#\/schema\/logo\/image\/\",\"url\":\"https:\/\/www.maccaferri.com\/ro\/wp-content\/uploads\/2022\/07\/logo-maccaferri.png\",\"contentUrl\":\"https:\/\/www.maccaferri.com\/ro\/wp-content\/uploads\/2022\/07\/logo-maccaferri.png\",\"width\":152,\"height\":32,\"caption\":\"Maccaferri Rom\u00e2nia\"},\"image\":{\"@id\":\"https:\/\/www.maccaferri.com\/ro\/#\/schema\/logo\/image\/\"}}]}<\/script>\n<!-- \/ Yoast SEO Premium plugin. -->","yoast_head_json":{"title":"FastMac - Maccaferri Rom\u00e2nia","description":"FastMac Asamblarea gabioanelor \u0219i a saltelelor Reno nu a fost niciodat\u0103 at\u00e2t de u\u0219oar\u0103 ca cu FastMac, un sistem pneumatic de fixare cu inele de prindere","robots":{"index":"index","follow":"follow","max-snippet":"max-snippet:-1","max-image-preview":"max-image-preview:large","max-video-preview":"max-video-preview:-1"},"canonical":"https:\/\/www.maccaferri.com\/ro\/fastmac\/","og_locale":"ro_RO","og_type":"article","og_title":"FastMac - Maccaferri Rom\u00e2nia","og_description":"FastMac Asamblarea gabioanelor \u0219i a saltelelor Reno nu a fost niciodat\u0103 at\u00e2t de u\u0219oar\u0103 ca cu FastMac, un sistem pneumatic de fixare cu inele de prindere","og_url":"https:\/\/www.maccaferri.com\/ro\/fastmac\/","og_site_name":"Maccaferri Rom\u00e2nia","article_modified_time":"2025-06-03T15:26:57+00:00","og_image":[{"url":"https:\/\/www.maccaferri.com\/ro\/wp-content\/uploads\/2025\/06\/FastMac_min.jpg","type":"","width":"","height":""}],"twitter_card":"summary_large_image","twitter_misc":{"Est. reading time":"1 minute"},"schema":{"@context":"https:\/\/schema.org","@graph":[{"@type":"WebPage","@id":"https:\/\/www.maccaferri.com\/ro\/fastmac\/","url":"https:\/\/www.maccaferri.com\/ro\/fastmac\/","name":"FastMac - Maccaferri Rom\u00e2nia","isPartOf":{"@id":"https:\/\/www.maccaferri.com\/ro\/#website"},"primaryImageOfPage":{"@id":"https:\/\/www.maccaferri.com\/ro\/fastmac\/#primaryimage"},"image":{"@id":"https:\/\/www.maccaferri.com\/ro\/fastmac\/#primaryimage"},"thumbnailUrl":"https:\/\/www.maccaferri.com\/ro\/wp-content\/uploads\/2025\/06\/FastMac_min.jpg","datePublished":"2023-02-20T11:29:24+00:00","dateModified":"2025-06-03T15:26:57+00:00","description":"FastMac Asamblarea gabioanelor \u0219i a saltelelor Reno nu a fost niciodat\u0103 at\u00e2t de u\u0219oar\u0103 ca cu FastMac, un sistem pneumatic de fixare cu inele de prindere","inLanguage":"ro-RO","potentialAction":[{"@type":"ReadAction","target":["https:\/\/www.maccaferri.com\/ro\/fastmac\/"]}]},{"@type":"ImageObject","inLanguage":"ro-RO","@id":"https:\/\/www.maccaferri.com\/ro\/fastmac\/#primaryimage","url":"https:\/\/www.maccaferri.com\/ro\/wp-content\/uploads\/2025\/06\/FastMac_min.jpg","contentUrl":"https:\/\/www.maccaferri.com\/ro\/wp-content\/uploads\/2025\/06\/FastMac_min.jpg","width":1915,"height":530,"caption":"xr:d:DAFZOvOAx8k:5,j:47121314557,t:23021615"},{"@type":"WebSite","@id":"https:\/\/www.maccaferri.com\/ro\/#website","url":"https:\/\/www.maccaferri.com\/ro\/","name":"Maccaferri Rom\u00e2nia","description":"","publisher":{"@id":"https:\/\/www.maccaferri.com\/ro\/#organization"},"potentialAction":[{"@type":"SearchAction","target":{"@type":"EntryPoint","urlTemplate":"https:\/\/www.maccaferri.com\/ro\/?s={search_term_string}"},"query-input":{"@type":"PropertyValueSpecification","valueRequired":true,"valueName":"search_term_string"}}],"inLanguage":"ro-RO"},{"@type":"Organization","@id":"https:\/\/www.maccaferri.com\/ro\/#organization","name":"Maccaferri Rom\u00e2nia","url":"https:\/\/www.maccaferri.com\/ro\/","logo":{"@type":"ImageObject","inLanguage":"ro-RO","@id":"https:\/\/www.maccaferri.com\/ro\/#\/schema\/logo\/image\/","url":"https:\/\/www.maccaferri.com\/ro\/wp-content\/uploads\/2022\/07\/logo-maccaferri.png","contentUrl":"https:\/\/www.maccaferri.com\/ro\/wp-content\/uploads\/2022\/07\/logo-maccaferri.png","width":152,"height":32,"caption":"Maccaferri Rom\u00e2nia"},"image":{"@id":"https:\/\/www.maccaferri.com\/ro\/#\/schema\/logo\/image\/"}}]}},"_links":{"self":[{"href":"https:\/\/www.maccaferri.com\/ro\/wp-json\/wp\/v2\/pages\/81539","targetHints":{"allow":["GET"]}}],"collection":[{"href":"https:\/\/www.maccaferri.com\/ro\/wp-json\/wp\/v2\/pages"}],"about":[{"href":"https:\/\/www.maccaferri.com\/ro\/wp-json\/wp\/v2\/types\/page"}],"author":[{"embeddable":true,"href":"https:\/\/www.maccaferri.com\/ro\/wp-json\/wp\/v2\/users\/6"}],"replies":[{"embeddable":true,"href":"https:\/\/www.maccaferri.com\/ro\/wp-json\/wp\/v2\/comments?post=81539"}],"version-history":[{"count":2,"href":"https:\/\/www.maccaferri.com\/ro\/wp-json\/wp\/v2\/pages\/81539\/revisions"}],"predecessor-version":[{"id":91316,"href":"https:\/\/www.maccaferri.com\/ro\/wp-json\/wp\/v2\/pages\/81539\/revisions\/91316"}],"wp:attachment":[{"href":"https:\/\/www.maccaferri.com\/ro\/wp-json\/wp\/v2\/media?parent=81539"}],"curies":[{"name":"wp","href":"https:\/\/api.w.org\/{rel}","templated":true}]}}