{"id":81526,"date":"2023-08-30T17:10:50","date_gmt":"2023-08-30T15:10:50","guid":{"rendered":"https:\/\/www.maccaferri.com\/ro\/?page_id=81526"},"modified":"2025-10-07T14:35:05","modified_gmt":"2025-10-07T12:35:05","slug":"geosynthetics","status":"publish","type":"page","link":"https:\/\/www.maccaferri.com\/ro\/geosynthetics\/","title":{"rendered":"GEOSYNTHETICS"},"content":{"rendered":"<div class=\"wp-block-mac-slider-hero-block hero-slider\"><div id=\"hero81\" class=\"carousel slide\" data-bs-ride=\"true\"><ol class=\"carousel-indicators box-container\"><li data-bs-target=\"#hero81\" data-bs-slide-to=\"0\" class=\"active\"><\/li><\/ol><div class=\"carousel-inner\"><div class=\"carousel-item active\"><div class=\"hero\"><div class=\"gts__picture\"><img decoding=\"async\" src=\"https:\/\/www.maccaferri.com\/ro\/wp-content\/uploads\/2023\/08\/Header-pagine-Nuovo-sito-10.png\" style=\"display:none\"\/><div class=\"gts__picture__image\" style=\"background-image:url(https:\/\/www.maccaferri.com\/ro\/wp-content\/uploads\/2023\/08\/Header-pagine-Nuovo-sito-10.png)\"><\/div><\/div><div class=\"container box-container\"><div class=\"row\"><div class=\"col-12 col-lg-6 col-xl-6 col-xxl-6\"><p><span class=\"hero-index\" style=\"display:none\">0<\/span><\/p><h2 class=\"hero-text-container\"><span class=\"hero-text\">GEOSYNTHETICS<\/span><\/h2><a class=\"hero-buttonurl\" href=\"#download\"><span class=\"hero-buttontext\">Zona de desc\u0103rcare aici<\/span><\/a><\/div><\/div><\/div><\/div><\/div><\/div><button class=\"carousel-control-prev\" href=\"#hero81\" type=\"button\" data-bs-slide=\"prev\"><span class=\"carousel-control-prev-icon\" aria-hidden=\"true\"><\/span><span class=\"visually-hidden\">Previous<\/span><\/button><button class=\"carousel-control-next\" href=\"#hero81\" type=\"button\" data-bs-slide=\"next\"><span class=\"carousel-control-next-icon\" aria-hidden=\"true\"><\/span><span class=\"visually-hidden\">Next<\/span><\/button><\/div><\/div><div style=\"height:70px\" aria-hidden=\"true\" class=\"wp-block-spacer\"><\/div><div class=\"wp-block-mac-h2-title-block block-txt-container box-container\"><div class=\"row\"><div class=\"col title-box-txt\"><h2 style=\"color:#212429;text-align:none\">LUMEA GEOSYNTHETICELOR<\/h2><\/div><\/div><\/div><div class=\"wp-block-mac-container-block box-container\"><div class=\"wp-block-columns is-layout-flex wp-container-core-columns-is-layout-9d6595d7 wp-block-columns-is-layout-flex\"><div class=\"wp-block-column is-layout-flow wp-block-column-is-layout-flow\"><p>Geosynthetic-ele sunt utilizate pentru nenum\u0103rate aplica\u021bii, inclusiv: pentru \u00eent\u0103rirea terenului existent, \u00eembun\u0103t\u0103\u021birea capacit\u0103\u021bii de \u00eenc\u0103rcare, prelungirea duratei de via\u021b\u0103 a autostr\u0103zilor, sprijinirea taluzurilor, prevenirea contamin\u0103rii solului cu levigate din gropile de gunoi \u0219i limitarea eroziunii.<br>Av\u00e2nd caracteristici tehnice definite \u0219i propriet\u0103\u021bi de performan\u021b\u0103, geosynthetic-ele \u00eenlocuiesc utilizarea materialelor naturale \u00een construc\u021bii.<br>S-a dovedit c\u0103 acestea reduc costurile proiectului \u0219i impactul asupra mediului comparativ cu metodele tradi\u021bionale de construc\u021bie.<\/p>\n\n<p>Produsele noastre geosyntetice pot fi utilizate pentru a \u00eendeplini urm\u0103toarele func\u021bii principale:<\/p>\n\n<ul class=\"wp-block-list\"><li>Consolidare<\/li>\n\n<li>Stabilizare \u0219i consolidare a asfaltului<\/li>\n\n<li>Drenaj<\/li>\n\n<li>Separare, Filtrare \u0219i Protec\u021bie<\/li>\n\n<li>Sisteme de barier\u0103<\/li>\n\n<li>Protec\u021bia \u00eempotriva eroziunii<\/li><\/ul><\/div><\/div><\/div><div style=\"height:52px\" aria-hidden=\"true\" class=\"wp-block-spacer\"><\/div><div class=\"wp-block-mac-container-block box-container\"><div class=\"wp-block-columns is-layout-flex wp-container-core-columns-is-layout-9d6595d7 wp-block-columns-is-layout-flex\"><div class=\"wp-block-column is-layout-flow wp-block-column-is-layout-flow\"><p style=\"font-size:25px\"><strong>CONSOLIDARE<\/strong><\/p>\n\n<p>De mai bine de 30 de ani, geogridele au consolidat \u0219i \u00eent\u0103rit solurile, permi\u021b\u00e2nd solului s\u0103 performeze mai bine dec\u00e2t \u00een starea sa neconsolidat\u0103, sus\u021bin\u00e2nd sarcini mai mari, st\u00e2nd pe unghiuri mai abrupte \u0219i reduc\u00e2nd tasarea.<\/p><\/div>\n\n<div class=\"wp-block-column is-layout-flow wp-block-column-is-layout-flow\"><p style=\"font-size:25px\"><strong>STABILIZARE \u0218I CONSOLIDARE A ASFALTULUI<\/strong><\/p>\n\n<p>Indiferent dac\u0103 construi\u021bi o cale ferat\u0103, un drum forestier de pietri\u0219 pe un teren moale, sau refacerea unui drum cu mai multe benzi care transport\u0103 mii de vehicule pe zi, avem cuno\u0219tin\u021bele tehnice necesare pentru a \u00eembun\u0103t\u0103\u021bi performan\u021ba c\u0103ii ferate, a drumurilor \u0219i a pavimentelor asfaltice.<\/p><\/div><\/div><\/div><div style=\"height:50px\" aria-hidden=\"true\" class=\"wp-block-spacer\"><\/div><div class=\"wp-block-mac-container-block box-container\"><div class=\"wp-block-columns is-layout-flex wp-container-core-columns-is-layout-9d6595d7 wp-block-columns-is-layout-flex\"><div class=\"wp-block-column is-layout-flow wp-block-column-is-layout-flow\"><p style=\"font-size:25px\"><strong>DRENAJ<\/strong><\/p>\n\n<p>Excesul de ap\u0103 \u00een sol \u00eel sl\u0103be\u0219te, cauz\u00e2nd diverse probleme. Gestionarea apei din spatele zidurilor, autostr\u0103zilor, tunelurilor \u0219i capacelor de protec\u021bie ale mediului este esen\u021bial\u0103 pentru performan\u021ba pe termen lung a structurii.<\/p><\/div>\n\n<div class=\"wp-block-column is-layout-flow wp-block-column-is-layout-flow\"><p style=\"font-size:25px\"><strong>SEPARARE \/ FILTRARE \/ PROTEC\u021aIE<\/strong><\/p>\n\n<p>Geotextilele noastre sunt utilizate \u00een prezent \u00een multe aplica\u021bii de inginerie geotehnic\u0103 \u0219i hidraulic\u0103.<\/p><\/div><\/div><\/div><div style=\"height:50px\" aria-hidden=\"true\" class=\"wp-block-spacer\"><\/div><div class=\"wp-block-mac-container-block box-container\"><div class=\"wp-block-columns is-layout-flex wp-container-core-columns-is-layout-9d6595d7 wp-block-columns-is-layout-flex\"><div class=\"wp-block-column is-layout-flow wp-block-column-is-layout-flow\"><p style=\"font-size:25px\"><strong>SISTEME DE BARIERE<\/strong><\/p>\n\n<p>Geomembranele sunt utilizate pentru a preveni migrarea fluidelor dintr-o loca\u021bie \u00een alta; de exemplu, pentru a c\u0103ptu\u0219i gropile de gunoi pentru a opri levigatele s\u0103 polueze apa subteran\u0103, control\u00e2nd apa subteran\u0103 care intr\u0103 \u00een tuneluri sau cre\u00e2nd lacuri de atenuare \u00een cadrul dezvolt\u0103rilor.<\/p><\/div>\n\n<div class=\"wp-block-column is-layout-flow wp-block-column-is-layout-flow\"><p style=\"font-size:25px\"><strong>PROTEC\u021aIA \u00ceMPOTRIVA EROZIUNII<\/strong><\/p>\n\n<p>Toate pantele \u0219i suprafe\u021bele naturale sunt expuse la for\u021be continue de eroziune. Pentru a limita pierderile costisitoare de teren, Maccaferri ofer\u0103 o gam\u0103 de sisteme de protec\u021bie \u00eempotriva eroziunii adaptate la severitatea erod\u0103rii a\u0219teptate.<\/p><\/div><\/div><\/div><div style=\"height:100px\" aria-hidden=\"true\" class=\"wp-block-spacer\"><\/div><div class=\"wp-block-mac-h2-title-block block-txt-container box-container\"><div class=\"row\"><div class=\"col title-box-txt\"><h2 style=\"color:#212429;text-align:none\">Poveste de succes: Groapa de gunoi Micorosa<\/h2><\/div><\/div><\/div><div class=\"wp-block-mac-container-block box-container\"><div class=\"wp-block-columns is-layout-flex wp-container-core-columns-is-layout-9d6595d7 wp-block-columns-is-layout-flex\"><div class=\"wp-block-column is-vertically-aligned-center is-layout-flow wp-block-column-is-layout-flow\"><figure class=\"wp-block-video aligncenter\"><video controls controlslist=\"nodownload\" poster=\"https:\/\/www.maccaferri.com\/wp-content\/uploads\/2024\/10\/immagine-15.png\" src=\"https:\/\/www.maccaferri.com\/wp-content\/uploads\/2023\/09\/Untitled-3.mp4\"><\/video><figcaption class=\"wp-element-caption\"><strong>Interven\u021bia de restaurare a gropii de gunoi Micorosa (Brindisi, Italia)<\/strong><\/figcaption><\/figure><\/div><\/div><\/div><div style=\"height:60px\" aria-hidden=\"true\" class=\"wp-block-spacer\"><\/div><div style=\"height:40px\" aria-hidden=\"true\" class=\"wp-block-spacer\"><\/div><div class=\"wp-block-mac-h2-title-block block-txt-container box-container\"><div class=\"row\"><div class=\"col title-box-txt\"><h2 style=\"color:#212429;text-align:none\">Webinar dedicat<\/h2><\/div><\/div><\/div><div class=\"wp-block-mac-container-block box-container\"><div class=\"wp-block-columns is-layout-flex wp-container-core-columns-is-layout-9d6595d7 wp-block-columns-is-layout-flex\"><div class=\"wp-block-column is-layout-flow wp-block-column-is-layout-flow\"><div class=\"wp-block-mac-card-height-block block-card-height-block-container\"><div class=\"card\"><div class=\"content-images\"><img decoding=\"async\" class=\"box-image\" src=\"https:\/\/www.maccaferri.com\/ro\/wp-content\/uploads\/2023\/10\/5.jpeg\" alt=\"Image Stories\"\/><\/div><div class=\"card-body\"><h6 class=\"wp-block-mac-card-height-block\" style=\"color:#212429\">Managementul sustenabil al apei \u00een structuri de inginerie civil\u0103<\/h6><span class=\"abstract\" style=\"color:#212429\"><\/span><a href=\"https:\/\/www.maccaferri.com\/ro\/webinare\/sustainable-water-management-in-civil-engineering-structures-3\/\" target=\"_blank\" class=\"cta\" rel=\"noopener\"><span class=\"text\" style=\"color:#004857\">LINK AICI<\/span><\/a><div class=\"star\"><span class=\"material-symbols-rounded starrate\">star<\/span><\/div><\/div><\/div><\/div><\/div>\n\n<div class=\"wp-block-column is-layout-flow wp-block-column-is-layout-flow\"><div class=\"wp-block-mac-card-height-block block-card-height-block-container\"><div class=\"card\"><div class=\"content-images\"><img decoding=\"async\" class=\"box-image\" src=\"https:\/\/www.maccaferri.com\/ro\/wp-content\/uploads\/2023\/10\/4.jpeg\" alt=\"Image Stories\"\/><\/div><div class=\"card-body\"><h6 class=\"wp-block-mac-card-height-block\" style=\"color:#212429\">Cum s\u0103 prevenim eroziunea solului promov\u00e2nd \u00een acela\u0219i timp \u00eenfiin\u021barea vegeta\u021biei<\/h6><span class=\"abstract\" style=\"color:#212429\"><\/span><a href=\"https:\/\/www.maccaferri.com\/ro\/webinare\/how-to-prevent-soil-erosion-while-promoting-the-establishment-of-vegetation\/\" target=\"_blank\" class=\"cta\" rel=\"noopener\"><span class=\"text\" style=\"color:#004857\">LINK AICI<\/span><\/a><div class=\"star\"><span class=\"material-symbols-rounded starrate\">star<\/span><\/div><\/div><\/div><\/div><\/div>\n\n<div class=\"wp-block-column is-layout-flow wp-block-column-is-layout-flow\"><div class=\"wp-block-mac-card-height-block block-card-height-block-container\"><div class=\"card\"><div class=\"content-images\"><img decoding=\"async\" class=\"box-image\" src=\"https:\/\/www.maccaferri.com\/ro\/wp-content\/uploads\/2023\/09\/6.png\" alt=\"Image Stories\"\/><\/div><div class=\"card-body\"><h6 class=\"wp-block-mac-card-height-block\" style=\"color:#212429\">Evolu\u021bia geosynthetic-urilor: de la origini la solu\u021bii avansate moderne<\/h6><span class=\"abstract\" style=\"color:#212429\"><\/span><a href=\"https:\/\/www.maccaferri.com\/ro\/webinare\/geosynthetic-revolution\/\" target=\"_blank\" class=\"cta\" rel=\"noopener\"><span class=\"text\" style=\"color:#004857\">LINK AICI<\/span><\/a><div class=\"star\"><span class=\"material-symbols-rounded starrate\">star<\/span><\/div><\/div><\/div><\/div><\/div><\/div><\/div><div class=\"wp-block-mac-container-block box-container\"><div class=\"wp-block-columns is-layout-flex wp-container-core-columns-is-layout-9d6595d7 wp-block-columns-is-layout-flex\"><div class=\"wp-block-column is-layout-flow wp-block-column-is-layout-flow\"><div class=\"wp-block-buttons is-layout-flex wp-block-buttons-is-layout-flex\"><div class=\"wp-block-button\"><a class=\"wp-block-button__link wp-element-button\" href=\"https:\/\/www.maccaferri.com\/ro\/centru-de-cunostinte\/\">Toate celelalte webinare<\/a><\/div><\/div><\/div><\/div><\/div><div style=\"height:60px\" aria-hidden=\"true\" id=\"download\" class=\"wp-block-spacer\"><\/div><div class=\"wp-block-mac-h2-title-block block-txt-container box-container\"><div class=\"row\"><div class=\"col title-box-txt\"><h2 style=\"color:#212429;text-align:none\">Zona de desc\u0103rcare<\/h2><\/div><\/div><\/div><div class=\"content-document-dowload\">\n    <div class=\"container-fluid box-container\">\n        <div class=\"row\">\n            <div class=\"col-12\">\n            <h2><\/h2>\n            <\/div>\n        <\/div>\n    <\/div>\n    <div class=\"content-fluid has-white-background-color has-background\"><div class=\"content-document-dowload box-container\"><ul><li><a href=\"https:\/\/www.maccaferri.com\/ro\/download\/geosynthetics-materials\/\" target=\"_blank\" title=\"Geosynthetics Materials\">Geosynthetics Materials<\/a><a href=\"https:\/\/www.maccaferri.com\/ro\/dashboard\" class=\"btn-dowload\" data-bs-toggle=\"tooltip\" data-bs-placement=\"top\" title=\"Geosynthetics Materials\"><span class=\"material-symbols-outlined download\">sim_card_download<\/span><\/a><\/li><\/ul><\/div><\/div><\/div>\n\n<script type=\"text\/javascript\">\n    jQuery('.btn-file-download').click(function(e) {\n        e.preventDefault();\n        let idFile = jQuery(this).data('id-file');\n        window.open('https:\/\/www.maccaferri.com\/ro\/?wpdmdl=' + idFile);\n        return false;\n    });\n    \/\/tooltip\n    var tooltipTriggerList = [].slice.call(document.querySelectorAll('[data-bs-toggle=\"tooltip\"]'))\n    var tooltipList = tooltipTriggerList.map(function(tooltipTriggerEl) {\n        return new bootstrap.Tooltip(tooltipTriggerEl)\n    })\n<\/script><div style=\"height:100px\" aria-hidden=\"true\" class=\"wp-block-spacer\"><\/div>","protected":false},"excerpt":{"rendered":"","protected":false},"author":11460,"featured_media":0,"parent":0,"menu_order":0,"comment_status":"closed","ping_status":"closed","template":"","meta":{"_acf_changed":false,"_joinchat":[],"footnotes":""},"class_list":["post-81526","page","type-page","status-publish","hentry"],"acf":{"uuid_products":"","product-documents":[84078]},"yoast_head":"<!-- This site is optimized with the Yoast SEO Premium plugin v27.0 (Yoast SEO v27.0) - https:\/\/yoast.com\/product\/yoast-seo-premium-wordpress\/ -->\n<title>GEOSYNTHETICS - Maccaferri Rom\u00e2nia<\/title>\n<meta name=\"description\" content=\"0GEOSYNTHETICSZona de desc\u0103rcare aiciPreviousNext LUMEA GEOSYNTHETICELOR Geosynthetic-ele sunt utilizate pentru nenum\u0103rate aplica\u021bii, inclusiv: pentru\" \/>\n<meta name=\"robots\" content=\"index, follow, max-snippet:-1, max-image-preview:large, max-video-preview:-1\" \/>\n<link rel=\"canonical\" href=\"https:\/\/www.maccaferri.com\/ro\/geosynthetics\/\" \/>\n<meta property=\"og:locale\" content=\"ro_RO\" \/>\n<meta property=\"og:type\" content=\"article\" \/>\n<meta property=\"og:title\" content=\"GEOSYNTHETICS - Maccaferri Rom\u00e2nia\" \/>\n<meta property=\"og:description\" content=\"0GEOSYNTHETICSZona de desc\u0103rcare aiciPreviousNext LUMEA GEOSYNTHETICELOR Geosynthetic-ele sunt utilizate pentru nenum\u0103rate aplica\u021bii, inclusiv: pentru\" \/>\n<meta property=\"og:url\" content=\"https:\/\/www.maccaferri.com\/ro\/geosynthetics\/\" \/>\n<meta property=\"og:site_name\" content=\"Maccaferri Rom\u00e2nia\" \/>\n<meta property=\"article:modified_time\" content=\"2025-10-07T12:35:05+00:00\" \/>\n<meta property=\"og:image\" content=\"https:\/\/www.maccaferri.com\/ro\/wp-content\/uploads\/2023\/08\/Header-pagine-Nuovo-sito-10.png\" \/>\n<meta name=\"twitter:card\" content=\"summary_large_image\" \/>\n<meta name=\"twitter:label1\" content=\"Est. reading time\" \/>\n\t<meta name=\"twitter:data1\" content=\"3 minutes\" \/>\n<script type=\"application\/ld+json\" class=\"yoast-schema-graph\">{\"@context\":\"https:\/\/schema.org\",\"@graph\":[{\"@type\":\"WebPage\",\"@id\":\"https:\/\/www.maccaferri.com\/ro\/geosynthetics\/\",\"url\":\"https:\/\/www.maccaferri.com\/ro\/geosynthetics\/\",\"name\":\"GEOSYNTHETICS - Maccaferri Rom\u00e2nia\",\"isPartOf\":{\"@id\":\"https:\/\/www.maccaferri.com\/ro\/#website\"},\"primaryImageOfPage\":{\"@id\":\"https:\/\/www.maccaferri.com\/ro\/geosynthetics\/#primaryimage\"},\"image\":{\"@id\":\"https:\/\/www.maccaferri.com\/ro\/geosynthetics\/#primaryimage\"},\"thumbnailUrl\":\"https:\/\/www.maccaferri.com\/ro\/wp-content\/uploads\/2023\/08\/Header-pagine-Nuovo-sito-10.png\",\"datePublished\":\"2023-08-30T15:10:50+00:00\",\"dateModified\":\"2025-10-07T12:35:05+00:00\",\"description\":\"0GEOSYNTHETICSZona de desc\u0103rcare aiciPreviousNext LUMEA GEOSYNTHETICELOR Geosynthetic-ele sunt utilizate pentru nenum\u0103rate aplica\u021bii, inclusiv: pentru\",\"inLanguage\":\"ro-RO\",\"potentialAction\":[{\"@type\":\"ReadAction\",\"target\":[\"https:\/\/www.maccaferri.com\/ro\/geosynthetics\/\"]}]},{\"@type\":\"ImageObject\",\"inLanguage\":\"ro-RO\",\"@id\":\"https:\/\/www.maccaferri.com\/ro\/geosynthetics\/#primaryimage\",\"url\":\"https:\/\/www.maccaferri.com\/ro\/wp-content\/uploads\/2023\/08\/Header-pagine-Nuovo-sito-10.png\",\"contentUrl\":\"https:\/\/www.maccaferri.com\/ro\/wp-content\/uploads\/2023\/08\/Header-pagine-Nuovo-sito-10.png\",\"width\":1915,\"height\":530},{\"@type\":\"WebSite\",\"@id\":\"https:\/\/www.maccaferri.com\/ro\/#website\",\"url\":\"https:\/\/www.maccaferri.com\/ro\/\",\"name\":\"Maccaferri Rom\u00e2nia\",\"description\":\"\",\"publisher\":{\"@id\":\"https:\/\/www.maccaferri.com\/ro\/#organization\"},\"potentialAction\":[{\"@type\":\"SearchAction\",\"target\":{\"@type\":\"EntryPoint\",\"urlTemplate\":\"https:\/\/www.maccaferri.com\/ro\/?s={search_term_string}\"},\"query-input\":{\"@type\":\"PropertyValueSpecification\",\"valueRequired\":true,\"valueName\":\"search_term_string\"}}],\"inLanguage\":\"ro-RO\"},{\"@type\":\"Organization\",\"@id\":\"https:\/\/www.maccaferri.com\/ro\/#organization\",\"name\":\"Maccaferri Rom\u00e2nia\",\"url\":\"https:\/\/www.maccaferri.com\/ro\/\",\"logo\":{\"@type\":\"ImageObject\",\"inLanguage\":\"ro-RO\",\"@id\":\"https:\/\/www.maccaferri.com\/ro\/#\/schema\/logo\/image\/\",\"url\":\"https:\/\/www.maccaferri.com\/ro\/wp-content\/uploads\/2022\/07\/logo-maccaferri.png\",\"contentUrl\":\"https:\/\/www.maccaferri.com\/ro\/wp-content\/uploads\/2022\/07\/logo-maccaferri.png\",\"width\":152,\"height\":32,\"caption\":\"Maccaferri Rom\u00e2nia\"},\"image\":{\"@id\":\"https:\/\/www.maccaferri.com\/ro\/#\/schema\/logo\/image\/\"}}]}<\/script>\n<!-- \/ Yoast SEO Premium plugin. -->","yoast_head_json":{"title":"GEOSYNTHETICS - Maccaferri Rom\u00e2nia","description":"0GEOSYNTHETICSZona de desc\u0103rcare aiciPreviousNext LUMEA GEOSYNTHETICELOR Geosynthetic-ele sunt utilizate pentru nenum\u0103rate aplica\u021bii, inclusiv: pentru","robots":{"index":"index","follow":"follow","max-snippet":"max-snippet:-1","max-image-preview":"max-image-preview:large","max-video-preview":"max-video-preview:-1"},"canonical":"https:\/\/www.maccaferri.com\/ro\/geosynthetics\/","og_locale":"ro_RO","og_type":"article","og_title":"GEOSYNTHETICS - Maccaferri Rom\u00e2nia","og_description":"0GEOSYNTHETICSZona de desc\u0103rcare aiciPreviousNext LUMEA GEOSYNTHETICELOR Geosynthetic-ele sunt utilizate pentru nenum\u0103rate aplica\u021bii, inclusiv: pentru","og_url":"https:\/\/www.maccaferri.com\/ro\/geosynthetics\/","og_site_name":"Maccaferri Rom\u00e2nia","article_modified_time":"2025-10-07T12:35:05+00:00","og_image":[{"url":"https:\/\/www.maccaferri.com\/ro\/wp-content\/uploads\/2023\/08\/Header-pagine-Nuovo-sito-10.png","type":"","width":"","height":""}],"twitter_card":"summary_large_image","twitter_misc":{"Est. reading time":"3 minutes"},"schema":{"@context":"https:\/\/schema.org","@graph":[{"@type":"WebPage","@id":"https:\/\/www.maccaferri.com\/ro\/geosynthetics\/","url":"https:\/\/www.maccaferri.com\/ro\/geosynthetics\/","name":"GEOSYNTHETICS - Maccaferri Rom\u00e2nia","isPartOf":{"@id":"https:\/\/www.maccaferri.com\/ro\/#website"},"primaryImageOfPage":{"@id":"https:\/\/www.maccaferri.com\/ro\/geosynthetics\/#primaryimage"},"image":{"@id":"https:\/\/www.maccaferri.com\/ro\/geosynthetics\/#primaryimage"},"thumbnailUrl":"https:\/\/www.maccaferri.com\/ro\/wp-content\/uploads\/2023\/08\/Header-pagine-Nuovo-sito-10.png","datePublished":"2023-08-30T15:10:50+00:00","dateModified":"2025-10-07T12:35:05+00:00","description":"0GEOSYNTHETICSZona de desc\u0103rcare aiciPreviousNext LUMEA GEOSYNTHETICELOR Geosynthetic-ele sunt utilizate pentru nenum\u0103rate aplica\u021bii, inclusiv: pentru","inLanguage":"ro-RO","potentialAction":[{"@type":"ReadAction","target":["https:\/\/www.maccaferri.com\/ro\/geosynthetics\/"]}]},{"@type":"ImageObject","inLanguage":"ro-RO","@id":"https:\/\/www.maccaferri.com\/ro\/geosynthetics\/#primaryimage","url":"https:\/\/www.maccaferri.com\/ro\/wp-content\/uploads\/2023\/08\/Header-pagine-Nuovo-sito-10.png","contentUrl":"https:\/\/www.maccaferri.com\/ro\/wp-content\/uploads\/2023\/08\/Header-pagine-Nuovo-sito-10.png","width":1915,"height":530},{"@type":"WebSite","@id":"https:\/\/www.maccaferri.com\/ro\/#website","url":"https:\/\/www.maccaferri.com\/ro\/","name":"Maccaferri Rom\u00e2nia","description":"","publisher":{"@id":"https:\/\/www.maccaferri.com\/ro\/#organization"},"potentialAction":[{"@type":"SearchAction","target":{"@type":"EntryPoint","urlTemplate":"https:\/\/www.maccaferri.com\/ro\/?s={search_term_string}"},"query-input":{"@type":"PropertyValueSpecification","valueRequired":true,"valueName":"search_term_string"}}],"inLanguage":"ro-RO"},{"@type":"Organization","@id":"https:\/\/www.maccaferri.com\/ro\/#organization","name":"Maccaferri Rom\u00e2nia","url":"https:\/\/www.maccaferri.com\/ro\/","logo":{"@type":"ImageObject","inLanguage":"ro-RO","@id":"https:\/\/www.maccaferri.com\/ro\/#\/schema\/logo\/image\/","url":"https:\/\/www.maccaferri.com\/ro\/wp-content\/uploads\/2022\/07\/logo-maccaferri.png","contentUrl":"https:\/\/www.maccaferri.com\/ro\/wp-content\/uploads\/2022\/07\/logo-maccaferri.png","width":152,"height":32,"caption":"Maccaferri Rom\u00e2nia"},"image":{"@id":"https:\/\/www.maccaferri.com\/ro\/#\/schema\/logo\/image\/"}}]}},"_links":{"self":[{"href":"https:\/\/www.maccaferri.com\/ro\/wp-json\/wp\/v2\/pages\/81526","targetHints":{"allow":["GET"]}}],"collection":[{"href":"https:\/\/www.maccaferri.com\/ro\/wp-json\/wp\/v2\/pages"}],"about":[{"href":"https:\/\/www.maccaferri.com\/ro\/wp-json\/wp\/v2\/types\/page"}],"author":[{"embeddable":true,"href":"https:\/\/www.maccaferri.com\/ro\/wp-json\/wp\/v2\/users\/11460"}],"replies":[{"embeddable":true,"href":"https:\/\/www.maccaferri.com\/ro\/wp-json\/wp\/v2\/comments?post=81526"}],"version-history":[{"count":6,"href":"https:\/\/www.maccaferri.com\/ro\/wp-json\/wp\/v2\/pages\/81526\/revisions"}],"predecessor-version":[{"id":84080,"href":"https:\/\/www.maccaferri.com\/ro\/wp-json\/wp\/v2\/pages\/81526\/revisions\/84080"}],"acf:post":[{"embeddable":true,"href":"https:\/\/www.maccaferri.com\/ro\/wp-json\/wp\/v2\/wpdmpro\/84078"}],"wp:attachment":[{"href":"https:\/\/www.maccaferri.com\/ro\/wp-json\/wp\/v2\/media?parent=81526"}],"curies":[{"name":"wp","href":"https:\/\/api.w.org\/{rel}","templated":true}]}}