{"id":81511,"date":"2023-11-28T16:43:23","date_gmt":"2023-11-28T15:43:23","guid":{"rendered":"https:\/\/www.maccaferri.com\/ro\/?page_id=81511"},"modified":"2025-10-07T16:18:34","modified_gmt":"2025-10-07T14:18:34","slug":"snow-avalanche-mitigation","status":"publish","type":"page","link":"https:\/\/www.maccaferri.com\/ro\/snow-avalanche-mitigation\/","title":{"rendered":"SNOW AVALANCHE MITIGATION"},"content":{"rendered":"<div class=\"wp-block-mac-slider-hero-block hero-slider\"><div id=\"hero13\" class=\"carousel slide\" data-bs-ride=\"true\"><ol class=\"carousel-indicators box-container\"><li data-bs-target=\"#hero13\" data-bs-slide-to=\"0\" class=\"active\"><\/li><\/ol><div class=\"carousel-inner\"><div class=\"carousel-item active\"><div class=\"hero\"><div class=\"gts__picture\"><img decoding=\"async\" src=\"https:\/\/www.maccaferri.com\/ro\/wp-content\/uploads\/2023\/11\/ama-dablam-2064522_1920.jpg\" style=\"display:none\"\/><div class=\"gts__picture__image\" style=\"background-image:url(https:\/\/www.maccaferri.com\/ro\/wp-content\/uploads\/2023\/11\/ama-dablam-2064522_1920.jpg)\"><\/div><\/div><div class=\"container box-container\"><div class=\"row\"><div class=\"col-12 col-lg-6 col-xl-6 col-xxl-6\"><p><span class=\"hero-index\" style=\"display:none\">0<\/span><\/p><h2 class=\"hero-text-container\"><span class=\"hero-text\">SNOW AVALANCHE PREVENTION<\/span><\/h2><a class=\"hero-buttonurl\" href=\"#download\"><span class=\"hero-buttontext\">Descarc\u0103 materialele aici<\/span><\/a><\/div><\/div><\/div><\/div><\/div><\/div><button class=\"carousel-control-prev\" href=\"#hero13\" type=\"button\" data-bs-slide=\"prev\"><span class=\"carousel-control-prev-icon\" aria-hidden=\"true\"><\/span><span class=\"visually-hidden\">Previous<\/span><\/button><button class=\"carousel-control-next\" href=\"#hero13\" type=\"button\" data-bs-slide=\"next\"><span class=\"carousel-control-next-icon\" aria-hidden=\"true\"><\/span><span class=\"visually-hidden\">Next<\/span><\/button><\/div><\/div><div style=\"height:30px\" aria-hidden=\"true\" class=\"wp-block-spacer\"><\/div><div style=\"height:50px\" aria-hidden=\"true\" class=\"wp-block-spacer\"><\/div><div class=\"wp-block-mac-h2-title-block block-txt-container box-container\"><div class=\"row\"><div class=\"col title-box-txt\"><h2 style=\"color:#212429;text-align:none\">PROTEC\u021aIA V\u00c2RFURILOR, INOVA\u021aIE DOVEDIT\u0102<\/h2><\/div><\/div><\/div><div style=\"height:20px\" aria-hidden=\"true\" class=\"wp-block-spacer\"><\/div><div class=\"wp-block-mac-container-block box-container\"><div class=\"wp-block-columns is-layout-flex wp-container-core-columns-is-layout-9d6595d7 wp-block-columns-is-layout-flex\"><div class=\"wp-block-column is-layout-flow wp-block-column-is-layout-flow\"><figure class=\"wp-block-image size-large\"><img fetchpriority=\"high\" decoding=\"async\" width=\"1024\" height=\"537\" src=\"https:\/\/www.maccaferri.com\/ro\/wp-content\/uploads\/2023\/11\/illustrazione_snow_valanga_consfondo-1024x537.jpg\" alt=\"\" class=\"wp-image-56269\" srcset=\"https:\/\/www.maccaferri.com\/ro\/wp-content\/uploads\/2023\/11\/illustrazione_snow_valanga_consfondo-1024x537.jpg 1024w, https:\/\/www.maccaferri.com\/ro\/wp-content\/uploads\/2023\/11\/illustrazione_snow_valanga_consfondo-300x157.jpg 300w, https:\/\/www.maccaferri.com\/ro\/wp-content\/uploads\/2023\/11\/illustrazione_snow_valanga_consfondo-768x403.jpg 768w, https:\/\/www.maccaferri.com\/ro\/wp-content\/uploads\/2023\/11\/illustrazione_snow_valanga_consfondo-120x63.jpg 120w, https:\/\/www.maccaferri.com\/ro\/wp-content\/uploads\/2023\/11\/illustrazione_snow_valanga_consfondo.jpg 1500w\" sizes=\"(max-width: 1024px) 100vw, 1024px\" \/><\/figure>\n\n<div style=\"height:30px\" aria-hidden=\"true\" class=\"wp-block-spacer\"><\/div>\n\n<p class=\"has-text-align-center\">For\u021ba uimitoare a avalan\u0219elor, capabil\u0103 s\u0103 transporte tone de z\u0103pad\u0103 \u0219i resturi cu viteze surprinz\u0103toare, subliniaz\u0103 necesitatea critic\u0103 de a reduce riscurile acestora.<\/p><\/div>\n\n<div class=\"wp-block-column is-layout-flow wp-block-column-is-layout-flow\"><figure class=\"wp-block-image size-large\"><img decoding=\"async\" width=\"1024\" height=\"537\" src=\"https:\/\/www.maccaferri.com\/ro\/wp-content\/uploads\/2023\/11\/illustrazione_snow_con-sfondo_v.3-1024x537.jpg\" alt=\"\" class=\"wp-image-56271\" srcset=\"https:\/\/www.maccaferri.com\/ro\/wp-content\/uploads\/2023\/11\/illustrazione_snow_con-sfondo_v.3-1024x537.jpg 1024w, https:\/\/www.maccaferri.com\/ro\/wp-content\/uploads\/2023\/11\/illustrazione_snow_con-sfondo_v.3-300x157.jpg 300w, https:\/\/www.maccaferri.com\/ro\/wp-content\/uploads\/2023\/11\/illustrazione_snow_con-sfondo_v.3-768x403.jpg 768w, https:\/\/www.maccaferri.com\/ro\/wp-content\/uploads\/2023\/11\/illustrazione_snow_con-sfondo_v.3-120x63.jpg 120w, https:\/\/www.maccaferri.com\/ro\/wp-content\/uploads\/2023\/11\/illustrazione_snow_con-sfondo_v.3.jpg 1500w\" sizes=\"(max-width: 1024px) 100vw, 1024px\" \/><\/figure>\n\n<div style=\"height:30px\" aria-hidden=\"true\" class=\"wp-block-spacer\"><\/div>\n\n<p class=\"has-text-align-center\">Cu zeci de ani de experien\u021b\u0103, Maccaferri este un lider de \u00eencredere \u00een domeniul reducerii riscurilor de avalan\u0219e, oferind solu\u021bii dovedite pentru cele mai dificile condi\u021bii de iarn\u0103 \u0219i medii provocatoare.<\/p><\/div><\/div><\/div><div style=\"height:50px\" aria-hidden=\"true\" class=\"wp-block-spacer\"><\/div><div class=\"wp-block-mac-h2-title-block block-txt-container box-container\"><div class=\"row\"><div class=\"col title-box-txt\"><h2 style=\"color:#212429;text-align:none\">PORTOFOLIUL NOSTRU<\/h2><\/div><\/div><\/div><div style=\"height:20px\" aria-hidden=\"true\" class=\"wp-block-spacer\"><\/div><div class=\"wp-block-mac-container-block box-container\"><div class=\"wp-block-columns is-layout-flex wp-container-core-columns-is-layout-9d6595d7 wp-block-columns-is-layout-flex\"><div class=\"wp-block-column is-layout-flow wp-block-column-is-layout-flow\"><div class=\"container-fluid carousel-image-gallery\">\n        <div class=\"row\">\n            <div id=\"carouselImageblock_e1c8087014a911183c19ef177a598b2f\" class=\"carousel slide carouselImageGallery\" data-bs-ride=\"carousel\">\n                <!-- \/\/ Indicators -->\n                <ol class=\"carousel-indicators\">\n                                            <li data-bs-target=\"#carouselImageblock_e1c8087014a911183c19ef177a598b2f\" data-bs-slide-to=\"0\" class=\"active\" aria-current=\"true\" aria-label=\"Slide\"><\/li>\n                                            <li data-bs-target=\"#carouselImageblock_e1c8087014a911183c19ef177a598b2f\" data-bs-slide-to=\"1\" class=\"\" aria-current=\"true\" aria-label=\"Slide\"><\/li>\n                                            <li data-bs-target=\"#carouselImageblock_e1c8087014a911183c19ef177a598b2f\" data-bs-slide-to=\"2\" class=\"\" aria-current=\"true\" aria-label=\"Slide\"><\/li>\n                                            <li data-bs-target=\"#carouselImageblock_e1c8087014a911183c19ef177a598b2f\" data-bs-slide-to=\"3\" class=\"\" aria-current=\"true\" aria-label=\"Slide\"><\/li>\n                                    <\/ol>\n\n                <div class=\"carousel-inner container\" role=\"listbox\">\n                                            <div class=\"carousel-item active\">\n                        <div class=\"col-12 col-lg-4 col-xl-4 col-xxl-4 space-mobile\">\n                            <div class=\"grid-item-wrapper\">\n                                <div class=\"img-responsive-wrapper\">\n                                    <div class=\"img-responsive\">\n                                        <div class=\"img-wrapper\"><img decoding=\"async\" src=\"https:\/\/www.maccaferri.com\/ro\/wp-content\/uploads\/2025\/01\/AVAMAC-9.jpg\" alt=\"\" \/><\/div>\n                                    <\/div>\n                                <\/div>\n                                <div class=\"griditem-text-wrapper text-center\">\n                                    <p class=\"griditem-text text-center\">Structurile AVAMAC stabilizeaz\u0103 straturile de z\u0103pad\u0103 \u00een zonele de desprindere, oferind avantaje clare fa\u021b\u0103 de plasele tradi\u021bionale de z\u0103pad\u0103, datorit\u0103 componentelor specializate.\r\n<\/p>\n                   \n                                <\/div>\n                            <\/div>\n                        <\/div>\n                        <\/div>\n                                            <div class=\"carousel-item \">\n                        <div class=\"col-12 col-lg-4 col-xl-4 col-xxl-4 space-mobile\">\n                            <div class=\"grid-item-wrapper\">\n                                <div class=\"img-responsive-wrapper\">\n                                    <div class=\"img-responsive\">\n                                        <div class=\"img-wrapper\"><img decoding=\"async\" src=\"https:\/\/www.maccaferri.com\/ro\/wp-content\/uploads\/2025\/01\/READYMAC-SNOW-9.jpg\" alt=\"\" \/><\/div>\n                                    <\/div>\n                                <\/div>\n                                <div class=\"griditem-text-wrapper text-center\">\n                                    <p class=\"griditem-text text-center\">Sistemele cu umbrel\u0103 READYMAC SNOW, ancorate cu flexibilitate, stabilizeaz\u0103 stratul de z\u0103pad\u0103 \u00een zonele predispuse la avalan\u0219e, asigur\u00e2nd conformitatea cu reglement\u0103rile \u0219i standardele \u0219tiin\u021bifice.\r\n<\/p>\n                   \n                                <\/div>\n                            <\/div>\n                        <\/div>\n                        <\/div>\n                                            <div class=\"carousel-item \">\n                        <div class=\"col-12 col-lg-4 col-xl-4 col-xxl-4 space-mobile\">\n                            <div class=\"grid-item-wrapper\">\n                                <div class=\"img-responsive-wrapper\">\n                                    <div class=\"img-responsive\">\n                                        <div class=\"img-wrapper\"><img decoding=\"async\" src=\"https:\/\/www.maccaferri.com\/ro\/wp-content\/uploads\/2025\/01\/TERRAMESH-9.jpg\" alt=\"\" \/><\/div>\n                                    <\/div>\n                                <\/div>\n                                <div class=\"griditem-text-wrapper text-center\">\n                                    <p class=\"griditem-text text-center\">Dighele de protec\u021bie \u00eempotriva avalan\u0219elor TERRAMESH de la Maccaferri sunt realizate cu meticulozitate pentru a rezista for\u021belor avalan\u0219elor, asigur\u00e2nd siguran\u021ba ora\u0219elor montane \u0219i a drumurilor.\r\n<\/p>\n                   \n                                <\/div>\n                            <\/div>\n                        <\/div>\n                        <\/div>\n                                            <div class=\"carousel-item \">\n                        <div class=\"col-12 col-lg-4 col-xl-4 col-xxl-4 space-mobile\">\n                            <div class=\"grid-item-wrapper\">\n                                <div class=\"img-responsive-wrapper\">\n                                    <div class=\"img-responsive\">\n                                        <div class=\"img-wrapper\"><img decoding=\"async\" src=\"https:\/\/www.maccaferri.com\/ro\/wp-content\/uploads\/2025\/01\/HELLOMAC-SNOW-9.jpg\" alt=\"\" \/><\/div>\n                                    <\/div>\n                                <\/div>\n                                <div class=\"griditem-text-wrapper text-center\">\n                                    <p class=\"griditem-text text-center\">HELLOMAC SNOW de la Maccaferri \u00eembun\u0103t\u0103\u021be\u0219te siguran\u021ba prin solu\u021bii inteligente \u0219i tehnologie geotehnic\u0103 avansat\u0103, permi\u021b\u00e2nd monitorizarea eficient\u0103 a pantei acoperite cu z\u0103pad\u0103 \u0219i reducerea riscului de avalan\u0219e.\r\n<\/p>\n                   \n                                <\/div>\n                            <\/div>\n                        <\/div>\n                        <\/div>\n                                    <\/div>\n            <\/div>\n\n        <\/div>\n    <\/div><\/div><\/div><\/div><div style=\"height:100px\" aria-hidden=\"true\" class=\"wp-block-spacer\"><\/div><div class=\"wp-block-mac-h2-title-block block-txt-container box-container\"><div class=\"row\"><div class=\"col title-box-txt\"><h2 style=\"color:#212429;text-align:none\">WEBINAR DEDICAT<\/h2><\/div><\/div><\/div><div style=\"height:20px\" aria-hidden=\"true\" class=\"wp-block-spacer\"><\/div><div class=\"wp-block-mac-container-block box-container\"><div class=\"wp-block-columns is-layout-flex wp-container-core-columns-is-layout-9d6595d7 wp-block-columns-is-layout-flex\"><div class=\"wp-block-column is-layout-flow wp-block-column-is-layout-flow\"><div class=\"wp-block-mac-container-block box-container\"><div class=\"wp-block-columns is-layout-flex wp-container-core-columns-is-layout-9d6595d7 wp-block-columns-is-layout-flex\"><div class=\"wp-block-column is-layout-flow wp-block-column-is-layout-flow\"><figure class=\"wp-block-image size-full is-style-default\"><img decoding=\"async\" width=\"1000\" height=\"562\" src=\"https:\/\/www.maccaferri.com\/ro\/wp-content\/uploads\/2023\/12\/immagine-1-1.png\" alt=\"\" class=\"wp-image-56721\" srcset=\"https:\/\/www.maccaferri.com\/ro\/wp-content\/uploads\/2023\/12\/immagine-1-1.png 1000w, https:\/\/www.maccaferri.com\/ro\/wp-content\/uploads\/2023\/12\/immagine-1-1-300x169.png 300w, https:\/\/www.maccaferri.com\/ro\/wp-content\/uploads\/2023\/12\/immagine-1-1-768x432.png 768w, https:\/\/www.maccaferri.com\/ro\/wp-content\/uploads\/2023\/12\/immagine-1-1-120x67.png 120w\" sizes=\"(max-width: 1000px) 100vw, 1000px\" \/><\/figure><\/div>\n\n<div class=\"wp-block-column is-layout-flow wp-block-column-is-layout-flow\"><div style=\"height:60px\" aria-hidden=\"true\" class=\"wp-block-spacer\"><\/div>\n\n<p class=\"has-text-align-center\" style=\"font-size:25px\"><strong>Atenuarea avalan\u0219elor de z\u0103pad\u0103: Inova\u021bie pentru siguran\u021b\u0103<\/strong><\/p>\n\n<p class=\"has-text-align-center\">Viziona\u021bi webinarul \u00eenregistrat despre mitigarea avalan\u0219elor pentru a explora strategii inovative care redefiniesc siguran\u021ba \u00een regiunile montane \u0219i abordeaz\u0103 for\u021ba formidabil\u0103 a avalan\u0219elor.<\/p>\n\n<div class=\"wp-block-buttons is-content-justification-center is-layout-flex wp-container-core-buttons-is-layout-16018d1d wp-block-buttons-is-layout-flex\"><div class=\"wp-block-button\"><a class=\"wp-block-button__link wp-element-button\" href=\"https:\/\/www.maccaferri.com\/ro\/webinar\/snow-avalanche-mitigation-innovation-for-safety\/\">LINK AICI<\/a><\/div><\/div><\/div><\/div><\/div><\/div><\/div><\/div><div style=\"height:100px\" aria-hidden=\"true\" class=\"wp-block-spacer\"><\/div><div class=\"wp-block-mac-h2-title-block block-txt-container box-container\"><div class=\"row\"><div class=\"col title-box-txt\"><h2 style=\"color:#212429;text-align:none\">ZON\u0102 DE DESC\u0102RCARE<\/h2><\/div><\/div><\/div><div class=\"wp-block-mac-container-block box-container\"><div class=\"wp-block-columns is-layout-flex wp-container-core-columns-is-layout-9d6595d7 wp-block-columns-is-layout-flex\"><div class=\"wp-block-column is-layout-flow wp-block-column-is-layout-flow\"><p id=\"download\">Completa\u021bi formularul de mai jos pentru a accesa materialele noastre exclusive despre solu\u021biile pentru z\u0103pad\u0103.<\/p>\n\n<iframe src=\"https:\/\/www2.maccaferri.com\/l\/965143\/2025-05-28\/5tw8f8\" width=\"100%\" height=\"500\" type=\"text\/html\" frameborder=\"0\" allowTransparency=\"true\" style=\"border: 0\"><\/iframe><\/div><\/div><\/div><p><\/p>","protected":false},"excerpt":{"rendered":"","protected":false},"author":11460,"featured_media":0,"parent":0,"menu_order":0,"comment_status":"closed","ping_status":"closed","template":"","meta":{"_acf_changed":false,"_joinchat":[],"footnotes":""},"class_list":["post-81511","page","type-page","status-publish","hentry"],"acf":{"uuid_products":"","product-documents":""},"yoast_head":"<!-- This site is optimized with the Yoast SEO Premium plugin v27.0 (Yoast SEO v27.0) - https:\/\/yoast.com\/product\/yoast-seo-premium-wordpress\/ -->\n<title>SNOW AVALANCHE MITIGATION - Maccaferri Rom\u00e2nia<\/title>\n<meta name=\"description\" content=\"0SNOW AVALANCHE PREVENTIONDescarc\u0103 materialele aiciPreviousNext PROTEC\u021aIA V\u00c2RFURILOR, INOVA\u021aIE DOVEDIT\u0102 For\u021ba uimitoare a avalan\u0219elor, capabil\u0103 s\u0103\" \/>\n<meta name=\"robots\" content=\"index, follow, max-snippet:-1, max-image-preview:large, max-video-preview:-1\" \/>\n<link rel=\"canonical\" href=\"https:\/\/www.maccaferri.com\/ro\/snow-avalanche-mitigation\/\" \/>\n<meta property=\"og:locale\" content=\"ro_RO\" \/>\n<meta property=\"og:type\" content=\"article\" \/>\n<meta property=\"og:title\" content=\"SNOW AVALANCHE MITIGATION - Maccaferri Rom\u00e2nia\" \/>\n<meta property=\"og:description\" content=\"0SNOW AVALANCHE PREVENTIONDescarc\u0103 materialele aiciPreviousNext PROTEC\u021aIA V\u00c2RFURILOR, INOVA\u021aIE DOVEDIT\u0102 For\u021ba uimitoare a avalan\u0219elor, capabil\u0103 s\u0103\" \/>\n<meta property=\"og:url\" content=\"https:\/\/www.maccaferri.com\/ro\/snow-avalanche-mitigation\/\" \/>\n<meta property=\"og:site_name\" content=\"Maccaferri Rom\u00e2nia\" \/>\n<meta property=\"article:modified_time\" content=\"2025-10-07T14:18:34+00:00\" \/>\n<meta property=\"og:image\" content=\"https:\/\/www.maccaferri.com\/ro\/wp-content\/uploads\/2023\/11\/ama-dablam-2064522_1920.jpg\" \/>\n<meta name=\"twitter:card\" content=\"summary_large_image\" \/>\n<meta name=\"twitter:label1\" content=\"Est. reading time\" \/>\n\t<meta name=\"twitter:data1\" content=\"2 minutes\" \/>\n<script type=\"application\/ld+json\" class=\"yoast-schema-graph\">{\"@context\":\"https:\/\/schema.org\",\"@graph\":[{\"@type\":\"WebPage\",\"@id\":\"https:\/\/www.maccaferri.com\/ro\/snow-avalanche-mitigation\/\",\"url\":\"https:\/\/www.maccaferri.com\/ro\/snow-avalanche-mitigation\/\",\"name\":\"SNOW AVALANCHE MITIGATION - Maccaferri Rom\u00e2nia\",\"isPartOf\":{\"@id\":\"https:\/\/www.maccaferri.com\/ro\/#website\"},\"primaryImageOfPage\":{\"@id\":\"https:\/\/www.maccaferri.com\/ro\/snow-avalanche-mitigation\/#primaryimage\"},\"image\":{\"@id\":\"https:\/\/www.maccaferri.com\/ro\/snow-avalanche-mitigation\/#primaryimage\"},\"thumbnailUrl\":\"https:\/\/www.maccaferri.com\/ro\/wp-content\/uploads\/2023\/11\/ama-dablam-2064522_1920.jpg\",\"datePublished\":\"2023-11-28T15:43:23+00:00\",\"dateModified\":\"2025-10-07T14:18:34+00:00\",\"description\":\"0SNOW AVALANCHE PREVENTIONDescarc\u0103 materialele aiciPreviousNext PROTEC\u021aIA V\u00c2RFURILOR, INOVA\u021aIE DOVEDIT\u0102 For\u021ba uimitoare a avalan\u0219elor, capabil\u0103 s\u0103\",\"inLanguage\":\"ro-RO\",\"potentialAction\":[{\"@type\":\"ReadAction\",\"target\":[\"https:\/\/www.maccaferri.com\/ro\/snow-avalanche-mitigation\/\"]}]},{\"@type\":\"ImageObject\",\"inLanguage\":\"ro-RO\",\"@id\":\"https:\/\/www.maccaferri.com\/ro\/snow-avalanche-mitigation\/#primaryimage\",\"url\":\"https:\/\/www.maccaferri.com\/ro\/wp-content\/uploads\/2023\/11\/ama-dablam-2064522_1920.jpg\",\"contentUrl\":\"https:\/\/www.maccaferri.com\/ro\/wp-content\/uploads\/2023\/11\/ama-dablam-2064522_1920.jpg\",\"width\":1920,\"height\":1280},{\"@type\":\"WebSite\",\"@id\":\"https:\/\/www.maccaferri.com\/ro\/#website\",\"url\":\"https:\/\/www.maccaferri.com\/ro\/\",\"name\":\"Maccaferri Rom\u00e2nia\",\"description\":\"\",\"publisher\":{\"@id\":\"https:\/\/www.maccaferri.com\/ro\/#organization\"},\"potentialAction\":[{\"@type\":\"SearchAction\",\"target\":{\"@type\":\"EntryPoint\",\"urlTemplate\":\"https:\/\/www.maccaferri.com\/ro\/?s={search_term_string}\"},\"query-input\":{\"@type\":\"PropertyValueSpecification\",\"valueRequired\":true,\"valueName\":\"search_term_string\"}}],\"inLanguage\":\"ro-RO\"},{\"@type\":\"Organization\",\"@id\":\"https:\/\/www.maccaferri.com\/ro\/#organization\",\"name\":\"Maccaferri Rom\u00e2nia\",\"url\":\"https:\/\/www.maccaferri.com\/ro\/\",\"logo\":{\"@type\":\"ImageObject\",\"inLanguage\":\"ro-RO\",\"@id\":\"https:\/\/www.maccaferri.com\/ro\/#\/schema\/logo\/image\/\",\"url\":\"https:\/\/www.maccaferri.com\/ro\/wp-content\/uploads\/2022\/07\/logo-maccaferri.png\",\"contentUrl\":\"https:\/\/www.maccaferri.com\/ro\/wp-content\/uploads\/2022\/07\/logo-maccaferri.png\",\"width\":152,\"height\":32,\"caption\":\"Maccaferri Rom\u00e2nia\"},\"image\":{\"@id\":\"https:\/\/www.maccaferri.com\/ro\/#\/schema\/logo\/image\/\"}}]}<\/script>\n<!-- \/ Yoast SEO Premium plugin. -->","yoast_head_json":{"title":"SNOW AVALANCHE MITIGATION - Maccaferri Rom\u00e2nia","description":"0SNOW AVALANCHE PREVENTIONDescarc\u0103 materialele aiciPreviousNext PROTEC\u021aIA V\u00c2RFURILOR, INOVA\u021aIE DOVEDIT\u0102 For\u021ba uimitoare a avalan\u0219elor, capabil\u0103 s\u0103","robots":{"index":"index","follow":"follow","max-snippet":"max-snippet:-1","max-image-preview":"max-image-preview:large","max-video-preview":"max-video-preview:-1"},"canonical":"https:\/\/www.maccaferri.com\/ro\/snow-avalanche-mitigation\/","og_locale":"ro_RO","og_type":"article","og_title":"SNOW AVALANCHE MITIGATION - Maccaferri Rom\u00e2nia","og_description":"0SNOW AVALANCHE PREVENTIONDescarc\u0103 materialele aiciPreviousNext PROTEC\u021aIA V\u00c2RFURILOR, INOVA\u021aIE DOVEDIT\u0102 For\u021ba uimitoare a avalan\u0219elor, capabil\u0103 s\u0103","og_url":"https:\/\/www.maccaferri.com\/ro\/snow-avalanche-mitigation\/","og_site_name":"Maccaferri Rom\u00e2nia","article_modified_time":"2025-10-07T14:18:34+00:00","og_image":[{"url":"https:\/\/www.maccaferri.com\/ro\/wp-content\/uploads\/2023\/11\/ama-dablam-2064522_1920.jpg","type":"","width":"","height":""}],"twitter_card":"summary_large_image","twitter_misc":{"Est. reading time":"2 minutes"},"schema":{"@context":"https:\/\/schema.org","@graph":[{"@type":"WebPage","@id":"https:\/\/www.maccaferri.com\/ro\/snow-avalanche-mitigation\/","url":"https:\/\/www.maccaferri.com\/ro\/snow-avalanche-mitigation\/","name":"SNOW AVALANCHE MITIGATION - Maccaferri Rom\u00e2nia","isPartOf":{"@id":"https:\/\/www.maccaferri.com\/ro\/#website"},"primaryImageOfPage":{"@id":"https:\/\/www.maccaferri.com\/ro\/snow-avalanche-mitigation\/#primaryimage"},"image":{"@id":"https:\/\/www.maccaferri.com\/ro\/snow-avalanche-mitigation\/#primaryimage"},"thumbnailUrl":"https:\/\/www.maccaferri.com\/ro\/wp-content\/uploads\/2023\/11\/ama-dablam-2064522_1920.jpg","datePublished":"2023-11-28T15:43:23+00:00","dateModified":"2025-10-07T14:18:34+00:00","description":"0SNOW AVALANCHE PREVENTIONDescarc\u0103 materialele aiciPreviousNext PROTEC\u021aIA V\u00c2RFURILOR, INOVA\u021aIE DOVEDIT\u0102 For\u021ba uimitoare a avalan\u0219elor, capabil\u0103 s\u0103","inLanguage":"ro-RO","potentialAction":[{"@type":"ReadAction","target":["https:\/\/www.maccaferri.com\/ro\/snow-avalanche-mitigation\/"]}]},{"@type":"ImageObject","inLanguage":"ro-RO","@id":"https:\/\/www.maccaferri.com\/ro\/snow-avalanche-mitigation\/#primaryimage","url":"https:\/\/www.maccaferri.com\/ro\/wp-content\/uploads\/2023\/11\/ama-dablam-2064522_1920.jpg","contentUrl":"https:\/\/www.maccaferri.com\/ro\/wp-content\/uploads\/2023\/11\/ama-dablam-2064522_1920.jpg","width":1920,"height":1280},{"@type":"WebSite","@id":"https:\/\/www.maccaferri.com\/ro\/#website","url":"https:\/\/www.maccaferri.com\/ro\/","name":"Maccaferri Rom\u00e2nia","description":"","publisher":{"@id":"https:\/\/www.maccaferri.com\/ro\/#organization"},"potentialAction":[{"@type":"SearchAction","target":{"@type":"EntryPoint","urlTemplate":"https:\/\/www.maccaferri.com\/ro\/?s={search_term_string}"},"query-input":{"@type":"PropertyValueSpecification","valueRequired":true,"valueName":"search_term_string"}}],"inLanguage":"ro-RO"},{"@type":"Organization","@id":"https:\/\/www.maccaferri.com\/ro\/#organization","name":"Maccaferri Rom\u00e2nia","url":"https:\/\/www.maccaferri.com\/ro\/","logo":{"@type":"ImageObject","inLanguage":"ro-RO","@id":"https:\/\/www.maccaferri.com\/ro\/#\/schema\/logo\/image\/","url":"https:\/\/www.maccaferri.com\/ro\/wp-content\/uploads\/2022\/07\/logo-maccaferri.png","contentUrl":"https:\/\/www.maccaferri.com\/ro\/wp-content\/uploads\/2022\/07\/logo-maccaferri.png","width":152,"height":32,"caption":"Maccaferri Rom\u00e2nia"},"image":{"@id":"https:\/\/www.maccaferri.com\/ro\/#\/schema\/logo\/image\/"}}]}},"_links":{"self":[{"href":"https:\/\/www.maccaferri.com\/ro\/wp-json\/wp\/v2\/pages\/81511","targetHints":{"allow":["GET"]}}],"collection":[{"href":"https:\/\/www.maccaferri.com\/ro\/wp-json\/wp\/v2\/pages"}],"about":[{"href":"https:\/\/www.maccaferri.com\/ro\/wp-json\/wp\/v2\/types\/page"}],"author":[{"embeddable":true,"href":"https:\/\/www.maccaferri.com\/ro\/wp-json\/wp\/v2\/users\/11460"}],"replies":[{"embeddable":true,"href":"https:\/\/www.maccaferri.com\/ro\/wp-json\/wp\/v2\/comments?post=81511"}],"version-history":[{"count":11,"href":"https:\/\/www.maccaferri.com\/ro\/wp-json\/wp\/v2\/pages\/81511\/revisions"}],"predecessor-version":[{"id":95787,"href":"https:\/\/www.maccaferri.com\/ro\/wp-json\/wp\/v2\/pages\/81511\/revisions\/95787"}],"wp:attachment":[{"href":"https:\/\/www.maccaferri.com\/ro\/wp-json\/wp\/v2\/media?parent=81511"}],"curies":[{"name":"wp","href":"https:\/\/api.w.org\/{rel}","templated":true}]}}