{"id":81308,"date":"2024-02-14T17:07:41","date_gmt":"2024-02-14T16:07:41","guid":{"rendered":"https:\/\/www.maccaferri.com\/ro\/?page_id=81308"},"modified":"2025-06-03T15:12:20","modified_gmt":"2025-06-03T13:12:20","slug":"aparare-si-siguranta","status":"publish","type":"page","link":"https:\/\/www.maccaferri.com\/ro\/aparare-si-siguranta\/","title":{"rendered":"Defence and Security"},"content":{"rendered":"<div class=\"wp-block-mac-slider-hero-block hero-slider\"><div id=\"hero13\" class=\"carousel slide\" data-bs-ride=\"true\"><ol class=\"carousel-indicators box-container\"><li data-bs-target=\"#hero13\" data-bs-slide-to=\"0\" class=\"active\"><\/li><\/ol><div class=\"carousel-inner\"><div class=\"carousel-item active\"><div class=\"hero\"><div class=\"gts__picture\"><img decoding=\"async\" src=\"https:\/\/www.maccaferri.com\/ro\/wp-content\/uploads\/2024\/10\/perimetro-dettaglio-light.jpg\" style=\"display:none\"\/><div class=\"gts__picture__image\" style=\"background-image:url(https:\/\/www.maccaferri.com\/ro\/wp-content\/uploads\/2024\/10\/perimetro-dettaglio-light.jpg)\"><\/div><\/div><div class=\"container box-container\"><div class=\"row\"><div class=\"col-12 col-lg-6 col-xl-6 col-xxl-6\"><p><span class=\"hero-index\" style=\"display:none\">0<\/span><\/p><h2 class=\"hero-text-container\"><span class=\"hero-text\">AP\u0102RARE \u0218I <br>SIGURAN\u021a\u0102<\/span><\/h2><a class=\"hero-buttonurl\" href=\"#download\"><span class=\"hero-buttontext\">Zona de desc\u0103rcare aici<\/span><\/a><\/div><\/div><\/div><\/div><\/div><\/div><button class=\"carousel-control-prev\" href=\"#hero13\" type=\"button\" data-bs-slide=\"prev\"><span class=\"carousel-control-prev-icon\" aria-hidden=\"true\"><\/span><span class=\"visually-hidden\">Previous<\/span><\/button><button class=\"carousel-control-next\" href=\"#hero13\" type=\"button\" data-bs-slide=\"next\"><span class=\"carousel-control-next-icon\" aria-hidden=\"true\"><\/span><span class=\"visually-hidden\">Next<\/span><\/button><\/div><\/div><div style=\"height:30px\" aria-hidden=\"true\" class=\"wp-block-spacer\"><\/div><div class=\"wp-block-mac-container-block box-container\"><div class=\"wp-block-columns is-layout-flex wp-container-core-columns-is-layout-9d6595d7 wp-block-columns-is-layout-flex\"><div class=\"wp-block-column is-layout-flow wp-block-column-is-layout-flow\"><h2 class=\"wp-block-heading has-text-color has-link-color wp-elements-747e6fc860fdb7b83c124f287c49388b\" style=\"color:#034e51;font-size:30px\"><strong>DE LA GABIOANELE DIN PRIMUL R\u0102ZBOI MONDIAL LA SIGURAN\u021aA MODERN\u0102: MACCAFERRI INOVEAZ\u0102 PENTRU SIGURAN\u021a\u0102<\/strong><\/h2>\n\n<p class=\"has-medium-font-size\">De mai bine de un secol, Maccaferri a fost un pionier al inova\u021biei \u00een domeniul ap\u0103r\u0103rii, \u00eencep\u00e2nd cu reinven\u021bia gabioanelor \u00een timpul Primului R\u0103zboi Mondial. Evolu\u00e2nd pentru a r\u0103spunde provoc\u0103rilor moderne, expertiza companiei se extinde la solu\u021bii pentru protec\u021bia \u00eempotriva inunda\u021biilor \u0219i a riscurilor naturale, a balisticii \u0219i exploziei, \u0219i, mai recent, a atacurilor teroriste. Mo\u0219tenirea durabil\u0103 a Maccaferri, care se \u00eentinde pe mai bine de 100 de ani, reflect\u0103 devotamentul s\u0103u ferm pentru crearea de solu\u021bii avansate de ap\u0103rare pentru un viitor mai sigur.<\/p><\/div><\/div><\/div><div class=\"wp-block-mac-container-block box-container\"><div class=\"wp-block-columns is-layout-flex wp-container-core-columns-is-layout-9d6595d7 wp-block-columns-is-layout-flex\"><div class=\"wp-block-column is-layout-flow wp-block-column-is-layout-flow\"><figure class=\"wp-block-image size-full\"><img decoding=\"async\" src=\"https:\/\/www.maccaferri.com\/wp-content\/uploads\/2024\/03\/Confronto1-Passato-edited.jpg\" alt=\"\" class=\"wp-image-64128\"\/><\/figure><\/div>\n\n<div class=\"wp-block-column is-layout-flow wp-block-column-is-layout-flow\"><figure class=\"wp-block-image size-full\"><img decoding=\"async\" src=\"https:\/\/www.maccaferri.com\/wp-content\/uploads\/2024\/03\/Defence_Security-min.png\" alt=\"\" class=\"wp-image-64419\"\/><\/figure><\/div><\/div><\/div><div style=\"height:50px\" aria-hidden=\"true\" class=\"wp-block-spacer\"><\/div><div class=\"wp-block-mac-container-block box-container\"><div class=\"wp-block-columns is-layout-flex wp-container-core-columns-is-layout-9d6595d7 wp-block-columns-is-layout-flex\"><div class=\"wp-block-column is-layout-flow wp-block-column-is-layout-flow\"><h2 class=\"wp-block-heading has-text-color has-link-color wp-elements-15007fc7cfea21d8721df24263a2a780\" style=\"color:#034e51;font-size:30px\"><strong>SPECTRUL OPERA\u021aIUNILOR<\/strong><\/h2>\n\n<p class=\"has-medium-font-size\">Cu o experien\u021b\u0103 de un secol \u00eentr-o gam\u0103 larg\u0103 de discipline, Maccaferri nu doar c\u0103 furnizeaz\u0103 produse de \u00eenalt\u0103 calitate, dar se remarc\u0103 \u0219i ca un partener capabil \u0219i de \u00eencredere. Compania noastr\u0103 merge dincolo de furnizarea de solu\u021bii, oferind suport 360\u00b0 pentru a r\u0103spunde diverselor nevoi.<\/p>\n\n<p class=\"has-medium-font-size\">EBS MAC-urile noastre, cunoscute anterior sub numele de DefenCell MAC, sunt realizate conform standardelor militare stricte recunoscute \u0219i sunt potrivite pentru o gam\u0103 larg\u0103 de aplica\u021bii \u00een spectrul opera\u021bional, inclusiv pentru ziduri de perimetru EBS, bariere de control al accesului \u0219i vehicule, posturi de observa\u021bie, ad\u0103posturi \u0219i bunc\u0103re, depozite de muni\u021bie \u0219i explozivi \u0219i zone de instruire.<\/p>\n\n<figure class=\"wp-block-image aligncenter size-full\"><img fetchpriority=\"high\" decoding=\"async\" width=\"1630\" height=\"656\" src=\"https:\/\/www.maccaferri.com\/ro\/wp-content\/uploads\/2024\/10\/immagine-1-1.png\" alt=\"\" class=\"wp-image-78031\" srcset=\"https:\/\/www.maccaferri.com\/ro\/wp-content\/uploads\/2024\/10\/immagine-1-1.png 1630w, https:\/\/www.maccaferri.com\/ro\/wp-content\/uploads\/2024\/10\/immagine-1-1-300x121.png 300w, https:\/\/www.maccaferri.com\/ro\/wp-content\/uploads\/2024\/10\/immagine-1-1-1024x412.png 1024w, https:\/\/www.maccaferri.com\/ro\/wp-content\/uploads\/2024\/10\/immagine-1-1-768x309.png 768w, https:\/\/www.maccaferri.com\/ro\/wp-content\/uploads\/2024\/10\/immagine-1-1-1536x618.png 1536w, https:\/\/www.maccaferri.com\/ro\/wp-content\/uploads\/2024\/10\/immagine-1-1-120x48.png 120w\" sizes=\"(max-width: 1630px) 100vw, 1630px\" \/><\/figure><\/div><\/div><\/div><div style=\"height:50px\" aria-hidden=\"true\" class=\"wp-block-spacer\"><\/div><div class=\"wp-block-mac-container-block box-container\"><div class=\"wp-block-columns is-layout-flex wp-container-core-columns-is-layout-9d6595d7 wp-block-columns-is-layout-flex\"><div class=\"wp-block-column is-layout-flow wp-block-column-is-layout-flow\"><h2 class=\"wp-block-heading has-text-color has-link-color wp-elements-27ee38b3ac4c4080e13f84e751a13776\" style=\"color:#034e51;font-size:30px\"><strong>PORTOFOLIUL NOSTRU<\/strong><\/h2>\n\n<p class=\"has-medium-font-size\"><\/p><\/div><\/div><\/div><div class=\"wp-block-mac-container-block box-container\"><div class=\"wp-block-columns is-layout-flex wp-container-core-columns-is-layout-9d6595d7 wp-block-columns-is-layout-flex\"><div class=\"wp-block-column is-layout-flow wp-block-column-is-layout-flow\"><div class=\"container-fluid carousel-image-gallery\">\n        <div class=\"row\">\n            <div id=\"carouselImageblock_62f5940bb14d6803af444ab890e2c6eb\" class=\"carousel slide carouselImageGallery\" data-bs-ride=\"carousel\">\n                <!-- \/\/ Indicators -->\n                <ol class=\"carousel-indicators\">\n                                            <li data-bs-target=\"#carouselImageblock_62f5940bb14d6803af444ab890e2c6eb\" data-bs-slide-to=\"0\" class=\"active\" aria-current=\"true\" aria-label=\"Slide\"><\/li>\n                                            <li data-bs-target=\"#carouselImageblock_62f5940bb14d6803af444ab890e2c6eb\" data-bs-slide-to=\"1\" class=\"\" aria-current=\"true\" aria-label=\"Slide\"><\/li>\n                                            <li data-bs-target=\"#carouselImageblock_62f5940bb14d6803af444ab890e2c6eb\" data-bs-slide-to=\"2\" class=\"\" aria-current=\"true\" aria-label=\"Slide\"><\/li>\n                                    <\/ol>\n\n                <div class=\"carousel-inner container\" role=\"listbox\">\n                                            <div class=\"carousel-item active\">\n                        <div class=\"col-12 col-lg-4 col-xl-4 col-xxl-4 space-mobile\">\n                            <div class=\"grid-item-wrapper\">\n                                <div class=\"img-responsive-wrapper\">\n                                    <div class=\"img-responsive\">\n                                        <div class=\"img-wrapper\"><img decoding=\"async\" src=\"https:\/\/www.maccaferri.com\/ro\/wp-content\/uploads\/2025\/01\/Prodotto-Defence-FE-12.jpg\" alt=\"\" \/><\/div>\n                                    <\/div>\n                                <\/div>\n                                <div class=\"griditem-text-wrapper text-center\">\n                                    <p class=\"griditem-text text-center\">EBS MAC FE, o versiune specializat\u0103 a barierelor de ap\u0103rare Maccaferri, este conceput\u0103 pentru protec\u021bia \u00eempotriva inunda\u021biilor. Acest sistem modular este proiectat pentru o implementare rapid\u0103 \u00een caz de urgen\u021b\u0103 \u0219i poate fi integrat f\u0103r\u0103 probleme \u00een proiecte de peisagistic\u0103 pentru protec\u021bie pe termen lung.\r\n<\/p>\n                   \n                                <\/div>\n                            <\/div>\n                        <\/div>\n                        <\/div>\n                                            <div class=\"carousel-item \">\n                        <div class=\"col-12 col-lg-4 col-xl-4 col-xxl-4 space-mobile\">\n                            <div class=\"grid-item-wrapper\">\n                                <div class=\"img-responsive-wrapper\">\n                                    <div class=\"img-responsive\">\n                                        <div class=\"img-wrapper\"><img decoding=\"async\" src=\"https:\/\/www.maccaferri.com\/ro\/wp-content\/uploads\/2025\/01\/Prodotto-Defence-11.png\" alt=\"\" \/><\/div>\n                                    <\/div>\n                                <\/div>\n                                <div class=\"griditem-text-wrapper text-center\">\n                                    <p class=\"griditem-text text-center\">EBS MAC este o structur\u0103 multicelular\u0103 dezvoltat\u0103 special pentru a oferi protec\u021bie \u00eempotriva unei game largi de muni\u021bie, explozibili \u0219i atacuri cu vehicule.\r\n<\/p>\n                   \n                                <\/div>\n                            <\/div>\n                        <\/div>\n                        <\/div>\n                                            <div class=\"carousel-item \">\n                        <div class=\"col-12 col-lg-4 col-xl-4 col-xxl-4 space-mobile\">\n                            <div class=\"grid-item-wrapper\">\n                                <div class=\"img-responsive-wrapper\">\n                                    <div class=\"img-responsive\">\n                                        <div class=\"img-wrapper\"><img decoding=\"async\" src=\"https:\/\/www.maccaferri.com\/ro\/wp-content\/uploads\/2025\/01\/Prodotto-MacSafe-11.jpg\" alt=\"\" \/><\/div>\n                                    <\/div>\n                                <\/div>\n                                <div class=\"griditem-text-wrapper text-center\">\n                                    <p class=\"griditem-text text-center\">MacSafe\u00ae, un sistem avansat de prevenire a p\u0103trunderii vehiculelor inamice, dezvoltat de Maccaferri ca r\u0103spuns la nevoia de protec\u021bie discret\u0103 \u0219i eficient\u0103 \u00een locurile publice.\r\n<\/p>\n                   \n                                <\/div>\n                            <\/div>\n                        <\/div>\n                        <\/div>\n                                    <\/div>\n            <\/div>\n\n        <\/div>\n    <\/div><\/div><\/div><\/div><div style=\"height:50px\" aria-hidden=\"true\" class=\"wp-block-spacer\"><\/div><div class=\"wp-block-mac-container-block box-container\"><div class=\"wp-block-columns is-layout-flex wp-container-core-columns-is-layout-9d6595d7 wp-block-columns-is-layout-flex\"><div class=\"wp-block-column is-layout-flow wp-block-column-is-layout-flow\"><h2 class=\"wp-block-heading has-text-color has-link-color wp-elements-092e37f889e6fdcdd47896e5743238fa\" style=\"color:#034e51;font-size:30px\"><strong>AFLE DE CUM SUNT INSTALATE EBS MAC-URILE NOASTRE!<\/strong><\/h2>\n\n<p class=\"has-medium-font-size\">Viziona\u021bi acum videoclipul de Ap\u0103rare.<\/p>\n\n<figure class=\"wp-block-video\"><video controls controlslist=\"nodownload\" poster=\"https:\/\/www.maccaferri.com\/ro\/wp-content\/uploads\/2024\/10\/Screenshot-2024-10-18-123914.png\" src=\"https:\/\/www.maccaferri.com\/ro\/wp-content\/uploads\/2024\/10\/EBS-MAC.mp4\"><\/video><\/figure><\/div><\/div><\/div><div style=\"height:100px\" aria-hidden=\"true\" class=\"wp-block-spacer\"><\/div><div class=\"wp-block-mac-container-block box-container\"><div class=\"wp-block-columns is-layout-flex wp-container-core-columns-is-layout-9d6595d7 wp-block-columns-is-layout-flex\"><div class=\"wp-block-column is-layout-flow wp-block-column-is-layout-flow\"><h2 class=\"wp-block-heading has-text-color has-link-color wp-elements-b78ee46c78075d76cd8e7559512c3721\" style=\"color:#034e51;font-size:30px\"><strong>ZONA DE DESC\u0102RCARE<\/strong><\/h2>\n\n<p id=\"download\">Completa\u021bi formularul de mai jos pentru a accesa materialele noastre exclusive despre Ap\u0103rare \u0219i Siguran\u021b\u0103.<\/p>\n\n<iframe src=\"https:\/\/www2.maccaferri.com\/l\/965143\/2025-05-19\/5tv5kg\" width=\"100%\" height=\"800\" type=\"text\/html\" frameborder=\"0\" allowTransparency=\"true\" style=\"border: 0\" data-cookieconsent=\"ignore\"><\/iframe><\/div><\/div><\/div><div style=\"height:100px\" aria-hidden=\"true\" class=\"wp-block-spacer\"><\/div>","protected":false},"excerpt":{"rendered":"","protected":false},"author":24301,"featured_media":0,"parent":0,"menu_order":0,"comment_status":"closed","ping_status":"closed","template":"","meta":{"_acf_changed":false,"_joinchat":[],"footnotes":""},"class_list":["post-81308","page","type-page","status-publish","hentry"],"acf":{"uuid_products":"","product-documents":""},"yoast_head":"<!-- This site is optimized with the Yoast SEO Premium plugin v27.0 (Yoast SEO v27.0) - https:\/\/yoast.com\/product\/yoast-seo-premium-wordpress\/ -->\n<title>Defence and Security - Maccaferri Rom\u00e2nia<\/title>\n<meta name=\"description\" content=\"0AP\u0102RARE \u0218I SIGURAN\u021a\u0102Zona de desc\u0103rcare aiciPreviousNext DE LA GABIOANELE DIN PRIMUL R\u0102ZBOI MONDIAL LA SIGURAN\u021aA MODERN\u0102: MACCAFERRI INOVEAZ\u0102 PENTRU\" \/>\n<meta name=\"robots\" content=\"index, follow, max-snippet:-1, max-image-preview:large, max-video-preview:-1\" \/>\n<link rel=\"canonical\" href=\"https:\/\/www.maccaferri.com\/ro\/aparare-si-siguranta\/\" \/>\n<meta property=\"og:locale\" content=\"ro_RO\" \/>\n<meta property=\"og:type\" content=\"article\" \/>\n<meta property=\"og:title\" content=\"Defence and Security - Maccaferri Rom\u00e2nia\" \/>\n<meta property=\"og:description\" content=\"0AP\u0102RARE \u0218I SIGURAN\u021a\u0102Zona de desc\u0103rcare aiciPreviousNext DE LA GABIOANELE DIN PRIMUL R\u0102ZBOI MONDIAL LA SIGURAN\u021aA MODERN\u0102: MACCAFERRI INOVEAZ\u0102 PENTRU\" \/>\n<meta property=\"og:url\" content=\"https:\/\/www.maccaferri.com\/ro\/aparare-si-siguranta\/\" \/>\n<meta property=\"og:site_name\" content=\"Maccaferri Rom\u00e2nia\" \/>\n<meta property=\"article:modified_time\" content=\"2025-06-03T13:12:20+00:00\" \/>\n<meta property=\"og:image\" content=\"https:\/\/www.maccaferri.com\/ro\/wp-content\/uploads\/2024\/10\/perimetro-dettaglio-light.jpg\" \/>\n<meta name=\"twitter:card\" content=\"summary_large_image\" \/>\n<meta name=\"twitter:label1\" content=\"Est. reading time\" \/>\n\t<meta name=\"twitter:data1\" content=\"2 minutes\" \/>\n<script type=\"application\/ld+json\" class=\"yoast-schema-graph\">{\"@context\":\"https:\/\/schema.org\",\"@graph\":[{\"@type\":\"WebPage\",\"@id\":\"https:\/\/www.maccaferri.com\/ro\/aparare-si-siguranta\/\",\"url\":\"https:\/\/www.maccaferri.com\/ro\/aparare-si-siguranta\/\",\"name\":\"Defence and Security - Maccaferri Rom\u00e2nia\",\"isPartOf\":{\"@id\":\"https:\/\/www.maccaferri.com\/ro\/#website\"},\"primaryImageOfPage\":{\"@id\":\"https:\/\/www.maccaferri.com\/ro\/aparare-si-siguranta\/#primaryimage\"},\"image\":{\"@id\":\"https:\/\/www.maccaferri.com\/ro\/aparare-si-siguranta\/#primaryimage\"},\"thumbnailUrl\":\"https:\/\/www.maccaferri.com\/ro\/wp-content\/uploads\/2024\/10\/perimetro-dettaglio-light.jpg\",\"datePublished\":\"2024-02-14T16:07:41+00:00\",\"dateModified\":\"2025-06-03T13:12:20+00:00\",\"description\":\"0AP\u0102RARE \u0218I SIGURAN\u021a\u0102Zona de desc\u0103rcare aiciPreviousNext DE LA GABIOANELE DIN PRIMUL R\u0102ZBOI MONDIAL LA SIGURAN\u021aA MODERN\u0102: MACCAFERRI INOVEAZ\u0102 PENTRU\",\"inLanguage\":\"ro-RO\",\"potentialAction\":[{\"@type\":\"ReadAction\",\"target\":[\"https:\/\/www.maccaferri.com\/ro\/aparare-si-siguranta\/\"]}]},{\"@type\":\"ImageObject\",\"inLanguage\":\"ro-RO\",\"@id\":\"https:\/\/www.maccaferri.com\/ro\/aparare-si-siguranta\/#primaryimage\",\"url\":\"https:\/\/www.maccaferri.com\/ro\/wp-content\/uploads\/2024\/10\/perimetro-dettaglio-light.jpg\",\"contentUrl\":\"https:\/\/www.maccaferri.com\/ro\/wp-content\/uploads\/2024\/10\/perimetro-dettaglio-light.jpg\",\"width\":1800,\"height\":1013},{\"@type\":\"WebSite\",\"@id\":\"https:\/\/www.maccaferri.com\/ro\/#website\",\"url\":\"https:\/\/www.maccaferri.com\/ro\/\",\"name\":\"Maccaferri Rom\u00e2nia\",\"description\":\"\",\"publisher\":{\"@id\":\"https:\/\/www.maccaferri.com\/ro\/#organization\"},\"potentialAction\":[{\"@type\":\"SearchAction\",\"target\":{\"@type\":\"EntryPoint\",\"urlTemplate\":\"https:\/\/www.maccaferri.com\/ro\/?s={search_term_string}\"},\"query-input\":{\"@type\":\"PropertyValueSpecification\",\"valueRequired\":true,\"valueName\":\"search_term_string\"}}],\"inLanguage\":\"ro-RO\"},{\"@type\":\"Organization\",\"@id\":\"https:\/\/www.maccaferri.com\/ro\/#organization\",\"name\":\"Maccaferri Rom\u00e2nia\",\"url\":\"https:\/\/www.maccaferri.com\/ro\/\",\"logo\":{\"@type\":\"ImageObject\",\"inLanguage\":\"ro-RO\",\"@id\":\"https:\/\/www.maccaferri.com\/ro\/#\/schema\/logo\/image\/\",\"url\":\"https:\/\/www.maccaferri.com\/ro\/wp-content\/uploads\/2022\/07\/logo-maccaferri.png\",\"contentUrl\":\"https:\/\/www.maccaferri.com\/ro\/wp-content\/uploads\/2022\/07\/logo-maccaferri.png\",\"width\":152,\"height\":32,\"caption\":\"Maccaferri Rom\u00e2nia\"},\"image\":{\"@id\":\"https:\/\/www.maccaferri.com\/ro\/#\/schema\/logo\/image\/\"}}]}<\/script>\n<!-- \/ Yoast SEO Premium plugin. -->","yoast_head_json":{"title":"Defence and Security - Maccaferri Rom\u00e2nia","description":"0AP\u0102RARE \u0218I SIGURAN\u021a\u0102Zona de desc\u0103rcare aiciPreviousNext DE LA GABIOANELE DIN PRIMUL R\u0102ZBOI MONDIAL LA SIGURAN\u021aA MODERN\u0102: MACCAFERRI INOVEAZ\u0102 PENTRU","robots":{"index":"index","follow":"follow","max-snippet":"max-snippet:-1","max-image-preview":"max-image-preview:large","max-video-preview":"max-video-preview:-1"},"canonical":"https:\/\/www.maccaferri.com\/ro\/aparare-si-siguranta\/","og_locale":"ro_RO","og_type":"article","og_title":"Defence and Security - Maccaferri Rom\u00e2nia","og_description":"0AP\u0102RARE \u0218I SIGURAN\u021a\u0102Zona de desc\u0103rcare aiciPreviousNext DE LA GABIOANELE DIN PRIMUL R\u0102ZBOI MONDIAL LA SIGURAN\u021aA MODERN\u0102: MACCAFERRI INOVEAZ\u0102 PENTRU","og_url":"https:\/\/www.maccaferri.com\/ro\/aparare-si-siguranta\/","og_site_name":"Maccaferri Rom\u00e2nia","article_modified_time":"2025-06-03T13:12:20+00:00","og_image":[{"url":"https:\/\/www.maccaferri.com\/ro\/wp-content\/uploads\/2024\/10\/perimetro-dettaglio-light.jpg","type":"","width":"","height":""}],"twitter_card":"summary_large_image","twitter_misc":{"Est. reading time":"2 minutes"},"schema":{"@context":"https:\/\/schema.org","@graph":[{"@type":"WebPage","@id":"https:\/\/www.maccaferri.com\/ro\/aparare-si-siguranta\/","url":"https:\/\/www.maccaferri.com\/ro\/aparare-si-siguranta\/","name":"Defence and Security - Maccaferri Rom\u00e2nia","isPartOf":{"@id":"https:\/\/www.maccaferri.com\/ro\/#website"},"primaryImageOfPage":{"@id":"https:\/\/www.maccaferri.com\/ro\/aparare-si-siguranta\/#primaryimage"},"image":{"@id":"https:\/\/www.maccaferri.com\/ro\/aparare-si-siguranta\/#primaryimage"},"thumbnailUrl":"https:\/\/www.maccaferri.com\/ro\/wp-content\/uploads\/2024\/10\/perimetro-dettaglio-light.jpg","datePublished":"2024-02-14T16:07:41+00:00","dateModified":"2025-06-03T13:12:20+00:00","description":"0AP\u0102RARE \u0218I SIGURAN\u021a\u0102Zona de desc\u0103rcare aiciPreviousNext DE LA GABIOANELE DIN PRIMUL R\u0102ZBOI MONDIAL LA SIGURAN\u021aA MODERN\u0102: MACCAFERRI INOVEAZ\u0102 PENTRU","inLanguage":"ro-RO","potentialAction":[{"@type":"ReadAction","target":["https:\/\/www.maccaferri.com\/ro\/aparare-si-siguranta\/"]}]},{"@type":"ImageObject","inLanguage":"ro-RO","@id":"https:\/\/www.maccaferri.com\/ro\/aparare-si-siguranta\/#primaryimage","url":"https:\/\/www.maccaferri.com\/ro\/wp-content\/uploads\/2024\/10\/perimetro-dettaglio-light.jpg","contentUrl":"https:\/\/www.maccaferri.com\/ro\/wp-content\/uploads\/2024\/10\/perimetro-dettaglio-light.jpg","width":1800,"height":1013},{"@type":"WebSite","@id":"https:\/\/www.maccaferri.com\/ro\/#website","url":"https:\/\/www.maccaferri.com\/ro\/","name":"Maccaferri Rom\u00e2nia","description":"","publisher":{"@id":"https:\/\/www.maccaferri.com\/ro\/#organization"},"potentialAction":[{"@type":"SearchAction","target":{"@type":"EntryPoint","urlTemplate":"https:\/\/www.maccaferri.com\/ro\/?s={search_term_string}"},"query-input":{"@type":"PropertyValueSpecification","valueRequired":true,"valueName":"search_term_string"}}],"inLanguage":"ro-RO"},{"@type":"Organization","@id":"https:\/\/www.maccaferri.com\/ro\/#organization","name":"Maccaferri Rom\u00e2nia","url":"https:\/\/www.maccaferri.com\/ro\/","logo":{"@type":"ImageObject","inLanguage":"ro-RO","@id":"https:\/\/www.maccaferri.com\/ro\/#\/schema\/logo\/image\/","url":"https:\/\/www.maccaferri.com\/ro\/wp-content\/uploads\/2022\/07\/logo-maccaferri.png","contentUrl":"https:\/\/www.maccaferri.com\/ro\/wp-content\/uploads\/2022\/07\/logo-maccaferri.png","width":152,"height":32,"caption":"Maccaferri Rom\u00e2nia"},"image":{"@id":"https:\/\/www.maccaferri.com\/ro\/#\/schema\/logo\/image\/"}}]}},"_links":{"self":[{"href":"https:\/\/www.maccaferri.com\/ro\/wp-json\/wp\/v2\/pages\/81308","targetHints":{"allow":["GET"]}}],"collection":[{"href":"https:\/\/www.maccaferri.com\/ro\/wp-json\/wp\/v2\/pages"}],"about":[{"href":"https:\/\/www.maccaferri.com\/ro\/wp-json\/wp\/v2\/types\/page"}],"author":[{"embeddable":true,"href":"https:\/\/www.maccaferri.com\/ro\/wp-json\/wp\/v2\/users\/24301"}],"replies":[{"embeddable":true,"href":"https:\/\/www.maccaferri.com\/ro\/wp-json\/wp\/v2\/comments?post=81308"}],"version-history":[{"count":7,"href":"https:\/\/www.maccaferri.com\/ro\/wp-json\/wp\/v2\/pages\/81308\/revisions"}],"predecessor-version":[{"id":91298,"href":"https:\/\/www.maccaferri.com\/ro\/wp-json\/wp\/v2\/pages\/81308\/revisions\/91298"}],"wp:attachment":[{"href":"https:\/\/www.maccaferri.com\/ro\/wp-json\/wp\/v2\/media?parent=81308"}],"curies":[{"name":"wp","href":"https:\/\/api.w.org\/{rel}","templated":true}]}}