{"id":3514,"date":"2022-12-14T12:27:40","date_gmt":"2022-12-14T11:27:40","guid":{"rendered":"https:\/\/www.maccaferri.com\/ro\/?page_id=3514"},"modified":"2025-12-16T10:53:17","modified_gmt":"2025-12-16T09:53:17","slug":"maccaferri-suita-de-software","status":"publish","type":"page","link":"https:\/\/www.maccaferri.com\/ro\/maccaferri-suita-de-software\/","title":{"rendered":"Maccaferri Suita de software"},"content":{"rendered":"<div class=\"wp-block-mac-h1-title-hero-block container-fluid block-txt-container\" style=\"background:linear-gradient(180deg,rgb(1,94,111) 0%,rgb(0,72,87) 100%)\"><div class=\"row\"><div class=\"col\"><div class=\"gts__picture\"><img decoding=\"async\" src=\"https:\/\/www.maccaferri.com\/ro\/wp-content\/uploads\/2023\/01\/software-8.jpeg\" style=\"display:none\"\/><div class=\"gts__picture__image\" style=\"background-image:url(https:\/\/www.maccaferri.com\/ro\/wp-content\/uploads\/2023\/01\/software-8.jpeg)\"><\/div><\/div><div class=\"container box-container\"><div class=\"row\"><div class=\"col title-box-txt\"><h1 class=\"wp-block-mac-h1-title-hero-block\" style=\"color:#ffffff;text-align:none\">Maccaferri Suita de software<\/h1><\/div><\/div><\/div><\/div><\/div><\/div><div style=\"height:100px\" aria-hidden=\"true\" class=\"wp-block-spacer\"><\/div><div class=\"wp-block-columns is-layout-flex wp-container-core-columns-is-layout-9d6595d7 wp-block-columns-is-layout-flex\"><div class=\"wp-block-column is-layout-flow wp-block-column-is-layout-flow\"><div class=\"wp-block-mac-container-block box-container\"><div class=\"wp-block-columns is-layout-flex wp-container-core-columns-is-layout-9d6595d7 wp-block-columns-is-layout-flex\"><div class=\"wp-block-column is-layout-flow wp-block-column-is-layout-flow\"><div class=\"wp-block-mac-h5-txt-paragraph-block block-txt-container box-container\"><div class=\"row\"><div class=\"col paragraph-box-txt\"><h5 class=\"wp-block-mac-h5-txt-paragraph-block\" style=\"color:#212429;text-align:left\">Dezvoltat\u0103 \u00een parteneriat cu institute \u0219i universit\u0103\u021bi de top, suita noastr\u0103 de software, acceptat\u0103 la nivel mondial \u0219i u\u0219or de utilizat, permite inginerilor s\u0103 proiecteze \u0219i s\u0103 furnizeze solu\u021bii de inginerie civil\u0103 eficiente \u0219i fiabile.<br>Baz\u00e2ndu-se pe date experimentale colectate \u00een decenii de experien\u021b\u0103 pe teren \u0219i campanii de testare riguroase, solu\u021biile noastre software freeware se potrivesc cerin\u021belor inginerilor civili \u0219i geotehnici din \u00eentreaga lume, oferind \u00een acela\u0219i timp \u0219i beneficii suplimentare de rentabilitate \u0219i de \u00eembun\u0103t\u0103\u021bire a capacit\u0103\u021bii de construc\u021bie.<br><br>Intra\u021bi \u00een contact cu noi pentru a fi instrui\u021bi cu privire la solu\u021biile noastre software \u0219i \u00eencepe\u021bi proiectarea de solu\u021bii de inginerie de \u00eenalt\u0103 calitate \u0219i provocatoare \u00een cele mai diverse condi\u021bii.<\/h5><\/div><\/div><\/div><\/div><\/div><\/div><\/div><\/div><div class=\"wp-block-mac-container-block box-container\"><div class=\"wp-block-columns is-layout-flex wp-container-core-columns-is-layout-9d6595d7 wp-block-columns-is-layout-flex\"><div class=\"wp-block-column is-layout-flow wp-block-column-is-layout-flow\"><figure class=\"wp-block-image size-full\"><img fetchpriority=\"high\" decoding=\"async\" width=\"430\" height=\"330\" src=\"https:\/\/www.maccaferri.com\/ro\/wp-content\/uploads\/sites\/25\/2022\/12\/maccaferri-software.png\" alt=\"\" class=\"wp-image-3075\" srcset=\"https:\/\/www.maccaferri.com\/ro\/wp-content\/uploads\/2022\/12\/maccaferri-software.png 430w, https:\/\/www.maccaferri.com\/ro\/wp-content\/uploads\/2022\/12\/maccaferri-software-300x230.png 300w\" sizes=\"(max-width: 430px) 100vw, 430px\" \/><\/figure><\/div>\n\n<div class=\"wp-block-column is-layout-flow wp-block-column-is-layout-flow\"><div style=\"height:50px\" aria-hidden=\"true\" class=\"wp-block-spacer\"><\/div>\n\n<div class=\"wp-block-mac-h2-title-bold-block block-txt-container box-container\"><div class=\"row\"><div class=\"col title-box-txt\"><h2 style=\"color:#004857;text-align:center\">Software Online<\/h2><\/div><\/div><\/div>\n\n<p class=\"has-text-align-left has-medium-font-size\">Vizita\u021bi platforma software Maccaferri eDesign. Proiecta\u021bi online de oriunde. Nu este necesar\u0103 nicio desc\u0103rcare.<\/p>\n\n<ul style=\"font-size:19px\" class=\"wp-block-list\"><li><strong>Mac S-Design<\/strong>: s\u0103 v\u0103 face\u021bi panta mai sigur\u0103<\/li>\n\n<li><strong>MacTube Design<\/strong>: proteja\u021bi-v\u0103 coasta<\/li>\n\n<li><strong>MacBars Design<\/strong>: Stabiliza\u021bi barajul dumneavoastr\u0103<\/li>\n\n<li><strong>MACRA Design:<\/strong> proiectarea de lucr\u0103ri hidraulice fluviale<\/li>\n\n<li><strong>REQUALIFE<\/strong>: proiectarea cursurilor de ap\u0103 pentru un viitor durabil<\/li>\n\n<li><strong>ECoMac Design<\/strong>: preveni\u021bi eroziunea solului<\/li>\n\n<li><strong>MacQuay Design<\/strong>: proteja\u021bi structura dvs. de acostare<\/li>\n\n<li><strong>GROUNDMAC<\/strong><em>: <\/em>\u00cembun\u0103t\u0103\u021be\u0219te-\u021bi solul<\/li><\/ul>\n\n<div class=\"wp-block-buttons is-content-justification-center is-layout-flex wp-container-core-buttons-is-layout-16018d1d wp-block-buttons-is-layout-flex\"><div class=\"wp-block-button\"><a class=\"wp-block-button__link wp-element-button\" href=\"https:\/\/edesign.maccaferri.com\/\">Merge\u021bi la platform\u0103<\/a><\/div><\/div><\/div><\/div><\/div><div style=\"height:150px\" aria-hidden=\"true\" class=\"wp-block-spacer\"><\/div><div class=\"wp-block-mac-container-block box-container\"><div class=\"wp-block-columns is-layout-flex wp-container-core-columns-is-layout-9d6595d7 wp-block-columns-is-layout-flex\"><div class=\"wp-block-column is-layout-flow wp-block-column-is-layout-flow\"><div class=\"wp-block-mac-h2-title-bold-block block-txt-container box-container\"><div class=\"row\"><div class=\"col title-box-txt\"><h2 style=\"color:#004857;text-align:left\">Software de proiectare desc\u0103rcabil<\/h2><\/div><\/div><\/div>\n\n<p class=\"has-text-align-left has-medium-font-size\">Descoperi\u021bi software-ul nostru de proiectare care poate fi desc\u0103rcat:<\/p>\n\n<ul style=\"font-size:19px\" class=\"wp-block-list\"><li><strong>MACFLOW Studio<\/strong>: proiectarea de solu\u021bii eficiente de drenaj<\/li>\n\n<li><strong>MacStars 4.0<\/strong>: proiectarea pantelor de sol consolidate, a zidurilor \u0219i a structurilor hibride complexe<\/li>\n\n<li><strong>GAWAC<\/strong>: Proiect de zid de sprijin cu gabioane<\/li><\/ul>\n\n<div class=\"wp-block-buttons is-layout-flex wp-block-buttons-is-layout-flex\"><div class=\"wp-block-button aligncenter\"><a class=\"wp-block-button__link wp-element-button\" href=\"https:\/\/www.maccaferri.com\/ro\/search?category-link=&amp;r=&amp;sectors-select=&amp;applications-select=&amp;solutions-select=&amp;products-select=&amp;location-select=&amp;full=on&amp;find_softwares=1\">OB\u021aINE\u021aI SOFTWARE-UL<\/a><\/div><\/div><\/div>\n\n<div class=\"wp-block-column is-layout-flow wp-block-column-is-layout-flow\"><div style=\"height:100px\" aria-hidden=\"true\" class=\"wp-block-spacer\"><\/div>\n\n<figure class=\"wp-block-image size-large\"><img decoding=\"async\" width=\"1024\" height=\"686\" src=\"https:\/\/www.maccaferri.com\/ro\/wp-content\/uploads\/sites\/25\/2022\/12\/maccaferri-software-downloadable-1024x686.png\" alt=\"\" class=\"wp-image-3728\" srcset=\"https:\/\/www.maccaferri.com\/ro\/wp-content\/uploads\/2022\/12\/maccaferri-software-downloadable-1024x686.png 1024w, https:\/\/www.maccaferri.com\/ro\/wp-content\/uploads\/2022\/12\/maccaferri-software-downloadable-300x201.png 300w, https:\/\/www.maccaferri.com\/ro\/wp-content\/uploads\/2022\/12\/maccaferri-software-downloadable-768x514.png 768w, https:\/\/www.maccaferri.com\/ro\/wp-content\/uploads\/2022\/12\/maccaferri-software-downloadable-1536x1029.png 1536w, https:\/\/www.maccaferri.com\/ro\/wp-content\/uploads\/2022\/12\/maccaferri-software-downloadable.png 1583w\" sizes=\"(max-width: 1024px) 100vw, 1024px\" \/><\/figure><\/div><\/div><\/div><div style=\"height:100px\" aria-hidden=\"true\" class=\"wp-block-spacer\"><\/div>","protected":false},"excerpt":{"rendered":"","protected":false},"author":2,"featured_media":0,"parent":0,"menu_order":0,"comment_status":"closed","ping_status":"closed","template":"","meta":{"_acf_changed":false,"_joinchat":[],"footnotes":""},"class_list":["post-3514","page","type-page","status-publish","hentry"],"acf":{"uuid_products":"","product-documents":""},"yoast_head":"<!-- This site is optimized with the Yoast SEO Premium plugin v27.0 (Yoast SEO v27.0) - https:\/\/yoast.com\/product\/yoast-seo-premium-wordpress\/ -->\n<title>Maccaferri Suita de software - Maccaferri Rom\u00e2nia<\/title>\n<meta name=\"description\" content=\"Maccaferri Suita de software Dezvoltat\u0103 \u00een parteneriat cu institute \u0219i universit\u0103\u021bi de top, suita noastr\u0103 de software, acceptat\u0103 la nivel mondial \u0219i u\u0219or\" \/>\n<meta name=\"robots\" content=\"index, follow, max-snippet:-1, max-image-preview:large, max-video-preview:-1\" \/>\n<link rel=\"canonical\" href=\"https:\/\/www.maccaferri.com\/ro\/maccaferri-suita-de-software\/\" \/>\n<meta property=\"og:locale\" content=\"ro_RO\" \/>\n<meta property=\"og:type\" content=\"article\" \/>\n<meta property=\"og:title\" content=\"Maccaferri Suita de software - Maccaferri Rom\u00e2nia\" \/>\n<meta property=\"og:description\" content=\"Maccaferri Suita de software Dezvoltat\u0103 \u00een parteneriat cu institute \u0219i universit\u0103\u021bi de top, suita noastr\u0103 de software, acceptat\u0103 la nivel mondial \u0219i u\u0219or\" \/>\n<meta property=\"og:url\" content=\"https:\/\/www.maccaferri.com\/ro\/maccaferri-suita-de-software\/\" \/>\n<meta property=\"og:site_name\" content=\"Maccaferri Rom\u00e2nia\" \/>\n<meta property=\"article:modified_time\" content=\"2025-12-16T09:53:17+00:00\" \/>\n<meta property=\"og:image\" content=\"https:\/\/www.maccaferri.com\/ro\/wp-content\/uploads\/2023\/01\/software-8.jpeg\" \/>\n<meta name=\"twitter:card\" content=\"summary_large_image\" \/>\n<meta name=\"twitter:label1\" content=\"Est. reading time\" \/>\n\t<meta name=\"twitter:data1\" content=\"2 minutes\" \/>\n<script type=\"application\/ld+json\" class=\"yoast-schema-graph\">{\"@context\":\"https:\/\/schema.org\",\"@graph\":[{\"@type\":\"WebPage\",\"@id\":\"https:\/\/www.maccaferri.com\/ro\/maccaferri-suita-de-software\/\",\"url\":\"https:\/\/www.maccaferri.com\/ro\/maccaferri-suita-de-software\/\",\"name\":\"Maccaferri Suita de software - Maccaferri Rom\u00e2nia\",\"isPartOf\":{\"@id\":\"https:\/\/www.maccaferri.com\/ro\/#website\"},\"primaryImageOfPage\":{\"@id\":\"https:\/\/www.maccaferri.com\/ro\/maccaferri-suita-de-software\/#primaryimage\"},\"image\":{\"@id\":\"https:\/\/www.maccaferri.com\/ro\/maccaferri-suita-de-software\/#primaryimage\"},\"thumbnailUrl\":\"https:\/\/www.maccaferri.com\/ro\/wp-content\/uploads\/2023\/01\/software-8.jpeg\",\"datePublished\":\"2022-12-14T11:27:40+00:00\",\"dateModified\":\"2025-12-16T09:53:17+00:00\",\"description\":\"Maccaferri Suita de software Dezvoltat\u0103 \u00een parteneriat cu institute \u0219i universit\u0103\u021bi de top, suita noastr\u0103 de software, acceptat\u0103 la nivel mondial \u0219i u\u0219or\",\"inLanguage\":\"ro-RO\",\"potentialAction\":[{\"@type\":\"ReadAction\",\"target\":[\"https:\/\/www.maccaferri.com\/ro\/maccaferri-suita-de-software\/\"]}]},{\"@type\":\"ImageObject\",\"inLanguage\":\"ro-RO\",\"@id\":\"https:\/\/www.maccaferri.com\/ro\/maccaferri-suita-de-software\/#primaryimage\",\"url\":\"https:\/\/www.maccaferri.com\/ro\/wp-content\/uploads\/2023\/01\/software-8.jpeg\",\"contentUrl\":\"https:\/\/www.maccaferri.com\/ro\/wp-content\/uploads\/2023\/01\/software-8.jpeg\",\"width\":1280,\"height\":720},{\"@type\":\"WebSite\",\"@id\":\"https:\/\/www.maccaferri.com\/ro\/#website\",\"url\":\"https:\/\/www.maccaferri.com\/ro\/\",\"name\":\"Maccaferri Rom\u00e2nia\",\"description\":\"\",\"publisher\":{\"@id\":\"https:\/\/www.maccaferri.com\/ro\/#organization\"},\"potentialAction\":[{\"@type\":\"SearchAction\",\"target\":{\"@type\":\"EntryPoint\",\"urlTemplate\":\"https:\/\/www.maccaferri.com\/ro\/?s={search_term_string}\"},\"query-input\":{\"@type\":\"PropertyValueSpecification\",\"valueRequired\":true,\"valueName\":\"search_term_string\"}}],\"inLanguage\":\"ro-RO\"},{\"@type\":\"Organization\",\"@id\":\"https:\/\/www.maccaferri.com\/ro\/#organization\",\"name\":\"Maccaferri Rom\u00e2nia\",\"url\":\"https:\/\/www.maccaferri.com\/ro\/\",\"logo\":{\"@type\":\"ImageObject\",\"inLanguage\":\"ro-RO\",\"@id\":\"https:\/\/www.maccaferri.com\/ro\/#\/schema\/logo\/image\/\",\"url\":\"https:\/\/www.maccaferri.com\/ro\/wp-content\/uploads\/2022\/07\/logo-maccaferri.png\",\"contentUrl\":\"https:\/\/www.maccaferri.com\/ro\/wp-content\/uploads\/2022\/07\/logo-maccaferri.png\",\"width\":152,\"height\":32,\"caption\":\"Maccaferri Rom\u00e2nia\"},\"image\":{\"@id\":\"https:\/\/www.maccaferri.com\/ro\/#\/schema\/logo\/image\/\"}}]}<\/script>\n<!-- \/ Yoast SEO Premium plugin. -->","yoast_head_json":{"title":"Maccaferri Suita de software - Maccaferri Rom\u00e2nia","description":"Maccaferri Suita de software Dezvoltat\u0103 \u00een parteneriat cu institute \u0219i universit\u0103\u021bi de top, suita noastr\u0103 de software, acceptat\u0103 la nivel mondial \u0219i u\u0219or","robots":{"index":"index","follow":"follow","max-snippet":"max-snippet:-1","max-image-preview":"max-image-preview:large","max-video-preview":"max-video-preview:-1"},"canonical":"https:\/\/www.maccaferri.com\/ro\/maccaferri-suita-de-software\/","og_locale":"ro_RO","og_type":"article","og_title":"Maccaferri Suita de software - Maccaferri Rom\u00e2nia","og_description":"Maccaferri Suita de software Dezvoltat\u0103 \u00een parteneriat cu institute \u0219i universit\u0103\u021bi de top, suita noastr\u0103 de software, acceptat\u0103 la nivel mondial \u0219i u\u0219or","og_url":"https:\/\/www.maccaferri.com\/ro\/maccaferri-suita-de-software\/","og_site_name":"Maccaferri Rom\u00e2nia","article_modified_time":"2025-12-16T09:53:17+00:00","og_image":[{"url":"https:\/\/www.maccaferri.com\/ro\/wp-content\/uploads\/2023\/01\/software-8.jpeg","type":"","width":"","height":""}],"twitter_card":"summary_large_image","twitter_misc":{"Est. reading time":"2 minutes"},"schema":{"@context":"https:\/\/schema.org","@graph":[{"@type":"WebPage","@id":"https:\/\/www.maccaferri.com\/ro\/maccaferri-suita-de-software\/","url":"https:\/\/www.maccaferri.com\/ro\/maccaferri-suita-de-software\/","name":"Maccaferri Suita de software - Maccaferri Rom\u00e2nia","isPartOf":{"@id":"https:\/\/www.maccaferri.com\/ro\/#website"},"primaryImageOfPage":{"@id":"https:\/\/www.maccaferri.com\/ro\/maccaferri-suita-de-software\/#primaryimage"},"image":{"@id":"https:\/\/www.maccaferri.com\/ro\/maccaferri-suita-de-software\/#primaryimage"},"thumbnailUrl":"https:\/\/www.maccaferri.com\/ro\/wp-content\/uploads\/2023\/01\/software-8.jpeg","datePublished":"2022-12-14T11:27:40+00:00","dateModified":"2025-12-16T09:53:17+00:00","description":"Maccaferri Suita de software Dezvoltat\u0103 \u00een parteneriat cu institute \u0219i universit\u0103\u021bi de top, suita noastr\u0103 de software, acceptat\u0103 la nivel mondial \u0219i u\u0219or","inLanguage":"ro-RO","potentialAction":[{"@type":"ReadAction","target":["https:\/\/www.maccaferri.com\/ro\/maccaferri-suita-de-software\/"]}]},{"@type":"ImageObject","inLanguage":"ro-RO","@id":"https:\/\/www.maccaferri.com\/ro\/maccaferri-suita-de-software\/#primaryimage","url":"https:\/\/www.maccaferri.com\/ro\/wp-content\/uploads\/2023\/01\/software-8.jpeg","contentUrl":"https:\/\/www.maccaferri.com\/ro\/wp-content\/uploads\/2023\/01\/software-8.jpeg","width":1280,"height":720},{"@type":"WebSite","@id":"https:\/\/www.maccaferri.com\/ro\/#website","url":"https:\/\/www.maccaferri.com\/ro\/","name":"Maccaferri Rom\u00e2nia","description":"","publisher":{"@id":"https:\/\/www.maccaferri.com\/ro\/#organization"},"potentialAction":[{"@type":"SearchAction","target":{"@type":"EntryPoint","urlTemplate":"https:\/\/www.maccaferri.com\/ro\/?s={search_term_string}"},"query-input":{"@type":"PropertyValueSpecification","valueRequired":true,"valueName":"search_term_string"}}],"inLanguage":"ro-RO"},{"@type":"Organization","@id":"https:\/\/www.maccaferri.com\/ro\/#organization","name":"Maccaferri Rom\u00e2nia","url":"https:\/\/www.maccaferri.com\/ro\/","logo":{"@type":"ImageObject","inLanguage":"ro-RO","@id":"https:\/\/www.maccaferri.com\/ro\/#\/schema\/logo\/image\/","url":"https:\/\/www.maccaferri.com\/ro\/wp-content\/uploads\/2022\/07\/logo-maccaferri.png","contentUrl":"https:\/\/www.maccaferri.com\/ro\/wp-content\/uploads\/2022\/07\/logo-maccaferri.png","width":152,"height":32,"caption":"Maccaferri Rom\u00e2nia"},"image":{"@id":"https:\/\/www.maccaferri.com\/ro\/#\/schema\/logo\/image\/"}}]}},"_links":{"self":[{"href":"https:\/\/www.maccaferri.com\/ro\/wp-json\/wp\/v2\/pages\/3514","targetHints":{"allow":["GET"]}}],"collection":[{"href":"https:\/\/www.maccaferri.com\/ro\/wp-json\/wp\/v2\/pages"}],"about":[{"href":"https:\/\/www.maccaferri.com\/ro\/wp-json\/wp\/v2\/types\/page"}],"author":[{"embeddable":true,"href":"https:\/\/www.maccaferri.com\/ro\/wp-json\/wp\/v2\/users\/2"}],"replies":[{"embeddable":true,"href":"https:\/\/www.maccaferri.com\/ro\/wp-json\/wp\/v2\/comments?post=3514"}],"version-history":[{"count":38,"href":"https:\/\/www.maccaferri.com\/ro\/wp-json\/wp\/v2\/pages\/3514\/revisions"}],"predecessor-version":[{"id":102090,"href":"https:\/\/www.maccaferri.com\/ro\/wp-json\/wp\/v2\/pages\/3514\/revisions\/102090"}],"wp:attachment":[{"href":"https:\/\/www.maccaferri.com\/ro\/wp-json\/wp\/v2\/media?parent=3514"}],"curies":[{"name":"wp","href":"https:\/\/api.w.org\/{rel}","templated":true}]}}