{"id":2906,"date":"2022-12-01T16:52:35","date_gmt":"2022-12-01T15:52:35","guid":{"rendered":"https:\/\/www.maccaferri.com\/ro\/?page_id=2906"},"modified":"2023-01-13T15:54:33","modified_gmt":"2023-01-13T14:54:33","slug":"viziune-si-misiune","status":"publish","type":"page","link":"https:\/\/www.maccaferri.com\/ro\/viziune-si-misiune\/","title":{"rendered":"Viziune \u0219i misiune"},"content":{"rendered":"<div class=\"wp-block-mac-h1-title-hero-block container-fluid block-txt-container\" style=\"background:linear-gradient(180deg,rgb(1,94,111) 0%,rgb(0,72,87) 100%)\"><div class=\"row\"><div class=\"col\"><div class=\"gts__picture\"><img decoding=\"async\" src=\"https:\/\/www.maccaferri.com\/ro\/wp-content\/uploads\/sites\/25\/2022\/12\/Sustainability_Gabion_3.jpg\" style=\"display:none\" \/><div class=\"gts__picture__image\" style=\"background-image:url(https:\/\/www.maccaferri.com\/ro\/wp-content\/uploads\/sites\/25\/2022\/12\/Sustainability_Gabion_3.jpg)\"><\/div><\/div><div class=\"container box-container\"><div class=\"row\"><div class=\"col title-box-txt\"><h1 class=\"wp-block-mac-h1-title-hero-block\" style=\"color:#ffffff;text-align:none\">Viziune \u0219i misiune<\/h1><\/div><\/div><\/div><\/div><\/div><\/div><div class=\"wp-block-mac-container-block box-container\"><div class=\"wp-block-columns is-layout-flex wp-container-core-columns-is-layout-9d6595d7 wp-block-columns-is-layout-flex\"><div class=\"wp-block-column is-layout-flow wp-block-column-is-layout-flow\"><div class=\"container content-paragraph box-container\"><div class=\"row\"><div class=\"col-12 col-lg-12 col-xl-12 col-xxl-12\"><div class=\"content-txt\"><h4>By Nurturing the World of tomorrow, harmonizing life and nature through innovative solutions, Maccaferri pursues excellence and continuous improvement.<\/h4>\n<\/div><\/div><\/div><\/div><\/div>\n\n<div class=\"wp-block-column is-vertically-aligned-center is-layout-flow wp-block-column-is-layout-flow\"><figure class=\"wp-block-image aligncenter size-full\"><img decoding=\"async\" width=\"200\" height=\"200\" src=\"https:\/\/www.maccaferri.com\/ro\/wp-content\/uploads\/sites\/25\/2022\/12\/maccaferri-nurturing-2019-200x200-1.png\" alt=\"\" class=\"wp-image-3696\" srcset=\"https:\/\/www.maccaferri.com\/ro\/wp-content\/uploads\/2022\/12\/maccaferri-nurturing-2019-200x200-1.png 200w, https:\/\/www.maccaferri.com\/ro\/wp-content\/uploads\/2022\/12\/maccaferri-nurturing-2019-200x200-1-150x150.png 150w\" sizes=\"(max-width: 200px) 100vw, 200px\" \/><\/figure><\/div><\/div><\/div><div class=\"wp-block-mac-container-block box-container\"><div class=\"wp-block-columns is-layout-flex wp-container-core-columns-is-layout-9d6595d7 wp-block-columns-is-layout-flex\"><div class=\"wp-block-column is-layout-flow wp-block-column-is-layout-flow\"><div class=\"container content-paragraph box-container\"><div class=\"row\"><div class=\"col-12 col-lg-12 col-xl-12 col-xxl-12\"><h6>VISION<\/h6><div class=\"content-txt\"><h5>Trusted global partner, nurturing the world of tomorrow, harmonizing life and nature through innovative solutions.<\/h5>\n<p>Pentru Maccaferri, a \u00eengriji \u00eenseamn\u0103 a avea grij\u0103, a proteja, a fi responsabil. Viziunea noastr\u0103 nu se refer\u0103 doar la &#8220;ce&#8221; vrem s\u0103 fim, ci \u0219i mai important, la &#8220;cum&#8221; vrem s\u0103 fim ca organiza\u021bie. Responsabil\u0103, respectuoas\u0103, grijulie \u0219i sensibil\u0103 nu numai la mediu, ci \u0219i foarte mult la oamenii no\u0219tri.<\/p>\n<\/div><\/div><\/div><\/div><\/div>\n\n<div class=\"wp-block-column is-vertically-aligned-bottom is-layout-flow wp-block-column-is-layout-flow\"><figure class=\"wp-block-embed is-type-video is-provider-youtube wp-block-embed-youtube wp-embed-aspect-16-9 wp-has-aspect-ratio\"><div class=\"wp-block-embed__wrapper\">\nhttps:\/\/www.youtube.com\/watch?v=-d-yujSQjw0\n<\/div><\/figure><\/div><\/div><\/div><div style=\"height:100px\" aria-hidden=\"true\" class=\"wp-block-spacer\"><\/div><div class=\"wp-block-mac-container-block box-container\"><div class=\"wp-block-columns are-vertically-aligned-bottom is-layout-flex wp-container-core-columns-is-layout-9d6595d7 wp-block-columns-is-layout-flex\"><div class=\"wp-block-column is-vertically-aligned-bottom is-layout-flow wp-block-column-is-layout-flow\"><figure class=\"wp-block-embed is-type-video is-provider-youtube wp-block-embed-youtube wp-embed-aspect-16-9 wp-has-aspect-ratio\"><div class=\"wp-block-embed__wrapper\">\nhttps:\/\/www.youtube.com\/watch?v=wuKbKI5x2Hw\n<\/div><\/figure><\/div>\n\n<div class=\"wp-block-column is-vertically-aligned-bottom is-layout-flow wp-block-column-is-layout-flow\"><div class=\"container content-paragraph box-container\"><div class=\"row\"><div class=\"col-12 col-lg-12 col-xl-12 col-xxl-12\"><h6>MISSION<\/h6><div class=\"content-txt\"><h5>Pursue excellence through continuous improvement while delivering to our customers engineered solutions that are innovative, advanced and environmentally friendly.<\/h5>\n<p>Ne-am angajat s\u0103 asigurm o siguran\u021b\u0103, o calitate \u0219i o durabilitate remarcabile, pentru a crea valoare pentru toate p\u0103r\u021bile interesate, precum \u0219i pentru comunit\u0103\u021bile noastre.<\/p>\n<\/div><\/div><\/div><\/div><\/div><\/div><\/div>","protected":false},"excerpt":{"rendered":"","protected":false},"author":2,"featured_media":0,"parent":0,"menu_order":0,"comment_status":"closed","ping_status":"closed","template":"custom-products-page.php","meta":{"_acf_changed":false,"_joinchat":[],"footnotes":""},"class_list":["post-2906","page","type-page","status-publish","hentry"],"acf":{"uuid_products":"","product-documents":""},"yoast_head":"<!-- This site is optimized with the Yoast SEO Premium plugin v27.0 (Yoast SEO v27.0) - https:\/\/yoast.com\/product\/yoast-seo-premium-wordpress\/ -->\n<title>Viziune \u0219i misiune - Maccaferri Rom\u00e2nia<\/title>\n<meta name=\"description\" content=\"Viziune \u0219i misiune             https:\/\/www.youtube.com\/watch?v=-d-yujSQjw0        https:\/\/www.youtube.com\/watch?v=wuKbKI5x2Hw\" \/>\n<meta name=\"robots\" content=\"index, follow, max-snippet:-1, max-image-preview:large, max-video-preview:-1\" \/>\n<link rel=\"canonical\" href=\"https:\/\/www.maccaferri.com\/ro\/viziune-si-misiune\/\" \/>\n<meta property=\"og:locale\" content=\"ro_RO\" \/>\n<meta property=\"og:type\" content=\"article\" \/>\n<meta property=\"og:title\" content=\"Viziune \u0219i misiune - Maccaferri Rom\u00e2nia\" \/>\n<meta property=\"og:description\" content=\"Viziune \u0219i misiune             https:\/\/www.youtube.com\/watch?v=-d-yujSQjw0        https:\/\/www.youtube.com\/watch?v=wuKbKI5x2Hw\" \/>\n<meta property=\"og:url\" content=\"https:\/\/www.maccaferri.com\/ro\/viziune-si-misiune\/\" \/>\n<meta property=\"og:site_name\" content=\"Maccaferri Rom\u00e2nia\" \/>\n<meta property=\"article:modified_time\" content=\"2023-01-13T14:54:33+00:00\" \/>\n<meta property=\"og:image\" content=\"https:\/\/www.maccaferri.com\/ro\/wp-content\/uploads\/sites\/25\/2022\/12\/Sustainability_Gabion_3.jpg\" \/>\n<meta name=\"twitter:card\" content=\"summary_large_image\" \/>\n<meta name=\"twitter:label1\" content=\"Est. reading time\" \/>\n\t<meta name=\"twitter:data1\" content=\"1 minute\" \/>\n<script type=\"application\/ld+json\" class=\"yoast-schema-graph\">{\"@context\":\"https:\/\/schema.org\",\"@graph\":[{\"@type\":\"WebPage\",\"@id\":\"https:\/\/www.maccaferri.com\/ro\/viziune-si-misiune\/\",\"url\":\"https:\/\/www.maccaferri.com\/ro\/viziune-si-misiune\/\",\"name\":\"Viziune \u0219i misiune - Maccaferri Rom\u00e2nia\",\"isPartOf\":{\"@id\":\"https:\/\/www.maccaferri.com\/ro\/#website\"},\"primaryImageOfPage\":{\"@id\":\"https:\/\/www.maccaferri.com\/ro\/viziune-si-misiune\/#primaryimage\"},\"image\":{\"@id\":\"https:\/\/www.maccaferri.com\/ro\/viziune-si-misiune\/#primaryimage\"},\"thumbnailUrl\":\"https:\/\/www.maccaferri.com\/ro\/wp-content\/uploads\/sites\/25\/2022\/12\/Sustainability_Gabion_3.jpg\",\"datePublished\":\"2022-12-01T15:52:35+00:00\",\"dateModified\":\"2023-01-13T14:54:33+00:00\",\"description\":\"Viziune \u0219i misiune https:\/\/www.youtube.com\/watch?v=-d-yujSQjw0 https:\/\/www.youtube.com\/watch?v=wuKbKI5x2Hw\",\"inLanguage\":\"ro-RO\",\"potentialAction\":[{\"@type\":\"ReadAction\",\"target\":[\"https:\/\/www.maccaferri.com\/ro\/viziune-si-misiune\/\"]}]},{\"@type\":\"ImageObject\",\"inLanguage\":\"ro-RO\",\"@id\":\"https:\/\/www.maccaferri.com\/ro\/viziune-si-misiune\/#primaryimage\",\"url\":\"https:\/\/www.maccaferri.com\/ro\/wp-content\/uploads\/sites\/25\/2022\/12\/Sustainability_Gabion_3.jpg\",\"contentUrl\":\"https:\/\/www.maccaferri.com\/ro\/wp-content\/uploads\/sites\/25\/2022\/12\/Sustainability_Gabion_3.jpg\"},{\"@type\":\"WebSite\",\"@id\":\"https:\/\/www.maccaferri.com\/ro\/#website\",\"url\":\"https:\/\/www.maccaferri.com\/ro\/\",\"name\":\"Maccaferri Rom\u00e2nia\",\"description\":\"\",\"publisher\":{\"@id\":\"https:\/\/www.maccaferri.com\/ro\/#organization\"},\"potentialAction\":[{\"@type\":\"SearchAction\",\"target\":{\"@type\":\"EntryPoint\",\"urlTemplate\":\"https:\/\/www.maccaferri.com\/ro\/?s={search_term_string}\"},\"query-input\":{\"@type\":\"PropertyValueSpecification\",\"valueRequired\":true,\"valueName\":\"search_term_string\"}}],\"inLanguage\":\"ro-RO\"},{\"@type\":\"Organization\",\"@id\":\"https:\/\/www.maccaferri.com\/ro\/#organization\",\"name\":\"Maccaferri Rom\u00e2nia\",\"url\":\"https:\/\/www.maccaferri.com\/ro\/\",\"logo\":{\"@type\":\"ImageObject\",\"inLanguage\":\"ro-RO\",\"@id\":\"https:\/\/www.maccaferri.com\/ro\/#\/schema\/logo\/image\/\",\"url\":\"https:\/\/www.maccaferri.com\/ro\/wp-content\/uploads\/2022\/07\/logo-maccaferri.png\",\"contentUrl\":\"https:\/\/www.maccaferri.com\/ro\/wp-content\/uploads\/2022\/07\/logo-maccaferri.png\",\"width\":152,\"height\":32,\"caption\":\"Maccaferri Rom\u00e2nia\"},\"image\":{\"@id\":\"https:\/\/www.maccaferri.com\/ro\/#\/schema\/logo\/image\/\"}}]}<\/script>\n<!-- \/ Yoast SEO Premium plugin. -->","yoast_head_json":{"title":"Viziune \u0219i misiune - Maccaferri Rom\u00e2nia","description":"Viziune \u0219i misiune             https:\/\/www.youtube.com\/watch?v=-d-yujSQjw0        https:\/\/www.youtube.com\/watch?v=wuKbKI5x2Hw","robots":{"index":"index","follow":"follow","max-snippet":"max-snippet:-1","max-image-preview":"max-image-preview:large","max-video-preview":"max-video-preview:-1"},"canonical":"https:\/\/www.maccaferri.com\/ro\/viziune-si-misiune\/","og_locale":"ro_RO","og_type":"article","og_title":"Viziune \u0219i misiune - Maccaferri Rom\u00e2nia","og_description":"Viziune \u0219i misiune             https:\/\/www.youtube.com\/watch?v=-d-yujSQjw0        https:\/\/www.youtube.com\/watch?v=wuKbKI5x2Hw","og_url":"https:\/\/www.maccaferri.com\/ro\/viziune-si-misiune\/","og_site_name":"Maccaferri Rom\u00e2nia","article_modified_time":"2023-01-13T14:54:33+00:00","og_image":[{"url":"https:\/\/www.maccaferri.com\/ro\/wp-content\/uploads\/sites\/25\/2022\/12\/Sustainability_Gabion_3.jpg","type":"","width":"","height":""}],"twitter_card":"summary_large_image","twitter_misc":{"Est. reading time":"1 minute"},"schema":{"@context":"https:\/\/schema.org","@graph":[{"@type":"WebPage","@id":"https:\/\/www.maccaferri.com\/ro\/viziune-si-misiune\/","url":"https:\/\/www.maccaferri.com\/ro\/viziune-si-misiune\/","name":"Viziune \u0219i misiune - Maccaferri Rom\u00e2nia","isPartOf":{"@id":"https:\/\/www.maccaferri.com\/ro\/#website"},"primaryImageOfPage":{"@id":"https:\/\/www.maccaferri.com\/ro\/viziune-si-misiune\/#primaryimage"},"image":{"@id":"https:\/\/www.maccaferri.com\/ro\/viziune-si-misiune\/#primaryimage"},"thumbnailUrl":"https:\/\/www.maccaferri.com\/ro\/wp-content\/uploads\/sites\/25\/2022\/12\/Sustainability_Gabion_3.jpg","datePublished":"2022-12-01T15:52:35+00:00","dateModified":"2023-01-13T14:54:33+00:00","description":"Viziune \u0219i misiune https:\/\/www.youtube.com\/watch?v=-d-yujSQjw0 https:\/\/www.youtube.com\/watch?v=wuKbKI5x2Hw","inLanguage":"ro-RO","potentialAction":[{"@type":"ReadAction","target":["https:\/\/www.maccaferri.com\/ro\/viziune-si-misiune\/"]}]},{"@type":"ImageObject","inLanguage":"ro-RO","@id":"https:\/\/www.maccaferri.com\/ro\/viziune-si-misiune\/#primaryimage","url":"https:\/\/www.maccaferri.com\/ro\/wp-content\/uploads\/sites\/25\/2022\/12\/Sustainability_Gabion_3.jpg","contentUrl":"https:\/\/www.maccaferri.com\/ro\/wp-content\/uploads\/sites\/25\/2022\/12\/Sustainability_Gabion_3.jpg"},{"@type":"WebSite","@id":"https:\/\/www.maccaferri.com\/ro\/#website","url":"https:\/\/www.maccaferri.com\/ro\/","name":"Maccaferri Rom\u00e2nia","description":"","publisher":{"@id":"https:\/\/www.maccaferri.com\/ro\/#organization"},"potentialAction":[{"@type":"SearchAction","target":{"@type":"EntryPoint","urlTemplate":"https:\/\/www.maccaferri.com\/ro\/?s={search_term_string}"},"query-input":{"@type":"PropertyValueSpecification","valueRequired":true,"valueName":"search_term_string"}}],"inLanguage":"ro-RO"},{"@type":"Organization","@id":"https:\/\/www.maccaferri.com\/ro\/#organization","name":"Maccaferri Rom\u00e2nia","url":"https:\/\/www.maccaferri.com\/ro\/","logo":{"@type":"ImageObject","inLanguage":"ro-RO","@id":"https:\/\/www.maccaferri.com\/ro\/#\/schema\/logo\/image\/","url":"https:\/\/www.maccaferri.com\/ro\/wp-content\/uploads\/2022\/07\/logo-maccaferri.png","contentUrl":"https:\/\/www.maccaferri.com\/ro\/wp-content\/uploads\/2022\/07\/logo-maccaferri.png","width":152,"height":32,"caption":"Maccaferri Rom\u00e2nia"},"image":{"@id":"https:\/\/www.maccaferri.com\/ro\/#\/schema\/logo\/image\/"}}]}},"_links":{"self":[{"href":"https:\/\/www.maccaferri.com\/ro\/wp-json\/wp\/v2\/pages\/2906","targetHints":{"allow":["GET"]}}],"collection":[{"href":"https:\/\/www.maccaferri.com\/ro\/wp-json\/wp\/v2\/pages"}],"about":[{"href":"https:\/\/www.maccaferri.com\/ro\/wp-json\/wp\/v2\/types\/page"}],"author":[{"embeddable":true,"href":"https:\/\/www.maccaferri.com\/ro\/wp-json\/wp\/v2\/users\/2"}],"replies":[{"embeddable":true,"href":"https:\/\/www.maccaferri.com\/ro\/wp-json\/wp\/v2\/comments?post=2906"}],"version-history":[{"count":23,"href":"https:\/\/www.maccaferri.com\/ro\/wp-json\/wp\/v2\/pages\/2906\/revisions"}],"predecessor-version":[{"id":6070,"href":"https:\/\/www.maccaferri.com\/ro\/wp-json\/wp\/v2\/pages\/2906\/revisions\/6070"}],"wp:attachment":[{"href":"https:\/\/www.maccaferri.com\/ro\/wp-json\/wp\/v2\/media?parent=2906"}],"curies":[{"name":"wp","href":"https:\/\/api.w.org\/{rel}","templated":true}]}}