{"id":55656,"date":"2024-03-18T17:10:22","date_gmt":"2024-03-18T16:10:22","guid":{"rendered":"https:\/\/www.maccaferri.com\/pt\/?page_id=55656"},"modified":"2024-04-11T17:26:44","modified_gmt":"2024-04-11T15:26:44","slug":"tunnelling","status":"publish","type":"page","link":"https:\/\/www.maccaferri.com\/pt\/tunnelling\/","title":{"rendered":"Tunnelling"},"content":{"rendered":"<div class=\"wp-block-mac-slider-hero-block hero-slider\"><div id=\"hero22\" class=\"carousel slide\" data-bs-ride=\"true\"><ol class=\"carousel-indicators box-container\"><li data-bs-target=\"#hero22\" data-bs-slide-to=\"0\" class=\"active\"><\/li><\/ol><div class=\"carousel-inner\"><div class=\"carousel-item active\"><div class=\"hero\"><div class=\"gts__picture\"><img decoding=\"async\" src=\"https:\/\/www.maccaferri.com\/wp-content\/uploads\/2023\/10\/galleria_1_1.1.1_modificata-1-1-1.png\" style=\"display:none\"\/><div class=\"gts__picture__image\" style=\"background-image:url(https:\/\/www.maccaferri.com\/wp-content\/uploads\/2023\/10\/galleria_1_1.1.1_modificata-1-1-1.png)\"><\/div><\/div><div class=\"container box-container\"><div class=\"row\"><div class=\"col-12 col-lg-6 col-xl-6 col-xxl-6\"><p><span class=\"hero-index\" style=\"display:none\">0<\/span><\/p><h2 class=\"hero-text-container\"><span class=\"hero-text\"><br><br><strong>ESCAVA\u00c7\u00d5ES SUBTERR\u00c2NEAS<\/strong><\/span><\/h2><a class=\"hero-buttonurl\" href=\"#downloadarea\"><span class=\"hero-buttontext\">T\u00daNEIS &#8211; ZONA DE DESCARGA<\/span><\/a><\/div><\/div><\/div><\/div><\/div><\/div><button class=\"carousel-control-prev\" href=\"#hero22\" type=\"button\" data-bs-slide=\"prev\"><span class=\"carousel-control-prev-icon\" aria-hidden=\"true\"><\/span><span class=\"visually-hidden\">Previous<\/span><\/button><button class=\"carousel-control-next\" href=\"#hero22\" type=\"button\" data-bs-slide=\"next\"><span class=\"carousel-control-next-icon\" aria-hidden=\"true\"><\/span><span class=\"visually-hidden\">Next<\/span><\/button><\/div><\/div><div style=\"height:100px\" aria-hidden=\"true\" class=\"wp-block-spacer\"><\/div><div class=\"wp-block-mac-container-block box-container\"><div class=\"wp-block-columns is-layout-flex wp-container-core-columns-is-layout-9d6595d7 wp-block-columns-is-layout-flex\"><div class=\"wp-block-column is-layout-flow wp-block-column-is-layout-flow\"><p class=\"has-text-color\" style=\"color:#034e51;font-size:30px\"><strong>SEGURAN\u00c7A M\u00c1XIMA ATRAV\u00c9S DA INOVA\u00c7\u00c3O<\/strong><\/p>\n\n<div style=\"height:30px\" aria-hidden=\"true\" class=\"wp-block-spacer\"><\/div>\n\n<p class=\"has-medium-font-size\">As decis\u00f5es t\u00e9cnicas tomadas durante a constru\u00e7\u00e3o de obras subterr\u00e2neas t\u00eam um impacto significativo na <strong>seguran\u00e7a<\/strong>, na <strong>qualidade<\/strong>, no <strong>calend\u00e1rio <\/strong>e nos <strong>custos <\/strong>globais do projeto. Investir na investiga\u00e7\u00e3o de solu\u00e7\u00f5es inovadoras permite abordar eficazmente os potenciais desafios que possam surgir durante a execu\u00e7\u00e3o do projeto.<\/p>\n\n<p class=\"has-medium-font-size\"><\/p><\/div><\/div><\/div><div style=\"height:50px\" aria-hidden=\"true\" class=\"wp-block-spacer\"><\/div><figure class=\"wp-block-image size-full\"><img fetchpriority=\"high\" decoding=\"async\" width=\"4000\" height=\"1579\" src=\"https:\/\/www.maccaferri.com\/pt\/wp-content\/uploads\/2024\/03\/PORTOGUESE.png\" alt=\"\" class=\"wp-image-55705\" srcset=\"https:\/\/www.maccaferri.com\/pt\/wp-content\/uploads\/2024\/03\/PORTOGUESE.png 4000w, https:\/\/www.maccaferri.com\/pt\/wp-content\/uploads\/2024\/03\/PORTOGUESE-300x118.png 300w, https:\/\/www.maccaferri.com\/pt\/wp-content\/uploads\/2024\/03\/PORTOGUESE-1024x404.png 1024w, https:\/\/www.maccaferri.com\/pt\/wp-content\/uploads\/2024\/03\/PORTOGUESE-768x303.png 768w, https:\/\/www.maccaferri.com\/pt\/wp-content\/uploads\/2024\/03\/PORTOGUESE-1536x606.png 1536w, https:\/\/www.maccaferri.com\/pt\/wp-content\/uploads\/2024\/03\/PORTOGUESE-2048x808.png 2048w, https:\/\/www.maccaferri.com\/pt\/wp-content\/uploads\/2024\/03\/PORTOGUESE-120x47.png 120w\" sizes=\"(max-width: 4000px) 100vw, 4000px\" \/><\/figure><div style=\"height:100px\" aria-hidden=\"true\" class=\"wp-block-spacer\"><\/div><div class=\"wp-block-mac-container-block box-container\"><div class=\"wp-block-columns is-layout-flex wp-container-core-columns-is-layout-9d6595d7 wp-block-columns-is-layout-flex\"><div class=\"wp-block-column is-layout-flow wp-block-column-is-layout-flow\"><p class=\"has-medium-font-size\">Esta dedica\u00e7\u00e3o resultou numa carteira abrangente e inovadora.<\/p><\/div><\/div><\/div><div style=\"height:100px\" aria-hidden=\"true\" class=\"wp-block-spacer\"><\/div><div class=\"wp-block-mac-container-block box-container\"><div class=\"wp-block-columns is-layout-flex wp-container-core-columns-is-layout-9d6595d7 wp-block-columns-is-layout-flex\"><div class=\"wp-block-column is-layout-flow wp-block-column-is-layout-flow\"><p>\u200b<\/p>\n\n<p>\u200b<\/p>\n\n<p class=\"has-text-color\" style=\"color:#034e51;font-size:30px\"><strong>AS NOSSAS SOLU\u00c7\u00d5ES: A CARTEIRA MACCAFERRI<\/strong><\/p><\/div><\/div><\/div><div style=\"height:100px\" aria-hidden=\"true\" class=\"wp-block-spacer\"><\/div><figure class=\"wp-block-image size-large\"><img decoding=\"async\" width=\"1024\" height=\"516\" src=\"https:\/\/www.maccaferri.com\/pt\/wp-content\/uploads\/2024\/03\/PORTOGHESE-1024x516.png\" alt=\"\" class=\"wp-image-55662\" srcset=\"https:\/\/www.maccaferri.com\/pt\/wp-content\/uploads\/2024\/03\/PORTOGHESE-1024x516.png 1024w, https:\/\/www.maccaferri.com\/pt\/wp-content\/uploads\/2024\/03\/PORTOGHESE-300x151.png 300w, https:\/\/www.maccaferri.com\/pt\/wp-content\/uploads\/2024\/03\/PORTOGHESE-768x387.png 768w, https:\/\/www.maccaferri.com\/pt\/wp-content\/uploads\/2024\/03\/PORTOGHESE-1536x774.png 1536w, https:\/\/www.maccaferri.com\/pt\/wp-content\/uploads\/2024\/03\/PORTOGHESE-120x60.png 120w, https:\/\/www.maccaferri.com\/pt\/wp-content\/uploads\/2024\/03\/PORTOGHESE.png 1741w\" sizes=\"(max-width: 1024px) 100vw, 1024px\" \/><\/figure><div style=\"height:100px\" aria-hidden=\"true\" class=\"wp-block-spacer\"><\/div><div class=\"container-fluid carousel-image-gallery\">\n        <div class=\"row\">\n            <div id=\"carouselImageblock_5e48f59c69611c9b759eaa4946ed3c49\" class=\"carousel slide carouselImageGallery\" data-bs-ride=\"carousel\">\n                <!-- \/\/ Indicators -->\n                <ol class=\"carousel-indicators\">\n                                            <li data-bs-target=\"#carouselImageblock_5e48f59c69611c9b759eaa4946ed3c49\" data-bs-slide-to=\"0\" class=\"active\" aria-current=\"true\" aria-label=\"Slide\"><\/li>\n                                            <li data-bs-target=\"#carouselImageblock_5e48f59c69611c9b759eaa4946ed3c49\" data-bs-slide-to=\"1\" class=\"\" aria-current=\"true\" aria-label=\"Slide\"><\/li>\n                                            <li data-bs-target=\"#carouselImageblock_5e48f59c69611c9b759eaa4946ed3c49\" data-bs-slide-to=\"2\" class=\"\" aria-current=\"true\" aria-label=\"Slide\"><\/li>\n                                            <li data-bs-target=\"#carouselImageblock_5e48f59c69611c9b759eaa4946ed3c49\" data-bs-slide-to=\"3\" class=\"\" aria-current=\"true\" aria-label=\"Slide\"><\/li>\n                                            <li data-bs-target=\"#carouselImageblock_5e48f59c69611c9b759eaa4946ed3c49\" data-bs-slide-to=\"4\" class=\"\" aria-current=\"true\" aria-label=\"Slide\"><\/li>\n                                            <li data-bs-target=\"#carouselImageblock_5e48f59c69611c9b759eaa4946ed3c49\" data-bs-slide-to=\"5\" class=\"\" aria-current=\"true\" aria-label=\"Slide\"><\/li>\n                                    <\/ol>\n\n                <div class=\"carousel-inner container\" role=\"listbox\">\n                                            <div class=\"carousel-item active\">\n                        <div class=\"col-12 col-lg-4 col-xl-4 col-xxl-4 space-mobile\">\n                            <div class=\"grid-item-wrapper\">\n                                <div class=\"img-responsive-wrapper\">\n                                    <div class=\"img-responsive\">\n                                        <div class=\"img-wrapper\"><img decoding=\"async\" src=\"https:\/\/www.maccaferri.com\/pt\/wp-content\/uploads\/2024\/03\/PORTOGHESE-2.png\" alt=\"\" \/><\/div>\n                                    <\/div>\n                                <\/div>\n                                <div class=\"griditem-text-wrapper text-center\">\n                                    <p class=\"griditem-text text-center\"><\/p>\n                   \n                                <\/div>\n                            <\/div>\n                        <\/div>\n                        <\/div>\n                                            <div class=\"carousel-item \">\n                        <div class=\"col-12 col-lg-4 col-xl-4 col-xxl-4 space-mobile\">\n                            <div class=\"grid-item-wrapper\">\n                                <div class=\"img-responsive-wrapper\">\n                                    <div class=\"img-responsive\">\n                                        <div class=\"img-wrapper\"><img decoding=\"async\" src=\"https:\/\/www.maccaferri.com\/pt\/wp-content\/uploads\/2024\/03\/PORTOGHESE-3.png\" alt=\"\" \/><\/div>\n                                    <\/div>\n                                <\/div>\n                                <div class=\"griditem-text-wrapper text-center\">\n                                    <p class=\"griditem-text text-center\"><\/p>\n                   \n                                <\/div>\n                            <\/div>\n                        <\/div>\n                        <\/div>\n                                            <div class=\"carousel-item \">\n                        <div class=\"col-12 col-lg-4 col-xl-4 col-xxl-4 space-mobile\">\n                            <div class=\"grid-item-wrapper\">\n                                <div class=\"img-responsive-wrapper\">\n                                    <div class=\"img-responsive\">\n                                        <div class=\"img-wrapper\"><img decoding=\"async\" src=\"https:\/\/www.maccaferri.com\/pt\/wp-content\/uploads\/2024\/03\/PORTOGHESE-4.png\" alt=\"\" \/><\/div>\n                                    <\/div>\n                                <\/div>\n                                <div class=\"griditem-text-wrapper text-center\">\n                                    <p class=\"griditem-text text-center\"><\/p>\n                   \n                                <\/div>\n                            <\/div>\n                        <\/div>\n                        <\/div>\n                                            <div class=\"carousel-item \">\n                        <div class=\"col-12 col-lg-4 col-xl-4 col-xxl-4 space-mobile\">\n                            <div class=\"grid-item-wrapper\">\n                                <div class=\"img-responsive-wrapper\">\n                                    <div class=\"img-responsive\">\n                                        <div class=\"img-wrapper\"><img decoding=\"async\" src=\"https:\/\/www.maccaferri.com\/pt\/wp-content\/uploads\/2024\/03\/PORTOGHESE-5.png\" alt=\"\" \/><\/div>\n                                    <\/div>\n                                <\/div>\n                                <div class=\"griditem-text-wrapper text-center\">\n                                    <p class=\"griditem-text text-center\"><\/p>\n                   \n                                <\/div>\n                            <\/div>\n                        <\/div>\n                        <\/div>\n                                            <div class=\"carousel-item \">\n                        <div class=\"col-12 col-lg-4 col-xl-4 col-xxl-4 space-mobile\">\n                            <div class=\"grid-item-wrapper\">\n                                <div class=\"img-responsive-wrapper\">\n                                    <div class=\"img-responsive\">\n                                        <div class=\"img-wrapper\"><img decoding=\"async\" src=\"https:\/\/www.maccaferri.com\/pt\/wp-content\/uploads\/2024\/03\/PORTOGHESE-6.png\" alt=\"\" \/><\/div>\n                                    <\/div>\n                                <\/div>\n                                <div class=\"griditem-text-wrapper text-center\">\n                                    <p class=\"griditem-text text-center\"><\/p>\n                   \n                                <\/div>\n                            <\/div>\n                        <\/div>\n                        <\/div>\n                                            <div class=\"carousel-item \">\n                        <div class=\"col-12 col-lg-4 col-xl-4 col-xxl-4 space-mobile\">\n                            <div class=\"grid-item-wrapper\">\n                                <div class=\"img-responsive-wrapper\">\n                                    <div class=\"img-responsive\">\n                                        <div class=\"img-wrapper\"><img decoding=\"async\" src=\"https:\/\/www.maccaferri.com\/pt\/wp-content\/uploads\/2024\/03\/PORTOGHESE-7.png\" alt=\"\" \/><\/div>\n                                    <\/div>\n                                <\/div>\n                                <div class=\"griditem-text-wrapper text-center\">\n                                    <p class=\"griditem-text text-center\"><\/p>\n                   \n                                <\/div>\n                            <\/div>\n                        <\/div>\n                        <\/div>\n                                    <\/div>\n            <\/div>\n\n        <\/div>\n    <\/div><div style=\"height:100px\" aria-hidden=\"true\" class=\"wp-block-spacer\"><\/div><div style=\"height:100px\" aria-hidden=\"true\" class=\"wp-block-spacer\"><\/div><div class=\"wp-block-mac-container-block box-container\"><div class=\"wp-block-columns is-layout-flex wp-container-core-columns-is-layout-9d6595d7 wp-block-columns-is-layout-flex\"><div class=\"wp-block-column is-layout-flow wp-block-column-is-layout-flow\"><p class=\"has-medium-font-size\">Quais s\u00e3o as vantagens destas solu\u00e7\u00f5es inovadoras?<\/p><\/div><\/div><\/div><div style=\"height:100px\" aria-hidden=\"true\" class=\"wp-block-spacer\"><\/div><figure class=\"wp-block-image size-large\"><img decoding=\"async\" width=\"1024\" height=\"404\" src=\"https:\/\/www.maccaferri.com\/pt\/wp-content\/uploads\/2024\/03\/POROTGUESE-1024x404.png\" alt=\"\" class=\"wp-image-55699\" srcset=\"https:\/\/www.maccaferri.com\/pt\/wp-content\/uploads\/2024\/03\/POROTGUESE-1024x404.png 1024w, https:\/\/www.maccaferri.com\/pt\/wp-content\/uploads\/2024\/03\/POROTGUESE-300x118.png 300w, https:\/\/www.maccaferri.com\/pt\/wp-content\/uploads\/2024\/03\/POROTGUESE-768x303.png 768w, https:\/\/www.maccaferri.com\/pt\/wp-content\/uploads\/2024\/03\/POROTGUESE-1536x606.png 1536w, https:\/\/www.maccaferri.com\/pt\/wp-content\/uploads\/2024\/03\/POROTGUESE-2048x808.png 2048w, https:\/\/www.maccaferri.com\/pt\/wp-content\/uploads\/2024\/03\/POROTGUESE-120x47.png 120w\" sizes=\"(max-width: 1024px) 100vw, 1024px\" \/><\/figure><div style=\"height:100px\" aria-hidden=\"true\" class=\"wp-block-spacer\"><\/div><div class=\"wp-block-mac-container-block box-container\"><div class=\"wp-block-columns is-layout-flex wp-container-core-columns-is-layout-9d6595d7 wp-block-columns-is-layout-flex\"><div class=\"wp-block-column is-layout-flow wp-block-column-is-layout-flow\"><p class=\"has-text-color\" style=\"color:#034e51;font-size:30px\"><strong>DESCUBRA COMO S\u00c3O INSTALADAS AS NOSSAS NERVURAS DE T\u00daNEL AUTOMATIZADAS!<\/strong><\/p><\/div><\/div><\/div><div style=\"height:100px\" aria-hidden=\"true\" class=\"wp-block-spacer\"><\/div><div class=\"wp-block-mac-container-block box-container\"><div class=\"wp-block-columns is-layout-flex wp-container-core-columns-is-layout-9d6595d7 wp-block-columns-is-layout-flex\"><div class=\"wp-block-column is-layout-flow wp-block-column-is-layout-flow\"><figure class=\"wp-block-video\"><video controls controlslist=\"nodownload\" src=\"https:\/\/www.maccaferri.com\/it\/wp-content\/uploads\/2023\/12\/Maccaferri-centina-HEB-1.mp4\"><\/video><\/figure><\/div><\/div><\/div><div style=\"height:100px\" aria-hidden=\"true\" class=\"wp-block-spacer\"><\/div><div class=\"wp-block-mac-container-block box-container\"><div class=\"wp-block-columns is-layout-flex wp-container-core-columns-is-layout-9d6595d7 wp-block-columns-is-layout-flex\"><div class=\"wp-block-column is-layout-flow wp-block-column-is-layout-flow\"><p>Gostaria de saber mais? Aqui encontra todos os nossos materiais \u00e0 sua disposi\u00e7\u00e3o.<\/p><\/div><\/div>\n\n<div class=\"wp-block-mac-h2-title-block block-txt-container box-container\"><div class=\"row\"><div class=\"col title-box-txt\"><h2 style=\"color:#212429;text-align:none\">DOWNLOAD AREA<\/h2><\/div><\/div><\/div>\n\n<p id=\"downloadarea\">Preencha o formul\u00e1rio abaixo para aceder ao nosso material exclusivo sobre as nossas solu\u00e7\u00f5es para t\u00faneis.<\/p>\n\n<iframe src=\"https:\/\/www2.maccaferri.com\/l\/965143\/2024-03-18\/5rtx6b\" width=\"100%\" height=\"500\" type=\"text\/html\" frameborder=\"0\" allowTransparency=\"true\" style=\"border: 0\" data-cookieconsent=\"ignore\"><\/iframe><\/div><div class=\"wp-block-columns is-layout-flex wp-container-core-columns-is-layout-9d6595d7 wp-block-columns-is-layout-flex\"><div class=\"wp-block-column has-background is-layout-flow wp-block-column-is-layout-flow\" style=\"background-color:#004857\"><div class=\"wp-block-columns is-layout-flex wp-container-core-columns-is-layout-9d6595d7 wp-block-columns-is-layout-flex\"><div class=\"wp-block-column has-background is-layout-flow wp-block-column-is-layout-flow\" style=\"background-color:#004857\"><div class=\"wp-block-mac-title-cta-two-block container box-container\" style=\"background:#004857\"><div class=\"row\"><div class=\"col-12 col-lg-5 col-xl-5 col-xxl-5 title-box-txt\"><H2 class=\"wp-block-mac-title-cta-two-block\" style=\"color:#A7C8CB\">Meet our Experts<\/H2><\/div><div class=\"col-12 offset-lg-1 offset-xl-1 offset-xxl-1 col-lg-6 col-xl-6 col-xxl-6 title-box-txt\"><div style=\"text-align:right\"><p class=\"wp-block-mac-title-cta-two-block\" style=\"color:#FFFFFF\">We represent a winning partner for the complex world of civil and industrial constructions. Thanks to a wide range, our products are the answer to the various technical demands of multiple sectors. Have questions or need assistance?<\/p><\/div><div style=\"text-align:right\"><a href=\"https:\/\/www.maccaferri.com\/contact-us\/\" target=\"_blank\" class=\"buttonurl\" rel=\"noopener\"><span class=\"buttontext\">Contact  Us<\/span><\/a><\/div><\/div><\/div><\/div><\/div><\/div><\/div><\/div><div style=\"height:100px\" aria-hidden=\"true\" class=\"wp-block-spacer\"><\/div>","protected":false},"excerpt":{"rendered":"","protected":false},"author":26632,"featured_media":0,"parent":0,"menu_order":0,"comment_status":"closed","ping_status":"closed","template":"","meta":{"_acf_changed":false,"_joinchat":[],"footnotes":""},"class_list":["post-55656","page","type-page","status-publish","hentry"],"acf":{"uuid_products":"","product-documents":""},"yoast_head":"<!-- This site is optimized with the Yoast SEO Premium plugin v27.0 (Yoast SEO v27.0) - https:\/\/yoast.com\/product\/yoast-seo-premium-wordpress\/ -->\n<title>Tunnelling - Maccaferri Portugal<\/title>\n<meta name=\"description\" content=\"Excerpt\" \/>\n<meta name=\"robots\" content=\"index, follow, max-snippet:-1, max-image-preview:large, max-video-preview:-1\" \/>\n<link rel=\"canonical\" href=\"https:\/\/www.maccaferri.com\/pt\/tunnelling\/\" \/>\n<meta property=\"og:locale\" content=\"pt_BR\" \/>\n<meta property=\"og:type\" content=\"article\" \/>\n<meta property=\"og:title\" content=\"Tunnelling - Maccaferri Portugal\" \/>\n<meta property=\"og:description\" content=\"Excerpt\" \/>\n<meta property=\"og:url\" content=\"https:\/\/www.maccaferri.com\/pt\/tunnelling\/\" \/>\n<meta property=\"og:site_name\" content=\"Maccaferri Portugal\" \/>\n<meta property=\"article:modified_time\" content=\"2024-04-11T15:26:44+00:00\" \/>\n<meta property=\"og:image\" content=\"https:\/\/www.maccaferri.com\/wp-content\/uploads\/2023\/10\/galleria_1_1.1.1_modificata-1-1-1.png\" \/>\n<meta name=\"twitter:card\" content=\"summary_large_image\" \/>\n<meta name=\"twitter:label1\" content=\"Est. reading time\" \/>\n\t<meta name=\"twitter:data1\" content=\"4 minutes\" \/>\n<script type=\"application\/ld+json\" class=\"yoast-schema-graph\">{\"@context\":\"https:\/\/schema.org\",\"@graph\":[{\"@type\":\"WebPage\",\"@id\":\"https:\/\/www.maccaferri.com\/pt\/tunnelling\/\",\"url\":\"https:\/\/www.maccaferri.com\/pt\/tunnelling\/\",\"name\":\"Tunnelling - Maccaferri Portugal\",\"isPartOf\":{\"@id\":\"https:\/\/www.maccaferri.com\/pt\/#website\"},\"primaryImageOfPage\":{\"@id\":\"https:\/\/www.maccaferri.com\/pt\/tunnelling\/#primaryimage\"},\"image\":{\"@id\":\"https:\/\/www.maccaferri.com\/pt\/tunnelling\/#primaryimage\"},\"thumbnailUrl\":\"https:\/\/www.maccaferri.com\/wp-content\/uploads\/2023\/10\/galleria_1_1.1.1_modificata-1-1-1.png\",\"datePublished\":\"2024-03-18T16:10:22+00:00\",\"dateModified\":\"2024-04-11T15:26:44+00:00\",\"description\":\"Excerpt\",\"inLanguage\":\"pt-BR\",\"potentialAction\":[{\"@type\":\"ReadAction\",\"target\":[\"https:\/\/www.maccaferri.com\/pt\/tunnelling\/\"]}]},{\"@type\":\"ImageObject\",\"inLanguage\":\"pt-BR\",\"@id\":\"https:\/\/www.maccaferri.com\/pt\/tunnelling\/#primaryimage\",\"url\":\"https:\/\/www.maccaferri.com\/wp-content\/uploads\/2023\/10\/galleria_1_1.1.1_modificata-1-1-1.png\",\"contentUrl\":\"https:\/\/www.maccaferri.com\/wp-content\/uploads\/2023\/10\/galleria_1_1.1.1_modificata-1-1-1.png\"},{\"@type\":\"WebSite\",\"@id\":\"https:\/\/www.maccaferri.com\/pt\/#website\",\"url\":\"https:\/\/www.maccaferri.com\/pt\/\",\"name\":\"Maccaferri Portugal\",\"description\":\"\",\"publisher\":{\"@id\":\"https:\/\/www.maccaferri.com\/pt\/#organization\"},\"potentialAction\":[{\"@type\":\"SearchAction\",\"target\":{\"@type\":\"EntryPoint\",\"urlTemplate\":\"https:\/\/www.maccaferri.com\/pt\/?s={search_term_string}\"},\"query-input\":{\"@type\":\"PropertyValueSpecification\",\"valueRequired\":true,\"valueName\":\"search_term_string\"}}],\"inLanguage\":\"pt-BR\"},{\"@type\":\"Organization\",\"@id\":\"https:\/\/www.maccaferri.com\/pt\/#organization\",\"name\":\"Maccaferri Portugal\",\"url\":\"https:\/\/www.maccaferri.com\/pt\/\",\"logo\":{\"@type\":\"ImageObject\",\"inLanguage\":\"pt-BR\",\"@id\":\"https:\/\/www.maccaferri.com\/pt\/#\/schema\/logo\/image\/\",\"url\":\"https:\/\/www.maccaferri.com\/pt\/wp-content\/uploads\/2022\/07\/logo-maccaferri.png\",\"contentUrl\":\"https:\/\/www.maccaferri.com\/pt\/wp-content\/uploads\/2022\/07\/logo-maccaferri.png\",\"width\":152,\"height\":32,\"caption\":\"Maccaferri Portugal\"},\"image\":{\"@id\":\"https:\/\/www.maccaferri.com\/pt\/#\/schema\/logo\/image\/\"}}]}<\/script>\n<!-- \/ Yoast SEO Premium plugin. -->","yoast_head_json":{"title":"Tunnelling - Maccaferri Portugal","description":"Excerpt","robots":{"index":"index","follow":"follow","max-snippet":"max-snippet:-1","max-image-preview":"max-image-preview:large","max-video-preview":"max-video-preview:-1"},"canonical":"https:\/\/www.maccaferri.com\/pt\/tunnelling\/","og_locale":"pt_BR","og_type":"article","og_title":"Tunnelling - Maccaferri Portugal","og_description":"Excerpt","og_url":"https:\/\/www.maccaferri.com\/pt\/tunnelling\/","og_site_name":"Maccaferri Portugal","article_modified_time":"2024-04-11T15:26:44+00:00","og_image":[{"url":"https:\/\/www.maccaferri.com\/wp-content\/uploads\/2023\/10\/galleria_1_1.1.1_modificata-1-1-1.png","type":"","width":"","height":""}],"twitter_card":"summary_large_image","twitter_misc":{"Est. reading time":"4 minutes"},"schema":{"@context":"https:\/\/schema.org","@graph":[{"@type":"WebPage","@id":"https:\/\/www.maccaferri.com\/pt\/tunnelling\/","url":"https:\/\/www.maccaferri.com\/pt\/tunnelling\/","name":"Tunnelling - Maccaferri Portugal","isPartOf":{"@id":"https:\/\/www.maccaferri.com\/pt\/#website"},"primaryImageOfPage":{"@id":"https:\/\/www.maccaferri.com\/pt\/tunnelling\/#primaryimage"},"image":{"@id":"https:\/\/www.maccaferri.com\/pt\/tunnelling\/#primaryimage"},"thumbnailUrl":"https:\/\/www.maccaferri.com\/wp-content\/uploads\/2023\/10\/galleria_1_1.1.1_modificata-1-1-1.png","datePublished":"2024-03-18T16:10:22+00:00","dateModified":"2024-04-11T15:26:44+00:00","description":"Excerpt","inLanguage":"pt-BR","potentialAction":[{"@type":"ReadAction","target":["https:\/\/www.maccaferri.com\/pt\/tunnelling\/"]}]},{"@type":"ImageObject","inLanguage":"pt-BR","@id":"https:\/\/www.maccaferri.com\/pt\/tunnelling\/#primaryimage","url":"https:\/\/www.maccaferri.com\/wp-content\/uploads\/2023\/10\/galleria_1_1.1.1_modificata-1-1-1.png","contentUrl":"https:\/\/www.maccaferri.com\/wp-content\/uploads\/2023\/10\/galleria_1_1.1.1_modificata-1-1-1.png"},{"@type":"WebSite","@id":"https:\/\/www.maccaferri.com\/pt\/#website","url":"https:\/\/www.maccaferri.com\/pt\/","name":"Maccaferri Portugal","description":"","publisher":{"@id":"https:\/\/www.maccaferri.com\/pt\/#organization"},"potentialAction":[{"@type":"SearchAction","target":{"@type":"EntryPoint","urlTemplate":"https:\/\/www.maccaferri.com\/pt\/?s={search_term_string}"},"query-input":{"@type":"PropertyValueSpecification","valueRequired":true,"valueName":"search_term_string"}}],"inLanguage":"pt-BR"},{"@type":"Organization","@id":"https:\/\/www.maccaferri.com\/pt\/#organization","name":"Maccaferri Portugal","url":"https:\/\/www.maccaferri.com\/pt\/","logo":{"@type":"ImageObject","inLanguage":"pt-BR","@id":"https:\/\/www.maccaferri.com\/pt\/#\/schema\/logo\/image\/","url":"https:\/\/www.maccaferri.com\/pt\/wp-content\/uploads\/2022\/07\/logo-maccaferri.png","contentUrl":"https:\/\/www.maccaferri.com\/pt\/wp-content\/uploads\/2022\/07\/logo-maccaferri.png","width":152,"height":32,"caption":"Maccaferri Portugal"},"image":{"@id":"https:\/\/www.maccaferri.com\/pt\/#\/schema\/logo\/image\/"}}]}},"_links":{"self":[{"href":"https:\/\/www.maccaferri.com\/pt\/wp-json\/wp\/v2\/pages\/55656","targetHints":{"allow":["GET"]}}],"collection":[{"href":"https:\/\/www.maccaferri.com\/pt\/wp-json\/wp\/v2\/pages"}],"about":[{"href":"https:\/\/www.maccaferri.com\/pt\/wp-json\/wp\/v2\/types\/page"}],"author":[{"embeddable":true,"href":"https:\/\/www.maccaferri.com\/pt\/wp-json\/wp\/v2\/users\/26632"}],"replies":[{"embeddable":true,"href":"https:\/\/www.maccaferri.com\/pt\/wp-json\/wp\/v2\/comments?post=55656"}],"version-history":[{"count":6,"href":"https:\/\/www.maccaferri.com\/pt\/wp-json\/wp\/v2\/pages\/55656\/revisions"}],"predecessor-version":[{"id":55726,"href":"https:\/\/www.maccaferri.com\/pt\/wp-json\/wp\/v2\/pages\/55656\/revisions\/55726"}],"wp:attachment":[{"href":"https:\/\/www.maccaferri.com\/pt\/wp-json\/wp\/v2\/media?parent=55656"}],"curies":[{"name":"wp","href":"https:\/\/api.w.org\/{rel}","templated":true}]}}