{"id":55480,"date":"2024-02-09T09:41:31","date_gmt":"2024-02-09T08:41:31","guid":{"rendered":"https:\/\/www.maccaferri.com\/pt\/?page_id=55480"},"modified":"2024-02-14T17:35:49","modified_gmt":"2024-02-14T16:35:49","slug":"revestimientos-de-alta-durabilidad-galmac-c2-y-c3-2","status":"publish","type":"page","link":"https:\/\/www.maccaferri.com\/pt\/revestimientos-de-alta-durabilidad-galmac-c2-y-c3-2\/","title":{"rendered":"Revestimientos de alta durabilidad GalMac C2 Y C3"},"content":{"rendered":"<div class=\"wp-block-mac-h2-title-block block-txt-container box-container\"><div class=\"row\"><div class=\"col title-box-txt\"><h2 style=\"color:#212429;text-align:none\">REVESTIMENTO MET\u00c1LICO AVAN\u00c7ADO PARA COMBATER A CORROS\u00c3O<\/h2><\/div><\/div><\/div><div class=\"wp-block-mac-container-block box-container\"><div class=\"wp-block-columns is-layout-flex wp-container-core-columns-is-layout-9d6595d7 wp-block-columns-is-layout-flex\"><div class=\"wp-block-column is-layout-flow wp-block-column-is-layout-flow\"><p class=\"has-medium-font-size\"><\/p>\n\n<p class=\"has-medium-font-size\">Quando a prote\u00e7\u00e3o contra queda de rochas \u00e9 exposta a condi\u00e7\u00f5es ambientais agressivas, pode deteriorar-se rapidamente, pondo em perigo a seguran\u00e7a de pessoas e bens.<br>A prote\u00e7\u00e3o contra a queda de rochas pode deteriorar-se rapidamente, pondo em perigo a seguran\u00e7a das pessoas e dos bens.<br>A exposi\u00e7\u00e3o \u00e0 humidade e \u00e0 polui\u00e7\u00e3o atmosf\u00e9rica, juntamente com os efeitos dos cloretos e sais, afectam significativamente a taxa de corros\u00e3o, alterando as propriedades do a\u00e7o.<\/p>\n\n<p class=\"has-medium-font-size\"><\/p>\n\n<p class=\"has-medium-font-size\"><\/p><\/div><\/div><\/div><div style=\"height:36px\" aria-hidden=\"true\" class=\"wp-block-spacer\"><\/div><div class=\"wp-block-mac-container-block box-container\"><div class=\"wp-block-columns is-layout-flex wp-container-core-columns-is-layout-9d6595d7 wp-block-columns-is-layout-flex\"><div class=\"wp-block-column is-layout-flow wp-block-column-is-layout-flow\"><\/div><\/div><\/div><div class=\"wp-block-mac-container-block box-container\"><div class=\"wp-block-columns is-layout-flex wp-container-core-columns-is-layout-9d6595d7 wp-block-columns-is-layout-flex\"><div class=\"wp-block-column is-layout-flow wp-block-column-is-layout-flow\"><\/div><\/div><\/div><div class=\"wp-block-columns is-layout-flex wp-container-core-columns-is-layout-9d6595d7 wp-block-columns-is-layout-flex\"><div class=\"wp-block-column is-layout-flow wp-block-column-is-layout-flow\"><figure class=\"wp-block-image size-large\"><img fetchpriority=\"high\" decoding=\"async\" width=\"1024\" height=\"768\" src=\"https:\/\/www.maccaferri.com\/pt\/wp-content\/uploads\/2024\/02\/IMG_1315-1024x768.jpg\" alt=\"Advanced Metallic coating\" class=\"wp-image-55506\" srcset=\"https:\/\/www.maccaferri.com\/pt\/wp-content\/uploads\/2024\/02\/IMG_1315-1024x768.jpg 1024w, https:\/\/www.maccaferri.com\/pt\/wp-content\/uploads\/2024\/02\/IMG_1315-300x225.jpg 300w, https:\/\/www.maccaferri.com\/pt\/wp-content\/uploads\/2024\/02\/IMG_1315-768x576.jpg 768w, https:\/\/www.maccaferri.com\/pt\/wp-content\/uploads\/2024\/02\/IMG_1315-1536x1152.jpg 1536w, https:\/\/www.maccaferri.com\/pt\/wp-content\/uploads\/2024\/02\/IMG_1315-2048x1536.jpg 2048w, https:\/\/www.maccaferri.com\/pt\/wp-content\/uploads\/2024\/02\/IMG_1315-120x90.jpg 120w\" sizes=\"(max-width: 1024px) 100vw, 1024px\" \/><\/figure><\/div>\n\n<div class=\"wp-block-column is-layout-flow wp-block-column-is-layout-flow\"><figure class=\"wp-block-image aligncenter size-full\"><img decoding=\"async\" width=\"385\" height=\"333\" src=\"https:\/\/www.maccaferri.com\/pt\/wp-content\/uploads\/2024\/02\/Capture-decran-2024-02-08-104933.png\" alt=\"\" class=\"wp-image-55402\" style=\"aspect-ratio:1;object-fit:cover\" srcset=\"https:\/\/www.maccaferri.com\/pt\/wp-content\/uploads\/2024\/02\/Capture-decran-2024-02-08-104933.png 385w, https:\/\/www.maccaferri.com\/pt\/wp-content\/uploads\/2024\/02\/Capture-decran-2024-02-08-104933-300x259.png 300w, https:\/\/www.maccaferri.com\/pt\/wp-content\/uploads\/2024\/02\/Capture-decran-2024-02-08-104933-120x104.png 120w\" sizes=\"(max-width: 385px) 100vw, 385px\" \/><\/figure><\/div><\/div><div style=\"height:39px\" aria-hidden=\"true\" class=\"wp-block-spacer\"><\/div><div class=\"wp-block-group is-layout-constrained wp-block-group-is-layout-constrained\"><p class=\"has-text-align-center\">A corros\u00e3o dos cabos de a\u00e7o pode deteriorar a prote\u00e7\u00e3o contra quedas de rochas. A aplica\u00e7\u00e3o de um revestimento avan\u00e7ado melhora o desempenho dos nossos sistemas de prote\u00e7\u00e3o contra quedas de rochas, evitando a degrada\u00e7\u00e3o dos cabos.<\/p>\n\n<p class=\"has-text-align-center\">Uma durabilidade cinco vezes superior significa menos manuten\u00e7\u00e3o e um custo total de propriedade mais baixo.<\/p>\n\n<p class=\"has-text-align-center\"><br><strong>O zinco de classe B n\u00e3o cumpre a norma ISO 17745:2016.<\/strong><\/p><\/div><div style=\"height:33px\" aria-hidden=\"true\" class=\"wp-block-spacer\"><\/div><p class=\"has-text-align-center has-large-font-size\"><strong>N\u00c3O BRINQUE COM A SEGURAN\u00c7A, SIGA AS REGRAS!<\/strong><\/p><div style=\"height:35px\" aria-hidden=\"true\" class=\"wp-block-spacer\"><\/div><div class=\"wp-block-columns is-layout-flex wp-container-core-columns-is-layout-9d6595d7 wp-block-columns-is-layout-flex\"><div class=\"wp-block-column is-layout-flow wp-block-column-is-layout-flow\" style=\"flex-basis:50%\"><div class=\"wp-block-mac-container-block box-container\"><div class=\"wp-block-columns is-layout-flex wp-container-core-columns-is-layout-9d6595d7 wp-block-columns-is-layout-flex\"><div class=\"wp-block-column is-layout-flow wp-block-column-is-layout-flow\"><\/div>\n\n<div class=\"wp-block-column is-layout-flow wp-block-column-is-layout-flow\"><\/div><\/div><\/div>\n\n<figure class=\"wp-block-image size-large\"><img decoding=\"async\" width=\"1024\" height=\"728\" src=\"https:\/\/www.maccaferri.com\/pt\/wp-content\/uploads\/2024\/02\/Table-PT-1-1024x728.png\" alt=\"Advanced Metallic coating\" class=\"wp-image-55390\" srcset=\"https:\/\/www.maccaferri.com\/pt\/wp-content\/uploads\/2024\/02\/Table-PT-1-1024x728.png 1024w, https:\/\/www.maccaferri.com\/pt\/wp-content\/uploads\/2024\/02\/Table-PT-1-300x213.png 300w, https:\/\/www.maccaferri.com\/pt\/wp-content\/uploads\/2024\/02\/Table-PT-1-768x546.png 768w, https:\/\/www.maccaferri.com\/pt\/wp-content\/uploads\/2024\/02\/Table-PT-1-120x85.png 120w, https:\/\/www.maccaferri.com\/pt\/wp-content\/uploads\/2024\/02\/Table-PT-1.png 1149w\" sizes=\"(max-width: 1024px) 100vw, 1024px\" \/><\/figure><\/div>\n\n<div class=\"wp-block-column is-layout-flow wp-block-column-is-layout-flow\" style=\"flex-basis:50%\"><figure class=\"wp-block-image aligncenter size-full is-resized\"><img loading=\"lazy\" decoding=\"async\" width=\"394\" height=\"561\" src=\"https:\/\/www.maccaferri.com\/pt\/wp-content\/uploads\/2024\/02\/PDV-PT-1.png\" alt=\"Advanced Metallic coating\" class=\"wp-image-55396\" style=\"width:341px;height:auto\" srcset=\"https:\/\/www.maccaferri.com\/pt\/wp-content\/uploads\/2024\/02\/PDV-PT-1.png 394w, https:\/\/www.maccaferri.com\/pt\/wp-content\/uploads\/2024\/02\/PDV-PT-1-211x300.png 211w, https:\/\/www.maccaferri.com\/pt\/wp-content\/uploads\/2024\/02\/PDV-PT-1-84x120.png 84w\" sizes=\"(max-width: 394px) 100vw, 394px\" \/><\/figure><\/div><\/div><div class=\"wp-block-columns is-layout-flex wp-container-core-columns-is-layout-9d6595d7 wp-block-columns-is-layout-flex\"><div class=\"wp-block-column is-layout-flow wp-block-column-is-layout-flow\" style=\"flex-basis:100%\"><div style=\"height:39px\" aria-hidden=\"true\" class=\"wp-block-spacer\"><\/div>\n\n<p class=\"has-text-align-center\">Os revestimentos Maccaferri <strong>GalMac C2<\/strong> <strong>e GalMac C3<\/strong> garantem uma vida \u00fatil de projeto de pelo menos 50 anos em ambiente C2 e C3, respetivamente.<\/p>\n\n<p class=\"has-text-align-center\">Em conformidade com os regulamentos: ISO 17745:2016, ISO 17746:2016, EN10223:2014<\/p><\/div><\/div><div style=\"height:27px\" aria-hidden=\"true\" class=\"wp-block-spacer\"><\/div><div class=\"wp-block-mac-container-block box-container\"><div class=\"wp-block-columns is-layout-flex wp-container-core-columns-is-layout-9d6595d7 wp-block-columns-is-layout-flex\"><div class=\"wp-block-column is-layout-flow wp-block-column-is-layout-flow\"><\/div>\n\n<div class=\"wp-block-column is-layout-flow wp-block-column-is-layout-flow\"><\/div><\/div><\/div><p class=\"has-text-align-center has-large-font-size\"><strong>GARANTIR A SEGURAN\u00c7A ATRAV\u00c9S DE ENSAIOS E CERTIFICA\u00c7\u00c3O<\/strong><\/p><div class=\"wp-block-columns is-layout-flex wp-container-core-columns-is-layout-9d6595d7 wp-block-columns-is-layout-flex\"><div class=\"wp-block-column is-layout-flow wp-block-column-is-layout-flow\" style=\"flex-basis:100%\"><div class=\"wp-block-mac-container-block box-container\"><div class=\"wp-block-columns is-layout-flex wp-container-core-columns-is-layout-9d6595d7 wp-block-columns-is-layout-flex\"><div class=\"wp-block-column is-layout-flow wp-block-column-is-layout-flow\"><\/div><\/div><\/div>\n\n<p class=\"has-text-align-center\">As nossas solu\u00e7\u00f5es de queda de rochas s\u00e3o objeto de uma campanha de testes e de certifica\u00e7\u00e3o complexa e rigorosa.&nbsp;<\/p>\n\n<p class=\"has-text-align-center\">O seu desempenho \u00e9 avaliado atrav\u00e9s de testes espec\u00edficos, tanto em condi\u00e7\u00f5es normais como em condi\u00e7\u00f5es extremas, tais como a exposi\u00e7\u00e3o prolongada a n\u00e9voa salina e ao di\u00f3xido de enxofre SO2.&nbsp;<\/p>\n\n<p class=\"has-text-align-center\">Al\u00e9m das exig\u00eancias dos testes dos standares internacionais para o desempenho mec\u00e2nico de todo o sistema, todas as mat\u00e9rias-primas e componentes das <a href=\"https:\/\/www.maccaferri.com\/pt\/produtos\/barreiras-contra-queda-de-rochas\/\">barreiras <\/a>Maccaferri s\u00e3o submetidos a testes de envelhecimento espec\u00edficos para garantir a sua fiabilidade desde o momento da instala\u00e7\u00e3o at\u00e9 ao fim da sua vida \u00fatil.\u00a0<\/p><\/div><\/div><div style=\"height:34px\" aria-hidden=\"true\" class=\"wp-block-spacer\"><\/div><div class=\"content-document-dowload\">\n    <div class=\"container-fluid box-container\">\n        <div class=\"row\">\n            <div class=\"col-12\">\n            <h2>\u00c1rea de descarga<\/h2>\n            <\/div>\n        <\/div>\n    <\/div>\n    <div class=\"content-fluid has-white-background-color has-background\"><div class=\"content-document-dowload box-container\"><ul><li><a href=\"https:\/\/www.maccaferri.com\/pt\/download\/trifold-galmac-c3-c2-pt\/\" target=\"_blank\" title=\"Trifold GalMac C3-C2-PT\">Trifold GalMac C3-C2-PT<\/a><a href=\"#\" target=\"_blank\" class=\"btn-dowload btn-file-download\" data-id-file=\"51744\" data-cat-file=\"default\" data-bs-toggle=\"tooltip\" data-bs-placement=\"top\" title=\"Trifold GalMac C3-C2-PT\"><span class=\"material-symbols-outlined download\">sim_card_download<\/span><\/a><\/li><\/ul><\/div><\/div><\/div>\n\n<script type=\"text\/javascript\">\n    jQuery('.btn-file-download').click(function(e) {\n        e.preventDefault();\n        let idFile = jQuery(this).data('id-file');\n        window.open('https:\/\/www.maccaferri.com\/pt\/?wpdmdl=' + idFile);\n        return false;\n    });\n    \/\/tooltip\n    var tooltipTriggerList = [].slice.call(document.querySelectorAll('[data-bs-toggle=\"tooltip\"]'))\n    var tooltipList = tooltipTriggerList.map(function(tooltipTriggerEl) {\n        return new bootstrap.Tooltip(tooltipTriggerEl)\n    })\n<\/script>","protected":false},"excerpt":{"rendered":"<p>A corros\u00e3o dos cabos de a\u00e7o pode deteriorar a prote\u00e7\u00e3o contra quedas de rochas. A aplica\u00e7\u00e3o de um revestimento avan\u00e7ado melhora o desempenho dos nossos sistemas de prote\u00e7\u00e3o contra quedas de rochas, evitando a degrada\u00e7\u00e3o dos cabos. Uma durabilidade cinco vezes superior significa menos manuten\u00e7\u00e3o e um custo total de propriedade mais baixo. O zinco [&hellip;]<\/p>\n","protected":false},"author":6,"featured_media":55579,"parent":0,"menu_order":0,"comment_status":"closed","ping_status":"closed","template":"","meta":{"_acf_changed":false,"_joinchat":[],"footnotes":""},"class_list":["post-55480","page","type-page","status-publish","has-post-thumbnail","hentry"],"acf":{"uuid_products":"","product-documents":[51744]},"yoast_head":"<!-- This site is optimized with the Yoast SEO Premium plugin v27.0 (Yoast SEO v27.0) - https:\/\/yoast.com\/product\/yoast-seo-premium-wordpress\/ -->\n<title>Revestimientos de alta durabilidad GalMac C2 Y C3 - Maccaferri Portugal<\/title>\n<meta name=\"description\" content=\"Excerpt\" \/>\n<meta name=\"robots\" content=\"index, follow, max-snippet:-1, max-image-preview:large, max-video-preview:-1\" \/>\n<link rel=\"canonical\" href=\"https:\/\/www.maccaferri.com\/pt\/revestimientos-de-alta-durabilidad-galmac-c2-y-c3-2\/\" \/>\n<meta property=\"og:locale\" content=\"pt_BR\" \/>\n<meta property=\"og:type\" content=\"article\" \/>\n<meta property=\"og:title\" content=\"Revestimientos de alta durabilidad GalMac C2 Y C3 - Maccaferri Portugal\" \/>\n<meta property=\"og:description\" content=\"Excerpt\" \/>\n<meta property=\"og:url\" content=\"https:\/\/www.maccaferri.com\/pt\/revestimientos-de-alta-durabilidad-galmac-c2-y-c3-2\/\" \/>\n<meta property=\"og:site_name\" content=\"Maccaferri Portugal\" \/>\n<meta property=\"article:modified_time\" content=\"2024-02-14T16:35:49+00:00\" \/>\n<meta property=\"og:image\" content=\"https:\/\/www.maccaferri.com\/pt\/wp-content\/uploads\/2024\/02\/Picture22.jpg\" \/>\n\t<meta property=\"og:image:width\" content=\"1470\" \/>\n\t<meta property=\"og:image:height\" content=\"1102\" \/>\n\t<meta property=\"og:image:type\" content=\"image\/jpeg\" \/>\n<meta name=\"twitter:card\" content=\"summary_large_image\" \/>\n<meta name=\"twitter:label1\" content=\"Est. reading time\" \/>\n\t<meta name=\"twitter:data1\" content=\"3 minutes\" \/>\n<script type=\"application\/ld+json\" class=\"yoast-schema-graph\">{\"@context\":\"https:\/\/schema.org\",\"@graph\":[{\"@type\":\"WebPage\",\"@id\":\"https:\/\/www.maccaferri.com\/pt\/revestimientos-de-alta-durabilidad-galmac-c2-y-c3-2\/\",\"url\":\"https:\/\/www.maccaferri.com\/pt\/revestimientos-de-alta-durabilidad-galmac-c2-y-c3-2\/\",\"name\":\"Revestimientos de alta durabilidad GalMac C2 Y C3 - Maccaferri Portugal\",\"isPartOf\":{\"@id\":\"https:\/\/www.maccaferri.com\/pt\/#website\"},\"primaryImageOfPage\":{\"@id\":\"https:\/\/www.maccaferri.com\/pt\/revestimientos-de-alta-durabilidad-galmac-c2-y-c3-2\/#primaryimage\"},\"image\":{\"@id\":\"https:\/\/www.maccaferri.com\/pt\/revestimientos-de-alta-durabilidad-galmac-c2-y-c3-2\/#primaryimage\"},\"thumbnailUrl\":\"https:\/\/www.maccaferri.com\/pt\/wp-content\/uploads\/2024\/02\/Picture22.jpg\",\"datePublished\":\"2024-02-09T08:41:31+00:00\",\"dateModified\":\"2024-02-14T16:35:49+00:00\",\"description\":\"Excerpt\",\"inLanguage\":\"pt-BR\",\"potentialAction\":[{\"@type\":\"ReadAction\",\"target\":[\"https:\/\/www.maccaferri.com\/pt\/revestimientos-de-alta-durabilidad-galmac-c2-y-c3-2\/\"]}]},{\"@type\":\"ImageObject\",\"inLanguage\":\"pt-BR\",\"@id\":\"https:\/\/www.maccaferri.com\/pt\/revestimientos-de-alta-durabilidad-galmac-c2-y-c3-2\/#primaryimage\",\"url\":\"https:\/\/www.maccaferri.com\/pt\/wp-content\/uploads\/2024\/02\/Picture22.jpg\",\"contentUrl\":\"https:\/\/www.maccaferri.com\/pt\/wp-content\/uploads\/2024\/02\/Picture22.jpg\",\"width\":1470,\"height\":1102},{\"@type\":\"WebSite\",\"@id\":\"https:\/\/www.maccaferri.com\/pt\/#website\",\"url\":\"https:\/\/www.maccaferri.com\/pt\/\",\"name\":\"Maccaferri Portugal\",\"description\":\"\",\"publisher\":{\"@id\":\"https:\/\/www.maccaferri.com\/pt\/#organization\"},\"potentialAction\":[{\"@type\":\"SearchAction\",\"target\":{\"@type\":\"EntryPoint\",\"urlTemplate\":\"https:\/\/www.maccaferri.com\/pt\/?s={search_term_string}\"},\"query-input\":{\"@type\":\"PropertyValueSpecification\",\"valueRequired\":true,\"valueName\":\"search_term_string\"}}],\"inLanguage\":\"pt-BR\"},{\"@type\":\"Organization\",\"@id\":\"https:\/\/www.maccaferri.com\/pt\/#organization\",\"name\":\"Maccaferri Portugal\",\"url\":\"https:\/\/www.maccaferri.com\/pt\/\",\"logo\":{\"@type\":\"ImageObject\",\"inLanguage\":\"pt-BR\",\"@id\":\"https:\/\/www.maccaferri.com\/pt\/#\/schema\/logo\/image\/\",\"url\":\"https:\/\/www.maccaferri.com\/pt\/wp-content\/uploads\/2022\/07\/logo-maccaferri.png\",\"contentUrl\":\"https:\/\/www.maccaferri.com\/pt\/wp-content\/uploads\/2022\/07\/logo-maccaferri.png\",\"width\":152,\"height\":32,\"caption\":\"Maccaferri Portugal\"},\"image\":{\"@id\":\"https:\/\/www.maccaferri.com\/pt\/#\/schema\/logo\/image\/\"}}]}<\/script>\n<!-- \/ Yoast SEO Premium plugin. -->","yoast_head_json":{"title":"Revestimientos de alta durabilidad GalMac C2 Y C3 - Maccaferri Portugal","description":"Excerpt","robots":{"index":"index","follow":"follow","max-snippet":"max-snippet:-1","max-image-preview":"max-image-preview:large","max-video-preview":"max-video-preview:-1"},"canonical":"https:\/\/www.maccaferri.com\/pt\/revestimientos-de-alta-durabilidad-galmac-c2-y-c3-2\/","og_locale":"pt_BR","og_type":"article","og_title":"Revestimientos de alta durabilidad GalMac C2 Y C3 - Maccaferri Portugal","og_description":"Excerpt","og_url":"https:\/\/www.maccaferri.com\/pt\/revestimientos-de-alta-durabilidad-galmac-c2-y-c3-2\/","og_site_name":"Maccaferri Portugal","article_modified_time":"2024-02-14T16:35:49+00:00","og_image":[{"width":1470,"height":1102,"url":"https:\/\/www.maccaferri.com\/pt\/wp-content\/uploads\/2024\/02\/Picture22.jpg","type":"image\/jpeg"}],"twitter_card":"summary_large_image","twitter_misc":{"Est. reading time":"3 minutes"},"schema":{"@context":"https:\/\/schema.org","@graph":[{"@type":"WebPage","@id":"https:\/\/www.maccaferri.com\/pt\/revestimientos-de-alta-durabilidad-galmac-c2-y-c3-2\/","url":"https:\/\/www.maccaferri.com\/pt\/revestimientos-de-alta-durabilidad-galmac-c2-y-c3-2\/","name":"Revestimientos de alta durabilidad GalMac C2 Y C3 - Maccaferri Portugal","isPartOf":{"@id":"https:\/\/www.maccaferri.com\/pt\/#website"},"primaryImageOfPage":{"@id":"https:\/\/www.maccaferri.com\/pt\/revestimientos-de-alta-durabilidad-galmac-c2-y-c3-2\/#primaryimage"},"image":{"@id":"https:\/\/www.maccaferri.com\/pt\/revestimientos-de-alta-durabilidad-galmac-c2-y-c3-2\/#primaryimage"},"thumbnailUrl":"https:\/\/www.maccaferri.com\/pt\/wp-content\/uploads\/2024\/02\/Picture22.jpg","datePublished":"2024-02-09T08:41:31+00:00","dateModified":"2024-02-14T16:35:49+00:00","description":"Excerpt","inLanguage":"pt-BR","potentialAction":[{"@type":"ReadAction","target":["https:\/\/www.maccaferri.com\/pt\/revestimientos-de-alta-durabilidad-galmac-c2-y-c3-2\/"]}]},{"@type":"ImageObject","inLanguage":"pt-BR","@id":"https:\/\/www.maccaferri.com\/pt\/revestimientos-de-alta-durabilidad-galmac-c2-y-c3-2\/#primaryimage","url":"https:\/\/www.maccaferri.com\/pt\/wp-content\/uploads\/2024\/02\/Picture22.jpg","contentUrl":"https:\/\/www.maccaferri.com\/pt\/wp-content\/uploads\/2024\/02\/Picture22.jpg","width":1470,"height":1102},{"@type":"WebSite","@id":"https:\/\/www.maccaferri.com\/pt\/#website","url":"https:\/\/www.maccaferri.com\/pt\/","name":"Maccaferri Portugal","description":"","publisher":{"@id":"https:\/\/www.maccaferri.com\/pt\/#organization"},"potentialAction":[{"@type":"SearchAction","target":{"@type":"EntryPoint","urlTemplate":"https:\/\/www.maccaferri.com\/pt\/?s={search_term_string}"},"query-input":{"@type":"PropertyValueSpecification","valueRequired":true,"valueName":"search_term_string"}}],"inLanguage":"pt-BR"},{"@type":"Organization","@id":"https:\/\/www.maccaferri.com\/pt\/#organization","name":"Maccaferri Portugal","url":"https:\/\/www.maccaferri.com\/pt\/","logo":{"@type":"ImageObject","inLanguage":"pt-BR","@id":"https:\/\/www.maccaferri.com\/pt\/#\/schema\/logo\/image\/","url":"https:\/\/www.maccaferri.com\/pt\/wp-content\/uploads\/2022\/07\/logo-maccaferri.png","contentUrl":"https:\/\/www.maccaferri.com\/pt\/wp-content\/uploads\/2022\/07\/logo-maccaferri.png","width":152,"height":32,"caption":"Maccaferri Portugal"},"image":{"@id":"https:\/\/www.maccaferri.com\/pt\/#\/schema\/logo\/image\/"}}]}},"_links":{"self":[{"href":"https:\/\/www.maccaferri.com\/pt\/wp-json\/wp\/v2\/pages\/55480","targetHints":{"allow":["GET"]}}],"collection":[{"href":"https:\/\/www.maccaferri.com\/pt\/wp-json\/wp\/v2\/pages"}],"about":[{"href":"https:\/\/www.maccaferri.com\/pt\/wp-json\/wp\/v2\/types\/page"}],"author":[{"embeddable":true,"href":"https:\/\/www.maccaferri.com\/pt\/wp-json\/wp\/v2\/users\/6"}],"replies":[{"embeddable":true,"href":"https:\/\/www.maccaferri.com\/pt\/wp-json\/wp\/v2\/comments?post=55480"}],"version-history":[{"count":18,"href":"https:\/\/www.maccaferri.com\/pt\/wp-json\/wp\/v2\/pages\/55480\/revisions"}],"predecessor-version":[{"id":55602,"href":"https:\/\/www.maccaferri.com\/pt\/wp-json\/wp\/v2\/pages\/55480\/revisions\/55602"}],"acf:post":[{"embeddable":true,"href":"https:\/\/www.maccaferri.com\/pt\/wp-json\/wp\/v2\/wpdmpro\/51744"}],"wp:featuredmedia":[{"embeddable":true,"href":"https:\/\/www.maccaferri.com\/pt\/wp-json\/wp\/v2\/media\/55579"}],"wp:attachment":[{"href":"https:\/\/www.maccaferri.com\/pt\/wp-json\/wp\/v2\/media?parent=55480"}],"curies":[{"name":"wp","href":"https:\/\/api.w.org\/{rel}","templated":true}]}}