{"id":1401,"date":"2022-07-29T11:46:56","date_gmt":"2022-07-29T09:46:56","guid":{"rendered":"https:\/\/www.maccaferri.com\/aml\/?page_id=1401"},"modified":"2025-02-13T16:08:06","modified_gmt":"2025-02-13T15:08:06","slug":"pessoas-carreiras","status":"publish","type":"page","link":"https:\/\/www.maccaferri.com\/pt\/pessoas-carreiras\/","title":{"rendered":"Pessoas &amp; carreiras"},"content":{"rendered":"<div class=\"wp-block-cover has-parallax rbc-is-hidden-on-mobile\" style=\"min-height:900px;aspect-ratio:unset;\"><span aria-hidden=\"true\" class=\"wp-block-cover__background has-background-dim-0 has-background-dim\"><\/span><div class=\"wp-block-cover__image-background wp-image-88730 has-parallax\" style=\"background-position:50% 50%;background-image:url(https:\/\/www.maccaferri.com\/wp-content\/uploads\/2024\/12\/maccaferri-people-careers.jpeg)\"><\/div><div class=\"wp-block-cover__inner-container is-layout-constrained wp-block-cover-is-layout-constrained\"><div class=\"wp-block-mac-container-block box-container\"><div class=\"wp-block-columns is-layout-flex wp-container-core-columns-is-layout-9d6595d7 wp-block-columns-is-layout-flex\"><div class=\"wp-block-column is-layout-flow wp-block-column-is-layout-flow\"><p class=\"has-text-align-left has-white-color has-text-color has-link-color wp-elements-d7e3161dbe1b762d9e8ad6318ab4e096\" style=\"font-size:80px\"><strong>Uma rede de <\/strong><\/p>\n\n<div style=\"height:30px\" aria-hidden=\"true\" class=\"wp-block-spacer\"><\/div>\n\n<p class=\"has-text-align-left has-white-color has-text-color has-link-color wp-elements-d8264a400c003d0c4a54fa493dd9140b\" style=\"font-size:80px\"><strong>inovadores<\/strong><\/p>\n\n<div style=\"height:406px\" aria-hidden=\"true\" class=\"wp-block-spacer\"><\/div><\/div><\/div><\/div>\n\n<div class=\"wp-block-mac-container-block box-container\"><div class=\"wp-block-columns is-layout-flex wp-container-core-columns-is-layout-9d6595d7 wp-block-columns-is-layout-flex\"><div class=\"wp-block-column is-layout-flow wp-block-column-is-layout-flow\"><\/div>\n\n<div class=\"wp-block-column is-layout-flow wp-block-column-is-layout-flow\"><\/div><\/div><\/div><\/div><\/div><div class=\"wp-block-cover rbc-is-hidden-on-wide rbc-is-hidden-on-desktop\" style=\"min-height:900px;aspect-ratio:unset;\"><span aria-hidden=\"true\" class=\"wp-block-cover__background has-background-dim-0 has-background-dim\"><\/span><img decoding=\"async\" class=\"wp-block-cover__image-background wp-image-88730\" alt=\"\" src=\"https:\/\/www.maccaferri.com\/wp-content\/uploads\/2024\/12\/maccaferri-people-careers.jpeg\" style=\"object-position:50% 48%\" data-object-fit=\"cover\" data-object-position=\"50% 48%\"\/><div class=\"wp-block-cover__inner-container is-layout-constrained wp-block-cover-is-layout-constrained\"><div class=\"wp-block-mac-container-block box-container\"><div class=\"wp-block-columns is-layout-flex wp-container-core-columns-is-layout-9d6595d7 wp-block-columns-is-layout-flex\"><div class=\"wp-block-column is-layout-flow wp-block-column-is-layout-flow\"><div style=\"height:30px\" aria-hidden=\"true\" class=\"wp-block-spacer\"><\/div>\n\n<h1 class=\"wp-block-heading has-x-large-font-size\" id=\"h-uma-rede-de-inovadores\"><strong>Uma rede de inovadores<\/strong><\/h1>\n\n<div style=\"height:406px\" aria-hidden=\"true\" class=\"wp-block-spacer\"><\/div><\/div><\/div><\/div>\n\n<div class=\"wp-block-mac-container-block box-container\"><div class=\"wp-block-columns is-layout-flex wp-container-core-columns-is-layout-9d6595d7 wp-block-columns-is-layout-flex\"><div class=\"wp-block-column is-layout-flow wp-block-column-is-layout-flow\"><\/div>\n\n<div class=\"wp-block-column is-layout-flow wp-block-column-is-layout-flow\"><\/div><\/div><\/div><\/div><\/div><div style=\"height:100px\" aria-hidden=\"true\" class=\"wp-block-spacer\"><\/div><div class=\"wp-block-mac-container-block box-container\"><div class=\"wp-block-columns is-layout-flex wp-container-core-columns-is-layout-9d6595d7 wp-block-columns-is-layout-flex\"><div class=\"wp-block-column is-layout-flow wp-block-column-is-layout-flow\"><h2 class=\"wp-block-heading has-text-align-center has-text-color has-link-color has-large-font-size wp-elements-7b46e78fc593a8c9a771b54583becf70\" id=\"h-somos-uma-equipa-de-mais-de-3-000-pessoas-unidas-pela-mesma-missao-impulsionar-o-mundo-de-amanha-com-solucoes-cada-vez-mais-eficientes-e-sustentaveis\" style=\"color:#035d6f\"><strong>Somos uma equipa de mais de 3.000 pessoas unidas pela mesma miss\u00e3o: impulsionar o mundo de amanh\u00e3 com solu\u00e7\u00f5es cada vez mais eficientes e sustent\u00e1veis.<\/strong><\/h2>\n\n<div class=\"wp-block-columns is-layout-flex wp-container-core-columns-is-layout-9d6595d7 wp-block-columns-is-layout-flex\"><div class=\"wp-block-column is-layout-flow wp-block-column-is-layout-flow\" style=\"flex-basis:20%\"><\/div>\n\n<div class=\"wp-block-column is-layout-flow wp-block-column-is-layout-flow\"><div class=\"wp-block-buttons is-content-justification-center is-layout-flex wp-container-core-buttons-is-layout-16018d1d wp-block-buttons-is-layout-flex\"><div class=\"wp-block-button has-custom-width wp-block-button__width-100\"><a class=\"wp-block-button__link wp-element-button\" href=\"https:\/\/app.ncoreplat.com\/jobboard\/filters\/1436\/corporate\" target=\"_blank\" rel=\"noreferrer noopener\">VER OPORTUNIDADES DE EMPREGO<\/a><\/div><\/div><\/div>\n\n<div class=\"wp-block-column is-layout-flow wp-block-column-is-layout-flow\"><div class=\"wp-block-buttons is-content-justification-center is-layout-flex wp-container-core-buttons-is-layout-16018d1d wp-block-buttons-is-layout-flex\"><div class=\"wp-block-button has-custom-width wp-block-button__width-75 has-custom-font-size has-small-font-size\"><a class=\"wp-block-button__link wp-element-button\" href=\"https:\/\/go0.it\/d8zKm\" target=\"_blank\" rel=\"noreferrer noopener\">CANDIDATURA ESPONT\u00c2NEA<\/a><\/div><\/div><\/div>\n\n<div class=\"wp-block-column is-layout-flow wp-block-column-is-layout-flow\" style=\"flex-basis:20%\"><\/div><\/div>\n\n<div class=\"wp-block-mac-container-block box-container\"><div style=\"height:100px\" aria-hidden=\"true\" class=\"wp-block-spacer\"><\/div>\n\n<div class=\"wp-block-columns is-layout-flex wp-container-core-columns-is-layout-9d6595d7 wp-block-columns-is-layout-flex\"><div class=\"wp-block-column is-vertically-aligned-center is-layout-flow wp-block-column-is-layout-flow\" style=\"flex-basis:40%\"><p style=\"font-size:25px\"><strong>Lideran\u00e7a global<\/strong><\/p>\n\n<p class=\"has-medium-font-size\">Trabalhar na Maccaferri significa fazer parte de uma empresa l\u00edder em engenharia civil e ambiental. \u00c9 um ambiente inspirador onde pode desenvolver continuamente novas compet\u00eancias e permitir que o seu talento flores\u00e7a. Seja qual for a sua forma\u00e7\u00e3o, em engenharia civil ou ambiental, geologia ou qualquer outra \u00e1rea cient\u00edfica, a Maccaferri oferece-lhe a oportunidade de colocar em pr\u00e1tica o que aprendeu, enfrentando alguns dos projetos mais significativos do mundo.<\/p><\/div>\n\n<div class=\"wp-block-column is-layout-flow wp-block-column-is-layout-flow\" style=\"flex-basis:60%\"><figure class=\"wp-block-image size-full\"><img decoding=\"async\" src=\"https:\/\/www.maccaferri.com\/wp-content\/uploads\/2024\/12\/1-Leadership-globale-630x400-1.png\" alt=\"\" class=\"wp-image-88733\"\/><\/figure><\/div><\/div><\/div>\n\n<div class=\"wp-block-mac-container-block box-container\"><div style=\"height:100px\" aria-hidden=\"true\" class=\"wp-block-spacer\"><\/div>\n\n<div class=\"wp-block-columns is-layout-flex wp-container-core-columns-is-layout-9d6595d7 wp-block-columns-is-layout-flex\"><div class=\"wp-block-column is-layout-flow wp-block-column-is-layout-flow\" style=\"flex-basis:60%\"><figure class=\"wp-block-image size-full\"><img decoding=\"async\" src=\"https:\/\/www.maccaferri.com\/wp-content\/uploads\/2024\/12\/2-Latua-carriera-internazionale_BOX-1-550x380-1.png\" alt=\"\" class=\"wp-image-88774\"\/><\/figure><\/div>\n\n<div class=\"wp-block-column is-vertically-aligned-center is-layout-flow wp-block-column-is-layout-flow\" style=\"flex-basis:40%\"><p style=\"font-size:25px\"><strong>A sua carreira internacional<\/strong><\/p>\n\n<p class=\"has-medium-font-size\">Na Maccaferri, acreditamos que todos devem ter a oportunidade de se destacar de acordo com as suas qualidades e ambi\u00e7\u00f5es \u00fanicas. Todos os dias, cerca de um ter\u00e7o dos membros da nossa equipa est\u00e1 envolvido em projetos em mais de 150 pa\u00edses.<\/p>\n\n<p class=\"has-medium-font-size\">Se procura uma oportunidade de carreira que combine crescimento com curiosidade para explorar novas culturas, a Maccaferri \u00e9 o lugar certo para si.<\/p><\/div><\/div><\/div>\n\n<div class=\"wp-block-mac-container-block box-container\"><div class=\"wp-block-columns is-layout-flex wp-container-core-columns-is-layout-9d6595d7 wp-block-columns-is-layout-flex\"><div class=\"wp-block-column is-layout-flow wp-block-column-is-layout-flow\" style=\"flex-basis:66.66%\"><figure class=\"wp-block-image alignright size-medium is-resized\"><img decoding=\"async\" src=\"https:\/\/www.maccaferri.com\/wp-content\/uploads\/2024\/12\/3-Latua-carriera-internazionale_BOX-2-444x200-2-300x135.png\" alt=\"\" class=\"wp-image-88781\" style=\"width:434px;height:auto\"\/><\/figure><\/div>\n\n<div class=\"wp-block-column is-layout-flow wp-block-column-is-layout-flow\" style=\"flex-basis:33.33%\"><\/div><\/div><\/div>\n\n<div style=\"height:100px\" aria-hidden=\"true\" class=\"wp-block-spacer\"><\/div><\/div><\/div><\/div><div class=\"wp-block-cover\"><span aria-hidden=\"true\" class=\"wp-block-cover__background has-background-dim-100 has-background-dim\" style=\"background-color:#035d6f\"><\/span><div class=\"wp-block-cover__inner-container is-layout-constrained wp-block-cover-is-layout-constrained\"><div class=\"wp-block-mac-container-block box-container\"><div style=\"height:100px\" aria-hidden=\"true\" class=\"wp-block-spacer\"><\/div>\n\n<div class=\"wp-block-columns is-layout-flex wp-container-core-columns-is-layout-9d6595d7 wp-block-columns-is-layout-flex\"><div class=\"wp-block-column is-vertically-aligned-center is-layout-flow wp-block-column-is-layout-flow\" style=\"flex-basis:40%\"><p style=\"font-size:25px\"><strong>Acreditamos no valor da diversidade<\/strong><\/p>\n\n<p class=\"has-medium-font-size\">Vemos as diferen\u00e7as como um motor crucial de inova\u00e7\u00e3o. A Maccaferri est\u00e1 comprometida em ser um ambiente inclusivo onde todos possam expressar-se livremente.<\/p>\n\n<p class=\"has-medium-font-size\">Reconhecemos que ainda h\u00e1 trabalho a ser feito para reduzir a desigualdade de g\u00e9nero nas \u00e1reas STEM e estamos empenhados em aumentar a representa\u00e7\u00e3o feminina em todas as \u00e1reas.<\/p><\/div>\n\n<div class=\"wp-block-column is-layout-flow wp-block-column-is-layout-flow\" style=\"flex-basis:60%\"><figure class=\"wp-block-image size-full\"><img decoding=\"async\" src=\"https:\/\/www.maccaferri.com\/wp-content\/uploads\/2024\/12\/4-Crediamo-nel-valore-630x400png.png\" alt=\"\" class=\"wp-image-88784\"\/><\/figure><\/div><\/div><\/div>\n\n<p class=\"has-text-align-center has-large-font-size\"><\/p><\/div><\/div><div style=\"height:40px\" aria-hidden=\"true\" class=\"wp-block-spacer\"><\/div><div class=\"wp-block-mac-h2-title-bold-block block-txt-container box-container\"><div class=\"row\"><div class=\"col title-box-txt\"><h2 style=\"color:#004857;text-align:center\">Conhe\u00e7a a nossa equipa<\/h2><\/div><\/div><\/div><div class=\"wp-block-mac-container-block box-container\"><div class=\"wp-block-columns is-layout-flex wp-container-core-columns-is-layout-9d6595d7 wp-block-columns-is-layout-flex\"><div class=\"wp-block-column is-layout-flow wp-block-column-is-layout-flow\"><div class=\"wp-block-mac-card-height-block block-card-height-block-container\"><div class=\"card\"><div class=\"content-images\"><img decoding=\"async\" class=\"box-image\" src=\"https:\/\/www.maccaferri.com\/wp-content\/uploads\/2022\/12\/VR.jpg\" alt=\"Image Stories\"\/><\/div><div class=\"card-body\"><h6 class=\"wp-block-mac-card-height-block\" style=\"color:#212429\">Vamos conversar com Vikramjiet Roy<\/h6><span class=\"abstract\" style=\"color:#212429\">Convers\u00e1mos com Vikramjiet Roy, um dos \u00ab25 principais l\u00edderes da \u00cdndia em tempos de crise que trabalham em empresas de m\u00e9dio porte\u00bb, uma classifica\u00e7\u00e3o promovida pela Great Place to Work, que tamb\u00e9m reconheceu l\u00edderes de empresas como HP, Randstad e S&amp;P Global.<\/span><a href=\"https:\/\/www.maccaferri.com\/people\/lets-have-a-talk-with-vikramjiet-roy\" target=\"_blank\" class=\"cta\" rel=\"noopener\"><span class=\"text\" style=\"color:#004857\">Saiba mais<\/span><\/a><div class=\"star\"><span class=\"material-symbols-rounded starrate\">star<\/span><\/div><\/div><\/div><\/div><\/div>\n\n<div class=\"wp-block-column is-layout-flow wp-block-column-is-layout-flow\"><div class=\"wp-block-mac-card-height-block block-card-height-block-container\"><div class=\"card\"><div class=\"content-images\"><img decoding=\"async\" class=\"box-image\" src=\"https:\/\/www.maccaferri.com\/wp-content\/uploads\/2022\/12\/Stefano_Rignanese.png\" alt=\"Image Stories\"\/><\/div><div class=\"card-body\"><h6 class=\"wp-block-mac-card-height-block\" style=\"color:#212429\">Entrevista com Stefano Rignanese<\/h6><span class=\"abstract\" style=\"color:#212429\">Fal\u00e1mos com Stefano Rignanese, um ex-estagi\u00e1rio do programa \u00abYoung Engineer\u00bb da Maccaferri.<\/span><a href=\"https:\/\/www.maccaferri.com\/people\/interview-with-stefano-rignanese\" target=\"_blank\" class=\"cta\" rel=\"noopener\"><span class=\"text\" style=\"color:#004857\">Saiba mais<\/span><\/a><div class=\"star\"><span class=\"material-symbols-rounded starrate\">star<\/span><\/div><\/div><\/div><\/div><\/div>\n\n<div class=\"wp-block-column is-layout-flow wp-block-column-is-layout-flow\"><div class=\"wp-block-mac-card-height-block block-card-height-block-container\"><div class=\"card\"><div class=\"content-images\"><img decoding=\"async\" class=\"box-image\" src=\"https:\/\/www.maccaferri.com\/wp-content\/uploads\/2022\/12\/Lipartiti.png\" alt=\"Image Stories\"\/><\/div><div class=\"card-body\"><h6 class=\"wp-block-mac-card-height-block\" style=\"color:#212429\">Vamos conversar com Francesco Lipartiti<\/h6><span class=\"abstract\" style=\"color:#212429\">Da \u00cdndia \u00e0 B\u00e9lgica, do departamento Financeiro aos Recursos Humanos, uma carreira em quatro continentes. Convers\u00e1mos com Francesco Lipartiti, atual Diretor de Opera\u00e7\u00f5es da regi\u00e3o ISEAP.<\/span><a href=\"https:\/\/www.maccaferri.com\/people\/lets-have-a-talk-with-francesco-lipartiti\u00f9\" target=\"_blank\" class=\"cta\" rel=\"noopener\"><span class=\"text\" style=\"color:#004857\">Saiba mais<\/span><\/a><div class=\"star\"><span class=\"material-symbols-rounded starrate\">star<\/span><\/div><\/div><\/div><\/div><\/div>\n\n<div class=\"wp-block-column is-layout-flow wp-block-column-is-layout-flow\"><div class=\"wp-block-mac-card-height-block block-card-height-block-container\"><div class=\"card\"><div class=\"content-images\"><img decoding=\"async\" class=\"box-image\" src=\"https:\/\/www.maccaferri.com\/wp-content\/uploads\/2022\/12\/Pedrazzi.png\" alt=\"Image Stories\"\/><\/div><div class=\"card-body\"><h6 class=\"wp-block-mac-card-height-block\" style=\"color:#212429\">Vamos conversar com Mirco Pedrazzi<\/h6><span class=\"abstract\" style=\"color:#212429\">Entrevist\u00e1mos Mirco Pedrazzi, um jovem Controlador Corporativo que se juntou \u00e0 nossa equipa h\u00e1 alguns meses e j\u00e1 est\u00e1 envolvido num projeto-chave para o crescimento do Grupo.<\/span><a href=\"https:\/\/www.maccaferri.com\/people\/lets-have-a-chat-with-mirco-pedrazzi\" target=\"_blank\" class=\"cta\" rel=\"noopener\"><span class=\"text\" style=\"color:#004857\">Saiba mais<\/span><\/a><div class=\"star\"><span class=\"material-symbols-rounded starrate\">star<\/span><\/div><\/div><\/div><\/div><\/div>\n\n<div class=\"wp-block-column is-layout-flow wp-block-column-is-layout-flow\"><div class=\"wp-block-mac-card-height-block block-card-height-block-container\"><div class=\"card\"><div class=\"content-images\"><img decoding=\"async\" class=\"box-image\" src=\"https:\/\/www.maccaferri.com\/wp-content\/uploads\/2023\/07\/Avagnale.png\" alt=\"Image Stories\"\/><\/div><div class=\"card-body\"><h6 class=\"wp-block-mac-card-height-block\" style=\"color:#212429\">Vamos conversar com Maurizio Avagnale<\/h6><span class=\"abstract\" style=\"color:#212429\">Maurizio Avagnale, Diretor de Recursos Humanos do Grupo Maccaferri, prev\u00ea um futuro para os Recursos Humanos impulsionado pela tecnologia, inclus\u00e3o e um forte foco no bem-estar dos colaboradores.<\/span><a href=\"https:\/\/www.maccaferri.com\/people\/lets-have-a-chat-with-maurizio-avagnale\/\" target=\"_blank\" class=\"cta\" rel=\"noopener\"><span class=\"text\" style=\"color:#004857\">Saiba mais<\/span><\/a><div class=\"star\"><span class=\"material-symbols-rounded starrate\">star<\/span><\/div><\/div><\/div><\/div><\/div><\/div><\/div><div class=\"wp-block-mac-banner-title-cta  box-container block-cta\" style=\"background:#015E6F\"><div class=\"container box-container\"><div class=\"row\"><div class=\"col-2 col-sm-2 col-md-2 col-lg-2 col-xl-2 col-xxl-2\"><div class=\"box-image\"><img decoding=\"async\" class=\"image\" src=\"https:\/\/www.maccaferri.com\/wp-content\/uploads\/2022\/12\/apply.png\" alt=\"Image\"\/><\/div><\/div><div class=\"col-7 col-sm-7 col-md-7 col-lg-7 col-xl-7 col-xxl-7\"><div class=\"banner-box-txt\" style=\"text-align:center\"><h4 class=\"title\">Junte-se a n\u00f3s!<\/h4><\/div><\/div><div class=\"col-3 col-sm-3 col-md-3 col-lg-3 col-xl-3 col-xxl-3\"><div class=\"button-box-txt\"><a href=\"https:\/\/app.ncoreplat.com\/jobboard\/filters\/1436\/corporate\" target=\"_blank\" class=\"buttonurl\" rel=\"noopener\"><span class=\"buttontext\">VER OPORTUNIDADES DE EMPREGO<\/span><\/a><\/div><\/div><\/div><\/div><\/div><div style=\"height:100px\" aria-hidden=\"true\" class=\"wp-block-spacer\"><\/div><p><\/p>","protected":false},"excerpt":{"rendered":"","protected":false},"author":1,"featured_media":0,"parent":0,"menu_order":0,"comment_status":"closed","ping_status":"closed","template":"","meta":{"_acf_changed":false,"_joinchat":[],"footnotes":""},"class_list":["post-1401","page","type-page","status-publish","hentry"],"acf":{"uuid_products":"","product-documents":""},"yoast_head":"<!-- This site is optimized with the Yoast SEO Premium plugin v27.0 (Yoast SEO v27.0) - https:\/\/yoast.com\/product\/yoast-seo-premium-wordpress\/ -->\n<title>Pessoas &amp; carreiras - Maccaferri Portugal<\/title>\n<meta name=\"description\" content=\"Excerpt\" \/>\n<meta name=\"robots\" content=\"index, follow, max-snippet:-1, max-image-preview:large, max-video-preview:-1\" \/>\n<link rel=\"canonical\" href=\"https:\/\/www.maccaferri.com\/pt\/pessoas-carreiras\/\" \/>\n<meta property=\"og:locale\" content=\"pt_BR\" \/>\n<meta property=\"og:type\" content=\"article\" \/>\n<meta property=\"og:title\" content=\"Pessoas &amp; carreiras - Maccaferri Portugal\" \/>\n<meta property=\"og:description\" content=\"Excerpt\" \/>\n<meta property=\"og:url\" content=\"https:\/\/www.maccaferri.com\/pt\/pessoas-carreiras\/\" \/>\n<meta property=\"og:site_name\" content=\"Maccaferri Portugal\" \/>\n<meta property=\"article:modified_time\" content=\"2025-02-13T15:08:06+00:00\" \/>\n<meta name=\"twitter:card\" content=\"summary_large_image\" \/>\n<meta name=\"twitter:label1\" content=\"Est. reading time\" \/>\n\t<meta name=\"twitter:data1\" content=\"5 minutes\" \/>\n<script type=\"application\/ld+json\" class=\"yoast-schema-graph\">{\"@context\":\"https:\/\/schema.org\",\"@graph\":[{\"@type\":\"WebPage\",\"@id\":\"https:\/\/www.maccaferri.com\/pt\/pessoas-carreiras\/\",\"url\":\"https:\/\/www.maccaferri.com\/pt\/pessoas-carreiras\/\",\"name\":\"Pessoas &amp; carreiras - Maccaferri Portugal\",\"isPartOf\":{\"@id\":\"https:\/\/www.maccaferri.com\/pt\/#website\"},\"primaryImageOfPage\":{\"@id\":\"https:\/\/www.maccaferri.com\/pt\/pessoas-carreiras\/#primaryimage\"},\"image\":{\"@id\":\"https:\/\/www.maccaferri.com\/pt\/pessoas-carreiras\/#primaryimage\"},\"thumbnailUrl\":\"https:\/\/www.maccaferri.com\/wp-content\/uploads\/2024\/12\/maccaferri-people-careers.jpeg\",\"datePublished\":\"2022-07-29T09:46:56+00:00\",\"dateModified\":\"2025-02-13T15:08:06+00:00\",\"description\":\"Excerpt\",\"inLanguage\":\"pt-BR\",\"potentialAction\":[{\"@type\":\"ReadAction\",\"target\":[\"https:\/\/www.maccaferri.com\/pt\/pessoas-carreiras\/\"]}]},{\"@type\":\"ImageObject\",\"inLanguage\":\"pt-BR\",\"@id\":\"https:\/\/www.maccaferri.com\/pt\/pessoas-carreiras\/#primaryimage\",\"url\":\"https:\/\/www.maccaferri.com\/wp-content\/uploads\/2024\/12\/maccaferri-people-careers.jpeg\",\"contentUrl\":\"https:\/\/www.maccaferri.com\/wp-content\/uploads\/2024\/12\/maccaferri-people-careers.jpeg\"},{\"@type\":\"WebSite\",\"@id\":\"https:\/\/www.maccaferri.com\/pt\/#website\",\"url\":\"https:\/\/www.maccaferri.com\/pt\/\",\"name\":\"Maccaferri Portugal\",\"description\":\"\",\"publisher\":{\"@id\":\"https:\/\/www.maccaferri.com\/pt\/#organization\"},\"potentialAction\":[{\"@type\":\"SearchAction\",\"target\":{\"@type\":\"EntryPoint\",\"urlTemplate\":\"https:\/\/www.maccaferri.com\/pt\/?s={search_term_string}\"},\"query-input\":{\"@type\":\"PropertyValueSpecification\",\"valueRequired\":true,\"valueName\":\"search_term_string\"}}],\"inLanguage\":\"pt-BR\"},{\"@type\":\"Organization\",\"@id\":\"https:\/\/www.maccaferri.com\/pt\/#organization\",\"name\":\"Maccaferri Portugal\",\"url\":\"https:\/\/www.maccaferri.com\/pt\/\",\"logo\":{\"@type\":\"ImageObject\",\"inLanguage\":\"pt-BR\",\"@id\":\"https:\/\/www.maccaferri.com\/pt\/#\/schema\/logo\/image\/\",\"url\":\"https:\/\/www.maccaferri.com\/pt\/wp-content\/uploads\/2022\/07\/logo-maccaferri.png\",\"contentUrl\":\"https:\/\/www.maccaferri.com\/pt\/wp-content\/uploads\/2022\/07\/logo-maccaferri.png\",\"width\":152,\"height\":32,\"caption\":\"Maccaferri Portugal\"},\"image\":{\"@id\":\"https:\/\/www.maccaferri.com\/pt\/#\/schema\/logo\/image\/\"}}]}<\/script>\n<!-- \/ Yoast SEO Premium plugin. -->","yoast_head_json":{"title":"Pessoas &amp; carreiras - Maccaferri Portugal","description":"Excerpt","robots":{"index":"index","follow":"follow","max-snippet":"max-snippet:-1","max-image-preview":"max-image-preview:large","max-video-preview":"max-video-preview:-1"},"canonical":"https:\/\/www.maccaferri.com\/pt\/pessoas-carreiras\/","og_locale":"pt_BR","og_type":"article","og_title":"Pessoas &amp; carreiras - Maccaferri Portugal","og_description":"Excerpt","og_url":"https:\/\/www.maccaferri.com\/pt\/pessoas-carreiras\/","og_site_name":"Maccaferri Portugal","article_modified_time":"2025-02-13T15:08:06+00:00","twitter_card":"summary_large_image","twitter_misc":{"Est. reading time":"5 minutes"},"schema":{"@context":"https:\/\/schema.org","@graph":[{"@type":"WebPage","@id":"https:\/\/www.maccaferri.com\/pt\/pessoas-carreiras\/","url":"https:\/\/www.maccaferri.com\/pt\/pessoas-carreiras\/","name":"Pessoas &amp; carreiras - Maccaferri Portugal","isPartOf":{"@id":"https:\/\/www.maccaferri.com\/pt\/#website"},"primaryImageOfPage":{"@id":"https:\/\/www.maccaferri.com\/pt\/pessoas-carreiras\/#primaryimage"},"image":{"@id":"https:\/\/www.maccaferri.com\/pt\/pessoas-carreiras\/#primaryimage"},"thumbnailUrl":"https:\/\/www.maccaferri.com\/wp-content\/uploads\/2024\/12\/maccaferri-people-careers.jpeg","datePublished":"2022-07-29T09:46:56+00:00","dateModified":"2025-02-13T15:08:06+00:00","description":"Excerpt","inLanguage":"pt-BR","potentialAction":[{"@type":"ReadAction","target":["https:\/\/www.maccaferri.com\/pt\/pessoas-carreiras\/"]}]},{"@type":"ImageObject","inLanguage":"pt-BR","@id":"https:\/\/www.maccaferri.com\/pt\/pessoas-carreiras\/#primaryimage","url":"https:\/\/www.maccaferri.com\/wp-content\/uploads\/2024\/12\/maccaferri-people-careers.jpeg","contentUrl":"https:\/\/www.maccaferri.com\/wp-content\/uploads\/2024\/12\/maccaferri-people-careers.jpeg"},{"@type":"WebSite","@id":"https:\/\/www.maccaferri.com\/pt\/#website","url":"https:\/\/www.maccaferri.com\/pt\/","name":"Maccaferri Portugal","description":"","publisher":{"@id":"https:\/\/www.maccaferri.com\/pt\/#organization"},"potentialAction":[{"@type":"SearchAction","target":{"@type":"EntryPoint","urlTemplate":"https:\/\/www.maccaferri.com\/pt\/?s={search_term_string}"},"query-input":{"@type":"PropertyValueSpecification","valueRequired":true,"valueName":"search_term_string"}}],"inLanguage":"pt-BR"},{"@type":"Organization","@id":"https:\/\/www.maccaferri.com\/pt\/#organization","name":"Maccaferri Portugal","url":"https:\/\/www.maccaferri.com\/pt\/","logo":{"@type":"ImageObject","inLanguage":"pt-BR","@id":"https:\/\/www.maccaferri.com\/pt\/#\/schema\/logo\/image\/","url":"https:\/\/www.maccaferri.com\/pt\/wp-content\/uploads\/2022\/07\/logo-maccaferri.png","contentUrl":"https:\/\/www.maccaferri.com\/pt\/wp-content\/uploads\/2022\/07\/logo-maccaferri.png","width":152,"height":32,"caption":"Maccaferri Portugal"},"image":{"@id":"https:\/\/www.maccaferri.com\/pt\/#\/schema\/logo\/image\/"}}]}},"_links":{"self":[{"href":"https:\/\/www.maccaferri.com\/pt\/wp-json\/wp\/v2\/pages\/1401","targetHints":{"allow":["GET"]}}],"collection":[{"href":"https:\/\/www.maccaferri.com\/pt\/wp-json\/wp\/v2\/pages"}],"about":[{"href":"https:\/\/www.maccaferri.com\/pt\/wp-json\/wp\/v2\/types\/page"}],"author":[{"embeddable":true,"href":"https:\/\/www.maccaferri.com\/pt\/wp-json\/wp\/v2\/users\/1"}],"replies":[{"embeddable":true,"href":"https:\/\/www.maccaferri.com\/pt\/wp-json\/wp\/v2\/comments?post=1401"}],"version-history":[{"count":119,"href":"https:\/\/www.maccaferri.com\/pt\/wp-json\/wp\/v2\/pages\/1401\/revisions"}],"predecessor-version":[{"id":60670,"href":"https:\/\/www.maccaferri.com\/pt\/wp-json\/wp\/v2\/pages\/1401\/revisions\/60670"}],"wp:attachment":[{"href":"https:\/\/www.maccaferri.com\/pt\/wp-json\/wp\/v2\/media?parent=1401"}],"curies":[{"name":"wp","href":"https:\/\/api.w.org\/{rel}","templated":true}]}}