{"id":83059,"date":"2023-08-30T17:10:50","date_gmt":"2023-08-30T15:10:50","guid":{"rendered":"https:\/\/www.maccaferri.com\/pl\/?page_id=83059"},"modified":"2025-03-10T09:56:57","modified_gmt":"2025-03-10T08:56:57","slug":"geosynthetics","status":"publish","type":"page","link":"https:\/\/www.maccaferri.com\/pl\/geosynthetics\/","title":{"rendered":"GEOSYNTHETICS"},"content":{"rendered":"<div class=\"wp-block-mac-slider-hero-block hero-slider\"><div id=\"hero81\" class=\"carousel slide\" data-bs-ride=\"true\"><ol class=\"carousel-indicators box-container\"><li data-bs-target=\"#hero81\" data-bs-slide-to=\"0\" class=\"active\"><\/li><\/ol><div class=\"carousel-inner\"><div class=\"carousel-item active\"><div class=\"hero\"><div class=\"gts__picture\"><img decoding=\"async\" src=\"https:\/\/www.maccaferri.com\/pl\/wp-content\/uploads\/2023\/08\/Header-pagine-Nuovo-sito-10.png\" style=\"display:none\"\/><div class=\"gts__picture__image\" style=\"background-image:url(https:\/\/www.maccaferri.com\/pl\/wp-content\/uploads\/2023\/08\/Header-pagine-Nuovo-sito-10.png)\"><\/div><\/div><div class=\"container box-container\"><div class=\"row\"><div class=\"col-12 col-lg-6 col-xl-6 col-xxl-6\"><p><span class=\"hero-index\" style=\"display:none\">0<\/span><\/p><h2 class=\"hero-text-container\"><span class=\"hero-text\">GEOSYNTHETICS<\/span><\/h2><a class=\"hero-buttonurl\" href=\"#download\"><span class=\"hero-buttontext\">Strefa pobierania tutaj<\/span><\/a><\/div><\/div><\/div><\/div><\/div><\/div><button class=\"carousel-control-prev\" href=\"#hero81\" type=\"button\" data-bs-slide=\"prev\"><span class=\"carousel-control-prev-icon\" aria-hidden=\"true\"><\/span><span class=\"visually-hidden\">Previous<\/span><\/button><button class=\"carousel-control-next\" href=\"#hero81\" type=\"button\" data-bs-slide=\"next\"><span class=\"carousel-control-next-icon\" aria-hidden=\"true\"><\/span><span class=\"visually-hidden\">Next<\/span><\/button><\/div><\/div><div style=\"height:70px\" aria-hidden=\"true\" class=\"wp-block-spacer\"><\/div><div class=\"wp-block-mac-h2-title-block block-txt-container box-container\"><div class=\"row\"><div class=\"col title-box-txt\"><h2 style=\"color:#212429;text-align:none\">\u015aWIAT GEOSYNTETYK\u00d3W<\/h2><\/div><\/div><\/div><div class=\"wp-block-mac-container-block box-container\"><div class=\"wp-block-columns is-layout-flex wp-container-core-columns-is-layout-9d6595d7 wp-block-columns-is-layout-flex\"><div class=\"wp-block-column is-layout-flow wp-block-column-is-layout-flow\"><p>Geosyntetyki s\u0105 cz\u0119sto wykorzystywane, m.in. do zbrojenia gruntu, zwi\u0119kszania jego no\u015bno\u015bci, poprawy trwa\u0142o\u015bci autostrad, podtrzymywania nasyp\u00f3w, zapobiegania zanieczyszczeniu gruntu odciekami ze sk\u0142adowisk odpad\u00f3w oraz ograniczania erozji.<\/p>\n\n<p>Parametry techniczne i w\u0142a\u015bciwo\u015bci u\u017cytkowe geosyntetyk\u00f3w pozwlaj\u0105 im zast\u0105pi\u0107 w budownictwie materia\u0142y naturalne.<\/p>\n\n<p>Zmniejszaj\u0105 koszty projekt\u00f3w oraz wp\u0142yw na \u015brodowisko w por\u00f3wnaniu z tradycyjnymi metodami budowlanymi.<\/p>\n\n<p>Nasze geosyntetyki s\u0105 odpowiednie do:<\/p>\n\n<ul class=\"wp-block-list\"><li>Zbrojenia<\/li>\n\n<li>Stabilizacji i zbrojenia asfaltu<\/li>\n\n<li>Drena\u017cu<\/li>\n\n<li>Rozdzielania, filtracji i zabezpieczenia<\/li>\n\n<li>System\u00f3w barier<\/li>\n\n<li>Zabezpieczenia przed erozj\u0105<\/li><\/ul><\/div><\/div><\/div><div style=\"height:52px\" aria-hidden=\"true\" class=\"wp-block-spacer\"><\/div><div class=\"wp-block-mac-container-block box-container\"><div class=\"wp-block-columns is-layout-flex wp-container-core-columns-is-layout-9d6595d7 wp-block-columns-is-layout-flex\"><div class=\"wp-block-column is-layout-flow wp-block-column-is-layout-flow\"><p style=\"font-size:25px\"><strong>ZBROJENIE<\/strong><\/p>\n\n<p>Od ponad 30 lat geosiatki wzmacniaj\u0105 pod\u0142o\u017ce, zwi\u0119kszaj\u0105c jego no\u015bno\u015b\u0107, redukuj\u0105c osiadanie i umo\u017cliwiaj\u0105c budow\u0119 stromych skarp oraz nasyp\u00f3w.<\/p><\/div>\n\n<div class=\"wp-block-column is-layout-flow wp-block-column-is-layout-flow\"><p style=\"font-size:25px\"><strong>STABILIZACJA I ZBROJENIE ASFALTU<\/strong><\/p>\n\n<p>Niezale\u017cnie od tego, czy budujesz podtorze kolejowe, \u017cwirow\u0105 \u015bcie\u017ck\u0119 le\u015bn\u0105 na gruncie o niskiej no\u015bno\u015bci czy odnawiasz nawierzchni\u0119 wielopasmowej autostrady obci\u0105\u017conej codziennym ruchem tysi\u0119cy pojazd\u00f3w, nasze technologie poprawiaj\u0105 trwa\u0142o\u015b\u0107 i wydajno\u015b\u0107 ka\u017cdej z tych konstrukcji.<\/p><\/div><\/div><\/div><div style=\"height:50px\" aria-hidden=\"true\" class=\"wp-block-spacer\"><\/div><div class=\"wp-block-mac-container-block box-container\"><div class=\"wp-block-columns is-layout-flex wp-container-core-columns-is-layout-9d6595d7 wp-block-columns-is-layout-flex\"><div class=\"wp-block-column is-layout-flow wp-block-column-is-layout-flow\"><p style=\"font-size:25px\"><strong>DRENA\u017b<\/strong><\/p>\n\n<p>Nadmiar wody w gruncie os\u0142abia go, powoduj\u0105c r\u00f3\u017cne problemy. Kontrola wody za murami oporowymi, autostradami, tunelami i pokryciami ekologicznymi jest kluczowa dla d\u0142ugoterminowej trwa\u0142o\u015bci konstrukcji.<\/p><\/div>\n\n<div class=\"wp-block-column is-layout-flow wp-block-column-is-layout-flow\"><p style=\"font-size:25px\"><strong>ROZDZIELANIE\/ FILTRACJA\/ ZABEZPIECZENIE<\/strong><\/p>\n\n<p>Nasze geow\u0142\u00f3kniny s\u0105 obecnie wykorzystywane w wielu projektach geotechnicznych i hydrotechnicznych.<\/p><\/div><\/div><\/div><div style=\"height:50px\" aria-hidden=\"true\" class=\"wp-block-spacer\"><\/div><div class=\"wp-block-mac-container-block box-container\"><div class=\"wp-block-columns is-layout-flex wp-container-core-columns-is-layout-9d6595d7 wp-block-columns-is-layout-flex\"><div class=\"wp-block-column is-layout-flow wp-block-column-is-layout-flow\"><p style=\"font-size:25px\"><strong>SYSTEM BARIER<\/strong><\/p>\n\n<p>Geomembrany zapobiegaj\u0105 przenikaniu substancji szkodliwych do w\u00f3d gruntowych, uszczelniaj\u0105 sk\u0142adowiska odpad\u00f3w oraz chroni\u0105 tunele przed infiltracj\u0105 w\u00f3d podziemnych, lub do tworzenia zbiornik\u00f3w retencyjnych w ramach zagospodarowania terenu.<\/p><\/div>\n\n<div class=\"wp-block-column is-layout-flow wp-block-column-is-layout-flow\"><p style=\"font-size:25px\"><strong>OCHRONA PRZED EROZJ\u0104<\/strong><\/p>\n\n<p>Wszystkie naturalne zbocza i powierzchnie s\u0105 nara\u017cone na ci\u0105g\u0142e dzia\u0142anie si\u0142 erozji. Aby przeciwdzia\u0142a\u0107 kosztownej utracie grunt\u00f3w, Maccaferri oferuje kompleksowe systemy ochrony przeciwerozyjnej, dostosowane do przewidywanej intensywno\u015bci erozji oraz specyficznych warunk\u00f3w \u015brodowiskowych.<\/p><\/div><\/div><\/div><div style=\"height:100px\" aria-hidden=\"true\" class=\"wp-block-spacer\"><\/div><div class=\"wp-block-mac-h2-title-block block-txt-container box-container\"><div class=\"row\"><div class=\"col title-box-txt\"><h2 style=\"color:#212429;text-align:none\">Historia sukcesu: Sk\u0142adowisko odpad\u00f3w Micorosa<\/h2><\/div><\/div><\/div><div class=\"wp-block-mac-container-block box-container\"><div class=\"wp-block-columns is-layout-flex wp-container-core-columns-is-layout-9d6595d7 wp-block-columns-is-layout-flex\"><div class=\"wp-block-column is-vertically-aligned-center is-layout-flow wp-block-column-is-layout-flow\"><figure class=\"wp-block-video aligncenter\"><video height=\"494\" style=\"aspect-ratio: 740 \/ 494;\" width=\"740\" controls poster=\"https:\/\/www.maccaferri.com\/wp-content\/uploads\/2024\/10\/immagine-15.png\" src=\"https:\/\/www.maccaferri.com\/wp-content\/uploads\/2023\/09\/Untitled-3.mp4\"><\/video><figcaption class=\"wp-element-caption\"><strong>Interwencja rekultywacyjna na sk\u0142adowisku odpad\u00f3w Micorosa (Brindisi, W\u0142ochy)<\/strong><\/figcaption><\/figure><\/div><\/div><\/div><div style=\"height:60px\" aria-hidden=\"true\" class=\"wp-block-spacer\"><\/div><div style=\"height:40px\" aria-hidden=\"true\" class=\"wp-block-spacer\"><\/div><div class=\"wp-block-mac-h2-title-block block-txt-container box-container\"><div class=\"row\"><div class=\"col title-box-txt\"><h2 style=\"color:#212429;text-align:none\">Nadchodz\u0105ce Webinarium<\/h2><\/div><\/div><\/div><div class=\"wp-block-mac-container-block box-container\"><div class=\"wp-block-columns is-layout-flex wp-container-core-columns-is-layout-9d6595d7 wp-block-columns-is-layout-flex\"><div class=\"wp-block-column is-layout-flow wp-block-column-is-layout-flow\"><div class=\"wp-block-mac-card-height-block block-card-height-block-container\"><div class=\"card\"><div class=\"content-images\"><img decoding=\"async\" class=\"box-image\" src=\"https:\/\/www.maccaferri.com\/pl\/wp-content\/uploads\/2023\/10\/5.jpeg\" alt=\"Image Stories\"\/><\/div><div class=\"card-body\"><h6 class=\"wp-block-mac-card-height-block\" style=\"color:#212429\">Sustainable water management in civil engineering structures<br><\/h6><span class=\"abstract\" style=\"color:#212429\"><\/span><a href=\"https:\/\/www.maccaferri.com\/pl\/webinary\/sustainable-water-management-in-civil-engineering-structures-3\/\" target=\"_blank\" class=\"cta\" rel=\"noopener\"><span class=\"text\" style=\"color:#004857\">LINK <\/span><\/a><div class=\"star\"><span class=\"material-symbols-rounded starrate\">star<\/span><\/div><\/div><\/div><\/div><\/div>\n\n<div class=\"wp-block-column is-layout-flow wp-block-column-is-layout-flow\"><div class=\"wp-block-mac-card-height-block block-card-height-block-container\"><div class=\"card\"><div class=\"content-images\"><img decoding=\"async\" class=\"box-image\" src=\"https:\/\/www.maccaferri.com\/pl\/wp-content\/uploads\/2023\/10\/4.jpeg\" alt=\"Image Stories\"\/><\/div><div class=\"card-body\"><h6 class=\"wp-block-mac-card-height-block\" style=\"color:#212429\">How to prevent soil erosion while promoting the establishment of vegetation<br><\/h6><span class=\"abstract\" style=\"color:#212429\"><\/span><a href=\"https:\/\/www.maccaferri.com\/pl\/webinary\/how-to-prevent-soil-erosion-while-promoting-the-establishment-of-vegetation\/\" target=\"_blank\" class=\"cta\" rel=\"noopener\"><span class=\"text\" style=\"color:#004857\">LINK <\/span><\/a><div class=\"star\"><span class=\"material-symbols-rounded starrate\">star<\/span><\/div><\/div><\/div><\/div><\/div>\n\n<div class=\"wp-block-column is-layout-flow wp-block-column-is-layout-flow\"><div class=\"wp-block-mac-card-height-block block-card-height-block-container\"><div class=\"card\"><div class=\"content-images\"><img decoding=\"async\" class=\"box-image\" src=\"https:\/\/www.maccaferri.com\/pl\/wp-content\/uploads\/2023\/09\/6.png\" alt=\"Image Stories\"\/><\/div><div class=\"card-body\"><h6 class=\"wp-block-mac-card-height-block\" style=\"color:#212429\">The Evolution of Geosynthetics: from the origins to the modern advanced solutions<br><\/h6><span class=\"abstract\" style=\"color:#212429\"><\/span><a href=\"https:\/\/www.maccaferri.com\/pl\/webinary\/geosynthetic-revolution\/\" target=\"_blank\" class=\"cta\" rel=\"noopener\"><span class=\"text\" style=\"color:#004857\">LINK <\/span><\/a><div class=\"star\"><span class=\"material-symbols-rounded starrate\">star<\/span><\/div><\/div><\/div><\/div><\/div><\/div><\/div><div class=\"wp-block-mac-container-block box-container\"><div class=\"wp-block-columns is-layout-flex wp-container-core-columns-is-layout-9d6595d7 wp-block-columns-is-layout-flex\"><div class=\"wp-block-column is-layout-flow wp-block-column-is-layout-flow\"><div class=\"wp-block-buttons is-layout-flex wp-block-buttons-is-layout-flex\"><div class=\"wp-block-button\"><a class=\"wp-block-button__link wp-element-button\" href=\"https:\/\/www.maccaferri.com\/pl\/centrum-wiedzy\/\">Dedykowane Webinarium<\/a><\/div><\/div><\/div><\/div><\/div><div style=\"height:60px\" aria-hidden=\"true\" id=\"download\" class=\"wp-block-spacer\"><\/div><div class=\"wp-block-mac-container-block box-container\"><div class=\"wp-block-columns is-layout-flex wp-container-core-columns-is-layout-9d6595d7 wp-block-columns-is-layout-flex\"><div class=\"wp-block-column is-layout-flow wp-block-column-is-layout-flow\" id=\"Download-area\"><p class=\"has-text-color\" id=\"download\" style=\"color:#4f9191;font-size:30px\">Nasze broszury i historie sukcesu, na wyci\u0105gni\u0119cie r\u0119ki!<\/p><\/div><\/div><\/div><div class=\"wp-block-mac-h2-title-block block-txt-container box-container\"><div class=\"row\"><div class=\"col title-box-txt\"><h2 style=\"color:#212429;text-align:none\">Pobierz<\/h2><\/div><\/div><\/div><div class=\"wp-block-mac-container-block box-container\"><p class=\"has-medium-font-size\">Wype\u0142nij formularz poni\u017cej, aby uzyska\u0107 dost\u0119p do naszego ekskluzywnego materia\u0142u na temat geosyntetyk\u00f3w.<\/p>\n\n<div class=\"wp-block-columns is-layout-flex wp-container-core-columns-is-layout-9d6595d7 wp-block-columns-is-layout-flex\"><div class=\"wp-block-column is-layout-flow wp-block-column-is-layout-flow\"><iframe src=\"https:\/\/www2.maccaferri.com\/l\/965143\/2025-03-06\/5tk33g\" width=\"100%\" height=\"700\" type=\"text\/html\" frameborder=\"0\" allowTransparency=\"true\" style=\"border: 0\" data-cookieconsent=\"ignore\"><\/iframe><\/div><\/div><\/div><p><\/p>","protected":false},"excerpt":{"rendered":"","protected":false},"author":11460,"featured_media":0,"parent":0,"menu_order":0,"comment_status":"closed","ping_status":"closed","template":"","meta":{"_acf_changed":false,"_joinchat":[],"footnotes":""},"class_list":["post-83059","page","type-page","status-publish","hentry"],"acf":{"uuid_products":"","product-documents":[85706]},"yoast_head":"<!-- This site is optimized with the Yoast SEO Premium plugin v27.0 (Yoast SEO v27.0) - https:\/\/yoast.com\/product\/yoast-seo-premium-wordpress\/ -->\n<title>GEOSYNTHETICS - Maccaferri Polska<\/title>\n<meta name=\"description\" content=\"0GEOSYNTHETICSStrefa pobierania tutajPreviousNext \u015aWIAT GEOSYNTETYK\u00d3W Geosyntetyki s\u0105 cz\u0119sto wykorzystywane, m.in. do zbrojenia gruntu, zwi\u0119kszania jego\" \/>\n<meta name=\"robots\" content=\"index, follow, max-snippet:-1, max-image-preview:large, max-video-preview:-1\" \/>\n<link rel=\"canonical\" href=\"https:\/\/www.maccaferri.com\/pl\/geosynthetics\/\" \/>\n<meta property=\"og:locale\" content=\"pl_PL\" \/>\n<meta property=\"og:type\" content=\"article\" \/>\n<meta property=\"og:title\" content=\"GEOSYNTHETICS - Maccaferri Polska\" \/>\n<meta property=\"og:description\" content=\"0GEOSYNTHETICSStrefa pobierania tutajPreviousNext \u015aWIAT GEOSYNTETYK\u00d3W Geosyntetyki s\u0105 cz\u0119sto wykorzystywane, m.in. do zbrojenia gruntu, zwi\u0119kszania jego\" \/>\n<meta property=\"og:url\" content=\"https:\/\/www.maccaferri.com\/pl\/geosynthetics\/\" \/>\n<meta property=\"og:site_name\" content=\"Maccaferri Polska\" \/>\n<meta property=\"article:modified_time\" content=\"2025-03-10T08:56:57+00:00\" \/>\n<meta property=\"og:image\" content=\"https:\/\/www.maccaferri.com\/pl\/wp-content\/uploads\/2023\/08\/Header-pagine-Nuovo-sito-10.png\" \/>\n<meta name=\"twitter:card\" content=\"summary_large_image\" \/>\n<meta name=\"twitter:label1\" content=\"Est. reading time\" \/>\n\t<meta name=\"twitter:data1\" content=\"3 minutes\" \/>\n<script type=\"application\/ld+json\" class=\"yoast-schema-graph\">{\"@context\":\"https:\/\/schema.org\",\"@graph\":[{\"@type\":\"WebPage\",\"@id\":\"https:\/\/www.maccaferri.com\/pl\/geosynthetics\/\",\"url\":\"https:\/\/www.maccaferri.com\/pl\/geosynthetics\/\",\"name\":\"GEOSYNTHETICS - Maccaferri Polska\",\"isPartOf\":{\"@id\":\"https:\/\/www.maccaferri.com\/pl\/#website\"},\"primaryImageOfPage\":{\"@id\":\"https:\/\/www.maccaferri.com\/pl\/geosynthetics\/#primaryimage\"},\"image\":{\"@id\":\"https:\/\/www.maccaferri.com\/pl\/geosynthetics\/#primaryimage\"},\"thumbnailUrl\":\"https:\/\/www.maccaferri.com\/pl\/wp-content\/uploads\/2023\/08\/Header-pagine-Nuovo-sito-10.png\",\"datePublished\":\"2023-08-30T15:10:50+00:00\",\"dateModified\":\"2025-03-10T08:56:57+00:00\",\"description\":\"0GEOSYNTHETICSStrefa pobierania tutajPreviousNext \u015aWIAT GEOSYNTETYK\u00d3W Geosyntetyki s\u0105 cz\u0119sto wykorzystywane, m.in. do zbrojenia gruntu, zwi\u0119kszania jego\",\"inLanguage\":\"pl-PL\",\"potentialAction\":[{\"@type\":\"ReadAction\",\"target\":[\"https:\/\/www.maccaferri.com\/pl\/geosynthetics\/\"]}]},{\"@type\":\"ImageObject\",\"inLanguage\":\"pl-PL\",\"@id\":\"https:\/\/www.maccaferri.com\/pl\/geosynthetics\/#primaryimage\",\"url\":\"https:\/\/www.maccaferri.com\/pl\/wp-content\/uploads\/2023\/08\/Header-pagine-Nuovo-sito-10.png\",\"contentUrl\":\"https:\/\/www.maccaferri.com\/pl\/wp-content\/uploads\/2023\/08\/Header-pagine-Nuovo-sito-10.png\",\"width\":1915,\"height\":530},{\"@type\":\"WebSite\",\"@id\":\"https:\/\/www.maccaferri.com\/pl\/#website\",\"url\":\"https:\/\/www.maccaferri.com\/pl\/\",\"name\":\"Maccaferri Polska\",\"description\":\"\",\"publisher\":{\"@id\":\"https:\/\/www.maccaferri.com\/pl\/#organization\"},\"potentialAction\":[{\"@type\":\"SearchAction\",\"target\":{\"@type\":\"EntryPoint\",\"urlTemplate\":\"https:\/\/www.maccaferri.com\/pl\/?s={search_term_string}\"},\"query-input\":{\"@type\":\"PropertyValueSpecification\",\"valueRequired\":true,\"valueName\":\"search_term_string\"}}],\"inLanguage\":\"pl-PL\"},{\"@type\":\"Organization\",\"@id\":\"https:\/\/www.maccaferri.com\/pl\/#organization\",\"name\":\"Maccaferri Polska\",\"url\":\"https:\/\/www.maccaferri.com\/pl\/\",\"logo\":{\"@type\":\"ImageObject\",\"inLanguage\":\"pl-PL\",\"@id\":\"https:\/\/www.maccaferri.com\/pl\/#\/schema\/logo\/image\/\",\"url\":\"https:\/\/www.maccaferri.com\/pl\/wp-content\/uploads\/2022\/07\/logo-maccaferri.png\",\"contentUrl\":\"https:\/\/www.maccaferri.com\/pl\/wp-content\/uploads\/2022\/07\/logo-maccaferri.png\",\"width\":152,\"height\":32,\"caption\":\"Maccaferri Polska\"},\"image\":{\"@id\":\"https:\/\/www.maccaferri.com\/pl\/#\/schema\/logo\/image\/\"}}]}<\/script>\n<!-- \/ Yoast SEO Premium plugin. -->","yoast_head_json":{"title":"GEOSYNTHETICS - Maccaferri Polska","description":"0GEOSYNTHETICSStrefa pobierania tutajPreviousNext \u015aWIAT GEOSYNTETYK\u00d3W Geosyntetyki s\u0105 cz\u0119sto wykorzystywane, m.in. do zbrojenia gruntu, zwi\u0119kszania jego","robots":{"index":"index","follow":"follow","max-snippet":"max-snippet:-1","max-image-preview":"max-image-preview:large","max-video-preview":"max-video-preview:-1"},"canonical":"https:\/\/www.maccaferri.com\/pl\/geosynthetics\/","og_locale":"pl_PL","og_type":"article","og_title":"GEOSYNTHETICS - Maccaferri Polska","og_description":"0GEOSYNTHETICSStrefa pobierania tutajPreviousNext \u015aWIAT GEOSYNTETYK\u00d3W Geosyntetyki s\u0105 cz\u0119sto wykorzystywane, m.in. do zbrojenia gruntu, zwi\u0119kszania jego","og_url":"https:\/\/www.maccaferri.com\/pl\/geosynthetics\/","og_site_name":"Maccaferri Polska","article_modified_time":"2025-03-10T08:56:57+00:00","og_image":[{"url":"https:\/\/www.maccaferri.com\/pl\/wp-content\/uploads\/2023\/08\/Header-pagine-Nuovo-sito-10.png","type":"","width":"","height":""}],"twitter_card":"summary_large_image","twitter_misc":{"Est. reading time":"3 minutes"},"schema":{"@context":"https:\/\/schema.org","@graph":[{"@type":"WebPage","@id":"https:\/\/www.maccaferri.com\/pl\/geosynthetics\/","url":"https:\/\/www.maccaferri.com\/pl\/geosynthetics\/","name":"GEOSYNTHETICS - Maccaferri Polska","isPartOf":{"@id":"https:\/\/www.maccaferri.com\/pl\/#website"},"primaryImageOfPage":{"@id":"https:\/\/www.maccaferri.com\/pl\/geosynthetics\/#primaryimage"},"image":{"@id":"https:\/\/www.maccaferri.com\/pl\/geosynthetics\/#primaryimage"},"thumbnailUrl":"https:\/\/www.maccaferri.com\/pl\/wp-content\/uploads\/2023\/08\/Header-pagine-Nuovo-sito-10.png","datePublished":"2023-08-30T15:10:50+00:00","dateModified":"2025-03-10T08:56:57+00:00","description":"0GEOSYNTHETICSStrefa pobierania tutajPreviousNext \u015aWIAT GEOSYNTETYK\u00d3W Geosyntetyki s\u0105 cz\u0119sto wykorzystywane, m.in. do zbrojenia gruntu, zwi\u0119kszania jego","inLanguage":"pl-PL","potentialAction":[{"@type":"ReadAction","target":["https:\/\/www.maccaferri.com\/pl\/geosynthetics\/"]}]},{"@type":"ImageObject","inLanguage":"pl-PL","@id":"https:\/\/www.maccaferri.com\/pl\/geosynthetics\/#primaryimage","url":"https:\/\/www.maccaferri.com\/pl\/wp-content\/uploads\/2023\/08\/Header-pagine-Nuovo-sito-10.png","contentUrl":"https:\/\/www.maccaferri.com\/pl\/wp-content\/uploads\/2023\/08\/Header-pagine-Nuovo-sito-10.png","width":1915,"height":530},{"@type":"WebSite","@id":"https:\/\/www.maccaferri.com\/pl\/#website","url":"https:\/\/www.maccaferri.com\/pl\/","name":"Maccaferri Polska","description":"","publisher":{"@id":"https:\/\/www.maccaferri.com\/pl\/#organization"},"potentialAction":[{"@type":"SearchAction","target":{"@type":"EntryPoint","urlTemplate":"https:\/\/www.maccaferri.com\/pl\/?s={search_term_string}"},"query-input":{"@type":"PropertyValueSpecification","valueRequired":true,"valueName":"search_term_string"}}],"inLanguage":"pl-PL"},{"@type":"Organization","@id":"https:\/\/www.maccaferri.com\/pl\/#organization","name":"Maccaferri Polska","url":"https:\/\/www.maccaferri.com\/pl\/","logo":{"@type":"ImageObject","inLanguage":"pl-PL","@id":"https:\/\/www.maccaferri.com\/pl\/#\/schema\/logo\/image\/","url":"https:\/\/www.maccaferri.com\/pl\/wp-content\/uploads\/2022\/07\/logo-maccaferri.png","contentUrl":"https:\/\/www.maccaferri.com\/pl\/wp-content\/uploads\/2022\/07\/logo-maccaferri.png","width":152,"height":32,"caption":"Maccaferri Polska"},"image":{"@id":"https:\/\/www.maccaferri.com\/pl\/#\/schema\/logo\/image\/"}}]}},"_links":{"self":[{"href":"https:\/\/www.maccaferri.com\/pl\/wp-json\/wp\/v2\/pages\/83059","targetHints":{"allow":["GET"]}}],"collection":[{"href":"https:\/\/www.maccaferri.com\/pl\/wp-json\/wp\/v2\/pages"}],"about":[{"href":"https:\/\/www.maccaferri.com\/pl\/wp-json\/wp\/v2\/types\/page"}],"author":[{"embeddable":true,"href":"https:\/\/www.maccaferri.com\/pl\/wp-json\/wp\/v2\/users\/11460"}],"replies":[{"embeddable":true,"href":"https:\/\/www.maccaferri.com\/pl\/wp-json\/wp\/v2\/comments?post=83059"}],"version-history":[{"count":10,"href":"https:\/\/www.maccaferri.com\/pl\/wp-json\/wp\/v2\/pages\/83059\/revisions"}],"predecessor-version":[{"id":88176,"href":"https:\/\/www.maccaferri.com\/pl\/wp-json\/wp\/v2\/pages\/83059\/revisions\/88176"}],"acf:post":[{"embeddable":true,"href":"https:\/\/www.maccaferri.com\/pl\/wp-json\/wp\/v2\/wpdmpro\/85706"}],"wp:attachment":[{"href":"https:\/\/www.maccaferri.com\/pl\/wp-json\/wp\/v2\/media?parent=83059"}],"curies":[{"name":"wp","href":"https:\/\/api.w.org\/{rel}","templated":true}]}}