{"id":83044,"date":"2023-11-28T16:43:23","date_gmt":"2023-11-28T15:43:23","guid":{"rendered":"https:\/\/www.maccaferri.com\/pl\/?page_id=83044"},"modified":"2025-03-10T11:03:03","modified_gmt":"2025-03-10T10:03:03","slug":"snow-avalanche-mitigation","status":"publish","type":"page","link":"https:\/\/www.maccaferri.com\/pl\/snow-avalanche-mitigation\/","title":{"rendered":"SNOW AVALANCHE MITIGATION"},"content":{"rendered":"<div class=\"wp-block-mac-slider-hero-block hero-slider\"><div id=\"hero13\" class=\"carousel slide\" data-bs-ride=\"true\"><ol class=\"carousel-indicators box-container\"><li data-bs-target=\"#hero13\" data-bs-slide-to=\"0\" class=\"active\"><\/li><\/ol><div class=\"carousel-inner\"><div class=\"carousel-item active\"><div class=\"hero\"><div class=\"gts__picture\"><img decoding=\"async\" src=\"https:\/\/www.maccaferri.com\/pl\/wp-content\/uploads\/2023\/11\/ama-dablam-2064522_1920.jpg\" style=\"display:none\"\/><div class=\"gts__picture__image\" style=\"background-image:url(https:\/\/www.maccaferri.com\/pl\/wp-content\/uploads\/2023\/11\/ama-dablam-2064522_1920.jpg)\"><\/div><\/div><div class=\"container box-container\"><div class=\"row\"><div class=\"col-12 col-lg-6 col-xl-6 col-xxl-6\"><p><span class=\"hero-index\" style=\"display:none\">0<\/span><\/p><h2 class=\"hero-text-container\"><span class=\"hero-text\">ZAPOBIEGANIE LAWINOM \u015aNIE\u017bNYM<\/span><\/h2><a class=\"hero-buttonurl\" href=\"#download\"><span class=\"hero-buttontext\">Pobierz<\/span><\/a><\/div><\/div><\/div><\/div><\/div><\/div><button class=\"carousel-control-prev\" href=\"#hero13\" type=\"button\" data-bs-slide=\"prev\"><span class=\"carousel-control-prev-icon\" aria-hidden=\"true\"><\/span><span class=\"visually-hidden\">Previous<\/span><\/button><button class=\"carousel-control-next\" href=\"#hero13\" type=\"button\" data-bs-slide=\"next\"><span class=\"carousel-control-next-icon\" aria-hidden=\"true\"><\/span><span class=\"visually-hidden\">Next<\/span><\/button><\/div><\/div><div style=\"height:30px\" aria-hidden=\"true\" class=\"wp-block-spacer\"><\/div><div style=\"height:50px\" aria-hidden=\"true\" class=\"wp-block-spacer\"><\/div><div class=\"wp-block-mac-h2-title-block block-txt-container box-container\"><div class=\"row\"><div class=\"col title-box-txt\"><h2 style=\"color:#212429;text-align:none\">OCHRONA SZCZYT\u00d3W, SPRAWDZONA INNOWACJA<\/h2><\/div><\/div><\/div><div style=\"height:20px\" aria-hidden=\"true\" class=\"wp-block-spacer\"><\/div><div class=\"wp-block-mac-container-block box-container\"><div class=\"wp-block-columns is-layout-flex wp-container-core-columns-is-layout-9d6595d7 wp-block-columns-is-layout-flex\"><div class=\"wp-block-column is-layout-flow wp-block-column-is-layout-flow\"><figure class=\"wp-block-image size-large\"><img fetchpriority=\"high\" decoding=\"async\" width=\"1024\" height=\"537\" src=\"https:\/\/www.maccaferri.com\/pl\/wp-content\/uploads\/2023\/11\/illustrazione_snow_valanga_consfondo-1024x537.jpg\" alt=\"\" class=\"wp-image-56272\" srcset=\"https:\/\/www.maccaferri.com\/pl\/wp-content\/uploads\/2023\/11\/illustrazione_snow_valanga_consfondo-1024x537.jpg 1024w, https:\/\/www.maccaferri.com\/pl\/wp-content\/uploads\/2023\/11\/illustrazione_snow_valanga_consfondo-300x157.jpg 300w, https:\/\/www.maccaferri.com\/pl\/wp-content\/uploads\/2023\/11\/illustrazione_snow_valanga_consfondo-768x403.jpg 768w, https:\/\/www.maccaferri.com\/pl\/wp-content\/uploads\/2023\/11\/illustrazione_snow_valanga_consfondo-120x63.jpg 120w, https:\/\/www.maccaferri.com\/pl\/wp-content\/uploads\/2023\/11\/illustrazione_snow_valanga_consfondo.jpg 1500w\" sizes=\"(max-width: 1024px) 100vw, 1024px\" \/><\/figure>\n\n<div style=\"height:30px\" aria-hidden=\"true\" class=\"wp-block-spacer\"><\/div>\n\n<p class=\"has-text-align-center\">Zdumiewaj\u0105ca si\u0142a lawin, zdolna do przenoszenia ton \u015bniegu i gruzu z olbrzymimi pr\u0119dko\u015bciami, podkre\u015bla konieczno\u015b\u0107 wdra\u017cania skutecznych system\u00f3w minimalizuj\u0105cych ich ryzyko oraz chroni\u0105cych infrastruktur\u0119 i \u017cycie ludzkie.<\/p><\/div>\n\n<div class=\"wp-block-column is-layout-flow wp-block-column-is-layout-flow\"><figure class=\"wp-block-image size-large\"><img decoding=\"async\" width=\"1024\" height=\"537\" src=\"https:\/\/www.maccaferri.com\/pl\/wp-content\/uploads\/2023\/11\/illustrazione_snow_con-sfondo_v.3-1024x537.jpg\" alt=\"\" class=\"wp-image-56274\" srcset=\"https:\/\/www.maccaferri.com\/pl\/wp-content\/uploads\/2023\/11\/illustrazione_snow_con-sfondo_v.3-1024x537.jpg 1024w, https:\/\/www.maccaferri.com\/pl\/wp-content\/uploads\/2023\/11\/illustrazione_snow_con-sfondo_v.3-300x157.jpg 300w, https:\/\/www.maccaferri.com\/pl\/wp-content\/uploads\/2023\/11\/illustrazione_snow_con-sfondo_v.3-768x403.jpg 768w, https:\/\/www.maccaferri.com\/pl\/wp-content\/uploads\/2023\/11\/illustrazione_snow_con-sfondo_v.3-120x63.jpg 120w, https:\/\/www.maccaferri.com\/pl\/wp-content\/uploads\/2023\/11\/illustrazione_snow_con-sfondo_v.3.jpg 1500w\" sizes=\"(max-width: 1024px) 100vw, 1024px\" \/><\/figure>\n\n<div style=\"height:30px\" aria-hidden=\"true\" class=\"wp-block-spacer\"><\/div>\n\n<p class=\"has-text-align-center\">Dzi\u0119ki wieloletniemu do\u015bwiadczeniu, Maccaferri jest godnym zaufania liderem w zakresie \u0142agodzenia skutk\u00f3w lawin, oferuj\u0105c sprawdzone rozwi\u0105zania w najtrudniejszych warunkach zimowych i wymagaj\u0105cym \u015brodowisku.<\/p><\/div><\/div><\/div><div style=\"height:50px\" aria-hidden=\"true\" class=\"wp-block-spacer\"><\/div><div class=\"wp-block-mac-h2-title-block block-txt-container box-container\"><div class=\"row\"><div class=\"col title-box-txt\"><h2 style=\"color:#212429;text-align:none\">NASZE PORTFOLIO<\/h2><\/div><\/div><\/div><div style=\"height:20px\" aria-hidden=\"true\" class=\"wp-block-spacer\"><\/div><div class=\"wp-block-mac-container-block box-container\"><div class=\"wp-block-columns is-layout-flex wp-container-core-columns-is-layout-9d6595d7 wp-block-columns-is-layout-flex\"><div class=\"wp-block-column is-layout-flow wp-block-column-is-layout-flow\"><div class=\"container-fluid carousel-image-gallery\">\n        <div class=\"row\">\n            <div id=\"carouselImageblock_004705a80af7518cded539934023ce13\" class=\"carousel slide carouselImageGallery\" data-bs-ride=\"carousel\">\n                <!-- \/\/ Indicators -->\n                <ol class=\"carousel-indicators\">\n                                            <li data-bs-target=\"#carouselImageblock_004705a80af7518cded539934023ce13\" data-bs-slide-to=\"0\" class=\"active\" aria-current=\"true\" aria-label=\"Slide\"><\/li>\n                                            <li data-bs-target=\"#carouselImageblock_004705a80af7518cded539934023ce13\" data-bs-slide-to=\"1\" class=\"\" aria-current=\"true\" aria-label=\"Slide\"><\/li>\n                                            <li data-bs-target=\"#carouselImageblock_004705a80af7518cded539934023ce13\" data-bs-slide-to=\"2\" class=\"\" aria-current=\"true\" aria-label=\"Slide\"><\/li>\n                                            <li data-bs-target=\"#carouselImageblock_004705a80af7518cded539934023ce13\" data-bs-slide-to=\"3\" class=\"\" aria-current=\"true\" aria-label=\"Slide\"><\/li>\n                                    <\/ol>\n\n                <div class=\"carousel-inner container\" role=\"listbox\">\n                                            <div class=\"carousel-item active\">\n                        <div class=\"col-12 col-lg-4 col-xl-4 col-xxl-4 space-mobile\">\n                            <div class=\"grid-item-wrapper\">\n                                <div class=\"img-responsive-wrapper\">\n                                    <div class=\"img-responsive\">\n                                        <div class=\"img-wrapper\"><img decoding=\"async\" src=\"https:\/\/www.maccaferri.com\/pl\/wp-content\/uploads\/2025\/01\/AVAMAC-10.jpg\" alt=\"\" \/><\/div>\n                                    <\/div>\n                                <\/div>\n                                <div class=\"griditem-text-wrapper text-center\">\n                                    <p class=\"griditem-text text-center\">Konstrukcje AVAMAC stabilizuj\u0105 warstwy \u015bniegu w strefach odrywania, oferuj\u0105c wyra\u017ane zalety w por\u00f3wnaniu do tradycyjnych siatek \u015bnie\u017cnych dzi\u0119ki wyspecjalizowanym komponentom.\r\n<\/p>\n                   \n                                <\/div>\n                            <\/div>\n                        <\/div>\n                        <\/div>\n                                            <div class=\"carousel-item \">\n                        <div class=\"col-12 col-lg-4 col-xl-4 col-xxl-4 space-mobile\">\n                            <div class=\"grid-item-wrapper\">\n                                <div class=\"img-responsive-wrapper\">\n                                    <div class=\"img-responsive\">\n                                        <div class=\"img-wrapper\"><img decoding=\"async\" src=\"https:\/\/www.maccaferri.com\/pl\/wp-content\/uploads\/2025\/01\/READYMAC-SNOW-10.jpg\" alt=\"\" \/><\/div>\n                                    <\/div>\n                                <\/div>\n                                <div class=\"griditem-text-wrapper text-center\">\n                                    <p class=\"griditem-text text-center\">Systemy parasolowe READYMAC SNOW, zamocowane z elastyczno\u015bci\u0105, stabilizuj\u0105 pokryw\u0119 \u015bnie\u017cn\u0105 w strefach zagro\u017conych lawinami, zapewniaj\u0105c zgodno\u015b\u0107 z przepisami i standardami naukowymi.\r\n<\/p>\n                   \n                                <\/div>\n                            <\/div>\n                        <\/div>\n                        <\/div>\n                                            <div class=\"carousel-item \">\n                        <div class=\"col-12 col-lg-4 col-xl-4 col-xxl-4 space-mobile\">\n                            <div class=\"grid-item-wrapper\">\n                                <div class=\"img-responsive-wrapper\">\n                                    <div class=\"img-responsive\">\n                                        <div class=\"img-wrapper\"><img decoding=\"async\" src=\"https:\/\/www.maccaferri.com\/pl\/wp-content\/uploads\/2025\/01\/TERRAMESH-10.jpg\" alt=\"\" \/><\/div>\n                                    <\/div>\n                                <\/div>\n                                <div class=\"griditem-text-wrapper text-center\">\n                                    <p class=\"griditem-text text-center\">Wa\u0142y ochrony przed lawinami TERRAMESH firmy Maccaferri s\u0105 starannie zaprojektowane, aby wytrzyma\u0107 si\u0142y lawin, zapewniaj\u0105c bezpiecze\u0144stwo g\u00f3rskich miast i dr\u00f3g.\r\n<\/p>\n                   \n                                <\/div>\n                            <\/div>\n                        <\/div>\n                        <\/div>\n                                            <div class=\"carousel-item \">\n                        <div class=\"col-12 col-lg-4 col-xl-4 col-xxl-4 space-mobile\">\n                            <div class=\"grid-item-wrapper\">\n                                <div class=\"img-responsive-wrapper\">\n                                    <div class=\"img-responsive\">\n                                        <div class=\"img-wrapper\"><img decoding=\"async\" src=\"https:\/\/www.maccaferri.com\/pl\/wp-content\/uploads\/2025\/01\/HELLOMAC-SNOW-10.jpg\" alt=\"\" \/><\/div>\n                                    <\/div>\n                                <\/div>\n                                <div class=\"griditem-text-wrapper text-center\">\n                                    <p class=\"griditem-text text-center\">HELLOMAC SNOW firmy Maccaferri zwi\u0119ksza bezpiecze\u0144stwo dzi\u0119ki inteligentnym rozwi\u0105zaniom i zaawansowanej technologii geotechnicznej, umo\u017cliwiaj\u0105c skuteczny monitoring o\u015bnie\u017conych stok\u00f3w i zmniejszaj\u0105c ryzyko lawin.\r\n<\/p>\n                   \n                                <\/div>\n                            <\/div>\n                        <\/div>\n                        <\/div>\n                                    <\/div>\n            <\/div>\n\n        <\/div>\n    <\/div><\/div><\/div><\/div><div style=\"height:100px\" aria-hidden=\"true\" class=\"wp-block-spacer\"><\/div><div class=\"wp-block-mac-h2-title-block block-txt-container box-container\"><div class=\"row\"><div class=\"col title-box-txt\"><h2 style=\"color:#212429;text-align:none\">DEDYKOWANE WEBINARIUM<\/h2><\/div><\/div><\/div><div style=\"height:20px\" aria-hidden=\"true\" class=\"wp-block-spacer\"><\/div><div class=\"wp-block-mac-container-block box-container\"><div class=\"wp-block-columns is-layout-flex wp-container-core-columns-is-layout-9d6595d7 wp-block-columns-is-layout-flex\"><div class=\"wp-block-column is-layout-flow wp-block-column-is-layout-flow\"><div class=\"wp-block-mac-container-block box-container\"><div class=\"wp-block-columns is-layout-flex wp-container-core-columns-is-layout-9d6595d7 wp-block-columns-is-layout-flex\"><div class=\"wp-block-column is-layout-flow wp-block-column-is-layout-flow\"><figure class=\"wp-block-image size-full is-style-default\"><img decoding=\"async\" width=\"1000\" height=\"562\" src=\"https:\/\/www.maccaferri.com\/pl\/wp-content\/uploads\/2023\/12\/immagine-1-1.png\" alt=\"\" class=\"wp-image-56736\" srcset=\"https:\/\/www.maccaferri.com\/pl\/wp-content\/uploads\/2023\/12\/immagine-1-1.png 1000w, https:\/\/www.maccaferri.com\/pl\/wp-content\/uploads\/2023\/12\/immagine-1-1-300x169.png 300w, https:\/\/www.maccaferri.com\/pl\/wp-content\/uploads\/2023\/12\/immagine-1-1-768x432.png 768w, https:\/\/www.maccaferri.com\/pl\/wp-content\/uploads\/2023\/12\/immagine-1-1-120x67.png 120w\" sizes=\"(max-width: 1000px) 100vw, 1000px\" \/><\/figure><\/div>\n\n<div class=\"wp-block-column is-layout-flow wp-block-column-is-layout-flow\"><div style=\"height:60px\" aria-hidden=\"true\" class=\"wp-block-spacer\"><\/div>\n\n<p class=\"has-text-align-center\" style=\"font-size:25px\"><strong>\u0141agodzenie skutk\u00f3w lawin \u015bnie\u017cnych: Innowacje dla poprawy bezpiecze\u0144stwa<\/strong><\/p>\n\n<p class=\"has-text-align-center\">Ogl\u0105daj nagrane webinarium na temat \u0142agodzenia skutk\u00f3w lawin, aby pozna\u0107 innowacyjne strategie, kt\u00f3re redefiniuj\u0105 bezpiecze\u0144stwo w rejonach g\u00f3rskich i radz\u0105 sobie z pot\u0119\u017cn\u0105 si\u0142\u0105 lawin.<\/p>\n\n<div class=\"wp-block-buttons is-content-justification-center is-layout-flex wp-container-core-buttons-is-layout-16018d1d wp-block-buttons-is-layout-flex\"><div class=\"wp-block-button\"><a class=\"wp-block-button__link wp-element-button\" href=\"https:\/\/www.maccaferri.com\/webinar-snow-avalanche-prevention-and-mitigation-solutions\/\">LINK TUTAJ<\/a><\/div><\/div><\/div><\/div><\/div><\/div><\/div><\/div><div style=\"height:100px\" aria-hidden=\"true\" class=\"wp-block-spacer\"><\/div><div class=\"wp-block-mac-h2-title-block block-txt-container box-container\"><div class=\"row\"><div class=\"col title-box-txt\"><h2 style=\"color:#212429;text-align:none\">POBIERZ<\/h2><\/div><\/div><\/div><div class=\"wp-block-mac-container-block box-container\"><div class=\"wp-block-columns is-layout-flex wp-container-core-columns-is-layout-9d6595d7 wp-block-columns-is-layout-flex\"><div class=\"wp-block-column is-layout-flow wp-block-column-is-layout-flow\"><p id=\"download\">Wype\u0142nij formularz poni\u017cej, aby uzyska\u0107 dost\u0119p do naszego ekskluzywnego materia\u0142u na temat rozwi\u0105za\u0144 \u015bnie\u017cnych<\/p>\n\n<iframe src=\"https:\/\/www2.maccaferri.com\/l\/965143\/2025-03-06\/5tk34g\" width=\"100%\" height=\"700\" type=\"text\/html\" frameborder=\"0\" allowTransparency=\"true\" style=\"border: 0\"data-cookieconsent=\"ignore\"><\/iframe><\/div><\/div><\/div>","protected":false},"excerpt":{"rendered":"","protected":false},"author":11460,"featured_media":0,"parent":0,"menu_order":0,"comment_status":"closed","ping_status":"closed","template":"","meta":{"_acf_changed":false,"_joinchat":[],"footnotes":""},"class_list":["post-83044","page","type-page","status-publish","hentry"],"acf":{"uuid_products":"","product-documents":""},"yoast_head":"<!-- This site is optimized with the Yoast SEO Premium plugin v27.0 (Yoast SEO v27.0) - https:\/\/yoast.com\/product\/yoast-seo-premium-wordpress\/ -->\n<title>SNOW AVALANCHE MITIGATION - Maccaferri Polska<\/title>\n<meta name=\"description\" content=\"0ZAPOBIEGANIE LAWINOM \u015aNIE\u017bNYMPobierzPreviousNext OCHRONA SZCZYT\u00d3W, SPRAWDZONA INNOWACJA Zdumiewaj\u0105ca si\u0142a lawin, zdolna do przenoszenia ton \u015bniegu i\" \/>\n<meta name=\"robots\" content=\"index, follow, max-snippet:-1, max-image-preview:large, max-video-preview:-1\" \/>\n<link rel=\"canonical\" href=\"https:\/\/www.maccaferri.com\/pl\/snow-avalanche-mitigation\/\" \/>\n<meta property=\"og:locale\" content=\"pl_PL\" \/>\n<meta property=\"og:type\" content=\"article\" \/>\n<meta property=\"og:title\" content=\"SNOW AVALANCHE MITIGATION - Maccaferri Polska\" \/>\n<meta property=\"og:description\" content=\"0ZAPOBIEGANIE LAWINOM \u015aNIE\u017bNYMPobierzPreviousNext OCHRONA SZCZYT\u00d3W, SPRAWDZONA INNOWACJA Zdumiewaj\u0105ca si\u0142a lawin, zdolna do przenoszenia ton \u015bniegu i\" \/>\n<meta property=\"og:url\" content=\"https:\/\/www.maccaferri.com\/pl\/snow-avalanche-mitigation\/\" \/>\n<meta property=\"og:site_name\" content=\"Maccaferri Polska\" \/>\n<meta property=\"article:modified_time\" content=\"2025-03-10T10:03:03+00:00\" \/>\n<meta property=\"og:image\" content=\"https:\/\/www.maccaferri.com\/pl\/wp-content\/uploads\/2023\/11\/ama-dablam-2064522_1920.jpg\" \/>\n<meta name=\"twitter:card\" content=\"summary_large_image\" \/>\n<meta name=\"twitter:label1\" content=\"Est. reading time\" \/>\n\t<meta name=\"twitter:data1\" content=\"2 minutes\" \/>\n<script type=\"application\/ld+json\" class=\"yoast-schema-graph\">{\"@context\":\"https:\/\/schema.org\",\"@graph\":[{\"@type\":\"WebPage\",\"@id\":\"https:\/\/www.maccaferri.com\/pl\/snow-avalanche-mitigation\/\",\"url\":\"https:\/\/www.maccaferri.com\/pl\/snow-avalanche-mitigation\/\",\"name\":\"SNOW AVALANCHE MITIGATION - Maccaferri Polska\",\"isPartOf\":{\"@id\":\"https:\/\/www.maccaferri.com\/pl\/#website\"},\"primaryImageOfPage\":{\"@id\":\"https:\/\/www.maccaferri.com\/pl\/snow-avalanche-mitigation\/#primaryimage\"},\"image\":{\"@id\":\"https:\/\/www.maccaferri.com\/pl\/snow-avalanche-mitigation\/#primaryimage\"},\"thumbnailUrl\":\"https:\/\/www.maccaferri.com\/pl\/wp-content\/uploads\/2023\/11\/ama-dablam-2064522_1920.jpg\",\"datePublished\":\"2023-11-28T15:43:23+00:00\",\"dateModified\":\"2025-03-10T10:03:03+00:00\",\"description\":\"0ZAPOBIEGANIE LAWINOM \u015aNIE\u017bNYMPobierzPreviousNext OCHRONA SZCZYT\u00d3W, SPRAWDZONA INNOWACJA Zdumiewaj\u0105ca si\u0142a lawin, zdolna do przenoszenia ton \u015bniegu i\",\"inLanguage\":\"pl-PL\",\"potentialAction\":[{\"@type\":\"ReadAction\",\"target\":[\"https:\/\/www.maccaferri.com\/pl\/snow-avalanche-mitigation\/\"]}]},{\"@type\":\"ImageObject\",\"inLanguage\":\"pl-PL\",\"@id\":\"https:\/\/www.maccaferri.com\/pl\/snow-avalanche-mitigation\/#primaryimage\",\"url\":\"https:\/\/www.maccaferri.com\/pl\/wp-content\/uploads\/2023\/11\/ama-dablam-2064522_1920.jpg\",\"contentUrl\":\"https:\/\/www.maccaferri.com\/pl\/wp-content\/uploads\/2023\/11\/ama-dablam-2064522_1920.jpg\",\"width\":1920,\"height\":1280},{\"@type\":\"WebSite\",\"@id\":\"https:\/\/www.maccaferri.com\/pl\/#website\",\"url\":\"https:\/\/www.maccaferri.com\/pl\/\",\"name\":\"Maccaferri Polska\",\"description\":\"\",\"publisher\":{\"@id\":\"https:\/\/www.maccaferri.com\/pl\/#organization\"},\"potentialAction\":[{\"@type\":\"SearchAction\",\"target\":{\"@type\":\"EntryPoint\",\"urlTemplate\":\"https:\/\/www.maccaferri.com\/pl\/?s={search_term_string}\"},\"query-input\":{\"@type\":\"PropertyValueSpecification\",\"valueRequired\":true,\"valueName\":\"search_term_string\"}}],\"inLanguage\":\"pl-PL\"},{\"@type\":\"Organization\",\"@id\":\"https:\/\/www.maccaferri.com\/pl\/#organization\",\"name\":\"Maccaferri Polska\",\"url\":\"https:\/\/www.maccaferri.com\/pl\/\",\"logo\":{\"@type\":\"ImageObject\",\"inLanguage\":\"pl-PL\",\"@id\":\"https:\/\/www.maccaferri.com\/pl\/#\/schema\/logo\/image\/\",\"url\":\"https:\/\/www.maccaferri.com\/pl\/wp-content\/uploads\/2022\/07\/logo-maccaferri.png\",\"contentUrl\":\"https:\/\/www.maccaferri.com\/pl\/wp-content\/uploads\/2022\/07\/logo-maccaferri.png\",\"width\":152,\"height\":32,\"caption\":\"Maccaferri Polska\"},\"image\":{\"@id\":\"https:\/\/www.maccaferri.com\/pl\/#\/schema\/logo\/image\/\"}}]}<\/script>\n<!-- \/ Yoast SEO Premium plugin. -->","yoast_head_json":{"title":"SNOW AVALANCHE MITIGATION - Maccaferri Polska","description":"0ZAPOBIEGANIE LAWINOM \u015aNIE\u017bNYMPobierzPreviousNext OCHRONA SZCZYT\u00d3W, SPRAWDZONA INNOWACJA Zdumiewaj\u0105ca si\u0142a lawin, zdolna do przenoszenia ton \u015bniegu i","robots":{"index":"index","follow":"follow","max-snippet":"max-snippet:-1","max-image-preview":"max-image-preview:large","max-video-preview":"max-video-preview:-1"},"canonical":"https:\/\/www.maccaferri.com\/pl\/snow-avalanche-mitigation\/","og_locale":"pl_PL","og_type":"article","og_title":"SNOW AVALANCHE MITIGATION - Maccaferri Polska","og_description":"0ZAPOBIEGANIE LAWINOM \u015aNIE\u017bNYMPobierzPreviousNext OCHRONA SZCZYT\u00d3W, SPRAWDZONA INNOWACJA Zdumiewaj\u0105ca si\u0142a lawin, zdolna do przenoszenia ton \u015bniegu i","og_url":"https:\/\/www.maccaferri.com\/pl\/snow-avalanche-mitigation\/","og_site_name":"Maccaferri Polska","article_modified_time":"2025-03-10T10:03:03+00:00","og_image":[{"url":"https:\/\/www.maccaferri.com\/pl\/wp-content\/uploads\/2023\/11\/ama-dablam-2064522_1920.jpg","type":"","width":"","height":""}],"twitter_card":"summary_large_image","twitter_misc":{"Est. reading time":"2 minutes"},"schema":{"@context":"https:\/\/schema.org","@graph":[{"@type":"WebPage","@id":"https:\/\/www.maccaferri.com\/pl\/snow-avalanche-mitigation\/","url":"https:\/\/www.maccaferri.com\/pl\/snow-avalanche-mitigation\/","name":"SNOW AVALANCHE MITIGATION - Maccaferri Polska","isPartOf":{"@id":"https:\/\/www.maccaferri.com\/pl\/#website"},"primaryImageOfPage":{"@id":"https:\/\/www.maccaferri.com\/pl\/snow-avalanche-mitigation\/#primaryimage"},"image":{"@id":"https:\/\/www.maccaferri.com\/pl\/snow-avalanche-mitigation\/#primaryimage"},"thumbnailUrl":"https:\/\/www.maccaferri.com\/pl\/wp-content\/uploads\/2023\/11\/ama-dablam-2064522_1920.jpg","datePublished":"2023-11-28T15:43:23+00:00","dateModified":"2025-03-10T10:03:03+00:00","description":"0ZAPOBIEGANIE LAWINOM \u015aNIE\u017bNYMPobierzPreviousNext OCHRONA SZCZYT\u00d3W, SPRAWDZONA INNOWACJA Zdumiewaj\u0105ca si\u0142a lawin, zdolna do przenoszenia ton \u015bniegu i","inLanguage":"pl-PL","potentialAction":[{"@type":"ReadAction","target":["https:\/\/www.maccaferri.com\/pl\/snow-avalanche-mitigation\/"]}]},{"@type":"ImageObject","inLanguage":"pl-PL","@id":"https:\/\/www.maccaferri.com\/pl\/snow-avalanche-mitigation\/#primaryimage","url":"https:\/\/www.maccaferri.com\/pl\/wp-content\/uploads\/2023\/11\/ama-dablam-2064522_1920.jpg","contentUrl":"https:\/\/www.maccaferri.com\/pl\/wp-content\/uploads\/2023\/11\/ama-dablam-2064522_1920.jpg","width":1920,"height":1280},{"@type":"WebSite","@id":"https:\/\/www.maccaferri.com\/pl\/#website","url":"https:\/\/www.maccaferri.com\/pl\/","name":"Maccaferri Polska","description":"","publisher":{"@id":"https:\/\/www.maccaferri.com\/pl\/#organization"},"potentialAction":[{"@type":"SearchAction","target":{"@type":"EntryPoint","urlTemplate":"https:\/\/www.maccaferri.com\/pl\/?s={search_term_string}"},"query-input":{"@type":"PropertyValueSpecification","valueRequired":true,"valueName":"search_term_string"}}],"inLanguage":"pl-PL"},{"@type":"Organization","@id":"https:\/\/www.maccaferri.com\/pl\/#organization","name":"Maccaferri Polska","url":"https:\/\/www.maccaferri.com\/pl\/","logo":{"@type":"ImageObject","inLanguage":"pl-PL","@id":"https:\/\/www.maccaferri.com\/pl\/#\/schema\/logo\/image\/","url":"https:\/\/www.maccaferri.com\/pl\/wp-content\/uploads\/2022\/07\/logo-maccaferri.png","contentUrl":"https:\/\/www.maccaferri.com\/pl\/wp-content\/uploads\/2022\/07\/logo-maccaferri.png","width":152,"height":32,"caption":"Maccaferri Polska"},"image":{"@id":"https:\/\/www.maccaferri.com\/pl\/#\/schema\/logo\/image\/"}}]}},"_links":{"self":[{"href":"https:\/\/www.maccaferri.com\/pl\/wp-json\/wp\/v2\/pages\/83044","targetHints":{"allow":["GET"]}}],"collection":[{"href":"https:\/\/www.maccaferri.com\/pl\/wp-json\/wp\/v2\/pages"}],"about":[{"href":"https:\/\/www.maccaferri.com\/pl\/wp-json\/wp\/v2\/types\/page"}],"author":[{"embeddable":true,"href":"https:\/\/www.maccaferri.com\/pl\/wp-json\/wp\/v2\/users\/11460"}],"replies":[{"embeddable":true,"href":"https:\/\/www.maccaferri.com\/pl\/wp-json\/wp\/v2\/comments?post=83044"}],"version-history":[{"count":9,"href":"https:\/\/www.maccaferri.com\/pl\/wp-json\/wp\/v2\/pages\/83044\/revisions"}],"predecessor-version":[{"id":88230,"href":"https:\/\/www.maccaferri.com\/pl\/wp-json\/wp\/v2\/pages\/83044\/revisions\/88230"}],"wp:attachment":[{"href":"https:\/\/www.maccaferri.com\/pl\/wp-json\/wp\/v2\/media?parent=83044"}],"curies":[{"name":"wp","href":"https:\/\/api.w.org\/{rel}","templated":true}]}}