{"id":60012,"date":"2025-03-10T10:29:45","date_gmt":"2025-03-10T09:29:45","guid":{"rendered":"https:\/\/www.maccaferri.com\/pl\/?page_id=60012"},"modified":"2025-05-28T09:59:43","modified_gmt":"2025-05-28T07:59:43","slug":"multicomposite-geosynthetics","status":"publish","type":"page","link":"https:\/\/www.maccaferri.com\/pl\/multicomposite-geosynthetics\/","title":{"rendered":"MULTICOMPOSITE GEOSYNTHETICS"},"content":{"rendered":"<div class=\"wp-block-mac-slider-hero-block hero-slider\"><div id=\"hero78\" class=\"carousel slide\" data-bs-ride=\"true\"><ol class=\"carousel-indicators box-container\"><li data-bs-target=\"#hero78\" data-bs-slide-to=\"0\" class=\"active\"><\/li><\/ol><div class=\"carousel-inner\"><div class=\"carousel-item active\"><div class=\"hero\"><div class=\"gts__picture\"><img decoding=\"async\" src=\"https:\/\/www.maccaferri.com\/wp-content\/uploads\/2023\/08\/tricomp-1-scaled.jpg\" style=\"display:none\"\/><div class=\"gts__picture__image\" style=\"background-image:url(https:\/\/www.maccaferri.com\/wp-content\/uploads\/2023\/08\/tricomp-1-scaled.jpg)\"><\/div><\/div><div class=\"container box-container\"><div class=\"row\"><div class=\"col-12 col-lg-6 col-xl-6 col-xxl-6\"><p><span class=\"hero-index\" style=\"display:none\">0<\/span><\/p><h2 class=\"hero-text-container\"><span class=\"hero-text\">MULTICOMPOSITE GEOSYNTHETICS<\/span><\/h2><a class=\"hero-buttonurl\" href=\"#download\"><span class=\"hero-buttontext\">Pobierz<\/span><\/a><\/div><\/div><\/div><\/div><\/div><\/div><button class=\"carousel-control-prev\" href=\"#hero78\" type=\"button\" data-bs-slide=\"prev\"><span class=\"carousel-control-prev-icon\" aria-hidden=\"true\"><\/span><span class=\"visually-hidden\">Previous<\/span><\/button><button class=\"carousel-control-next\" href=\"#hero78\" type=\"button\" data-bs-slide=\"next\"><span class=\"carousel-control-next-icon\" aria-hidden=\"true\"><\/span><span class=\"visually-hidden\">Next<\/span><\/button><\/div><\/div><div style=\"height:100px\" aria-hidden=\"true\" class=\"wp-block-spacer\"><\/div><div class=\"wp-block-mac-container-block box-container\"><div class=\"wp-block-columns is-layout-flex wp-container-core-columns-is-layout-9d6595d7 wp-block-columns-is-layout-flex\"><div class=\"wp-block-column is-layout-flow wp-block-column-is-layout-flow\"><p class=\"has-large-font-size\"><strong>ODKRYJ \u015aWIAT PE\u0141EN MO\u017bLIWO\u015aCI<\/strong><\/p>\n\n<div style=\"height:50px\" aria-hidden=\"true\" class=\"wp-block-spacer\"><\/div>\n\n<p>Odkryj innowacyjny potencja\u0142 multikompozytowych geosyntetyk\u00f3w firmy Maccaferri, kt\u00f3re na nowo definiuj\u0105 krajobraz geosyntetyk\u00f3w, oferuj\u0105c wszechstronne i wielofunkcyjne rozwi\u0105zania. Poznaj prze\u0142omow\u0105 przysz\u0142o\u015b\u0107 geosyntetyk\u00f3w dzi\u0119ki multigeokompozytom, kt\u00f3re poprawiaj\u0105 wydajno\u015b\u0107, precyzj\u0119, gwarantuj\u0105 op\u0142acalno\u015b\u0107 i usprawniaj\u0105 proces realizacji projekt\u00f3w.<\/p>\n\n<div style=\"height:70px\" aria-hidden=\"true\" class=\"wp-block-spacer\"><\/div>\n\n<figure class=\"wp-block-image size-large is-style-default\"><img decoding=\"async\" src=\"https:\/\/www.maccaferri.com\/wp-content\/uploads\/2023\/08\/FIRMA-GSY1-1024x438.png\" alt=\"\" class=\"wp-image-53682\"\/><\/figure><\/div><\/div><\/div><div style=\"height:75px\" aria-hidden=\"true\" class=\"wp-block-spacer\"><\/div><div class=\"wp-block-mac-container-block box-container\"><div class=\"wp-block-columns is-layout-flex wp-container-core-columns-is-layout-9d6595d7 wp-block-columns-is-layout-flex\"><div class=\"wp-block-column is-layout-flow wp-block-column-is-layout-flow\"><p style=\"font-size:30px\"><strong>KONTROLA EROZJI<\/strong><\/p>\n\n<p>Po\u0142\u0105czenie r\u00f3\u017cnego rodzaju element\u00f3w geosyntetycznych w naszym multikompozycie skutecznie redukuje erozj\u0119, stabilizuj\u0105c teren na zboczach i brzegach rzek.<\/p><\/div>\n\n<div class=\"wp-block-column is-layout-flow wp-block-column-is-layout-flow\"><p style=\"font-size:30px\"><strong>ZBROJENIE<\/strong><\/p>\n\n<p>Multikompozyty geosyntetyczne, \u0142\u0105cz\u0105ce r\u00f3\u017cne typy materia\u0142\u00f3w, zwi\u0119kszaj\u0105 no\u015bno\u015b\u0107 i odporno\u015b\u0107 gruntu. Dzi\u0119ki nim mo\u017cliwa jest budowa trwa\u0142ych dr\u00f3g, nasyp\u00f3w i mur\u00f3w oporowych nawet na wymagaj\u0105cych terenach.<\/p><\/div><\/div><\/div><div style=\"height:70px\" aria-hidden=\"true\" class=\"wp-block-spacer\"><\/div><div class=\"wp-block-mac-container-block box-container\"><div class=\"wp-block-columns is-layout-flex wp-container-core-columns-is-layout-9d6595d7 wp-block-columns-is-layout-flex\"><div class=\"wp-block-column is-layout-flow wp-block-column-is-layout-flow\"><p style=\"font-size:30px\"><strong>FILTRACJA<\/strong><\/p>\n\n<p>Nasz wszechstronny geosyntetyczny materia\u0142 multikompozytowy dzia\u0142a jak doskona\u0142y system filtracji, umo\u017cliwiaj\u0105c przep\u0142yw wody, a jednocze\u015bnie zatrzymuj\u0105c cz\u0105steczki gleby. Zapewnia to skuteczny drena\u017c, poprawiaj\u0105c stabilno\u015b\u0107 pod\u0142o\u017ca i jako\u015b\u0107 w\u00f3d gruntowych.<\/p><\/div>\n\n<div class=\"wp-block-column is-layout-flow wp-block-column-is-layout-flow\"><p style=\"font-size:30px\"><strong>DRENA\u017b<\/strong><\/p>\n\n<p>Nasze rozwi\u0105zanie multikompozytowe, \u0142\u0105cz\u0105ce r\u00f3\u017cnorodne komponenty geosyntetyczne, doskonale zbiera i odprowadza wod\u0119 z kluczowych obszar\u00f3w, zapewniaj\u0105c skuteczny drena\u017c.<\/p><\/div><\/div><\/div><div style=\"height:70px\" aria-hidden=\"true\" class=\"wp-block-spacer\"><\/div><div class=\"wp-block-mac-container-block box-container\"><div class=\"wp-block-columns is-layout-flex wp-container-core-columns-is-layout-9d6595d7 wp-block-columns-is-layout-flex\"><div class=\"wp-block-column is-layout-flow wp-block-column-is-layout-flow\"><p style=\"font-size:30px\"><strong>BARIERA<\/strong><\/p>\n\n<p>Multikompozyt, sk\u0142adaj\u0105cy si\u0119 z r\u00f3\u017cnych geosyntetyk\u00f3w, tworzy nieprzepuszczaln\u0105 barier\u0119, skutecznie zatrzymuj\u0105c zanieczyszczenia i chroni\u0105c integralno\u015b\u0107 \u015brodowiska.Multikompozyt, sk\u0142adaj\u0105cy si\u0119 z r\u00f3\u017cnych geosyntetyk\u00f3w, tworzy nieprzepuszczaln\u0105 barier\u0119, skutecznie zatrzymuj\u0105c zanieczyszczenia i chroni\u0105c integralno\u015b\u0107 \u015brodowiska.<\/p><\/div>\n\n<div class=\"wp-block-column is-layout-flow wp-block-column-is-layout-flow\"><p style=\"font-size:30px\"><strong>OCHRONA<\/strong><\/p>\n\n<p>Dzi\u0119ki zaawansowanej technologii nasz multikompozyt chroni przed przebiciami, uszkodzeniami mechanicznymi oraz promieniowaniem UV.<\/p><\/div><\/div><\/div><div style=\"height:70px\" aria-hidden=\"true\" class=\"wp-block-spacer\"><\/div><div class=\"wp-block-mac-container-block box-container\"><div class=\"wp-block-columns is-layout-flex wp-container-core-columns-is-layout-9d6595d7 wp-block-columns-is-layout-flex\"><div class=\"wp-block-column is-layout-flow wp-block-column-is-layout-flow\"><p style=\"font-size:30px\"><strong>SEPARACJA<\/strong><\/p>\n\n<p>Nasz innowacyjny multikompozytowy materia\u0142 zapewnia efektywne oddzielenie warstw gruntowych, umo\u017cliwiaj\u0105c zachowanie ich odr\u0119bnych w\u0142a\u015bciwo\u015bci w konstrukcjach in\u017cynierskich.<\/p><\/div>\n\n<div class=\"wp-block-column is-layout-flow wp-block-column-is-layout-flow\"><p style=\"font-size:30px\"><strong>\u2026 NIESKO\u0143CZONE MO\u017bLIWO\u015aCI<\/strong><\/p><\/div><\/div><\/div><div style=\"height:70px\" aria-hidden=\"true\" class=\"wp-block-spacer\"><\/div><div class=\"wp-block-mac-h2-title-block block-txt-container box-container\"><div class=\"row\"><div class=\"col title-box-txt\"><h2 style=\"color:#212429;text-align:none\">Historia sukcesu: Cava D\u00e8 Tirreni<\/h2><\/div><\/div><\/div><div class=\"wp-block-mac-container-block box-container\"><div class=\"wp-block-columns is-layout-flex wp-container-core-columns-is-layout-9d6595d7 wp-block-columns-is-layout-flex\"><div class=\"wp-block-column is-layout-flow wp-block-column-is-layout-flow\"><figure class=\"wp-block-video\"><video height=\"694\" style=\"aspect-ratio: 1008 \/ 694;\" width=\"1008\" controls poster=\"https:\/\/www.maccaferri.com\/pl\/wp-content\/uploads\/2024\/10\/immagine-7.png\" src=\"https:\/\/www.maccaferri.com\/wp-content\/uploads\/2023\/08\/643e1591-b2ea-4ed8-8fec-7ac0e41e26c6-1.mp4\"><\/video><\/figure><\/div><\/div><\/div><div style=\"height:50px\" aria-hidden=\"true\" class=\"wp-block-spacer\"><\/div><div class=\"wp-block-mac-container-block box-container\"><div class=\"wp-block-columns is-layout-flex wp-container-core-columns-is-layout-9d6595d7 wp-block-columns-is-layout-flex\"><div class=\"wp-block-column is-layout-flow wp-block-column-is-layout-flow\"><div class=\"wp-block-mac-container-block box-container\"><div class=\"wp-block-columns is-layout-flex wp-container-core-columns-is-layout-9d6595d7 wp-block-columns-is-layout-flex\"><div class=\"wp-block-column is-layout-flow wp-block-column-is-layout-flow\"><div class=\"wp-block-mac-h2-title-block block-txt-container box-container\"><div class=\"row\"><div class=\"col title-box-txt\"><h2 style=\"color:#212429;text-align:center\">Dedykowane webinarium<\/h2><\/div><\/div><\/div>\n\n<p class=\"has-text-align-center\" style=\"font-size:15px\"><strong>Ewolucja geosyntetyk\u00f3w: od pocz\u0105tk\u00f3w po wsp\u00f3\u0142czesne czo\u0142owe rozwi\u0105zania<\/strong><\/p>\n\n<p class=\"has-text-align-center\" style=\"font-size:15px\">Od ponad 100 lat wsp\u00f3\u0142tworzymy innowacyjne rozwi\u0105zania in\u017cynieryjne, w harmonii z natur\u0105, odpowiadaj\u0105c na wsp\u00f3\u0142czesne wyzwania i przewiduj\u0105c przysz\u0142e potrzeby.<\/p>\n\n<div class=\"wp-block-buttons is-content-justification-center is-layout-flex wp-container-core-buttons-is-layout-16018d1d wp-block-buttons-is-layout-flex\"><div class=\"wp-block-button\"><a class=\"wp-block-button__link wp-element-button\" href=\"https:\/\/www.maccaferri.com\/pl\/webinar\/geosynthetic-revolution\/\">link<\/a><\/div><\/div><\/div>\n\n<div class=\"wp-block-column is-layout-flow wp-block-column-is-layout-flow\"><div style=\"height:50px\" aria-hidden=\"true\" class=\"wp-block-spacer\"><\/div>\n\n<figure class=\"wp-block-image aligncenter size-large\"><img decoding=\"async\" src=\"https:\/\/www.maccaferri.com\/wp-content\/uploads\/2023\/08\/vlcsnap-2023-08-21-15h34m18s395-1-1-1024x576.png\" alt=\"\" class=\"wp-image-54069\"\/><\/figure><\/div><\/div><\/div><\/div><\/div><\/div><div style=\"height:50px\" aria-hidden=\"true\" class=\"wp-block-spacer\"><\/div><div class=\"wp-block-mac-h2-title-block block-txt-container box-container download\"><div class=\"row\"><div class=\"col title-box-txt\"><h2 style=\"color:#212429;text-align:none\">Pobierz<\/h2><\/div><\/div><\/div><div class=\"wp-block-mac-container-block box-container\"><div class=\"wp-block-columns is-layout-flex wp-container-core-columns-is-layout-9d6595d7 wp-block-columns-is-layout-flex\"><div class=\"wp-block-column is-layout-flow wp-block-column-is-layout-flow\"><p class=\"has-medium-font-size\" id=\"download\">Wype\u0142nij poni\u017cszy formularz, aby uzyska\u0107 dost\u0119p do naszego ekskluzywnego materia\u0142u na temat geosyntetyk\u00f3w multikompozytowych.<\/p><\/div><\/div><\/div><div class=\"wp-block-mac-container-block box-container\"><div class=\"wp-block-columns is-layout-flex wp-container-core-columns-is-layout-9d6595d7 wp-block-columns-is-layout-flex\"><div class=\"wp-block-column is-layout-flow wp-block-column-is-layout-flow\"><iframe src=\"https:\/\/www2.maccaferri.com\/l\/965143\/2025-03-06\/5tk2wg\" width=\"100%\" height=\"700\" type=\"text\/html\" frameborder=\"0\" allowTransparency=\"true\" style=\"border: 0\" data-cookieconsent=\"ignore\"><\/iframe><\/div><\/div><\/div><div style=\"height:100px\" aria-hidden=\"true\" class=\"wp-block-spacer\"><\/div><p><\/p>","protected":false},"excerpt":{"rendered":"","protected":false},"author":21,"featured_media":0,"parent":0,"menu_order":0,"comment_status":"closed","ping_status":"closed","template":"","meta":{"_acf_changed":false,"_joinchat":[],"footnotes":""},"class_list":["post-60012","page","type-page","status-publish","hentry"],"acf":{"uuid_products":"","product-documents":""},"yoast_head":"<!-- This site is optimized with the Yoast SEO Premium plugin v27.0 (Yoast SEO v27.0) - https:\/\/yoast.com\/product\/yoast-seo-premium-wordpress\/ -->\n<title>MULTICOMPOSITE GEOSYNTHETICS - Maccaferri Polska<\/title>\n<meta name=\"description\" content=\"0MULTICOMPOSITE GEOSYNTHETICSPobierzPreviousNext ODKRYJ \u015aWIAT PE\u0141EN MO\u017bLIWO\u015aCI Odkryj innowacyjny potencja\u0142 multikompozytowych geosyntetyk\u00f3w firmy\" \/>\n<meta name=\"robots\" content=\"index, follow, max-snippet:-1, max-image-preview:large, max-video-preview:-1\" \/>\n<link rel=\"canonical\" href=\"https:\/\/www.maccaferri.com\/pl\/multicomposite-geosynthetics\/\" \/>\n<meta property=\"og:locale\" content=\"pl_PL\" \/>\n<meta property=\"og:type\" content=\"article\" \/>\n<meta property=\"og:title\" content=\"MULTICOMPOSITE GEOSYNTHETICS - Maccaferri Polska\" \/>\n<meta property=\"og:description\" content=\"0MULTICOMPOSITE GEOSYNTHETICSPobierzPreviousNext ODKRYJ \u015aWIAT PE\u0141EN MO\u017bLIWO\u015aCI Odkryj innowacyjny potencja\u0142 multikompozytowych geosyntetyk\u00f3w firmy\" \/>\n<meta property=\"og:url\" content=\"https:\/\/www.maccaferri.com\/pl\/multicomposite-geosynthetics\/\" \/>\n<meta property=\"og:site_name\" content=\"Maccaferri Polska\" \/>\n<meta property=\"article:modified_time\" content=\"2025-05-28T07:59:43+00:00\" \/>\n<meta property=\"og:image\" content=\"https:\/\/www.maccaferri.com\/wp-content\/uploads\/2023\/08\/tricomp-1-scaled.jpg\" \/>\n<meta name=\"twitter:card\" content=\"summary_large_image\" \/>\n<meta name=\"twitter:label1\" content=\"Est. reading time\" \/>\n\t<meta name=\"twitter:data1\" content=\"2 minutes\" \/>\n<script type=\"application\/ld+json\" class=\"yoast-schema-graph\">{\"@context\":\"https:\/\/schema.org\",\"@graph\":[{\"@type\":\"WebPage\",\"@id\":\"https:\/\/www.maccaferri.com\/pl\/multicomposite-geosynthetics\/\",\"url\":\"https:\/\/www.maccaferri.com\/pl\/multicomposite-geosynthetics\/\",\"name\":\"MULTICOMPOSITE GEOSYNTHETICS - Maccaferri Polska\",\"isPartOf\":{\"@id\":\"https:\/\/www.maccaferri.com\/pl\/#website\"},\"primaryImageOfPage\":{\"@id\":\"https:\/\/www.maccaferri.com\/pl\/multicomposite-geosynthetics\/#primaryimage\"},\"image\":{\"@id\":\"https:\/\/www.maccaferri.com\/pl\/multicomposite-geosynthetics\/#primaryimage\"},\"thumbnailUrl\":\"https:\/\/www.maccaferri.com\/wp-content\/uploads\/2023\/08\/tricomp-1-scaled.jpg\",\"datePublished\":\"2025-03-10T09:29:45+00:00\",\"dateModified\":\"2025-05-28T07:59:43+00:00\",\"description\":\"0MULTICOMPOSITE GEOSYNTHETICSPobierzPreviousNext ODKRYJ \u015aWIAT PE\u0141EN MO\u017bLIWO\u015aCI Odkryj innowacyjny potencja\u0142 multikompozytowych geosyntetyk\u00f3w firmy\",\"inLanguage\":\"pl-PL\",\"potentialAction\":[{\"@type\":\"ReadAction\",\"target\":[\"https:\/\/www.maccaferri.com\/pl\/multicomposite-geosynthetics\/\"]}]},{\"@type\":\"ImageObject\",\"inLanguage\":\"pl-PL\",\"@id\":\"https:\/\/www.maccaferri.com\/pl\/multicomposite-geosynthetics\/#primaryimage\",\"url\":\"https:\/\/www.maccaferri.com\/wp-content\/uploads\/2023\/08\/tricomp-1-scaled.jpg\",\"contentUrl\":\"https:\/\/www.maccaferri.com\/wp-content\/uploads\/2023\/08\/tricomp-1-scaled.jpg\"},{\"@type\":\"WebSite\",\"@id\":\"https:\/\/www.maccaferri.com\/pl\/#website\",\"url\":\"https:\/\/www.maccaferri.com\/pl\/\",\"name\":\"Maccaferri Polska\",\"description\":\"\",\"publisher\":{\"@id\":\"https:\/\/www.maccaferri.com\/pl\/#organization\"},\"potentialAction\":[{\"@type\":\"SearchAction\",\"target\":{\"@type\":\"EntryPoint\",\"urlTemplate\":\"https:\/\/www.maccaferri.com\/pl\/?s={search_term_string}\"},\"query-input\":{\"@type\":\"PropertyValueSpecification\",\"valueRequired\":true,\"valueName\":\"search_term_string\"}}],\"inLanguage\":\"pl-PL\"},{\"@type\":\"Organization\",\"@id\":\"https:\/\/www.maccaferri.com\/pl\/#organization\",\"name\":\"Maccaferri Polska\",\"url\":\"https:\/\/www.maccaferri.com\/pl\/\",\"logo\":{\"@type\":\"ImageObject\",\"inLanguage\":\"pl-PL\",\"@id\":\"https:\/\/www.maccaferri.com\/pl\/#\/schema\/logo\/image\/\",\"url\":\"https:\/\/www.maccaferri.com\/pl\/wp-content\/uploads\/2022\/07\/logo-maccaferri.png\",\"contentUrl\":\"https:\/\/www.maccaferri.com\/pl\/wp-content\/uploads\/2022\/07\/logo-maccaferri.png\",\"width\":152,\"height\":32,\"caption\":\"Maccaferri Polska\"},\"image\":{\"@id\":\"https:\/\/www.maccaferri.com\/pl\/#\/schema\/logo\/image\/\"}}]}<\/script>\n<!-- \/ Yoast SEO Premium plugin. -->","yoast_head_json":{"title":"MULTICOMPOSITE GEOSYNTHETICS - Maccaferri Polska","description":"0MULTICOMPOSITE GEOSYNTHETICSPobierzPreviousNext ODKRYJ \u015aWIAT PE\u0141EN MO\u017bLIWO\u015aCI Odkryj innowacyjny potencja\u0142 multikompozytowych geosyntetyk\u00f3w firmy","robots":{"index":"index","follow":"follow","max-snippet":"max-snippet:-1","max-image-preview":"max-image-preview:large","max-video-preview":"max-video-preview:-1"},"canonical":"https:\/\/www.maccaferri.com\/pl\/multicomposite-geosynthetics\/","og_locale":"pl_PL","og_type":"article","og_title":"MULTICOMPOSITE GEOSYNTHETICS - Maccaferri Polska","og_description":"0MULTICOMPOSITE GEOSYNTHETICSPobierzPreviousNext ODKRYJ \u015aWIAT PE\u0141EN MO\u017bLIWO\u015aCI Odkryj innowacyjny potencja\u0142 multikompozytowych geosyntetyk\u00f3w firmy","og_url":"https:\/\/www.maccaferri.com\/pl\/multicomposite-geosynthetics\/","og_site_name":"Maccaferri Polska","article_modified_time":"2025-05-28T07:59:43+00:00","og_image":[{"url":"https:\/\/www.maccaferri.com\/wp-content\/uploads\/2023\/08\/tricomp-1-scaled.jpg","type":"","width":"","height":""}],"twitter_card":"summary_large_image","twitter_misc":{"Est. reading time":"2 minutes"},"schema":{"@context":"https:\/\/schema.org","@graph":[{"@type":"WebPage","@id":"https:\/\/www.maccaferri.com\/pl\/multicomposite-geosynthetics\/","url":"https:\/\/www.maccaferri.com\/pl\/multicomposite-geosynthetics\/","name":"MULTICOMPOSITE GEOSYNTHETICS - Maccaferri Polska","isPartOf":{"@id":"https:\/\/www.maccaferri.com\/pl\/#website"},"primaryImageOfPage":{"@id":"https:\/\/www.maccaferri.com\/pl\/multicomposite-geosynthetics\/#primaryimage"},"image":{"@id":"https:\/\/www.maccaferri.com\/pl\/multicomposite-geosynthetics\/#primaryimage"},"thumbnailUrl":"https:\/\/www.maccaferri.com\/wp-content\/uploads\/2023\/08\/tricomp-1-scaled.jpg","datePublished":"2025-03-10T09:29:45+00:00","dateModified":"2025-05-28T07:59:43+00:00","description":"0MULTICOMPOSITE GEOSYNTHETICSPobierzPreviousNext ODKRYJ \u015aWIAT PE\u0141EN MO\u017bLIWO\u015aCI Odkryj innowacyjny potencja\u0142 multikompozytowych geosyntetyk\u00f3w firmy","inLanguage":"pl-PL","potentialAction":[{"@type":"ReadAction","target":["https:\/\/www.maccaferri.com\/pl\/multicomposite-geosynthetics\/"]}]},{"@type":"ImageObject","inLanguage":"pl-PL","@id":"https:\/\/www.maccaferri.com\/pl\/multicomposite-geosynthetics\/#primaryimage","url":"https:\/\/www.maccaferri.com\/wp-content\/uploads\/2023\/08\/tricomp-1-scaled.jpg","contentUrl":"https:\/\/www.maccaferri.com\/wp-content\/uploads\/2023\/08\/tricomp-1-scaled.jpg"},{"@type":"WebSite","@id":"https:\/\/www.maccaferri.com\/pl\/#website","url":"https:\/\/www.maccaferri.com\/pl\/","name":"Maccaferri Polska","description":"","publisher":{"@id":"https:\/\/www.maccaferri.com\/pl\/#organization"},"potentialAction":[{"@type":"SearchAction","target":{"@type":"EntryPoint","urlTemplate":"https:\/\/www.maccaferri.com\/pl\/?s={search_term_string}"},"query-input":{"@type":"PropertyValueSpecification","valueRequired":true,"valueName":"search_term_string"}}],"inLanguage":"pl-PL"},{"@type":"Organization","@id":"https:\/\/www.maccaferri.com\/pl\/#organization","name":"Maccaferri Polska","url":"https:\/\/www.maccaferri.com\/pl\/","logo":{"@type":"ImageObject","inLanguage":"pl-PL","@id":"https:\/\/www.maccaferri.com\/pl\/#\/schema\/logo\/image\/","url":"https:\/\/www.maccaferri.com\/pl\/wp-content\/uploads\/2022\/07\/logo-maccaferri.png","contentUrl":"https:\/\/www.maccaferri.com\/pl\/wp-content\/uploads\/2022\/07\/logo-maccaferri.png","width":152,"height":32,"caption":"Maccaferri Polska"},"image":{"@id":"https:\/\/www.maccaferri.com\/pl\/#\/schema\/logo\/image\/"}}]}},"_links":{"self":[{"href":"https:\/\/www.maccaferri.com\/pl\/wp-json\/wp\/v2\/pages\/60012","targetHints":{"allow":["GET"]}}],"collection":[{"href":"https:\/\/www.maccaferri.com\/pl\/wp-json\/wp\/v2\/pages"}],"about":[{"href":"https:\/\/www.maccaferri.com\/pl\/wp-json\/wp\/v2\/types\/page"}],"author":[{"embeddable":true,"href":"https:\/\/www.maccaferri.com\/pl\/wp-json\/wp\/v2\/users\/21"}],"replies":[{"embeddable":true,"href":"https:\/\/www.maccaferri.com\/pl\/wp-json\/wp\/v2\/comments?post=60012"}],"version-history":[{"count":4,"href":"https:\/\/www.maccaferri.com\/pl\/wp-json\/wp\/v2\/pages\/60012\/revisions"}],"predecessor-version":[{"id":88191,"href":"https:\/\/www.maccaferri.com\/pl\/wp-json\/wp\/v2\/pages\/60012\/revisions\/88191"}],"wp:attachment":[{"href":"https:\/\/www.maccaferri.com\/pl\/wp-json\/wp\/v2\/media?parent=60012"}],"curies":[{"name":"wp","href":"https:\/\/api.w.org\/{rel}","templated":true}]}}