{"id":60003,"date":"2025-03-10T10:42:06","date_gmt":"2025-03-10T09:42:06","guid":{"rendered":"https:\/\/www.maccaferri.com\/pl\/?page_id=60003"},"modified":"2025-03-10T10:42:10","modified_gmt":"2025-03-10T09:42:10","slug":"polimac","status":"publish","type":"page","link":"https:\/\/www.maccaferri.com\/pl\/polimac\/","title":{"rendered":"PoliMac"},"content":{"rendered":"<div class=\"wp-block-cover is-light\" style=\"min-height:100vh;aspect-ratio:unset;\"><span aria-hidden=\"true\" class=\"wp-block-cover__background has-background-dim-10 has-background-dim\"><\/span><video class=\"wp-block-cover__video-background intrinsic-ignore\" autoplay muted loop playsinline src=\"https:\/\/www.maccaferri.com\/wp-content\/uploads\/2023\/03\/LOOP-POLIMAC-MAccaferri-1.mp4\" style=\"object-position:52% 51%\" data-object-fit=\"cover\" data-object-position=\"52% 51%\"><\/video><div class=\"wp-block-cover__inner-container is-layout-flow wp-block-cover-is-layout-flow\"><p class=\"has-text-align-center has-small-font-size\"><\/p><\/div><\/div><div class=\"wp-block-mac-container-block box-container\"><div class=\"wp-block-columns is-layout-flex wp-container-core-columns-is-layout-9d6595d7 wp-block-columns-is-layout-flex\"><div class=\"wp-block-column is-layout-flow wp-block-column-is-layout-flow\"><\/div><\/div><\/div><div class=\"container content-paragraph box-container\"><div class=\"row\"><div class=\"col-12 col-lg-12 col-xl-12 col-xxl-12\"><div class=\"content-txt\"><h1 style=\"text-align: center\"><span style=\"color: #004857\"><strong>PoliMac\u00ae <\/strong><\/span><\/h1>\n<\/div><\/div><\/div><\/div><div class=\"wp-block-mac-container-block box-container\"><div class=\"wp-block-columns is-layout-flex wp-container-core-columns-is-layout-9d6595d7 wp-block-columns-is-layout-flex\"><div class=\"wp-block-column is-layout-flow wp-block-column-is-layout-flow\"><figure class=\"wp-block-image aligncenter size-full is-resized\"><img decoding=\"async\" src=\"https:\/\/www.maccaferri.com\/wp-content\/uploads\/2023\/03\/WEATHERING-RESISTANCE.png\" alt=\"\" class=\"wp-image-13141\"\/><\/figure>\n\n<div class=\"container content-paragraph box-container\"><div class=\"row\"><div class=\"col-12 col-lg-12 col-xl-12 col-xxl-12\"><div class=\"content-txt\"><h4 style=\"text-align: center;\">Wi\u0119ksza odporno\u015b\u0107<\/h4>\n<\/div><\/div><\/div><\/div>\n\n<p class=\"has-text-align-center\">Spe\u0142nij wymagania dotycz\u0105ce wydajno\u015bci technicznej w przemy\u015ble budowlanym.\u00a0<\/p><\/div>\n\n<div class=\"wp-block-column is-layout-flow wp-block-column-is-layout-flow\"><figure class=\"wp-block-image aligncenter size-full is-resized\"><img decoding=\"async\" src=\"https:\/\/www.maccaferri.com\/wp-content\/uploads\/2023\/03\/MECHANICAL-PERFORMANCE.png\" alt=\"\" class=\"wp-image-13137\"\/><\/figure>\n\n<div class=\"container content-paragraph box-container\"><div class=\"row\"><div class=\"col-12 col-lg-12 col-xl-12 col-xxl-12\"><div class=\"content-txt\"><h4 style=\"text-align: center;\">D\u0142u\u017cszy czas u\u017cytkowania<\/h4>\n<\/div><\/div><\/div><\/div>\n\n<p class=\"has-text-align-center\">Zmaksymalizuj trwa\u0142o\u015b\u0107 i efektywno\u015b\u0107.<\/p><\/div>\n\n<div class=\"wp-block-column is-layout-flow wp-block-column-is-layout-flow\"><figure class=\"wp-block-image aligncenter size-full is-resized\"><img decoding=\"async\" src=\"https:\/\/www.maccaferri.com\/wp-content\/uploads\/2023\/03\/ENVIRONMENTAL-FRIENDLINESS.png\" alt=\"\" class=\"wp-image-13138\"\/><\/figure>\n\n<div class=\"container content-paragraph box-container\"><div class=\"row\"><div class=\"col-12 col-lg-12 col-xl-12 col-xxl-12\"><div class=\"content-txt\"><h4 style=\"text-align: center;\">Przyjazny dla \u015brodowiska<\/h4>\n<\/div><\/div><\/div><\/div>\n\n<p class=\"has-text-align-center\">Spe\u0142nij wymagania projektu dotycz\u0105ce ochrony \u015brodowiska.<\/p><\/div><\/div><\/div><div style=\"height:43px\" aria-hidden=\"true\" class=\"wp-block-spacer\"><\/div><div class=\"wp-block-mac-editor-block container-fluid\" style=\"background:#004857\"><div class=\"row\"><div class=\"col\"><div class=\"gts__picture\"><img style=\"display:none\"\/><div class=\"gts__picture__image\" style=\"background-image:url(undefined)\"><\/div><\/div><div class=\"container box-container\"><div class=\"row\"><div class=\"col title-box-txt\"><div style=\"text-align:center\"><h2 class=\"wp-block-mac-editor-block\" style=\"color:#FFFFFF\">Za 120 lat warunki \u015brodowiskowe b\u0119d\u0105 jeszcze bardziej wymagaj\u0105ce. Ju\u017c dzi\u015b oferujemy rozwi\u0105zania, kt\u00f3re sprostaj\u0105 tym wyzwaniom.<\/h2><\/div><div style=\"text-align:center\"><p class=\"wp-block-mac-editor-block\" style=\"color:#FFFFFF\"><\/p><\/div><div style=\"text-align:right\"><a target=\"_blank\" class=\"buttonurl\" rel=\"noopener\"><span class=\"buttontext\"><\/span><\/a><\/div><\/div><\/div><\/div><\/div><\/div><\/div><div class=\"wp-block-columns is-layout-flex wp-container-core-columns-is-layout-9d6595d7 wp-block-columns-is-layout-flex\"><div class=\"wp-block-column is-layout-flow wp-block-column-is-layout-flow\"><div style=\"height:50px\" aria-hidden=\"true\" class=\"wp-block-spacer\"><\/div><\/div><\/div><div class=\"wp-block-mac-h4-title-bold-block block-txt-container box-container\"><div class=\"row\"><div class=\"col title-box-txt\"><h4 style=\"color:#004857;text-align:center\">Pow\u0142oka polimerowa PoliMac\u00ae jest stosowana w wielu produktach Maccaferri jako najtrwalsze i najbardziej efektywne rozwi\u0105zanie stosowane we wsp\u00f3\u0142czesnych projektach in\u017cynierii wodnej i l\u0105dowej.<\/h4><\/div><\/div><\/div><div class=\"wp-block-mac-container-block box-container\"><div class=\"container\"><h2><\/h2><div class=\"row\"><\/div><\/div><\/div><div style=\"height:100px\" aria-hidden=\"true\" class=\"wp-block-spacer\"><\/div><div class=\"wp-block-mac-container-block box-container\"><div class=\"wp-block-columns is-layout-flex wp-container-core-columns-is-layout-9d6595d7 wp-block-columns-is-layout-flex\"><div class=\"wp-block-column is-layout-flow wp-block-column-is-layout-flow\"><div class=\"wp-block-mac-h4-title-block block-txt-container box-container\"><div class=\"row\"><div class=\"col title-box-txt\"><h4 style=\"color:#212429;text-align:center\">DOWIEDZ SI\u0118 WI\u0118CEJ NA TEMAT POLIMAC\u00ae<\/h4><\/div><\/div><\/div>\n\n<p class=\"has-text-align-center has-medium-font-size\">Wype\u0142nij poni\u017cszy formularz, aby uzyska\u0107 dost\u0119p do naszego ekskluzywnego materia\u0142u na temat Polimac.<\/p>\n\n<iframe src=\"https:\/\/www2.maccaferri.com\/l\/965143\/2025-03-06\/5tk2sr\" width=\"100%\" height=\"700\" type=\"text\/html\" frameborder=\"0\" allowTransparency=\"true\" style=\"border: 0\" data-cookieconsent=\"ignore\"><\/iframe><\/div><\/div><\/div><div style=\"height:100px\" aria-hidden=\"true\" class=\"wp-block-spacer\"><\/div>","protected":false},"excerpt":{"rendered":"","protected":false},"author":21,"featured_media":0,"parent":0,"menu_order":0,"comment_status":"closed","ping_status":"closed","template":"","meta":{"_acf_changed":false,"_joinchat":[],"footnotes":""},"class_list":["post-60003","page","type-page","status-publish","hentry"],"acf":{"uuid_products":"","product-documents":""},"yoast_head":"<!-- This site is optimized with the Yoast SEO Premium plugin v27.0 (Yoast SEO v27.0) - https:\/\/yoast.com\/product\/yoast-seo-premium-wordpress\/ -->\n<title>PoliMac - Maccaferri Polska<\/title>\n<meta name=\"description\" content=\"Spe\u0142nij wymagania dotycz\u0105ce wydajno\u015bci technicznej w przemy\u015ble budowlanym.\u00a0 Zmaksymalizuj trwa\u0142o\u015b\u0107 i efektywno\u015b\u0107. Spe\u0142nij wymagania projektu dotycz\u0105ce\" \/>\n<meta name=\"robots\" content=\"index, follow, max-snippet:-1, max-image-preview:large, max-video-preview:-1\" \/>\n<link rel=\"canonical\" href=\"https:\/\/www.maccaferri.com\/pl\/polimac\/\" \/>\n<meta property=\"og:locale\" content=\"pl_PL\" \/>\n<meta property=\"og:type\" content=\"article\" \/>\n<meta property=\"og:title\" content=\"PoliMac - Maccaferri Polska\" \/>\n<meta property=\"og:description\" content=\"Spe\u0142nij wymagania dotycz\u0105ce wydajno\u015bci technicznej w przemy\u015ble budowlanym.\u00a0 Zmaksymalizuj trwa\u0142o\u015b\u0107 i efektywno\u015b\u0107. Spe\u0142nij wymagania projektu dotycz\u0105ce\" \/>\n<meta property=\"og:url\" content=\"https:\/\/www.maccaferri.com\/pl\/polimac\/\" \/>\n<meta property=\"og:site_name\" content=\"Maccaferri Polska\" \/>\n<meta property=\"article:modified_time\" content=\"2025-03-10T09:42:10+00:00\" \/>\n<meta property=\"og:image\" content=\"https:\/\/www.maccaferri.com\/pl\/wp-content\/uploads\/2023\/05\/5_2_c4ca4238a0b923820dcc509a6f75849b.jpg\" \/>\n\t<meta property=\"og:image:width\" content=\"340\" \/>\n\t<meta property=\"og:image:height\" content=\"230\" \/>\n\t<meta property=\"og:image:type\" content=\"image\/jpeg\" \/>\n<meta name=\"twitter:card\" content=\"summary_large_image\" \/>\n<meta name=\"twitter:label1\" content=\"Est. reading time\" \/>\n\t<meta name=\"twitter:data1\" content=\"2 minutes\" \/>\n<script type=\"application\/ld+json\" class=\"yoast-schema-graph\">{\"@context\":\"https:\/\/schema.org\",\"@graph\":[{\"@type\":\"WebPage\",\"@id\":\"https:\/\/www.maccaferri.com\/pl\/polimac\/\",\"url\":\"https:\/\/www.maccaferri.com\/pl\/polimac\/\",\"name\":\"PoliMac - Maccaferri Polska\",\"isPartOf\":{\"@id\":\"https:\/\/www.maccaferri.com\/pl\/#website\"},\"primaryImageOfPage\":{\"@id\":\"https:\/\/www.maccaferri.com\/pl\/polimac\/#primaryimage\"},\"image\":{\"@id\":\"https:\/\/www.maccaferri.com\/pl\/polimac\/#primaryimage\"},\"thumbnailUrl\":\"https:\/\/www.maccaferri.com\/wp-content\/uploads\/2023\/03\/WEATHERING-RESISTANCE.png\",\"datePublished\":\"2025-03-10T09:42:06+00:00\",\"dateModified\":\"2025-03-10T09:42:10+00:00\",\"description\":\"Spe\u0142nij wymagania dotycz\u0105ce wydajno\u015bci technicznej w przemy\u015ble budowlanym.\u00a0 Zmaksymalizuj trwa\u0142o\u015b\u0107 i efektywno\u015b\u0107. Spe\u0142nij wymagania projektu dotycz\u0105ce\",\"inLanguage\":\"pl-PL\",\"potentialAction\":[{\"@type\":\"ReadAction\",\"target\":[\"https:\/\/www.maccaferri.com\/pl\/polimac\/\"]}]},{\"@type\":\"ImageObject\",\"inLanguage\":\"pl-PL\",\"@id\":\"https:\/\/www.maccaferri.com\/pl\/polimac\/#primaryimage\",\"url\":\"https:\/\/www.maccaferri.com\/wp-content\/uploads\/2023\/03\/WEATHERING-RESISTANCE.png\",\"contentUrl\":\"https:\/\/www.maccaferri.com\/wp-content\/uploads\/2023\/03\/WEATHERING-RESISTANCE.png\"},{\"@type\":\"WebSite\",\"@id\":\"https:\/\/www.maccaferri.com\/pl\/#website\",\"url\":\"https:\/\/www.maccaferri.com\/pl\/\",\"name\":\"Maccaferri Polska\",\"description\":\"\",\"publisher\":{\"@id\":\"https:\/\/www.maccaferri.com\/pl\/#organization\"},\"potentialAction\":[{\"@type\":\"SearchAction\",\"target\":{\"@type\":\"EntryPoint\",\"urlTemplate\":\"https:\/\/www.maccaferri.com\/pl\/?s={search_term_string}\"},\"query-input\":{\"@type\":\"PropertyValueSpecification\",\"valueRequired\":true,\"valueName\":\"search_term_string\"}}],\"inLanguage\":\"pl-PL\"},{\"@type\":\"Organization\",\"@id\":\"https:\/\/www.maccaferri.com\/pl\/#organization\",\"name\":\"Maccaferri Polska\",\"url\":\"https:\/\/www.maccaferri.com\/pl\/\",\"logo\":{\"@type\":\"ImageObject\",\"inLanguage\":\"pl-PL\",\"@id\":\"https:\/\/www.maccaferri.com\/pl\/#\/schema\/logo\/image\/\",\"url\":\"https:\/\/www.maccaferri.com\/pl\/wp-content\/uploads\/2022\/07\/logo-maccaferri.png\",\"contentUrl\":\"https:\/\/www.maccaferri.com\/pl\/wp-content\/uploads\/2022\/07\/logo-maccaferri.png\",\"width\":152,\"height\":32,\"caption\":\"Maccaferri Polska\"},\"image\":{\"@id\":\"https:\/\/www.maccaferri.com\/pl\/#\/schema\/logo\/image\/\"}}]}<\/script>\n<!-- \/ Yoast SEO Premium plugin. -->","yoast_head_json":{"title":"PoliMac - Maccaferri Polska","description":"Spe\u0142nij wymagania dotycz\u0105ce wydajno\u015bci technicznej w przemy\u015ble budowlanym.\u00a0 Zmaksymalizuj trwa\u0142o\u015b\u0107 i efektywno\u015b\u0107. Spe\u0142nij wymagania projektu dotycz\u0105ce","robots":{"index":"index","follow":"follow","max-snippet":"max-snippet:-1","max-image-preview":"max-image-preview:large","max-video-preview":"max-video-preview:-1"},"canonical":"https:\/\/www.maccaferri.com\/pl\/polimac\/","og_locale":"pl_PL","og_type":"article","og_title":"PoliMac - Maccaferri Polska","og_description":"Spe\u0142nij wymagania dotycz\u0105ce wydajno\u015bci technicznej w przemy\u015ble budowlanym.\u00a0 Zmaksymalizuj trwa\u0142o\u015b\u0107 i efektywno\u015b\u0107. Spe\u0142nij wymagania projektu dotycz\u0105ce","og_url":"https:\/\/www.maccaferri.com\/pl\/polimac\/","og_site_name":"Maccaferri Polska","article_modified_time":"2025-03-10T09:42:10+00:00","og_image":[{"width":340,"height":230,"url":"https:\/\/www.maccaferri.com\/pl\/wp-content\/uploads\/2023\/05\/5_2_c4ca4238a0b923820dcc509a6f75849b.jpg","type":"image\/jpeg"}],"twitter_card":"summary_large_image","twitter_misc":{"Est. reading time":"2 minutes"},"schema":{"@context":"https:\/\/schema.org","@graph":[{"@type":"WebPage","@id":"https:\/\/www.maccaferri.com\/pl\/polimac\/","url":"https:\/\/www.maccaferri.com\/pl\/polimac\/","name":"PoliMac - Maccaferri Polska","isPartOf":{"@id":"https:\/\/www.maccaferri.com\/pl\/#website"},"primaryImageOfPage":{"@id":"https:\/\/www.maccaferri.com\/pl\/polimac\/#primaryimage"},"image":{"@id":"https:\/\/www.maccaferri.com\/pl\/polimac\/#primaryimage"},"thumbnailUrl":"https:\/\/www.maccaferri.com\/wp-content\/uploads\/2023\/03\/WEATHERING-RESISTANCE.png","datePublished":"2025-03-10T09:42:06+00:00","dateModified":"2025-03-10T09:42:10+00:00","description":"Spe\u0142nij wymagania dotycz\u0105ce wydajno\u015bci technicznej w przemy\u015ble budowlanym.\u00a0 Zmaksymalizuj trwa\u0142o\u015b\u0107 i efektywno\u015b\u0107. Spe\u0142nij wymagania projektu dotycz\u0105ce","inLanguage":"pl-PL","potentialAction":[{"@type":"ReadAction","target":["https:\/\/www.maccaferri.com\/pl\/polimac\/"]}]},{"@type":"ImageObject","inLanguage":"pl-PL","@id":"https:\/\/www.maccaferri.com\/pl\/polimac\/#primaryimage","url":"https:\/\/www.maccaferri.com\/wp-content\/uploads\/2023\/03\/WEATHERING-RESISTANCE.png","contentUrl":"https:\/\/www.maccaferri.com\/wp-content\/uploads\/2023\/03\/WEATHERING-RESISTANCE.png"},{"@type":"WebSite","@id":"https:\/\/www.maccaferri.com\/pl\/#website","url":"https:\/\/www.maccaferri.com\/pl\/","name":"Maccaferri Polska","description":"","publisher":{"@id":"https:\/\/www.maccaferri.com\/pl\/#organization"},"potentialAction":[{"@type":"SearchAction","target":{"@type":"EntryPoint","urlTemplate":"https:\/\/www.maccaferri.com\/pl\/?s={search_term_string}"},"query-input":{"@type":"PropertyValueSpecification","valueRequired":true,"valueName":"search_term_string"}}],"inLanguage":"pl-PL"},{"@type":"Organization","@id":"https:\/\/www.maccaferri.com\/pl\/#organization","name":"Maccaferri Polska","url":"https:\/\/www.maccaferri.com\/pl\/","logo":{"@type":"ImageObject","inLanguage":"pl-PL","@id":"https:\/\/www.maccaferri.com\/pl\/#\/schema\/logo\/image\/","url":"https:\/\/www.maccaferri.com\/pl\/wp-content\/uploads\/2022\/07\/logo-maccaferri.png","contentUrl":"https:\/\/www.maccaferri.com\/pl\/wp-content\/uploads\/2022\/07\/logo-maccaferri.png","width":152,"height":32,"caption":"Maccaferri Polska"},"image":{"@id":"https:\/\/www.maccaferri.com\/pl\/#\/schema\/logo\/image\/"}}]}},"_links":{"self":[{"href":"https:\/\/www.maccaferri.com\/pl\/wp-json\/wp\/v2\/pages\/60003","targetHints":{"allow":["GET"]}}],"collection":[{"href":"https:\/\/www.maccaferri.com\/pl\/wp-json\/wp\/v2\/pages"}],"about":[{"href":"https:\/\/www.maccaferri.com\/pl\/wp-json\/wp\/v2\/types\/page"}],"author":[{"embeddable":true,"href":"https:\/\/www.maccaferri.com\/pl\/wp-json\/wp\/v2\/users\/21"}],"replies":[{"embeddable":true,"href":"https:\/\/www.maccaferri.com\/pl\/wp-json\/wp\/v2\/comments?post=60003"}],"version-history":[{"count":8,"href":"https:\/\/www.maccaferri.com\/pl\/wp-json\/wp\/v2\/pages\/60003\/revisions"}],"predecessor-version":[{"id":88217,"href":"https:\/\/www.maccaferri.com\/pl\/wp-json\/wp\/v2\/pages\/60003\/revisions\/88217"}],"wp:attachment":[{"href":"https:\/\/www.maccaferri.com\/pl\/wp-json\/wp\/v2\/media?parent=60003"}],"curies":[{"name":"wp","href":"https:\/\/api.w.org\/{rel}","templated":true}]}}