{"id":3514,"date":"2022-12-14T12:27:40","date_gmt":"2022-12-14T11:27:40","guid":{"rendered":"https:\/\/www.maccaferri.com\/pl\/?page_id=3514"},"modified":"2025-12-16T10:51:58","modified_gmt":"2025-12-16T09:51:58","slug":"maccaferri-oprogramowanie-suite","status":"publish","type":"page","link":"https:\/\/www.maccaferri.com\/pl\/maccaferri-oprogramowanie-suite\/","title":{"rendered":"Maccaferri Oprogramowanie Suite"},"content":{"rendered":"<div class=\"wp-block-mac-h1-title-hero-block container-fluid block-txt-container\" style=\"background:linear-gradient(180deg,rgb(1,94,111) 0%,rgb(0,72,87) 100%)\"><div class=\"row\"><div class=\"col\"><div class=\"gts__picture\"><img decoding=\"async\" src=\"https:\/\/www.maccaferri.com\/pl\/wp-content\/uploads\/2023\/01\/software-7.jpeg\" style=\"display:none\"\/><div class=\"gts__picture__image\" style=\"background-image:url(https:\/\/www.maccaferri.com\/pl\/wp-content\/uploads\/2023\/01\/software-7.jpeg)\"><\/div><\/div><div class=\"container box-container\"><div class=\"row\"><div class=\"col title-box-txt\"><h1 class=\"wp-block-mac-h1-title-hero-block\" style=\"color:#ffffff;text-align:none\">Maccaferri Oprogramowanie Suite<\/h1><\/div><\/div><\/div><\/div><\/div><\/div><div style=\"height:100px\" aria-hidden=\"true\" class=\"wp-block-spacer\"><\/div><div class=\"wp-block-columns is-layout-flex wp-container-core-columns-is-layout-9d6595d7 wp-block-columns-is-layout-flex\"><div class=\"wp-block-column is-layout-flow wp-block-column-is-layout-flow\"><div class=\"wp-block-mac-container-block box-container\"><div class=\"wp-block-columns is-layout-flex wp-container-core-columns-is-layout-9d6595d7 wp-block-columns-is-layout-flex\"><div class=\"wp-block-column is-layout-flow wp-block-column-is-layout-flow\"><div class=\"wp-block-mac-h5-txt-paragraph-block block-txt-container box-container\"><div class=\"row\"><div class=\"col paragraph-box-txt\"><h5 class=\"wp-block-mac-h5-txt-paragraph-block\" style=\"color:#212429;text-align:left\">Opracowany we wsp\u00f3\u0142pracy z wiod\u0105cymi instytutami i uniwersytetami, nasz uznany na ca\u0142ym \u015bwiecie i przyjazny dla u\u017cytkownika pakiet oprogramowania umo\u017cliwia projektowanie i dostarczanie skutecznych i niezawodnych rozwi\u0105za\u0144 w zakresie in\u017cynierii l\u0105dowej.<br>W oparciu o dane eksperymentalne zebrane w ci\u0105gu dziesi\u0119cioleci do\u015bwiadcze\u0144 w terenie i rygorystycznych kampanii testowych, nasze darmowe rozwi\u0105zania programowe spe\u0142niaj\u0105 wymagania in\u017cynier\u00f3w budownictwa i geotechnik\u00f3w na ca\u0142ym \u015bwiecie, oferuj\u0105c jednocze\u015bnie dodatkowe korzy\u015bci ekonomiczne i poszerza mo\u017cliwo\u015bci budowy.<br><br>Skontaktuj si\u0119 z nami, aby przeszkoli\u0107 si\u0119 w u\u017cywaniu naszych program\u00f3w do projektowania zaawansowanych i wymagaj\u0105cych rozwi\u0105za\u0144 in\u017cynieryjnych.<\/h5><\/div><\/div><\/div><\/div><\/div><\/div><\/div><\/div><div class=\"wp-block-mac-container-block box-container\"><div class=\"wp-block-columns is-layout-flex wp-container-core-columns-is-layout-9d6595d7 wp-block-columns-is-layout-flex\"><div class=\"wp-block-column is-layout-flow wp-block-column-is-layout-flow\"><figure class=\"wp-block-image size-full\"><img fetchpriority=\"high\" decoding=\"async\" width=\"430\" height=\"330\" src=\"https:\/\/www.maccaferri.com\/pl\/wp-content\/uploads\/sites\/23\/2022\/12\/maccaferri-software.png\" alt=\"\" class=\"wp-image-3075\" srcset=\"https:\/\/www.maccaferri.com\/pl\/wp-content\/uploads\/2022\/12\/maccaferri-software.png 430w, https:\/\/www.maccaferri.com\/pl\/wp-content\/uploads\/2022\/12\/maccaferri-software-300x230.png 300w\" sizes=\"(max-width: 430px) 100vw, 430px\" \/><\/figure><\/div>\n\n<div class=\"wp-block-column is-layout-flow wp-block-column-is-layout-flow\"><div style=\"height:50px\" aria-hidden=\"true\" class=\"wp-block-spacer\"><\/div>\n\n<div class=\"wp-block-mac-h2-title-bold-block block-txt-container box-container\"><div class=\"row\"><div class=\"col title-box-txt\"><h2 style=\"color:#004857;text-align:center\">Oprogramowanie online<\/h2><\/div><\/div><\/div>\n\n<p class=\"has-text-align-left has-medium-font-size\">Odwied\u017a platform\u0119 oprogramowania Maccaferri eDesign. Projektuj online z dowolnego miejsca. Nie jest wymagane pobieranie plik\u00f3w.<\/p>\n\n<ul style=\"font-size:19px\" class=\"wp-block-list\"><li><strong>Mac S-Design<\/strong>: uczy\u0144 sw\u00f3j stok bezpieczniejszym<\/li>\n\n<li><strong>MacTube Design<\/strong>: chro\u0144 swoje wybrze\u017ce<\/li>\n\n<li><strong>MacBars Design<\/strong>: Stabilizuj sw\u00f3j zbiornik<\/li>\n\n<li><strong>MACRA Design<\/strong>: projektowanie rzecznych rob\u00f3t hydrotechnicznych<\/li>\n\n<li><strong>REQUALIFE<\/strong>: projektowanie ciek\u00f3w wodnych dla zr\u00f3wnowa\u017conej przysz\u0142o\u015bci<\/li>\n\n<li><strong>ECoMac Design<\/strong>: zapobiegaj erozji gleby<\/li>\n\n<li><strong>MacQuay Design<\/strong>: chro\u0144 swoj\u0105 struktur\u0119 nabrze\u017ca<\/li>\n\n<li><strong>MacRo Design<\/strong>: Systemy os\u0142on skalnych<\/li>\n\n<li><strong>GROUNDMAC<\/strong>: Popraw swoj\u0105 gleb\u0119<\/li><\/ul>\n\n<div class=\"wp-block-buttons is-content-justification-center is-layout-flex wp-container-core-buttons-is-layout-16018d1d wp-block-buttons-is-layout-flex\"><div class=\"wp-block-button\"><a class=\"wp-block-button__link wp-element-button\" href=\"https:\/\/edesign.maccaferri.com\/\">Przejd\u017a do platformy<\/a><\/div><\/div><\/div><\/div><\/div><div style=\"height:150px\" aria-hidden=\"true\" class=\"wp-block-spacer\"><\/div><div class=\"wp-block-mac-container-block box-container\"><div class=\"wp-block-columns is-layout-flex wp-container-core-columns-is-layout-9d6595d7 wp-block-columns-is-layout-flex\"><div class=\"wp-block-column is-layout-flow wp-block-column-is-layout-flow\"><div class=\"wp-block-mac-h2-title-bold-block block-txt-container box-container\"><div class=\"row\"><div class=\"col title-box-txt\"><h2 style=\"color:#004857;text-align:left\">Oprogramowanie do projektowania do pobrania<\/h2><\/div><\/div><\/div>\n\n<p class=\"has-text-align-left has-medium-font-size\">Odkryj nasze oprogramowanie do projektowania, kt\u00f3re mo\u017cna pobra\u0107:<\/p>\n\n<ul style=\"font-size:19px\" class=\"wp-block-list\"><li><strong>MACFLOW Studio<\/strong>: projektowanie skutecznych rozwi\u0105za\u0144 w zakresie odwadniania<\/li>\n\n<li><strong>MacStars 4.0<\/strong>: projektowanie wzmocnionych zboczy ziemi, mur\u00f3w i z\u0142o\u017conych hybrydowych struktur<\/li>\n\n<li><strong>GAWAC<\/strong>: projektowanie \u015bcian oporowych z gabion\u00f3w<\/li><\/ul>\n\n<div class=\"wp-block-buttons is-layout-flex wp-block-buttons-is-layout-flex\"><div class=\"wp-block-button aligncenter\"><a class=\"wp-block-button__link wp-element-button\" href=\"https:\/\/www.maccaferri.com\/pl\/search?category-link=&amp;r=&amp;sectors-select=&amp;applications-select=&amp;solutions-select=&amp;products-select=&amp;location-select=&amp;full=on&amp;find_softwares=1\">UZYSKA\u0106 OPROGRAMOWANIE<\/a><\/div><\/div><\/div>\n\n<div class=\"wp-block-column is-layout-flow wp-block-column-is-layout-flow\"><div style=\"height:100px\" aria-hidden=\"true\" class=\"wp-block-spacer\"><\/div>\n\n<figure class=\"wp-block-image size-large\"><img decoding=\"async\" width=\"1024\" height=\"686\" src=\"https:\/\/www.maccaferri.com\/pl\/wp-content\/uploads\/sites\/23\/2022\/12\/maccaferri-software-downloadable-1024x686.png\" alt=\"\" class=\"wp-image-3728\" srcset=\"https:\/\/www.maccaferri.com\/pl\/wp-content\/uploads\/2022\/12\/maccaferri-software-downloadable-1024x686.png 1024w, https:\/\/www.maccaferri.com\/pl\/wp-content\/uploads\/2022\/12\/maccaferri-software-downloadable-300x201.png 300w, https:\/\/www.maccaferri.com\/pl\/wp-content\/uploads\/2022\/12\/maccaferri-software-downloadable-768x514.png 768w, https:\/\/www.maccaferri.com\/pl\/wp-content\/uploads\/2022\/12\/maccaferri-software-downloadable-1536x1029.png 1536w, https:\/\/www.maccaferri.com\/pl\/wp-content\/uploads\/2022\/12\/maccaferri-software-downloadable.png 1583w\" sizes=\"(max-width: 1024px) 100vw, 1024px\" \/><\/figure><\/div><\/div><\/div><div style=\"height:100px\" aria-hidden=\"true\" class=\"wp-block-spacer\"><\/div>","protected":false},"excerpt":{"rendered":"","protected":false},"author":2,"featured_media":0,"parent":0,"menu_order":0,"comment_status":"closed","ping_status":"closed","template":"","meta":{"_acf_changed":false,"_joinchat":[],"footnotes":""},"class_list":["post-3514","page","type-page","status-publish","hentry"],"acf":{"uuid_products":"","product-documents":""},"yoast_head":"<!-- This site is optimized with the Yoast SEO Premium plugin v27.0 (Yoast SEO v27.0) - https:\/\/yoast.com\/product\/yoast-seo-premium-wordpress\/ -->\n<title>Maccaferri Oprogramowanie Suite - Maccaferri Polska<\/title>\n<meta name=\"description\" content=\"Maccaferri Oprogramowanie Suite Opracowany we wsp\u00f3\u0142pracy z wiod\u0105cymi instytutami i uniwersytetami, nasz uznany na ca\u0142ym \u015bwiecie i przyjazny dla\" \/>\n<meta name=\"robots\" content=\"index, follow, max-snippet:-1, max-image-preview:large, max-video-preview:-1\" \/>\n<link rel=\"canonical\" href=\"https:\/\/www.maccaferri.com\/pl\/maccaferri-oprogramowanie-suite\/\" \/>\n<meta property=\"og:locale\" content=\"pl_PL\" \/>\n<meta property=\"og:type\" content=\"article\" \/>\n<meta property=\"og:title\" content=\"Maccaferri Oprogramowanie Suite - Maccaferri Polska\" \/>\n<meta property=\"og:description\" content=\"Maccaferri Oprogramowanie Suite Opracowany we wsp\u00f3\u0142pracy z wiod\u0105cymi instytutami i uniwersytetami, nasz uznany na ca\u0142ym \u015bwiecie i przyjazny dla\" \/>\n<meta property=\"og:url\" content=\"https:\/\/www.maccaferri.com\/pl\/maccaferri-oprogramowanie-suite\/\" \/>\n<meta property=\"og:site_name\" content=\"Maccaferri Polska\" \/>\n<meta property=\"article:modified_time\" content=\"2025-12-16T09:51:58+00:00\" \/>\n<meta property=\"og:image\" content=\"https:\/\/www.maccaferri.com\/pl\/wp-content\/uploads\/2023\/01\/software-7.jpeg\" \/>\n<meta name=\"twitter:card\" content=\"summary_large_image\" \/>\n<meta name=\"twitter:label1\" content=\"Est. reading time\" \/>\n\t<meta name=\"twitter:data1\" content=\"2 minutes\" \/>\n<script type=\"application\/ld+json\" class=\"yoast-schema-graph\">{\"@context\":\"https:\/\/schema.org\",\"@graph\":[{\"@type\":\"WebPage\",\"@id\":\"https:\/\/www.maccaferri.com\/pl\/maccaferri-oprogramowanie-suite\/\",\"url\":\"https:\/\/www.maccaferri.com\/pl\/maccaferri-oprogramowanie-suite\/\",\"name\":\"Maccaferri Oprogramowanie Suite - Maccaferri Polska\",\"isPartOf\":{\"@id\":\"https:\/\/www.maccaferri.com\/pl\/#website\"},\"primaryImageOfPage\":{\"@id\":\"https:\/\/www.maccaferri.com\/pl\/maccaferri-oprogramowanie-suite\/#primaryimage\"},\"image\":{\"@id\":\"https:\/\/www.maccaferri.com\/pl\/maccaferri-oprogramowanie-suite\/#primaryimage\"},\"thumbnailUrl\":\"https:\/\/www.maccaferri.com\/pl\/wp-content\/uploads\/2023\/01\/software-7.jpeg\",\"datePublished\":\"2022-12-14T11:27:40+00:00\",\"dateModified\":\"2025-12-16T09:51:58+00:00\",\"description\":\"Maccaferri Oprogramowanie Suite Opracowany we wsp\u00f3\u0142pracy z wiod\u0105cymi instytutami i uniwersytetami, nasz uznany na ca\u0142ym \u015bwiecie i przyjazny dla\",\"inLanguage\":\"pl-PL\",\"potentialAction\":[{\"@type\":\"ReadAction\",\"target\":[\"https:\/\/www.maccaferri.com\/pl\/maccaferri-oprogramowanie-suite\/\"]}]},{\"@type\":\"ImageObject\",\"inLanguage\":\"pl-PL\",\"@id\":\"https:\/\/www.maccaferri.com\/pl\/maccaferri-oprogramowanie-suite\/#primaryimage\",\"url\":\"https:\/\/www.maccaferri.com\/pl\/wp-content\/uploads\/2023\/01\/software-7.jpeg\",\"contentUrl\":\"https:\/\/www.maccaferri.com\/pl\/wp-content\/uploads\/2023\/01\/software-7.jpeg\",\"width\":1280,\"height\":720},{\"@type\":\"WebSite\",\"@id\":\"https:\/\/www.maccaferri.com\/pl\/#website\",\"url\":\"https:\/\/www.maccaferri.com\/pl\/\",\"name\":\"Maccaferri Polska\",\"description\":\"\",\"publisher\":{\"@id\":\"https:\/\/www.maccaferri.com\/pl\/#organization\"},\"potentialAction\":[{\"@type\":\"SearchAction\",\"target\":{\"@type\":\"EntryPoint\",\"urlTemplate\":\"https:\/\/www.maccaferri.com\/pl\/?s={search_term_string}\"},\"query-input\":{\"@type\":\"PropertyValueSpecification\",\"valueRequired\":true,\"valueName\":\"search_term_string\"}}],\"inLanguage\":\"pl-PL\"},{\"@type\":\"Organization\",\"@id\":\"https:\/\/www.maccaferri.com\/pl\/#organization\",\"name\":\"Maccaferri Polska\",\"url\":\"https:\/\/www.maccaferri.com\/pl\/\",\"logo\":{\"@type\":\"ImageObject\",\"inLanguage\":\"pl-PL\",\"@id\":\"https:\/\/www.maccaferri.com\/pl\/#\/schema\/logo\/image\/\",\"url\":\"https:\/\/www.maccaferri.com\/pl\/wp-content\/uploads\/2022\/07\/logo-maccaferri.png\",\"contentUrl\":\"https:\/\/www.maccaferri.com\/pl\/wp-content\/uploads\/2022\/07\/logo-maccaferri.png\",\"width\":152,\"height\":32,\"caption\":\"Maccaferri Polska\"},\"image\":{\"@id\":\"https:\/\/www.maccaferri.com\/pl\/#\/schema\/logo\/image\/\"}}]}<\/script>\n<!-- \/ Yoast SEO Premium plugin. -->","yoast_head_json":{"title":"Maccaferri Oprogramowanie Suite - Maccaferri Polska","description":"Maccaferri Oprogramowanie Suite Opracowany we wsp\u00f3\u0142pracy z wiod\u0105cymi instytutami i uniwersytetami, nasz uznany na ca\u0142ym \u015bwiecie i przyjazny dla","robots":{"index":"index","follow":"follow","max-snippet":"max-snippet:-1","max-image-preview":"max-image-preview:large","max-video-preview":"max-video-preview:-1"},"canonical":"https:\/\/www.maccaferri.com\/pl\/maccaferri-oprogramowanie-suite\/","og_locale":"pl_PL","og_type":"article","og_title":"Maccaferri Oprogramowanie Suite - Maccaferri Polska","og_description":"Maccaferri Oprogramowanie Suite Opracowany we wsp\u00f3\u0142pracy z wiod\u0105cymi instytutami i uniwersytetami, nasz uznany na ca\u0142ym \u015bwiecie i przyjazny dla","og_url":"https:\/\/www.maccaferri.com\/pl\/maccaferri-oprogramowanie-suite\/","og_site_name":"Maccaferri Polska","article_modified_time":"2025-12-16T09:51:58+00:00","og_image":[{"url":"https:\/\/www.maccaferri.com\/pl\/wp-content\/uploads\/2023\/01\/software-7.jpeg","type":"","width":"","height":""}],"twitter_card":"summary_large_image","twitter_misc":{"Est. reading time":"2 minutes"},"schema":{"@context":"https:\/\/schema.org","@graph":[{"@type":"WebPage","@id":"https:\/\/www.maccaferri.com\/pl\/maccaferri-oprogramowanie-suite\/","url":"https:\/\/www.maccaferri.com\/pl\/maccaferri-oprogramowanie-suite\/","name":"Maccaferri Oprogramowanie Suite - Maccaferri Polska","isPartOf":{"@id":"https:\/\/www.maccaferri.com\/pl\/#website"},"primaryImageOfPage":{"@id":"https:\/\/www.maccaferri.com\/pl\/maccaferri-oprogramowanie-suite\/#primaryimage"},"image":{"@id":"https:\/\/www.maccaferri.com\/pl\/maccaferri-oprogramowanie-suite\/#primaryimage"},"thumbnailUrl":"https:\/\/www.maccaferri.com\/pl\/wp-content\/uploads\/2023\/01\/software-7.jpeg","datePublished":"2022-12-14T11:27:40+00:00","dateModified":"2025-12-16T09:51:58+00:00","description":"Maccaferri Oprogramowanie Suite Opracowany we wsp\u00f3\u0142pracy z wiod\u0105cymi instytutami i uniwersytetami, nasz uznany na ca\u0142ym \u015bwiecie i przyjazny dla","inLanguage":"pl-PL","potentialAction":[{"@type":"ReadAction","target":["https:\/\/www.maccaferri.com\/pl\/maccaferri-oprogramowanie-suite\/"]}]},{"@type":"ImageObject","inLanguage":"pl-PL","@id":"https:\/\/www.maccaferri.com\/pl\/maccaferri-oprogramowanie-suite\/#primaryimage","url":"https:\/\/www.maccaferri.com\/pl\/wp-content\/uploads\/2023\/01\/software-7.jpeg","contentUrl":"https:\/\/www.maccaferri.com\/pl\/wp-content\/uploads\/2023\/01\/software-7.jpeg","width":1280,"height":720},{"@type":"WebSite","@id":"https:\/\/www.maccaferri.com\/pl\/#website","url":"https:\/\/www.maccaferri.com\/pl\/","name":"Maccaferri Polska","description":"","publisher":{"@id":"https:\/\/www.maccaferri.com\/pl\/#organization"},"potentialAction":[{"@type":"SearchAction","target":{"@type":"EntryPoint","urlTemplate":"https:\/\/www.maccaferri.com\/pl\/?s={search_term_string}"},"query-input":{"@type":"PropertyValueSpecification","valueRequired":true,"valueName":"search_term_string"}}],"inLanguage":"pl-PL"},{"@type":"Organization","@id":"https:\/\/www.maccaferri.com\/pl\/#organization","name":"Maccaferri Polska","url":"https:\/\/www.maccaferri.com\/pl\/","logo":{"@type":"ImageObject","inLanguage":"pl-PL","@id":"https:\/\/www.maccaferri.com\/pl\/#\/schema\/logo\/image\/","url":"https:\/\/www.maccaferri.com\/pl\/wp-content\/uploads\/2022\/07\/logo-maccaferri.png","contentUrl":"https:\/\/www.maccaferri.com\/pl\/wp-content\/uploads\/2022\/07\/logo-maccaferri.png","width":152,"height":32,"caption":"Maccaferri Polska"},"image":{"@id":"https:\/\/www.maccaferri.com\/pl\/#\/schema\/logo\/image\/"}}]}},"_links":{"self":[{"href":"https:\/\/www.maccaferri.com\/pl\/wp-json\/wp\/v2\/pages\/3514","targetHints":{"allow":["GET"]}}],"collection":[{"href":"https:\/\/www.maccaferri.com\/pl\/wp-json\/wp\/v2\/pages"}],"about":[{"href":"https:\/\/www.maccaferri.com\/pl\/wp-json\/wp\/v2\/types\/page"}],"author":[{"embeddable":true,"href":"https:\/\/www.maccaferri.com\/pl\/wp-json\/wp\/v2\/users\/2"}],"replies":[{"embeddable":true,"href":"https:\/\/www.maccaferri.com\/pl\/wp-json\/wp\/v2\/comments?post=3514"}],"version-history":[{"count":39,"href":"https:\/\/www.maccaferri.com\/pl\/wp-json\/wp\/v2\/pages\/3514\/revisions"}],"predecessor-version":[{"id":103708,"href":"https:\/\/www.maccaferri.com\/pl\/wp-json\/wp\/v2\/pages\/3514\/revisions\/103708"}],"wp:attachment":[{"href":"https:\/\/www.maccaferri.com\/pl\/wp-json\/wp\/v2\/media?parent=3514"}],"curies":[{"name":"wp","href":"https:\/\/api.w.org\/{rel}","templated":true}]}}