{"id":3503,"date":"2022-12-12T06:48:29","date_gmt":"2022-12-12T05:48:29","guid":{"rendered":"https:\/\/www.maccaferri.com\/pl\/?page_id=3503"},"modified":"2023-01-23T09:51:44","modified_gmt":"2023-01-23T08:51:44","slug":"biblioteka-obiektow-bim","status":"publish","type":"page","link":"https:\/\/www.maccaferri.com\/pl\/biblioteka-obiektow-bim\/","title":{"rendered":"Biblioteka obiekt\u00f3w BIM"},"content":{"rendered":"<div class=\"wp-block-mac-h1-title-hero-block container-fluid block-txt-container\" style=\"background:linear-gradient(180deg,rgb(1,94,111) 0%,rgb(0,72,87) 100%)\"><div class=\"row\"><div class=\"col\"><div class=\"gts__picture\"><img decoding=\"async\" src=\"https:\/\/www.maccaferri.com\/pl\/wp-content\/uploads\/sites\/23\/2022\/12\/BIM-Maccaferri-Terramesh.jpg\" style=\"display:none\"\/><div class=\"gts__picture__image\" style=\"background-image:url(https:\/\/www.maccaferri.com\/pl\/wp-content\/uploads\/sites\/23\/2022\/12\/BIM-Maccaferri-Terramesh.jpg)\"><\/div><\/div><div class=\"container box-container\"><div class=\"row\"><div class=\"col title-box-txt\"><h1 class=\"wp-block-mac-h1-title-hero-block\" style=\"color:#ffffff;text-align:none\">Biblioteka obiekt\u00f3w BIM<\/h1><\/div><\/div><\/div><\/div><\/div><\/div><div style=\"height:100px\" aria-hidden=\"true\" class=\"wp-block-spacer\"><\/div><div class=\"wp-block-columns is-layout-flex wp-container-core-columns-is-layout-9d6595d7 wp-block-columns-is-layout-flex\"><div class=\"wp-block-column is-layout-flow wp-block-column-is-layout-flow\"><div class=\"wp-block-mac-container-block box-container\"><div class=\"wp-block-columns is-layout-flex wp-container-core-columns-is-layout-9d6595d7 wp-block-columns-is-layout-flex\"><div class=\"wp-block-column is-layout-flow wp-block-column-is-layout-flow\"><p class=\"has-text-align-center\"><strong>BIM Building Information Modeling (BIM) <\/strong>to inteligentny proces oparty na modelach 3D.<\/p>\n\n<p class=\"has-text-align-center\">Niesamowite nowe narz\u0119dzie dla profesjonalist\u00f3w z dziedziny in\u017cynierii i budownictwa.<\/p>\n\n<p class=\"has-text-align-center\">Bimstore.co to nie tylko biblioteka informacji, ale tak\u017ce spo\u0142eczno\u015b\u0107 \u0142\u0105cz\u0105ca pasjonat\u00f3w tworzenia inteligentnej przysz\u0142o\u015bci.<\/p><\/div><\/div><\/div><\/div><\/div><div class=\"wp-block-mac-container-block box-container\"><div class=\"wp-block-columns is-layout-flex wp-container-core-columns-is-layout-9d6595d7 wp-block-columns-is-layout-flex\"><div class=\"wp-block-column is-layout-flow wp-block-column-is-layout-flow\"><iframe width=\"100%\" height=\"1300\" style=\"border:0px;\" border=\"none\" src=\"https:\/\/www.bimstore.co\/bimshelf\/d8bb0b62-3b5e-4293-9eef-5da70089e994\"><\/iframe><\/div><\/div><\/div><div class=\"wp-block-columns is-layout-flex wp-container-core-columns-is-layout-9d6595d7 wp-block-columns-is-layout-flex\"><div class=\"wp-block-column is-layout-flow wp-block-column-is-layout-flow\"><div class=\"wp-block-mac-container-block box-container\"><div class=\"wp-block-columns is-layout-flex wp-container-core-columns-is-layout-9d6595d7 wp-block-columns-is-layout-flex\"><div class=\"wp-block-column is-layout-flow wp-block-column-is-layout-flow\"><div style=\"height:100px\" aria-hidden=\"true\" class=\"wp-block-spacer\"><\/div><\/div><\/div><\/div><\/div><\/div>","protected":false},"excerpt":{"rendered":"","protected":false},"author":2,"featured_media":0,"parent":0,"menu_order":0,"comment_status":"closed","ping_status":"closed","template":"","meta":{"_acf_changed":false,"_joinchat":[],"footnotes":""},"class_list":["post-3503","page","type-page","status-publish","hentry"],"acf":{"uuid_products":"","product-documents":""},"yoast_head":"<!-- This site is optimized with the Yoast SEO Premium plugin v27.0 (Yoast SEO v27.0) - https:\/\/yoast.com\/product\/yoast-seo-premium-wordpress\/ -->\n<title>Biblioteka obiekt\u00f3w BIM - Maccaferri Polska<\/title>\n<meta name=\"description\" content=\"Biblioteka obiekt\u00f3w BIM BIM Building Information Modeling (BIM) to inteligentny proces oparty na modelach 3D. Niesamowite nowe narz\u0119dzie dla\" \/>\n<meta name=\"robots\" content=\"index, follow, max-snippet:-1, max-image-preview:large, max-video-preview:-1\" \/>\n<link rel=\"canonical\" href=\"https:\/\/www.maccaferri.com\/pl\/biblioteka-obiektow-bim\/\" \/>\n<meta property=\"og:locale\" content=\"pl_PL\" \/>\n<meta property=\"og:type\" content=\"article\" \/>\n<meta property=\"og:title\" content=\"Biblioteka obiekt\u00f3w BIM - Maccaferri Polska\" \/>\n<meta property=\"og:description\" content=\"Biblioteka obiekt\u00f3w BIM BIM Building Information Modeling (BIM) to inteligentny proces oparty na modelach 3D. Niesamowite nowe narz\u0119dzie dla\" \/>\n<meta property=\"og:url\" content=\"https:\/\/www.maccaferri.com\/pl\/biblioteka-obiektow-bim\/\" \/>\n<meta property=\"og:site_name\" content=\"Maccaferri Polska\" \/>\n<meta property=\"article:modified_time\" content=\"2023-01-23T08:51:44+00:00\" \/>\n<meta property=\"og:image\" content=\"https:\/\/www.maccaferri.com\/pl\/wp-content\/uploads\/sites\/23\/2022\/12\/BIM-Maccaferri-Terramesh.jpg\" \/>\n<meta name=\"twitter:card\" content=\"summary_large_image\" \/>\n<meta name=\"twitter:label1\" content=\"Est. reading time\" \/>\n\t<meta name=\"twitter:data1\" content=\"1 minute\" \/>\n<script type=\"application\/ld+json\" class=\"yoast-schema-graph\">{\"@context\":\"https:\/\/schema.org\",\"@graph\":[{\"@type\":\"WebPage\",\"@id\":\"https:\/\/www.maccaferri.com\/pl\/biblioteka-obiektow-bim\/\",\"url\":\"https:\/\/www.maccaferri.com\/pl\/biblioteka-obiektow-bim\/\",\"name\":\"Biblioteka obiekt\u00f3w BIM - Maccaferri Polska\",\"isPartOf\":{\"@id\":\"https:\/\/www.maccaferri.com\/pl\/#website\"},\"primaryImageOfPage\":{\"@id\":\"https:\/\/www.maccaferri.com\/pl\/biblioteka-obiektow-bim\/#primaryimage\"},\"image\":{\"@id\":\"https:\/\/www.maccaferri.com\/pl\/biblioteka-obiektow-bim\/#primaryimage\"},\"thumbnailUrl\":\"https:\/\/www.maccaferri.com\/pl\/wp-content\/uploads\/sites\/23\/2022\/12\/BIM-Maccaferri-Terramesh.jpg\",\"datePublished\":\"2022-12-12T05:48:29+00:00\",\"dateModified\":\"2023-01-23T08:51:44+00:00\",\"description\":\"Biblioteka obiekt\u00f3w BIM BIM Building Information Modeling (BIM) to inteligentny proces oparty na modelach 3D. Niesamowite nowe narz\u0119dzie dla\",\"inLanguage\":\"pl-PL\",\"potentialAction\":[{\"@type\":\"ReadAction\",\"target\":[\"https:\/\/www.maccaferri.com\/pl\/biblioteka-obiektow-bim\/\"]}]},{\"@type\":\"ImageObject\",\"inLanguage\":\"pl-PL\",\"@id\":\"https:\/\/www.maccaferri.com\/pl\/biblioteka-obiektow-bim\/#primaryimage\",\"url\":\"https:\/\/www.maccaferri.com\/pl\/wp-content\/uploads\/sites\/23\/2022\/12\/BIM-Maccaferri-Terramesh.jpg\",\"contentUrl\":\"https:\/\/www.maccaferri.com\/pl\/wp-content\/uploads\/sites\/23\/2022\/12\/BIM-Maccaferri-Terramesh.jpg\"},{\"@type\":\"WebSite\",\"@id\":\"https:\/\/www.maccaferri.com\/pl\/#website\",\"url\":\"https:\/\/www.maccaferri.com\/pl\/\",\"name\":\"Maccaferri Polska\",\"description\":\"\",\"publisher\":{\"@id\":\"https:\/\/www.maccaferri.com\/pl\/#organization\"},\"potentialAction\":[{\"@type\":\"SearchAction\",\"target\":{\"@type\":\"EntryPoint\",\"urlTemplate\":\"https:\/\/www.maccaferri.com\/pl\/?s={search_term_string}\"},\"query-input\":{\"@type\":\"PropertyValueSpecification\",\"valueRequired\":true,\"valueName\":\"search_term_string\"}}],\"inLanguage\":\"pl-PL\"},{\"@type\":\"Organization\",\"@id\":\"https:\/\/www.maccaferri.com\/pl\/#organization\",\"name\":\"Maccaferri Polska\",\"url\":\"https:\/\/www.maccaferri.com\/pl\/\",\"logo\":{\"@type\":\"ImageObject\",\"inLanguage\":\"pl-PL\",\"@id\":\"https:\/\/www.maccaferri.com\/pl\/#\/schema\/logo\/image\/\",\"url\":\"https:\/\/www.maccaferri.com\/pl\/wp-content\/uploads\/2022\/07\/logo-maccaferri.png\",\"contentUrl\":\"https:\/\/www.maccaferri.com\/pl\/wp-content\/uploads\/2022\/07\/logo-maccaferri.png\",\"width\":152,\"height\":32,\"caption\":\"Maccaferri Polska\"},\"image\":{\"@id\":\"https:\/\/www.maccaferri.com\/pl\/#\/schema\/logo\/image\/\"}}]}<\/script>\n<!-- \/ Yoast SEO Premium plugin. -->","yoast_head_json":{"title":"Biblioteka obiekt\u00f3w BIM - Maccaferri Polska","description":"Biblioteka obiekt\u00f3w BIM BIM Building Information Modeling (BIM) to inteligentny proces oparty na modelach 3D. Niesamowite nowe narz\u0119dzie dla","robots":{"index":"index","follow":"follow","max-snippet":"max-snippet:-1","max-image-preview":"max-image-preview:large","max-video-preview":"max-video-preview:-1"},"canonical":"https:\/\/www.maccaferri.com\/pl\/biblioteka-obiektow-bim\/","og_locale":"pl_PL","og_type":"article","og_title":"Biblioteka obiekt\u00f3w BIM - Maccaferri Polska","og_description":"Biblioteka obiekt\u00f3w BIM BIM Building Information Modeling (BIM) to inteligentny proces oparty na modelach 3D. Niesamowite nowe narz\u0119dzie dla","og_url":"https:\/\/www.maccaferri.com\/pl\/biblioteka-obiektow-bim\/","og_site_name":"Maccaferri Polska","article_modified_time":"2023-01-23T08:51:44+00:00","og_image":[{"url":"https:\/\/www.maccaferri.com\/pl\/wp-content\/uploads\/sites\/23\/2022\/12\/BIM-Maccaferri-Terramesh.jpg","type":"","width":"","height":""}],"twitter_card":"summary_large_image","twitter_misc":{"Est. reading time":"1 minute"},"schema":{"@context":"https:\/\/schema.org","@graph":[{"@type":"WebPage","@id":"https:\/\/www.maccaferri.com\/pl\/biblioteka-obiektow-bim\/","url":"https:\/\/www.maccaferri.com\/pl\/biblioteka-obiektow-bim\/","name":"Biblioteka obiekt\u00f3w BIM - Maccaferri Polska","isPartOf":{"@id":"https:\/\/www.maccaferri.com\/pl\/#website"},"primaryImageOfPage":{"@id":"https:\/\/www.maccaferri.com\/pl\/biblioteka-obiektow-bim\/#primaryimage"},"image":{"@id":"https:\/\/www.maccaferri.com\/pl\/biblioteka-obiektow-bim\/#primaryimage"},"thumbnailUrl":"https:\/\/www.maccaferri.com\/pl\/wp-content\/uploads\/sites\/23\/2022\/12\/BIM-Maccaferri-Terramesh.jpg","datePublished":"2022-12-12T05:48:29+00:00","dateModified":"2023-01-23T08:51:44+00:00","description":"Biblioteka obiekt\u00f3w BIM BIM Building Information Modeling (BIM) to inteligentny proces oparty na modelach 3D. Niesamowite nowe narz\u0119dzie dla","inLanguage":"pl-PL","potentialAction":[{"@type":"ReadAction","target":["https:\/\/www.maccaferri.com\/pl\/biblioteka-obiektow-bim\/"]}]},{"@type":"ImageObject","inLanguage":"pl-PL","@id":"https:\/\/www.maccaferri.com\/pl\/biblioteka-obiektow-bim\/#primaryimage","url":"https:\/\/www.maccaferri.com\/pl\/wp-content\/uploads\/sites\/23\/2022\/12\/BIM-Maccaferri-Terramesh.jpg","contentUrl":"https:\/\/www.maccaferri.com\/pl\/wp-content\/uploads\/sites\/23\/2022\/12\/BIM-Maccaferri-Terramesh.jpg"},{"@type":"WebSite","@id":"https:\/\/www.maccaferri.com\/pl\/#website","url":"https:\/\/www.maccaferri.com\/pl\/","name":"Maccaferri Polska","description":"","publisher":{"@id":"https:\/\/www.maccaferri.com\/pl\/#organization"},"potentialAction":[{"@type":"SearchAction","target":{"@type":"EntryPoint","urlTemplate":"https:\/\/www.maccaferri.com\/pl\/?s={search_term_string}"},"query-input":{"@type":"PropertyValueSpecification","valueRequired":true,"valueName":"search_term_string"}}],"inLanguage":"pl-PL"},{"@type":"Organization","@id":"https:\/\/www.maccaferri.com\/pl\/#organization","name":"Maccaferri Polska","url":"https:\/\/www.maccaferri.com\/pl\/","logo":{"@type":"ImageObject","inLanguage":"pl-PL","@id":"https:\/\/www.maccaferri.com\/pl\/#\/schema\/logo\/image\/","url":"https:\/\/www.maccaferri.com\/pl\/wp-content\/uploads\/2022\/07\/logo-maccaferri.png","contentUrl":"https:\/\/www.maccaferri.com\/pl\/wp-content\/uploads\/2022\/07\/logo-maccaferri.png","width":152,"height":32,"caption":"Maccaferri Polska"},"image":{"@id":"https:\/\/www.maccaferri.com\/pl\/#\/schema\/logo\/image\/"}}]}},"_links":{"self":[{"href":"https:\/\/www.maccaferri.com\/pl\/wp-json\/wp\/v2\/pages\/3503","targetHints":{"allow":["GET"]}}],"collection":[{"href":"https:\/\/www.maccaferri.com\/pl\/wp-json\/wp\/v2\/pages"}],"about":[{"href":"https:\/\/www.maccaferri.com\/pl\/wp-json\/wp\/v2\/types\/page"}],"author":[{"embeddable":true,"href":"https:\/\/www.maccaferri.com\/pl\/wp-json\/wp\/v2\/users\/2"}],"replies":[{"embeddable":true,"href":"https:\/\/www.maccaferri.com\/pl\/wp-json\/wp\/v2\/comments?post=3503"}],"version-history":[{"count":22,"href":"https:\/\/www.maccaferri.com\/pl\/wp-json\/wp\/v2\/pages\/3503\/revisions"}],"predecessor-version":[{"id":7989,"href":"https:\/\/www.maccaferri.com\/pl\/wp-json\/wp\/v2\/pages\/3503\/revisions\/7989"}],"wp:attachment":[{"href":"https:\/\/www.maccaferri.com\/pl\/wp-json\/wp\/v2\/media?parent=3503"}],"curies":[{"name":"wp","href":"https:\/\/api.w.org\/{rel}","templated":true}]}}