{"id":1401,"date":"2022-07-29T11:46:56","date_gmt":"2022-07-29T09:46:56","guid":{"rendered":"https:\/\/www.maccaferri.com\/pl\/?page_id=1401"},"modified":"2026-04-15T17:12:11","modified_gmt":"2026-04-15T15:12:11","slug":"ludzie-i-kariera","status":"publish","type":"page","link":"https:\/\/www.maccaferri.com\/pl\/ludzie-i-kariera\/","title":{"rendered":"Ludzie i Kariera"},"content":{"rendered":"<div class=\"wp-block-cover has-parallax rbc-is-hidden-on-mobile\" style=\"min-height:900px;aspect-ratio:unset;\"><div class=\"wp-block-cover__image-background wp-image-88730 has-parallax\" style=\"background-position:50% 50%;background-image:url(https:\/\/www.maccaferri.com\/wp-content\/uploads\/2024\/12\/maccaferri-people-careers.jpeg)\"><\/div><span aria-hidden=\"true\" class=\"wp-block-cover__background has-background-dim-0 has-background-dim\"><\/span><div class=\"wp-block-cover__inner-container is-layout-constrained wp-block-cover-is-layout-constrained\"><div class=\"wp-block-mac-container-block box-container\"><div class=\"wp-block-columns is-layout-flex wp-container-core-columns-is-layout-9d6595d7 wp-block-columns-is-layout-flex\"><div class=\"wp-block-column is-layout-flow wp-block-column-is-layout-flow\"><p class=\"has-text-align-left has-white-color has-text-color has-link-color wp-elements-8993719709853436fce84ef62d9cbd89\" style=\"font-size:80px\"><strong>Sie\u0107 <\/strong><\/p>\n\n<div style=\"height:30px\" aria-hidden=\"true\" class=\"wp-block-spacer\"><\/div>\n\n<p class=\"has-text-align-left has-white-color has-text-color has-link-color wp-elements-383dd47badef49474ee179ae6721b48b\" style=\"font-size:80px\"><strong>innowator\u00f3w<\/strong><\/p>\n\n<div style=\"height:406px\" aria-hidden=\"true\" class=\"wp-block-spacer\"><\/div><\/div><\/div><\/div>\n\n<div class=\"wp-block-mac-container-block box-container\"><div class=\"wp-block-columns is-layout-flex wp-container-core-columns-is-layout-9d6595d7 wp-block-columns-is-layout-flex\"><div class=\"wp-block-column is-layout-flow wp-block-column-is-layout-flow\"><\/div>\n\n<div class=\"wp-block-column is-layout-flow wp-block-column-is-layout-flow\"><\/div><\/div><\/div><\/div><\/div><div class=\"wp-block-cover rbc-is-hidden-on-wide rbc-is-hidden-on-desktop\" style=\"min-height:900px;aspect-ratio:unset;\"><img decoding=\"async\" class=\"wp-block-cover__image-background wp-image-88730\" alt=\"\" src=\"https:\/\/www.maccaferri.com\/wp-content\/uploads\/2024\/12\/maccaferri-people-careers.jpeg\" style=\"object-position:50% 48%\" data-object-fit=\"cover\" data-object-position=\"50% 48%\"\/><span aria-hidden=\"true\" class=\"wp-block-cover__background has-background-dim-0 has-background-dim\"><\/span><div class=\"wp-block-cover__inner-container is-layout-constrained wp-block-cover-is-layout-constrained\"><div class=\"wp-block-mac-container-block box-container\"><div class=\"wp-block-columns is-layout-flex wp-container-core-columns-is-layout-9d6595d7 wp-block-columns-is-layout-flex\"><div class=\"wp-block-column is-layout-flow wp-block-column-is-layout-flow\"><div style=\"height:30px\" aria-hidden=\"true\" class=\"wp-block-spacer\"><\/div>\n\n<h1 class=\"wp-block-heading has-x-large-font-size\" id=\"h-siec-innowatorow\"><strong>Sie\u0107 innowator\u00f3w<\/strong><\/h1>\n\n<div style=\"height:406px\" aria-hidden=\"true\" class=\"wp-block-spacer\"><\/div><\/div><\/div><\/div>\n\n<div class=\"wp-block-mac-container-block box-container\"><div class=\"wp-block-columns is-layout-flex wp-container-core-columns-is-layout-9d6595d7 wp-block-columns-is-layout-flex\"><div class=\"wp-block-column is-layout-flow wp-block-column-is-layout-flow\"><\/div>\n\n<div class=\"wp-block-column is-layout-flow wp-block-column-is-layout-flow\"><\/div><\/div><\/div><\/div><\/div><div style=\"height:100px\" aria-hidden=\"true\" class=\"wp-block-spacer\"><\/div><div class=\"wp-block-mac-container-block box-container\"><div class=\"wp-block-columns is-layout-flex wp-container-core-columns-is-layout-9d6595d7 wp-block-columns-is-layout-flex\"><div class=\"wp-block-column is-layout-flow wp-block-column-is-layout-flow\"><h2 class=\"wp-block-heading has-text-align-center has-text-color has-link-color has-large-font-size wp-elements-d86352b8424c0bcd5177bd4d5a87a81b\" id=\"h-jestesmy-zespolem-ponad-3000-osob-ktorych-laczy-ta-sama-misja-dostarczanie-swiatu-coraz-bardziej-wydajnych-i-zrownowazonych-rozwiazan\" style=\"color:#035d6f\"><strong>Jeste\u015bmy zespo\u0142em ponad 3000 os\u00f3b, kt\u00f3rych \u0142\u0105czy ta sama misja: dostarczanie \u015bwiatu coraz bardziej wydajnych i zr\u00f3wnowa\u017conych rozwi\u0105za\u0144.<\/strong><\/h2>\n\n<div class=\"wp-block-columns is-layout-flex wp-container-core-columns-is-layout-9d6595d7 wp-block-columns-is-layout-flex\"><div class=\"wp-block-column is-layout-flow wp-block-column-is-layout-flow\" style=\"flex-basis:20%\"><\/div>\n\n<div class=\"wp-block-column is-layout-flow wp-block-column-is-layout-flow\"><div class=\"wp-block-buttons is-content-justification-center is-layout-flex wp-container-core-buttons-is-layout-16018d1d wp-block-buttons-is-layout-flex\"><div class=\"wp-block-button has-custom-width wp-block-button__width-100\"><a class=\"wp-block-button__link wp-element-button\" href=\"https:\/\/app.ncoreplat.com\/jobboard\/filters\/1436\/corporate\" target=\"_blank\" rel=\"noreferrer noopener\">ZOBACZ OFERTY PRACY<\/a><\/div><\/div><\/div>\n\n<div class=\"wp-block-column is-layout-flow wp-block-column-is-layout-flow\"><div class=\"wp-block-buttons is-content-justification-center is-layout-flex wp-container-core-buttons-is-layout-16018d1d wp-block-buttons-is-layout-flex\"><div class=\"wp-block-button has-custom-width wp-block-button__width-100\"><a class=\"wp-block-button__link has-small-font-size has-custom-font-size wp-element-button\" href=\"https:\/\/go0.it\/d8zKm\" target=\"_blank\" rel=\"noreferrer noopener\">SPONTANICZNE APLIKOWANIE<\/a><\/div><\/div><\/div>\n\n<div class=\"wp-block-column is-layout-flow wp-block-column-is-layout-flow\" style=\"flex-basis:20%\"><\/div><\/div>\n\n<div class=\"wp-block-mac-container-block box-container\"><div style=\"height:100px\" aria-hidden=\"true\" class=\"wp-block-spacer\"><\/div>\n\n<div class=\"wp-block-columns is-layout-flex wp-container-core-columns-is-layout-9d6595d7 wp-block-columns-is-layout-flex\"><div class=\"wp-block-column is-vertically-aligned-center is-layout-flow wp-block-column-is-layout-flow\" style=\"flex-basis:40%\"><p style=\"font-size:25px\"><strong>Globalne przyw\u00f3dztwo<\/strong><\/p>\n\n<p class=\"has-medium-font-size\">Praca w Maccaferri oznacza bycie cz\u0119\u015bci\u0105 wiod\u0105cej firmy w dziedzinie in\u017cynierii l\u0105dowej i \u015brodowiskowej. To inspiruj\u0105ce \u015brodowisko, w kt\u00f3rym mo\u017cesz nieustannie rozwija\u0107 nowe umiej\u0119tno\u015bci i talent. Niezale\u017cnie od tego, czy masz dyplom z in\u017cynierii l\u0105dowej, \u015brodowiskowej, geologii czy innej dziedziny naukowej, Maccaferri oferuje Ci mo\u017cliwo\u015b\u0107 wykorzystania swojej wiedzy w praktyce, realizuj\u0105c jedne z najwa\u017cniejszych projekt\u00f3w na \u015bwiecie.<\/p><\/div>\n\n<div class=\"wp-block-column is-layout-flow wp-block-column-is-layout-flow\" style=\"flex-basis:60%\"><figure class=\"wp-block-image size-full\"><img decoding=\"async\" src=\"https:\/\/www.maccaferri.com\/wp-content\/uploads\/2024\/12\/1-Leadership-globale-630x400-1.png\" alt=\"\" class=\"wp-image-88733\"\/><\/figure><\/div><\/div><\/div>\n\n<div class=\"wp-block-mac-container-block box-container\"><div style=\"height:100px\" aria-hidden=\"true\" class=\"wp-block-spacer\"><\/div>\n\n<div class=\"wp-block-columns is-layout-flex wp-container-core-columns-is-layout-9d6595d7 wp-block-columns-is-layout-flex\"><div class=\"wp-block-column is-layout-flow wp-block-column-is-layout-flow\" style=\"flex-basis:60%\"><figure class=\"wp-block-image size-full\"><img decoding=\"async\" src=\"https:\/\/www.maccaferri.com\/wp-content\/uploads\/2024\/12\/2-Latua-carriera-internazionale_BOX-1-550x380-1.png\" alt=\"\" class=\"wp-image-88774\"\/><\/figure><\/div>\n\n<div class=\"wp-block-column is-vertically-aligned-center is-layout-flow wp-block-column-is-layout-flow\" style=\"flex-basis:40%\"><p style=\"font-size:25px\"><strong>Twoja mi\u0119dzynarodowa kariera<\/strong><\/p>\n\n<p class=\"has-medium-font-size\">W Maccaferri wierzymy, \u017ce ka\u017cdy powinien mie\u0107 mo\u017cliwo\u015b\u0107 rozwijania si\u0119 zgodnie ze swoimi unikalnymi predyspozycjami i ambicjami. Ka\u017cdego dnia oko\u0142o jedna trzecia naszego zespo\u0142u pracuje na placach budowy w ponad 150 krajach.<\/p>\n\n<p class=\"has-medium-font-size\">Je\u015bli szukasz kariery, kt\u00f3ra \u0142aczy rozw\u00f3j zawodowy z mo\u017cliwo\u015bci\u0105 poznawania nowych kultur, Maccaferri to miejsce dla Ciebie.<\/p><\/div><\/div><\/div>\n\n<div class=\"wp-block-mac-container-block box-container\"><div class=\"wp-block-columns is-layout-flex wp-container-core-columns-is-layout-9d6595d7 wp-block-columns-is-layout-flex\"><div class=\"wp-block-column is-layout-flow wp-block-column-is-layout-flow\" style=\"flex-basis:66.66%\"><figure class=\"wp-block-image alignright size-medium is-resized\"><img decoding=\"async\" src=\"https:\/\/www.maccaferri.com\/wp-content\/uploads\/2024\/12\/3-Latua-carriera-internazionale_BOX-2-444x200-2-300x135.png\" alt=\"\" class=\"wp-image-88781\" style=\"width:434px;height:auto\"\/><\/figure><\/div>\n\n<div class=\"wp-block-column is-layout-flow wp-block-column-is-layout-flow\" style=\"flex-basis:33.33%\"><\/div><\/div><\/div>\n\n<div style=\"height:100px\" aria-hidden=\"true\" class=\"wp-block-spacer\"><\/div><\/div><\/div><\/div><div class=\"wp-block-cover\"><span aria-hidden=\"true\" class=\"wp-block-cover__background has-background-dim-100 has-background-dim\" style=\"background-color:#035d6f\"><\/span><div class=\"wp-block-cover__inner-container is-layout-constrained wp-block-cover-is-layout-constrained\"><div class=\"wp-block-mac-container-block box-container\"><div style=\"height:100px\" aria-hidden=\"true\" class=\"wp-block-spacer\"><\/div>\n\n<div class=\"wp-block-columns is-layout-flex wp-container-core-columns-is-layout-9d6595d7 wp-block-columns-is-layout-flex\"><div class=\"wp-block-column is-vertically-aligned-center is-layout-flow wp-block-column-is-layout-flow\" style=\"flex-basis:40%\"><p style=\"font-size:25px\"><strong>Wierzymy w warto\u015b\u0107 r\u00f3\u017cnorodno\u015bci<\/strong><\/p>\n\n<p class=\"has-medium-font-size\">Uwa\u017camy, \u017ce r\u00f3\u017cnice s\u0105 kluczowym motorem innowacji. Maccaferri zobowi\u0105zuje si\u0119 do bycia \u015brodowiskiem inkluzywnym, w kt\u00f3rym ka\u017cdy ma swobod\u0119 wyra\u017cania siebie.<\/p>\n\n<p class=\"has-medium-font-size\">Doceniamy prac\u0119, kt\u00f3ra pozostaje w zakresie niwelowania r\u00f3\u017cnic p\u0142ciowych w dziedzinach STEM i zobowi\u0105zujemy si\u0119 do zwi\u0119kszaniu reprezentacji kobiet we wszystkich obszarach.<\/p><\/div>\n\n<div class=\"wp-block-column is-layout-flow wp-block-column-is-layout-flow\" style=\"flex-basis:60%\"><figure class=\"wp-block-image size-full\"><img decoding=\"async\" src=\"https:\/\/www.maccaferri.com\/wp-content\/uploads\/2024\/12\/4-Crediamo-nel-valore-630x400png.png\" alt=\"\" class=\"wp-image-88784\"\/><\/figure><\/div><\/div><\/div>\n\n<p class=\"has-text-align-center has-large-font-size\"><\/p><\/div><\/div><div style=\"height:40px\" aria-hidden=\"true\" class=\"wp-block-spacer\"><\/div><div class=\"wp-block-mac-h2-title-bold-block block-txt-container box-container\"><div class=\"row\"><div class=\"col title-box-txt\"><h2 style=\"color:#004857;text-align:center\">Poznaj naszych ludzi<\/h2><\/div><\/div><\/div><div class=\"wp-block-mac-container-block box-container\"><div class=\"wp-block-columns is-layout-flex wp-container-core-columns-is-layout-9d6595d7 wp-block-columns-is-layout-flex\"><div class=\"wp-block-column is-layout-flow wp-block-column-is-layout-flow\"><div class=\"wp-block-mac-card-height-block block-card-height-block-container\"><div class=\"card\"><div class=\"content-images\"><img decoding=\"async\" class=\"box-image\" src=\"https:\/\/www.maccaferri.com\/wp-content\/uploads\/2022\/12\/VR.jpg\" alt=\"Image Stories\"\/><\/div><div class=\"card-body\"><h6 class=\"wp-block-mac-card-height-block\" style=\"color:#212429\">Porozmawiajmy z Vikramjietem Royem<\/h6><span class=\"abstract\" style=\"color:#212429\">Rozmawiali\u015bmy z Vikramjietem Royem, jednym z \u201e25 najlepszych lider\u00f3w w Indiach w czasach kryzysu pracuj\u0105cych w firmach \u015bredniej wielko\u015bci\u201d, rankingu promowanego przez Great Place to Work, kt\u00f3ry wyr\u00f3\u017cni\u0142 tak\u017ce lider\u00f3w z firm takich jak HP, Randstad i S&amp;P Global.<\/span><a href=\"https:\/\/www.maccaferri.com\/pl\/people\/lets-have-a-talk-with-vikramjiet-roy\" target=\"_blank\" class=\"cta\" rel=\"noopener\"><span class=\"text\" style=\"color:#004857\">Dowiedz si\u0119 wi\u0119cej<\/span><\/a><div class=\"star\"><span class=\"material-symbols-rounded starrate\">star<\/span><\/div><\/div><\/div><\/div><\/div>\n\n<div class=\"wp-block-column is-layout-flow wp-block-column-is-layout-flow\"><div class=\"wp-block-mac-card-height-block block-card-height-block-container\"><div class=\"card\"><div class=\"content-images\"><img decoding=\"async\" class=\"box-image\" src=\"https:\/\/www.maccaferri.com\/wp-content\/uploads\/2022\/12\/Stefano_Rignanese.png\" alt=\"Image Stories\"\/><\/div><div class=\"card-body\"><h6 class=\"wp-block-mac-card-height-block\" style=\"color:#212429\">Wywiad ze Stefano Rignanese<\/h6><span class=\"abstract\" style=\"color:#212429\">Rozmawiali\u015bmy ze Stefano Rignanese, by\u0142ym sta\u017cyst\u0105 w programie \u201eYoung Engineer\u201d firmy Maccaferri.<\/span><a href=\"https:\/\/www.maccaferri.com\/pl\/people\/interview-with-stefano-rignanese\" target=\"_blank\" class=\"cta\" rel=\"noopener\"><span class=\"text\" style=\"color:#004857\">Dowiedz si\u0119 wi\u0119cej<\/span><\/a><div class=\"star\"><span class=\"material-symbols-rounded starrate\">star<\/span><\/div><\/div><\/div><\/div><\/div>\n\n<div class=\"wp-block-column is-layout-flow wp-block-column-is-layout-flow\"><div class=\"wp-block-mac-card-height-block block-card-height-block-container\"><div class=\"card\"><div class=\"content-images\"><img decoding=\"async\" class=\"box-image\" src=\"https:\/\/www.maccaferri.com\/wp-content\/uploads\/2022\/12\/Lipartiti.png\" alt=\"Image Stories\"\/><\/div><div class=\"card-body\"><h6 class=\"wp-block-mac-card-height-block\" style=\"color:#212429\">Porozmawiajmy z Francesco Lipartiti<\/h6><span class=\"abstract\" style=\"color:#212429\">Od Indii po Belgi\u0119, od dzia\u0142u finans\u00f3w po HR, kariera na czterech kontynentach. Rozmawiali\u015bmy z Francesco Lipartiti, obecnym dyrektorem operacyjnym na region ISEAP.<\/span><a href=\"https:\/\/www.maccaferri.com\/pl\/people\/lets-have-a-talk-with-francesco-lipartiti\" target=\"_blank\" class=\"cta\" rel=\"noopener\"><span class=\"text\" style=\"color:#004857\">Dowiedz si\u0119 wi\u0119cej<\/span><\/a><div class=\"star\"><span class=\"material-symbols-rounded starrate\">star<\/span><\/div><\/div><\/div><\/div><\/div>\n\n<div class=\"wp-block-column is-layout-flow wp-block-column-is-layout-flow\"><div class=\"wp-block-mac-card-height-block block-card-height-block-container\"><div class=\"card\"><div class=\"content-images\"><img decoding=\"async\" class=\"box-image\" src=\"https:\/\/www.maccaferri.com\/pl\/wp-content\/uploads\/2026\/04\/maurizio-avagnale-2.png\" alt=\"Image Stories\"\/><\/div><div class=\"card-body\"><h6 class=\"wp-block-mac-card-height-block\" style=\"color:#212429\">Porozmawiajmy z Maurizio Avagnale<\/h6><span class=\"abstract\" style=\"color:#212429\">Maurizio Avagnale, dyrektor ds. zasob\u00f3w ludzkich Grupy Maccaferri, przewiduje przysz\u0142o\u015b\u0107 HR nap\u0119dzan\u0105 technologi\u0105, inkluzywno\u015bci\u0105 i silnym naciskiem na dobrostan pracownik\u00f3w.<\/span><a href=\"https:\/\/www.maccaferri.com\/people\/lets-have-a-chat-with-maurizio-avagnale\/\" target=\"_blank\" class=\"cta\" rel=\"noopener\"><span class=\"text\" style=\"color:#004857\">Dowiedz si\u0119 wi\u0119cej<\/span><\/a><div class=\"star\"><span class=\"material-symbols-rounded starrate\">star<\/span><\/div><\/div><\/div><\/div><\/div><\/div><\/div><div class=\"wp-block-mac-banner-title-cta  box-container block-cta\" style=\"background:#015E6F\"><div class=\"container box-container\"><div class=\"row\"><div class=\"col-2 col-sm-2 col-md-2 col-lg-2 col-xl-2 col-xxl-2\"><div class=\"box-image\"><img decoding=\"async\" class=\"image\" src=\"https:\/\/www.maccaferri.com\/wp-content\/uploads\/2022\/12\/apply.png\" alt=\"Image\"\/><\/div><\/div><div class=\"col-7 col-sm-7 col-md-7 col-lg-7 col-xl-7 col-xxl-7\"><div class=\"banner-box-txt\" style=\"text-align:center\"><h4 class=\"title\">Do\u0142\u0105cz do nas!<\/h4><\/div><\/div><div class=\"col-3 col-sm-3 col-md-3 col-lg-3 col-xl-3 col-xxl-3\"><div class=\"button-box-txt\"><a href=\"https:\/\/app.ncoreplat.com\/jobboard\/filters\/1436\/corporate\" target=\"_blank\" class=\"buttonurl\" rel=\"noopener\"><span class=\"buttontext\">ZOBACZ OFERTY PRACY<\/span><\/a><\/div><\/div><\/div><\/div><\/div><div style=\"height:100px\" aria-hidden=\"true\" class=\"wp-block-spacer\"><\/div><p><\/p>","protected":false},"excerpt":{"rendered":"","protected":false},"author":1,"featured_media":0,"parent":0,"menu_order":0,"comment_status":"closed","ping_status":"closed","template":"","meta":{"_acf_changed":false,"_joinchat":[],"footnotes":""},"class_list":["post-1401","page","type-page","status-publish","hentry"],"acf":{"uuid_products":"","product-documents":""},"yoast_head":"<!-- This site is optimized with the Yoast SEO Premium plugin v27.0 (Yoast SEO v27.0) - https:\/\/yoast.com\/product\/yoast-seo-premium-wordpress\/ -->\n<title>Ludzie i Kariera - Maccaferri Polska<\/title>\n<meta name=\"description\" content=\"Sie\u0107 innowator\u00f3w Sie\u0107 innowator\u00f3w Jeste\u015bmy zespo\u0142em ponad 3000 os\u00f3b, kt\u00f3rych \u0142\u0105czy ta sama misja: dostarczanie \u015bwiatu coraz bardziej wydajnych i\" \/>\n<meta name=\"robots\" content=\"index, follow, max-snippet:-1, max-image-preview:large, max-video-preview:-1\" \/>\n<link rel=\"canonical\" href=\"https:\/\/www.maccaferri.com\/pl\/ludzie-i-kariera\/\" \/>\n<meta property=\"og:locale\" content=\"pl_PL\" \/>\n<meta property=\"og:type\" content=\"article\" \/>\n<meta property=\"og:title\" content=\"Ludzie i Kariera - Maccaferri Polska\" \/>\n<meta property=\"og:description\" content=\"Sie\u0107 innowator\u00f3w Sie\u0107 innowator\u00f3w Jeste\u015bmy zespo\u0142em ponad 3000 os\u00f3b, kt\u00f3rych \u0142\u0105czy ta sama misja: dostarczanie \u015bwiatu coraz bardziej wydajnych i\" \/>\n<meta property=\"og:url\" content=\"https:\/\/www.maccaferri.com\/pl\/ludzie-i-kariera\/\" \/>\n<meta property=\"og:site_name\" content=\"Maccaferri Polska\" \/>\n<meta property=\"article:modified_time\" content=\"2026-04-15T15:12:11+00:00\" \/>\n<meta name=\"twitter:card\" content=\"summary_large_image\" \/>\n<meta name=\"twitter:label1\" content=\"Est. reading time\" \/>\n\t<meta name=\"twitter:data1\" content=\"4 minutes\" \/>\n<script type=\"application\/ld+json\" class=\"yoast-schema-graph\">{\"@context\":\"https:\/\/schema.org\",\"@graph\":[{\"@type\":\"WebPage\",\"@id\":\"https:\/\/www.maccaferri.com\/pl\/ludzie-i-kariera\/\",\"url\":\"https:\/\/www.maccaferri.com\/pl\/ludzie-i-kariera\/\",\"name\":\"Ludzie i Kariera - Maccaferri Polska\",\"isPartOf\":{\"@id\":\"https:\/\/www.maccaferri.com\/pl\/#website\"},\"primaryImageOfPage\":{\"@id\":\"https:\/\/www.maccaferri.com\/pl\/ludzie-i-kariera\/#primaryimage\"},\"image\":{\"@id\":\"https:\/\/www.maccaferri.com\/pl\/ludzie-i-kariera\/#primaryimage\"},\"thumbnailUrl\":\"https:\/\/www.maccaferri.com\/wp-content\/uploads\/2024\/12\/maccaferri-people-careers.jpeg\",\"datePublished\":\"2022-07-29T09:46:56+00:00\",\"dateModified\":\"2026-04-15T15:12:11+00:00\",\"description\":\"Sie\u0107 innowator\u00f3w Sie\u0107 innowator\u00f3w Jeste\u015bmy zespo\u0142em ponad 3000 os\u00f3b, kt\u00f3rych \u0142\u0105czy ta sama misja: dostarczanie \u015bwiatu coraz bardziej wydajnych i\",\"inLanguage\":\"pl-PL\",\"potentialAction\":[{\"@type\":\"ReadAction\",\"target\":[\"https:\/\/www.maccaferri.com\/pl\/ludzie-i-kariera\/\"]}]},{\"@type\":\"ImageObject\",\"inLanguage\":\"pl-PL\",\"@id\":\"https:\/\/www.maccaferri.com\/pl\/ludzie-i-kariera\/#primaryimage\",\"url\":\"https:\/\/www.maccaferri.com\/wp-content\/uploads\/2024\/12\/maccaferri-people-careers.jpeg\",\"contentUrl\":\"https:\/\/www.maccaferri.com\/wp-content\/uploads\/2024\/12\/maccaferri-people-careers.jpeg\"},{\"@type\":\"WebSite\",\"@id\":\"https:\/\/www.maccaferri.com\/pl\/#website\",\"url\":\"https:\/\/www.maccaferri.com\/pl\/\",\"name\":\"Maccaferri Polska\",\"description\":\"\",\"publisher\":{\"@id\":\"https:\/\/www.maccaferri.com\/pl\/#organization\"},\"potentialAction\":[{\"@type\":\"SearchAction\",\"target\":{\"@type\":\"EntryPoint\",\"urlTemplate\":\"https:\/\/www.maccaferri.com\/pl\/?s={search_term_string}\"},\"query-input\":{\"@type\":\"PropertyValueSpecification\",\"valueRequired\":true,\"valueName\":\"search_term_string\"}}],\"inLanguage\":\"pl-PL\"},{\"@type\":\"Organization\",\"@id\":\"https:\/\/www.maccaferri.com\/pl\/#organization\",\"name\":\"Maccaferri Polska\",\"url\":\"https:\/\/www.maccaferri.com\/pl\/\",\"logo\":{\"@type\":\"ImageObject\",\"inLanguage\":\"pl-PL\",\"@id\":\"https:\/\/www.maccaferri.com\/pl\/#\/schema\/logo\/image\/\",\"url\":\"https:\/\/www.maccaferri.com\/pl\/wp-content\/uploads\/2022\/07\/logo-maccaferri.png\",\"contentUrl\":\"https:\/\/www.maccaferri.com\/pl\/wp-content\/uploads\/2022\/07\/logo-maccaferri.png\",\"width\":152,\"height\":32,\"caption\":\"Maccaferri Polska\"},\"image\":{\"@id\":\"https:\/\/www.maccaferri.com\/pl\/#\/schema\/logo\/image\/\"}}]}<\/script>\n<!-- \/ Yoast SEO Premium plugin. -->","yoast_head_json":{"title":"Ludzie i Kariera - Maccaferri Polska","description":"Sie\u0107 innowator\u00f3w Sie\u0107 innowator\u00f3w Jeste\u015bmy zespo\u0142em ponad 3000 os\u00f3b, kt\u00f3rych \u0142\u0105czy ta sama misja: dostarczanie \u015bwiatu coraz bardziej wydajnych i","robots":{"index":"index","follow":"follow","max-snippet":"max-snippet:-1","max-image-preview":"max-image-preview:large","max-video-preview":"max-video-preview:-1"},"canonical":"https:\/\/www.maccaferri.com\/pl\/ludzie-i-kariera\/","og_locale":"pl_PL","og_type":"article","og_title":"Ludzie i Kariera - Maccaferri Polska","og_description":"Sie\u0107 innowator\u00f3w Sie\u0107 innowator\u00f3w Jeste\u015bmy zespo\u0142em ponad 3000 os\u00f3b, kt\u00f3rych \u0142\u0105czy ta sama misja: dostarczanie \u015bwiatu coraz bardziej wydajnych i","og_url":"https:\/\/www.maccaferri.com\/pl\/ludzie-i-kariera\/","og_site_name":"Maccaferri Polska","article_modified_time":"2026-04-15T15:12:11+00:00","twitter_card":"summary_large_image","twitter_misc":{"Est. reading time":"4 minutes"},"schema":{"@context":"https:\/\/schema.org","@graph":[{"@type":"WebPage","@id":"https:\/\/www.maccaferri.com\/pl\/ludzie-i-kariera\/","url":"https:\/\/www.maccaferri.com\/pl\/ludzie-i-kariera\/","name":"Ludzie i Kariera - Maccaferri Polska","isPartOf":{"@id":"https:\/\/www.maccaferri.com\/pl\/#website"},"primaryImageOfPage":{"@id":"https:\/\/www.maccaferri.com\/pl\/ludzie-i-kariera\/#primaryimage"},"image":{"@id":"https:\/\/www.maccaferri.com\/pl\/ludzie-i-kariera\/#primaryimage"},"thumbnailUrl":"https:\/\/www.maccaferri.com\/wp-content\/uploads\/2024\/12\/maccaferri-people-careers.jpeg","datePublished":"2022-07-29T09:46:56+00:00","dateModified":"2026-04-15T15:12:11+00:00","description":"Sie\u0107 innowator\u00f3w Sie\u0107 innowator\u00f3w Jeste\u015bmy zespo\u0142em ponad 3000 os\u00f3b, kt\u00f3rych \u0142\u0105czy ta sama misja: dostarczanie \u015bwiatu coraz bardziej wydajnych i","inLanguage":"pl-PL","potentialAction":[{"@type":"ReadAction","target":["https:\/\/www.maccaferri.com\/pl\/ludzie-i-kariera\/"]}]},{"@type":"ImageObject","inLanguage":"pl-PL","@id":"https:\/\/www.maccaferri.com\/pl\/ludzie-i-kariera\/#primaryimage","url":"https:\/\/www.maccaferri.com\/wp-content\/uploads\/2024\/12\/maccaferri-people-careers.jpeg","contentUrl":"https:\/\/www.maccaferri.com\/wp-content\/uploads\/2024\/12\/maccaferri-people-careers.jpeg"},{"@type":"WebSite","@id":"https:\/\/www.maccaferri.com\/pl\/#website","url":"https:\/\/www.maccaferri.com\/pl\/","name":"Maccaferri Polska","description":"","publisher":{"@id":"https:\/\/www.maccaferri.com\/pl\/#organization"},"potentialAction":[{"@type":"SearchAction","target":{"@type":"EntryPoint","urlTemplate":"https:\/\/www.maccaferri.com\/pl\/?s={search_term_string}"},"query-input":{"@type":"PropertyValueSpecification","valueRequired":true,"valueName":"search_term_string"}}],"inLanguage":"pl-PL"},{"@type":"Organization","@id":"https:\/\/www.maccaferri.com\/pl\/#organization","name":"Maccaferri Polska","url":"https:\/\/www.maccaferri.com\/pl\/","logo":{"@type":"ImageObject","inLanguage":"pl-PL","@id":"https:\/\/www.maccaferri.com\/pl\/#\/schema\/logo\/image\/","url":"https:\/\/www.maccaferri.com\/pl\/wp-content\/uploads\/2022\/07\/logo-maccaferri.png","contentUrl":"https:\/\/www.maccaferri.com\/pl\/wp-content\/uploads\/2022\/07\/logo-maccaferri.png","width":152,"height":32,"caption":"Maccaferri Polska"},"image":{"@id":"https:\/\/www.maccaferri.com\/pl\/#\/schema\/logo\/image\/"}}]}},"_links":{"self":[{"href":"https:\/\/www.maccaferri.com\/pl\/wp-json\/wp\/v2\/pages\/1401","targetHints":{"allow":["GET"]}}],"collection":[{"href":"https:\/\/www.maccaferri.com\/pl\/wp-json\/wp\/v2\/pages"}],"about":[{"href":"https:\/\/www.maccaferri.com\/pl\/wp-json\/wp\/v2\/types\/page"}],"author":[{"embeddable":true,"href":"https:\/\/www.maccaferri.com\/pl\/wp-json\/wp\/v2\/users\/1"}],"replies":[{"embeddable":true,"href":"https:\/\/www.maccaferri.com\/pl\/wp-json\/wp\/v2\/comments?post=1401"}],"version-history":[{"count":119,"href":"https:\/\/www.maccaferri.com\/pl\/wp-json\/wp\/v2\/pages\/1401\/revisions"}],"predecessor-version":[{"id":107782,"href":"https:\/\/www.maccaferri.com\/pl\/wp-json\/wp\/v2\/pages\/1401\/revisions\/107782"}],"wp:attachment":[{"href":"https:\/\/www.maccaferri.com\/pl\/wp-json\/wp\/v2\/media?parent=1401"}],"curies":[{"name":"wp","href":"https:\/\/api.w.org\/{rel}","templated":true}]}}