{"id":1398,"date":"2022-07-29T11:40:29","date_gmt":"2022-07-29T09:40:29","guid":{"rendered":"https:\/\/www.maccaferri.com\/pl\/?page_id=1398"},"modified":"2025-02-13T16:49:22","modified_gmt":"2025-02-13T15:49:22","slug":"innowacje","status":"publish","type":"page","link":"https:\/\/www.maccaferri.com\/pl\/innowacje\/","title":{"rendered":"Innowacje"},"content":{"rendered":"<div class=\"wp-block-cover has-parallax rbc-is-hidden-on-tablet rbc-is-hidden-on-mobile\" style=\"min-height:900px;aspect-ratio:unset;\"><span aria-hidden=\"true\" class=\"wp-block-cover__background has-background-dim-0 has-background-dim\"><\/span><div class=\"wp-block-cover__image-background wp-image-88805 has-parallax\" style=\"background-position:50% 50%;background-image:url(https:\/\/www.maccaferri.com\/wp-content\/uploads\/2024\/12\/HERO_Innovazione-1440x900-1.jpg)\"><\/div><div class=\"wp-block-cover__inner-container is-layout-constrained wp-block-cover-is-layout-constrained\"><div class=\"wp-block-mac-container-block box-container\"><div class=\"wp-block-columns is-layout-flex wp-container-core-columns-is-layout-9d6595d7 wp-block-columns-is-layout-flex\"><div class=\"wp-block-column is-layout-flow wp-block-column-is-layout-flow\"><div style=\"height:65px\" aria-hidden=\"true\" class=\"wp-block-spacer\"><\/div>\n\n<p class=\"has-text-align-left has-white-color has-text-color has-link-color wp-elements-91d4b0238234517e65198006a22ef637\" style=\"font-size:80px\"><strong>Rozpowszechniamy <\/strong><\/p>\n\n<div style=\"height:30px\" aria-hidden=\"true\" class=\"wp-block-spacer\"><\/div>\n\n<p class=\"has-text-align-left has-white-color has-text-color has-link-color wp-elements-6359c71b98e30bc8077e1d78b3f8d3ec\" style=\"font-size:80px\"><strong>Innowacje<\/strong><\/p>\n\n<div class=\"wp-block-columns is-layout-flex wp-container-core-columns-is-layout-9d6595d7 wp-block-columns-is-layout-flex\"><div class=\"wp-block-column is-layout-flow wp-block-column-is-layout-flow\"><p class=\"has-text-align-left has-white-color has-text-color has-background has-link-color wp-elements-81d8c1457f813356e2f2b836f8fa541e\" style=\"background-color:#ffffff00;margin-left:0px;padding-left:0px;font-size:20px\">Nasza historia zacz\u0119\u0142a si\u0119 od wynalezienia gabionu, kt\u00f3ry zrewolucjonizowa\u0142 sektor in\u017cynierii l\u0105dowej i \u015brodowiskowej. Od tego czasu jeste\u015bmy liderami zmian, nieustannie wprowadzaj\u0105c innowacje dzi\u0119ki silnemu zaanga\u017cowaniu w badania i rozw\u00f3j.<\/p><\/div>\n\n<div class=\"wp-block-column is-layout-flow wp-block-column-is-layout-flow\"><\/div><\/div>\n\n<div style=\"height:406px\" aria-hidden=\"true\" class=\"wp-block-spacer\"><\/div><\/div><\/div><\/div>\n\n<div class=\"wp-block-mac-container-block box-container\"><div class=\"wp-block-columns is-layout-flex wp-container-core-columns-is-layout-9d6595d7 wp-block-columns-is-layout-flex\"><div class=\"wp-block-column is-layout-flow wp-block-column-is-layout-flow\"><\/div>\n\n<div class=\"wp-block-column is-layout-flow wp-block-column-is-layout-flow\"><\/div><\/div><\/div><\/div><\/div><div class=\"wp-block-cover rbc-is-hidden-on-wide rbc-is-hidden-on-desktop\" style=\"min-height:900px;aspect-ratio:unset;\"><span aria-hidden=\"true\" class=\"wp-block-cover__background has-background-dim-0 has-background-dim\"><\/span><img decoding=\"async\" class=\"wp-block-cover__image-background wp-image-88805\" alt=\"\" src=\"https:\/\/www.maccaferri.com\/wp-content\/uploads\/2024\/12\/HERO_Innovazione-1440x900-1.jpg\" data-object-fit=\"cover\"\/><div class=\"wp-block-cover__inner-container is-layout-constrained wp-block-cover-is-layout-constrained\"><div class=\"wp-block-mac-container-block box-container\"><div class=\"wp-block-columns is-layout-flex wp-container-core-columns-is-layout-9d6595d7 wp-block-columns-is-layout-flex\"><div class=\"wp-block-column is-layout-flow wp-block-column-is-layout-flow\"><div style=\"height:30px\" aria-hidden=\"true\" class=\"wp-block-spacer\"><\/div>\n\n<h1 class=\"wp-block-heading has-x-large-font-size\" id=\"h-rozpowszechniamy-innowacje\"><strong>Rozpowszechniamy innowacje<\/strong><\/h1>\n\n<div style=\"height:35px\" aria-hidden=\"true\" class=\"wp-block-spacer\"><\/div>\n\n<p>Nasza historia zacz\u0119\u0142a si\u0119 od wynalezienia gabionu, kt\u00f3ry zrewolucjonizowa\u0142 sektor in\u017cynierii l\u0105dowej i \u015brodowiskowej. Od tego czasu jeste\u015bmy liderami zmian, nieustannie wprowadzaj\u0105c innowacje dzi\u0119ki silnemu zaanga\u017cowaniu w badania i rozw\u00f3j.<\/p><\/div><\/div><\/div>\n\n<div class=\"wp-block-mac-container-block box-container\"><div class=\"wp-block-columns is-layout-flex wp-container-core-columns-is-layout-9d6595d7 wp-block-columns-is-layout-flex\"><div class=\"wp-block-column is-layout-flow wp-block-column-is-layout-flow\"><\/div>\n\n<div class=\"wp-block-column is-layout-flow wp-block-column-is-layout-flow\"><\/div><\/div><\/div><\/div><\/div><div class=\"wp-block-mac-container-block box-container\"><div style=\"height:100px\" aria-hidden=\"true\" class=\"wp-block-spacer\"><\/div>\n\n<div class=\"wp-block-columns is-layout-flex wp-container-core-columns-is-layout-9d6595d7 wp-block-columns-is-layout-flex\"><div class=\"wp-block-column is-vertically-aligned-center is-layout-flow wp-block-column-is-layout-flow\" style=\"flex-basis:40%\"><p style=\"font-size:25px\"><strong>Inteligentniejsze Bezpiecze\u0144stwo<\/strong><\/p>\n\n<p class=\"has-medium-font-size\">Wierzymy w technologie cyfrowe, dlatego stale inwestujemy w cyfryzacj\u0119 naszych rozwi\u0105za\u0144, szczeg\u00f3lnie tych skoncentrowanych na bezpiecze\u0144stwie ludzi oraz ich otoczenia.<\/p>\n\n<p class=\"has-medium-font-size\">Dzi\u0119ki naszym systemom wczesnego ostrzegania HELLOMAC d\u0105\u017cymy do umocnienia naszej pozycji jako innowacyjnego gracza w sektorze IoT, wpisuj\u0105c si\u0119 w trend inteligentnych technologii, kt\u00f3re w ostatnich latach zrewolucjonizowa\u0142y infrastruktur\u0119 i budownictwo.<\/p><\/div>\n\n<div class=\"wp-block-column is-layout-flow wp-block-column-is-layout-flow\" style=\"flex-basis:60%\"><figure class=\"wp-block-image size-full\"><img decoding=\"async\" src=\"https:\/\/www.maccaferri.com\/wp-content\/uploads\/2024\/12\/1-Rendiamo-la-sicurezza-piu-smart-630x450-1.jpg\" alt=\"\" class=\"wp-image-88820\"\/><\/figure><\/div><\/div><\/div><div style=\"height:100px\" aria-hidden=\"true\" class=\"wp-block-spacer\"><\/div><div class=\"wp-block-cover\" style=\"min-height:700px;aspect-ratio:unset;\"><span aria-hidden=\"true\" class=\"wp-block-cover__background has-background-dim-0 has-background-dim\"><\/span><img decoding=\"async\" class=\"wp-block-cover__image-background wp-image-88815\" alt=\"\" src=\"https:\/\/www.maccaferri.com\/wp-content\/uploads\/2024\/12\/2-Tecnologie-verdi-1440x820-1.jpg\" data-object-fit=\"cover\"\/><div class=\"wp-block-cover__inner-container is-layout-constrained wp-block-cover-is-layout-constrained\"><div class=\"wp-block-mac-container-block box-container\"><div class=\"wp-block-columns is-layout-flex wp-container-core-columns-is-layout-9d6595d7 wp-block-columns-is-layout-flex\"><div class=\"wp-block-column is-layout-flow wp-block-column-is-layout-flow\"><\/div>\n\n<div class=\"wp-block-column is-layout-flow wp-block-column-is-layout-flow\" style=\"flex-basis:40%\"><p style=\"font-size:25px\"><strong>Prawdziwie Zielone Technologie<\/strong><\/p>\n\n<p class=\"has-medium-font-size\"><strong>Po\u0142\u0105czenie zr\u00f3wnowa\u017conego rozwoju z trwa\u0142o\u015bci\u0105 to najwi\u0119ksze wyzwanie w in\u017cynierii l\u0105dowej i \u015brodowiskowej. Inwestujemy w badania i rozw\u00f3j, aby tworzy\u0107 ekologiczne, niskoemisyjne rozwi\u0105zania wykorzystuj\u0105ce materia\u0142y z recyklingu, a jednocze\u015bnie zapewniaj\u0105ce wysok\u0105 wydajno\u015b\u0107, bezpiecze\u0144stwo i d\u0142ugowieczno\u015b\u0107.<\/strong><\/p>\n\n<p class=\"has-medium-font-size\"><strong>Nasze rozwi\u0105zania wyr\u00f3\u017cniaj\u0105 si\u0119 niskim \u015bladem w\u0119glowym dzi\u0119ki szybkiemu monta\u017cowi i zoptymalizowanemu doborowi materia\u0142\u00f3w.<\/strong><\/p><\/div><\/div><\/div><\/div><\/div><div class=\"wp-block-mac-container-block box-container\"><div style=\"height:100px\" aria-hidden=\"true\" class=\"wp-block-spacer\"><\/div>\n\n<div class=\"wp-block-columns is-layout-flex wp-container-core-columns-is-layout-9d6595d7 wp-block-columns-is-layout-flex\"><div class=\"wp-block-column is-vertically-aligned-center is-layout-flow wp-block-column-is-layout-flow\" style=\"flex-basis:40%\"><p style=\"font-size:25px\"><strong>Otwarte Innowacje<\/strong><\/p>\n\n<p class=\"has-medium-font-size\">Uwa\u017camy, \u017ce innowacja ma prawdziw\u0105 warto\u015b\u0107 tylko wtedy, gdy jest dzielona.<\/p>\n\n<p class=\"has-medium-font-size\">Wsp\u00f3\u0142pracuj\u0105c z uniwersytetami i o\u015brodkami badawczymi, opracowali\u015bmy zestaw darmowych narz\u0119dzi, dost\u0119pnych dla ka\u017cdego, umo\u017cliwiaj\u0105cych projektowanie skutecznych i niezawodnych rozwi\u0105za\u0144.<\/p>\n\n<p class=\"has-medium-font-size\">Te intuicyjne i gotowe do u\u017cycia programy bazuj\u0105 na dekadach danych terenowych oraz rygorystycznych testach.<\/p><\/div>\n\n<div class=\"wp-block-column is-layout-flow wp-block-column-is-layout-flow\" style=\"flex-basis:60%\"><figure class=\"wp-block-image size-full\"><img decoding=\"async\" src=\"https:\/\/www.maccaferri.com\/wp-content\/uploads\/2024\/12\/3-Open-innovation-630x400-1.png\" alt=\"\" class=\"wp-image-88825\"\/><\/figure><\/div><\/div><\/div><div style=\"height:100px\" aria-hidden=\"true\" class=\"wp-block-spacer\"><\/div><h3 class=\"wp-block-heading has-text-align-center has-text-color has-link-color wp-elements-cdcc976ac4a9b67bec9ef1b984ed289e\" id=\"h-projektuj-przyszlosc-z-naszym-oprogramowaniem\" style=\"color:#035d6f\">Projektuj przysz\u0142o\u015b\u0107 z naszym oprogramowaniem<\/h3><div class=\"wp-block-buttons is-content-justification-center is-layout-flex wp-container-core-buttons-is-layout-16018d1d wp-block-buttons-is-layout-flex\"><div class=\"wp-block-button\"><a class=\"wp-block-button__link wp-element-button\" href=\"https:\/\/www.maccaferri.com\/pl\/maccaferri-oprogramowanie-suite\/\" target=\"_blank\" rel=\"noreferrer noopener\">ODWIED\u0179 PLATFORM\u0118<\/a><\/div><\/div><div style=\"height:100px\" aria-hidden=\"true\" class=\"wp-block-spacer\"><\/div><div class=\"wp-block-cover\"><span aria-hidden=\"true\" class=\"wp-block-cover__background has-background-dim-100 has-background-dim\" style=\"background-color:#185e6f\"><\/span><div class=\"wp-block-cover__inner-container is-layout-constrained wp-block-cover-is-layout-constrained\"><div style=\"height:100px\" aria-hidden=\"true\" class=\"wp-block-spacer\"><\/div>\n\n<div class=\"wp-block-mac-container-block box-container\"><div class=\"wp-block-columns is-layout-flex wp-container-core-columns-is-layout-9d6595d7 wp-block-columns-is-layout-flex\"><div class=\"wp-block-column is-layout-flow wp-block-column-is-layout-flow\"><figure class=\"wp-block-image size-large is-style-default\"><img fetchpriority=\"high\" decoding=\"async\" width=\"1024\" height=\"675\" src=\"https:\/\/www.maccaferri.com\/wp-content\/uploads\/2022\/12\/Maccaferri-BIM-Objects-1024x675.png\" alt=\"\" class=\"wp-image-3547\" srcset=\"https:\/\/www.maccaferri.com\/pl\/wp-content\/uploads\/2022\/12\/Maccaferri-BIM-Objects-1024x675.png 1024w, https:\/\/www.maccaferri.com\/pl\/wp-content\/uploads\/2022\/12\/Maccaferri-BIM-Objects-300x198.png 300w, https:\/\/www.maccaferri.com\/pl\/wp-content\/uploads\/2022\/12\/Maccaferri-BIM-Objects-768x506.png 768w, https:\/\/www.maccaferri.com\/pl\/wp-content\/uploads\/2022\/12\/Maccaferri-BIM-Objects.png 1121w\" sizes=\"(max-width: 1024px) 100vw, 1024px\" \/><\/figure><\/div>\n\n<div class=\"wp-block-column is-layout-flow wp-block-column-is-layout-flow\" style=\"flex-basis:40%\"><p style=\"font-size:25px\">OBIEKTY BIM MACCAFERRI<\/p>\n\n<p class=\"has-medium-font-size\"><strong>Building Information Modeling (BIM)<\/strong> to inteligentny proces oparty na modelach 3D \u2013 nowoczesne i innowacyjne narz\u0119dzie dla profesjonalist\u00f3w z bran\u017cy in\u017cynieryjnej i budowlanej.<\/p>\n\n<p class=\"has-medium-font-size\">Maccaferri d\u0105\u017cy do zwi\u0119kszenia wsp\u00f3\u0142pracy mi\u0119dzy interesariuszami na wszystkich etapach realizacji projekt\u00f3w.<\/p>\n\n<p class=\"has-medium-font-size\">Maj\u0105c ten cel na uwadze, udost\u0119pniamy nasze rozwi\u0105zania w formie obiekt\u00f3w BIM, wspieraj\u0105c wdra\u017canie tej technologii w celu usprawnienia proces\u00f3w projektowych i budowlanych oraz eliminacji b\u0142\u0119d\u00f3w podczas realizacji inwestycji.<\/p><\/div><\/div><\/div>\n\n<div style=\"height:65px\" aria-hidden=\"true\" class=\"wp-block-spacer\"><\/div>\n\n<h3 class=\"wp-block-heading has-text-align-center has-white-color has-text-color has-link-color wp-elements-a82eff90d8b476cc8f07a3ebb9488dfc\" id=\"h-odkryj-nasze-obiekty-bim\">Odkryj nasze obiekty BIM<\/h3>\n\n<div class=\"wp-block-buttons is-content-justification-center is-layout-flex wp-container-core-buttons-is-layout-16018d1d wp-block-buttons-is-layout-flex\"><div class=\"wp-block-button\"><a class=\"wp-block-button__link has-luminous-vivid-orange-background-color has-background wp-element-button\" href=\"https:\/\/www.maccaferri.com\/pl\/biblioteka-obiektow-bim\" target=\"_blank\" rel=\"noreferrer noopener\">PRZEJD\u0179 DO BIBLIOTEKI<\/a><\/div><\/div>\n\n<div style=\"height:100px\" aria-hidden=\"true\" class=\"wp-block-spacer\"><\/div><\/div><\/div>","protected":false},"excerpt":{"rendered":"<p>Projektuj przysz\u0142o\u015b\u0107 z naszym oprogramowaniem<\/p>\n","protected":false},"author":1,"featured_media":0,"parent":0,"menu_order":0,"comment_status":"closed","ping_status":"closed","template":"","meta":{"_acf_changed":false,"_joinchat":[],"footnotes":""},"class_list":["post-1398","page","type-page","status-publish","hentry"],"acf":{"uuid_products":"","product-documents":""},"yoast_head":"<!-- This site is optimized with the Yoast SEO Premium plugin v27.0 (Yoast SEO v27.0) - https:\/\/yoast.com\/product\/yoast-seo-premium-wordpress\/ -->\n<title>Innowacje - Maccaferri Polska<\/title>\n<meta name=\"description\" content=\"Rozpowszechniamy Innowacje Nasza historia zacz\u0119\u0142a si\u0119 od wynalezienia gabionu, kt\u00f3ry zrewolucjonizowa\u0142 sektor in\u017cynierii l\u0105dowej i \u015brodowiskowej. Od tego\" \/>\n<meta name=\"robots\" content=\"index, follow, max-snippet:-1, max-image-preview:large, max-video-preview:-1\" \/>\n<link rel=\"canonical\" href=\"https:\/\/www.maccaferri.com\/pl\/innowacje\/\" \/>\n<meta property=\"og:locale\" content=\"pl_PL\" \/>\n<meta property=\"og:type\" content=\"article\" \/>\n<meta property=\"og:title\" content=\"Innowacje - Maccaferri Polska\" \/>\n<meta property=\"og:description\" content=\"Rozpowszechniamy Innowacje Nasza historia zacz\u0119\u0142a si\u0119 od wynalezienia gabionu, kt\u00f3ry zrewolucjonizowa\u0142 sektor in\u017cynierii l\u0105dowej i \u015brodowiskowej. Od tego\" \/>\n<meta property=\"og:url\" content=\"https:\/\/www.maccaferri.com\/pl\/innowacje\/\" \/>\n<meta property=\"og:site_name\" content=\"Maccaferri Polska\" \/>\n<meta property=\"article:modified_time\" content=\"2025-02-13T15:49:22+00:00\" \/>\n<meta property=\"og:image\" content=\"https:\/\/www.maccaferri.com\/pl\/wp-content\/uploads\/2025\/03\/Aplicaciones-de-los-gaviones-scaled.jpg\" \/>\n\t<meta property=\"og:image:width\" content=\"2560\" \/>\n\t<meta property=\"og:image:height\" content=\"1920\" \/>\n\t<meta property=\"og:image:type\" content=\"image\/jpeg\" \/>\n<meta name=\"twitter:card\" content=\"summary_large_image\" \/>\n<meta name=\"twitter:label1\" content=\"Est. reading time\" \/>\n\t<meta name=\"twitter:data1\" content=\"3 minutes\" \/>\n<script type=\"application\/ld+json\" class=\"yoast-schema-graph\">{\"@context\":\"https:\/\/schema.org\",\"@graph\":[{\"@type\":\"WebPage\",\"@id\":\"https:\/\/www.maccaferri.com\/pl\/innowacje\/\",\"url\":\"https:\/\/www.maccaferri.com\/pl\/innowacje\/\",\"name\":\"Innowacje - Maccaferri Polska\",\"isPartOf\":{\"@id\":\"https:\/\/www.maccaferri.com\/pl\/#website\"},\"primaryImageOfPage\":{\"@id\":\"https:\/\/www.maccaferri.com\/pl\/innowacje\/#primaryimage\"},\"image\":{\"@id\":\"https:\/\/www.maccaferri.com\/pl\/innowacje\/#primaryimage\"},\"thumbnailUrl\":\"https:\/\/www.maccaferri.com\/wp-content\/uploads\/2024\/12\/HERO_Innovazione-1440x900-1.jpg\",\"datePublished\":\"2022-07-29T09:40:29+00:00\",\"dateModified\":\"2025-02-13T15:49:22+00:00\",\"description\":\"Rozpowszechniamy Innowacje Nasza historia zacz\u0119\u0142a si\u0119 od wynalezienia gabionu, kt\u00f3ry zrewolucjonizowa\u0142 sektor in\u017cynierii l\u0105dowej i \u015brodowiskowej. Od tego\",\"inLanguage\":\"pl-PL\",\"potentialAction\":[{\"@type\":\"ReadAction\",\"target\":[\"https:\/\/www.maccaferri.com\/pl\/innowacje\/\"]}]},{\"@type\":\"ImageObject\",\"inLanguage\":\"pl-PL\",\"@id\":\"https:\/\/www.maccaferri.com\/pl\/innowacje\/#primaryimage\",\"url\":\"https:\/\/www.maccaferri.com\/wp-content\/uploads\/2024\/12\/HERO_Innovazione-1440x900-1.jpg\",\"contentUrl\":\"https:\/\/www.maccaferri.com\/wp-content\/uploads\/2024\/12\/HERO_Innovazione-1440x900-1.jpg\"},{\"@type\":\"WebSite\",\"@id\":\"https:\/\/www.maccaferri.com\/pl\/#website\",\"url\":\"https:\/\/www.maccaferri.com\/pl\/\",\"name\":\"Maccaferri Polska\",\"description\":\"\",\"publisher\":{\"@id\":\"https:\/\/www.maccaferri.com\/pl\/#organization\"},\"potentialAction\":[{\"@type\":\"SearchAction\",\"target\":{\"@type\":\"EntryPoint\",\"urlTemplate\":\"https:\/\/www.maccaferri.com\/pl\/?s={search_term_string}\"},\"query-input\":{\"@type\":\"PropertyValueSpecification\",\"valueRequired\":true,\"valueName\":\"search_term_string\"}}],\"inLanguage\":\"pl-PL\"},{\"@type\":\"Organization\",\"@id\":\"https:\/\/www.maccaferri.com\/pl\/#organization\",\"name\":\"Maccaferri Polska\",\"url\":\"https:\/\/www.maccaferri.com\/pl\/\",\"logo\":{\"@type\":\"ImageObject\",\"inLanguage\":\"pl-PL\",\"@id\":\"https:\/\/www.maccaferri.com\/pl\/#\/schema\/logo\/image\/\",\"url\":\"https:\/\/www.maccaferri.com\/pl\/wp-content\/uploads\/2022\/07\/logo-maccaferri.png\",\"contentUrl\":\"https:\/\/www.maccaferri.com\/pl\/wp-content\/uploads\/2022\/07\/logo-maccaferri.png\",\"width\":152,\"height\":32,\"caption\":\"Maccaferri Polska\"},\"image\":{\"@id\":\"https:\/\/www.maccaferri.com\/pl\/#\/schema\/logo\/image\/\"}}]}<\/script>\n<!-- \/ Yoast SEO Premium plugin. -->","yoast_head_json":{"title":"Innowacje - Maccaferri Polska","description":"Rozpowszechniamy Innowacje Nasza historia zacz\u0119\u0142a si\u0119 od wynalezienia gabionu, kt\u00f3ry zrewolucjonizowa\u0142 sektor in\u017cynierii l\u0105dowej i \u015brodowiskowej. Od tego","robots":{"index":"index","follow":"follow","max-snippet":"max-snippet:-1","max-image-preview":"max-image-preview:large","max-video-preview":"max-video-preview:-1"},"canonical":"https:\/\/www.maccaferri.com\/pl\/innowacje\/","og_locale":"pl_PL","og_type":"article","og_title":"Innowacje - Maccaferri Polska","og_description":"Rozpowszechniamy Innowacje Nasza historia zacz\u0119\u0142a si\u0119 od wynalezienia gabionu, kt\u00f3ry zrewolucjonizowa\u0142 sektor in\u017cynierii l\u0105dowej i \u015brodowiskowej. Od tego","og_url":"https:\/\/www.maccaferri.com\/pl\/innowacje\/","og_site_name":"Maccaferri Polska","article_modified_time":"2025-02-13T15:49:22+00:00","og_image":[{"width":2560,"height":1920,"url":"https:\/\/www.maccaferri.com\/pl\/wp-content\/uploads\/2025\/03\/Aplicaciones-de-los-gaviones-scaled.jpg","type":"image\/jpeg"}],"twitter_card":"summary_large_image","twitter_misc":{"Est. reading time":"3 minutes"},"schema":{"@context":"https:\/\/schema.org","@graph":[{"@type":"WebPage","@id":"https:\/\/www.maccaferri.com\/pl\/innowacje\/","url":"https:\/\/www.maccaferri.com\/pl\/innowacje\/","name":"Innowacje - Maccaferri Polska","isPartOf":{"@id":"https:\/\/www.maccaferri.com\/pl\/#website"},"primaryImageOfPage":{"@id":"https:\/\/www.maccaferri.com\/pl\/innowacje\/#primaryimage"},"image":{"@id":"https:\/\/www.maccaferri.com\/pl\/innowacje\/#primaryimage"},"thumbnailUrl":"https:\/\/www.maccaferri.com\/wp-content\/uploads\/2024\/12\/HERO_Innovazione-1440x900-1.jpg","datePublished":"2022-07-29T09:40:29+00:00","dateModified":"2025-02-13T15:49:22+00:00","description":"Rozpowszechniamy Innowacje Nasza historia zacz\u0119\u0142a si\u0119 od wynalezienia gabionu, kt\u00f3ry zrewolucjonizowa\u0142 sektor in\u017cynierii l\u0105dowej i \u015brodowiskowej. Od tego","inLanguage":"pl-PL","potentialAction":[{"@type":"ReadAction","target":["https:\/\/www.maccaferri.com\/pl\/innowacje\/"]}]},{"@type":"ImageObject","inLanguage":"pl-PL","@id":"https:\/\/www.maccaferri.com\/pl\/innowacje\/#primaryimage","url":"https:\/\/www.maccaferri.com\/wp-content\/uploads\/2024\/12\/HERO_Innovazione-1440x900-1.jpg","contentUrl":"https:\/\/www.maccaferri.com\/wp-content\/uploads\/2024\/12\/HERO_Innovazione-1440x900-1.jpg"},{"@type":"WebSite","@id":"https:\/\/www.maccaferri.com\/pl\/#website","url":"https:\/\/www.maccaferri.com\/pl\/","name":"Maccaferri Polska","description":"","publisher":{"@id":"https:\/\/www.maccaferri.com\/pl\/#organization"},"potentialAction":[{"@type":"SearchAction","target":{"@type":"EntryPoint","urlTemplate":"https:\/\/www.maccaferri.com\/pl\/?s={search_term_string}"},"query-input":{"@type":"PropertyValueSpecification","valueRequired":true,"valueName":"search_term_string"}}],"inLanguage":"pl-PL"},{"@type":"Organization","@id":"https:\/\/www.maccaferri.com\/pl\/#organization","name":"Maccaferri Polska","url":"https:\/\/www.maccaferri.com\/pl\/","logo":{"@type":"ImageObject","inLanguage":"pl-PL","@id":"https:\/\/www.maccaferri.com\/pl\/#\/schema\/logo\/image\/","url":"https:\/\/www.maccaferri.com\/pl\/wp-content\/uploads\/2022\/07\/logo-maccaferri.png","contentUrl":"https:\/\/www.maccaferri.com\/pl\/wp-content\/uploads\/2022\/07\/logo-maccaferri.png","width":152,"height":32,"caption":"Maccaferri Polska"},"image":{"@id":"https:\/\/www.maccaferri.com\/pl\/#\/schema\/logo\/image\/"}}]}},"_links":{"self":[{"href":"https:\/\/www.maccaferri.com\/pl\/wp-json\/wp\/v2\/pages\/1398","targetHints":{"allow":["GET"]}}],"collection":[{"href":"https:\/\/www.maccaferri.com\/pl\/wp-json\/wp\/v2\/pages"}],"about":[{"href":"https:\/\/www.maccaferri.com\/pl\/wp-json\/wp\/v2\/types\/page"}],"author":[{"embeddable":true,"href":"https:\/\/www.maccaferri.com\/pl\/wp-json\/wp\/v2\/users\/1"}],"replies":[{"embeddable":true,"href":"https:\/\/www.maccaferri.com\/pl\/wp-json\/wp\/v2\/comments?post=1398"}],"version-history":[{"count":59,"href":"https:\/\/www.maccaferri.com\/pl\/wp-json\/wp\/v2\/pages\/1398\/revisions"}],"predecessor-version":[{"id":86804,"href":"https:\/\/www.maccaferri.com\/pl\/wp-json\/wp\/v2\/pages\/1398\/revisions\/86804"}],"wp:attachment":[{"href":"https:\/\/www.maccaferri.com\/pl\/wp-json\/wp\/v2\/media?parent=1398"}],"curies":[{"name":"wp","href":"https:\/\/api.w.org\/{rel}","templated":true}]}}