{"id":9139,"date":"2023-02-17T20:09:41","date_gmt":"2023-02-17T19:09:41","guid":{"rendered":"https:\/\/www.maccaferri.com\/pe\/?page_id=9139"},"modified":"2025-03-18T06:36:29","modified_gmt":"2025-03-18T05:36:29","slug":"soluciones-macro","status":"publish","type":"page","link":"https:\/\/www.maccaferri.com\/pe\/soluciones-macro\/","title":{"rendered":"SOLUCIONES MACRO"},"content":{"rendered":"<div class=\"wp-block-mac-h1-title-hero-block container-fluid block-txt-container\" style=\"background:linear-gradient(180deg,rgb(1,94,111) 0%,rgb(0,72,87) 100%)\"><div class=\"row\"><div class=\"col\"><div class=\"gts__picture\"><img decoding=\"async\" src=\"https:\/\/www.maccaferri.com\/br\/wp-content\/uploads\/2022\/12\/Rockfall-Protection-and-Snow-Barriers.jpg\" style=\"display:none\" \/><div class=\"gts__picture__image\" style=\"background-image:url(https:\/\/www.maccaferri.com\/br\/wp-content\/uploads\/2022\/12\/Rockfall-Protection-and-Snow-Barriers.jpg)\"><\/div><\/div><div class=\"container box-container\"><div class=\"row\"><div class=\"col title-box-txt\"><h1 class=\"wp-block-mac-h1-title-hero-block\" style=\"color:#ffffff;text-align:none\">SOLUCIONES PARA CONTROL DE CA\u00cdDA DE ROCAS<\/h1><\/div><\/div><\/div><\/div><\/div><\/div><div class=\"wp-block-mac-container-block box-container\"><div class=\"wp-block-columns is-layout-flex wp-container-core-columns-is-layout-9d6595d7 wp-block-columns-is-layout-flex\"><div class=\"wp-block-column is-layout-flow wp-block-column-is-layout-flow\"><div class=\"container content-paragraph box-container\"><div class=\"row\"><div class=\"col-12 col-lg-12 col-xl-12 col-xxl-12\"><h6>Soluciones para la estabilizaci\u00f3n de taludes en roca y suelo<\/h6><div class=\"content-txt\"><p>Con m\u00e1s de 60 a\u00f1os de experiencia en sistemas de protecci\u00f3n contra la ca\u00edda de rocas y la mitigaci\u00f3n de los riesgos naturales, Maccaferri ofrece una amplia gama de soluciones con sistemas Mac.RO, que permiten estabilizar las superficies rocosas, taludes erosionados y hasta desprendimientos de nieve, con el fin de reducir futuros riesgos no deseados.<\/p>\n<p>La protecci\u00f3n y mitigaci\u00f3n contra la ca\u00edda de rocas es un elemento importante en la protecci\u00f3n y seguridad de obras de infraestructuras, obras de miner\u00eda y de construcci\u00f3n civil.<\/p>\n<\/div><\/div><\/div><\/div><\/div><\/div><\/div><div class=\"wp-block-mac-container-block box-container\"><div class=\"wp-block-columns is-layout-flex wp-container-core-columns-is-layout-9d6595d7 wp-block-columns-is-layout-flex\"><div class=\"wp-block-column is-layout-flow wp-block-column-is-layout-flow\"><div class=\"wp-block-mac-h4-title-block block-txt-container box-container\"><div class=\"row\"><div class=\"col title-box-txt\"><h5 style=\"color:#212429;text-align:center\">Conozca m\u00e1s sobre las Soluciones Maccaferri contra Ca\u00edda de Rocas<\/h5><br><\/div><\/div><\/div><\/div><\/div><\/div><div class=\"wp-block-mac-container-block box-container\"><div class=\"wp-block-columns is-layout-flex wp-container-core-columns-is-layout-9d6595d7 wp-block-columns-is-layout-flex\"><div class=\"wp-block-column is-layout-flow wp-block-column-is-layout-flow\"><figure class=\"wp-block-gallery has-nested-images columns-default is-cropped wp-block-gallery-1 is-layout-flex wp-block-gallery-is-layout-flex\"><figure class=\"wp-block-image size-full\"><a href=\"https:\/\/www.maccaferri.com\/pe\/soluciones\/barreras-dinamicas\/\"><img fetchpriority=\"high\" decoding=\"async\" width=\"300\" height=\"300\" data-id=\"11382\" src=\"https:\/\/www.maccaferri.com\/pe\/wp-content\/uploads\/2023\/03\/Barrera-Dinamica-1.jpg\" alt=\"\" class=\"wp-image-11382\" srcset=\"https:\/\/www.maccaferri.com\/pe\/wp-content\/uploads\/2023\/03\/Barrera-Dinamica-1.jpg 300w, https:\/\/www.maccaferri.com\/pe\/wp-content\/uploads\/2023\/03\/Barrera-Dinamica-1-150x150.jpg 150w, https:\/\/www.maccaferri.com\/pe\/wp-content\/uploads\/2023\/03\/Barrera-Dinamica-1-120x120.jpg 120w\" sizes=\"(max-width: 300px) 100vw, 300px\" \/><\/a><figcaption>Barreras Din\u00e1micas<\/figcaption><\/figure>\n\n<figure class=\"wp-block-image size-full\"><a href=\"https:\/\/www.maccaferri.com\/pe\/soluciones\/barreras-contra-flujos-de-escombros-y-deslizamientos-de-tierra-superficiales\/\"><img decoding=\"async\" width=\"300\" height=\"300\" data-id=\"11386\" src=\"https:\/\/www.maccaferri.com\/pe\/wp-content\/uploads\/2023\/03\/Flujo-de-Detritos-1.jpg\" alt=\"\" class=\"wp-image-11386\" srcset=\"https:\/\/www.maccaferri.com\/pe\/wp-content\/uploads\/2023\/03\/Flujo-de-Detritos-1.jpg 300w, https:\/\/www.maccaferri.com\/pe\/wp-content\/uploads\/2023\/03\/Flujo-de-Detritos-1-150x150.jpg 150w, https:\/\/www.maccaferri.com\/pe\/wp-content\/uploads\/2023\/03\/Flujo-de-Detritos-1-120x120.jpg 120w\" sizes=\"(max-width: 300px) 100vw, 300px\" \/><\/a><figcaption>Barreras de Flujo de detritos<\/figcaption><\/figure><\/figure><\/div>\n\n<div class=\"wp-block-column is-layout-flow wp-block-column-is-layout-flow\"><figure class=\"wp-block-gallery has-nested-images columns-default is-cropped wp-block-gallery-2 is-layout-flex wp-block-gallery-is-layout-flex\"><figure class=\"wp-block-image size-full\"><a href=\"https:\/\/www.maccaferri.com\/pe\/soluciones\/suelo-grapado\/\"><img decoding=\"async\" data-id=\"10054\" src=\"https:\/\/www.maccaferri.com\/br\/wp-content\/uploads\/2023\/02\/Solo-Grampeado.jpg\" alt=\"\" class=\"wp-image-10054\" \/><\/a><figcaption>Soil Nailing Verde<\/figcaption><\/figure>\n\n<figure class=\"wp-block-image size-full\"><img decoding=\"async\" width=\"300\" height=\"300\" data-id=\"11394\" src=\"https:\/\/www.maccaferri.com\/pe\/wp-content\/uploads\/2023\/03\/Proteccion-de-Taludes-contra-la-erosion-1.jpg\" alt=\"\" class=\"wp-image-11394\" srcset=\"https:\/\/www.maccaferri.com\/pe\/wp-content\/uploads\/2023\/03\/Proteccion-de-Taludes-contra-la-erosion-1.jpg 300w, https:\/\/www.maccaferri.com\/pe\/wp-content\/uploads\/2023\/03\/Proteccion-de-Taludes-contra-la-erosion-1-150x150.jpg 150w, https:\/\/www.maccaferri.com\/pe\/wp-content\/uploads\/2023\/03\/Proteccion-de-Taludes-contra-la-erosion-1-120x120.jpg 120w\" sizes=\"(max-width: 300px) 100vw, 300px\" \/><figcaption>Protecci\u00f3n de taludes contra la erosi\u00f3n<\/figcaption><\/figure><\/figure><\/div><\/div><\/div><div class=\"wp-block-mac-container-block box-container\"><div class=\"wp-block-columns is-layout-flex wp-container-core-columns-is-layout-9d6595d7 wp-block-columns-is-layout-flex\"><div class=\"wp-block-column is-layout-flow wp-block-column-is-layout-flow\"><figure class=\"wp-block-gallery has-nested-images columns-default is-cropped wp-block-gallery-3 is-layout-flex wp-block-gallery-is-layout-flex\"><figure class=\"wp-block-image size-full\"><a href=\"https:\/\/www.maccaferri.com\/pe\/soluciones\/presas-de-desprendimiento-de-rocas\/\"><img loading=\"lazy\" decoding=\"async\" width=\"300\" height=\"300\" data-id=\"8860\" src=\"https:\/\/www.maccaferri.com\/pe\/wp-content\/uploads\/2023\/02\/MicrosoftTeams-image.png\" alt=\"\" class=\"wp-image-8860\" srcset=\"https:\/\/www.maccaferri.com\/pe\/wp-content\/uploads\/2023\/02\/MicrosoftTeams-image.png 300w, https:\/\/www.maccaferri.com\/pe\/wp-content\/uploads\/2023\/02\/MicrosoftTeams-image-150x150.png 150w, https:\/\/www.maccaferri.com\/pe\/wp-content\/uploads\/2023\/02\/MicrosoftTeams-image-120x120.png 120w\" sizes=\"(max-width: 300px) 100vw, 300px\" \/><\/a><figcaption>Barreras Est\u00e1ticas<\/figcaption><\/figure>\n\n<figure class=\"wp-block-image size-full\"><a href=\"https:\/\/www.maccaferri.com\/pe\/soluciones\/rvestimiento-simple\/\"><img loading=\"lazy\" decoding=\"async\" width=\"300\" height=\"300\" data-id=\"11406\" src=\"https:\/\/www.maccaferri.com\/pe\/wp-content\/uploads\/2023\/03\/Revestimiento-Simple-1.jpg\" alt=\"\" class=\"wp-image-11406\" srcset=\"https:\/\/www.maccaferri.com\/pe\/wp-content\/uploads\/2023\/03\/Revestimiento-Simple-1.jpg 300w, https:\/\/www.maccaferri.com\/pe\/wp-content\/uploads\/2023\/03\/Revestimiento-Simple-1-150x150.jpg 150w, https:\/\/www.maccaferri.com\/pe\/wp-content\/uploads\/2023\/03\/Revestimiento-Simple-1-120x120.jpg 120w\" sizes=\"(max-width: 300px) 100vw, 300px\" \/><\/a><figcaption>Revestimiento Simple<\/figcaption><\/figure><\/figure><\/div>\n\n<div class=\"wp-block-column is-layout-flow wp-block-column-is-layout-flow\"><figure class=\"wp-block-gallery has-nested-images columns-default is-cropped wp-block-gallery-4 is-layout-flex wp-block-gallery-is-layout-flex\"><figure class=\"wp-block-image size-full\"><a href=\"https:\/\/www.maccaferri.com\/pe\/soluciones\/mitigar-los-obstaculos\/\"><img loading=\"lazy\" decoding=\"async\" width=\"300\" height=\"300\" data-id=\"8770\" src=\"https:\/\/www.maccaferri.com\/pe\/wp-content\/uploads\/2023\/02\/Revestimento-cortical-1-e1679409866122.jpg\" alt=\"\" class=\"wp-image-8770\" srcset=\"https:\/\/www.maccaferri.com\/pe\/wp-content\/uploads\/2023\/02\/Revestimento-cortical-1-e1679409866122.jpg 300w, https:\/\/www.maccaferri.com\/pe\/wp-content\/uploads\/2023\/02\/Revestimento-cortical-1-e1679409866122-150x150.jpg 150w, https:\/\/www.maccaferri.com\/pe\/wp-content\/uploads\/2023\/02\/Revestimento-cortical-1-e1679409866122-120x120.jpg 120w\" sizes=\"(max-width: 300px) 100vw, 300px\" \/><\/a><figcaption>Barreras Atenuadoras<\/figcaption><\/figure>\n\n<figure class=\"wp-block-image size-full\"><a href=\"https:\/\/www.maccaferri.com\/pe\/soluciones\/refuerzo-y-soporte-de-la-superficie\/\"><img decoding=\"async\" data-id=\"6916\" src=\"https:\/\/www.maccaferri.com\/latam\/wp-content\/uploads\/2023\/02\/cortical.jpg\" alt=\"\" class=\"wp-image-6916\" \/><\/a><figcaption>Revestimiento Cortical<\/figcaption><\/figure><\/figure><\/div><\/div><\/div><div class=\"wp-block-mac-container-block box-container\"><div class=\"wp-block-columns is-layout-flex wp-container-core-columns-is-layout-9d6595d7 wp-block-columns-is-layout-flex\"><div class=\"wp-block-column is-layout-flow wp-block-column-is-layout-flow\"><div class=\"wp-block-mac-container-block box-container\"><div class=\"wp-block-columns is-layout-flex wp-container-core-columns-is-layout-9d6595d7 wp-block-columns-is-layout-flex\"><div class=\"wp-block-column is-layout-flow wp-block-column-is-layout-flow\"><div class=\"wp-block-mac-h4-title-block block-txt-container box-container\"><div class=\"row\"><div class=\"col title-box-txt\"><h5 style=\"color:#212429;text-align:center\">Para el dimensionamiento de soluciones, actualmente contamos con un software utilizado en todo el mundo, desarrollado en alianza con universidades de renombre mundial y laboratorios independientes, siguiendo regulaciones y manuales internacionales.<\/h5><br><\/div><\/div><\/div><\/div><\/div><\/div><\/div><\/div><\/div><div class=\"wp-block-mac-container-block box-container\"><div class=\"wp-block-columns is-layout-flex wp-container-core-columns-is-layout-9d6595d7 wp-block-columns-is-layout-flex\"><div class=\"wp-block-column is-layout-flow wp-block-column-is-layout-flow\"><div class=\"wp-block-mac-banner-title-cta  box-container block-cta\" style=\"background:#015E6F\"><div class=\"container box-container\"><div class=\"row\"><div class=\"col-2 col-sm-2 col-md-2 col-lg-2 col-xl-2 col-xxl-2\"><div class=\"box-image\"><img decoding=\"async\" class=\"image\" src=\"https:\/\/www.maccaferri.com\/br\/wp-content\/uploads\/2022\/11\/img-banner-software.png\" alt=\"Image\" \/><\/div><\/div><div class=\"col-7 col-sm-7 col-md-7 col-lg-7 col-xl-7 col-xxl-7\"><div class=\"banner-box-txt\" style=\"text-align:default\"><h4 class=\"title\">Descarga ahora el software Mac.Ro\u00ae Studio<\/h4><\/div><\/div><div class=\"col-3 col-sm-3 col-md-3 col-lg-3 col-xl-3 col-xxl-3\"><div class=\"button-box-txt\"><a href=\"https:\/\/www.maccaferri.com\/pe\/download\/macro\/\" target=\"_blank\" class=\"buttonurl\" rel=\"noopener\"><span class=\"buttontext\">Descarga<\/span><\/a><\/div><\/div><\/div><\/div><\/div><\/div><\/div><\/div><div class=\"wp-block-mac-container-block box-container\"><div class=\"wp-block-columns is-layout-flex wp-container-core-columns-is-layout-9d6595d7 wp-block-columns-is-layout-flex\"><div class=\"wp-block-column is-layout-flow wp-block-column-is-layout-flow\"><div class=\"wp-block-mac-banner-title-cta  box-container block-cta\" style=\"background:#015E6F\"><div class=\"container box-container\"><div class=\"row\"><div class=\"col-2 col-sm-2 col-md-2 col-lg-2 col-xl-2 col-xxl-2\"><div class=\"box-image\"><img decoding=\"async\" class=\"image\" src=\"https:\/\/www.maccaferri.com\/latam\/wp-content\/uploads\/2022\/10\/img-banner-software.png\" alt=\"Image\" \/><\/div><\/div><div class=\"col-7 col-sm-7 col-md-7 col-lg-7 col-xl-7 col-xxl-7\"><div class=\"banner-box-txt\" style=\"text-align:default\"><h4 class=\"title\">Acceda al Mac-S Design<\/h4><\/div><\/div><div class=\"col-3 col-sm-3 col-md-3 col-lg-3 col-xl-3 col-xxl-3\"><div class=\"button-box-txt\"><a href=\"https:\/\/edesign.maccaferri.com\/Gestione\" target=\"_blank\" class=\"buttonurl\" rel=\"noopener\"><span class=\"buttontext\">Acceda<\/span><\/a><\/div><\/div><\/div><\/div><\/div><\/div><\/div><\/div><div class=\"wp-block-mac-container-block box-container\"><div class=\"wp-block-columns is-layout-flex wp-container-core-columns-is-layout-9d6595d7 wp-block-columns-is-layout-flex\"><div class=\"wp-block-column is-layout-flow wp-block-column-is-layout-flow\"><div class=\"wp-block-mac-container-block box-container\"><div class=\"wp-block-columns is-layout-flex wp-container-core-columns-is-layout-9d6595d7 wp-block-columns-is-layout-flex\"><div class=\"wp-block-column is-layout-flow wp-block-column-is-layout-flow\"><div class=\"wp-block-mac-h4-title-block block-txt-container box-container\"><div class=\"row\"><div class=\"col title-box-txt\"><h5 style=\"color:#212429;text-align:center\">Descarga ahora nuestro e-book con casos de obra en todo el mundo<\/h5><br><\/div><\/div><\/div><\/div><\/div><\/div><\/div><\/div><\/div><div class=\"wp-block-mac-container-block box-container\"><div class=\"wp-block-columns is-layout-flex wp-container-core-columns-is-layout-9d6595d7 wp-block-columns-is-layout-flex\"><div class=\"wp-block-column is-layout-flow wp-block-column-is-layout-flow\"><figure class=\"wp-block-image size-large\"><a href=\"https:\/\/www2.maccaferri.com\/l\/965143\/2022-10-20\/4dxwd2\"><img decoding=\"async\" src=\"https:\/\/www.maccaferri.com\/latam\/wp-content\/uploads\/2023\/02\/ebook_sp-1024x125.jpg\" alt=\"\" class=\"wp-image-6933\" \/><\/a><\/figure><\/div><\/div><\/div><div class=\"wp-block-mac-container-block box-container\"><div class=\"wp-block-columns is-layout-flex wp-container-core-columns-is-layout-9d6595d7 wp-block-columns-is-layout-flex\"><div class=\"wp-block-column is-layout-flow wp-block-column-is-layout-flow\"><div class=\"container content-paragraph box-container\"><div class=\"row\"><div class=\"col-12 col-lg-12 col-xl-12 col-xxl-12\"><h6>Rellene el formulario para solicitar su Presupuesto \/ Asistencia t\u00e9cnica<\/h6><\/div><\/div><\/div><\/div>\n\n<div class=\"wp-block-column is-layout-flow wp-block-column-is-layout-flow\"><div class=\"container content-paragraph box-container\"><div class=\"row\"><div class=\"col-12 col-lg-12 col-xl-12 col-xxl-12\"><h6>Cont\u00e1ctenos<\/h6><\/div><\/div><\/div>\n\n<div class=\"wp-block-buttons is-content-justification-center is-layout-flex wp-container-core-buttons-is-layout-16018d1d wp-block-buttons-is-layout-flex\"><div class=\"wp-block-button is-style-fill\"><a class=\"wp-block-button__link has-luminous-vivid-orange-background-color has-background\" href=\"https:\/\/walink.co\/09c0d2\"><img decoding=\"async\" class=\"wp-image-9208\" style=\"width: 13px\" src=\"https:\/\/www.maccaferri.com\/br\/wp-content\/uploads\/2023\/01\/whatsapp-logo-1.png\" alt=\"\">  Whatsapp: <strong><strong>+51 968 218 407<\/strong> <\/strong><\/a><\/div><\/div>\n\n<div class=\"wp-block-buttons is-content-justification-center is-layout-flex wp-container-core-buttons-is-layout-16018d1d wp-block-buttons-is-layout-flex\"><div class=\"wp-block-button\"><a class=\"wp-block-button__link\" href=\"tel:5112062600\">Tel\u00e9fonO: <strong>+ 51 1 2062600<\/strong><\/a><\/div><\/div>\n\n<div class=\"wp-block-buttons is-content-justification-center is-layout-flex wp-container-core-buttons-is-layout-16018d1d wp-block-buttons-is-layout-flex\"><div class=\"wp-block-button\"><a class=\"wp-block-button__link\" href=\"mailto:info.pe@maccaferri.com\">EMAIL: <strong>info.pe@MACCAFERRI.COM<\/strong><\/a><\/div><\/div><\/div><\/div><\/div><div class=\"wp-block-mac-container-block box-container\"><div class=\"wp-block-columns is-layout-flex wp-container-core-columns-is-layout-9d6595d7 wp-block-columns-is-layout-flex\"><div class=\"wp-block-column is-layout-flow wp-block-column-is-layout-flow\"><div class=\"wp-block-mac-container-block box-container\"><div class=\"wp-block-columns is-layout-flex wp-container-core-columns-is-layout-9d6595d7 wp-block-columns-is-layout-flex\"><div class=\"wp-block-column is-layout-flow wp-block-column-is-layout-flow\"><div class=\"wp-block-mac-h4-title-block block-txt-container box-container\"><div class=\"row\"><div class=\"col title-box-txt\"><h5 style=\"color:#212429;text-align:center\">Encuentre nuestra unidad m\u00e1s cercana<\/h5><br><\/div><\/div><\/div>\n\n<div class=\"container content-paragraph box-container\"><div class=\"row\"><div class=\"col-12 col-lg-12 col-xl-12 col-xxl-12\"><div class=\"content-txt\"><p style=\"text-align: center\">\n<\/div><\/div><\/div><\/div><\/div><\/div><\/div><\/div><\/div><\/div>","protected":false},"excerpt":{"rendered":"","protected":false},"author":20,"featured_media":0,"parent":0,"menu_order":0,"comment_status":"closed","ping_status":"closed","template":"","meta":{"_acf_changed":false,"_joinchat":[],"footnotes":""},"class_list":["post-9139","page","type-page","status-publish","hentry"],"acf":{"uuid_products":"","product-documents":""},"yoast_head":"<!-- This site is optimized with the Yoast SEO Premium plugin v27.0 (Yoast SEO v27.0) - https:\/\/yoast.com\/product\/yoast-seo-premium-wordpress\/ -->\n<title>Soluciones Macro en Per\u00fa | Innovaci\u00f3n con Maccaferri<\/title>\n<meta name=\"description\" content=\"Descubre las Soluciones Macro de Maccaferri en Per\u00fa, dise\u00f1adas para optimizar infraestructura, sostenibilidad y seguridad en proyectos de gran escala.\" \/>\n<meta name=\"robots\" content=\"index, follow, max-snippet:-1, max-image-preview:large, max-video-preview:-1\" \/>\n<link rel=\"canonical\" href=\"https:\/\/www.maccaferri.com\/pe\/soluciones-macro\/\" \/>\n<meta property=\"og:locale\" content=\"es_ES\" \/>\n<meta property=\"og:type\" content=\"article\" \/>\n<meta property=\"og:title\" content=\"Soluciones Macro en Per\u00fa | Innovaci\u00f3n con Maccaferri\" \/>\n<meta property=\"og:description\" content=\"Descubre las Soluciones Macro de Maccaferri en Per\u00fa, dise\u00f1adas para optimizar infraestructura, sostenibilidad y seguridad en proyectos de gran escala.\" \/>\n<meta property=\"og:url\" content=\"https:\/\/www.maccaferri.com\/pe\/soluciones-macro\/\" \/>\n<meta property=\"og:site_name\" content=\"Maccaferri Per\u00f9\" \/>\n<meta property=\"article:modified_time\" content=\"2025-03-18T05:36:29+00:00\" \/>\n<meta property=\"og:image\" content=\"https:\/\/www.maccaferri.com\/br\/wp-content\/uploads\/2022\/12\/Rockfall-Protection-and-Snow-Barriers.jpg\" \/>\n<meta name=\"twitter:card\" content=\"summary_large_image\" \/>\n<meta name=\"twitter:label1\" content=\"Est. reading time\" \/>\n\t<meta name=\"twitter:data1\" content=\"4 minutes\" \/>\n<script type=\"application\/ld+json\" class=\"yoast-schema-graph\">{\"@context\":\"https:\/\/schema.org\",\"@graph\":[{\"@type\":\"WebPage\",\"@id\":\"https:\/\/www.maccaferri.com\/pe\/soluciones-macro\/\",\"url\":\"https:\/\/www.maccaferri.com\/pe\/soluciones-macro\/\",\"name\":\"Soluciones Macro en Per\u00fa | Innovaci\u00f3n con Maccaferri\",\"isPartOf\":{\"@id\":\"https:\/\/www.maccaferri.com\/pe\/#website\"},\"primaryImageOfPage\":{\"@id\":\"https:\/\/www.maccaferri.com\/pe\/soluciones-macro\/#primaryimage\"},\"image\":{\"@id\":\"https:\/\/www.maccaferri.com\/pe\/soluciones-macro\/#primaryimage\"},\"thumbnailUrl\":\"https:\/\/www.maccaferri.com\/br\/wp-content\/uploads\/2022\/12\/Rockfall-Protection-and-Snow-Barriers.jpg\",\"datePublished\":\"2023-02-17T19:09:41+00:00\",\"dateModified\":\"2025-03-18T05:36:29+00:00\",\"description\":\"Descubre las Soluciones Macro de Maccaferri en Per\u00fa, dise\u00f1adas para optimizar infraestructura, sostenibilidad y seguridad en proyectos de gran escala.\",\"inLanguage\":\"es-ES\",\"potentialAction\":[{\"@type\":\"ReadAction\",\"target\":[\"https:\/\/www.maccaferri.com\/pe\/soluciones-macro\/\"]}]},{\"@type\":\"ImageObject\",\"inLanguage\":\"es-ES\",\"@id\":\"https:\/\/www.maccaferri.com\/pe\/soluciones-macro\/#primaryimage\",\"url\":\"https:\/\/www.maccaferri.com\/br\/wp-content\/uploads\/2022\/12\/Rockfall-Protection-and-Snow-Barriers.jpg\",\"contentUrl\":\"https:\/\/www.maccaferri.com\/br\/wp-content\/uploads\/2022\/12\/Rockfall-Protection-and-Snow-Barriers.jpg\"},{\"@type\":\"WebSite\",\"@id\":\"https:\/\/www.maccaferri.com\/pe\/#website\",\"url\":\"https:\/\/www.maccaferri.com\/pe\/\",\"name\":\"Maccaferri Per\u00f9\",\"description\":\"\",\"publisher\":{\"@id\":\"https:\/\/www.maccaferri.com\/pe\/#organization\"},\"potentialAction\":[{\"@type\":\"SearchAction\",\"target\":{\"@type\":\"EntryPoint\",\"urlTemplate\":\"https:\/\/www.maccaferri.com\/pe\/?s={search_term_string}\"},\"query-input\":{\"@type\":\"PropertyValueSpecification\",\"valueRequired\":true,\"valueName\":\"search_term_string\"}}],\"inLanguage\":\"es-ES\"},{\"@type\":\"Organization\",\"@id\":\"https:\/\/www.maccaferri.com\/pe\/#organization\",\"name\":\"Maccaferri Per\u00f9\",\"url\":\"https:\/\/www.maccaferri.com\/pe\/\",\"logo\":{\"@type\":\"ImageObject\",\"inLanguage\":\"es-ES\",\"@id\":\"https:\/\/www.maccaferri.com\/pe\/#\/schema\/logo\/image\/\",\"url\":\"https:\/\/www.maccaferri.com\/pe\/wp-content\/uploads\/2022\/07\/logo-maccaferri.png\",\"contentUrl\":\"https:\/\/www.maccaferri.com\/pe\/wp-content\/uploads\/2022\/07\/logo-maccaferri.png\",\"width\":152,\"height\":32,\"caption\":\"Maccaferri Per\u00f9\"},\"image\":{\"@id\":\"https:\/\/www.maccaferri.com\/pe\/#\/schema\/logo\/image\/\"}}]}<\/script>\n<!-- \/ Yoast SEO Premium plugin. -->","yoast_head_json":{"title":"Soluciones Macro en Per\u00fa | Innovaci\u00f3n con Maccaferri","description":"Descubre las Soluciones Macro de Maccaferri en Per\u00fa, dise\u00f1adas para optimizar infraestructura, sostenibilidad y seguridad en proyectos de gran escala.","robots":{"index":"index","follow":"follow","max-snippet":"max-snippet:-1","max-image-preview":"max-image-preview:large","max-video-preview":"max-video-preview:-1"},"canonical":"https:\/\/www.maccaferri.com\/pe\/soluciones-macro\/","og_locale":"es_ES","og_type":"article","og_title":"Soluciones Macro en Per\u00fa | Innovaci\u00f3n con Maccaferri","og_description":"Descubre las Soluciones Macro de Maccaferri en Per\u00fa, dise\u00f1adas para optimizar infraestructura, sostenibilidad y seguridad en proyectos de gran escala.","og_url":"https:\/\/www.maccaferri.com\/pe\/soluciones-macro\/","og_site_name":"Maccaferri Per\u00f9","article_modified_time":"2025-03-18T05:36:29+00:00","og_image":[{"url":"https:\/\/www.maccaferri.com\/br\/wp-content\/uploads\/2022\/12\/Rockfall-Protection-and-Snow-Barriers.jpg","type":"","width":"","height":""}],"twitter_card":"summary_large_image","twitter_misc":{"Est. reading time":"4 minutes"},"schema":{"@context":"https:\/\/schema.org","@graph":[{"@type":"WebPage","@id":"https:\/\/www.maccaferri.com\/pe\/soluciones-macro\/","url":"https:\/\/www.maccaferri.com\/pe\/soluciones-macro\/","name":"Soluciones Macro en Per\u00fa | Innovaci\u00f3n con Maccaferri","isPartOf":{"@id":"https:\/\/www.maccaferri.com\/pe\/#website"},"primaryImageOfPage":{"@id":"https:\/\/www.maccaferri.com\/pe\/soluciones-macro\/#primaryimage"},"image":{"@id":"https:\/\/www.maccaferri.com\/pe\/soluciones-macro\/#primaryimage"},"thumbnailUrl":"https:\/\/www.maccaferri.com\/br\/wp-content\/uploads\/2022\/12\/Rockfall-Protection-and-Snow-Barriers.jpg","datePublished":"2023-02-17T19:09:41+00:00","dateModified":"2025-03-18T05:36:29+00:00","description":"Descubre las Soluciones Macro de Maccaferri en Per\u00fa, dise\u00f1adas para optimizar infraestructura, sostenibilidad y seguridad en proyectos de gran escala.","inLanguage":"es-ES","potentialAction":[{"@type":"ReadAction","target":["https:\/\/www.maccaferri.com\/pe\/soluciones-macro\/"]}]},{"@type":"ImageObject","inLanguage":"es-ES","@id":"https:\/\/www.maccaferri.com\/pe\/soluciones-macro\/#primaryimage","url":"https:\/\/www.maccaferri.com\/br\/wp-content\/uploads\/2022\/12\/Rockfall-Protection-and-Snow-Barriers.jpg","contentUrl":"https:\/\/www.maccaferri.com\/br\/wp-content\/uploads\/2022\/12\/Rockfall-Protection-and-Snow-Barriers.jpg"},{"@type":"WebSite","@id":"https:\/\/www.maccaferri.com\/pe\/#website","url":"https:\/\/www.maccaferri.com\/pe\/","name":"Maccaferri Per\u00f9","description":"","publisher":{"@id":"https:\/\/www.maccaferri.com\/pe\/#organization"},"potentialAction":[{"@type":"SearchAction","target":{"@type":"EntryPoint","urlTemplate":"https:\/\/www.maccaferri.com\/pe\/?s={search_term_string}"},"query-input":{"@type":"PropertyValueSpecification","valueRequired":true,"valueName":"search_term_string"}}],"inLanguage":"es-ES"},{"@type":"Organization","@id":"https:\/\/www.maccaferri.com\/pe\/#organization","name":"Maccaferri Per\u00f9","url":"https:\/\/www.maccaferri.com\/pe\/","logo":{"@type":"ImageObject","inLanguage":"es-ES","@id":"https:\/\/www.maccaferri.com\/pe\/#\/schema\/logo\/image\/","url":"https:\/\/www.maccaferri.com\/pe\/wp-content\/uploads\/2022\/07\/logo-maccaferri.png","contentUrl":"https:\/\/www.maccaferri.com\/pe\/wp-content\/uploads\/2022\/07\/logo-maccaferri.png","width":152,"height":32,"caption":"Maccaferri Per\u00f9"},"image":{"@id":"https:\/\/www.maccaferri.com\/pe\/#\/schema\/logo\/image\/"}}]}},"_links":{"self":[{"href":"https:\/\/www.maccaferri.com\/pe\/wp-json\/wp\/v2\/pages\/9139","targetHints":{"allow":["GET"]}}],"collection":[{"href":"https:\/\/www.maccaferri.com\/pe\/wp-json\/wp\/v2\/pages"}],"about":[{"href":"https:\/\/www.maccaferri.com\/pe\/wp-json\/wp\/v2\/types\/page"}],"author":[{"embeddable":true,"href":"https:\/\/www.maccaferri.com\/pe\/wp-json\/wp\/v2\/users\/20"}],"replies":[{"embeddable":true,"href":"https:\/\/www.maccaferri.com\/pe\/wp-json\/wp\/v2\/comments?post=9139"}],"version-history":[{"count":17,"href":"https:\/\/www.maccaferri.com\/pe\/wp-json\/wp\/v2\/pages\/9139\/revisions"}],"predecessor-version":[{"id":91453,"href":"https:\/\/www.maccaferri.com\/pe\/wp-json\/wp\/v2\/pages\/9139\/revisions\/91453"}],"wp:attachment":[{"href":"https:\/\/www.maccaferri.com\/pe\/wp-json\/wp\/v2\/media?parent=9139"}],"curies":[{"name":"wp","href":"https:\/\/api.w.org\/{rel}","templated":true}]}}