{"id":9124,"date":"2023-02-17T19:55:23","date_gmt":"2023-02-17T18:55:23","guid":{"rendered":"https:\/\/www.maccaferri.com\/pe\/?page_id=9124"},"modified":"2025-03-18T07:52:14","modified_gmt":"2025-03-18T06:52:14","slug":"soluciones-gsy","status":"publish","type":"page","link":"https:\/\/www.maccaferri.com\/pe\/soluciones-gsy\/","title":{"rendered":"SOLUCIONES GSY"},"content":{"rendered":"<div class=\"wp-block-mac-h1-title-hero-block container-fluid block-txt-container\" style=\"background:linear-gradient(180deg,rgb(1,94,111) 0%,rgb(0,72,87) 100%)\"><div class=\"row\"><div class=\"col\"><div class=\"gts__picture\"><img decoding=\"async\" src=\"https:\/\/www.maccaferri.com\/latam\/wp-content\/uploads\/2022\/12\/Biaxial-Geogrids_2.jpg\" style=\"display:none\" \/><div class=\"gts__picture__image\" style=\"background-image:url(https:\/\/www.maccaferri.com\/latam\/wp-content\/uploads\/2022\/12\/Biaxial-Geogrids_2.jpg)\"><\/div><\/div><div class=\"container box-container\"><div class=\"row\"><div class=\"col title-box-txt\"><h1 class=\"wp-block-mac-h1-title-hero-block\" style=\"color:#ffffff;text-align:none\">SOLUCIONES EN GEOSINT\u00c9TICOS<\/h1><\/div><\/div><\/div><\/div><\/div><\/div><div class=\"wp-block-mac-container-block box-container\"><div class=\"wp-block-columns is-layout-flex wp-container-core-columns-is-layout-9d6595d7 wp-block-columns-is-layout-flex\"><div class=\"wp-block-column is-layout-flow wp-block-column-is-layout-flow\"><\/div><\/div><\/div><div class=\"wp-block-mac-container-block box-container\"><div class=\"wp-block-columns is-layout-flex wp-container-core-columns-is-layout-9d6595d7 wp-block-columns-is-layout-flex\"><div class=\"wp-block-column is-layout-flow wp-block-column-is-layout-flow\"><div class=\"container content-paragraph box-container\"><div class=\"row\"><div class=\"col-12 col-lg-12 col-xl-12 col-xxl-12\"><h6>Con m\u00e1s de 140 a\u00f1os de experiencia mundial en la fabricaci\u00f3n y suministro de geosint\u00e9ticos, Maccaferri de Per\u00fa trabaja con sus clientes para entregar siempre las mejores soluciones.<\/h6><div class=\"content-txt\"><p>Los geosint\u00e9ticos se utilizan para innumerables aplicaciones.<br \/>\nSe ha demostrado que reducen el costo del proyecto y el impacto ambiental en comparaci\u00f3n con los m\u00e9todos tradicionales.   <\/p>\n<\/div><\/div><\/div><\/div><\/div><\/div><\/div><div class=\"wp-block-mac-container-block box-container\"><div class=\"wp-block-columns is-layout-flex wp-container-core-columns-is-layout-9d6595d7 wp-block-columns-is-layout-flex\"><div class=\"wp-block-column is-layout-flow wp-block-column-is-layout-flow\"><div class=\"wp-block-mac-h4-title-block block-txt-container box-container\"><div class=\"row\"><div class=\"col title-box-txt\"><h5 style=\"color:#212429;text-align:center\">Conozca nuestra gama de productos geosint\u00e9ticos<\/h5><br><\/div><\/div><\/div><\/div><\/div><\/div><div class=\"wp-block-mac-container-block box-container\"><div class=\"wp-block-columns is-layout-flex wp-container-core-columns-is-layout-9d6595d7 wp-block-columns-is-layout-flex\"><div class=\"wp-block-column is-layout-flow wp-block-column-is-layout-flow\"><figure class=\"wp-block-gallery has-nested-images columns-default is-cropped wp-block-gallery-1 is-layout-flex wp-block-gallery-is-layout-flex\"><figure class=\"wp-block-image size-large\"><a href=\"https:\/\/www.maccaferri.com\/pe\/productos\/geomallas-biaxiales\/\"><img decoding=\"async\" width=\"171\" height=\"172\" data-id=\"9033\" src=\"https:\/\/www.maccaferri.com\/pe\/wp-content\/uploads\/2023\/02\/Geomallas-3.png\" alt=\"\" class=\"wp-image-9033\" srcset=\"https:\/\/www.maccaferri.com\/pe\/wp-content\/uploads\/2023\/02\/Geomallas-3.png 171w, https:\/\/www.maccaferri.com\/pe\/wp-content\/uploads\/2023\/02\/Geomallas-3-150x150.png 150w, https:\/\/www.maccaferri.com\/pe\/wp-content\/uploads\/2023\/02\/Geomallas-3-120x120.png 120w\" sizes=\"(max-width: 171px) 100vw, 171px\" \/><\/a><figcaption>Geomallas<\/figcaption><\/figure>\n\n<figure class=\"wp-block-image size-large\"><a href=\"https:\/\/www.maccaferri.com\/pe\/productos\/geotextil-no-tejido\/\"><img decoding=\"async\" width=\"171\" height=\"171\" data-id=\"9039\" src=\"https:\/\/www.maccaferri.com\/pe\/wp-content\/uploads\/2023\/02\/Goetextiles-9.jpg\" alt=\"\" class=\"wp-image-9039\" srcset=\"https:\/\/www.maccaferri.com\/pe\/wp-content\/uploads\/2023\/02\/Goetextiles-9.jpg 171w, https:\/\/www.maccaferri.com\/pe\/wp-content\/uploads\/2023\/02\/Goetextiles-9-150x150.jpg 150w, https:\/\/www.maccaferri.com\/pe\/wp-content\/uploads\/2023\/02\/Goetextiles-9-120x120.jpg 120w\" sizes=\"(max-width: 171px) 100vw, 171px\" \/><\/a><figcaption>Geotextiles<\/figcaption><\/figure>\n\n<figure class=\"wp-block-image size-large\"><a href=\"https:\/\/www.maccaferri.com\/pe\/productos\/compuestos-de-drenaje\/\"><img decoding=\"async\" width=\"167\" height=\"167\" data-id=\"9040\" src=\"https:\/\/www.maccaferri.com\/pe\/wp-content\/uploads\/2023\/02\/geocompuesto-8.png\" alt=\"\" class=\"wp-image-9040\" srcset=\"https:\/\/www.maccaferri.com\/pe\/wp-content\/uploads\/2023\/02\/geocompuesto-8.png 167w, https:\/\/www.maccaferri.com\/pe\/wp-content\/uploads\/2023\/02\/geocompuesto-8-150x150.png 150w, https:\/\/www.maccaferri.com\/pe\/wp-content\/uploads\/2023\/02\/geocompuesto-8-120x120.png 120w\" sizes=\"(max-width: 167px) 100vw, 167px\" \/><\/a><figcaption>Geocompuestos<\/figcaption><\/figure>\n\n<figure class=\"wp-block-image size-large\"><a href=\"https:\/\/www.maccaferri.com\/pe\/productos\/geomembranas-polimericas\/\"><img loading=\"lazy\" decoding=\"async\" width=\"170\" height=\"170\" data-id=\"9045\" src=\"https:\/\/www.maccaferri.com\/pe\/wp-content\/uploads\/2023\/02\/geomembrana-5.jpg\" alt=\"\" class=\"wp-image-9045\" srcset=\"https:\/\/www.maccaferri.com\/pe\/wp-content\/uploads\/2023\/02\/geomembrana-5.jpg 170w, https:\/\/www.maccaferri.com\/pe\/wp-content\/uploads\/2023\/02\/geomembrana-5-150x150.jpg 150w, https:\/\/www.maccaferri.com\/pe\/wp-content\/uploads\/2023\/02\/geomembrana-5-120x120.jpg 120w\" sizes=\"(max-width: 170px) 100vw, 170px\" \/><\/a><figcaption>Geomembranas<\/figcaption><\/figure>\n\n<figure class=\"wp-block-image size-full\"><a href=\"https:\/\/www.maccaferri.com\/pe\/aplicaciones\/obras-maritimas\/\"><img loading=\"lazy\" decoding=\"async\" width=\"300\" height=\"300\" data-id=\"9126\" src=\"https:\/\/www.maccaferri.com\/pe\/wp-content\/uploads\/2023\/02\/MicrosoftTeams-image-5.png\" alt=\"\" class=\"wp-image-9126\" srcset=\"https:\/\/www.maccaferri.com\/pe\/wp-content\/uploads\/2023\/02\/MicrosoftTeams-image-5.png 300w, https:\/\/www.maccaferri.com\/pe\/wp-content\/uploads\/2023\/02\/MicrosoftTeams-image-5-150x150.png 150w, https:\/\/www.maccaferri.com\/pe\/wp-content\/uploads\/2023\/02\/MicrosoftTeams-image-5-120x120.png 120w\" sizes=\"(max-width: 300px) 100vw, 300px\" \/><\/a><figcaption>Geocontenedor<\/figcaption><\/figure>\n\n<figure class=\"wp-block-image size-full\"><a href=\"https:\/\/www.maccaferri.com\/pe\/productos\/macmat\/\"><img loading=\"lazy\" decoding=\"async\" width=\"300\" height=\"300\" data-id=\"11364\" src=\"https:\/\/www.maccaferri.com\/pe\/wp-content\/uploads\/2023\/03\/Geomanta.jpg\" alt=\"\" class=\"wp-image-11364\" srcset=\"https:\/\/www.maccaferri.com\/pe\/wp-content\/uploads\/2023\/03\/Geomanta.jpg 300w, https:\/\/www.maccaferri.com\/pe\/wp-content\/uploads\/2023\/03\/Geomanta-150x150.jpg 150w, https:\/\/www.maccaferri.com\/pe\/wp-content\/uploads\/2023\/03\/Geomanta-120x120.jpg 120w\" sizes=\"(max-width: 300px) 100vw, 300px\" \/><\/a><figcaption>Geomantas<\/figcaption><\/figure><\/figure><\/div><\/div><\/div><div class=\"wp-block-mac-container-block box-container\"><div class=\"wp-block-columns is-layout-flex wp-container-core-columns-is-layout-9d6595d7 wp-block-columns-is-layout-flex\"><div class=\"wp-block-column is-layout-flow wp-block-column-is-layout-flow\"><div class=\"wp-block-mac-container-block box-container\"><div class=\"wp-block-columns is-layout-flex wp-container-core-columns-is-layout-9d6595d7 wp-block-columns-is-layout-flex\"><div class=\"wp-block-column is-layout-flow wp-block-column-is-layout-flow\"><div class=\"wp-block-mac-h4-title-block block-txt-container box-container\"><div class=\"row\"><div class=\"col title-box-txt\"><h5 style=\"color:#212429;text-align:center\">Cont\u00e1ctenos para recibir asesoramiento personalizado.<\/h5><br><\/div><\/div><\/div><\/div><\/div><\/div><\/div><\/div><\/div><div class=\"wp-block-mac-container-block box-container\"><div class=\"wp-block-columns is-layout-flex wp-container-core-columns-is-layout-9d6595d7 wp-block-columns-is-layout-flex\"><div class=\"wp-block-column is-layout-flow wp-block-column-is-layout-flow\"><div class=\"container content-paragraph box-container\"><div class=\"row\"><div class=\"col-12 col-lg-12 col-xl-12 col-xxl-12\"><h6>Rellene el formulario para solicitar su Presupuesto \/ Asistencia t\u00e9cnica<\/h6><\/div><\/div><\/div><\/div>\n\n<div class=\"wp-block-column is-layout-flow wp-block-column-is-layout-flow\"><div class=\"container content-paragraph box-container\"><div class=\"row\"><div class=\"col-12 col-lg-12 col-xl-12 col-xxl-12\"><h6>Cont\u00e1ctenos<\/h6><\/div><\/div><\/div>\n\n<div class=\"wp-block-buttons is-content-justification-center is-layout-flex wp-container-core-buttons-is-layout-16018d1d wp-block-buttons-is-layout-flex\"><div class=\"wp-block-button\"><a class=\"wp-block-button__link has-luminous-vivid-orange-background-color has-background\" href=\"https:\/\/walink.co\/09c0d2\"><img decoding=\"async\" class=\"wp-image-6568\" style=\"width: 15px\" src=\"https:\/\/www.maccaferri.com\/latam\/wp-content\/uploads\/2023\/02\/whatsapp-logo-1-1-1019x1024-1.png\" alt=\"\"> Whatsapp : <strong>+51 968 218 407<\/strong><\/a><\/div><\/div>\n\n<div class=\"wp-block-buttons is-content-justification-center is-layout-flex wp-container-core-buttons-is-layout-16018d1d wp-block-buttons-is-layout-flex\"><div class=\"wp-block-button\"><a class=\"wp-block-button__link\" href=\"tel:5112062600\">Tel\u00e9fonO: <strong>+ 51 1 2062600<\/strong><\/a><\/div><\/div>\n\n<div class=\"wp-block-buttons is-content-justification-center is-layout-flex wp-container-core-buttons-is-layout-16018d1d wp-block-buttons-is-layout-flex\"><div class=\"wp-block-button\"><a class=\"wp-block-button__link\" href=\"mailto:info.pe@maccaferri.com\">CORREO: <strong>info.pe@MACCAFERRI.COM<\/strong><\/a><\/div><\/div><\/div><\/div><\/div><div class=\"wp-block-mac-container-block box-container\"><div class=\"wp-block-columns is-layout-flex wp-container-core-columns-is-layout-9d6595d7 wp-block-columns-is-layout-flex\"><div class=\"wp-block-column is-layout-flow wp-block-column-is-layout-flow\"><div class=\"wp-block-mac-container-block box-container\"><div class=\"wp-block-columns is-layout-flex wp-container-core-columns-is-layout-9d6595d7 wp-block-columns-is-layout-flex\"><div class=\"wp-block-column is-layout-flow wp-block-column-is-layout-flow\"><div class=\"wp-block-mac-h4-title-block block-txt-container box-container\"><div class=\"row\"><div class=\"col title-box-txt\"><h5 style=\"color:#212429;text-align:center\">Encuentre nuestra unidad m\u00e1s cercana<\/h5><br><\/div><\/div><\/div>\n\n<div class=\"container content-paragraph box-container\"><div class=\"row\"><div class=\"col-12 col-lg-12 col-xl-12 col-xxl-12\"><div class=\"content-txt\"><p style=\"text-align: center\">\n<\/div><\/div><\/div><\/div><\/div><\/div><\/div><\/div><\/div><\/div>","protected":false},"excerpt":{"rendered":"","protected":false},"author":20,"featured_media":0,"parent":0,"menu_order":0,"comment_status":"closed","ping_status":"closed","template":"","meta":{"_acf_changed":false,"_joinchat":[],"footnotes":""},"class_list":["post-9124","page","type-page","status-publish","hentry"],"acf":{"uuid_products":"","product-documents":""},"yoast_head":"<!-- This site is optimized with the Yoast SEO Premium plugin v27.0 (Yoast SEO v27.0) - https:\/\/yoast.com\/product\/yoast-seo-premium-wordpress\/ -->\n<title>Soluciones GSY en Per\u00fa | Innovaci\u00f3n en Ingenier\u00eda Maccaferri<\/title>\n<meta name=\"description\" content=\"Soluciones GSY de Maccaferri para proyectos de ingenier\u00eda con tecnolog\u00eda avanzada, optimizando la seguridad y eficiencia en construcci\u00f3n.\" \/>\n<meta name=\"robots\" content=\"index, follow, max-snippet:-1, max-image-preview:large, max-video-preview:-1\" \/>\n<link rel=\"canonical\" href=\"https:\/\/www.maccaferri.com\/pe\/soluciones-gsy\/\" \/>\n<meta property=\"og:locale\" content=\"es_ES\" \/>\n<meta property=\"og:type\" content=\"article\" \/>\n<meta property=\"og:title\" content=\"Soluciones GSY en Per\u00fa | Innovaci\u00f3n en Ingenier\u00eda Maccaferri\" \/>\n<meta property=\"og:description\" content=\"Soluciones GSY de Maccaferri para proyectos de ingenier\u00eda con tecnolog\u00eda avanzada, optimizando la seguridad y eficiencia en construcci\u00f3n.\" \/>\n<meta property=\"og:url\" content=\"https:\/\/www.maccaferri.com\/pe\/soluciones-gsy\/\" \/>\n<meta property=\"og:site_name\" content=\"Maccaferri Per\u00f9\" \/>\n<meta property=\"article:modified_time\" content=\"2025-03-18T06:52:14+00:00\" \/>\n<meta property=\"og:image\" content=\"https:\/\/www.maccaferri.com\/latam\/wp-content\/uploads\/2022\/12\/Biaxial-Geogrids_2.jpg\" \/>\n<meta name=\"twitter:card\" content=\"summary_large_image\" \/>\n<meta name=\"twitter:label1\" content=\"Est. reading time\" \/>\n\t<meta name=\"twitter:data1\" content=\"2 minutes\" \/>\n<script type=\"application\/ld+json\" class=\"yoast-schema-graph\">{\"@context\":\"https:\/\/schema.org\",\"@graph\":[{\"@type\":\"WebPage\",\"@id\":\"https:\/\/www.maccaferri.com\/pe\/soluciones-gsy\/\",\"url\":\"https:\/\/www.maccaferri.com\/pe\/soluciones-gsy\/\",\"name\":\"Soluciones GSY en Per\u00fa | Innovaci\u00f3n en Ingenier\u00eda Maccaferri\",\"isPartOf\":{\"@id\":\"https:\/\/www.maccaferri.com\/pe\/#website\"},\"primaryImageOfPage\":{\"@id\":\"https:\/\/www.maccaferri.com\/pe\/soluciones-gsy\/#primaryimage\"},\"image\":{\"@id\":\"https:\/\/www.maccaferri.com\/pe\/soluciones-gsy\/#primaryimage\"},\"thumbnailUrl\":\"https:\/\/www.maccaferri.com\/latam\/wp-content\/uploads\/2022\/12\/Biaxial-Geogrids_2.jpg\",\"datePublished\":\"2023-02-17T18:55:23+00:00\",\"dateModified\":\"2025-03-18T06:52:14+00:00\",\"description\":\"Soluciones GSY de Maccaferri para proyectos de ingenier\u00eda con tecnolog\u00eda avanzada, optimizando la seguridad y eficiencia en construcci\u00f3n.\",\"inLanguage\":\"es-ES\",\"potentialAction\":[{\"@type\":\"ReadAction\",\"target\":[\"https:\/\/www.maccaferri.com\/pe\/soluciones-gsy\/\"]}]},{\"@type\":\"ImageObject\",\"inLanguage\":\"es-ES\",\"@id\":\"https:\/\/www.maccaferri.com\/pe\/soluciones-gsy\/#primaryimage\",\"url\":\"https:\/\/www.maccaferri.com\/latam\/wp-content\/uploads\/2022\/12\/Biaxial-Geogrids_2.jpg\",\"contentUrl\":\"https:\/\/www.maccaferri.com\/latam\/wp-content\/uploads\/2022\/12\/Biaxial-Geogrids_2.jpg\"},{\"@type\":\"WebSite\",\"@id\":\"https:\/\/www.maccaferri.com\/pe\/#website\",\"url\":\"https:\/\/www.maccaferri.com\/pe\/\",\"name\":\"Maccaferri Per\u00f9\",\"description\":\"\",\"publisher\":{\"@id\":\"https:\/\/www.maccaferri.com\/pe\/#organization\"},\"potentialAction\":[{\"@type\":\"SearchAction\",\"target\":{\"@type\":\"EntryPoint\",\"urlTemplate\":\"https:\/\/www.maccaferri.com\/pe\/?s={search_term_string}\"},\"query-input\":{\"@type\":\"PropertyValueSpecification\",\"valueRequired\":true,\"valueName\":\"search_term_string\"}}],\"inLanguage\":\"es-ES\"},{\"@type\":\"Organization\",\"@id\":\"https:\/\/www.maccaferri.com\/pe\/#organization\",\"name\":\"Maccaferri Per\u00f9\",\"url\":\"https:\/\/www.maccaferri.com\/pe\/\",\"logo\":{\"@type\":\"ImageObject\",\"inLanguage\":\"es-ES\",\"@id\":\"https:\/\/www.maccaferri.com\/pe\/#\/schema\/logo\/image\/\",\"url\":\"https:\/\/www.maccaferri.com\/pe\/wp-content\/uploads\/2022\/07\/logo-maccaferri.png\",\"contentUrl\":\"https:\/\/www.maccaferri.com\/pe\/wp-content\/uploads\/2022\/07\/logo-maccaferri.png\",\"width\":152,\"height\":32,\"caption\":\"Maccaferri Per\u00f9\"},\"image\":{\"@id\":\"https:\/\/www.maccaferri.com\/pe\/#\/schema\/logo\/image\/\"}}]}<\/script>\n<!-- \/ Yoast SEO Premium plugin. -->","yoast_head_json":{"title":"Soluciones GSY en Per\u00fa | Innovaci\u00f3n en Ingenier\u00eda Maccaferri","description":"Soluciones GSY de Maccaferri para proyectos de ingenier\u00eda con tecnolog\u00eda avanzada, optimizando la seguridad y eficiencia en construcci\u00f3n.","robots":{"index":"index","follow":"follow","max-snippet":"max-snippet:-1","max-image-preview":"max-image-preview:large","max-video-preview":"max-video-preview:-1"},"canonical":"https:\/\/www.maccaferri.com\/pe\/soluciones-gsy\/","og_locale":"es_ES","og_type":"article","og_title":"Soluciones GSY en Per\u00fa | Innovaci\u00f3n en Ingenier\u00eda Maccaferri","og_description":"Soluciones GSY de Maccaferri para proyectos de ingenier\u00eda con tecnolog\u00eda avanzada, optimizando la seguridad y eficiencia en construcci\u00f3n.","og_url":"https:\/\/www.maccaferri.com\/pe\/soluciones-gsy\/","og_site_name":"Maccaferri Per\u00f9","article_modified_time":"2025-03-18T06:52:14+00:00","og_image":[{"url":"https:\/\/www.maccaferri.com\/latam\/wp-content\/uploads\/2022\/12\/Biaxial-Geogrids_2.jpg","type":"","width":"","height":""}],"twitter_card":"summary_large_image","twitter_misc":{"Est. reading time":"2 minutes"},"schema":{"@context":"https:\/\/schema.org","@graph":[{"@type":"WebPage","@id":"https:\/\/www.maccaferri.com\/pe\/soluciones-gsy\/","url":"https:\/\/www.maccaferri.com\/pe\/soluciones-gsy\/","name":"Soluciones GSY en Per\u00fa | Innovaci\u00f3n en Ingenier\u00eda Maccaferri","isPartOf":{"@id":"https:\/\/www.maccaferri.com\/pe\/#website"},"primaryImageOfPage":{"@id":"https:\/\/www.maccaferri.com\/pe\/soluciones-gsy\/#primaryimage"},"image":{"@id":"https:\/\/www.maccaferri.com\/pe\/soluciones-gsy\/#primaryimage"},"thumbnailUrl":"https:\/\/www.maccaferri.com\/latam\/wp-content\/uploads\/2022\/12\/Biaxial-Geogrids_2.jpg","datePublished":"2023-02-17T18:55:23+00:00","dateModified":"2025-03-18T06:52:14+00:00","description":"Soluciones GSY de Maccaferri para proyectos de ingenier\u00eda con tecnolog\u00eda avanzada, optimizando la seguridad y eficiencia en construcci\u00f3n.","inLanguage":"es-ES","potentialAction":[{"@type":"ReadAction","target":["https:\/\/www.maccaferri.com\/pe\/soluciones-gsy\/"]}]},{"@type":"ImageObject","inLanguage":"es-ES","@id":"https:\/\/www.maccaferri.com\/pe\/soluciones-gsy\/#primaryimage","url":"https:\/\/www.maccaferri.com\/latam\/wp-content\/uploads\/2022\/12\/Biaxial-Geogrids_2.jpg","contentUrl":"https:\/\/www.maccaferri.com\/latam\/wp-content\/uploads\/2022\/12\/Biaxial-Geogrids_2.jpg"},{"@type":"WebSite","@id":"https:\/\/www.maccaferri.com\/pe\/#website","url":"https:\/\/www.maccaferri.com\/pe\/","name":"Maccaferri Per\u00f9","description":"","publisher":{"@id":"https:\/\/www.maccaferri.com\/pe\/#organization"},"potentialAction":[{"@type":"SearchAction","target":{"@type":"EntryPoint","urlTemplate":"https:\/\/www.maccaferri.com\/pe\/?s={search_term_string}"},"query-input":{"@type":"PropertyValueSpecification","valueRequired":true,"valueName":"search_term_string"}}],"inLanguage":"es-ES"},{"@type":"Organization","@id":"https:\/\/www.maccaferri.com\/pe\/#organization","name":"Maccaferri Per\u00f9","url":"https:\/\/www.maccaferri.com\/pe\/","logo":{"@type":"ImageObject","inLanguage":"es-ES","@id":"https:\/\/www.maccaferri.com\/pe\/#\/schema\/logo\/image\/","url":"https:\/\/www.maccaferri.com\/pe\/wp-content\/uploads\/2022\/07\/logo-maccaferri.png","contentUrl":"https:\/\/www.maccaferri.com\/pe\/wp-content\/uploads\/2022\/07\/logo-maccaferri.png","width":152,"height":32,"caption":"Maccaferri Per\u00f9"},"image":{"@id":"https:\/\/www.maccaferri.com\/pe\/#\/schema\/logo\/image\/"}}]}},"_links":{"self":[{"href":"https:\/\/www.maccaferri.com\/pe\/wp-json\/wp\/v2\/pages\/9124","targetHints":{"allow":["GET"]}}],"collection":[{"href":"https:\/\/www.maccaferri.com\/pe\/wp-json\/wp\/v2\/pages"}],"about":[{"href":"https:\/\/www.maccaferri.com\/pe\/wp-json\/wp\/v2\/types\/page"}],"author":[{"embeddable":true,"href":"https:\/\/www.maccaferri.com\/pe\/wp-json\/wp\/v2\/users\/20"}],"replies":[{"embeddable":true,"href":"https:\/\/www.maccaferri.com\/pe\/wp-json\/wp\/v2\/comments?post=9124"}],"version-history":[{"count":15,"href":"https:\/\/www.maccaferri.com\/pe\/wp-json\/wp\/v2\/pages\/9124\/revisions"}],"predecessor-version":[{"id":91461,"href":"https:\/\/www.maccaferri.com\/pe\/wp-json\/wp\/v2\/pages\/9124\/revisions\/91461"}],"wp:attachment":[{"href":"https:\/\/www.maccaferri.com\/pe\/wp-json\/wp\/v2\/media?parent=9124"}],"curies":[{"name":"wp","href":"https:\/\/api.w.org\/{rel}","templated":true}]}}