{"id":8887,"date":"2023-02-15T20:57:30","date_gmt":"2023-02-15T19:57:30","guid":{"rendered":"https:\/\/www.maccaferri.com\/pe\/?page_id=8887"},"modified":"2025-03-19T01:17:45","modified_gmt":"2025-03-19T00:17:45","slug":"soluciones_dt","status":"publish","type":"page","link":"https:\/\/www.maccaferri.com\/pe\/soluciones_dt\/","title":{"rendered":"SOLUCIONES DT"},"content":{"rendered":"<div class=\"wp-block-mac-h1-title-hero-block container-fluid block-txt-container\" style=\"background:linear-gradient(180deg,rgb(1,94,111) 0%,rgb(0,72,87) 100%)\"><div class=\"row\"><div class=\"col\"><div class=\"gts__picture\"><img decoding=\"async\" src=\"https:\/\/www.maccaferri.com\/br\/wp-content\/uploads\/2022\/12\/Sustainability_Gabion_3.jpg\" style=\"display:none\" \/><div class=\"gts__picture__image\" style=\"background-image:url(https:\/\/www.maccaferri.com\/br\/wp-content\/uploads\/2022\/12\/Sustainability_Gabion_3.jpg)\"><\/div><\/div><div class=\"container box-container\"><div class=\"row\"><div class=\"col title-box-txt\"><h1 class=\"wp-block-mac-h1-title-hero-block\" style=\"color:#ffffff;text-align:none\">SOLUCIONES EN MALLA DOBLE TORSI\u00d3N &nbsp;<\/h1><\/div><\/div><\/div><\/div><\/div><\/div><div class=\"wp-block-mac-container-block box-container\"><div class=\"wp-block-columns is-layout-flex wp-container-core-columns-is-layout-9d6595d7 wp-block-columns-is-layout-flex\"><div class=\"wp-block-column is-layout-flow wp-block-column-is-layout-flow\"><\/div><\/div><\/div><div class=\"wp-block-mac-container-block box-container\"><div class=\"wp-block-columns is-layout-flex wp-container-core-columns-is-layout-9d6595d7 wp-block-columns-is-layout-flex\"><div class=\"wp-block-column is-layout-flow wp-block-column-is-layout-flow\"><div class=\"container content-paragraph box-container\"><div class=\"row\"><div class=\"col-12 col-lg-12 col-xl-12 col-xxl-12\"><div class=\"content-txt\"><p>Somos una empresa l\u00edder mundial en la fabricaci\u00f3n, dise\u00f1o y suministro de gaviones. Nuestros gaviones son producidos con malla hexagonal de acero de doble torsi\u00f3n de alta calidad revestidos con la exclusiva aleaci\u00f3n Galmac\u00ae 4R, y protegida  adicionalmente por una capa continua de material polim\u00e9rico Polimac\u2122 que presenta alta resistencia a la abrasi\u00f3n, capaz de soportar las condiciones m\u00e1s severas de aplicaci\u00f3n, en ambientes extremadamente agresivos, qu\u00edmicamente contaminados y con alta exposici\u00f3n a los rayos UV, garantizando un mayor rendimiento y seguridad en las obras de ingenier\u00eda.  <\/p>\n<p>Nuestra oficina local de Per\u00fa posee a\u00f1os de experiencia y credibilidad<\/p>\n<\/div><\/div><\/div><\/div><\/div><\/div><\/div><div class=\"wp-block-mac-container-block box-container\"><div class=\"wp-block-columns is-layout-flex wp-container-core-columns-is-layout-9d6595d7 wp-block-columns-is-layout-flex\"><div class=\"wp-block-column is-layout-flow wp-block-column-is-layout-flow\"><div class=\"wp-block-mac-h4-title-block block-txt-container box-container\"><div class=\"row\"><div class=\"col title-box-txt\"><h5 style=\"color:#212429;text-align:center\">Conozca la l\u00ednea de gaviones y colchones Maccaferri y la nueva tecnolog\u00eda PoliMac\u2122<\/h5><br><\/div><\/div><\/div><\/div><\/div><\/div><div class=\"wp-block-mac-container-block box-container\"><div class=\"wp-block-columns is-layout-flex wp-container-core-columns-is-layout-9d6595d7 wp-block-columns-is-layout-flex\"><div class=\"wp-block-column is-layout-flow wp-block-column-is-layout-flow\"><\/div><\/div><\/div><div class=\"wp-block-mac-container-block box-container\"><div class=\"wp-block-columns is-layout-flex wp-container-core-columns-is-layout-9d6595d7 wp-block-columns-is-layout-flex\"><div class=\"wp-block-column is-layout-flow wp-block-column-is-layout-flow\"><figure class=\"wp-block-gallery has-nested-images columns-default is-cropped wp-block-gallery-1 is-layout-flex wp-block-gallery-is-layout-flex\"><figure class=\"wp-block-image size-full\"><a href=\"https:\/\/www.maccaferri.com\/latam\/productos\/gaviones\/\"><img fetchpriority=\"high\" decoding=\"async\" width=\"300\" height=\"300\" data-id=\"11341\" src=\"https:\/\/www.maccaferri.com\/pe\/wp-content\/uploads\/2023\/03\/Gaviones-2.jpg\" alt=\"\" class=\"wp-image-11341\" srcset=\"https:\/\/www.maccaferri.com\/pe\/wp-content\/uploads\/2023\/03\/Gaviones-2.jpg 300w, https:\/\/www.maccaferri.com\/pe\/wp-content\/uploads\/2023\/03\/Gaviones-2-150x150.jpg 150w, https:\/\/www.maccaferri.com\/pe\/wp-content\/uploads\/2023\/03\/Gaviones-2-120x120.jpg 120w\" sizes=\"(max-width: 300px) 100vw, 300px\" \/><\/a><figcaption class=\"wp-element-caption\">Gavi\u00f3n<\/figcaption><\/figure>\n\n<figure class=\"wp-block-image size-full\"><a href=\"https:\/\/www.maccaferri.com\/latam\/productos\/colchon-reno-plus\/\"><img decoding=\"async\" width=\"300\" height=\"300\" data-id=\"11346\" src=\"https:\/\/www.maccaferri.com\/pe\/wp-content\/uploads\/2023\/03\/Colchon-reno-1.jpg\" alt=\"\" class=\"wp-image-11346\" srcset=\"https:\/\/www.maccaferri.com\/pe\/wp-content\/uploads\/2023\/03\/Colchon-reno-1.jpg 300w, https:\/\/www.maccaferri.com\/pe\/wp-content\/uploads\/2023\/03\/Colchon-reno-1-150x150.jpg 150w, https:\/\/www.maccaferri.com\/pe\/wp-content\/uploads\/2023\/03\/Colchon-reno-1-120x120.jpg 120w\" sizes=\"(max-width: 300px) 100vw, 300px\" \/><\/a><figcaption class=\"wp-element-caption\">Colch\u00f3n Reno<\/figcaption><\/figure><\/figure><\/div>\n\n<div class=\"wp-block-column is-layout-flow wp-block-column-is-layout-flow\"><figure class=\"wp-block-gallery has-nested-images columns-default is-cropped wp-block-gallery-2 is-layout-flex wp-block-gallery-is-layout-flex\"><figure class=\"wp-block-image size-full\"><a href=\"https:\/\/www.maccaferri.com\/pe\/productos\/terramesh\/\"><img decoding=\"async\" data-id=\"10149\" src=\"https:\/\/www.maccaferri.com\/br\/wp-content\/uploads\/2023\/02\/Terramesh.jpg\" alt=\"\" class=\"wp-image-10149\" \/><\/a><figcaption class=\"wp-element-caption\">Terramesh\u00ae System<\/figcaption><\/figure>\n\n<figure class=\"wp-block-image size-full\"><a href=\"https:\/\/www.maccaferri.com\/pe\/productos\/terramesh\/\"><img decoding=\"async\" width=\"300\" height=\"300\" data-id=\"11352\" src=\"https:\/\/www.maccaferri.com\/pe\/wp-content\/uploads\/2023\/03\/Terramesh-Verde-1.jpg\" alt=\"\" class=\"wp-image-11352\" srcset=\"https:\/\/www.maccaferri.com\/pe\/wp-content\/uploads\/2023\/03\/Terramesh-Verde-1.jpg 300w, https:\/\/www.maccaferri.com\/pe\/wp-content\/uploads\/2023\/03\/Terramesh-Verde-1-150x150.jpg 150w, https:\/\/www.maccaferri.com\/pe\/wp-content\/uploads\/2023\/03\/Terramesh-Verde-1-120x120.jpg 120w\" sizes=\"(max-width: 300px) 100vw, 300px\" \/><\/a><figcaption class=\"wp-element-caption\">Terramesh\u00ae Verde<\/figcaption><\/figure><\/figure><\/div><\/div><\/div><div class=\"wp-block-mac-container-block box-container\"><div class=\"wp-block-columns is-layout-flex wp-container-core-columns-is-layout-9d6595d7 wp-block-columns-is-layout-flex\"><div class=\"wp-block-column is-layout-flow wp-block-column-is-layout-flow\"><div class=\"wp-block-mac-container-block box-container\"><div class=\"wp-block-columns is-layout-flex wp-container-core-columns-is-layout-9d6595d7 wp-block-columns-is-layout-flex\"><div class=\"wp-block-column is-layout-flow wp-block-column-is-layout-flow\"><div class=\"wp-block-mac-h4-title-block block-txt-container box-container\"><div class=\"row\"><div class=\"col title-box-txt\"><h5 style=\"color:#212429;text-align:center\">\u00bfInteresado en aprender m\u00e1s? <br><br>Haga clic en el bot\u00f3n para descargar nuestro cat\u00e1logo sobre los gaviones y otras soluciones em malla hexagonal de doble torsi\u00f3n<\/h5><br><\/div><\/div><\/div><\/div><\/div><\/div><\/div><\/div><\/div><div class=\"wp-block-mac-container-block box-container\"><div class=\"wp-block-columns is-layout-flex wp-container-core-columns-is-layout-9d6595d7 wp-block-columns-is-layout-flex\"><div class=\"wp-block-column is-layout-flow wp-block-column-is-layout-flow\"><div class=\"wp-block-mac-banner-title-cta  box-container block-cta\" style=\"background:#015E6F\"><div class=\"container box-container\"><div class=\"row\"><div class=\"col-2 col-sm-2 col-md-2 col-lg-2 col-xl-2 col-xxl-2\"><div class=\"box-image\"><img decoding=\"async\" class=\"image\" src=\"https:\/\/www.maccaferri.com\/br\/wp-content\/uploads\/2022\/11\/img-banner-software.png\" alt=\"Image\" \/><\/div><\/div><div class=\"col-7 col-sm-7 col-md-7 col-lg-7 col-xl-7 col-xxl-7\"><div class=\"banner-box-txt\" style=\"text-align:default\"><h4 class=\"title\">Conozca m\u00e1s sobre el  PoliMac\u2122<\/h4><\/div><\/div><div class=\"col-3 col-sm-3 col-md-3 col-lg-3 col-xl-3 col-xxl-3\"><div class=\"button-box-txt\"><a href=\"https:\/\/www.maccaferri.com\/pe\/polimac\/\" target=\"_blank\" class=\"buttonurl\" rel=\"noopener\"><span class=\"buttontext\">Acceda<\/span><\/a><\/div><\/div><\/div><\/div><\/div><\/div><\/div><\/div><div class=\"wp-block-mac-container-block box-container\"><div class=\"wp-block-columns is-layout-flex wp-container-core-columns-is-layout-9d6595d7 wp-block-columns-is-layout-flex\"><div class=\"wp-block-column is-layout-flow wp-block-column-is-layout-flow\"><div class=\"wp-block-mac-container-block box-container\"><div class=\"wp-block-columns is-layout-flex wp-container-core-columns-is-layout-9d6595d7 wp-block-columns-is-layout-flex\"><div class=\"wp-block-column is-layout-flow wp-block-column-is-layout-flow\"><div class=\"wp-block-mac-h4-title-block block-txt-container box-container\"><div class=\"row\"><div class=\"col title-box-txt\"><h5 style=\"color:#212429;text-align:center\">Cont\u00e1ctenos para obtener todo el soporte en su pr\u00f3ximo dise\u00f1o de muro de gavi\u00f3n<\/h5><br><\/div><\/div><\/div><\/div><\/div><\/div><\/div><\/div><\/div><div class=\"wp-block-mac-container-block box-container\"><div class=\"wp-block-columns is-layout-flex wp-container-core-columns-is-layout-9d6595d7 wp-block-columns-is-layout-flex\"><div class=\"wp-block-column is-layout-flow wp-block-column-is-layout-flow\"><div class=\"container content-paragraph box-container\"><div class=\"row\"><div class=\"col-12 col-lg-12 col-xl-12 col-xxl-12\"><h6>Rellene el formulario para solicitar su Presupuesto \/ Asistencia t\u00e9cnica<\/h6><\/div><\/div><\/div>\n\n<\/div>\n\n<div class=\"wp-block-column is-layout-flow wp-block-column-is-layout-flow\"><div class=\"container content-paragraph box-container\"><div class=\"row\"><div class=\"col-12 col-lg-12 col-xl-12 col-xxl-12\"><h6>Cont\u00e1ctenos<\/h6><\/div><\/div><\/div>\n\n<div class=\"wp-block-buttons is-layout-flex wp-block-buttons-is-layout-flex\"><div class=\"wp-block-button aligncenter\"><a class=\"wp-block-button__link has-luminous-vivid-orange-background-color has-background wp-element-button\" href=\"https:\/\/walink.co\/09c0d2\"><img loading=\"lazy\" decoding=\"async\" width=\"1019\" height=\"1024\" class=\"wp-image-8889\" style=\"width: 15px\" src=\"https:\/\/www.maccaferri.com\/pe\/wp-content\/uploads\/2023\/02\/whatsapp-logo-1-1-1019x1024-2.png\" alt=\"\" srcset=\"https:\/\/www.maccaferri.com\/pe\/wp-content\/uploads\/2023\/02\/whatsapp-logo-1-1-1019x1024-2.png 1019w, https:\/\/www.maccaferri.com\/pe\/wp-content\/uploads\/2023\/02\/whatsapp-logo-1-1-1019x1024-2-300x300.png 300w, https:\/\/www.maccaferri.com\/pe\/wp-content\/uploads\/2023\/02\/whatsapp-logo-1-1-1019x1024-2-150x150.png 150w, https:\/\/www.maccaferri.com\/pe\/wp-content\/uploads\/2023\/02\/whatsapp-logo-1-1-1019x1024-2-768x772.png 768w, https:\/\/www.maccaferri.com\/pe\/wp-content\/uploads\/2023\/02\/whatsapp-logo-1-1-1019x1024-2-120x120.png 120w\" sizes=\"(max-width: 1019px) 100vw, 1019px\" \/> WHATSAPP: <strong>+51 968 218407<\/strong><\/a><\/div><\/div>\n\n<div class=\"wp-block-buttons is-content-justification-center is-layout-flex wp-container-core-buttons-is-layout-16018d1d wp-block-buttons-is-layout-flex\"><div class=\"wp-block-button\"><a class=\"wp-block-button__link wp-element-button\" href=\"tel:5112062600\">Tel\u00e9fonO: <strong>+51 1 2062600<\/strong><\/a><\/div><\/div>\n\n<div class=\"wp-block-buttons is-content-justification-center is-layout-flex wp-container-core-buttons-is-layout-16018d1d wp-block-buttons-is-layout-flex\"><div class=\"wp-block-button\"><a class=\"wp-block-button__link wp-element-button\" href=\"mailto:info.pe@maccaferri.com\">CORREO: <strong>info.PE@MACCAFERRI.COM<\/strong><\/a><\/div><\/div><\/div><\/div><\/div><div style=\"height:100px\" aria-hidden=\"true\" class=\"wp-block-spacer\"><\/div><div class=\"wp-block-mac-container-block box-container\"><div class=\"wp-block-columns is-layout-flex wp-container-core-columns-is-layout-9d6595d7 wp-block-columns-is-layout-flex\"><div class=\"wp-block-column is-layout-flow wp-block-column-is-layout-flow\"><div class=\"wp-block-mac-container-block box-container\"><div class=\"wp-block-columns is-layout-flex wp-container-core-columns-is-layout-9d6595d7 wp-block-columns-is-layout-flex\"><div class=\"wp-block-column is-layout-flow wp-block-column-is-layout-flow\"><div class=\"wp-block-mac-h4-title-block block-txt-container box-container\"><div class=\"row\"><div class=\"col title-box-txt\"><h5 style=\"color:#212429;text-align:center\">Encuentre nuestra unidad m\u00e1s cercana<\/h5><br><\/div><\/div><\/div><\/div><\/div><\/div><\/div><\/div><\/div><div class=\"wp-block-mac-container-block box-container\"><div class=\"wp-block-columns is-layout-flex wp-container-core-columns-is-layout-9d6595d7 wp-block-columns-is-layout-flex\"><div class=\"wp-block-column is-layout-flow wp-block-column-is-layout-flow\" style=\"flex-basis:250px\"><\/div>\n\n<div class=\"wp-block-column is-vertically-aligned-top is-layout-flow wp-block-column-is-layout-flow\"><\/p><\/div><\/div><\/div><div style=\"height:50px\" aria-hidden=\"true\" class=\"wp-block-spacer\"><\/div>","protected":false},"excerpt":{"rendered":"","protected":false},"author":20,"featured_media":0,"parent":0,"menu_order":0,"comment_status":"closed","ping_status":"closed","template":"","meta":{"_acf_changed":false,"_joinchat":[],"footnotes":""},"class_list":["post-8887","page","type-page","status-publish","hentry"],"acf":{"uuid_products":"","product-documents":""},"yoast_head":"<!-- This site is optimized with the Yoast SEO Premium plugin v27.0 (Yoast SEO v27.0) - https:\/\/yoast.com\/product\/yoast-seo-premium-wordpress\/ -->\n<title>Soluciones en Malla Doble Torsi\u00f3n | Maccaferri Per\u00fa<\/title>\n<meta name=\"description\" content=\"Soluciones Doble Torsi\u00f3n para proyectos de infraestructura en Per\u00fa, ofreciendo innovaci\u00f3n y eficiencia para obras geot\u00e9cnicas y civiles.\" \/>\n<meta name=\"robots\" content=\"index, follow, max-snippet:-1, max-image-preview:large, max-video-preview:-1\" \/>\n<link rel=\"canonical\" href=\"https:\/\/www.maccaferri.com\/pe\/soluciones_dt\/\" \/>\n<meta property=\"og:locale\" content=\"es_ES\" \/>\n<meta property=\"og:type\" content=\"article\" \/>\n<meta property=\"og:title\" content=\"Soluciones en Malla Doble Torsi\u00f3n | Maccaferri Per\u00fa\" \/>\n<meta property=\"og:description\" content=\"Soluciones Doble Torsi\u00f3n para proyectos de infraestructura en Per\u00fa, ofreciendo innovaci\u00f3n y eficiencia para obras geot\u00e9cnicas y civiles.\" \/>\n<meta property=\"og:url\" content=\"https:\/\/www.maccaferri.com\/pe\/soluciones_dt\/\" \/>\n<meta property=\"og:site_name\" content=\"Maccaferri Per\u00f9\" \/>\n<meta property=\"article:modified_time\" content=\"2025-03-19T00:17:45+00:00\" \/>\n<meta property=\"og:image\" content=\"https:\/\/www.maccaferri.com\/br\/wp-content\/uploads\/2022\/12\/Sustainability_Gabion_3.jpg\" \/>\n<meta name=\"twitter:card\" content=\"summary_large_image\" \/>\n<meta name=\"twitter:label1\" content=\"Est. reading time\" \/>\n\t<meta name=\"twitter:data1\" content=\"2 minutes\" \/>\n<script type=\"application\/ld+json\" class=\"yoast-schema-graph\">{\"@context\":\"https:\/\/schema.org\",\"@graph\":[{\"@type\":\"WebPage\",\"@id\":\"https:\/\/www.maccaferri.com\/pe\/soluciones_dt\/\",\"url\":\"https:\/\/www.maccaferri.com\/pe\/soluciones_dt\/\",\"name\":\"Soluciones en Malla Doble Torsi\u00f3n | Maccaferri Per\u00fa\",\"isPartOf\":{\"@id\":\"https:\/\/www.maccaferri.com\/pe\/#website\"},\"primaryImageOfPage\":{\"@id\":\"https:\/\/www.maccaferri.com\/pe\/soluciones_dt\/#primaryimage\"},\"image\":{\"@id\":\"https:\/\/www.maccaferri.com\/pe\/soluciones_dt\/#primaryimage\"},\"thumbnailUrl\":\"https:\/\/www.maccaferri.com\/br\/wp-content\/uploads\/2022\/12\/Sustainability_Gabion_3.jpg\",\"datePublished\":\"2023-02-15T19:57:30+00:00\",\"dateModified\":\"2025-03-19T00:17:45+00:00\",\"description\":\"Soluciones Doble Torsi\u00f3n para proyectos de infraestructura en Per\u00fa, ofreciendo innovaci\u00f3n y eficiencia para obras geot\u00e9cnicas y civiles.\",\"inLanguage\":\"es-ES\",\"potentialAction\":[{\"@type\":\"ReadAction\",\"target\":[\"https:\/\/www.maccaferri.com\/pe\/soluciones_dt\/\"]}]},{\"@type\":\"ImageObject\",\"inLanguage\":\"es-ES\",\"@id\":\"https:\/\/www.maccaferri.com\/pe\/soluciones_dt\/#primaryimage\",\"url\":\"https:\/\/www.maccaferri.com\/br\/wp-content\/uploads\/2022\/12\/Sustainability_Gabion_3.jpg\",\"contentUrl\":\"https:\/\/www.maccaferri.com\/br\/wp-content\/uploads\/2022\/12\/Sustainability_Gabion_3.jpg\"},{\"@type\":\"WebSite\",\"@id\":\"https:\/\/www.maccaferri.com\/pe\/#website\",\"url\":\"https:\/\/www.maccaferri.com\/pe\/\",\"name\":\"Maccaferri Per\u00f9\",\"description\":\"\",\"publisher\":{\"@id\":\"https:\/\/www.maccaferri.com\/pe\/#organization\"},\"potentialAction\":[{\"@type\":\"SearchAction\",\"target\":{\"@type\":\"EntryPoint\",\"urlTemplate\":\"https:\/\/www.maccaferri.com\/pe\/?s={search_term_string}\"},\"query-input\":{\"@type\":\"PropertyValueSpecification\",\"valueRequired\":true,\"valueName\":\"search_term_string\"}}],\"inLanguage\":\"es-ES\"},{\"@type\":\"Organization\",\"@id\":\"https:\/\/www.maccaferri.com\/pe\/#organization\",\"name\":\"Maccaferri Per\u00f9\",\"url\":\"https:\/\/www.maccaferri.com\/pe\/\",\"logo\":{\"@type\":\"ImageObject\",\"inLanguage\":\"es-ES\",\"@id\":\"https:\/\/www.maccaferri.com\/pe\/#\/schema\/logo\/image\/\",\"url\":\"https:\/\/www.maccaferri.com\/pe\/wp-content\/uploads\/2022\/07\/logo-maccaferri.png\",\"contentUrl\":\"https:\/\/www.maccaferri.com\/pe\/wp-content\/uploads\/2022\/07\/logo-maccaferri.png\",\"width\":152,\"height\":32,\"caption\":\"Maccaferri Per\u00f9\"},\"image\":{\"@id\":\"https:\/\/www.maccaferri.com\/pe\/#\/schema\/logo\/image\/\"}}]}<\/script>\n<!-- \/ Yoast SEO Premium plugin. -->","yoast_head_json":{"title":"Soluciones en Malla Doble Torsi\u00f3n | Maccaferri Per\u00fa","description":"Soluciones Doble Torsi\u00f3n para proyectos de infraestructura en Per\u00fa, ofreciendo innovaci\u00f3n y eficiencia para obras geot\u00e9cnicas y civiles.","robots":{"index":"index","follow":"follow","max-snippet":"max-snippet:-1","max-image-preview":"max-image-preview:large","max-video-preview":"max-video-preview:-1"},"canonical":"https:\/\/www.maccaferri.com\/pe\/soluciones_dt\/","og_locale":"es_ES","og_type":"article","og_title":"Soluciones en Malla Doble Torsi\u00f3n | Maccaferri Per\u00fa","og_description":"Soluciones Doble Torsi\u00f3n para proyectos de infraestructura en Per\u00fa, ofreciendo innovaci\u00f3n y eficiencia para obras geot\u00e9cnicas y civiles.","og_url":"https:\/\/www.maccaferri.com\/pe\/soluciones_dt\/","og_site_name":"Maccaferri Per\u00f9","article_modified_time":"2025-03-19T00:17:45+00:00","og_image":[{"url":"https:\/\/www.maccaferri.com\/br\/wp-content\/uploads\/2022\/12\/Sustainability_Gabion_3.jpg","type":"","width":"","height":""}],"twitter_card":"summary_large_image","twitter_misc":{"Est. reading time":"2 minutes"},"schema":{"@context":"https:\/\/schema.org","@graph":[{"@type":"WebPage","@id":"https:\/\/www.maccaferri.com\/pe\/soluciones_dt\/","url":"https:\/\/www.maccaferri.com\/pe\/soluciones_dt\/","name":"Soluciones en Malla Doble Torsi\u00f3n | Maccaferri Per\u00fa","isPartOf":{"@id":"https:\/\/www.maccaferri.com\/pe\/#website"},"primaryImageOfPage":{"@id":"https:\/\/www.maccaferri.com\/pe\/soluciones_dt\/#primaryimage"},"image":{"@id":"https:\/\/www.maccaferri.com\/pe\/soluciones_dt\/#primaryimage"},"thumbnailUrl":"https:\/\/www.maccaferri.com\/br\/wp-content\/uploads\/2022\/12\/Sustainability_Gabion_3.jpg","datePublished":"2023-02-15T19:57:30+00:00","dateModified":"2025-03-19T00:17:45+00:00","description":"Soluciones Doble Torsi\u00f3n para proyectos de infraestructura en Per\u00fa, ofreciendo innovaci\u00f3n y eficiencia para obras geot\u00e9cnicas y civiles.","inLanguage":"es-ES","potentialAction":[{"@type":"ReadAction","target":["https:\/\/www.maccaferri.com\/pe\/soluciones_dt\/"]}]},{"@type":"ImageObject","inLanguage":"es-ES","@id":"https:\/\/www.maccaferri.com\/pe\/soluciones_dt\/#primaryimage","url":"https:\/\/www.maccaferri.com\/br\/wp-content\/uploads\/2022\/12\/Sustainability_Gabion_3.jpg","contentUrl":"https:\/\/www.maccaferri.com\/br\/wp-content\/uploads\/2022\/12\/Sustainability_Gabion_3.jpg"},{"@type":"WebSite","@id":"https:\/\/www.maccaferri.com\/pe\/#website","url":"https:\/\/www.maccaferri.com\/pe\/","name":"Maccaferri Per\u00f9","description":"","publisher":{"@id":"https:\/\/www.maccaferri.com\/pe\/#organization"},"potentialAction":[{"@type":"SearchAction","target":{"@type":"EntryPoint","urlTemplate":"https:\/\/www.maccaferri.com\/pe\/?s={search_term_string}"},"query-input":{"@type":"PropertyValueSpecification","valueRequired":true,"valueName":"search_term_string"}}],"inLanguage":"es-ES"},{"@type":"Organization","@id":"https:\/\/www.maccaferri.com\/pe\/#organization","name":"Maccaferri Per\u00f9","url":"https:\/\/www.maccaferri.com\/pe\/","logo":{"@type":"ImageObject","inLanguage":"es-ES","@id":"https:\/\/www.maccaferri.com\/pe\/#\/schema\/logo\/image\/","url":"https:\/\/www.maccaferri.com\/pe\/wp-content\/uploads\/2022\/07\/logo-maccaferri.png","contentUrl":"https:\/\/www.maccaferri.com\/pe\/wp-content\/uploads\/2022\/07\/logo-maccaferri.png","width":152,"height":32,"caption":"Maccaferri Per\u00f9"},"image":{"@id":"https:\/\/www.maccaferri.com\/pe\/#\/schema\/logo\/image\/"}}]}},"_links":{"self":[{"href":"https:\/\/www.maccaferri.com\/pe\/wp-json\/wp\/v2\/pages\/8887","targetHints":{"allow":["GET"]}}],"collection":[{"href":"https:\/\/www.maccaferri.com\/pe\/wp-json\/wp\/v2\/pages"}],"about":[{"href":"https:\/\/www.maccaferri.com\/pe\/wp-json\/wp\/v2\/types\/page"}],"author":[{"embeddable":true,"href":"https:\/\/www.maccaferri.com\/pe\/wp-json\/wp\/v2\/users\/20"}],"replies":[{"embeddable":true,"href":"https:\/\/www.maccaferri.com\/pe\/wp-json\/wp\/v2\/comments?post=8887"}],"version-history":[{"count":32,"href":"https:\/\/www.maccaferri.com\/pe\/wp-json\/wp\/v2\/pages\/8887\/revisions"}],"predecessor-version":[{"id":91549,"href":"https:\/\/www.maccaferri.com\/pe\/wp-json\/wp\/v2\/pages\/8887\/revisions\/91549"}],"wp:attachment":[{"href":"https:\/\/www.maccaferri.com\/pe\/wp-json\/wp\/v2\/media?parent=8887"}],"curies":[{"name":"wp","href":"https:\/\/api.w.org\/{rel}","templated":true}]}}