{"id":71202,"date":"2024-05-29T14:38:27","date_gmt":"2024-05-29T12:38:27","guid":{"rendered":"https:\/\/www.maccaferri.com\/pe\/?page_id=71202"},"modified":"2024-05-29T14:38:38","modified_gmt":"2024-05-29T12:38:38","slug":"webinar-sistemas-de-proteccion-y-contencion-contra-caida-de-rocas-en-proyectos-viales","status":"publish","type":"page","link":"https:\/\/www.maccaferri.com\/pe\/webinar-sistemas-de-proteccion-y-contencion-contra-caida-de-rocas-en-proyectos-viales\/","title":{"rendered":"WEBINAR &#8211; Sistemas de protecci\u00f3n y contenci\u00f3n contra ca\u00edda de rocas en proyectos viales"},"content":{"rendered":"<div class=\"wp-block-mac-h1-title-hero-block container-fluid block-txt-container\" style=\"background:linear-gradient(180deg,rgb(1,94,111) 0%,rgb(0,72,87) 100%)\"><div class=\"row\"><div class=\"col\"><div class=\"gts__picture\"><img decoding=\"async\" src=\"https:\/\/www.maccaferri.com\/pe\/wp-content\/uploads\/2024\/05\/DJI_0105-scaled.jpg\" style=\"display:none\" \/><div class=\"gts__picture__image\" style=\"background-image:url(https:\/\/www.maccaferri.com\/pe\/wp-content\/uploads\/2024\/05\/DJI_0105-scaled.jpg)\"><\/div><\/div><div class=\"container box-container\"><div class=\"row\"><div class=\"col title-box-txt\"><h1 class=\"wp-block-mac-h1-title-hero-block\" style=\"color:#ffffff;text-align:none\">WEBINAR<\/h1><\/div><\/div><\/div><\/div><\/div><\/div><div class=\"wp-block-mac-h2-title-block block-txt-container box-container\"><div class=\"row\"><div class=\"col title-box-txt\"><h2 style=\"color:#212429;text-align:none\">Sistemas de protecci\u00f3n y contenci\u00f3n contra ca\u00edda de rocas en proyectos viales<\/h2><\/div><\/div><\/div><div class=\"wp-block-mac-container-block box-container\"><div class=\"wp-block-columns is-layout-flex wp-container-core-columns-is-layout-9d6595d7 wp-block-columns-is-layout-flex\"><div class=\"wp-block-column is-layout-flow wp-block-column-is-layout-flow\"><figure class=\"wp-block-embed is-type-video is-provider-vimeo wp-block-embed-vimeo\"><div class=\"wp-block-embed__wrapper\">\n<iframe src=\"https:\/\/player.vimeo.com\/video\/951511894?dnt=1&amp;app_id=122963\" width=\"640\" height=\"360\" frameborder=\"0\" allow=\"autoplay; fullscreen; picture-in-picture; clipboard-write\"><\/iframe>\n<\/div><\/figure><\/div><\/div><\/div>","protected":false},"excerpt":{"rendered":"","protected":false},"author":20,"featured_media":0,"parent":0,"menu_order":0,"comment_status":"closed","ping_status":"closed","template":"","meta":{"_acf_changed":false,"_joinchat":[],"footnotes":""},"class_list":["post-71202","page","type-page","status-publish","hentry"],"acf":{"uuid_products":"","product-documents":""},"yoast_head":"<!-- This site is optimized with the Yoast SEO Premium plugin v27.0 (Yoast SEO v27.0) - https:\/\/yoast.com\/product\/yoast-seo-premium-wordpress\/ -->\n<title>WEBINAR - Sistemas de protecci\u00f3n y contenci\u00f3n contra ca\u00edda de rocas en proyectos viales - Maccaferri Per\u00f9<\/title>\n<meta name=\"description\" content=\"WEBINAR  Sistemas de protecci\u00f3n y contenci\u00f3n contra ca\u00edda de rocas en proyectos viales    https:\/\/vimeo.com\/951511894?share=copy\" \/>\n<meta name=\"robots\" content=\"index, follow, max-snippet:-1, max-image-preview:large, max-video-preview:-1\" \/>\n<link rel=\"canonical\" href=\"https:\/\/www.maccaferri.com\/pe\/webinar-sistemas-de-proteccion-y-contencion-contra-caida-de-rocas-en-proyectos-viales\/\" \/>\n<meta property=\"og:locale\" content=\"es_ES\" \/>\n<meta property=\"og:type\" content=\"article\" \/>\n<meta property=\"og:title\" content=\"WEBINAR - Sistemas de protecci\u00f3n y contenci\u00f3n contra ca\u00edda de rocas en proyectos viales - Maccaferri Per\u00f9\" \/>\n<meta property=\"og:description\" content=\"WEBINAR  Sistemas de protecci\u00f3n y contenci\u00f3n contra ca\u00edda de rocas en proyectos viales    https:\/\/vimeo.com\/951511894?share=copy\" \/>\n<meta property=\"og:url\" content=\"https:\/\/www.maccaferri.com\/pe\/webinar-sistemas-de-proteccion-y-contencion-contra-caida-de-rocas-en-proyectos-viales\/\" \/>\n<meta property=\"og:site_name\" content=\"Maccaferri Per\u00f9\" \/>\n<meta property=\"article:modified_time\" content=\"2024-05-29T12:38:38+00:00\" \/>\n<meta property=\"og:image\" content=\"https:\/\/www.maccaferri.com\/pe\/wp-content\/uploads\/2024\/05\/DJI_0105-scaled.jpg\" \/>\n<meta name=\"twitter:card\" content=\"summary_large_image\" \/>\n<meta name=\"twitter:label1\" content=\"Est. reading time\" \/>\n\t<meta name=\"twitter:data1\" content=\"1 minute\" \/>\n<script type=\"application\/ld+json\" class=\"yoast-schema-graph\">{\"@context\":\"https:\/\/schema.org\",\"@graph\":[{\"@type\":\"WebPage\",\"@id\":\"https:\/\/www.maccaferri.com\/pe\/webinar-sistemas-de-proteccion-y-contencion-contra-caida-de-rocas-en-proyectos-viales\/\",\"url\":\"https:\/\/www.maccaferri.com\/pe\/webinar-sistemas-de-proteccion-y-contencion-contra-caida-de-rocas-en-proyectos-viales\/\",\"name\":\"WEBINAR - Sistemas de protecci\u00f3n y contenci\u00f3n contra ca\u00edda de rocas en proyectos viales - Maccaferri Per\u00f9\",\"isPartOf\":{\"@id\":\"https:\/\/www.maccaferri.com\/pe\/#website\"},\"primaryImageOfPage\":{\"@id\":\"https:\/\/www.maccaferri.com\/pe\/webinar-sistemas-de-proteccion-y-contencion-contra-caida-de-rocas-en-proyectos-viales\/#primaryimage\"},\"image\":{\"@id\":\"https:\/\/www.maccaferri.com\/pe\/webinar-sistemas-de-proteccion-y-contencion-contra-caida-de-rocas-en-proyectos-viales\/#primaryimage\"},\"thumbnailUrl\":\"https:\/\/www.maccaferri.com\/pe\/wp-content\/uploads\/2024\/05\/DJI_0105-scaled.jpg\",\"datePublished\":\"2024-05-29T12:38:27+00:00\",\"dateModified\":\"2024-05-29T12:38:38+00:00\",\"description\":\"WEBINAR Sistemas de protecci\u00f3n y contenci\u00f3n contra ca\u00edda de rocas en proyectos viales https:\/\/vimeo.com\/951511894?share=copy\",\"inLanguage\":\"es-ES\",\"potentialAction\":[{\"@type\":\"ReadAction\",\"target\":[\"https:\/\/www.maccaferri.com\/pe\/webinar-sistemas-de-proteccion-y-contencion-contra-caida-de-rocas-en-proyectos-viales\/\"]}]},{\"@type\":\"ImageObject\",\"inLanguage\":\"es-ES\",\"@id\":\"https:\/\/www.maccaferri.com\/pe\/webinar-sistemas-de-proteccion-y-contencion-contra-caida-de-rocas-en-proyectos-viales\/#primaryimage\",\"url\":\"https:\/\/www.maccaferri.com\/pe\/wp-content\/uploads\/2024\/05\/DJI_0105-scaled.jpg\",\"contentUrl\":\"https:\/\/www.maccaferri.com\/pe\/wp-content\/uploads\/2024\/05\/DJI_0105-scaled.jpg\",\"width\":2560,\"height\":1440,\"caption\":\"DCIM100MEDIADJI_0105.JPG\"},{\"@type\":\"WebSite\",\"@id\":\"https:\/\/www.maccaferri.com\/pe\/#website\",\"url\":\"https:\/\/www.maccaferri.com\/pe\/\",\"name\":\"Maccaferri Per\u00f9\",\"description\":\"\",\"publisher\":{\"@id\":\"https:\/\/www.maccaferri.com\/pe\/#organization\"},\"potentialAction\":[{\"@type\":\"SearchAction\",\"target\":{\"@type\":\"EntryPoint\",\"urlTemplate\":\"https:\/\/www.maccaferri.com\/pe\/?s={search_term_string}\"},\"query-input\":{\"@type\":\"PropertyValueSpecification\",\"valueRequired\":true,\"valueName\":\"search_term_string\"}}],\"inLanguage\":\"es-ES\"},{\"@type\":\"Organization\",\"@id\":\"https:\/\/www.maccaferri.com\/pe\/#organization\",\"name\":\"Maccaferri Per\u00f9\",\"url\":\"https:\/\/www.maccaferri.com\/pe\/\",\"logo\":{\"@type\":\"ImageObject\",\"inLanguage\":\"es-ES\",\"@id\":\"https:\/\/www.maccaferri.com\/pe\/#\/schema\/logo\/image\/\",\"url\":\"https:\/\/www.maccaferri.com\/pe\/wp-content\/uploads\/2022\/07\/logo-maccaferri.png\",\"contentUrl\":\"https:\/\/www.maccaferri.com\/pe\/wp-content\/uploads\/2022\/07\/logo-maccaferri.png\",\"width\":152,\"height\":32,\"caption\":\"Maccaferri Per\u00f9\"},\"image\":{\"@id\":\"https:\/\/www.maccaferri.com\/pe\/#\/schema\/logo\/image\/\"}}]}<\/script>\n<!-- \/ Yoast SEO Premium plugin. -->","yoast_head_json":{"title":"WEBINAR - Sistemas de protecci\u00f3n y contenci\u00f3n contra ca\u00edda de rocas en proyectos viales - Maccaferri Per\u00f9","description":"WEBINAR  Sistemas de protecci\u00f3n y contenci\u00f3n contra ca\u00edda de rocas en proyectos viales    https:\/\/vimeo.com\/951511894?share=copy","robots":{"index":"index","follow":"follow","max-snippet":"max-snippet:-1","max-image-preview":"max-image-preview:large","max-video-preview":"max-video-preview:-1"},"canonical":"https:\/\/www.maccaferri.com\/pe\/webinar-sistemas-de-proteccion-y-contencion-contra-caida-de-rocas-en-proyectos-viales\/","og_locale":"es_ES","og_type":"article","og_title":"WEBINAR - Sistemas de protecci\u00f3n y contenci\u00f3n contra ca\u00edda de rocas en proyectos viales - Maccaferri Per\u00f9","og_description":"WEBINAR  Sistemas de protecci\u00f3n y contenci\u00f3n contra ca\u00edda de rocas en proyectos viales    https:\/\/vimeo.com\/951511894?share=copy","og_url":"https:\/\/www.maccaferri.com\/pe\/webinar-sistemas-de-proteccion-y-contencion-contra-caida-de-rocas-en-proyectos-viales\/","og_site_name":"Maccaferri Per\u00f9","article_modified_time":"2024-05-29T12:38:38+00:00","og_image":[{"url":"https:\/\/www.maccaferri.com\/pe\/wp-content\/uploads\/2024\/05\/DJI_0105-scaled.jpg","type":"","width":"","height":""}],"twitter_card":"summary_large_image","twitter_misc":{"Est. reading time":"1 minute"},"schema":{"@context":"https:\/\/schema.org","@graph":[{"@type":"WebPage","@id":"https:\/\/www.maccaferri.com\/pe\/webinar-sistemas-de-proteccion-y-contencion-contra-caida-de-rocas-en-proyectos-viales\/","url":"https:\/\/www.maccaferri.com\/pe\/webinar-sistemas-de-proteccion-y-contencion-contra-caida-de-rocas-en-proyectos-viales\/","name":"WEBINAR - Sistemas de protecci\u00f3n y contenci\u00f3n contra ca\u00edda de rocas en proyectos viales - Maccaferri Per\u00f9","isPartOf":{"@id":"https:\/\/www.maccaferri.com\/pe\/#website"},"primaryImageOfPage":{"@id":"https:\/\/www.maccaferri.com\/pe\/webinar-sistemas-de-proteccion-y-contencion-contra-caida-de-rocas-en-proyectos-viales\/#primaryimage"},"image":{"@id":"https:\/\/www.maccaferri.com\/pe\/webinar-sistemas-de-proteccion-y-contencion-contra-caida-de-rocas-en-proyectos-viales\/#primaryimage"},"thumbnailUrl":"https:\/\/www.maccaferri.com\/pe\/wp-content\/uploads\/2024\/05\/DJI_0105-scaled.jpg","datePublished":"2024-05-29T12:38:27+00:00","dateModified":"2024-05-29T12:38:38+00:00","description":"WEBINAR Sistemas de protecci\u00f3n y contenci\u00f3n contra ca\u00edda de rocas en proyectos viales https:\/\/vimeo.com\/951511894?share=copy","inLanguage":"es-ES","potentialAction":[{"@type":"ReadAction","target":["https:\/\/www.maccaferri.com\/pe\/webinar-sistemas-de-proteccion-y-contencion-contra-caida-de-rocas-en-proyectos-viales\/"]}]},{"@type":"ImageObject","inLanguage":"es-ES","@id":"https:\/\/www.maccaferri.com\/pe\/webinar-sistemas-de-proteccion-y-contencion-contra-caida-de-rocas-en-proyectos-viales\/#primaryimage","url":"https:\/\/www.maccaferri.com\/pe\/wp-content\/uploads\/2024\/05\/DJI_0105-scaled.jpg","contentUrl":"https:\/\/www.maccaferri.com\/pe\/wp-content\/uploads\/2024\/05\/DJI_0105-scaled.jpg","width":2560,"height":1440,"caption":"DCIM100MEDIADJI_0105.JPG"},{"@type":"WebSite","@id":"https:\/\/www.maccaferri.com\/pe\/#website","url":"https:\/\/www.maccaferri.com\/pe\/","name":"Maccaferri Per\u00f9","description":"","publisher":{"@id":"https:\/\/www.maccaferri.com\/pe\/#organization"},"potentialAction":[{"@type":"SearchAction","target":{"@type":"EntryPoint","urlTemplate":"https:\/\/www.maccaferri.com\/pe\/?s={search_term_string}"},"query-input":{"@type":"PropertyValueSpecification","valueRequired":true,"valueName":"search_term_string"}}],"inLanguage":"es-ES"},{"@type":"Organization","@id":"https:\/\/www.maccaferri.com\/pe\/#organization","name":"Maccaferri Per\u00f9","url":"https:\/\/www.maccaferri.com\/pe\/","logo":{"@type":"ImageObject","inLanguage":"es-ES","@id":"https:\/\/www.maccaferri.com\/pe\/#\/schema\/logo\/image\/","url":"https:\/\/www.maccaferri.com\/pe\/wp-content\/uploads\/2022\/07\/logo-maccaferri.png","contentUrl":"https:\/\/www.maccaferri.com\/pe\/wp-content\/uploads\/2022\/07\/logo-maccaferri.png","width":152,"height":32,"caption":"Maccaferri Per\u00f9"},"image":{"@id":"https:\/\/www.maccaferri.com\/pe\/#\/schema\/logo\/image\/"}}]}},"_links":{"self":[{"href":"https:\/\/www.maccaferri.com\/pe\/wp-json\/wp\/v2\/pages\/71202","targetHints":{"allow":["GET"]}}],"collection":[{"href":"https:\/\/www.maccaferri.com\/pe\/wp-json\/wp\/v2\/pages"}],"about":[{"href":"https:\/\/www.maccaferri.com\/pe\/wp-json\/wp\/v2\/types\/page"}],"author":[{"embeddable":true,"href":"https:\/\/www.maccaferri.com\/pe\/wp-json\/wp\/v2\/users\/20"}],"replies":[{"embeddable":true,"href":"https:\/\/www.maccaferri.com\/pe\/wp-json\/wp\/v2\/comments?post=71202"}],"version-history":[{"count":1,"href":"https:\/\/www.maccaferri.com\/pe\/wp-json\/wp\/v2\/pages\/71202\/revisions"}],"predecessor-version":[{"id":71205,"href":"https:\/\/www.maccaferri.com\/pe\/wp-json\/wp\/v2\/pages\/71202\/revisions\/71205"}],"wp:attachment":[{"href":"https:\/\/www.maccaferri.com\/pe\/wp-json\/wp\/v2\/media?parent=71202"}],"curies":[{"name":"wp","href":"https:\/\/api.w.org\/{rel}","templated":true}]}}