{"id":62347,"date":"2024-03-26T21:53:56","date_gmt":"2024-03-26T20:53:56","guid":{"rendered":"https:\/\/www.maccaferri.com\/pe\/?page_id=62347"},"modified":"2024-03-26T21:54:05","modified_gmt":"2024-03-26T20:54:05","slug":"soluciones-de-mitigacion-y-prevencion-de-avalanchas-de-nieve","status":"publish","type":"page","link":"https:\/\/www.maccaferri.com\/pe\/soluciones-de-mitigacion-y-prevencion-de-avalanchas-de-nieve\/","title":{"rendered":"Soluciones de mitigaci\u00f3n y prevenci\u00f3n de avalanchas de nieve"},"content":{"rendered":"<div class=\"wp-block-mac-h1-title-hero-block container-fluid block-txt-container\" style=\"background:linear-gradient(180deg,rgb(1,94,111) 0%,rgb(0,72,87) 100%)\"><div class=\"row\"><div class=\"col\"><div class=\"gts__picture\"><img decoding=\"async\" src=\"https:\/\/www.maccaferri.com\/pe\/wp-content\/uploads\/2024\/03\/snow-avalanche-webinar-maccaferri-1.png\" style=\"display:none\" \/><div class=\"gts__picture__image\" style=\"background-image:url(https:\/\/www.maccaferri.com\/pe\/wp-content\/uploads\/2024\/03\/snow-avalanche-webinar-maccaferri-1.png)\"><\/div><\/div><div class=\"container box-container\"><div class=\"row\"><div class=\"col title-box-txt\"><h1 class=\"wp-block-mac-h1-title-hero-block\" style=\"color:#ffffff;text-align:none\">WEBINAR<\/h1><\/div><\/div><\/div><\/div><\/div><\/div><div class=\"wp-block-mac-h2-title-block block-txt-container box-container\"><div class=\"row\"><div class=\"col title-box-txt\"><h2 style=\"color:#212429;text-align:none\">Soluciones de mitigaci\u00f3n y prevenci\u00f3n de avalanchas de nieve<\/h2><\/div><\/div><\/div><div class=\"wp-block-mac-container-block box-container\"><div class=\"wp-block-columns is-layout-flex wp-container-core-columns-is-layout-9d6595d7 wp-block-columns-is-layout-flex\"><div class=\"wp-block-column is-layout-flow wp-block-column-is-layout-flow\"><figure class=\"wp-block-video\"><video controls controlslist=\"nodownload\" src=\"https:\/\/www.maccaferri.com\/wp-content\/uploads\/2023\/10\/Snow-avalanche-mitigation_-Innovation-for-safety-Live-2.mp4\"><\/video><\/figure><\/div><\/div><\/div><div class=\"content-document-dowload\">\n    <div class=\"container-fluid box-container\">\n        <div class=\"row\">\n            <div class=\"col-12\">\n            <h2>Descargar los documentos<\/h2>\n            <\/div>\n        <\/div>\n    <\/div>\n    <div class=\"content-fluid has-white-background-color has-background\"><div class=\"content-document-dowload box-container\"><ul><li><a href=\"https:\/\/www.maccaferri.com\/pe\/download\/snow-avalanche-safety-maccaferri-webinar-eng\/\" target=\"_blank\" title=\"Snow-Avalanche-Safety-Maccaferri-Webinar-ENG\">Snow-Avalanche-Safety-Maccaferri-Webinar-ENG<\/a><a href=\"#\" target=\"_blank\" class=\"btn-dowload btn-file-download\" data-id-file=\"62344\" data-cat-file=\"default\" data-bs-toggle=\"tooltip\" data-bs-placement=\"top\" title=\"Snow-Avalanche-Safety-Maccaferri-Webinar-ENG\"><span class=\"material-symbols-outlined download\">sim_card_download<\/span><\/a><\/li><\/ul><\/div><\/div><\/div>\n\n<script type=\"text\/javascript\">\n    jQuery('.btn-file-download').click(function(e) {\n        e.preventDefault();\n        let idFile = jQuery(this).data('id-file');\n        window.open('https:\/\/www.maccaferri.com\/pe\/?wpdmdl=' + idFile);\n        return false;\n    });\n    \/\/tooltip\n    var tooltipTriggerList = [].slice.call(document.querySelectorAll('[data-bs-toggle=\"tooltip\"]'))\n    var tooltipList = tooltipTriggerList.map(function(tooltipTriggerEl) {\n        return new bootstrap.Tooltip(tooltipTriggerEl)\n    })\n<\/script>","protected":false},"excerpt":{"rendered":"","protected":false},"author":20,"featured_media":0,"parent":0,"menu_order":0,"comment_status":"closed","ping_status":"closed","template":"","meta":{"_acf_changed":false,"_joinchat":[],"footnotes":""},"class_list":["post-62347","page","type-page","status-publish","hentry"],"acf":{"uuid_products":"","product-documents":[62344]},"yoast_head":"<!-- This site is optimized with the Yoast SEO Premium plugin v27.0 (Yoast SEO v27.0) - https:\/\/yoast.com\/product\/yoast-seo-premium-wordpress\/ -->\n<title>Soluciones de mitigaci\u00f3n y prevenci\u00f3n de avalanchas de nieve - Maccaferri Per\u00f9<\/title>\n<meta name=\"description\" content=\"WEBINAR  Soluciones de mitigaci\u00f3n y prevenci\u00f3n de avalanchas de nieve\" \/>\n<meta name=\"robots\" content=\"index, follow, max-snippet:-1, max-image-preview:large, max-video-preview:-1\" \/>\n<link rel=\"canonical\" href=\"https:\/\/www.maccaferri.com\/pe\/soluciones-de-mitigacion-y-prevencion-de-avalanchas-de-nieve\/\" \/>\n<meta property=\"og:locale\" content=\"es_ES\" \/>\n<meta property=\"og:type\" content=\"article\" \/>\n<meta property=\"og:title\" content=\"Soluciones de mitigaci\u00f3n y prevenci\u00f3n de avalanchas de nieve - Maccaferri Per\u00f9\" \/>\n<meta property=\"og:description\" content=\"WEBINAR  Soluciones de mitigaci\u00f3n y prevenci\u00f3n de avalanchas de nieve\" \/>\n<meta property=\"og:url\" content=\"https:\/\/www.maccaferri.com\/pe\/soluciones-de-mitigacion-y-prevencion-de-avalanchas-de-nieve\/\" \/>\n<meta property=\"og:site_name\" content=\"Maccaferri Per\u00f9\" \/>\n<meta property=\"article:modified_time\" content=\"2024-03-26T20:54:05+00:00\" \/>\n<meta property=\"og:image\" content=\"https:\/\/www.maccaferri.com\/pe\/wp-content\/uploads\/2024\/03\/snow-avalanche-webinar-maccaferri-1.png\" \/>\n<meta name=\"twitter:card\" content=\"summary_large_image\" \/>\n<meta name=\"twitter:label1\" content=\"Est. reading time\" \/>\n\t<meta name=\"twitter:data1\" content=\"1 minute\" \/>\n<script type=\"application\/ld+json\" class=\"yoast-schema-graph\">{\"@context\":\"https:\/\/schema.org\",\"@graph\":[{\"@type\":\"WebPage\",\"@id\":\"https:\/\/www.maccaferri.com\/pe\/soluciones-de-mitigacion-y-prevencion-de-avalanchas-de-nieve\/\",\"url\":\"https:\/\/www.maccaferri.com\/pe\/soluciones-de-mitigacion-y-prevencion-de-avalanchas-de-nieve\/\",\"name\":\"Soluciones de mitigaci\u00f3n y prevenci\u00f3n de avalanchas de nieve - Maccaferri Per\u00f9\",\"isPartOf\":{\"@id\":\"https:\/\/www.maccaferri.com\/pe\/#website\"},\"primaryImageOfPage\":{\"@id\":\"https:\/\/www.maccaferri.com\/pe\/soluciones-de-mitigacion-y-prevencion-de-avalanchas-de-nieve\/#primaryimage\"},\"image\":{\"@id\":\"https:\/\/www.maccaferri.com\/pe\/soluciones-de-mitigacion-y-prevencion-de-avalanchas-de-nieve\/#primaryimage\"},\"thumbnailUrl\":\"https:\/\/www.maccaferri.com\/pe\/wp-content\/uploads\/2024\/03\/snow-avalanche-webinar-maccaferri-1.png\",\"datePublished\":\"2024-03-26T20:53:56+00:00\",\"dateModified\":\"2024-03-26T20:54:05+00:00\",\"description\":\"WEBINAR Soluciones de mitigaci\u00f3n y prevenci\u00f3n de avalanchas de nieve\",\"inLanguage\":\"es-ES\",\"potentialAction\":[{\"@type\":\"ReadAction\",\"target\":[\"https:\/\/www.maccaferri.com\/pe\/soluciones-de-mitigacion-y-prevencion-de-avalanchas-de-nieve\/\"]}]},{\"@type\":\"ImageObject\",\"inLanguage\":\"es-ES\",\"@id\":\"https:\/\/www.maccaferri.com\/pe\/soluciones-de-mitigacion-y-prevencion-de-avalanchas-de-nieve\/#primaryimage\",\"url\":\"https:\/\/www.maccaferri.com\/pe\/wp-content\/uploads\/2024\/03\/snow-avalanche-webinar-maccaferri-1.png\",\"contentUrl\":\"https:\/\/www.maccaferri.com\/pe\/wp-content\/uploads\/2024\/03\/snow-avalanche-webinar-maccaferri-1.png\",\"width\":1200,\"height\":630},{\"@type\":\"WebSite\",\"@id\":\"https:\/\/www.maccaferri.com\/pe\/#website\",\"url\":\"https:\/\/www.maccaferri.com\/pe\/\",\"name\":\"Maccaferri Per\u00f9\",\"description\":\"\",\"publisher\":{\"@id\":\"https:\/\/www.maccaferri.com\/pe\/#organization\"},\"potentialAction\":[{\"@type\":\"SearchAction\",\"target\":{\"@type\":\"EntryPoint\",\"urlTemplate\":\"https:\/\/www.maccaferri.com\/pe\/?s={search_term_string}\"},\"query-input\":{\"@type\":\"PropertyValueSpecification\",\"valueRequired\":true,\"valueName\":\"search_term_string\"}}],\"inLanguage\":\"es-ES\"},{\"@type\":\"Organization\",\"@id\":\"https:\/\/www.maccaferri.com\/pe\/#organization\",\"name\":\"Maccaferri Per\u00f9\",\"url\":\"https:\/\/www.maccaferri.com\/pe\/\",\"logo\":{\"@type\":\"ImageObject\",\"inLanguage\":\"es-ES\",\"@id\":\"https:\/\/www.maccaferri.com\/pe\/#\/schema\/logo\/image\/\",\"url\":\"https:\/\/www.maccaferri.com\/pe\/wp-content\/uploads\/2022\/07\/logo-maccaferri.png\",\"contentUrl\":\"https:\/\/www.maccaferri.com\/pe\/wp-content\/uploads\/2022\/07\/logo-maccaferri.png\",\"width\":152,\"height\":32,\"caption\":\"Maccaferri Per\u00f9\"},\"image\":{\"@id\":\"https:\/\/www.maccaferri.com\/pe\/#\/schema\/logo\/image\/\"}}]}<\/script>\n<!-- \/ Yoast SEO Premium plugin. -->","yoast_head_json":{"title":"Soluciones de mitigaci\u00f3n y prevenci\u00f3n de avalanchas de nieve - Maccaferri Per\u00f9","description":"WEBINAR  Soluciones de mitigaci\u00f3n y prevenci\u00f3n de avalanchas de nieve","robots":{"index":"index","follow":"follow","max-snippet":"max-snippet:-1","max-image-preview":"max-image-preview:large","max-video-preview":"max-video-preview:-1"},"canonical":"https:\/\/www.maccaferri.com\/pe\/soluciones-de-mitigacion-y-prevencion-de-avalanchas-de-nieve\/","og_locale":"es_ES","og_type":"article","og_title":"Soluciones de mitigaci\u00f3n y prevenci\u00f3n de avalanchas de nieve - Maccaferri Per\u00f9","og_description":"WEBINAR  Soluciones de mitigaci\u00f3n y prevenci\u00f3n de avalanchas de nieve","og_url":"https:\/\/www.maccaferri.com\/pe\/soluciones-de-mitigacion-y-prevencion-de-avalanchas-de-nieve\/","og_site_name":"Maccaferri Per\u00f9","article_modified_time":"2024-03-26T20:54:05+00:00","og_image":[{"url":"https:\/\/www.maccaferri.com\/pe\/wp-content\/uploads\/2024\/03\/snow-avalanche-webinar-maccaferri-1.png","type":"","width":"","height":""}],"twitter_card":"summary_large_image","twitter_misc":{"Est. reading time":"1 minute"},"schema":{"@context":"https:\/\/schema.org","@graph":[{"@type":"WebPage","@id":"https:\/\/www.maccaferri.com\/pe\/soluciones-de-mitigacion-y-prevencion-de-avalanchas-de-nieve\/","url":"https:\/\/www.maccaferri.com\/pe\/soluciones-de-mitigacion-y-prevencion-de-avalanchas-de-nieve\/","name":"Soluciones de mitigaci\u00f3n y prevenci\u00f3n de avalanchas de nieve - Maccaferri Per\u00f9","isPartOf":{"@id":"https:\/\/www.maccaferri.com\/pe\/#website"},"primaryImageOfPage":{"@id":"https:\/\/www.maccaferri.com\/pe\/soluciones-de-mitigacion-y-prevencion-de-avalanchas-de-nieve\/#primaryimage"},"image":{"@id":"https:\/\/www.maccaferri.com\/pe\/soluciones-de-mitigacion-y-prevencion-de-avalanchas-de-nieve\/#primaryimage"},"thumbnailUrl":"https:\/\/www.maccaferri.com\/pe\/wp-content\/uploads\/2024\/03\/snow-avalanche-webinar-maccaferri-1.png","datePublished":"2024-03-26T20:53:56+00:00","dateModified":"2024-03-26T20:54:05+00:00","description":"WEBINAR Soluciones de mitigaci\u00f3n y prevenci\u00f3n de avalanchas de nieve","inLanguage":"es-ES","potentialAction":[{"@type":"ReadAction","target":["https:\/\/www.maccaferri.com\/pe\/soluciones-de-mitigacion-y-prevencion-de-avalanchas-de-nieve\/"]}]},{"@type":"ImageObject","inLanguage":"es-ES","@id":"https:\/\/www.maccaferri.com\/pe\/soluciones-de-mitigacion-y-prevencion-de-avalanchas-de-nieve\/#primaryimage","url":"https:\/\/www.maccaferri.com\/pe\/wp-content\/uploads\/2024\/03\/snow-avalanche-webinar-maccaferri-1.png","contentUrl":"https:\/\/www.maccaferri.com\/pe\/wp-content\/uploads\/2024\/03\/snow-avalanche-webinar-maccaferri-1.png","width":1200,"height":630},{"@type":"WebSite","@id":"https:\/\/www.maccaferri.com\/pe\/#website","url":"https:\/\/www.maccaferri.com\/pe\/","name":"Maccaferri Per\u00f9","description":"","publisher":{"@id":"https:\/\/www.maccaferri.com\/pe\/#organization"},"potentialAction":[{"@type":"SearchAction","target":{"@type":"EntryPoint","urlTemplate":"https:\/\/www.maccaferri.com\/pe\/?s={search_term_string}"},"query-input":{"@type":"PropertyValueSpecification","valueRequired":true,"valueName":"search_term_string"}}],"inLanguage":"es-ES"},{"@type":"Organization","@id":"https:\/\/www.maccaferri.com\/pe\/#organization","name":"Maccaferri Per\u00f9","url":"https:\/\/www.maccaferri.com\/pe\/","logo":{"@type":"ImageObject","inLanguage":"es-ES","@id":"https:\/\/www.maccaferri.com\/pe\/#\/schema\/logo\/image\/","url":"https:\/\/www.maccaferri.com\/pe\/wp-content\/uploads\/2022\/07\/logo-maccaferri.png","contentUrl":"https:\/\/www.maccaferri.com\/pe\/wp-content\/uploads\/2022\/07\/logo-maccaferri.png","width":152,"height":32,"caption":"Maccaferri Per\u00f9"},"image":{"@id":"https:\/\/www.maccaferri.com\/pe\/#\/schema\/logo\/image\/"}}]}},"_links":{"self":[{"href":"https:\/\/www.maccaferri.com\/pe\/wp-json\/wp\/v2\/pages\/62347","targetHints":{"allow":["GET"]}}],"collection":[{"href":"https:\/\/www.maccaferri.com\/pe\/wp-json\/wp\/v2\/pages"}],"about":[{"href":"https:\/\/www.maccaferri.com\/pe\/wp-json\/wp\/v2\/types\/page"}],"author":[{"embeddable":true,"href":"https:\/\/www.maccaferri.com\/pe\/wp-json\/wp\/v2\/users\/20"}],"replies":[{"embeddable":true,"href":"https:\/\/www.maccaferri.com\/pe\/wp-json\/wp\/v2\/comments?post=62347"}],"version-history":[{"count":1,"href":"https:\/\/www.maccaferri.com\/pe\/wp-json\/wp\/v2\/pages\/62347\/revisions"}],"predecessor-version":[{"id":62350,"href":"https:\/\/www.maccaferri.com\/pe\/wp-json\/wp\/v2\/pages\/62347\/revisions\/62350"}],"acf:post":[{"embeddable":true,"href":"https:\/\/www.maccaferri.com\/pe\/wp-json\/wp\/v2\/wpdmpro\/62344"}],"wp:attachment":[{"href":"https:\/\/www.maccaferri.com\/pe\/wp-json\/wp\/v2\/media?parent=62347"}],"curies":[{"name":"wp","href":"https:\/\/api.w.org\/{rel}","templated":true}]}}