{"id":39349,"date":"2023-06-27T21:24:47","date_gmt":"2023-06-27T19:24:47","guid":{"rendered":"https:\/\/www.maccaferri.com\/pe\/?page_id=39349"},"modified":"2025-03-18T03:59:31","modified_gmt":"2025-03-18T02:59:31","slug":"workshop-web-dmetodos-de-confiabilidad-geotecnica-y-medidas-de-estabilizacion-en-taludes-mineros","status":"publish","type":"page","link":"https:\/\/www.maccaferri.com\/pe\/workshop-web-dmetodos-de-confiabilidad-geotecnica-y-medidas-de-estabilizacion-en-taludes-mineros\/","title":{"rendered":"WORKSHOP WEB &#8211; DM\u00e9todos de confiabilidad geot\u00e9cnica y medidas de estabilizaci\u00f3n en taludes mineros"},"content":{"rendered":"<div class=\"wp-block-mac-h1-title-hero-block container-fluid block-txt-container\" style=\"background:linear-gradient(180deg,rgb(1,94,111) 0%,rgb(0,72,87) 100%)\"><div class=\"row\"><div class=\"col\"><div class=\"gts__picture\"><img decoding=\"async\" src=\"https:\/\/www.maccaferri.com\/pe\/wp-content\/uploads\/2023\/06\/Metodos-de-confiabilidad-geotecnica-y-medidas-de-estabilizacion-en-taludes-mineros-scaled.jpg\" style=\"display:none\" \/><div class=\"gts__picture__image\" style=\"background-image:url(https:\/\/www.maccaferri.com\/pe\/wp-content\/uploads\/2023\/06\/Metodos-de-confiabilidad-geotecnica-y-medidas-de-estabilizacion-en-taludes-mineros-scaled.jpg)\"><\/div><\/div><div class=\"container box-container\"><div class=\"row\"><div class=\"col title-box-txt\"><h1 class=\"wp-block-mac-h1-title-hero-block\" style=\"color:#ffffff;text-align:none\">WORKSHOP WEB<\/h1><\/div><\/div><\/div><\/div><\/div><\/div><div class=\"wp-block-mac-h2-title-block block-txt-container box-container\"><div class=\"row\"><div class=\"col title-box-txt\"><h2 style=\"color:#212429;text-align:none\">M\u00e9todos de confiabilidad geot\u00e9cnica y medidas de estabilizaci\u00f3n en taludes mineros<\/h2><\/div><\/div><\/div><div class=\"wp-block-mac-container-block box-container\"><div class=\"wp-block-columns is-layout-flex wp-container-core-columns-is-layout-9d6595d7 wp-block-columns-is-layout-flex\"><div class=\"wp-block-column is-layout-flow wp-block-column-is-layout-flow\"><figure class=\"wp-block-embed is-type-video is-provider-vimeo wp-block-embed-vimeo wp-embed-aspect-16-9 wp-has-aspect-ratio\"><div class=\"wp-block-embed__wrapper\">\nhttps:\/\/vimeo.com\/644426560\n<\/div><\/figure><\/div><\/div><\/div><div class=\"content-document-dowload\">\n    <div class=\"container-fluid box-container\">\n        <div class=\"row\">\n            <div class=\"col-12\">\n            <h2>Descargar los documentos<\/h2>\n            <\/div>\n        <\/div>\n    <\/div>\n    <div class=\"content-fluid has-white-background-color has-background\"><div class=\"content-document-dowload box-container\"><ul><li><a href=\"https:\/\/www.maccaferri.com\/pe\/download\/slides-medidas-de-estabilizacion-en-taludes-mineros\/\" target=\"_blank\" title=\"SLIDES - Medidas de Estabilizaci\u00f3n en Taludes Mineros\">SLIDES &#8211; Medidas de Estabilizaci\u00f3n en Taludes Mineros<\/a><a href=\"https:\/\/www.maccaferri.com\/pe\/dashboard\" class=\"btn-dowload\" data-bs-toggle=\"tooltip\" data-bs-placement=\"top\" title=\"SLIDES - Medidas de Estabilizaci\u00f3n en Taludes Mineros\"><span class=\"material-symbols-outlined download\">sim_card_download<\/span><\/a><\/li><\/ul><\/div><\/div><\/div>\n\n<script type=\"text\/javascript\">\n    jQuery('.btn-file-download').click(function(e) {\n        e.preventDefault();\n        let idFile = jQuery(this).data('id-file');\n        window.open('https:\/\/www.maccaferri.com\/pe\/?wpdmdl=' + idFile);\n        return false;\n    });\n    \/\/tooltip\n    var tooltipTriggerList = [].slice.call(document.querySelectorAll('[data-bs-toggle=\"tooltip\"]'))\n    var tooltipList = tooltipTriggerList.map(function(tooltipTriggerEl) {\n        return new bootstrap.Tooltip(tooltipTriggerEl)\n    })\n<\/script>","protected":false},"excerpt":{"rendered":"","protected":false},"author":20,"featured_media":0,"parent":0,"menu_order":0,"comment_status":"closed","ping_status":"closed","template":"","meta":{"_acf_changed":false,"_joinchat":[],"footnotes":""},"class_list":["post-39349","page","type-page","status-publish","hentry"],"acf":{"uuid_products":"","product-documents":[39351]},"yoast_head":"<!-- This site is optimized with the Yoast SEO Premium plugin v27.0 (Yoast SEO v27.0) - https:\/\/yoast.com\/product\/yoast-seo-premium-wordpress\/ -->\n<title>M\u00e9todos de Confiabilidad Geot\u00e9cnica en Taludes | Workshop Per\u00fa<\/title>\n<meta name=\"description\" content=\"Participa en el Workshop De M\u00e9todos de Maccaferri en Per\u00fa sobre confiabilidad geot\u00e9cnica y estabilizaci\u00f3n de taludes mineros.\" \/>\n<meta name=\"robots\" content=\"index, follow, max-snippet:-1, max-image-preview:large, max-video-preview:-1\" \/>\n<link rel=\"canonical\" href=\"https:\/\/www.maccaferri.com\/pe\/workshop-web-dmetodos-de-confiabilidad-geotecnica-y-medidas-de-estabilizacion-en-taludes-mineros\/\" \/>\n<meta property=\"og:locale\" content=\"es_ES\" \/>\n<meta property=\"og:type\" content=\"article\" \/>\n<meta property=\"og:title\" content=\"M\u00e9todos de Confiabilidad Geot\u00e9cnica en Taludes | Workshop Per\u00fa\" \/>\n<meta property=\"og:description\" content=\"Participa en el Workshop De M\u00e9todos de Maccaferri en Per\u00fa sobre confiabilidad geot\u00e9cnica y estabilizaci\u00f3n de taludes mineros.\" \/>\n<meta property=\"og:url\" content=\"https:\/\/www.maccaferri.com\/pe\/workshop-web-dmetodos-de-confiabilidad-geotecnica-y-medidas-de-estabilizacion-en-taludes-mineros\/\" \/>\n<meta property=\"og:site_name\" content=\"Maccaferri Per\u00f9\" \/>\n<meta property=\"article:modified_time\" content=\"2025-03-18T02:59:31+00:00\" \/>\n<meta property=\"og:image\" content=\"https:\/\/www.maccaferri.com\/pe\/wp-content\/uploads\/2023\/06\/Metodos-de-confiabilidad-geotecnica-y-medidas-de-estabilizacion-en-taludes-mineros-scaled.jpg\" \/>\n<meta name=\"twitter:card\" content=\"summary_large_image\" \/>\n<meta name=\"twitter:label1\" content=\"Est. reading time\" \/>\n\t<meta name=\"twitter:data1\" content=\"1 minute\" \/>\n<script type=\"application\/ld+json\" class=\"yoast-schema-graph\">{\"@context\":\"https:\/\/schema.org\",\"@graph\":[{\"@type\":\"WebPage\",\"@id\":\"https:\/\/www.maccaferri.com\/pe\/workshop-web-dmetodos-de-confiabilidad-geotecnica-y-medidas-de-estabilizacion-en-taludes-mineros\/\",\"url\":\"https:\/\/www.maccaferri.com\/pe\/workshop-web-dmetodos-de-confiabilidad-geotecnica-y-medidas-de-estabilizacion-en-taludes-mineros\/\",\"name\":\"M\u00e9todos de Confiabilidad Geot\u00e9cnica en Taludes | Workshop Per\u00fa\",\"isPartOf\":{\"@id\":\"https:\/\/www.maccaferri.com\/pe\/#website\"},\"primaryImageOfPage\":{\"@id\":\"https:\/\/www.maccaferri.com\/pe\/workshop-web-dmetodos-de-confiabilidad-geotecnica-y-medidas-de-estabilizacion-en-taludes-mineros\/#primaryimage\"},\"image\":{\"@id\":\"https:\/\/www.maccaferri.com\/pe\/workshop-web-dmetodos-de-confiabilidad-geotecnica-y-medidas-de-estabilizacion-en-taludes-mineros\/#primaryimage\"},\"thumbnailUrl\":\"https:\/\/www.maccaferri.com\/pe\/wp-content\/uploads\/2023\/06\/Metodos-de-confiabilidad-geotecnica-y-medidas-de-estabilizacion-en-taludes-mineros-scaled.jpg\",\"datePublished\":\"2023-06-27T19:24:47+00:00\",\"dateModified\":\"2025-03-18T02:59:31+00:00\",\"description\":\"Participa en el Workshop De M\u00e9todos de Maccaferri en Per\u00fa sobre confiabilidad geot\u00e9cnica y estabilizaci\u00f3n de taludes mineros.\",\"inLanguage\":\"es-ES\",\"potentialAction\":[{\"@type\":\"ReadAction\",\"target\":[\"https:\/\/www.maccaferri.com\/pe\/workshop-web-dmetodos-de-confiabilidad-geotecnica-y-medidas-de-estabilizacion-en-taludes-mineros\/\"]}]},{\"@type\":\"ImageObject\",\"inLanguage\":\"es-ES\",\"@id\":\"https:\/\/www.maccaferri.com\/pe\/workshop-web-dmetodos-de-confiabilidad-geotecnica-y-medidas-de-estabilizacion-en-taludes-mineros\/#primaryimage\",\"url\":\"https:\/\/www.maccaferri.com\/pe\/wp-content\/uploads\/2023\/06\/Metodos-de-confiabilidad-geotecnica-y-medidas-de-estabilizacion-en-taludes-mineros-scaled.jpg\",\"contentUrl\":\"https:\/\/www.maccaferri.com\/pe\/wp-content\/uploads\/2023\/06\/Metodos-de-confiabilidad-geotecnica-y-medidas-de-estabilizacion-en-taludes-mineros-scaled.jpg\",\"width\":2560,\"height\":1920},{\"@type\":\"WebSite\",\"@id\":\"https:\/\/www.maccaferri.com\/pe\/#website\",\"url\":\"https:\/\/www.maccaferri.com\/pe\/\",\"name\":\"Maccaferri Per\u00f9\",\"description\":\"\",\"publisher\":{\"@id\":\"https:\/\/www.maccaferri.com\/pe\/#organization\"},\"potentialAction\":[{\"@type\":\"SearchAction\",\"target\":{\"@type\":\"EntryPoint\",\"urlTemplate\":\"https:\/\/www.maccaferri.com\/pe\/?s={search_term_string}\"},\"query-input\":{\"@type\":\"PropertyValueSpecification\",\"valueRequired\":true,\"valueName\":\"search_term_string\"}}],\"inLanguage\":\"es-ES\"},{\"@type\":\"Organization\",\"@id\":\"https:\/\/www.maccaferri.com\/pe\/#organization\",\"name\":\"Maccaferri Per\u00f9\",\"url\":\"https:\/\/www.maccaferri.com\/pe\/\",\"logo\":{\"@type\":\"ImageObject\",\"inLanguage\":\"es-ES\",\"@id\":\"https:\/\/www.maccaferri.com\/pe\/#\/schema\/logo\/image\/\",\"url\":\"https:\/\/www.maccaferri.com\/pe\/wp-content\/uploads\/2022\/07\/logo-maccaferri.png\",\"contentUrl\":\"https:\/\/www.maccaferri.com\/pe\/wp-content\/uploads\/2022\/07\/logo-maccaferri.png\",\"width\":152,\"height\":32,\"caption\":\"Maccaferri Per\u00f9\"},\"image\":{\"@id\":\"https:\/\/www.maccaferri.com\/pe\/#\/schema\/logo\/image\/\"}}]}<\/script>\n<!-- \/ Yoast SEO Premium plugin. -->","yoast_head_json":{"title":"M\u00e9todos de Confiabilidad Geot\u00e9cnica en Taludes | Workshop Per\u00fa","description":"Participa en el Workshop De M\u00e9todos de Maccaferri en Per\u00fa sobre confiabilidad geot\u00e9cnica y estabilizaci\u00f3n de taludes mineros.","robots":{"index":"index","follow":"follow","max-snippet":"max-snippet:-1","max-image-preview":"max-image-preview:large","max-video-preview":"max-video-preview:-1"},"canonical":"https:\/\/www.maccaferri.com\/pe\/workshop-web-dmetodos-de-confiabilidad-geotecnica-y-medidas-de-estabilizacion-en-taludes-mineros\/","og_locale":"es_ES","og_type":"article","og_title":"M\u00e9todos de Confiabilidad Geot\u00e9cnica en Taludes | Workshop Per\u00fa","og_description":"Participa en el Workshop De M\u00e9todos de Maccaferri en Per\u00fa sobre confiabilidad geot\u00e9cnica y estabilizaci\u00f3n de taludes mineros.","og_url":"https:\/\/www.maccaferri.com\/pe\/workshop-web-dmetodos-de-confiabilidad-geotecnica-y-medidas-de-estabilizacion-en-taludes-mineros\/","og_site_name":"Maccaferri Per\u00f9","article_modified_time":"2025-03-18T02:59:31+00:00","og_image":[{"url":"https:\/\/www.maccaferri.com\/pe\/wp-content\/uploads\/2023\/06\/Metodos-de-confiabilidad-geotecnica-y-medidas-de-estabilizacion-en-taludes-mineros-scaled.jpg","type":"","width":"","height":""}],"twitter_card":"summary_large_image","twitter_misc":{"Est. reading time":"1 minute"},"schema":{"@context":"https:\/\/schema.org","@graph":[{"@type":"WebPage","@id":"https:\/\/www.maccaferri.com\/pe\/workshop-web-dmetodos-de-confiabilidad-geotecnica-y-medidas-de-estabilizacion-en-taludes-mineros\/","url":"https:\/\/www.maccaferri.com\/pe\/workshop-web-dmetodos-de-confiabilidad-geotecnica-y-medidas-de-estabilizacion-en-taludes-mineros\/","name":"M\u00e9todos de Confiabilidad Geot\u00e9cnica en Taludes | Workshop Per\u00fa","isPartOf":{"@id":"https:\/\/www.maccaferri.com\/pe\/#website"},"primaryImageOfPage":{"@id":"https:\/\/www.maccaferri.com\/pe\/workshop-web-dmetodos-de-confiabilidad-geotecnica-y-medidas-de-estabilizacion-en-taludes-mineros\/#primaryimage"},"image":{"@id":"https:\/\/www.maccaferri.com\/pe\/workshop-web-dmetodos-de-confiabilidad-geotecnica-y-medidas-de-estabilizacion-en-taludes-mineros\/#primaryimage"},"thumbnailUrl":"https:\/\/www.maccaferri.com\/pe\/wp-content\/uploads\/2023\/06\/Metodos-de-confiabilidad-geotecnica-y-medidas-de-estabilizacion-en-taludes-mineros-scaled.jpg","datePublished":"2023-06-27T19:24:47+00:00","dateModified":"2025-03-18T02:59:31+00:00","description":"Participa en el Workshop De M\u00e9todos de Maccaferri en Per\u00fa sobre confiabilidad geot\u00e9cnica y estabilizaci\u00f3n de taludes mineros.","inLanguage":"es-ES","potentialAction":[{"@type":"ReadAction","target":["https:\/\/www.maccaferri.com\/pe\/workshop-web-dmetodos-de-confiabilidad-geotecnica-y-medidas-de-estabilizacion-en-taludes-mineros\/"]}]},{"@type":"ImageObject","inLanguage":"es-ES","@id":"https:\/\/www.maccaferri.com\/pe\/workshop-web-dmetodos-de-confiabilidad-geotecnica-y-medidas-de-estabilizacion-en-taludes-mineros\/#primaryimage","url":"https:\/\/www.maccaferri.com\/pe\/wp-content\/uploads\/2023\/06\/Metodos-de-confiabilidad-geotecnica-y-medidas-de-estabilizacion-en-taludes-mineros-scaled.jpg","contentUrl":"https:\/\/www.maccaferri.com\/pe\/wp-content\/uploads\/2023\/06\/Metodos-de-confiabilidad-geotecnica-y-medidas-de-estabilizacion-en-taludes-mineros-scaled.jpg","width":2560,"height":1920},{"@type":"WebSite","@id":"https:\/\/www.maccaferri.com\/pe\/#website","url":"https:\/\/www.maccaferri.com\/pe\/","name":"Maccaferri Per\u00f9","description":"","publisher":{"@id":"https:\/\/www.maccaferri.com\/pe\/#organization"},"potentialAction":[{"@type":"SearchAction","target":{"@type":"EntryPoint","urlTemplate":"https:\/\/www.maccaferri.com\/pe\/?s={search_term_string}"},"query-input":{"@type":"PropertyValueSpecification","valueRequired":true,"valueName":"search_term_string"}}],"inLanguage":"es-ES"},{"@type":"Organization","@id":"https:\/\/www.maccaferri.com\/pe\/#organization","name":"Maccaferri Per\u00f9","url":"https:\/\/www.maccaferri.com\/pe\/","logo":{"@type":"ImageObject","inLanguage":"es-ES","@id":"https:\/\/www.maccaferri.com\/pe\/#\/schema\/logo\/image\/","url":"https:\/\/www.maccaferri.com\/pe\/wp-content\/uploads\/2022\/07\/logo-maccaferri.png","contentUrl":"https:\/\/www.maccaferri.com\/pe\/wp-content\/uploads\/2022\/07\/logo-maccaferri.png","width":152,"height":32,"caption":"Maccaferri Per\u00f9"},"image":{"@id":"https:\/\/www.maccaferri.com\/pe\/#\/schema\/logo\/image\/"}}]}},"_links":{"self":[{"href":"https:\/\/www.maccaferri.com\/pe\/wp-json\/wp\/v2\/pages\/39349","targetHints":{"allow":["GET"]}}],"collection":[{"href":"https:\/\/www.maccaferri.com\/pe\/wp-json\/wp\/v2\/pages"}],"about":[{"href":"https:\/\/www.maccaferri.com\/pe\/wp-json\/wp\/v2\/types\/page"}],"author":[{"embeddable":true,"href":"https:\/\/www.maccaferri.com\/pe\/wp-json\/wp\/v2\/users\/20"}],"replies":[{"embeddable":true,"href":"https:\/\/www.maccaferri.com\/pe\/wp-json\/wp\/v2\/comments?post=39349"}],"version-history":[{"count":3,"href":"https:\/\/www.maccaferri.com\/pe\/wp-json\/wp\/v2\/pages\/39349\/revisions"}],"predecessor-version":[{"id":52138,"href":"https:\/\/www.maccaferri.com\/pe\/wp-json\/wp\/v2\/pages\/39349\/revisions\/52138"}],"acf:post":[{"embeddable":true,"href":"https:\/\/www.maccaferri.com\/pe\/wp-json\/wp\/v2\/wpdmpro\/39351"}],"wp:attachment":[{"href":"https:\/\/www.maccaferri.com\/pe\/wp-json\/wp\/v2\/media?parent=39349"}],"curies":[{"name":"wp","href":"https:\/\/api.w.org\/{rel}","templated":true}]}}