{"id":39339,"date":"2023-06-27T21:12:32","date_gmt":"2023-06-27T19:12:32","guid":{"rendered":"https:\/\/www.maccaferri.com\/pe\/?page_id=39339"},"modified":"2023-07-25T16:48:05","modified_gmt":"2023-07-25T14:48:05","slug":"webinar-alternativas-de-solucion-con-elementos-de-doble-torsion-para-obras-de-contencion-y-proteccion-de-margenes-de-rios","status":"publish","type":"page","link":"https:\/\/www.maccaferri.com\/pe\/webinar-alternativas-de-solucion-con-elementos-de-doble-torsion-para-obras-de-contencion-y-proteccion-de-margenes-de-rios\/","title":{"rendered":"WEBINAR &#8211; Alternativas de Soluci\u00f3n con elementos de Doble Torsi\u00f3n para Obras de Contenci\u00f3n y Protecci\u00f3n de M\u00e1rgenes de R\u00edos"},"content":{"rendered":"<div class=\"wp-block-mac-h1-title-hero-block container-fluid block-txt-container\" style=\"background:linear-gradient(180deg,rgb(1,94,111) 0%,rgb(0,72,87) 100%)\"><div class=\"row\"><div class=\"col\"><div class=\"gts__picture\"><img decoding=\"async\" src=\"https:\/\/www.maccaferri.com\/pe\/wp-content\/uploads\/2023\/06\/Alternativas-de-Solucion-con-elementos-de-Doble-Torsion-para-Obras-de-Contencion-y-Proteccion-de-Margenes--scaled.jpg\" style=\"display:none\" \/><div class=\"gts__picture__image\" style=\"background-image:url(https:\/\/www.maccaferri.com\/pe\/wp-content\/uploads\/2023\/06\/Alternativas-de-Solucion-con-elementos-de-Doble-Torsion-para-Obras-de-Contencion-y-Proteccion-de-Margenes--scaled.jpg)\"><\/div><\/div><div class=\"container box-container\"><div class=\"row\"><div class=\"col title-box-txt\"><h1 class=\"wp-block-mac-h1-title-hero-block\" style=\"color:#ffffff;text-align:none\">WEBINAR<\/h1><\/div><\/div><\/div><\/div><\/div><\/div><div class=\"wp-block-mac-h2-title-block block-txt-container box-container\"><div class=\"row\"><div class=\"col title-box-txt\"><h2 style=\"color:#212429;text-align:none\">Alternativas de Soluci\u00f3n con elementos de Doble Torsi\u00f3n para Obras de Contenci\u00f3n y Protecci\u00f3n de M\u00e1rgenes de R\u00edos<\/h2><\/div><\/div><\/div><div class=\"wp-block-mac-container-block box-container\"><div class=\"wp-block-columns is-layout-flex wp-container-core-columns-is-layout-9d6595d7 wp-block-columns-is-layout-flex\"><div class=\"wp-block-column is-layout-flow wp-block-column-is-layout-flow\"><figure class=\"wp-block-embed is-type-video is-provider-vimeo wp-block-embed-vimeo wp-embed-aspect-16-9 wp-has-aspect-ratio\"><div class=\"wp-block-embed__wrapper\">\nhttps:\/\/vimeo.com\/605800478\n<\/div><\/figure><\/div><\/div><\/div><div class=\"content-document-dowload\">\n    <div class=\"container-fluid box-container\">\n        <div class=\"row\">\n            <div class=\"col-12\">\n            <h2>Descargar los documentos<\/h2>\n            <\/div>\n        <\/div>\n    <\/div>\n    <div class=\"content-fluid has-white-background-color has-background\"><div class=\"content-document-dowload box-container\"><ul><li><a href=\"https:\/\/www.maccaferri.com\/pe\/download\/slides-webinar-pe-soluciones-polimac-dt-webinar-juan-romero\/\" target=\"_blank\" title=\"Slides-Webinar-PE-SOLUCIONES POLIMAC DT - WEBINAR Juan Romero\">Slides-Webinar-PE-SOLUCIONES POLIMAC DT &#8211; WEBINAR Juan Romero<\/a><a href=\"https:\/\/www.maccaferri.com\/pe\/dashboard\" class=\"btn-dowload\" data-bs-toggle=\"tooltip\" data-bs-placement=\"top\" title=\"Slides-Webinar-PE-SOLUCIONES POLIMAC DT - WEBINAR Juan Romero\"><span class=\"material-symbols-outlined download\">sim_card_download<\/span><\/a><\/li><\/ul><\/div><\/div><\/div>\n\n<script type=\"text\/javascript\">\n    jQuery('.btn-file-download').click(function(e) {\n        e.preventDefault();\n        let idFile = jQuery(this).data('id-file');\n        window.open('https:\/\/www.maccaferri.com\/pe\/?wpdmdl=' + idFile);\n        return false;\n    });\n    \/\/tooltip\n    var tooltipTriggerList = [].slice.call(document.querySelectorAll('[data-bs-toggle=\"tooltip\"]'))\n    var tooltipList = tooltipTriggerList.map(function(tooltipTriggerEl) {\n        return new bootstrap.Tooltip(tooltipTriggerEl)\n    })\n<\/script>","protected":false},"excerpt":{"rendered":"","protected":false},"author":20,"featured_media":0,"parent":0,"menu_order":0,"comment_status":"closed","ping_status":"closed","template":"","meta":{"_acf_changed":false,"_joinchat":[],"footnotes":""},"class_list":["post-39339","page","type-page","status-publish","hentry"],"acf":{"uuid_products":"","product-documents":[52224]},"yoast_head":"<!-- This site is optimized with the Yoast SEO Premium plugin v27.0 (Yoast SEO v27.0) - https:\/\/yoast.com\/product\/yoast-seo-premium-wordpress\/ -->\n<title>WEBINAR - Alternativas de Soluci\u00f3n con elementos de Doble Torsi\u00f3n para Obras de Contenci\u00f3n y Protecci\u00f3n de M\u00e1rgenes de R\u00edos - Maccaferri Per\u00f9<\/title>\n<meta name=\"description\" content=\"WEBINAR Alternativas de Soluci\u00f3n con elementos de Doble Torsi\u00f3n para Obras de Contenci\u00f3n y Protecci\u00f3n de M\u00e1rgenes de R\u00edos\" \/>\n<meta name=\"robots\" content=\"index, follow, max-snippet:-1, max-image-preview:large, max-video-preview:-1\" \/>\n<link rel=\"canonical\" href=\"https:\/\/www.maccaferri.com\/pe\/webinar-alternativas-de-solucion-con-elementos-de-doble-torsion-para-obras-de-contencion-y-proteccion-de-margenes-de-rios\/\" \/>\n<meta property=\"og:locale\" content=\"es_ES\" \/>\n<meta property=\"og:type\" content=\"article\" \/>\n<meta property=\"og:title\" content=\"WEBINAR - Alternativas de Soluci\u00f3n con elementos de Doble Torsi\u00f3n para Obras de Contenci\u00f3n y Protecci\u00f3n de M\u00e1rgenes de R\u00edos - Maccaferri Per\u00f9\" \/>\n<meta property=\"og:description\" content=\"WEBINAR Alternativas de Soluci\u00f3n con elementos de Doble Torsi\u00f3n para Obras de Contenci\u00f3n y Protecci\u00f3n de M\u00e1rgenes de R\u00edos\" \/>\n<meta property=\"og:url\" content=\"https:\/\/www.maccaferri.com\/pe\/webinar-alternativas-de-solucion-con-elementos-de-doble-torsion-para-obras-de-contencion-y-proteccion-de-margenes-de-rios\/\" \/>\n<meta property=\"og:site_name\" content=\"Maccaferri Per\u00f9\" \/>\n<meta property=\"article:modified_time\" content=\"2023-07-25T14:48:05+00:00\" \/>\n<meta property=\"og:image\" content=\"https:\/\/www.maccaferri.com\/pe\/wp-content\/uploads\/2023\/06\/Alternativas-de-Solucion-con-elementos-de-Doble-Torsion-para-Obras-de-Contencion-y-Proteccion-de-Margenes--scaled.jpg\" \/>\n<meta name=\"twitter:card\" content=\"summary_large_image\" \/>\n<meta name=\"twitter:label1\" content=\"Est. reading time\" \/>\n\t<meta name=\"twitter:data1\" content=\"1 minute\" \/>\n<script type=\"application\/ld+json\" class=\"yoast-schema-graph\">{\"@context\":\"https:\/\/schema.org\",\"@graph\":[{\"@type\":\"WebPage\",\"@id\":\"https:\/\/www.maccaferri.com\/pe\/webinar-alternativas-de-solucion-con-elementos-de-doble-torsion-para-obras-de-contencion-y-proteccion-de-margenes-de-rios\/\",\"url\":\"https:\/\/www.maccaferri.com\/pe\/webinar-alternativas-de-solucion-con-elementos-de-doble-torsion-para-obras-de-contencion-y-proteccion-de-margenes-de-rios\/\",\"name\":\"WEBINAR - Alternativas de Soluci\u00f3n con elementos de Doble Torsi\u00f3n para Obras de Contenci\u00f3n y Protecci\u00f3n de M\u00e1rgenes de R\u00edos - Maccaferri Per\u00f9\",\"isPartOf\":{\"@id\":\"https:\/\/www.maccaferri.com\/pe\/#website\"},\"primaryImageOfPage\":{\"@id\":\"https:\/\/www.maccaferri.com\/pe\/webinar-alternativas-de-solucion-con-elementos-de-doble-torsion-para-obras-de-contencion-y-proteccion-de-margenes-de-rios\/#primaryimage\"},\"image\":{\"@id\":\"https:\/\/www.maccaferri.com\/pe\/webinar-alternativas-de-solucion-con-elementos-de-doble-torsion-para-obras-de-contencion-y-proteccion-de-margenes-de-rios\/#primaryimage\"},\"thumbnailUrl\":\"https:\/\/www.maccaferri.com\/pe\/wp-content\/uploads\/2023\/06\/Alternativas-de-Solucion-con-elementos-de-Doble-Torsion-para-Obras-de-Contencion-y-Proteccion-de-Margenes--scaled.jpg\",\"datePublished\":\"2023-06-27T19:12:32+00:00\",\"dateModified\":\"2023-07-25T14:48:05+00:00\",\"description\":\"WEBINAR Alternativas de Soluci\u00f3n con elementos de Doble Torsi\u00f3n para Obras de Contenci\u00f3n y Protecci\u00f3n de M\u00e1rgenes de R\u00edos\",\"inLanguage\":\"es-ES\",\"potentialAction\":[{\"@type\":\"ReadAction\",\"target\":[\"https:\/\/www.maccaferri.com\/pe\/webinar-alternativas-de-solucion-con-elementos-de-doble-torsion-para-obras-de-contencion-y-proteccion-de-margenes-de-rios\/\"]}]},{\"@type\":\"ImageObject\",\"inLanguage\":\"es-ES\",\"@id\":\"https:\/\/www.maccaferri.com\/pe\/webinar-alternativas-de-solucion-con-elementos-de-doble-torsion-para-obras-de-contencion-y-proteccion-de-margenes-de-rios\/#primaryimage\",\"url\":\"https:\/\/www.maccaferri.com\/pe\/wp-content\/uploads\/2023\/06\/Alternativas-de-Solucion-con-elementos-de-Doble-Torsion-para-Obras-de-Contencion-y-Proteccion-de-Margenes--scaled.jpg\",\"contentUrl\":\"https:\/\/www.maccaferri.com\/pe\/wp-content\/uploads\/2023\/06\/Alternativas-de-Solucion-con-elementos-de-Doble-Torsion-para-Obras-de-Contencion-y-Proteccion-de-Margenes--scaled.jpg\",\"width\":2560,\"height\":1440},{\"@type\":\"WebSite\",\"@id\":\"https:\/\/www.maccaferri.com\/pe\/#website\",\"url\":\"https:\/\/www.maccaferri.com\/pe\/\",\"name\":\"Maccaferri Per\u00f9\",\"description\":\"\",\"publisher\":{\"@id\":\"https:\/\/www.maccaferri.com\/pe\/#organization\"},\"potentialAction\":[{\"@type\":\"SearchAction\",\"target\":{\"@type\":\"EntryPoint\",\"urlTemplate\":\"https:\/\/www.maccaferri.com\/pe\/?s={search_term_string}\"},\"query-input\":{\"@type\":\"PropertyValueSpecification\",\"valueRequired\":true,\"valueName\":\"search_term_string\"}}],\"inLanguage\":\"es-ES\"},{\"@type\":\"Organization\",\"@id\":\"https:\/\/www.maccaferri.com\/pe\/#organization\",\"name\":\"Maccaferri Per\u00f9\",\"url\":\"https:\/\/www.maccaferri.com\/pe\/\",\"logo\":{\"@type\":\"ImageObject\",\"inLanguage\":\"es-ES\",\"@id\":\"https:\/\/www.maccaferri.com\/pe\/#\/schema\/logo\/image\/\",\"url\":\"https:\/\/www.maccaferri.com\/pe\/wp-content\/uploads\/2022\/07\/logo-maccaferri.png\",\"contentUrl\":\"https:\/\/www.maccaferri.com\/pe\/wp-content\/uploads\/2022\/07\/logo-maccaferri.png\",\"width\":152,\"height\":32,\"caption\":\"Maccaferri Per\u00f9\"},\"image\":{\"@id\":\"https:\/\/www.maccaferri.com\/pe\/#\/schema\/logo\/image\/\"}}]}<\/script>\n<!-- \/ Yoast SEO Premium plugin. -->","yoast_head_json":{"title":"WEBINAR - Alternativas de Soluci\u00f3n con elementos de Doble Torsi\u00f3n para Obras de Contenci\u00f3n y Protecci\u00f3n de M\u00e1rgenes de R\u00edos - Maccaferri Per\u00f9","description":"WEBINAR Alternativas de Soluci\u00f3n con elementos de Doble Torsi\u00f3n para Obras de Contenci\u00f3n y Protecci\u00f3n de M\u00e1rgenes de R\u00edos","robots":{"index":"index","follow":"follow","max-snippet":"max-snippet:-1","max-image-preview":"max-image-preview:large","max-video-preview":"max-video-preview:-1"},"canonical":"https:\/\/www.maccaferri.com\/pe\/webinar-alternativas-de-solucion-con-elementos-de-doble-torsion-para-obras-de-contencion-y-proteccion-de-margenes-de-rios\/","og_locale":"es_ES","og_type":"article","og_title":"WEBINAR - Alternativas de Soluci\u00f3n con elementos de Doble Torsi\u00f3n para Obras de Contenci\u00f3n y Protecci\u00f3n de M\u00e1rgenes de R\u00edos - Maccaferri Per\u00f9","og_description":"WEBINAR Alternativas de Soluci\u00f3n con elementos de Doble Torsi\u00f3n para Obras de Contenci\u00f3n y Protecci\u00f3n de M\u00e1rgenes de R\u00edos","og_url":"https:\/\/www.maccaferri.com\/pe\/webinar-alternativas-de-solucion-con-elementos-de-doble-torsion-para-obras-de-contencion-y-proteccion-de-margenes-de-rios\/","og_site_name":"Maccaferri Per\u00f9","article_modified_time":"2023-07-25T14:48:05+00:00","og_image":[{"url":"https:\/\/www.maccaferri.com\/pe\/wp-content\/uploads\/2023\/06\/Alternativas-de-Solucion-con-elementos-de-Doble-Torsion-para-Obras-de-Contencion-y-Proteccion-de-Margenes--scaled.jpg","type":"","width":"","height":""}],"twitter_card":"summary_large_image","twitter_misc":{"Est. reading time":"1 minute"},"schema":{"@context":"https:\/\/schema.org","@graph":[{"@type":"WebPage","@id":"https:\/\/www.maccaferri.com\/pe\/webinar-alternativas-de-solucion-con-elementos-de-doble-torsion-para-obras-de-contencion-y-proteccion-de-margenes-de-rios\/","url":"https:\/\/www.maccaferri.com\/pe\/webinar-alternativas-de-solucion-con-elementos-de-doble-torsion-para-obras-de-contencion-y-proteccion-de-margenes-de-rios\/","name":"WEBINAR - Alternativas de Soluci\u00f3n con elementos de Doble Torsi\u00f3n para Obras de Contenci\u00f3n y Protecci\u00f3n de M\u00e1rgenes de R\u00edos - Maccaferri Per\u00f9","isPartOf":{"@id":"https:\/\/www.maccaferri.com\/pe\/#website"},"primaryImageOfPage":{"@id":"https:\/\/www.maccaferri.com\/pe\/webinar-alternativas-de-solucion-con-elementos-de-doble-torsion-para-obras-de-contencion-y-proteccion-de-margenes-de-rios\/#primaryimage"},"image":{"@id":"https:\/\/www.maccaferri.com\/pe\/webinar-alternativas-de-solucion-con-elementos-de-doble-torsion-para-obras-de-contencion-y-proteccion-de-margenes-de-rios\/#primaryimage"},"thumbnailUrl":"https:\/\/www.maccaferri.com\/pe\/wp-content\/uploads\/2023\/06\/Alternativas-de-Solucion-con-elementos-de-Doble-Torsion-para-Obras-de-Contencion-y-Proteccion-de-Margenes--scaled.jpg","datePublished":"2023-06-27T19:12:32+00:00","dateModified":"2023-07-25T14:48:05+00:00","description":"WEBINAR Alternativas de Soluci\u00f3n con elementos de Doble Torsi\u00f3n para Obras de Contenci\u00f3n y Protecci\u00f3n de M\u00e1rgenes de R\u00edos","inLanguage":"es-ES","potentialAction":[{"@type":"ReadAction","target":["https:\/\/www.maccaferri.com\/pe\/webinar-alternativas-de-solucion-con-elementos-de-doble-torsion-para-obras-de-contencion-y-proteccion-de-margenes-de-rios\/"]}]},{"@type":"ImageObject","inLanguage":"es-ES","@id":"https:\/\/www.maccaferri.com\/pe\/webinar-alternativas-de-solucion-con-elementos-de-doble-torsion-para-obras-de-contencion-y-proteccion-de-margenes-de-rios\/#primaryimage","url":"https:\/\/www.maccaferri.com\/pe\/wp-content\/uploads\/2023\/06\/Alternativas-de-Solucion-con-elementos-de-Doble-Torsion-para-Obras-de-Contencion-y-Proteccion-de-Margenes--scaled.jpg","contentUrl":"https:\/\/www.maccaferri.com\/pe\/wp-content\/uploads\/2023\/06\/Alternativas-de-Solucion-con-elementos-de-Doble-Torsion-para-Obras-de-Contencion-y-Proteccion-de-Margenes--scaled.jpg","width":2560,"height":1440},{"@type":"WebSite","@id":"https:\/\/www.maccaferri.com\/pe\/#website","url":"https:\/\/www.maccaferri.com\/pe\/","name":"Maccaferri Per\u00f9","description":"","publisher":{"@id":"https:\/\/www.maccaferri.com\/pe\/#organization"},"potentialAction":[{"@type":"SearchAction","target":{"@type":"EntryPoint","urlTemplate":"https:\/\/www.maccaferri.com\/pe\/?s={search_term_string}"},"query-input":{"@type":"PropertyValueSpecification","valueRequired":true,"valueName":"search_term_string"}}],"inLanguage":"es-ES"},{"@type":"Organization","@id":"https:\/\/www.maccaferri.com\/pe\/#organization","name":"Maccaferri Per\u00f9","url":"https:\/\/www.maccaferri.com\/pe\/","logo":{"@type":"ImageObject","inLanguage":"es-ES","@id":"https:\/\/www.maccaferri.com\/pe\/#\/schema\/logo\/image\/","url":"https:\/\/www.maccaferri.com\/pe\/wp-content\/uploads\/2022\/07\/logo-maccaferri.png","contentUrl":"https:\/\/www.maccaferri.com\/pe\/wp-content\/uploads\/2022\/07\/logo-maccaferri.png","width":152,"height":32,"caption":"Maccaferri Per\u00f9"},"image":{"@id":"https:\/\/www.maccaferri.com\/pe\/#\/schema\/logo\/image\/"}}]}},"_links":{"self":[{"href":"https:\/\/www.maccaferri.com\/pe\/wp-json\/wp\/v2\/pages\/39339","targetHints":{"allow":["GET"]}}],"collection":[{"href":"https:\/\/www.maccaferri.com\/pe\/wp-json\/wp\/v2\/pages"}],"about":[{"href":"https:\/\/www.maccaferri.com\/pe\/wp-json\/wp\/v2\/types\/page"}],"author":[{"embeddable":true,"href":"https:\/\/www.maccaferri.com\/pe\/wp-json\/wp\/v2\/users\/20"}],"replies":[{"embeddable":true,"href":"https:\/\/www.maccaferri.com\/pe\/wp-json\/wp\/v2\/comments?post=39339"}],"version-history":[{"count":4,"href":"https:\/\/www.maccaferri.com\/pe\/wp-json\/wp\/v2\/pages\/39339\/revisions"}],"predecessor-version":[{"id":52242,"href":"https:\/\/www.maccaferri.com\/pe\/wp-json\/wp\/v2\/pages\/39339\/revisions\/52242"}],"acf:post":[{"embeddable":true,"href":"https:\/\/www.maccaferri.com\/pe\/wp-json\/wp\/v2\/wpdmpro\/52224"}],"wp:attachment":[{"href":"https:\/\/www.maccaferri.com\/pe\/wp-json\/wp\/v2\/media?parent=39339"}],"curies":[{"name":"wp","href":"https:\/\/api.w.org\/{rel}","templated":true}]}}