{"id":39285,"date":"2023-06-27T20:32:26","date_gmt":"2023-06-27T18:32:26","guid":{"rendered":"https:\/\/www.maccaferri.com\/pe\/?page_id=39285"},"modified":"2023-07-25T16:14:25","modified_gmt":"2023-07-25T14:14:25","slug":"webinar-estabilizacion-de-suelos-con-geosinteticos-en-obras-viales","status":"publish","type":"page","link":"https:\/\/www.maccaferri.com\/pe\/webinar-estabilizacion-de-suelos-con-geosinteticos-en-obras-viales\/","title":{"rendered":"WEBINAR &#8211; Estabilizaci\u00f3n de Suelos con Geosint\u00e9ticos en Obras Viales"},"content":{"rendered":"<div class=\"wp-block-mac-h1-title-hero-block container-fluid block-txt-container\" style=\"background:linear-gradient(180deg,rgb(1,94,111) 0%,rgb(0,72,87) 100%)\"><div class=\"row\"><div class=\"col\"><div class=\"gts__picture\"><img decoding=\"async\" src=\"https:\/\/www.maccaferri.com\/pe\/wp-content\/uploads\/2023\/06\/Estabilizacion-de-Suelos-con-Geosinteticos-en-Obras-Viales.jpg\" style=\"display:none\" \/><div class=\"gts__picture__image\" style=\"background-image:url(https:\/\/www.maccaferri.com\/pe\/wp-content\/uploads\/2023\/06\/Estabilizacion-de-Suelos-con-Geosinteticos-en-Obras-Viales.jpg)\"><\/div><\/div><div class=\"container box-container\"><div class=\"row\"><div class=\"col title-box-txt\"><h1 class=\"wp-block-mac-h1-title-hero-block\" style=\"color:#ffffff;text-align:none\">WEBINAR<\/h1><\/div><\/div><\/div><\/div><\/div><\/div><div class=\"wp-block-mac-h2-title-block block-txt-container box-container\"><div class=\"row\"><div class=\"col title-box-txt\"><h2 style=\"color:#212429;text-align:none\">Estabilizaci\u00f3n de Suelos con Geosint\u00e9ticos en Obras Viales<\/h2><\/div><\/div><\/div><div class=\"wp-block-mac-container-block box-container\"><div class=\"wp-block-columns is-layout-flex wp-container-core-columns-is-layout-9d6595d7 wp-block-columns-is-layout-flex\"><div class=\"wp-block-column is-layout-flow wp-block-column-is-layout-flow\"><figure class=\"wp-block-embed is-type-video is-provider-vimeo wp-block-embed-vimeo wp-embed-aspect-16-9 wp-has-aspect-ratio\"><div class=\"wp-block-embed__wrapper\">\nhttps:\/\/vimeo.com\/543234464\n<\/div><\/figure><\/div><\/div><\/div><div class=\"content-document-dowload\">\n    <div class=\"container-fluid box-container\">\n        <div class=\"row\">\n            <div class=\"col-12\">\n            <h2>Descargar los documentos<\/h2>\n            <\/div>\n        <\/div>\n    <\/div>\n    <div class=\"content-fluid has-white-background-color has-background\"><div class=\"content-document-dowload box-container\"><ul><li><a href=\"https:\/\/www.maccaferri.com\/pe\/download\/slides-estabilizacion-de-suelos-con-geosinteticos-en-obras-viales\/\" target=\"_blank\" title=\"Slides -Estabilizaci\u00f3n de Suelos con Geosint\u00e9ticos en Obras Viales\">Slides -Estabilizaci\u00f3n de Suelos con Geosint\u00e9ticos en Obras Viales<\/a><a href=\"https:\/\/www.maccaferri.com\/pe\/dashboard\" class=\"btn-dowload\" data-bs-toggle=\"tooltip\" data-bs-placement=\"top\" title=\"Slides -Estabilizaci\u00f3n de Suelos con Geosint\u00e9ticos en Obras Viales\"><span class=\"material-symbols-outlined download\">sim_card_download<\/span><\/a><\/li><\/ul><\/div><\/div><\/div>\n\n<script type=\"text\/javascript\">\n    jQuery('.btn-file-download').click(function(e) {\n        e.preventDefault();\n        let idFile = jQuery(this).data('id-file');\n        window.open('https:\/\/www.maccaferri.com\/pe\/?wpdmdl=' + idFile);\n        return false;\n    });\n    \/\/tooltip\n    var tooltipTriggerList = [].slice.call(document.querySelectorAll('[data-bs-toggle=\"tooltip\"]'))\n    var tooltipList = tooltipTriggerList.map(function(tooltipTriggerEl) {\n        return new bootstrap.Tooltip(tooltipTriggerEl)\n    })\n<\/script>","protected":false},"excerpt":{"rendered":"","protected":false},"author":20,"featured_media":0,"parent":0,"menu_order":0,"comment_status":"closed","ping_status":"closed","template":"","meta":{"_acf_changed":false,"_joinchat":[],"footnotes":""},"class_list":["post-39285","page","type-page","status-publish","hentry"],"acf":{"uuid_products":"","product-documents":[39286]},"yoast_head":"<!-- This site is optimized with the Yoast SEO Premium plugin v27.0 (Yoast SEO v27.0) - https:\/\/yoast.com\/product\/yoast-seo-premium-wordpress\/ -->\n<title>WEBINAR - Estabilizaci\u00f3n de Suelos con Geosint\u00e9ticos en Obras Viales - Maccaferri Per\u00f9<\/title>\n<meta name=\"description\" content=\"WEBINAR  Estabilizaci\u00f3n de Suelos con Geosint\u00e9ticos en Obras Viales    https:\/\/vimeo.com\/543234464\" \/>\n<meta name=\"robots\" content=\"index, follow, max-snippet:-1, max-image-preview:large, max-video-preview:-1\" \/>\n<link rel=\"canonical\" href=\"https:\/\/www.maccaferri.com\/pe\/webinar-estabilizacion-de-suelos-con-geosinteticos-en-obras-viales\/\" \/>\n<meta property=\"og:locale\" content=\"es_ES\" \/>\n<meta property=\"og:type\" content=\"article\" \/>\n<meta property=\"og:title\" content=\"WEBINAR - Estabilizaci\u00f3n de Suelos con Geosint\u00e9ticos en Obras Viales - Maccaferri Per\u00f9\" \/>\n<meta property=\"og:description\" content=\"WEBINAR  Estabilizaci\u00f3n de Suelos con Geosint\u00e9ticos en Obras Viales    https:\/\/vimeo.com\/543234464\" \/>\n<meta property=\"og:url\" content=\"https:\/\/www.maccaferri.com\/pe\/webinar-estabilizacion-de-suelos-con-geosinteticos-en-obras-viales\/\" \/>\n<meta property=\"og:site_name\" content=\"Maccaferri Per\u00f9\" \/>\n<meta property=\"article:modified_time\" content=\"2023-07-25T14:14:25+00:00\" \/>\n<meta property=\"og:image\" content=\"https:\/\/www.maccaferri.com\/pe\/wp-content\/uploads\/2023\/06\/Estabilizacion-de-Suelos-con-Geosinteticos-en-Obras-Viales.jpg\" \/>\n<meta name=\"twitter:card\" content=\"summary_large_image\" \/>\n<meta name=\"twitter:label1\" content=\"Est. reading time\" \/>\n\t<meta name=\"twitter:data1\" content=\"1 minute\" \/>\n<script type=\"application\/ld+json\" class=\"yoast-schema-graph\">{\"@context\":\"https:\/\/schema.org\",\"@graph\":[{\"@type\":\"WebPage\",\"@id\":\"https:\/\/www.maccaferri.com\/pe\/webinar-estabilizacion-de-suelos-con-geosinteticos-en-obras-viales\/\",\"url\":\"https:\/\/www.maccaferri.com\/pe\/webinar-estabilizacion-de-suelos-con-geosinteticos-en-obras-viales\/\",\"name\":\"WEBINAR - Estabilizaci\u00f3n de Suelos con Geosint\u00e9ticos en Obras Viales - Maccaferri Per\u00f9\",\"isPartOf\":{\"@id\":\"https:\/\/www.maccaferri.com\/pe\/#website\"},\"primaryImageOfPage\":{\"@id\":\"https:\/\/www.maccaferri.com\/pe\/webinar-estabilizacion-de-suelos-con-geosinteticos-en-obras-viales\/#primaryimage\"},\"image\":{\"@id\":\"https:\/\/www.maccaferri.com\/pe\/webinar-estabilizacion-de-suelos-con-geosinteticos-en-obras-viales\/#primaryimage\"},\"thumbnailUrl\":\"https:\/\/www.maccaferri.com\/pe\/wp-content\/uploads\/2023\/06\/Estabilizacion-de-Suelos-con-Geosinteticos-en-Obras-Viales.jpg\",\"datePublished\":\"2023-06-27T18:32:26+00:00\",\"dateModified\":\"2023-07-25T14:14:25+00:00\",\"description\":\"WEBINAR Estabilizaci\u00f3n de Suelos con Geosint\u00e9ticos en Obras Viales https:\/\/vimeo.com\/543234464\",\"inLanguage\":\"es-ES\",\"potentialAction\":[{\"@type\":\"ReadAction\",\"target\":[\"https:\/\/www.maccaferri.com\/pe\/webinar-estabilizacion-de-suelos-con-geosinteticos-en-obras-viales\/\"]}]},{\"@type\":\"ImageObject\",\"inLanguage\":\"es-ES\",\"@id\":\"https:\/\/www.maccaferri.com\/pe\/webinar-estabilizacion-de-suelos-con-geosinteticos-en-obras-viales\/#primaryimage\",\"url\":\"https:\/\/www.maccaferri.com\/pe\/wp-content\/uploads\/2023\/06\/Estabilizacion-de-Suelos-con-Geosinteticos-en-Obras-Viales.jpg\",\"contentUrl\":\"https:\/\/www.maccaferri.com\/pe\/wp-content\/uploads\/2023\/06\/Estabilizacion-de-Suelos-con-Geosinteticos-en-Obras-Viales.jpg\",\"width\":2048,\"height\":2048},{\"@type\":\"WebSite\",\"@id\":\"https:\/\/www.maccaferri.com\/pe\/#website\",\"url\":\"https:\/\/www.maccaferri.com\/pe\/\",\"name\":\"Maccaferri Per\u00f9\",\"description\":\"\",\"publisher\":{\"@id\":\"https:\/\/www.maccaferri.com\/pe\/#organization\"},\"potentialAction\":[{\"@type\":\"SearchAction\",\"target\":{\"@type\":\"EntryPoint\",\"urlTemplate\":\"https:\/\/www.maccaferri.com\/pe\/?s={search_term_string}\"},\"query-input\":{\"@type\":\"PropertyValueSpecification\",\"valueRequired\":true,\"valueName\":\"search_term_string\"}}],\"inLanguage\":\"es-ES\"},{\"@type\":\"Organization\",\"@id\":\"https:\/\/www.maccaferri.com\/pe\/#organization\",\"name\":\"Maccaferri Per\u00f9\",\"url\":\"https:\/\/www.maccaferri.com\/pe\/\",\"logo\":{\"@type\":\"ImageObject\",\"inLanguage\":\"es-ES\",\"@id\":\"https:\/\/www.maccaferri.com\/pe\/#\/schema\/logo\/image\/\",\"url\":\"https:\/\/www.maccaferri.com\/pe\/wp-content\/uploads\/2022\/07\/logo-maccaferri.png\",\"contentUrl\":\"https:\/\/www.maccaferri.com\/pe\/wp-content\/uploads\/2022\/07\/logo-maccaferri.png\",\"width\":152,\"height\":32,\"caption\":\"Maccaferri Per\u00f9\"},\"image\":{\"@id\":\"https:\/\/www.maccaferri.com\/pe\/#\/schema\/logo\/image\/\"}}]}<\/script>\n<!-- \/ Yoast SEO Premium plugin. -->","yoast_head_json":{"title":"WEBINAR - Estabilizaci\u00f3n de Suelos con Geosint\u00e9ticos en Obras Viales - Maccaferri Per\u00f9","description":"WEBINAR  Estabilizaci\u00f3n de Suelos con Geosint\u00e9ticos en Obras Viales    https:\/\/vimeo.com\/543234464","robots":{"index":"index","follow":"follow","max-snippet":"max-snippet:-1","max-image-preview":"max-image-preview:large","max-video-preview":"max-video-preview:-1"},"canonical":"https:\/\/www.maccaferri.com\/pe\/webinar-estabilizacion-de-suelos-con-geosinteticos-en-obras-viales\/","og_locale":"es_ES","og_type":"article","og_title":"WEBINAR - Estabilizaci\u00f3n de Suelos con Geosint\u00e9ticos en Obras Viales - Maccaferri Per\u00f9","og_description":"WEBINAR  Estabilizaci\u00f3n de Suelos con Geosint\u00e9ticos en Obras Viales    https:\/\/vimeo.com\/543234464","og_url":"https:\/\/www.maccaferri.com\/pe\/webinar-estabilizacion-de-suelos-con-geosinteticos-en-obras-viales\/","og_site_name":"Maccaferri Per\u00f9","article_modified_time":"2023-07-25T14:14:25+00:00","og_image":[{"url":"https:\/\/www.maccaferri.com\/pe\/wp-content\/uploads\/2023\/06\/Estabilizacion-de-Suelos-con-Geosinteticos-en-Obras-Viales.jpg","type":"","width":"","height":""}],"twitter_card":"summary_large_image","twitter_misc":{"Est. reading time":"1 minute"},"schema":{"@context":"https:\/\/schema.org","@graph":[{"@type":"WebPage","@id":"https:\/\/www.maccaferri.com\/pe\/webinar-estabilizacion-de-suelos-con-geosinteticos-en-obras-viales\/","url":"https:\/\/www.maccaferri.com\/pe\/webinar-estabilizacion-de-suelos-con-geosinteticos-en-obras-viales\/","name":"WEBINAR - Estabilizaci\u00f3n de Suelos con Geosint\u00e9ticos en Obras Viales - Maccaferri Per\u00f9","isPartOf":{"@id":"https:\/\/www.maccaferri.com\/pe\/#website"},"primaryImageOfPage":{"@id":"https:\/\/www.maccaferri.com\/pe\/webinar-estabilizacion-de-suelos-con-geosinteticos-en-obras-viales\/#primaryimage"},"image":{"@id":"https:\/\/www.maccaferri.com\/pe\/webinar-estabilizacion-de-suelos-con-geosinteticos-en-obras-viales\/#primaryimage"},"thumbnailUrl":"https:\/\/www.maccaferri.com\/pe\/wp-content\/uploads\/2023\/06\/Estabilizacion-de-Suelos-con-Geosinteticos-en-Obras-Viales.jpg","datePublished":"2023-06-27T18:32:26+00:00","dateModified":"2023-07-25T14:14:25+00:00","description":"WEBINAR Estabilizaci\u00f3n de Suelos con Geosint\u00e9ticos en Obras Viales https:\/\/vimeo.com\/543234464","inLanguage":"es-ES","potentialAction":[{"@type":"ReadAction","target":["https:\/\/www.maccaferri.com\/pe\/webinar-estabilizacion-de-suelos-con-geosinteticos-en-obras-viales\/"]}]},{"@type":"ImageObject","inLanguage":"es-ES","@id":"https:\/\/www.maccaferri.com\/pe\/webinar-estabilizacion-de-suelos-con-geosinteticos-en-obras-viales\/#primaryimage","url":"https:\/\/www.maccaferri.com\/pe\/wp-content\/uploads\/2023\/06\/Estabilizacion-de-Suelos-con-Geosinteticos-en-Obras-Viales.jpg","contentUrl":"https:\/\/www.maccaferri.com\/pe\/wp-content\/uploads\/2023\/06\/Estabilizacion-de-Suelos-con-Geosinteticos-en-Obras-Viales.jpg","width":2048,"height":2048},{"@type":"WebSite","@id":"https:\/\/www.maccaferri.com\/pe\/#website","url":"https:\/\/www.maccaferri.com\/pe\/","name":"Maccaferri Per\u00f9","description":"","publisher":{"@id":"https:\/\/www.maccaferri.com\/pe\/#organization"},"potentialAction":[{"@type":"SearchAction","target":{"@type":"EntryPoint","urlTemplate":"https:\/\/www.maccaferri.com\/pe\/?s={search_term_string}"},"query-input":{"@type":"PropertyValueSpecification","valueRequired":true,"valueName":"search_term_string"}}],"inLanguage":"es-ES"},{"@type":"Organization","@id":"https:\/\/www.maccaferri.com\/pe\/#organization","name":"Maccaferri Per\u00f9","url":"https:\/\/www.maccaferri.com\/pe\/","logo":{"@type":"ImageObject","inLanguage":"es-ES","@id":"https:\/\/www.maccaferri.com\/pe\/#\/schema\/logo\/image\/","url":"https:\/\/www.maccaferri.com\/pe\/wp-content\/uploads\/2022\/07\/logo-maccaferri.png","contentUrl":"https:\/\/www.maccaferri.com\/pe\/wp-content\/uploads\/2022\/07\/logo-maccaferri.png","width":152,"height":32,"caption":"Maccaferri Per\u00f9"},"image":{"@id":"https:\/\/www.maccaferri.com\/pe\/#\/schema\/logo\/image\/"}}]}},"_links":{"self":[{"href":"https:\/\/www.maccaferri.com\/pe\/wp-json\/wp\/v2\/pages\/39285","targetHints":{"allow":["GET"]}}],"collection":[{"href":"https:\/\/www.maccaferri.com\/pe\/wp-json\/wp\/v2\/pages"}],"about":[{"href":"https:\/\/www.maccaferri.com\/pe\/wp-json\/wp\/v2\/types\/page"}],"author":[{"embeddable":true,"href":"https:\/\/www.maccaferri.com\/pe\/wp-json\/wp\/v2\/users\/20"}],"replies":[{"embeddable":true,"href":"https:\/\/www.maccaferri.com\/pe\/wp-json\/wp\/v2\/comments?post=39285"}],"version-history":[{"count":3,"href":"https:\/\/www.maccaferri.com\/pe\/wp-json\/wp\/v2\/pages\/39285\/revisions"}],"predecessor-version":[{"id":52171,"href":"https:\/\/www.maccaferri.com\/pe\/wp-json\/wp\/v2\/pages\/39285\/revisions\/52171"}],"acf:post":[{"embeddable":true,"href":"https:\/\/www.maccaferri.com\/pe\/wp-json\/wp\/v2\/wpdmpro\/39286"}],"wp:attachment":[{"href":"https:\/\/www.maccaferri.com\/pe\/wp-json\/wp\/v2\/media?parent=39285"}],"curies":[{"name":"wp","href":"https:\/\/api.w.org\/{rel}","templated":true}]}}